{"id":14945,"date":"2025-10-07T07:39:51","date_gmt":"2025-10-07T07:39:51","guid":{"rendered":"https:\/\/xenonkungen.com\/?post_type=product&#038;p=14945"},"modified":"2026-03-11T08:19:08","modified_gmt":"2026-03-11T07:19:08","slug":"luxtar-relekaapelisarja-dt-3-x2-12v-80a-rele","status":"publish","type":"product","link":"https:\/\/xenonkungen.com\/fi\/tuote\/luxtar-relekaapelisarja-dt-3-x2-12v-80a-rele\/","title":{"rendered":"Luxtar releen kaapelisarja DT-3 X2 | 12V | 80A releet"},"content":{"rendered":"<h2>Luxtar-relekaapelisarja DT-3 \u2013 Tehokas ja luotettava ratkaisu s\u00e4hk\u00f6asennuksiisi<\/h2>\n<p>P\u00e4ivit\u00e4 s\u00e4hk\u00f6asennuksesi turvallisesti ja luotettavasti Luxtar Relay -johtosarjalla DT-3 X2. T\u00e4m\u00e4 tehokas johtosarja sopii erinomaisesti kaikkiin ajoneuvoihin, jotka tarvitsevat vankan relej\u00e4rjestelm\u00e4n, erityisesti lis\u00e4valoja, ty\u00f6valoja ja muita s\u00e4hk\u00f6laitteita varten.<\/p>\n<h3>T\u00e4rkeimm\u00e4t ominaisuudet:<\/h3>\n<ul>\n<li><strong>Tehokkaat releet:<\/strong> Varustettu DT-3-releell\u00e4, joka pystyy k\u00e4sittelem\u00e4\u00e4n jopa 80 A ja tarjoaa luotettavan virransy\u00f6t\u00f6n laitteillesi.<\/li>\n<li><strong>Korkealaatuiset sulakkeet:<\/strong> Mukana 40 A:n sulakkeet, jotka suojaavat laitteitasi ja takaavat pitk\u00e4aikaisen kest\u00e4vyyden.<\/li>\n<li><strong>Yleisk\u00e4ytt\u00f6inen:<\/strong>\u00a0Sopii useimpiin 12 V:n j\u00e4rjestelmiin ja sopii k\u00e4ytett\u00e4v\u00e4ksi autoissa, kuorma-autoissa, veneiss\u00e4 ja maastoajoneuvoissa.<\/li>\n<li><strong>Helppo asennus:<\/strong>\u00a0Toimitetaan t\u00e4ydellisen kaapelisarjan kanssa sujuvan ja ongelmattoman asennuksen varmistamiseksi.<\/li>\n<\/ul>\n<p>Luxtar Relay Cable Kit on ammattimainen ratkaisu, jossa yhdistyv\u00e4t sek\u00e4 teho ett\u00e4 turvallisuus, mik\u00e4 tekee siit\u00e4 itsest\u00e4\u00e4n selv\u00e4n valinnan kaikkiin 12 V:n s\u00e4hk\u00f6projekteihisi.<\/p>\n<p><strong>Tilaa Luxtar-relekaapelisarja DT-3 jo t\u00e4n\u00e4\u00e4n ja koe suorituskyvyn ero!<\/strong><\/p>\n<h2>Tuotteen sis\u00e4lt\u00f6:<\/h2>\n<ul>\n<li>2 kpl 3-nastaisia kontaktoituja DT-liittimi\u00e4<\/li>\n<li>1 x 80 A rele, 12 V<\/li>\n<li>Maksimiteho 500 W<\/li>\n<li>Musta kaapeli \u2013 1 metri<\/li>\n<li>Musta maadoituskaapeli \u2013 0,5 + 2 metri\u00e4<\/li>\n<li>Punainen virtajohto 40 A:n sulakkeenpitimell\u00e4 \u2013 1 metri<\/li>\n<li>Sininen ohjausjohto - 1 metri<\/li>\n<li>Punainen kaapeli \u2013 1 metri<\/li>\n<li>Valkoinen paikannuskaapeli - 1 metri<\/li>\n<\/ul>","protected":false},"excerpt":{"rendered":"<p>Luxtar Rel\u00e4kabelsats DT-3 \u2013 Kraftfull och p\u00e5litlig l\u00f6sning f\u00f6r dina elinstallationer Ge dina elektriska installationer en s\u00e4ker och p\u00e5litlig uppgradering med Luxtar Rel\u00e4kabelsats DT-3 X2. Denna h\u00f6gpresterande kabelsats \u00e4r idealisk f\u00f6r alla fordon som kr\u00e4ver ett robust rel\u00e4system, s\u00e4rskilt f\u00f6r extra belysning, arbetsljus, och andra elektriska tillbeh\u00f6r. Nyckelfunktioner: Kraftfulla rel\u00e4er: Utrustad med ett DT-3 rel\u00e4er [&hellip;]<\/p>","protected":false},"featured_media":14946,"comment_status":"open","ping_status":"closed","template":"","meta":{"_acf_changed":false,"_smort_price_nok":"475","_smort_price_dkk":"302","_smort_price_eur":"40.45","_smort_sale_price_nok":"","_smort_sale_price_dkk":"","_smort_sale_price_eur":"","smort_restorder":"","shipmondo_restorder":"","_kad_blocks_custom_css":"","_kad_blocks_head_custom_js":"","_kad_blocks_body_custom_js":"","_kad_blocks_footer_custom_js":"","smort_custom_pricelist_1":"284.8","smort_custom_pricelist_2":"249.2","smort_custom_pricelist_3":"231.4","smort_custom_pricelist_4":"356","smort_custom_pricelist_5":"249.2"},"anvandningsomrade":[],"bilmarken":[],"product_brand":[103],"product_cat":[2841,2828,2795,2826,2821,2796,2491,2489,2490,390],"product_tag":[],"class_list":{"0":"post-14945","1":"product","2":"type-product","3":"status-publish","4":"has-post-thumbnail","6":"product_brand-luxtar","7":"product_cat-installation-extraljus","8":"product_cat-installation-led-ramper","9":"product_cat-kablar-rela","10":"product_cat-luxtar","11":"product_cat-luxtar-relakabelsatser","12":"product_cat-relakabelsatser","13":"product_cat-relasats","14":"product_cat-relasats-extraljus","15":"product_cat-relasats-2","16":"product_cat-installation","17":"pa_lampsockel-kontakt-dt-3","18":"pa_volt-v-159","20":"first","21":"instock","22":"taxable","23":"shipping-taxable","24":"purchasable","25":"product-type-simple"},"bundled_by":[],"bundle_stock_status":"instock","bundle_stock_quantity":88,"bundle_virtual":false,"bundle_layout":"","bundle_add_to_cart_form_location":"","bundle_editable_in_cart":false,"bundle_sold_individually_context":"","bundle_item_grouping":"","bundle_min_size":"","bundle_max_size":"","bundle_price":[],"bundled_items":[],"bundle_sell_ids":[],"acf":[],"yoast_head":"<!-- This site is optimized with the Yoast SEO plugin v27.0 - https:\/\/yoast.com\/product\/yoast-seo-wordpress\/ -->\n<title>Luxtar Rel\u00e4kabelsats DT-3 X2 | 12V | 80A Rel\u00e4 - Xenonkungen<\/title>\n<meta name=\"robots\" content=\"index, follow, max-snippet:-1, max-image-preview:large, max-video-preview:-1\" \/>\n<link rel=\"canonical\" href=\"https:\/\/xenonkungen.com\/fi\/tuote\/luxtar-relekaapelisarja-dt-3-x2-12v-80a-rele\/\" \/>\n<meta property=\"og:locale\" content=\"fi_FI\" \/>\n<meta property=\"og:type\" content=\"article\" \/>\n<meta property=\"og:title\" content=\"Luxtar Rel\u00e4kabelsats DT-3 X2 | 12V | 80A Rel\u00e4 - Xenonkungen\" \/>\n<meta property=\"og:description\" content=\"Luxtar Rel\u00e4kabelsats DT-3 \u2013 Kraftfull och p\u00e5litlig l\u00f6sning f\u00f6r dina elinstallationer Ge dina elektriska installationer en s\u00e4ker och p\u00e5litlig uppgradering med Luxtar Rel\u00e4kabelsats DT-3 X2. Denna h\u00f6gpresterande kabelsats \u00e4r idealisk f\u00f6r alla fordon som kr\u00e4ver ett robust rel\u00e4system, s\u00e4rskilt f\u00f6r extra belysning, arbetsljus, och andra elektriska tillbeh\u00f6r. Nyckelfunktioner: Kraftfulla rel\u00e4er: Utrustad med ett DT-3 rel\u00e4er [&hellip;]\" \/>\n<meta property=\"og:url\" content=\"https:\/\/xenonkungen.com\/fi\/tuote\/luxtar-relekaapelisarja-dt-3-x2-12v-80a-rele\/\" \/>\n<meta property=\"og:site_name\" content=\"Xenonkungen\" \/>\n<meta property=\"article:modified_time\" content=\"2026-03-11T07:19:08+00:00\" \/>\n<meta property=\"og:image\" content=\"https:\/\/xenonkungen.com\/wp-content\/uploads\/2025\/10\/RELAKABELSATS-LUXTAR-DT-3x2st-Kabel-12V-40-60A-ArtNr-103215-XK259421-Org-PNNG-V2-2000px-1024x771.png\" \/>\n\t<meta property=\"og:image:width\" content=\"1024\" \/>\n\t<meta property=\"og:image:height\" content=\"771\" \/>\n\t<meta property=\"og:image:type\" content=\"image\/png\" \/>\n<meta name=\"twitter:card\" content=\"summary_large_image\" \/>\n<meta name=\"twitter:label1\" content=\"Arvioitu lukuaika\" \/>\n\t<meta name=\"twitter:data1\" content=\"2 minuuttia\" \/>\n<script type=\"application\/ld+json\" class=\"yoast-schema-graph\">{\"@context\":\"https:\/\/schema.org\",\"@graph\":[{\"@type\":\"WebPage\",\"@id\":\"https:\/\/xenonkungen.com\/produkt\/luxtar-relakabelsats-dt-3-x2-12v-80a-rela\/\",\"url\":\"https:\/\/xenonkungen.com\/produkt\/luxtar-relakabelsats-dt-3-x2-12v-80a-rela\/\",\"name\":\"Luxtar Rel\u00e4kabelsats DT-3 X2 | 12V | 80A Rel\u00e4 - Xenonkungen\",\"isPartOf\":{\"@id\":\"https:\/\/xenonkungen.com\/#website\"},\"primaryImageOfPage\":{\"@id\":\"https:\/\/xenonkungen.com\/produkt\/luxtar-relakabelsats-dt-3-x2-12v-80a-rela\/#primaryimage\"},\"image\":{\"@id\":\"https:\/\/xenonkungen.com\/produkt\/luxtar-relakabelsats-dt-3-x2-12v-80a-rela\/#primaryimage\"},\"thumbnailUrl\":\"https:\/\/xenonkungen.com\/wp-content\/uploads\/2025\/10\/RELAKABELSATS-LUXTAR-DT-3x2st-Kabel-12V-40-60A-ArtNr-103215-XK259421-Org-PNNG-V2-2000px.png\",\"datePublished\":\"2025-10-07T07:39:51+00:00\",\"dateModified\":\"2026-03-11T07:19:08+00:00\",\"breadcrumb\":{\"@id\":\"https:\/\/xenonkungen.com\/produkt\/luxtar-relakabelsats-dt-3-x2-12v-80a-rela\/#breadcrumb\"},\"inLanguage\":\"fi\",\"potentialAction\":[{\"@type\":\"ReadAction\",\"target\":[\"https:\/\/xenonkungen.com\/produkt\/luxtar-relakabelsats-dt-3-x2-12v-80a-rela\/\"]}]},{\"@type\":\"ImageObject\",\"inLanguage\":\"fi\",\"@id\":\"https:\/\/xenonkungen.com\/produkt\/luxtar-relakabelsats-dt-3-x2-12v-80a-rela\/#primaryimage\",\"url\":\"https:\/\/xenonkungen.com\/wp-content\/uploads\/2025\/10\/RELAKABELSATS-LUXTAR-DT-3x2st-Kabel-12V-40-60A-ArtNr-103215-XK259421-Org-PNNG-V2-2000px.png\",\"contentUrl\":\"https:\/\/xenonkungen.com\/wp-content\/uploads\/2025\/10\/RELAKABELSATS-LUXTAR-DT-3x2st-Kabel-12V-40-60A-ArtNr-103215-XK259421-Org-PNNG-V2-2000px.png\",\"width\":2200,\"height\":1657},{\"@type\":\"BreadcrumbList\",\"@id\":\"https:\/\/xenonkungen.com\/produkt\/luxtar-relakabelsats-dt-3-x2-12v-80a-rela\/#breadcrumb\",\"itemListElement\":[{\"@type\":\"ListItem\",\"position\":1,\"name\":\"Hem\",\"item\":\"https:\/\/xenonkungen.com\/\"},{\"@type\":\"ListItem\",\"position\":2,\"name\":\"Shop\",\"item\":\"https:\/\/xenonkungen.com\/shop\/\"},{\"@type\":\"ListItem\",\"position\":3,\"name\":\"Luxtar Rel\u00e4kabelsats DT-3 X2 | 12V | 80A Rel\u00e4\"}]},{\"@type\":\"WebSite\",\"@id\":\"https:\/\/xenonkungen.com\/#website\",\"url\":\"https:\/\/xenonkungen.com\/\",\"name\":\"Xenonkungen\",\"description\":\"\",\"potentialAction\":[{\"@type\":\"SearchAction\",\"target\":{\"@type\":\"EntryPoint\",\"urlTemplate\":\"https:\/\/xenonkungen.com\/?s={search_term_string}\"},\"query-input\":{\"@type\":\"PropertyValueSpecification\",\"valueRequired\":true,\"valueName\":\"search_term_string\"}}],\"inLanguage\":\"fi\"}]}<\/script>\n<!-- \/ Yoast SEO plugin. -->","yoast_head_json":{"title":"Luxtar-relekaapelisarja DT-3 X2 | 12V | 80A Rele - Xenonkungen","robots":{"index":"index","follow":"follow","max-snippet":"max-snippet:-1","max-image-preview":"max-image-preview:large","max-video-preview":"max-video-preview:-1"},"canonical":"https:\/\/xenonkungen.com\/fi\/tuote\/luxtar-relekaapelisarja-dt-3-x2-12v-80a-rele\/","og_locale":"fi_FI","og_type":"article","og_title":"Luxtar Rel\u00e4kabelsats DT-3 X2 | 12V | 80A Rel\u00e4 - Xenonkungen","og_description":"Luxtar Rel\u00e4kabelsats DT-3 \u2013 Kraftfull och p\u00e5litlig l\u00f6sning f\u00f6r dina elinstallationer Ge dina elektriska installationer en s\u00e4ker och p\u00e5litlig uppgradering med Luxtar Rel\u00e4kabelsats DT-3 X2. Denna h\u00f6gpresterande kabelsats \u00e4r idealisk f\u00f6r alla fordon som kr\u00e4ver ett robust rel\u00e4system, s\u00e4rskilt f\u00f6r extra belysning, arbetsljus, och andra elektriska tillbeh\u00f6r. Nyckelfunktioner: Kraftfulla rel\u00e4er: Utrustad med ett DT-3 rel\u00e4er [&hellip;]","og_url":"https:\/\/xenonkungen.com\/fi\/tuote\/luxtar-relekaapelisarja-dt-3-x2-12v-80a-rele\/","og_site_name":"Xenonkungen","article_modified_time":"2026-03-11T07:19:08+00:00","og_image":[{"width":1024,"height":771,"url":"https:\/\/xenonkungen.com\/wp-content\/uploads\/2025\/10\/RELAKABELSATS-LUXTAR-DT-3x2st-Kabel-12V-40-60A-ArtNr-103215-XK259421-Org-PNNG-V2-2000px-1024x771.png","type":"image\/png"}],"twitter_card":"summary_large_image","twitter_misc":{"Arvioitu lukuaika":"2 minuuttia"},"schema":{"@context":"https:\/\/schema.org","@graph":[{"@type":"WebPage","@id":"https:\/\/xenonkungen.com\/produkt\/luxtar-relakabelsats-dt-3-x2-12v-80a-rela\/","url":"https:\/\/xenonkungen.com\/produkt\/luxtar-relakabelsats-dt-3-x2-12v-80a-rela\/","name":"Luxtar-relekaapelisarja DT-3 X2 | 12V | 80A Rele - Xenonkungen","isPartOf":{"@id":"https:\/\/xenonkungen.com\/#website"},"primaryImageOfPage":{"@id":"https:\/\/xenonkungen.com\/produkt\/luxtar-relakabelsats-dt-3-x2-12v-80a-rela\/#primaryimage"},"image":{"@id":"https:\/\/xenonkungen.com\/produkt\/luxtar-relakabelsats-dt-3-x2-12v-80a-rela\/#primaryimage"},"thumbnailUrl":"https:\/\/xenonkungen.com\/wp-content\/uploads\/2025\/10\/RELAKABELSATS-LUXTAR-DT-3x2st-Kabel-12V-40-60A-ArtNr-103215-XK259421-Org-PNNG-V2-2000px.png","datePublished":"2025-10-07T07:39:51+00:00","dateModified":"2026-03-11T07:19:08+00:00","breadcrumb":{"@id":"https:\/\/xenonkungen.com\/produkt\/luxtar-relakabelsats-dt-3-x2-12v-80a-rela\/#breadcrumb"},"inLanguage":"fi","potentialAction":[{"@type":"ReadAction","target":["https:\/\/xenonkungen.com\/produkt\/luxtar-relakabelsats-dt-3-x2-12v-80a-rela\/"]}]},{"@type":"ImageObject","inLanguage":"fi","@id":"https:\/\/xenonkungen.com\/produkt\/luxtar-relakabelsats-dt-3-x2-12v-80a-rela\/#primaryimage","url":"https:\/\/xenonkungen.com\/wp-content\/uploads\/2025\/10\/RELAKABELSATS-LUXTAR-DT-3x2st-Kabel-12V-40-60A-ArtNr-103215-XK259421-Org-PNNG-V2-2000px.png","contentUrl":"https:\/\/xenonkungen.com\/wp-content\/uploads\/2025\/10\/RELAKABELSATS-LUXTAR-DT-3x2st-Kabel-12V-40-60A-ArtNr-103215-XK259421-Org-PNNG-V2-2000px.png","width":2200,"height":1657},{"@type":"BreadcrumbList","@id":"https:\/\/xenonkungen.com\/produkt\/luxtar-relakabelsats-dt-3-x2-12v-80a-rela\/#breadcrumb","itemListElement":[{"@type":"ListItem","position":1,"name":"Hem","item":"https:\/\/xenonkungen.com\/"},{"@type":"ListItem","position":2,"name":"Shop","item":"https:\/\/xenonkungen.com\/shop\/"},{"@type":"ListItem","position":3,"name":"Luxtar Rel\u00e4kabelsats DT-3 X2 | 12V | 80A Rel\u00e4"}]},{"@type":"WebSite","@id":"https:\/\/xenonkungen.com\/#website","url":"https:\/\/xenonkungen.com\/","name":"Xenonkungen","description":"","potentialAction":[{"@type":"SearchAction","target":{"@type":"EntryPoint","urlTemplate":"https:\/\/xenonkungen.com\/?s={search_term_string}"},"query-input":{"@type":"PropertyValueSpecification","valueRequired":true,"valueName":"search_term_string"}}],"inLanguage":"fi"}]}},"taxonomy_info":{"product_brand":[{"value":103,"label":"LUXTAR"}],"product_cat":[{"value":2841,"label":"Installation extraljus"},{"value":2828,"label":"Installation LED-ramper"},{"value":2795,"label":"Kablar och Rel\u00e4"},{"value":2826,"label":"LUXTAR"},{"value":2821,"label":"Luxtar - Rel\u00e4kabelsatser"},{"value":2796,"label":"Rel\u00e4kabelsatser"},{"value":2491,"label":"Rel\u00e4sats"},{"value":2489,"label":"Rel\u00e4satser"},{"value":2490,"label":"Rel\u00e4satser"},{"value":390,"label":"Installation"}],"pa_lampsockel-kontakt":[{"value":2147,"label":"DT-3"}],"pa_volt-v":[{"value":159,"label":"12"}]},"featured_image_src_large":["https:\/\/xenonkungen.com\/wp-content\/uploads\/2025\/10\/RELAKABELSATS-LUXTAR-DT-3x2st-Kabel-12V-40-60A-ArtNr-103215-XK259421-Org-PNNG-V2-2000px-1024x771.png",1024,771,true],"author_info":[],"comment_info":0,"_links":{"self":[{"href":"https:\/\/xenonkungen.com\/fi\/wp-json\/wp\/v2\/product\/14945","targetHints":{"allow":["GET"]}}],"collection":[{"href":"https:\/\/xenonkungen.com\/fi\/wp-json\/wp\/v2\/product"}],"about":[{"href":"https:\/\/xenonkungen.com\/fi\/wp-json\/wp\/v2\/types\/product"}],"replies":[{"embeddable":true,"href":"https:\/\/xenonkungen.com\/fi\/wp-json\/wp\/v2\/comments?post=14945"}],"wp:featuredmedia":[{"embeddable":true,"href":"https:\/\/xenonkungen.com\/fi\/wp-json\/wp\/v2\/media\/14946"}],"wp:attachment":[{"href":"https:\/\/xenonkungen.com\/fi\/wp-json\/wp\/v2\/media?parent=14945"}],"wp:term":[{"taxonomy":"anvandningsomrade","embeddable":true,"href":"https:\/\/xenonkungen.com\/fi\/wp-json\/wp\/v2\/anvandningsomrade?post=14945"},{"taxonomy":"bilmarken","embeddable":true,"href":"https:\/\/xenonkungen.com\/fi\/wp-json\/wp\/v2\/bilmarken?post=14945"},{"taxonomy":"product_brand","embeddable":true,"href":"https:\/\/xenonkungen.com\/fi\/wp-json\/wp\/v2\/product_brand?post=14945"},{"taxonomy":"product_cat","embeddable":true,"href":"https:\/\/xenonkungen.com\/fi\/wp-json\/wp\/v2\/product_cat?post=14945"},{"taxonomy":"product_tag","embeddable":true,"href":"https:\/\/xenonkungen.com\/fi\/wp-json\/wp\/v2\/product_tag?post=14945"}],"curies":[{"name":"wp","href":"https:\/\/api.w.org\/{rel}","templated":true}]}}