{"id":15211,"date":"2025-10-09T09:17:10","date_gmt":"2025-10-09T09:17:10","guid":{"rendered":"https:\/\/xenonkungen.com\/?post_type=product&#038;p=15211"},"modified":"2026-05-13T07:53:13","modified_gmt":"2026-05-13T06:53:13","slug":"osram-h7-halogeeni-kohdevalo-duo-box-2-kpl","status":"publish","type":"product","link":"https:\/\/xenonkungen.com\/fi\/tuote\/osram-h7-halogeeni-kohdevalo-duo-box-2-kpl\/","title":{"rendered":"OSRAM - H7 halogeenivalonheitin - Duo box - 2-PAKKAUS"},"content":{"rendered":"<h3 data-start=\"112\" data-end=\"169\">OSRAM COOL BLUE INTENSE \u2013 Halogeenilamppu LED-loisteella<\/h3>\n<p data-start=\"171\" data-end=\"496\">Koe extravalkoista valoa ja modernia tyyli\u00e4 OSRAM COOL BLUE INTENSE -halogeenilampulla \u2013 huipputeknologisella halogeenilampulla, joka tuottaa l\u00e4hes LED-luokan valoa. Jopa 5 000 K:n v\u00e4ril\u00e4mp\u00f6tilallaan lamppu tarjoaa tehokkaan, viile\u00e4n valkoisen valon, joka muistuttaa p\u00e4iv\u00e4nvaloa \u2013 t\u00e4ydellinen niille, jotka haluavat maksimaalisen n\u00e4kyvyyden ja tyylikk\u00e4\u00e4n ilmeen tiell\u00e4.<\/p>\n<p data-start=\"498\" data-end=\"698\">Suurikontrastinen valokuvio tekee y\u00f6ajosta mukavampaa ja v\u00e4hent\u00e4\u00e4 silmien v\u00e4symist\u00e4 verrattuna tavallisiin valoihin. Samalla saat jopa 100 prosenttia kirkkaamman valon kuin ECE:n v\u00e4himm\u00e4isvaatimukset edellytt\u00e4v\u00e4t.<\/p>\n<p data-start=\"700\" data-end=\"882\">Modernin muotoilunsa ja hopeisen yl\u00e4osansa (H4\/H7\/H8\/H11\/HB4) ansiosta COOL BLUE INTENSE on t\u00e4ydellinen valinta autoihin, joissa on kirkaslasiset ajovalot, ja se antaa autollesi elegantin ja eksklusiivisen ilmeen.<\/p>\n<hr data-start=\"884\" data-end=\"887\" \/>\n<p data-start=\"889\" data-end=\"920\"><strong data-start=\"889\" data-end=\"918\">Tekniset tiedot:<\/strong><\/p>\n<ul data-start=\"921\" data-end=\"1023\">\n<li data-start=\"921\" data-end=\"937\">\n<p data-start=\"923\" data-end=\"937\">Teho: 55 W<\/p>\n<\/li>\n<li data-start=\"938\" data-end=\"962\">\n<p data-start=\"940\" data-end=\"962\">Testij\u00e4nnite: 13,2 V<\/p>\n<\/li>\n<li data-start=\"963\" data-end=\"986\">\n<p data-start=\"965\" data-end=\"986\">Valovirta: 1 500 lm<\/p>\n<\/li>\n<li data-start=\"987\" data-end=\"1023\">\n<p data-start=\"989\" data-end=\"1023\">V\u00e4ril\u00e4mp\u00f6tila: jopa 5 000 K<\/p>\n<\/li>\n<\/ul>\n<hr data-start=\"1025\" data-end=\"1028\" \/>\n<p data-start=\"1030\" data-end=\"1246\"><strong data-start=\"1030\" data-end=\"1043\">Edut:<\/strong><br data-start=\"1043\" data-end=\"1046\" \/>Eritt\u00e4in valkoinen valo jopa 5 000 K<br data-start=\"1078\" data-end=\"1081\" \/>LED-tyyppinen ulkon\u00e4k\u00f6 ja moderni muotoilu<br data-start=\"1116\" data-end=\"1119\" \/>Jopa 100 prosenttia kirkkaampi valo kuin tavallisessa n\u00e4yt\u00f6ss\u00e4<br data-start=\"1165\" data-end=\"1168\" \/>Miellytt\u00e4v\u00e4mpi ja kontrastirikkaampi valokuva<br data-start=\"1208\" data-end=\"1211\" \/>T\u00e4ydellinen muotoilutietoisille kuljettajille<\/p>","protected":false},"excerpt":{"rendered":"<p>OSRAM COOL BLUE INTENSE \u2013 Halogenlampa med LED-look Upplev extra vitt ljus och modern stil med OSRAM COOL BLUE INTENSE \u2013 en h\u00f6gteknologisk halogenlampa som levererar ett ljus i n\u00e4stan LED-klass. Med en f\u00e4rgtemperatur p\u00e5 upp till 5 000 K ger lampan ett kraftfullt, kallvitt sken som p\u00e5minner om dagsljus \u2013 perfekt f\u00f6r dig som [&hellip;]<\/p>","protected":false},"featured_media":15214,"comment_status":"open","ping_status":"closed","template":"","meta":{"_acf_changed":false,"_smort_price_nok":"246","_smort_price_dkk":"156","_smort_price_eur":"20.91","_smort_sale_price_nok":"","_smort_sale_price_dkk":"","_smort_sale_price_eur":"","smort_restorder":"","shipmondo_restorder":"","_kad_blocks_custom_css":"","_kad_blocks_head_custom_js":"","_kad_blocks_body_custom_js":"","_kad_blocks_footer_custom_js":"","smort_custom_pricelist_1":"147.2","smort_custom_pricelist_2":"128.8","smort_custom_pricelist_3":"119.6","smort_custom_pricelist_4":"184","smort_custom_pricelist_5":"128.8"},"anvandningsomrade":[],"bilmarken":[],"product_brand":[108],"product_cat":[2543,844,733],"product_tag":[],"class_list":{"0":"post-15211","1":"product","2":"type-product","3":"status-publish","4":"has-post-thumbnail","6":"product_brand-osram","7":"product_cat-halogen-halvljus-helljus","8":"product_cat-halogen","9":"product_cat-halvljus-helljus","10":"pa_faktisk-effekts-forbrukning-841","11":"pa_fargtemperatur-5000k","12":"pa_lampsockel-kontakt-h7","13":"pa_lampsockel-kontakt-px26d","14":"pa_volt-v-159","16":"first","17":"instock","18":"taxable","19":"shipping-taxable","20":"purchasable","21":"product-type-simple"},"bundled_by":[],"bundle_stock_status":"instock","bundle_stock_quantity":2,"bundle_virtual":false,"bundle_layout":"","bundle_add_to_cart_form_location":"","bundle_editable_in_cart":false,"bundle_sold_individually_context":"","bundle_item_grouping":"","bundle_min_size":"","bundle_max_size":"","bundle_price":[],"bundled_items":[],"bundle_sell_ids":[],"acf":[],"yoast_head":"<!-- This site is optimized with the Yoast SEO plugin v27.0 - https:\/\/yoast.com\/product\/yoast-seo-wordpress\/ -->\n<title>OSRAM - H7 Halogenstr\u00e5lkastarlampa - Duo box - 2-PACK - Xenonkungen<\/title>\n<meta name=\"robots\" content=\"index, follow, max-snippet:-1, max-image-preview:large, max-video-preview:-1\" \/>\n<link rel=\"canonical\" href=\"https:\/\/xenonkungen.com\/fi\/tuote\/osram-h7-halogeeni-kohdevalo-duo-box-2-kpl\/\" \/>\n<meta property=\"og:locale\" content=\"fi_FI\" \/>\n<meta property=\"og:type\" content=\"article\" \/>\n<meta property=\"og:title\" content=\"OSRAM - H7 Halogenstr\u00e5lkastarlampa - Duo box - 2-PACK - Xenonkungen\" \/>\n<meta property=\"og:description\" content=\"OSRAM COOL BLUE INTENSE \u2013 Halogenlampa med LED-look Upplev extra vitt ljus och modern stil med OSRAM COOL BLUE INTENSE \u2013 en h\u00f6gteknologisk halogenlampa som levererar ett ljus i n\u00e4stan LED-klass. Med en f\u00e4rgtemperatur p\u00e5 upp till 5 000 K ger lampan ett kraftfullt, kallvitt sken som p\u00e5minner om dagsljus \u2013 perfekt f\u00f6r dig som [&hellip;]\" \/>\n<meta property=\"og:url\" content=\"https:\/\/xenonkungen.com\/fi\/tuote\/osram-h7-halogeeni-kohdevalo-duo-box-2-kpl\/\" \/>\n<meta property=\"og:site_name\" content=\"Xenonkungen\" \/>\n<meta property=\"article:modified_time\" content=\"2026-05-13T06:53:13+00:00\" \/>\n<meta property=\"og:image\" content=\"https:\/\/xenonkungen.com\/wp-content\/uploads\/2025\/10\/Small-for-web-and-ppt-Composing_4062172387538_15127725_AM_2HB_64210CBN_2B_MiG_OSRAM_02.jpg\" \/>\n\t<meta property=\"og:image:width\" content=\"1024\" \/>\n\t<meta property=\"og:image:height\" content=\"1024\" \/>\n\t<meta property=\"og:image:type\" content=\"image\/jpeg\" \/>\n<meta name=\"twitter:card\" content=\"summary_large_image\" \/>\n<meta name=\"twitter:label1\" content=\"Arvioitu lukuaika\" \/>\n\t<meta name=\"twitter:data1\" content=\"2 minuuttia\" \/>\n<script type=\"application\/ld+json\" class=\"yoast-schema-graph\">{\"@context\":\"https:\/\/schema.org\",\"@graph\":[{\"@type\":\"WebPage\",\"@id\":\"https:\/\/xenonkungen.com\/produkt\/osram-h7-halogenstralkastarlampa-duo-box-2-pack\/\",\"url\":\"https:\/\/xenonkungen.com\/produkt\/osram-h7-halogenstralkastarlampa-duo-box-2-pack\/\",\"name\":\"OSRAM - H7 Halogenstr\u00e5lkastarlampa - Duo box - 2-PACK - Xenonkungen\",\"isPartOf\":{\"@id\":\"https:\/\/xenonkungen.com\/#website\"},\"primaryImageOfPage\":{\"@id\":\"https:\/\/xenonkungen.com\/produkt\/osram-h7-halogenstralkastarlampa-duo-box-2-pack\/#primaryimage\"},\"image\":{\"@id\":\"https:\/\/xenonkungen.com\/produkt\/osram-h7-halogenstralkastarlampa-duo-box-2-pack\/#primaryimage\"},\"thumbnailUrl\":\"https:\/\/xenonkungen.com\/wp-content\/uploads\/2025\/10\/Small-for-web-and-ppt-Composing_4062172387538_15127725_AM_2HB_64210CBN_2B_MiG_OSRAM_02.jpg\",\"datePublished\":\"2025-10-09T09:17:10+00:00\",\"dateModified\":\"2026-05-13T06:53:13+00:00\",\"breadcrumb\":{\"@id\":\"https:\/\/xenonkungen.com\/produkt\/osram-h7-halogenstralkastarlampa-duo-box-2-pack\/#breadcrumb\"},\"inLanguage\":\"fi\",\"potentialAction\":[{\"@type\":\"ReadAction\",\"target\":[\"https:\/\/xenonkungen.com\/produkt\/osram-h7-halogenstralkastarlampa-duo-box-2-pack\/\"]}]},{\"@type\":\"ImageObject\",\"inLanguage\":\"fi\",\"@id\":\"https:\/\/xenonkungen.com\/produkt\/osram-h7-halogenstralkastarlampa-duo-box-2-pack\/#primaryimage\",\"url\":\"https:\/\/xenonkungen.com\/wp-content\/uploads\/2025\/10\/Small-for-web-and-ppt-Composing_4062172387538_15127725_AM_2HB_64210CBN_2B_MiG_OSRAM_02.jpg\",\"contentUrl\":\"https:\/\/xenonkungen.com\/wp-content\/uploads\/2025\/10\/Small-for-web-and-ppt-Composing_4062172387538_15127725_AM_2HB_64210CBN_2B_MiG_OSRAM_02.jpg\",\"width\":1024,\"height\":1024},{\"@type\":\"BreadcrumbList\",\"@id\":\"https:\/\/xenonkungen.com\/produkt\/osram-h7-halogenstralkastarlampa-duo-box-2-pack\/#breadcrumb\",\"itemListElement\":[{\"@type\":\"ListItem\",\"position\":1,\"name\":\"Hem\",\"item\":\"https:\/\/xenonkungen.com\/\"},{\"@type\":\"ListItem\",\"position\":2,\"name\":\"Shop\",\"item\":\"https:\/\/xenonkungen.com\/shop\/\"},{\"@type\":\"ListItem\",\"position\":3,\"name\":\"OSRAM &#8211; H7 Halogenstr\u00e5lkastarlampa &#8211; Duo box &#8211; 2-PACK\"}]},{\"@type\":\"WebSite\",\"@id\":\"https:\/\/xenonkungen.com\/#website\",\"url\":\"https:\/\/xenonkungen.com\/\",\"name\":\"Xenonkungen\",\"description\":\"\",\"potentialAction\":[{\"@type\":\"SearchAction\",\"target\":{\"@type\":\"EntryPoint\",\"urlTemplate\":\"https:\/\/xenonkungen.com\/?s={search_term_string}\"},\"query-input\":{\"@type\":\"PropertyValueSpecification\",\"valueRequired\":true,\"valueName\":\"search_term_string\"}}],\"inLanguage\":\"fi\"}]}<\/script>\n<!-- \/ Yoast SEO plugin. -->","yoast_head_json":{"title":"OSRAM - H7 halogeenivalopolttimo - Duo box - 2-PACK - Xenonkungen","robots":{"index":"index","follow":"follow","max-snippet":"max-snippet:-1","max-image-preview":"max-image-preview:large","max-video-preview":"max-video-preview:-1"},"canonical":"https:\/\/xenonkungen.com\/fi\/tuote\/osram-h7-halogeeni-kohdevalo-duo-box-2-kpl\/","og_locale":"fi_FI","og_type":"article","og_title":"OSRAM - H7 Halogenstr\u00e5lkastarlampa - Duo box - 2-PACK - Xenonkungen","og_description":"OSRAM COOL BLUE INTENSE \u2013 Halogenlampa med LED-look Upplev extra vitt ljus och modern stil med OSRAM COOL BLUE INTENSE \u2013 en h\u00f6gteknologisk halogenlampa som levererar ett ljus i n\u00e4stan LED-klass. Med en f\u00e4rgtemperatur p\u00e5 upp till 5 000 K ger lampan ett kraftfullt, kallvitt sken som p\u00e5minner om dagsljus \u2013 perfekt f\u00f6r dig som [&hellip;]","og_url":"https:\/\/xenonkungen.com\/fi\/tuote\/osram-h7-halogeeni-kohdevalo-duo-box-2-kpl\/","og_site_name":"Xenonkungen","article_modified_time":"2026-05-13T06:53:13+00:00","og_image":[{"width":1024,"height":1024,"url":"https:\/\/xenonkungen.com\/wp-content\/uploads\/2025\/10\/Small-for-web-and-ppt-Composing_4062172387538_15127725_AM_2HB_64210CBN_2B_MiG_OSRAM_02.jpg","type":"image\/jpeg"}],"twitter_card":"summary_large_image","twitter_misc":{"Arvioitu lukuaika":"2 minuuttia"},"schema":{"@context":"https:\/\/schema.org","@graph":[{"@type":"WebPage","@id":"https:\/\/xenonkungen.com\/produkt\/osram-h7-halogenstralkastarlampa-duo-box-2-pack\/","url":"https:\/\/xenonkungen.com\/produkt\/osram-h7-halogenstralkastarlampa-duo-box-2-pack\/","name":"OSRAM - H7 halogeenivalopolttimo - Duo box - 2-PACK - Xenonkungen","isPartOf":{"@id":"https:\/\/xenonkungen.com\/#website"},"primaryImageOfPage":{"@id":"https:\/\/xenonkungen.com\/produkt\/osram-h7-halogenstralkastarlampa-duo-box-2-pack\/#primaryimage"},"image":{"@id":"https:\/\/xenonkungen.com\/produkt\/osram-h7-halogenstralkastarlampa-duo-box-2-pack\/#primaryimage"},"thumbnailUrl":"https:\/\/xenonkungen.com\/wp-content\/uploads\/2025\/10\/Small-for-web-and-ppt-Composing_4062172387538_15127725_AM_2HB_64210CBN_2B_MiG_OSRAM_02.jpg","datePublished":"2025-10-09T09:17:10+00:00","dateModified":"2026-05-13T06:53:13+00:00","breadcrumb":{"@id":"https:\/\/xenonkungen.com\/produkt\/osram-h7-halogenstralkastarlampa-duo-box-2-pack\/#breadcrumb"},"inLanguage":"fi","potentialAction":[{"@type":"ReadAction","target":["https:\/\/xenonkungen.com\/produkt\/osram-h7-halogenstralkastarlampa-duo-box-2-pack\/"]}]},{"@type":"ImageObject","inLanguage":"fi","@id":"https:\/\/xenonkungen.com\/produkt\/osram-h7-halogenstralkastarlampa-duo-box-2-pack\/#primaryimage","url":"https:\/\/xenonkungen.com\/wp-content\/uploads\/2025\/10\/Small-for-web-and-ppt-Composing_4062172387538_15127725_AM_2HB_64210CBN_2B_MiG_OSRAM_02.jpg","contentUrl":"https:\/\/xenonkungen.com\/wp-content\/uploads\/2025\/10\/Small-for-web-and-ppt-Composing_4062172387538_15127725_AM_2HB_64210CBN_2B_MiG_OSRAM_02.jpg","width":1024,"height":1024},{"@type":"BreadcrumbList","@id":"https:\/\/xenonkungen.com\/produkt\/osram-h7-halogenstralkastarlampa-duo-box-2-pack\/#breadcrumb","itemListElement":[{"@type":"ListItem","position":1,"name":"Hem","item":"https:\/\/xenonkungen.com\/"},{"@type":"ListItem","position":2,"name":"Shop","item":"https:\/\/xenonkungen.com\/shop\/"},{"@type":"ListItem","position":3,"name":"OSRAM &#8211; H7 Halogenstr\u00e5lkastarlampa &#8211; Duo box &#8211; 2-PACK"}]},{"@type":"WebSite","@id":"https:\/\/xenonkungen.com\/#website","url":"https:\/\/xenonkungen.com\/","name":"Xenonkungen","description":"","potentialAction":[{"@type":"SearchAction","target":{"@type":"EntryPoint","urlTemplate":"https:\/\/xenonkungen.com\/?s={search_term_string}"},"query-input":{"@type":"PropertyValueSpecification","valueRequired":true,"valueName":"search_term_string"}}],"inLanguage":"fi"}]}},"taxonomy_info":{"product_brand":[{"value":108,"label":"OSRAM"}],"product_cat":[{"value":2543,"label":"Halogen"},{"value":844,"label":"Halogen"},{"value":733,"label":"Halvljus \/ Helljus"}],"pa_faktisk-effekts-forbrukning":[{"value":841,"label":"55"}],"pa_fargtemperatur":[{"value":154,"label":"5000K"}],"pa_lampsockel-kontakt":[{"value":206,"label":"H7"},{"value":2150,"label":"PX26d"}],"pa_volt-v":[{"value":159,"label":"12"}]},"featured_image_src_large":["https:\/\/xenonkungen.com\/wp-content\/uploads\/2025\/10\/Small-for-web-and-ppt-Composing_4062172387538_15127725_AM_2HB_64210CBN_2B_MiG_OSRAM_02.jpg",1024,1024,false],"author_info":[],"comment_info":3,"_links":{"self":[{"href":"https:\/\/xenonkungen.com\/fi\/wp-json\/wp\/v2\/product\/15211","targetHints":{"allow":["GET"]}}],"collection":[{"href":"https:\/\/xenonkungen.com\/fi\/wp-json\/wp\/v2\/product"}],"about":[{"href":"https:\/\/xenonkungen.com\/fi\/wp-json\/wp\/v2\/types\/product"}],"replies":[{"embeddable":true,"href":"https:\/\/xenonkungen.com\/fi\/wp-json\/wp\/v2\/comments?post=15211"}],"wp:featuredmedia":[{"embeddable":true,"href":"https:\/\/xenonkungen.com\/fi\/wp-json\/wp\/v2\/media\/15214"}],"wp:attachment":[{"href":"https:\/\/xenonkungen.com\/fi\/wp-json\/wp\/v2\/media?parent=15211"}],"wp:term":[{"taxonomy":"anvandningsomrade","embeddable":true,"href":"https:\/\/xenonkungen.com\/fi\/wp-json\/wp\/v2\/anvandningsomrade?post=15211"},{"taxonomy":"bilmarken","embeddable":true,"href":"https:\/\/xenonkungen.com\/fi\/wp-json\/wp\/v2\/bilmarken?post=15211"},{"taxonomy":"product_brand","embeddable":true,"href":"https:\/\/xenonkungen.com\/fi\/wp-json\/wp\/v2\/product_brand?post=15211"},{"taxonomy":"product_cat","embeddable":true,"href":"https:\/\/xenonkungen.com\/fi\/wp-json\/wp\/v2\/product_cat?post=15211"},{"taxonomy":"product_tag","embeddable":true,"href":"https:\/\/xenonkungen.com\/fi\/wp-json\/wp\/v2\/product_tag?post=15211"}],"curies":[{"name":"wp","href":"https:\/\/api.w.org\/{rel}","templated":true}]}}