{"id":15238,"date":"2025-10-09T13:53:31","date_gmt":"2025-10-09T13:53:31","guid":{"rendered":"https:\/\/xenonkungen.com\/?post_type=product&#038;p=15238"},"modified":"2026-03-27T17:18:29","modified_gmt":"2026-03-27T16:18:29","slug":"osram-led-inspect-slim-500","status":"publish","type":"product","link":"https:\/\/xenonkungen.com\/fi\/tuote\/osram-led-inspect-slim-500\/","title":{"rendered":"OSRAM LEDinspect SLIM 500"},"content":{"rendered":"<h3 data-start=\"160\" data-end=\"234\">OSRAM LEDinspect SLIM 500 \u2013 Monipuolinen ja tehokas tarkastuslamppu<\/h3>\n<p data-start=\"236\" data-end=\"419\">Valo on monik\u00e4ytt\u00f6ist\u00e4 \u2013 ja sen <strong data-start=\"265\" data-end=\"294\">OSRAM LEDinspect SLIM 500<\/strong> saatko sellaisen <strong data-start=\"305\" data-end=\"363\">joustava, kest\u00e4v\u00e4 ja ammattimainen tarkastuslamppu<\/strong> joka sopii yht\u00e4 hyvin ty\u00f6pajaan kuin kotik\u00e4ytt\u00f6\u00f6nkin.<\/p>\n<p data-start=\"421\" data-end=\"657\">Valaisimessa on kolme erilaista valotilaa: <strong data-start=\"458\" data-end=\"465\">korkea<\/strong> jopa 500 lumenilla, <strong data-start=\"490\" data-end=\"497\">matala<\/strong> jopa 250 lumenilla ja <strong data-start=\"529\" data-end=\"550\">taskulampputoiminto<\/strong> jopa 70 lumenia. T\u00e4m\u00e4 tekee siit\u00e4 ihanteellisen kaikenlaisiin teht\u00e4viin, joissa oikeanlainen valo on ratkaisevan t\u00e4rke\u00e4\u00e4.<\/p>\n<p data-start=\"659\" data-end=\"869\">The <strong data-start=\"663\" data-end=\"686\">eritt\u00e4in ohut muotoilu<\/strong> yhdess\u00e4 mahdollisuuden kanssa <strong data-start=\"721\" data-end=\"762\">K\u00e4\u00e4nn\u00e4 lamppua 270\u00b0 ja kallista sit\u00e4 180\u00b0<\/strong> tarjoaa maksimaalista joustavuutta. Voit helposti suunnata valon juuri sinne, miss\u00e4 sit\u00e4 tarvitset \u2013 jopa ahtaissa tiloissa.<\/p>\n<p data-start=\"871\" data-end=\"1126\"><strong data-start=\"871\" data-end=\"894\">LEDinspect SLIM 500<\/strong> on my\u00f6s <strong data-start=\"907\" data-end=\"923\">ladattava<\/strong> ja sill\u00e4 on <strong data-start=\"935\" data-end=\"968\">integroitu latausindikaattori<\/strong> joka n\u00e4ytt\u00e4\u00e4 akun tilan. A <strong data-start=\"997\" data-end=\"1027\">USB-C-kaapeli ja virtal\u00e4hde<\/strong> mukana. Akun k\u00e4ytt\u00f6ik\u00e4 on jopa <strong data-start=\"1064\" data-end=\"1078\">kuusi tuntia<\/strong> alhaisella kirkkaudella ja <strong data-start=\"1101\" data-end=\"1116\">nelj\u00e4 tuntia<\/strong> korkealla.<\/p>\n<p data-start=\"1128\" data-end=\"1407\">Med <strong data-start=\"1132\" data-end=\"1155\">IP54-luokitus<\/strong> lamppu on suojattu p\u00f6lylt\u00e4 ja roiskevedelt\u00e4, ja sen ansiosta <strong data-start=\"1219\" data-end=\"1240\">IK07-iskunkest\u00e4vyystestaus<\/strong> kest\u00e4\u00e4 vaativia olosuhteita. Pit\u00e4v\u00e4, likaa hylkiv\u00e4 pinta <strong data-start=\"1307\" data-end=\"1326\">sis\u00e4\u00e4nrakennettu koukku<\/strong> ja <strong data-start=\"1331\" data-end=\"1352\">vahvat magneetit<\/strong> joten se on helppo sijoittaa ja k\u00e4ytt\u00e4\u00e4 miss\u00e4 tahansa.<\/p>\n<p data-start=\"1409\" data-end=\"1608\">T\u00e4ydellinen askarteluun, autonkorjauksiin tai jokap\u00e4iv\u00e4isiin askareisiin \u2013 <strong data-start=\"1476\" data-end=\"1505\">OSRAM LEDinspect SLIM 500<\/strong> tarjoaa luotettavaa valoa kaikissa tilanteissa. OSRAM tarjoaa my\u00f6s <strong data-start=\"1575\" data-end=\"1592\">2 vuoden takuu<\/strong> tuotteesta.<\/p>\n<hr data-start=\"1610\" data-end=\"1613\" \/>\n<p data-start=\"1615\" data-end=\"1646\"><strong data-start=\"1615\" data-end=\"1644\">Tekniset tiedot:<\/strong><\/p>\n<ul data-start=\"1647\" data-end=\"1808\">\n<li data-start=\"1647\" data-end=\"1670\">\n<p data-start=\"1649\" data-end=\"1670\">Nimellisj\u00e4nnite: 3,7 V<\/p>\n<\/li>\n<li data-start=\"1671\" data-end=\"1686\">\n<p data-start=\"1673\" data-end=\"1686\">Teho: 9W<\/p>\n<\/li>\n<li data-start=\"1687\" data-end=\"1714\">\n<p data-start=\"1689\" data-end=\"1714\">V\u00e4ril\u00e4mp\u00f6tila: 5 700 K<\/p>\n<\/li>\n<li data-start=\"1715\" data-end=\"1745\">\n<p data-start=\"1717\" data-end=\"1745\">Valovirta: jopa 500 lm<\/p>\n<\/li>\n<li data-start=\"1746\" data-end=\"1774\">\n<p data-start=\"1748\" data-end=\"1774\">Suojausluokka: IP54 \/ IK07<\/p>\n<\/li>\n<li data-start=\"1775\" data-end=\"1808\">\n<p data-start=\"1777\" data-end=\"1808\">Akunkesto: jopa 6 tuntia<\/p>\n<\/li>\n<\/ul>\n<hr data-start=\"1810\" data-end=\"1813\" \/>\n<p data-start=\"1815\" data-end=\"2102\"><strong data-start=\"1815\" data-end=\"1828\">Edut:<\/strong><br data-start=\"1828\" data-end=\"1831\" \/>Kolme valotilaa maksimaalisen joustavuuden takaamiseksi<br data-start=\"1869\" data-end=\"1872\" \/>K\u00e4\u00e4ntyv\u00e4 270\u00b0 ja kallistettava 180\u00b0<br data-start=\"1906\" data-end=\"1909\" \/>Jopa 500 lumenin kirkkaus<br data-start=\"1938\" data-end=\"1941\" \/>Ladattava USB-C:n kautta, merkkivalo<br data-start=\"1977\" data-end=\"1980\" \/>Kest\u00e4v\u00e4, likaa hylkiv\u00e4 ja ergonominen muotoilu<br data-start=\"2023\" data-end=\"2026\" \/>Varustettu koukulla ja magneeteilla helppoa kiinnityst\u00e4 varten<br data-start=\"2076\" data-end=\"2079\" \/>Kahden vuoden OSRAM-takuu<\/p>","protected":false},"excerpt":{"rendered":"<p>OSRAM LEDinspect SLIM 500 \u2013 M\u00e5ngsidig och kraftfull inspektionslampa Ljus \u00e4r m\u00e5ngsidigt \u2013 och med OSRAM LEDinspect SLIM 500 f\u00e5r du en flexibel, slitstark och professionell inspektionslampa som passar lika bra f\u00f6r verkstaden som f\u00f6r hemmabruk. Lampan erbjuder tre olika ljusl\u00e4gen: h\u00f6g med upp till 500 lumen, l\u00e5g med upp till 250 lumen samt en [&hellip;]<\/p>","protected":false},"featured_media":15252,"comment_status":"open","ping_status":"closed","template":"","meta":{"_acf_changed":false,"_smort_price_nok":"521","_smort_price_dkk":"441","_smort_price_eur":"59.09","_smort_sale_price_nok":"521","_smort_sale_price_dkk":"","_smort_sale_price_eur":"","smort_restorder":"","shipmondo_restorder":"","_kad_blocks_custom_css":"","_kad_blocks_head_custom_js":"","_kad_blocks_body_custom_js":"","_kad_blocks_footer_custom_js":"","smort_custom_pricelist_1":"416","smort_custom_pricelist_2":"364","smort_custom_pricelist_3":"364","smort_custom_pricelist_4":"520","smort_custom_pricelist_5":"364"},"anvandningsomrade":[],"bilmarken":[],"product_brand":[108],"product_cat":[2647,1320,1402],"product_tag":[],"class_list":{"0":"post-15238","1":"product","2":"type-product","3":"status-publish","4":"has-post-thumbnail","6":"product_brand-osram","7":"product_cat-osram-ficklampor","8":"product_cat-ficklampor","9":"product_cat-outlet","11":"first","12":"instock","13":"sale","14":"taxable","15":"shipping-taxable","16":"purchasable","17":"product-type-simple"},"bundled_by":[],"bundle_stock_status":"instock","bundle_stock_quantity":6,"bundle_virtual":false,"bundle_layout":"","bundle_add_to_cart_form_location":"","bundle_editable_in_cart":false,"bundle_sold_individually_context":"","bundle_item_grouping":"","bundle_min_size":"","bundle_max_size":"","bundle_price":[],"bundled_items":[],"bundle_sell_ids":[],"acf":[],"yoast_head":"<!-- This site is optimized with the Yoast SEO plugin v27.0 - https:\/\/yoast.com\/product\/yoast-seo-wordpress\/ -->\n<title>OSRAM LEDinspect SLIM 500 - Xenonkungen<\/title>\n<meta name=\"robots\" content=\"index, follow, max-snippet:-1, max-image-preview:large, max-video-preview:-1\" \/>\n<link rel=\"canonical\" href=\"https:\/\/xenonkungen.com\/fi\/tuote\/osram-led-inspect-slim-500\/\" \/>\n<meta property=\"og:locale\" content=\"fi_FI\" \/>\n<meta property=\"og:type\" content=\"article\" \/>\n<meta property=\"og:title\" content=\"OSRAM LEDinspect SLIM 500 - Xenonkungen\" \/>\n<meta property=\"og:description\" content=\"OSRAM LEDinspect SLIM 500 \u2013 M\u00e5ngsidig och kraftfull inspektionslampa Ljus \u00e4r m\u00e5ngsidigt \u2013 och med OSRAM LEDinspect SLIM 500 f\u00e5r du en flexibel, slitstark och professionell inspektionslampa som passar lika bra f\u00f6r verkstaden som f\u00f6r hemmabruk. Lampan erbjuder tre olika ljusl\u00e4gen: h\u00f6g med upp till 500 lumen, l\u00e5g med upp till 250 lumen samt en [&hellip;]\" \/>\n<meta property=\"og:url\" content=\"https:\/\/xenonkungen.com\/fi\/tuote\/osram-led-inspect-slim-500\/\" \/>\n<meta property=\"og:site_name\" content=\"Xenonkungen\" \/>\n<meta property=\"article:modified_time\" content=\"2026-03-27T16:18:29+00:00\" \/>\n<meta property=\"og:image\" content=\"https:\/\/xenonkungen.com\/wp-content\/uploads\/2025\/10\/LEDIL403.jpg\" \/>\n\t<meta property=\"og:image:width\" content=\"1024\" \/>\n\t<meta property=\"og:image:height\" content=\"1024\" \/>\n\t<meta property=\"og:image:type\" content=\"image\/jpeg\" \/>\n<meta name=\"twitter:card\" content=\"summary_large_image\" \/>\n<meta name=\"twitter:label1\" content=\"Arvioitu lukuaika\" \/>\n\t<meta name=\"twitter:data1\" content=\"2 minuuttia\" \/>\n<script type=\"application\/ld+json\" class=\"yoast-schema-graph\">{\"@context\":\"https:\/\/schema.org\",\"@graph\":[{\"@type\":\"WebPage\",\"@id\":\"https:\/\/xenonkungen.com\/produkt\/osram-ledinspect-slim-500\/\",\"url\":\"https:\/\/xenonkungen.com\/produkt\/osram-ledinspect-slim-500\/\",\"name\":\"OSRAM LEDinspect SLIM 500 - Xenonkungen\",\"isPartOf\":{\"@id\":\"https:\/\/xenonkungen.com\/#website\"},\"primaryImageOfPage\":{\"@id\":\"https:\/\/xenonkungen.com\/produkt\/osram-ledinspect-slim-500\/#primaryimage\"},\"image\":{\"@id\":\"https:\/\/xenonkungen.com\/produkt\/osram-ledinspect-slim-500\/#primaryimage\"},\"thumbnailUrl\":\"https:\/\/xenonkungen.com\/wp-content\/uploads\/2025\/10\/LEDIL403.jpg\",\"datePublished\":\"2025-10-09T13:53:31+00:00\",\"dateModified\":\"2026-03-27T16:18:29+00:00\",\"breadcrumb\":{\"@id\":\"https:\/\/xenonkungen.com\/produkt\/osram-ledinspect-slim-500\/#breadcrumb\"},\"inLanguage\":\"fi\",\"potentialAction\":[{\"@type\":\"ReadAction\",\"target\":[\"https:\/\/xenonkungen.com\/produkt\/osram-ledinspect-slim-500\/\"]}]},{\"@type\":\"ImageObject\",\"inLanguage\":\"fi\",\"@id\":\"https:\/\/xenonkungen.com\/produkt\/osram-ledinspect-slim-500\/#primaryimage\",\"url\":\"https:\/\/xenonkungen.com\/wp-content\/uploads\/2025\/10\/LEDIL403.jpg\",\"contentUrl\":\"https:\/\/xenonkungen.com\/wp-content\/uploads\/2025\/10\/LEDIL403.jpg\",\"width\":1024,\"height\":1024},{\"@type\":\"BreadcrumbList\",\"@id\":\"https:\/\/xenonkungen.com\/produkt\/osram-ledinspect-slim-500\/#breadcrumb\",\"itemListElement\":[{\"@type\":\"ListItem\",\"position\":1,\"name\":\"Hem\",\"item\":\"https:\/\/xenonkungen.com\/\"},{\"@type\":\"ListItem\",\"position\":2,\"name\":\"Shop\",\"item\":\"https:\/\/xenonkungen.com\/shop\/\"},{\"@type\":\"ListItem\",\"position\":3,\"name\":\"OSRAM LEDinspect SLIM 500\"}]},{\"@type\":\"WebSite\",\"@id\":\"https:\/\/xenonkungen.com\/#website\",\"url\":\"https:\/\/xenonkungen.com\/\",\"name\":\"Xenonkungen\",\"description\":\"\",\"potentialAction\":[{\"@type\":\"SearchAction\",\"target\":{\"@type\":\"EntryPoint\",\"urlTemplate\":\"https:\/\/xenonkungen.com\/?s={search_term_string}\"},\"query-input\":{\"@type\":\"PropertyValueSpecification\",\"valueRequired\":true,\"valueName\":\"search_term_string\"}}],\"inLanguage\":\"fi\"}]}<\/script>\n<!-- \/ Yoast SEO plugin. -->","yoast_head_json":{"title":"OSRAM LEDinspect SLIM 500 - Ksenonpolttimoiden kuningas","robots":{"index":"index","follow":"follow","max-snippet":"max-snippet:-1","max-image-preview":"max-image-preview:large","max-video-preview":"max-video-preview:-1"},"canonical":"https:\/\/xenonkungen.com\/fi\/tuote\/osram-led-inspect-slim-500\/","og_locale":"fi_FI","og_type":"article","og_title":"OSRAM LEDinspect SLIM 500 - Xenonkungen","og_description":"OSRAM LEDinspect SLIM 500 \u2013 M\u00e5ngsidig och kraftfull inspektionslampa Ljus \u00e4r m\u00e5ngsidigt \u2013 och med OSRAM LEDinspect SLIM 500 f\u00e5r du en flexibel, slitstark och professionell inspektionslampa som passar lika bra f\u00f6r verkstaden som f\u00f6r hemmabruk. Lampan erbjuder tre olika ljusl\u00e4gen: h\u00f6g med upp till 500 lumen, l\u00e5g med upp till 250 lumen samt en [&hellip;]","og_url":"https:\/\/xenonkungen.com\/fi\/tuote\/osram-led-inspect-slim-500\/","og_site_name":"Xenonkungen","article_modified_time":"2026-03-27T16:18:29+00:00","og_image":[{"width":1024,"height":1024,"url":"https:\/\/xenonkungen.com\/wp-content\/uploads\/2025\/10\/LEDIL403.jpg","type":"image\/jpeg"}],"twitter_card":"summary_large_image","twitter_misc":{"Arvioitu lukuaika":"2 minuuttia"},"schema":{"@context":"https:\/\/schema.org","@graph":[{"@type":"WebPage","@id":"https:\/\/xenonkungen.com\/produkt\/osram-ledinspect-slim-500\/","url":"https:\/\/xenonkungen.com\/produkt\/osram-ledinspect-slim-500\/","name":"OSRAM LEDinspect SLIM 500 - Ksenonpolttimoiden kuningas","isPartOf":{"@id":"https:\/\/xenonkungen.com\/#website"},"primaryImageOfPage":{"@id":"https:\/\/xenonkungen.com\/produkt\/osram-ledinspect-slim-500\/#primaryimage"},"image":{"@id":"https:\/\/xenonkungen.com\/produkt\/osram-ledinspect-slim-500\/#primaryimage"},"thumbnailUrl":"https:\/\/xenonkungen.com\/wp-content\/uploads\/2025\/10\/LEDIL403.jpg","datePublished":"2025-10-09T13:53:31+00:00","dateModified":"2026-03-27T16:18:29+00:00","breadcrumb":{"@id":"https:\/\/xenonkungen.com\/produkt\/osram-ledinspect-slim-500\/#breadcrumb"},"inLanguage":"fi","potentialAction":[{"@type":"ReadAction","target":["https:\/\/xenonkungen.com\/produkt\/osram-ledinspect-slim-500\/"]}]},{"@type":"ImageObject","inLanguage":"fi","@id":"https:\/\/xenonkungen.com\/produkt\/osram-ledinspect-slim-500\/#primaryimage","url":"https:\/\/xenonkungen.com\/wp-content\/uploads\/2025\/10\/LEDIL403.jpg","contentUrl":"https:\/\/xenonkungen.com\/wp-content\/uploads\/2025\/10\/LEDIL403.jpg","width":1024,"height":1024},{"@type":"BreadcrumbList","@id":"https:\/\/xenonkungen.com\/produkt\/osram-ledinspect-slim-500\/#breadcrumb","itemListElement":[{"@type":"ListItem","position":1,"name":"Hem","item":"https:\/\/xenonkungen.com\/"},{"@type":"ListItem","position":2,"name":"Shop","item":"https:\/\/xenonkungen.com\/shop\/"},{"@type":"ListItem","position":3,"name":"OSRAM LEDinspect SLIM 500"}]},{"@type":"WebSite","@id":"https:\/\/xenonkungen.com\/#website","url":"https:\/\/xenonkungen.com\/","name":"Xenonkungen","description":"","potentialAction":[{"@type":"SearchAction","target":{"@type":"EntryPoint","urlTemplate":"https:\/\/xenonkungen.com\/?s={search_term_string}"},"query-input":{"@type":"PropertyValueSpecification","valueRequired":true,"valueName":"search_term_string"}}],"inLanguage":"fi"}]}},"taxonomy_info":{"product_brand":[{"value":108,"label":"OSRAM"}],"product_cat":[{"value":2647,"label":"Osram"},{"value":1320,"label":"Ficklampor"},{"value":1402,"label":"Outlet"}]},"featured_image_src_large":["https:\/\/xenonkungen.com\/wp-content\/uploads\/2025\/10\/LEDIL403.jpg",1024,1024,false],"author_info":[],"comment_info":0,"_links":{"self":[{"href":"https:\/\/xenonkungen.com\/fi\/wp-json\/wp\/v2\/product\/15238","targetHints":{"allow":["GET"]}}],"collection":[{"href":"https:\/\/xenonkungen.com\/fi\/wp-json\/wp\/v2\/product"}],"about":[{"href":"https:\/\/xenonkungen.com\/fi\/wp-json\/wp\/v2\/types\/product"}],"replies":[{"embeddable":true,"href":"https:\/\/xenonkungen.com\/fi\/wp-json\/wp\/v2\/comments?post=15238"}],"wp:featuredmedia":[{"embeddable":true,"href":"https:\/\/xenonkungen.com\/fi\/wp-json\/wp\/v2\/media\/15252"}],"wp:attachment":[{"href":"https:\/\/xenonkungen.com\/fi\/wp-json\/wp\/v2\/media?parent=15238"}],"wp:term":[{"taxonomy":"anvandningsomrade","embeddable":true,"href":"https:\/\/xenonkungen.com\/fi\/wp-json\/wp\/v2\/anvandningsomrade?post=15238"},{"taxonomy":"bilmarken","embeddable":true,"href":"https:\/\/xenonkungen.com\/fi\/wp-json\/wp\/v2\/bilmarken?post=15238"},{"taxonomy":"product_brand","embeddable":true,"href":"https:\/\/xenonkungen.com\/fi\/wp-json\/wp\/v2\/product_brand?post=15238"},{"taxonomy":"product_cat","embeddable":true,"href":"https:\/\/xenonkungen.com\/fi\/wp-json\/wp\/v2\/product_cat?post=15238"},{"taxonomy":"product_tag","embeddable":true,"href":"https:\/\/xenonkungen.com\/fi\/wp-json\/wp\/v2\/product_tag?post=15238"}],"curies":[{"name":"wp","href":"https:\/\/api.w.org\/{rel}","templated":true}]}}