{"id":1525,"date":"2025-04-15T08:21:49","date_gmt":"2025-04-15T08:21:49","guid":{"rendered":"https:\/\/xenonkungen.com\/product\/tesla-s3xy-buttons-gen-2-2-piece\/"},"modified":"2026-01-08T17:56:50","modified_gmt":"2026-01-08T16:56:50","slug":"tesla-s3xy-painikkeet-sukupolvi-2-2-osainen","status":"publish","type":"product","link":"https:\/\/xenonkungen.com\/fi\/tuote\/tesla-s3xy-painikkeet-sukupolvi-2-2-osainen\/","title":{"rendered":"Tesla S3XY-painikkeet Gen 2 | 2 kpl"},"content":{"rendered":"<h1>Laajenna S3XY-nappuloita 2:lla lis\u00e4\u00e4!<\/h1>\n<p>Kun olet k\u00e4ytt\u00e4nyt t\u00e4t\u00e4 lis\u00e4laitesarjaa, huomaat, miten hy\u00f6dyllist\u00e4 on lis\u00e4t\u00e4 lis\u00e4toimintoja nykyiseen kokoonpanoon. Kaksi lis\u00e4painiketta on suunniteltu integroitumaan saumattomasti nykyiseen S3XY-painikepakettiisi, jolloin voit ohjelmoida ja mukauttaa ne useisiin eri toimintoihin.\u00a0<\/p>\n<p>N\u00e4m\u00e4 lis\u00e4painikkeet eiv\u00e4t ole vain k\u00e4yt\u00e4nn\u00f6llisi\u00e4, vaan ne on my\u00f6s suunniteltu korkealaatuisiksi, jotta ne kest\u00e4v\u00e4t usein toistuvaa k\u00e4ytt\u00f6\u00e4 ongelmitta. Yksinkertaisen ohjelmointirajapinnan ansiosta jopa teknisesti taitamattomienkin on helppo ottaa painikkeet k\u00e4ytt\u00f6\u00f6n ja aloittaa niiden k\u00e4ytt\u00f6 heti. Voit my\u00f6s mukauttaa painikkeiden ulkoasua vastaamaan henkil\u00f6kohtaista tyyli\u00e4si tai ymp\u00e4rist\u00f6\u00e4si.<\/p>\n<p>K\u00e4yt\u00e4nn\u00f6n k\u00e4yt\u00f6n lis\u00e4ksi t\u00e4m\u00e4 sarja tarjoaa erinomaisen mahdollisuuden laajentaa luovuuttasi ja tehokkuutta. K\u00e4ytt\u00e4m\u00e4ll\u00e4 n\u00e4it\u00e4 lis\u00e4painikkeita voit luoda pikan\u00e4pp\u00e4imi\u00e4, jotka s\u00e4\u00e4st\u00e4v\u00e4t aikaa ja yksinkertaistavat jokap\u00e4iv\u00e4isi\u00e4 prosesseja.\u00a0<\/p>\n<p>Tutustu siis n\u00e4iden kahden uuden painikkeen tarjoamiin mahdollisuuksiin ja vie k\u00e4ytt\u00e4j\u00e4kokemuksesi uudelle tasolle!<\/p>","protected":false},"excerpt":{"rendered":"<p>Laajenna S3XY-nappuloita 2:lla lis\u00e4\u00e4!<\/p>","protected":false},"featured_media":1526,"comment_status":"closed","ping_status":"open","template":"","meta":{"_acf_changed":false,"_smort_price_nok":"992","_smort_price_dkk":"630","_smort_price_eur":"84.45","_smort_sale_price_nok":"","_smort_sale_price_dkk":"","_smort_sale_price_eur":"","smort_restorder":"","shipmondo_restorder":"","_kad_blocks_custom_css":"","_kad_blocks_head_custom_js":"","_kad_blocks_body_custom_js":"","_kad_blocks_footer_custom_js":"","smort_custom_pricelist_1":"668.88","smort_custom_pricelist_2":"594.56","smort_custom_pricelist_3":"594.56","smort_custom_pricelist_4":"743.2","smort_custom_pricelist_5":"594.56"},"anvandningsomrade":[],"bilmarken":[],"product_brand":[2792],"product_cat":[16],"product_tag":[],"class_list":{"0":"post-1525","1":"product","2":"type-product","3":"status-publish","4":"has-post-thumbnail","6":"product_brand-tesla","7":"product_cat-uncategorized","9":"first","10":"instock","11":"taxable","12":"shipping-taxable","13":"purchasable","14":"product-type-simple"},"bundled_by":[],"bundle_stock_status":"instock","bundle_stock_quantity":2,"bundle_virtual":false,"bundle_layout":"","bundle_add_to_cart_form_location":"","bundle_editable_in_cart":false,"bundle_sold_individually_context":"","bundle_item_grouping":"","bundle_min_size":"","bundle_max_size":"","bundle_price":[],"bundled_items":[],"bundle_sell_ids":[],"acf":[],"yoast_head":"<!-- This site is optimized with the Yoast SEO plugin v27.0 - https:\/\/yoast.com\/product\/yoast-seo-wordpress\/ -->\n<title>Tesla S3XY Buttons Gen 2 | 2 Piece - Xenonkungen<\/title>\n<meta name=\"robots\" content=\"index, follow, max-snippet:-1, max-image-preview:large, max-video-preview:-1\" \/>\n<link rel=\"canonical\" href=\"https:\/\/xenonkungen.com\/fi\/tuote\/tesla-s3xy-painikkeet-sukupolvi-2-2-osainen\/\" \/>\n<meta property=\"og:locale\" content=\"fi_FI\" \/>\n<meta property=\"og:type\" content=\"article\" \/>\n<meta property=\"og:title\" content=\"Tesla S3XY Buttons Gen 2 | 2 Piece - Xenonkungen\" \/>\n<meta property=\"og:description\" content=\"Ut\u00f6ka dina S3XY Buttons med 2 till!\" \/>\n<meta property=\"og:url\" content=\"https:\/\/xenonkungen.com\/fi\/tuote\/tesla-s3xy-painikkeet-sukupolvi-2-2-osainen\/\" \/>\n<meta property=\"og:site_name\" content=\"Xenonkungen\" \/>\n<meta property=\"article:modified_time\" content=\"2026-01-08T16:56:50+00:00\" \/>\n<meta property=\"og:image\" content=\"https:\/\/xenonkungen.com\/wp-content\/uploads\/2025\/04\/210520419-origpic-51cb03.png\" \/>\n\t<meta property=\"og:image:width\" content=\"1920\" \/>\n\t<meta property=\"og:image:height\" content=\"1080\" \/>\n\t<meta property=\"og:image:type\" content=\"image\/png\" \/>\n<meta name=\"twitter:card\" content=\"summary_large_image\" \/>\n<meta name=\"twitter:label1\" content=\"Arvioitu lukuaika\" \/>\n\t<meta name=\"twitter:data1\" content=\"1 minuutti\" \/>\n<script type=\"application\/ld+json\" class=\"yoast-schema-graph\">{\"@context\":\"https:\/\/schema.org\",\"@graph\":[{\"@type\":\"WebPage\",\"@id\":\"https:\/\/xenonkungen.com\/en\/product\/tesla-s3xy-buttons-gen-2-2-piece\/\",\"url\":\"https:\/\/xenonkungen.com\/en\/product\/tesla-s3xy-buttons-gen-2-2-piece\/\",\"name\":\"Tesla S3XY Buttons Gen 2 | 2 Piece - Xenonkungen\",\"isPartOf\":{\"@id\":\"https:\/\/xenonkungen.com\/#website\"},\"primaryImageOfPage\":{\"@id\":\"https:\/\/xenonkungen.com\/en\/product\/tesla-s3xy-buttons-gen-2-2-piece\/#primaryimage\"},\"image\":{\"@id\":\"https:\/\/xenonkungen.com\/en\/product\/tesla-s3xy-buttons-gen-2-2-piece\/#primaryimage\"},\"thumbnailUrl\":\"https:\/\/xenonkungen.com\/wp-content\/uploads\/2025\/04\/210520419-origpic-51cb03.png\",\"datePublished\":\"2025-04-15T08:21:49+00:00\",\"dateModified\":\"2026-01-08T16:56:50+00:00\",\"breadcrumb\":{\"@id\":\"https:\/\/xenonkungen.com\/en\/product\/tesla-s3xy-buttons-gen-2-2-piece\/#breadcrumb\"},\"inLanguage\":\"fi\",\"potentialAction\":[{\"@type\":\"ReadAction\",\"target\":[\"https:\/\/xenonkungen.com\/en\/product\/tesla-s3xy-buttons-gen-2-2-piece\/\"]}]},{\"@type\":\"ImageObject\",\"inLanguage\":\"fi\",\"@id\":\"https:\/\/xenonkungen.com\/en\/product\/tesla-s3xy-buttons-gen-2-2-piece\/#primaryimage\",\"url\":\"https:\/\/xenonkungen.com\/wp-content\/uploads\/2025\/04\/210520419-origpic-51cb03.png\",\"contentUrl\":\"https:\/\/xenonkungen.com\/wp-content\/uploads\/2025\/04\/210520419-origpic-51cb03.png\",\"width\":1920,\"height\":1080},{\"@type\":\"BreadcrumbList\",\"@id\":\"https:\/\/xenonkungen.com\/en\/product\/tesla-s3xy-buttons-gen-2-2-piece\/#breadcrumb\",\"itemListElement\":[{\"@type\":\"ListItem\",\"position\":1,\"name\":\"Hem\",\"item\":\"https:\/\/xenonkungen.com\/\"},{\"@type\":\"ListItem\",\"position\":2,\"name\":\"Shop\",\"item\":\"https:\/\/xenonkungen.com\/shop\/\"},{\"@type\":\"ListItem\",\"position\":3,\"name\":\"Tesla S3XY Buttons Gen 2 | 2 Piece\"}]},{\"@type\":\"WebSite\",\"@id\":\"https:\/\/xenonkungen.com\/#website\",\"url\":\"https:\/\/xenonkungen.com\/\",\"name\":\"Xenonkungen\",\"description\":\"\",\"potentialAction\":[{\"@type\":\"SearchAction\",\"target\":{\"@type\":\"EntryPoint\",\"urlTemplate\":\"https:\/\/xenonkungen.com\/?s={search_term_string}\"},\"query-input\":{\"@type\":\"PropertyValueSpecification\",\"valueRequired\":true,\"valueName\":\"search_term_string\"}}],\"inLanguage\":\"fi\"}]}<\/script>\n<!-- \/ Yoast SEO plugin. -->","yoast_head_json":{"title":"Tesla S3XY -painikkeet Gen 2 | 2 osaa - Xenon King","robots":{"index":"index","follow":"follow","max-snippet":"max-snippet:-1","max-image-preview":"max-image-preview:large","max-video-preview":"max-video-preview:-1"},"canonical":"https:\/\/xenonkungen.com\/fi\/tuote\/tesla-s3xy-painikkeet-sukupolvi-2-2-osainen\/","og_locale":"fi_FI","og_type":"article","og_title":"Tesla S3XY Buttons Gen 2 | 2 Piece - Xenonkungen","og_description":"Ut\u00f6ka dina S3XY Buttons med 2 till!","og_url":"https:\/\/xenonkungen.com\/fi\/tuote\/tesla-s3xy-painikkeet-sukupolvi-2-2-osainen\/","og_site_name":"Xenonkungen","article_modified_time":"2026-01-08T16:56:50+00:00","og_image":[{"width":1920,"height":1080,"url":"https:\/\/xenonkungen.com\/wp-content\/uploads\/2025\/04\/210520419-origpic-51cb03.png","type":"image\/png"}],"twitter_card":"summary_large_image","twitter_misc":{"Arvioitu lukuaika":"1 minuutti"},"schema":{"@context":"https:\/\/schema.org","@graph":[{"@type":"WebPage","@id":"https:\/\/xenonkungen.com\/en\/product\/tesla-s3xy-buttons-gen-2-2-piece\/","url":"https:\/\/xenonkungen.com\/en\/product\/tesla-s3xy-buttons-gen-2-2-piece\/","name":"Tesla S3XY -painikkeet Gen 2 | 2 osaa - Xenon King","isPartOf":{"@id":"https:\/\/xenonkungen.com\/#website"},"primaryImageOfPage":{"@id":"https:\/\/xenonkungen.com\/en\/product\/tesla-s3xy-buttons-gen-2-2-piece\/#primaryimage"},"image":{"@id":"https:\/\/xenonkungen.com\/en\/product\/tesla-s3xy-buttons-gen-2-2-piece\/#primaryimage"},"thumbnailUrl":"https:\/\/xenonkungen.com\/wp-content\/uploads\/2025\/04\/210520419-origpic-51cb03.png","datePublished":"2025-04-15T08:21:49+00:00","dateModified":"2026-01-08T16:56:50+00:00","breadcrumb":{"@id":"https:\/\/xenonkungen.com\/en\/product\/tesla-s3xy-buttons-gen-2-2-piece\/#breadcrumb"},"inLanguage":"fi","potentialAction":[{"@type":"ReadAction","target":["https:\/\/xenonkungen.com\/en\/product\/tesla-s3xy-buttons-gen-2-2-piece\/"]}]},{"@type":"ImageObject","inLanguage":"fi","@id":"https:\/\/xenonkungen.com\/en\/product\/tesla-s3xy-buttons-gen-2-2-piece\/#primaryimage","url":"https:\/\/xenonkungen.com\/wp-content\/uploads\/2025\/04\/210520419-origpic-51cb03.png","contentUrl":"https:\/\/xenonkungen.com\/wp-content\/uploads\/2025\/04\/210520419-origpic-51cb03.png","width":1920,"height":1080},{"@type":"BreadcrumbList","@id":"https:\/\/xenonkungen.com\/en\/product\/tesla-s3xy-buttons-gen-2-2-piece\/#breadcrumb","itemListElement":[{"@type":"ListItem","position":1,"name":"Hem","item":"https:\/\/xenonkungen.com\/"},{"@type":"ListItem","position":2,"name":"Shop","item":"https:\/\/xenonkungen.com\/shop\/"},{"@type":"ListItem","position":3,"name":"Tesla S3XY Buttons Gen 2 | 2 Piece"}]},{"@type":"WebSite","@id":"https:\/\/xenonkungen.com\/#website","url":"https:\/\/xenonkungen.com\/","name":"Xenonkungen","description":"","potentialAction":[{"@type":"SearchAction","target":{"@type":"EntryPoint","urlTemplate":"https:\/\/xenonkungen.com\/?s={search_term_string}"},"query-input":{"@type":"PropertyValueSpecification","valueRequired":true,"valueName":"search_term_string"}}],"inLanguage":"fi"}]}},"taxonomy_info":{"product_brand":[{"value":2792,"label":"TESLA"}],"product_cat":[{"value":16,"label":"Uncategorized"}]},"featured_image_src_large":["https:\/\/xenonkungen.com\/wp-content\/uploads\/2025\/04\/210520419-origpic-51cb03-1024x576.png",1024,576,true],"author_info":[],"comment_info":0,"_links":{"self":[{"href":"https:\/\/xenonkungen.com\/fi\/wp-json\/wp\/v2\/product\/1525","targetHints":{"allow":["GET"]}}],"collection":[{"href":"https:\/\/xenonkungen.com\/fi\/wp-json\/wp\/v2\/product"}],"about":[{"href":"https:\/\/xenonkungen.com\/fi\/wp-json\/wp\/v2\/types\/product"}],"replies":[{"embeddable":true,"href":"https:\/\/xenonkungen.com\/fi\/wp-json\/wp\/v2\/comments?post=1525"}],"wp:featuredmedia":[{"embeddable":true,"href":"https:\/\/xenonkungen.com\/fi\/wp-json\/wp\/v2\/media\/1526"}],"wp:attachment":[{"href":"https:\/\/xenonkungen.com\/fi\/wp-json\/wp\/v2\/media?parent=1525"}],"wp:term":[{"taxonomy":"anvandningsomrade","embeddable":true,"href":"https:\/\/xenonkungen.com\/fi\/wp-json\/wp\/v2\/anvandningsomrade?post=1525"},{"taxonomy":"bilmarken","embeddable":true,"href":"https:\/\/xenonkungen.com\/fi\/wp-json\/wp\/v2\/bilmarken?post=1525"},{"taxonomy":"product_brand","embeddable":true,"href":"https:\/\/xenonkungen.com\/fi\/wp-json\/wp\/v2\/product_brand?post=1525"},{"taxonomy":"product_cat","embeddable":true,"href":"https:\/\/xenonkungen.com\/fi\/wp-json\/wp\/v2\/product_cat?post=1525"},{"taxonomy":"product_tag","embeddable":true,"href":"https:\/\/xenonkungen.com\/fi\/wp-json\/wp\/v2\/product_tag?post=1525"}],"curies":[{"name":"wp","href":"https:\/\/api.w.org\/{rel}","templated":true}]}}