{"id":15335,"date":"2025-10-10T12:33:53","date_gmt":"2025-10-10T12:33:53","guid":{"rendered":"https:\/\/xenonkungen.com\/?post_type=product&#038;p=15335"},"modified":"2026-04-11T01:31:36","modified_gmt":"2026-04-11T00:31:36","slug":"osram-fx500-sp-sm-gen-2-valopalkki","status":"publish","type":"product","link":"https:\/\/xenonkungen.com\/fi\/tuote\/osram-fx500-sp-sm-gen-2-valopalkki\/","title":{"rendered":"OSRAM-valopalkki FX500-SP SM GEN 2"},"content":{"rendered":"<p data-start=\"147\" data-end=\"247\"><strong data-start=\"147\" data-end=\"245\">OSRAM LEDriving Lightbar FX500-SP SM GEN 2 - tehokas lis\u00e4valo parantaa n\u00e4kyvyytt\u00e4 ja turvallisuutta.<\/strong><\/p>\n<p data-start=\"249\" data-end=\"615\">Aja turvallisesti my\u00f6s pimeill\u00e4 maasto- ja sorateill\u00e4 OSRAM LEDriving Lightbar FX500-SP SM GEN 2 -valopalkin avulla. T\u00e4m\u00e4 valopalkki tarjoaa vaikuttavan suorituskyvyn jopa 3930 lumenilla ja 470 metrin kantamalla. Tehokkaat 15 LED-valoa tuottavat kirkasta, valkoista valoa 6000 kelvini\u00e4 - l\u00e4hes kuin p\u00e4iv\u00e4nvalo - parantaen n\u00e4kyvyytt\u00e4 ja v\u00e4hent\u00e4en v\u00e4symyst\u00e4 y\u00f6ajossa.<\/p>\n<p data-start=\"617\" data-end=\"893\">Nykyaikainen heijastinmalli levitt\u00e4\u00e4 valon tasaisesti ja v\u00e4hent\u00e4\u00e4 h\u00e4ik\u00e4isy\u00e4 sek\u00e4 antaa ajoneuvolle tyylikk\u00e4\u00e4n ja ammattimaisen ulkon\u00e4\u00f6n. Ramppia voidaan k\u00e4ytt\u00e4\u00e4 sek\u00e4 ylim\u00e4\u00e4r\u00e4isen\u00e4 kaukovalona ett\u00e4 tehokkaana ty\u00f6valona, ja se on t\u00e4ysin ECE-hyv\u00e4ksytty k\u00e4ytett\u00e4v\u00e4ksi yleisill\u00e4 teill\u00e4.<\/p>\n<p data-start=\"895\" data-end=\"1269\">Se on rakennettu kest\u00e4m\u00e4\u00e4n vaativia ymp\u00e4rist\u00f6j\u00e4, ja se on testattu tiukkojen standardien mukaisesti, ja se saavuttaa IP-suojausluokat IP6K8 ja IP6K9K. Vankka alumiinikotelo ja kest\u00e4v\u00e4 polykarbonaattilinssi tekev\u00e4t valopalkista veden, p\u00f6lyn, iskujen, t\u00e4rin\u00e4n ja \u00e4\u00e4rimm\u00e4isten l\u00e4mp\u00f6tilojen kest\u00e4v\u00e4n. Lis\u00e4ksi sis\u00e4\u00e4nrakennettu napaisuussuoja suojaa ylij\u00e4nnitteelt\u00e4, mik\u00e4 pident\u00e4\u00e4 k\u00e4ytt\u00f6ik\u00e4\u00e4.<\/p>\n<p data-start=\"1271\" data-end=\"1296\"><strong data-start=\"1271\" data-end=\"1294\">Edut lyhyesti:<\/strong><\/p>\n<ul data-start=\"1297\" data-end=\"1570\">\n<li data-start=\"1297\" data-end=\"1344\">\n<p data-start=\"1299\" data-end=\"1344\">Jopa 3930 lumenia ja 470 metrin kantama<\/p>\n<\/li>\n<li data-start=\"1345\" data-end=\"1392\">\n<p data-start=\"1347\" data-end=\"1392\">6000 kelvini\u00e4 luonnollista p\u00e4iv\u00e4nvaloa muistuttavaa valoa varten<\/p>\n<\/li>\n<li data-start=\"1393\" data-end=\"1455\">\n<p data-start=\"1395\" data-end=\"1455\">Vankka alumiinirakenne IP6K8\/IP6K9K-luokituksella.<\/p>\n<\/li>\n<li data-start=\"1456\" data-end=\"1503\">\n<p data-start=\"1458\" data-end=\"1503\">Voidaan k\u00e4ytt\u00e4\u00e4 apuvaloina tai ty\u00f6valona.<\/p>\n<\/li>\n<li data-start=\"1504\" data-end=\"1541\">\n<p data-start=\"1506\" data-end=\"1541\">ECE-hyv\u00e4ksytty tieliikennek\u00e4ytt\u00f6\u00f6n<\/p>\n<\/li>\n<li data-start=\"1542\" data-end=\"1570\">\n<p data-start=\"1544\" data-end=\"1570\">5 vuoden takuu OSRAMilta<\/p>\n<\/li>\n<\/ul>\n<p data-start=\"1572\" data-end=\"1768\">Erityisesti suunniteltu asennussarja tekee asennuksesta helppoa ja joustavaa ajoneuvosta riippumatta. FX-sarja sopii henkil\u00f6autoihin, kuorma-autoihin, maatalouskoneisiin, asuntovaunuihin, maastoajoneuvoihin ja m\u00f6nkij\u00f6ihin.<\/p>","protected":false},"excerpt":{"rendered":"<p>OSRAM LEDriving Lightbar FX500-SP SM GEN 2 \u2013 kraftfullt extraljus f\u00f6r b\u00e4ttre sikt och s\u00e4kerhet K\u00f6r s\u00e4kert \u00e4ven p\u00e5 m\u00f6rka lands- och grusv\u00e4gar med OSRAM LEDriving Lightbar FX500-SP SM GEN 2. Den h\u00e4r ljusrampen levererar imponerande prestanda med upp till 3930 lumen och en r\u00e4ckvidd p\u00e5 hela 470 meter. De 15 h\u00f6gpresterande LED-lamporna ger ett [&hellip;]<\/p>","protected":false},"featured_media":15356,"comment_status":"open","ping_status":"closed","template":"","meta":{"_acf_changed":false,"_smort_price_nok":"3418","_smort_price_dkk":"2171","_smort_price_eur":"290.9","_smort_sale_price_nok":"","_smort_sale_price_dkk":"","_smort_sale_price_eur":"","smort_restorder":"","shipmondo_restorder":"","_kad_blocks_custom_css":"","_kad_blocks_head_custom_js":"","_kad_blocks_body_custom_js":"","_kad_blocks_footer_custom_js":"","smort_custom_pricelist_1":"2048","smort_custom_pricelist_2":"1792","smort_custom_pricelist_3":"1664","smort_custom_pricelist_4":"2560","smort_custom_pricelist_5":"1792"},"anvandningsomrade":[],"bilmarken":[],"product_brand":[108],"product_cat":[2966,2539],"product_tag":[],"class_list":{"0":"post-15335","1":"product","2":"type-product","3":"status-publish","4":"has-post-thumbnail","6":"product_brand-osram","7":"product_cat-ledramp-rak","8":"product_cat-ledramper","10":"first","11":"onbackorder","12":"taxable","13":"shipping-taxable","14":"purchasable","15":"product-type-simple"},"bundled_by":[],"bundle_stock_status":"onbackorder","bundle_stock_quantity":0,"bundle_virtual":false,"bundle_layout":"","bundle_add_to_cart_form_location":"","bundle_editable_in_cart":false,"bundle_sold_individually_context":"","bundle_item_grouping":"","bundle_min_size":"","bundle_max_size":"","bundle_price":[],"bundled_items":[],"bundle_sell_ids":[],"acf":[],"yoast_head":"<!-- This site is optimized with the Yoast SEO plugin v27.0 - https:\/\/yoast.com\/product\/yoast-seo-wordpress\/ -->\n<title>OSRAM Lightbar FX500-SP SM GEN 2 - Xenonkungen<\/title>\n<meta name=\"robots\" content=\"index, follow, max-snippet:-1, max-image-preview:large, max-video-preview:-1\" \/>\n<link rel=\"canonical\" href=\"https:\/\/xenonkungen.com\/fi\/tuote\/osram-fx500-sp-sm-gen-2-valopalkki\/\" \/>\n<meta property=\"og:locale\" content=\"fi_FI\" \/>\n<meta property=\"og:type\" content=\"article\" \/>\n<meta property=\"og:title\" content=\"OSRAM Lightbar FX500-SP SM GEN 2 - Xenonkungen\" \/>\n<meta property=\"og:description\" content=\"OSRAM LEDriving Lightbar FX500-SP SM GEN 2 \u2013 kraftfullt extraljus f\u00f6r b\u00e4ttre sikt och s\u00e4kerhet K\u00f6r s\u00e4kert \u00e4ven p\u00e5 m\u00f6rka lands- och grusv\u00e4gar med OSRAM LEDriving Lightbar FX500-SP SM GEN 2. Den h\u00e4r ljusrampen levererar imponerande prestanda med upp till 3930 lumen och en r\u00e4ckvidd p\u00e5 hela 470 meter. De 15 h\u00f6gpresterande LED-lamporna ger ett [&hellip;]\" \/>\n<meta property=\"og:url\" content=\"https:\/\/xenonkungen.com\/fi\/tuote\/osram-fx500-sp-sm-gen-2-valopalkki\/\" \/>\n<meta property=\"og:site_name\" content=\"Xenonkungen\" \/>\n<meta property=\"article:modified_time\" content=\"2026-04-11T00:31:36+00:00\" \/>\n<meta property=\"og:image\" content=\"https:\/\/xenonkungen.com\/wp-content\/uploads\/2025\/10\/Small-for-web-and-ppt-PI_ARF-2023-00903_LEDriving_Lightbar_FX500-SP_SM_GEN_2_Perspective_Front_01.jpg\" \/>\n\t<meta property=\"og:image:width\" content=\"1024\" \/>\n\t<meta property=\"og:image:height\" content=\"1024\" \/>\n\t<meta property=\"og:image:type\" content=\"image\/jpeg\" \/>\n<meta name=\"twitter:card\" content=\"summary_large_image\" \/>\n<meta name=\"twitter:label1\" content=\"Arvioitu lukuaika\" \/>\n\t<meta name=\"twitter:data1\" content=\"2 minuuttia\" \/>\n<script type=\"application\/ld+json\" class=\"yoast-schema-graph\">{\"@context\":\"https:\/\/schema.org\",\"@graph\":[{\"@type\":\"WebPage\",\"@id\":\"https:\/\/xenonkungen.com\/produkt\/osram-lightbar-fx500-sp-sm-gen-2\/\",\"url\":\"https:\/\/xenonkungen.com\/produkt\/osram-lightbar-fx500-sp-sm-gen-2\/\",\"name\":\"OSRAM Lightbar FX500-SP SM GEN 2 - Xenonkungen\",\"isPartOf\":{\"@id\":\"https:\/\/xenonkungen.com\/#website\"},\"primaryImageOfPage\":{\"@id\":\"https:\/\/xenonkungen.com\/produkt\/osram-lightbar-fx500-sp-sm-gen-2\/#primaryimage\"},\"image\":{\"@id\":\"https:\/\/xenonkungen.com\/produkt\/osram-lightbar-fx500-sp-sm-gen-2\/#primaryimage\"},\"thumbnailUrl\":\"https:\/\/xenonkungen.com\/wp-content\/uploads\/2025\/10\/Small-for-web-and-ppt-PI_ARF-2023-00903_LEDriving_Lightbar_FX500-SP_SM_GEN_2_Perspective_Front_01.jpg\",\"datePublished\":\"2025-10-10T12:33:53+00:00\",\"dateModified\":\"2026-04-11T00:31:36+00:00\",\"breadcrumb\":{\"@id\":\"https:\/\/xenonkungen.com\/produkt\/osram-lightbar-fx500-sp-sm-gen-2\/#breadcrumb\"},\"inLanguage\":\"fi\",\"potentialAction\":[{\"@type\":\"ReadAction\",\"target\":[\"https:\/\/xenonkungen.com\/produkt\/osram-lightbar-fx500-sp-sm-gen-2\/\"]}]},{\"@type\":\"ImageObject\",\"inLanguage\":\"fi\",\"@id\":\"https:\/\/xenonkungen.com\/produkt\/osram-lightbar-fx500-sp-sm-gen-2\/#primaryimage\",\"url\":\"https:\/\/xenonkungen.com\/wp-content\/uploads\/2025\/10\/Small-for-web-and-ppt-PI_ARF-2023-00903_LEDriving_Lightbar_FX500-SP_SM_GEN_2_Perspective_Front_01.jpg\",\"contentUrl\":\"https:\/\/xenonkungen.com\/wp-content\/uploads\/2025\/10\/Small-for-web-and-ppt-PI_ARF-2023-00903_LEDriving_Lightbar_FX500-SP_SM_GEN_2_Perspective_Front_01.jpg\",\"width\":1024,\"height\":1024},{\"@type\":\"BreadcrumbList\",\"@id\":\"https:\/\/xenonkungen.com\/produkt\/osram-lightbar-fx500-sp-sm-gen-2\/#breadcrumb\",\"itemListElement\":[{\"@type\":\"ListItem\",\"position\":1,\"name\":\"Hem\",\"item\":\"https:\/\/xenonkungen.com\/\"},{\"@type\":\"ListItem\",\"position\":2,\"name\":\"Shop\",\"item\":\"https:\/\/xenonkungen.com\/shop\/\"},{\"@type\":\"ListItem\",\"position\":3,\"name\":\"OSRAM Lightbar FX500-SP SM GEN 2\"}]},{\"@type\":\"WebSite\",\"@id\":\"https:\/\/xenonkungen.com\/#website\",\"url\":\"https:\/\/xenonkungen.com\/\",\"name\":\"Xenonkungen\",\"description\":\"\",\"potentialAction\":[{\"@type\":\"SearchAction\",\"target\":{\"@type\":\"EntryPoint\",\"urlTemplate\":\"https:\/\/xenonkungen.com\/?s={search_term_string}\"},\"query-input\":{\"@type\":\"PropertyValueSpecification\",\"valueRequired\":true,\"valueName\":\"search_term_string\"}}],\"inLanguage\":\"fi\"}]}<\/script>\n<!-- \/ Yoast SEO plugin. -->","yoast_head_json":{"title":"OSRAM FX500-SP SM GEN 2 - Xenon-kuningas","robots":{"index":"index","follow":"follow","max-snippet":"max-snippet:-1","max-image-preview":"max-image-preview:large","max-video-preview":"max-video-preview:-1"},"canonical":"https:\/\/xenonkungen.com\/fi\/tuote\/osram-fx500-sp-sm-gen-2-valopalkki\/","og_locale":"fi_FI","og_type":"article","og_title":"OSRAM Lightbar FX500-SP SM GEN 2 - Xenonkungen","og_description":"OSRAM LEDriving Lightbar FX500-SP SM GEN 2 \u2013 kraftfullt extraljus f\u00f6r b\u00e4ttre sikt och s\u00e4kerhet K\u00f6r s\u00e4kert \u00e4ven p\u00e5 m\u00f6rka lands- och grusv\u00e4gar med OSRAM LEDriving Lightbar FX500-SP SM GEN 2. Den h\u00e4r ljusrampen levererar imponerande prestanda med upp till 3930 lumen och en r\u00e4ckvidd p\u00e5 hela 470 meter. De 15 h\u00f6gpresterande LED-lamporna ger ett [&hellip;]","og_url":"https:\/\/xenonkungen.com\/fi\/tuote\/osram-fx500-sp-sm-gen-2-valopalkki\/","og_site_name":"Xenonkungen","article_modified_time":"2026-04-11T00:31:36+00:00","og_image":[{"width":1024,"height":1024,"url":"https:\/\/xenonkungen.com\/wp-content\/uploads\/2025\/10\/Small-for-web-and-ppt-PI_ARF-2023-00903_LEDriving_Lightbar_FX500-SP_SM_GEN_2_Perspective_Front_01.jpg","type":"image\/jpeg"}],"twitter_card":"summary_large_image","twitter_misc":{"Arvioitu lukuaika":"2 minuuttia"},"schema":{"@context":"https:\/\/schema.org","@graph":[{"@type":"WebPage","@id":"https:\/\/xenonkungen.com\/produkt\/osram-lightbar-fx500-sp-sm-gen-2\/","url":"https:\/\/xenonkungen.com\/produkt\/osram-lightbar-fx500-sp-sm-gen-2\/","name":"OSRAM FX500-SP SM GEN 2 - Xenon-kuningas","isPartOf":{"@id":"https:\/\/xenonkungen.com\/#website"},"primaryImageOfPage":{"@id":"https:\/\/xenonkungen.com\/produkt\/osram-lightbar-fx500-sp-sm-gen-2\/#primaryimage"},"image":{"@id":"https:\/\/xenonkungen.com\/produkt\/osram-lightbar-fx500-sp-sm-gen-2\/#primaryimage"},"thumbnailUrl":"https:\/\/xenonkungen.com\/wp-content\/uploads\/2025\/10\/Small-for-web-and-ppt-PI_ARF-2023-00903_LEDriving_Lightbar_FX500-SP_SM_GEN_2_Perspective_Front_01.jpg","datePublished":"2025-10-10T12:33:53+00:00","dateModified":"2026-04-11T00:31:36+00:00","breadcrumb":{"@id":"https:\/\/xenonkungen.com\/produkt\/osram-lightbar-fx500-sp-sm-gen-2\/#breadcrumb"},"inLanguage":"fi","potentialAction":[{"@type":"ReadAction","target":["https:\/\/xenonkungen.com\/produkt\/osram-lightbar-fx500-sp-sm-gen-2\/"]}]},{"@type":"ImageObject","inLanguage":"fi","@id":"https:\/\/xenonkungen.com\/produkt\/osram-lightbar-fx500-sp-sm-gen-2\/#primaryimage","url":"https:\/\/xenonkungen.com\/wp-content\/uploads\/2025\/10\/Small-for-web-and-ppt-PI_ARF-2023-00903_LEDriving_Lightbar_FX500-SP_SM_GEN_2_Perspective_Front_01.jpg","contentUrl":"https:\/\/xenonkungen.com\/wp-content\/uploads\/2025\/10\/Small-for-web-and-ppt-PI_ARF-2023-00903_LEDriving_Lightbar_FX500-SP_SM_GEN_2_Perspective_Front_01.jpg","width":1024,"height":1024},{"@type":"BreadcrumbList","@id":"https:\/\/xenonkungen.com\/produkt\/osram-lightbar-fx500-sp-sm-gen-2\/#breadcrumb","itemListElement":[{"@type":"ListItem","position":1,"name":"Hem","item":"https:\/\/xenonkungen.com\/"},{"@type":"ListItem","position":2,"name":"Shop","item":"https:\/\/xenonkungen.com\/shop\/"},{"@type":"ListItem","position":3,"name":"OSRAM Lightbar FX500-SP SM GEN 2"}]},{"@type":"WebSite","@id":"https:\/\/xenonkungen.com\/#website","url":"https:\/\/xenonkungen.com\/","name":"Xenonkungen","description":"","potentialAction":[{"@type":"SearchAction","target":{"@type":"EntryPoint","urlTemplate":"https:\/\/xenonkungen.com\/?s={search_term_string}"},"query-input":{"@type":"PropertyValueSpecification","valueRequired":true,"valueName":"search_term_string"}}],"inLanguage":"fi"}]}},"taxonomy_info":{"product_brand":[{"value":108,"label":"OSRAM"}],"product_cat":[{"value":2966,"label":"Ledramp Rak"},{"value":2539,"label":"LEDRAMPER"}]},"featured_image_src_large":["https:\/\/xenonkungen.com\/wp-content\/uploads\/2025\/10\/Small-for-web-and-ppt-PI_ARF-2023-00903_LEDriving_Lightbar_FX500-SP_SM_GEN_2_Perspective_Front_01.jpg",1024,1024,false],"author_info":[],"comment_info":0,"_links":{"self":[{"href":"https:\/\/xenonkungen.com\/fi\/wp-json\/wp\/v2\/product\/15335","targetHints":{"allow":["GET"]}}],"collection":[{"href":"https:\/\/xenonkungen.com\/fi\/wp-json\/wp\/v2\/product"}],"about":[{"href":"https:\/\/xenonkungen.com\/fi\/wp-json\/wp\/v2\/types\/product"}],"replies":[{"embeddable":true,"href":"https:\/\/xenonkungen.com\/fi\/wp-json\/wp\/v2\/comments?post=15335"}],"wp:featuredmedia":[{"embeddable":true,"href":"https:\/\/xenonkungen.com\/fi\/wp-json\/wp\/v2\/media\/15356"}],"wp:attachment":[{"href":"https:\/\/xenonkungen.com\/fi\/wp-json\/wp\/v2\/media?parent=15335"}],"wp:term":[{"taxonomy":"anvandningsomrade","embeddable":true,"href":"https:\/\/xenonkungen.com\/fi\/wp-json\/wp\/v2\/anvandningsomrade?post=15335"},{"taxonomy":"bilmarken","embeddable":true,"href":"https:\/\/xenonkungen.com\/fi\/wp-json\/wp\/v2\/bilmarken?post=15335"},{"taxonomy":"product_brand","embeddable":true,"href":"https:\/\/xenonkungen.com\/fi\/wp-json\/wp\/v2\/product_brand?post=15335"},{"taxonomy":"product_cat","embeddable":true,"href":"https:\/\/xenonkungen.com\/fi\/wp-json\/wp\/v2\/product_cat?post=15335"},{"taxonomy":"product_tag","embeddable":true,"href":"https:\/\/xenonkungen.com\/fi\/wp-json\/wp\/v2\/product_tag?post=15335"}],"curies":[{"name":"wp","href":"https:\/\/api.w.org\/{rel}","templated":true}]}}