{"id":15682,"date":"2025-10-15T09:16:29","date_gmt":"2025-10-15T09:16:29","guid":{"rendered":"https:\/\/xenonkungen.com\/?post_type=product&#038;p=15682"},"modified":"2026-03-27T16:48:29","modified_gmt":"2026-03-27T15:48:29","slug":"xbb-virtalahde-6-orjayksikon-sovitin","status":"publish","type":"product","link":"https:\/\/xenonkungen.com\/fi\/tuote\/xbb-virtalahde-6-orjayksikon-sovitin\/","title":{"rendered":"XBB PowerUnit 6 | Orjayksikk\u00f6 + sovitin"},"content":{"rendered":"<h1>XBB PowerUnit 6 \u2013 \u00c4lyk\u00e4s ohjaus, helppo asennus<\/h1>\n<p>XBB PowerUnit 6 on optimaalinen ratkaisu niille, jotka haluavat hallita ajoneuvon valaistusta ja lis\u00e4varusteita \u2013 purkamatta sis\u00e4tiloja, etsim\u00e4tt\u00e4 signaalikaapeleita tai asentamatta ylim\u00e4\u00e4r\u00e4isi\u00e4 kytkimi\u00e4. Asennus on sujuvaa, huomaamatonta ja t\u00e4ysin langatonta.<\/p>\n<p>Yhdist\u00e4 laite XBB-donglen tai PP-CAN-FD:n kanssa, niin saat k\u00e4ytt\u00f6\u00f6si ajoneuvon CAN-v\u00e4yl\u00e4n signaalit. Voit esimerkiksi aktivoida valot kaukovalojen, peruutuksen, sytytyksen tai mink\u00e4 tahansa muun haluamasi toiminnon yhteydess\u00e4 \u2013 t\u00e4ysin automaattisesti.<\/p>\n<p>Kuuden suurvirtal\u00e4hd\u00f6n ansiosta PowerUnitia kohden ja jopa nelj\u00e4n laitteen liitt\u00e4misen mahdollisuuden ansiosta voit ohjata langattomasti jopa 24 l\u00e4ht\u00f6\u00e4 ja konfiguroida ne vapaasti sovelluksen kautta.<\/p>\n<h1>XBB OBD-II-dongle<\/h1>\n<p>XBB Powerunit on t\u00e4ysin ainutlaatuinen tuote. Sen avulla helpotat led-ramppien, lis\u00e4valojen, peruutusvalojen, ty\u00f6valojen jne. kytkemist\u00e4. Toimii sek\u00e4 12- ett\u00e4 24V-j\u00e4rjestelmiss\u00e4.<\/p>\n<p>Dongle yksinkertaisesti kytket\u00e4\u00e4n autosi OBD-liit\u00e4nt\u00e4\u00e4n. Sitten voit synkronoida sen 1 tai useamman langattoman releen kanssa. XBB on kehitt\u00e4nyt useita reseptej\u00e4 eri autoja varten. On t\u00e4rke\u00e4\u00e4, ett\u00e4 tarkistat, onko autosi yhteensopiva sen luettelon avulla, jonka linkit\u00e4mme t\u00e4h\u00e4n artikkeliin.<\/p>\n<p>Sovelluksen sis\u00e4ll\u00e4 kerrot releelle, mit\u00e4 se tekee. pit\u00e4isik\u00f6 se kytke\u00e4 p\u00e4\u00e4lle yhdess\u00e4 kaukovalojen kanssa? Pit\u00e4isik\u00f6 paikannusvalo kytke\u00e4 p\u00e4\u00e4lle, kun lis\u00e4valot\/ramppi kytket\u00e4\u00e4n pois p\u00e4\u00e4lt\u00e4? Mm.<\/p>\n<p>Useimpiin autoihin on my\u00f6s mahdollista ohjelmoida peruutusvalot niin, ett\u00e4 ne kytkeytyv\u00e4t p\u00e4\u00e4lle, kun auto peruutetaan.<\/p>\n<hr \/>\n<h2>Pakkauksen sis\u00e4lt\u00f6:<\/h2>\n<ul>\n<li>1 kpl XBB-virtal\u00e4hde 6<\/li>\n<li>1 kpl XBB OBD-II -sovitin<\/li>\n<\/ul>\n<hr \/>\n<h2 class=\"wp-block-heading\">Kytkent\u00e4esimerkkej\u00e4 yms.<\/h2>\n<ul>\n<li><a href=\"https:\/\/www.xbb.se\/wp-content\/uploads\/2024\/11\/DATASHEET-XBB-PU6-example-connectionEN-20241127-1.pdf\" target=\"_blank\" rel=\"noreferrer noopener\">Johdotusesimerkki Versio 1.2<\/a><\/li>\n<li><a href=\"https:\/\/www.xbb.se\/wp-content\/uploads\/2024\/11\/DATASHEET-XBB-PU6-example-connectionEN-20240604-1.pdf\" target=\"_blank\" rel=\"noreferrer noopener\">Johdotusesimerkki Versio 1.1<\/a><\/li>\n<li><a href=\"https:\/\/www.xbb.se\/wp-content\/uploads\/2025\/01\/DATASHEET-XBB-PowerUnit-6-EN-20241127-1.pdf\" target=\"_blank\" rel=\"noreferrer noopener\">Datalehti XBB PowerUnit 6\u00ae Versio 1.2<\/a><\/li>\n<\/ul>","protected":false},"excerpt":{"rendered":"<ul>\n<li>Mahdollisuus 6 toimintoa samassa yksik\u00f6ss\u00e4.<\/li>\n<li>6 l\u00e4ht\u00f6\u00e4, \u00e0 10 ampeeria.<\/li>\n<li>Mahdollisuus kytke\u00e4 useita l\u00e4ht\u00f6j\u00e4 suuremman tehon saamiseksi.<\/li>\n<li>Litte\u00e4t tapit 6,3 x 10 kpl<\/li>\n<li>Releliit\u00e4nt\u00e4 standardin ISO 8092-1 mukaisesti<\/li>\n<li>Kiinnityskorvakkeet helppoa asennusta varten<\/li>\n<li>Liitet\u00e4\u00e4n XBB Dongle\u00ae- tai PP-CAN-FD\u00ae-moduuliin.<\/li>\n<\/ul>","protected":false},"featured_media":15684,"comment_status":"open","ping_status":"closed","template":"","meta":{"_acf_changed":false,"_smort_price_nok":"3199","_smort_price_dkk":"2032","_smort_price_eur":"272.26","_smort_sale_price_nok":"","_smort_sale_price_dkk":"","_smort_sale_price_eur":"","smort_restorder":"","shipmondo_restorder":"","_kad_blocks_custom_css":"","_kad_blocks_head_custom_js":"","_kad_blocks_body_custom_js":"","_kad_blocks_footer_custom_js":"","smort_custom_pricelist_1":"1916.8","smort_custom_pricelist_2":"1677.2","smort_custom_pricelist_3":"1677.2","smort_custom_pricelist_4":"2396","smort_custom_pricelist_5":"1677.2"},"anvandningsomrade":[],"bilmarken":[],"product_brand":[115],"product_cat":[2487,2841,2828,2468,2497,390],"product_tag":[],"class_list":{"0":"post-15682","1":"product","2":"type-product","3":"status-publish","4":"has-post-thumbnail","6":"product_brand-xbb","7":"product_cat-canbus-installation","8":"product_cat-installation-extraljus","9":"product_cat-installation-led-ramper","10":"product_cat-rela","11":"product_cat-xbb","12":"product_cat-installation","14":"first","15":"instock","16":"virtual","17":"taxable","18":"purchasable","19":"product-type-bundle"},"bundled_by":[],"bundle_stock_status":"instock","bundle_stock_quantity":53,"bundle_virtual":false,"bundle_layout":"default","bundle_add_to_cart_form_location":"default","bundle_editable_in_cart":false,"bundle_sold_individually_context":"product","bundle_item_grouping":"parent","bundle_min_size":"","bundle_max_size":"","bundle_price":{"price":{"min":{"incl_tax":"272.25","excl_tax":"217.79838868"},"max":{"incl_tax":"272.25","excl_tax":"217.79838868"}},"regular_price":{"min":{"incl_tax":"272.25","excl_tax":"217.79838868"},"max":{"incl_tax":"272.25","excl_tax":"217.79838868"}}},"bundled_items":[{"bundled_item_id":496,"product_id":12057,"menu_order":0,"quantity_min":1,"quantity_max":1,"quantity_default":1,"priced_individually":false,"shipped_individually":false,"override_title":false,"title":"XBB PowerUnit 6 | Slave-yksikk\u00f6","override_description":false,"description":"","optional":false,"hide_thumbnail":false,"discount":"","override_variations":false,"allowed_variations":[],"override_default_variation_attributes":false,"default_variation_attributes":[],"single_product_visibility":"visible","cart_visibility":"visible","order_visibility":"visible","single_product_price_visibility":"visible","cart_price_visibility":"visible","order_price_visibility":"visible","stock_status":"in_stock"},{"bundled_item_id":497,"product_id":2576,"menu_order":1,"quantity_min":1,"quantity_max":1,"quantity_default":1,"priced_individually":false,"shipped_individually":false,"override_title":false,"title":"XBB OBD-II-dongle","override_description":false,"description":"","optional":false,"hide_thumbnail":false,"discount":"","override_variations":false,"allowed_variations":[],"override_default_variation_attributes":false,"default_variation_attributes":[],"single_product_visibility":"visible","cart_visibility":"visible","order_visibility":"visible","single_product_price_visibility":"visible","cart_price_visibility":"visible","order_price_visibility":"visible","stock_status":"in_stock"}],"bundle_sell_ids":[],"acf":[],"yoast_head":"<!-- This site is optimized with the Yoast SEO plugin v27.0 - https:\/\/yoast.com\/product\/yoast-seo-wordpress\/ -->\n<title>XBB PowerUnit 6 | Slave unit + Dongel - Xenonkungen<\/title>\n<meta name=\"robots\" content=\"index, follow, max-snippet:-1, max-image-preview:large, max-video-preview:-1\" \/>\n<link rel=\"canonical\" href=\"https:\/\/xenonkungen.com\/fi\/tuote\/xbb-virtalahde-6-orjayksikon-sovitin\/\" \/>\n<meta property=\"og:locale\" content=\"fi_FI\" \/>\n<meta property=\"og:type\" content=\"article\" \/>\n<meta property=\"og:title\" content=\"XBB PowerUnit 6 | Slave unit + Dongel - Xenonkungen\" \/>\n<meta property=\"og:description\" content=\"M\u00f6jlighet till 6 st funktioner i samma enhet.  6 st utg\u00e5ngar \u00e1 10 Ampere.  M\u00f6jlighet att koppla ihop flera utg\u00e5ngar f\u00f6r mer effekt.  Flatstift 6,3 x 10 st  Rel\u00e4anslutning enl. ISO 8092-1  F\u00e4st\u00f6ron f\u00f6r enkelt montage  Ansluts till XBB Dongle\u00ae eller PP-CAN-FD\u00ae.\" \/>\n<meta property=\"og:url\" content=\"https:\/\/xenonkungen.com\/fi\/tuote\/xbb-virtalahde-6-orjayksikon-sovitin\/\" \/>\n<meta property=\"og:site_name\" content=\"Xenonkungen\" \/>\n<meta property=\"article:modified_time\" content=\"2026-03-27T15:48:29+00:00\" \/>\n<meta property=\"og:image\" content=\"https:\/\/xenonkungen.com\/wp-content\/uploads\/2025\/10\/26416235-2-scaled.jpg\" \/>\n\t<meta property=\"og:image:width\" content=\"2560\" \/>\n\t<meta property=\"og:image:height\" content=\"2560\" \/>\n\t<meta property=\"og:image:type\" content=\"image\/jpeg\" \/>\n<meta name=\"twitter:card\" content=\"summary_large_image\" \/>\n<meta name=\"twitter:label1\" content=\"Arvioitu lukuaika\" \/>\n\t<meta name=\"twitter:data1\" content=\"2 minuuttia\" \/>\n<script type=\"application\/ld+json\" class=\"yoast-schema-graph\">{\"@context\":\"https:\/\/schema.org\",\"@graph\":[{\"@type\":\"WebPage\",\"@id\":\"https:\/\/xenonkungen.com\/produkt\/xbb-powerunit-6-slave-unit-dongel\/\",\"url\":\"https:\/\/xenonkungen.com\/produkt\/xbb-powerunit-6-slave-unit-dongel\/\",\"name\":\"XBB PowerUnit 6 | Slave unit + Dongel - Xenonkungen\",\"isPartOf\":{\"@id\":\"https:\/\/xenonkungen.com\/#website\"},\"primaryImageOfPage\":{\"@id\":\"https:\/\/xenonkungen.com\/produkt\/xbb-powerunit-6-slave-unit-dongel\/#primaryimage\"},\"image\":{\"@id\":\"https:\/\/xenonkungen.com\/produkt\/xbb-powerunit-6-slave-unit-dongel\/#primaryimage\"},\"thumbnailUrl\":\"https:\/\/xenonkungen.com\/wp-content\/uploads\/2025\/10\/26416235-2-scaled.jpg\",\"datePublished\":\"2025-10-15T09:16:29+00:00\",\"dateModified\":\"2026-03-27T15:48:29+00:00\",\"breadcrumb\":{\"@id\":\"https:\/\/xenonkungen.com\/produkt\/xbb-powerunit-6-slave-unit-dongel\/#breadcrumb\"},\"inLanguage\":\"fi\",\"potentialAction\":[{\"@type\":\"ReadAction\",\"target\":[\"https:\/\/xenonkungen.com\/produkt\/xbb-powerunit-6-slave-unit-dongel\/\"]}]},{\"@type\":\"ImageObject\",\"inLanguage\":\"fi\",\"@id\":\"https:\/\/xenonkungen.com\/produkt\/xbb-powerunit-6-slave-unit-dongel\/#primaryimage\",\"url\":\"https:\/\/xenonkungen.com\/wp-content\/uploads\/2025\/10\/26416235-2-scaled.jpg\",\"contentUrl\":\"https:\/\/xenonkungen.com\/wp-content\/uploads\/2025\/10\/26416235-2-scaled.jpg\",\"width\":2560,\"height\":2560,\"caption\":\"CREATOR: gd-jpeg v1.0 (using IJG JPEG v62), quality = 80\"},{\"@type\":\"BreadcrumbList\",\"@id\":\"https:\/\/xenonkungen.com\/produkt\/xbb-powerunit-6-slave-unit-dongel\/#breadcrumb\",\"itemListElement\":[{\"@type\":\"ListItem\",\"position\":1,\"name\":\"Hem\",\"item\":\"https:\/\/xenonkungen.com\/\"},{\"@type\":\"ListItem\",\"position\":2,\"name\":\"Shop\",\"item\":\"https:\/\/xenonkungen.com\/shop\/\"},{\"@type\":\"ListItem\",\"position\":3,\"name\":\"XBB PowerUnit 6 | Slave unit + Dongel\"}]},{\"@type\":\"WebSite\",\"@id\":\"https:\/\/xenonkungen.com\/#website\",\"url\":\"https:\/\/xenonkungen.com\/\",\"name\":\"Xenonkungen\",\"description\":\"\",\"potentialAction\":[{\"@type\":\"SearchAction\",\"target\":{\"@type\":\"EntryPoint\",\"urlTemplate\":\"https:\/\/xenonkungen.com\/?s={search_term_string}\"},\"query-input\":{\"@type\":\"PropertyValueSpecification\",\"valueRequired\":true,\"valueName\":\"search_term_string\"}}],\"inLanguage\":\"fi\"}]}<\/script>\n<!-- \/ Yoast SEO plugin. -->","yoast_head_json":{"title":"XBB PowerUnit 6 | Orjayksikk\u00f6 + sovitin - Xenon-kuningas","robots":{"index":"index","follow":"follow","max-snippet":"max-snippet:-1","max-image-preview":"max-image-preview:large","max-video-preview":"max-video-preview:-1"},"canonical":"https:\/\/xenonkungen.com\/fi\/tuote\/xbb-virtalahde-6-orjayksikon-sovitin\/","og_locale":"fi_FI","og_type":"article","og_title":"XBB PowerUnit 6 | Slave unit + Dongel - Xenonkungen","og_description":"M\u00f6jlighet till 6 st funktioner i samma enhet.  6 st utg\u00e5ngar \u00e1 10 Ampere.  M\u00f6jlighet att koppla ihop flera utg\u00e5ngar f\u00f6r mer effekt.  Flatstift 6,3 x 10 st  Rel\u00e4anslutning enl. ISO 8092-1  F\u00e4st\u00f6ron f\u00f6r enkelt montage  Ansluts till XBB Dongle\u00ae eller PP-CAN-FD\u00ae.","og_url":"https:\/\/xenonkungen.com\/fi\/tuote\/xbb-virtalahde-6-orjayksikon-sovitin\/","og_site_name":"Xenonkungen","article_modified_time":"2026-03-27T15:48:29+00:00","og_image":[{"width":2560,"height":2560,"url":"https:\/\/xenonkungen.com\/wp-content\/uploads\/2025\/10\/26416235-2-scaled.jpg","type":"image\/jpeg"}],"twitter_card":"summary_large_image","twitter_misc":{"Arvioitu lukuaika":"2 minuuttia"},"schema":{"@context":"https:\/\/schema.org","@graph":[{"@type":"WebPage","@id":"https:\/\/xenonkungen.com\/produkt\/xbb-powerunit-6-slave-unit-dongel\/","url":"https:\/\/xenonkungen.com\/produkt\/xbb-powerunit-6-slave-unit-dongel\/","name":"XBB PowerUnit 6 | Orjayksikk\u00f6 + sovitin - Xenon-kuningas","isPartOf":{"@id":"https:\/\/xenonkungen.com\/#website"},"primaryImageOfPage":{"@id":"https:\/\/xenonkungen.com\/produkt\/xbb-powerunit-6-slave-unit-dongel\/#primaryimage"},"image":{"@id":"https:\/\/xenonkungen.com\/produkt\/xbb-powerunit-6-slave-unit-dongel\/#primaryimage"},"thumbnailUrl":"https:\/\/xenonkungen.com\/wp-content\/uploads\/2025\/10\/26416235-2-scaled.jpg","datePublished":"2025-10-15T09:16:29+00:00","dateModified":"2026-03-27T15:48:29+00:00","breadcrumb":{"@id":"https:\/\/xenonkungen.com\/produkt\/xbb-powerunit-6-slave-unit-dongel\/#breadcrumb"},"inLanguage":"fi","potentialAction":[{"@type":"ReadAction","target":["https:\/\/xenonkungen.com\/produkt\/xbb-powerunit-6-slave-unit-dongel\/"]}]},{"@type":"ImageObject","inLanguage":"fi","@id":"https:\/\/xenonkungen.com\/produkt\/xbb-powerunit-6-slave-unit-dongel\/#primaryimage","url":"https:\/\/xenonkungen.com\/wp-content\/uploads\/2025\/10\/26416235-2-scaled.jpg","contentUrl":"https:\/\/xenonkungen.com\/wp-content\/uploads\/2025\/10\/26416235-2-scaled.jpg","width":2560,"height":2560,"caption":"CREATOR: gd-jpeg v1.0 (using IJG JPEG v62), quality = 80"},{"@type":"BreadcrumbList","@id":"https:\/\/xenonkungen.com\/produkt\/xbb-powerunit-6-slave-unit-dongel\/#breadcrumb","itemListElement":[{"@type":"ListItem","position":1,"name":"Hem","item":"https:\/\/xenonkungen.com\/"},{"@type":"ListItem","position":2,"name":"Shop","item":"https:\/\/xenonkungen.com\/shop\/"},{"@type":"ListItem","position":3,"name":"XBB PowerUnit 6 | Slave unit + Dongel"}]},{"@type":"WebSite","@id":"https:\/\/xenonkungen.com\/#website","url":"https:\/\/xenonkungen.com\/","name":"Xenonkungen","description":"","potentialAction":[{"@type":"SearchAction","target":{"@type":"EntryPoint","urlTemplate":"https:\/\/xenonkungen.com\/?s={search_term_string}"},"query-input":{"@type":"PropertyValueSpecification","valueRequired":true,"valueName":"search_term_string"}}],"inLanguage":"fi"}]}},"taxonomy_info":{"product_brand":[{"value":115,"label":"XBB"}],"product_cat":[{"value":2487,"label":"Canbus"},{"value":2841,"label":"Installation extraljus"},{"value":2828,"label":"Installation LED-ramper"},{"value":2468,"label":"Rel\u00e4"},{"value":2497,"label":"XBB"},{"value":390,"label":"Installation"}]},"featured_image_src_large":["https:\/\/xenonkungen.com\/wp-content\/uploads\/2025\/10\/26416235-2-1024x1024.jpg",1024,1024,true],"author_info":[],"comment_info":0,"_links":{"self":[{"href":"https:\/\/xenonkungen.com\/fi\/wp-json\/wp\/v2\/product\/15682","targetHints":{"allow":["GET"]}}],"collection":[{"href":"https:\/\/xenonkungen.com\/fi\/wp-json\/wp\/v2\/product"}],"about":[{"href":"https:\/\/xenonkungen.com\/fi\/wp-json\/wp\/v2\/types\/product"}],"replies":[{"embeddable":true,"href":"https:\/\/xenonkungen.com\/fi\/wp-json\/wp\/v2\/comments?post=15682"}],"wp:featuredmedia":[{"embeddable":true,"href":"https:\/\/xenonkungen.com\/fi\/wp-json\/wp\/v2\/media\/15684"}],"wp:attachment":[{"href":"https:\/\/xenonkungen.com\/fi\/wp-json\/wp\/v2\/media?parent=15682"}],"wp:term":[{"taxonomy":"anvandningsomrade","embeddable":true,"href":"https:\/\/xenonkungen.com\/fi\/wp-json\/wp\/v2\/anvandningsomrade?post=15682"},{"taxonomy":"bilmarken","embeddable":true,"href":"https:\/\/xenonkungen.com\/fi\/wp-json\/wp\/v2\/bilmarken?post=15682"},{"taxonomy":"product_brand","embeddable":true,"href":"https:\/\/xenonkungen.com\/fi\/wp-json\/wp\/v2\/product_brand?post=15682"},{"taxonomy":"product_cat","embeddable":true,"href":"https:\/\/xenonkungen.com\/fi\/wp-json\/wp\/v2\/product_cat?post=15682"},{"taxonomy":"product_tag","embeddable":true,"href":"https:\/\/xenonkungen.com\/fi\/wp-json\/wp\/v2\/product_tag?post=15682"}],"curies":[{"name":"wp","href":"https:\/\/api.w.org\/{rel}","templated":true}]}}