{"id":15702,"date":"2025-11-11T10:12:39","date_gmt":"2025-11-11T09:12:39","guid":{"rendered":"https:\/\/xenonkungen.com\/?post_type=product&#038;p=15702"},"modified":"2026-04-28T17:51:54","modified_gmt":"2026-04-28T16:51:54","slug":"night-breaker-speed-h4-450-katuoikeudellinen","status":"publish","type":"product","link":"https:\/\/xenonkungen.com\/fi\/tuote\/night-breaker-speed-h4-450-katuoikeudellinen\/","title":{"rendered":"NIGHT BREAKER SPEED H4 450 | Tieliikennekelpoinen"},"content":{"rendered":"<h2 data-start=\"167\" data-end=\"228\">OSRAM NIGHT BREAKER LED SPEED \u2013 N\u00e4e tie ennenn\u00e4kem\u00e4tt\u00f6m\u00e4ll\u00e4 tavalla<\/h2>\n<p data-start=\"230\" data-end=\"539\">Koe tulevaisuuden valaistus jo t\u00e4n\u00e4\u00e4n OSRAM NIGHT BREAKER LED SPEED -polttimolla \u2013 mullistavalla LED-j\u00e4lkiasennuslampulla, joka vie ajamisesi uudelle tasolle.<br data-start=\"380\" data-end=\"383\" \/>Se yhdist\u00e4\u00e4 tieliikennekelpoisuuden, nopean asennuksen ja \u00e4\u00e4rimm\u00e4isen suorituskyvyn \u2013 kaikki t\u00e4m\u00e4 valaisimessa, joka valaisee tien vaikuttavalla tarkkuudella.<\/p>\n<h3 data-start=\"541\" data-end=\"578\">Jopa 450 % enemm\u00e4n kirkkautta<\/h3>\n<p data-start=\"579\" data-end=\"859\">OSRAMin innovatiivisen LED-teknologian avulla saat erinomaisen n\u00e4kyvyyden ja n\u00e4kyvyyden, mik\u00e4 parantaa hallittavuutta ja turvaa ajamista s\u00e4\u00e4- ja tieolosuhteista riippumatta.<br data-start=\"733\" data-end=\"736\" \/>Jopa 240 metrin valokantaman ansiosta n\u00e4et esteet ja liikennemerkit paljon aikaisemmin kuin perinteisill\u00e4 halogeenilampuilla.<\/p>\n<h3 data-start=\"861\" data-end=\"903\">Moderni muotoilu ja helppo p\u00e4ivitys<\/h3>\n<p data-start=\"904\" data-end=\"1198\">Vaihda vanhat halogeenilamppusi uusimpaan LED-tekniikkaan \u2013 nopeasti ja helposti.<br data-start=\"985\" data-end=\"988\" \/>NIGHT BREAKER LED SPEED on plug-and-play-valmis, 1:1-yhteensopiva halogeenilamppujen kanssa eik\u00e4 vaadi monimutkaisia muutoksia.<br data-start=\"1106\" data-end=\"1109\" \/>Viile\u00e4n valkoinen valon v\u00e4ri jopa 6000 K antaa autolle modernin ja tyylikk\u00e4\u00e4n ulkon\u00e4\u00f6n.<\/p>\n<h3 data-start=\"1200\" data-end=\"1234\">Turvallinen ja h\u00e4ik\u00e4isem\u00e4t\u00f6n valaistus<\/h3>\n<p data-start=\"1235\" data-end=\"1482\">OSRAMin edistynyt h\u00e4ik\u00e4isynestotekniikka varmistaa kohdennetun ja hallitun valovirran.<br data-start=\"1330\" data-end=\"1333\" \/>Vastaan tulevan liikenteen h\u00e4ik\u00e4isy v\u00e4henee jopa 50 % lain sallimiin enimm\u00e4isarvoihin verrattuna, mik\u00e4 lis\u00e4\u00e4 sek\u00e4 sinun ett\u00e4 muiden tienk\u00e4ytt\u00e4jien turvallisuutta.<\/p>\n<h3 data-start=\"1484\" data-end=\"1531\">Kest\u00e4v\u00e4, tehokas ja tulevaisuutta varten rakennettu<\/h3>\n<ul data-start=\"1532\" data-end=\"1767\">\n<li data-start=\"1532\" data-end=\"1590\">\n<p data-start=\"1534\" data-end=\"1590\">Kuluttaa jopa 60 % v\u00e4hemm\u00e4n energiaa kuin halogeenilamput<\/p>\n<\/li>\n<li data-start=\"1591\" data-end=\"1661\">\n<p data-start=\"1593\" data-end=\"1661\">Jopa kuusi kertaa pidempi k\u00e4ytt\u00f6ik\u00e4 \u2013 v\u00e4hemm\u00e4n huoltoa ja j\u00e4tett\u00e4<\/p>\n<\/li>\n<li data-start=\"1662\" data-end=\"1724\">\n<p data-start=\"1664\" data-end=\"1724\">Muoviton pakkaus, joka auttaa v\u00e4hent\u00e4m\u00e4\u00e4n ymp\u00e4rist\u00f6vaikutuksia<\/p>\n<\/li>\n<li data-start=\"1725\" data-end=\"1767\">\n<p data-start=\"1727\" data-end=\"1767\">5 + 1 vuoden takuu lis\u00e4\u00e4 mielenrauhaa<\/p>\n<\/li>\n<\/ul>\n<h3 data-start=\"1769\" data-end=\"1789\">Tiivistelm\u00e4<\/h3>\n<p data-start=\"1790\" data-end=\"1956\">Helppo asennus<br data-start=\"1808\" data-end=\"1811\" \/>Laillinen ja turvallinen LED-p\u00e4ivitys<br data-start=\"1846\" data-end=\"1849\" \/>Eritt\u00e4in kirkas ja parannettu n\u00e4kyvyys<br data-start=\"1890\" data-end=\"1893\" \/>Pitk\u00e4 k\u00e4ytt\u00f6ik\u00e4 ja energiatehokas<br data-start=\"1926\" data-end=\"1929\" \/>Moderni ja tyylik\u00e4s muotoilu<\/p>\n<hr \/>\n<h2><a href=\"https:\/\/look.ams-osram.com\/m\/279bdebe1f871386\/original\/led-night-breaker-h7-vehicle-list-en.pdf\">Katso yhteensopivat automallit t\u00e4\u00e4lt\u00e4<\/a><\/h2>","protected":false},"excerpt":{"rendered":"<p>OSRAM NIGHT BREAKER LED SPEED \u2013 Se v\u00e4gen som aldrig f\u00f6rr Upplev framtidens belysning redan idag med OSRAM NIGHT BREAKER LED SPEED \u2013 en revolutionerande LED-retrofit-lampa som tar din k\u00f6rning till n\u00e4sta niv\u00e5.Den kombinerar laglig anv\u00e4ndning p\u00e5 allm\u00e4n v\u00e4g, snabb installation och extrem prestanda \u2013 allt i en lampa som lyser upp v\u00e4gen med imponerande [&hellip;]<\/p>","protected":false},"featured_media":15706,"comment_status":"open","ping_status":"closed","template":"","meta":{"_acf_changed":false,"_smort_price_nok":"2345","_smort_price_dkk":"","_smort_price_eur":"","_smort_sale_price_nok":"","_smort_sale_price_dkk":"","_smort_sale_price_eur":"","smort_restorder":"","shipmondo_restorder":"","_kad_blocks_custom_css":"","_kad_blocks_head_custom_js":"","_kad_blocks_body_custom_js":"","_kad_blocks_footer_custom_js":"","smort_custom_pricelist_1":"1404.8","smort_custom_pricelist_2":"1229.2","smort_custom_pricelist_3":"1141.4","smort_custom_pricelist_4":"1756","smort_custom_pricelist_5":"1229.2"},"anvandningsomrade":[],"bilmarken":[],"product_brand":[108],"product_cat":[2633,733],"product_tag":[],"class_list":{"0":"post-15702","1":"product","2":"type-product","3":"status-publish","4":"has-post-thumbnail","6":"product_brand-osram","7":"product_cat-osram-ledriving-halvljus-helljus","8":"product_cat-halvljus-helljus","9":"pa_faktisk-effekts-forbrukning-1702","10":"pa_fargtemperatur-6000k","11":"pa_godkannande-abg","12":"pa_lampsockel-kontakt-h4","13":"pa_volt-v-159","15":"first","16":"instock","17":"taxable","18":"shipping-taxable","19":"purchasable","20":"product-type-simple"},"bundled_by":[],"bundle_stock_status":"instock","bundle_stock_quantity":12,"bundle_virtual":false,"bundle_layout":"","bundle_add_to_cart_form_location":"","bundle_editable_in_cart":false,"bundle_sold_individually_context":"","bundle_item_grouping":"","bundle_min_size":"","bundle_max_size":"","bundle_price":[],"bundled_items":[],"bundle_sell_ids":[],"acf":[],"yoast_head":"<!-- This site is optimized with the Yoast SEO plugin v27.0 - https:\/\/yoast.com\/product\/yoast-seo-wordpress\/ -->\n<title>NIGHT BREAKER SPEED H4 450 | Street Legal - Xenonkungen<\/title>\n<meta name=\"robots\" content=\"index, follow, max-snippet:-1, max-image-preview:large, max-video-preview:-1\" \/>\n<link rel=\"canonical\" href=\"https:\/\/xenonkungen.com\/fi\/tuote\/night-breaker-speed-h4-450-katuoikeudellinen\/\" \/>\n<meta property=\"og:locale\" content=\"fi_FI\" \/>\n<meta property=\"og:type\" content=\"article\" \/>\n<meta property=\"og:title\" content=\"NIGHT BREAKER SPEED H4 450 | Street Legal - Xenonkungen\" \/>\n<meta property=\"og:description\" content=\"OSRAM NIGHT BREAKER LED SPEED \u2013 Se v\u00e4gen som aldrig f\u00f6rr Upplev framtidens belysning redan idag med OSRAM NIGHT BREAKER LED SPEED \u2013 en revolutionerande LED-retrofit-lampa som tar din k\u00f6rning till n\u00e4sta niv\u00e5.Den kombinerar laglig anv\u00e4ndning p\u00e5 allm\u00e4n v\u00e4g, snabb installation och extrem prestanda \u2013 allt i en lampa som lyser upp v\u00e4gen med imponerande [&hellip;]\" \/>\n<meta property=\"og:url\" content=\"https:\/\/xenonkungen.com\/fi\/tuote\/night-breaker-speed-h4-450-katuoikeudellinen\/\" \/>\n<meta property=\"og:site_name\" content=\"Xenonkungen\" \/>\n<meta property=\"article:modified_time\" content=\"2026-04-28T16:51:54+00:00\" \/>\n<meta property=\"og:image\" content=\"https:\/\/xenonkungen.com\/wp-content\/uploads\/2025\/10\/Small-for-web-and-ppt-PI_WFPIO-338_NIGHT_BREAKER_LED_SPEED_H4_2x_Versatz_01.jpg\" \/>\n\t<meta property=\"og:image:width\" content=\"1024\" \/>\n\t<meta property=\"og:image:height\" content=\"1024\" \/>\n\t<meta property=\"og:image:type\" content=\"image\/jpeg\" \/>\n<meta name=\"twitter:card\" content=\"summary_large_image\" \/>\n<meta name=\"twitter:label1\" content=\"Arvioitu lukuaika\" \/>\n\t<meta name=\"twitter:data1\" content=\"2 minuuttia\" \/>\n<script type=\"application\/ld+json\" class=\"yoast-schema-graph\">{\"@context\":\"https:\/\/schema.org\",\"@graph\":[{\"@type\":\"WebPage\",\"@id\":\"https:\/\/xenonkungen.com\/produkt\/night-breaker-speed-h4-450-street-legal\/\",\"url\":\"https:\/\/xenonkungen.com\/produkt\/night-breaker-speed-h4-450-street-legal\/\",\"name\":\"NIGHT BREAKER SPEED H4 450 | Street Legal - Xenonkungen\",\"isPartOf\":{\"@id\":\"https:\/\/xenonkungen.com\/#website\"},\"primaryImageOfPage\":{\"@id\":\"https:\/\/xenonkungen.com\/produkt\/night-breaker-speed-h4-450-street-legal\/#primaryimage\"},\"image\":{\"@id\":\"https:\/\/xenonkungen.com\/produkt\/night-breaker-speed-h4-450-street-legal\/#primaryimage\"},\"thumbnailUrl\":\"https:\/\/xenonkungen.com\/wp-content\/uploads\/2025\/10\/Small-for-web-and-ppt-PI_WFPIO-338_NIGHT_BREAKER_LED_SPEED_H4_2x_Versatz_01.jpg\",\"datePublished\":\"2025-11-11T09:12:39+00:00\",\"dateModified\":\"2026-04-28T16:51:54+00:00\",\"breadcrumb\":{\"@id\":\"https:\/\/xenonkungen.com\/produkt\/night-breaker-speed-h4-450-street-legal\/#breadcrumb\"},\"inLanguage\":\"fi\",\"potentialAction\":[{\"@type\":\"ReadAction\",\"target\":[\"https:\/\/xenonkungen.com\/produkt\/night-breaker-speed-h4-450-street-legal\/\"]}]},{\"@type\":\"ImageObject\",\"inLanguage\":\"fi\",\"@id\":\"https:\/\/xenonkungen.com\/produkt\/night-breaker-speed-h4-450-street-legal\/#primaryimage\",\"url\":\"https:\/\/xenonkungen.com\/wp-content\/uploads\/2025\/10\/Small-for-web-and-ppt-PI_WFPIO-338_NIGHT_BREAKER_LED_SPEED_H4_2x_Versatz_01.jpg\",\"contentUrl\":\"https:\/\/xenonkungen.com\/wp-content\/uploads\/2025\/10\/Small-for-web-and-ppt-PI_WFPIO-338_NIGHT_BREAKER_LED_SPEED_H4_2x_Versatz_01.jpg\",\"width\":1024,\"height\":1024},{\"@type\":\"BreadcrumbList\",\"@id\":\"https:\/\/xenonkungen.com\/produkt\/night-breaker-speed-h4-450-street-legal\/#breadcrumb\",\"itemListElement\":[{\"@type\":\"ListItem\",\"position\":1,\"name\":\"Hem\",\"item\":\"https:\/\/xenonkungen.com\/\"},{\"@type\":\"ListItem\",\"position\":2,\"name\":\"Shop\",\"item\":\"https:\/\/xenonkungen.com\/shop\/\"},{\"@type\":\"ListItem\",\"position\":3,\"name\":\"NIGHT BREAKER SPEED H4 450 | Street Legal\"}]},{\"@type\":\"WebSite\",\"@id\":\"https:\/\/xenonkungen.com\/#website\",\"url\":\"https:\/\/xenonkungen.com\/\",\"name\":\"Xenonkungen\",\"description\":\"\",\"potentialAction\":[{\"@type\":\"SearchAction\",\"target\":{\"@type\":\"EntryPoint\",\"urlTemplate\":\"https:\/\/xenonkungen.com\/?s={search_term_string}\"},\"query-input\":{\"@type\":\"PropertyValueSpecification\",\"valueRequired\":true,\"valueName\":\"search_term_string\"}}],\"inLanguage\":\"fi\"}]}<\/script>\n<!-- \/ Yoast SEO plugin. -->","yoast_head_json":{"title":"NIGHT BREAKER SPEED H4 450 | Tieliikennekelpoinen - Xenon-kuningas","robots":{"index":"index","follow":"follow","max-snippet":"max-snippet:-1","max-image-preview":"max-image-preview:large","max-video-preview":"max-video-preview:-1"},"canonical":"https:\/\/xenonkungen.com\/fi\/tuote\/night-breaker-speed-h4-450-katuoikeudellinen\/","og_locale":"fi_FI","og_type":"article","og_title":"NIGHT BREAKER SPEED H4 450 | Street Legal - Xenonkungen","og_description":"OSRAM NIGHT BREAKER LED SPEED \u2013 Se v\u00e4gen som aldrig f\u00f6rr Upplev framtidens belysning redan idag med OSRAM NIGHT BREAKER LED SPEED \u2013 en revolutionerande LED-retrofit-lampa som tar din k\u00f6rning till n\u00e4sta niv\u00e5.Den kombinerar laglig anv\u00e4ndning p\u00e5 allm\u00e4n v\u00e4g, snabb installation och extrem prestanda \u2013 allt i en lampa som lyser upp v\u00e4gen med imponerande [&hellip;]","og_url":"https:\/\/xenonkungen.com\/fi\/tuote\/night-breaker-speed-h4-450-katuoikeudellinen\/","og_site_name":"Xenonkungen","article_modified_time":"2026-04-28T16:51:54+00:00","og_image":[{"width":1024,"height":1024,"url":"https:\/\/xenonkungen.com\/wp-content\/uploads\/2025\/10\/Small-for-web-and-ppt-PI_WFPIO-338_NIGHT_BREAKER_LED_SPEED_H4_2x_Versatz_01.jpg","type":"image\/jpeg"}],"twitter_card":"summary_large_image","twitter_misc":{"Arvioitu lukuaika":"2 minuuttia"},"schema":{"@context":"https:\/\/schema.org","@graph":[{"@type":"WebPage","@id":"https:\/\/xenonkungen.com\/produkt\/night-breaker-speed-h4-450-street-legal\/","url":"https:\/\/xenonkungen.com\/produkt\/night-breaker-speed-h4-450-street-legal\/","name":"NIGHT BREAKER SPEED H4 450 | Tieliikennekelpoinen - Xenon-kuningas","isPartOf":{"@id":"https:\/\/xenonkungen.com\/#website"},"primaryImageOfPage":{"@id":"https:\/\/xenonkungen.com\/produkt\/night-breaker-speed-h4-450-street-legal\/#primaryimage"},"image":{"@id":"https:\/\/xenonkungen.com\/produkt\/night-breaker-speed-h4-450-street-legal\/#primaryimage"},"thumbnailUrl":"https:\/\/xenonkungen.com\/wp-content\/uploads\/2025\/10\/Small-for-web-and-ppt-PI_WFPIO-338_NIGHT_BREAKER_LED_SPEED_H4_2x_Versatz_01.jpg","datePublished":"2025-11-11T09:12:39+00:00","dateModified":"2026-04-28T16:51:54+00:00","breadcrumb":{"@id":"https:\/\/xenonkungen.com\/produkt\/night-breaker-speed-h4-450-street-legal\/#breadcrumb"},"inLanguage":"fi","potentialAction":[{"@type":"ReadAction","target":["https:\/\/xenonkungen.com\/produkt\/night-breaker-speed-h4-450-street-legal\/"]}]},{"@type":"ImageObject","inLanguage":"fi","@id":"https:\/\/xenonkungen.com\/produkt\/night-breaker-speed-h4-450-street-legal\/#primaryimage","url":"https:\/\/xenonkungen.com\/wp-content\/uploads\/2025\/10\/Small-for-web-and-ppt-PI_WFPIO-338_NIGHT_BREAKER_LED_SPEED_H4_2x_Versatz_01.jpg","contentUrl":"https:\/\/xenonkungen.com\/wp-content\/uploads\/2025\/10\/Small-for-web-and-ppt-PI_WFPIO-338_NIGHT_BREAKER_LED_SPEED_H4_2x_Versatz_01.jpg","width":1024,"height":1024},{"@type":"BreadcrumbList","@id":"https:\/\/xenonkungen.com\/produkt\/night-breaker-speed-h4-450-street-legal\/#breadcrumb","itemListElement":[{"@type":"ListItem","position":1,"name":"Hem","item":"https:\/\/xenonkungen.com\/"},{"@type":"ListItem","position":2,"name":"Shop","item":"https:\/\/xenonkungen.com\/shop\/"},{"@type":"ListItem","position":3,"name":"NIGHT BREAKER SPEED H4 450 | Street Legal"}]},{"@type":"WebSite","@id":"https:\/\/xenonkungen.com\/#website","url":"https:\/\/xenonkungen.com\/","name":"Xenonkungen","description":"","potentialAction":[{"@type":"SearchAction","target":{"@type":"EntryPoint","urlTemplate":"https:\/\/xenonkungen.com\/?s={search_term_string}"},"query-input":{"@type":"PropertyValueSpecification","valueRequired":true,"valueName":"search_term_string"}}],"inLanguage":"fi"}]}},"taxonomy_info":{"product_brand":[{"value":108,"label":"OSRAM"}],"product_cat":[{"value":2633,"label":"OSRAM Ledriving"},{"value":733,"label":"Halvljus \/ Helljus"}],"pa_faktisk-effekts-forbrukning":[{"value":1702,"label":"14"}],"pa_fargtemperatur":[{"value":188,"label":"6000K"}],"pa_godkannande":[{"value":193,"label":"ABG"}],"pa_lampsockel-kontakt":[{"value":340,"label":"H4"}],"pa_volt-v":[{"value":159,"label":"12"}]},"featured_image_src_large":["https:\/\/xenonkungen.com\/wp-content\/uploads\/2025\/10\/Small-for-web-and-ppt-PI_WFPIO-338_NIGHT_BREAKER_LED_SPEED_H4_2x_Versatz_01.jpg",1024,1024,false],"author_info":[],"comment_info":2,"_links":{"self":[{"href":"https:\/\/xenonkungen.com\/fi\/wp-json\/wp\/v2\/product\/15702","targetHints":{"allow":["GET"]}}],"collection":[{"href":"https:\/\/xenonkungen.com\/fi\/wp-json\/wp\/v2\/product"}],"about":[{"href":"https:\/\/xenonkungen.com\/fi\/wp-json\/wp\/v2\/types\/product"}],"replies":[{"embeddable":true,"href":"https:\/\/xenonkungen.com\/fi\/wp-json\/wp\/v2\/comments?post=15702"}],"wp:featuredmedia":[{"embeddable":true,"href":"https:\/\/xenonkungen.com\/fi\/wp-json\/wp\/v2\/media\/15706"}],"wp:attachment":[{"href":"https:\/\/xenonkungen.com\/fi\/wp-json\/wp\/v2\/media?parent=15702"}],"wp:term":[{"taxonomy":"anvandningsomrade","embeddable":true,"href":"https:\/\/xenonkungen.com\/fi\/wp-json\/wp\/v2\/anvandningsomrade?post=15702"},{"taxonomy":"bilmarken","embeddable":true,"href":"https:\/\/xenonkungen.com\/fi\/wp-json\/wp\/v2\/bilmarken?post=15702"},{"taxonomy":"product_brand","embeddable":true,"href":"https:\/\/xenonkungen.com\/fi\/wp-json\/wp\/v2\/product_brand?post=15702"},{"taxonomy":"product_cat","embeddable":true,"href":"https:\/\/xenonkungen.com\/fi\/wp-json\/wp\/v2\/product_cat?post=15702"},{"taxonomy":"product_tag","embeddable":true,"href":"https:\/\/xenonkungen.com\/fi\/wp-json\/wp\/v2\/product_tag?post=15702"}],"curies":[{"name":"wp","href":"https:\/\/api.w.org\/{rel}","templated":true}]}}