{"id":15743,"date":"2025-10-15T13:42:42","date_gmt":"2025-10-15T13:42:42","guid":{"rendered":"https:\/\/xenonkungen.com\/?post_type=product&#038;p=15743"},"modified":"2026-04-01T07:56:20","modified_gmt":"2026-04-01T06:56:20","slug":"luxtar-lisavalaisin-musta-4-kpl-225-mm-pitkia-kiinnityspisteita","status":"publish","type":"product","link":"https:\/\/xenonkungen.com\/fi\/tuote\/luxtar-lisavalaisin-musta-4-kpl-225-mm-pitkia-kiinnityspisteita\/","title":{"rendered":"Luxtar Extra valon kiinnike Musta 4\/ 225mm | Pitk\u00e4t kiinnityspisteet"},"content":{"rendered":"<h1>Musta lis\u00e4valokannatin jauhemaalattua ter\u00e4st\u00e4 pitkill\u00e4 kiinnityspisteill\u00e4.<\/h1>\n<p>T\u00e4m\u00e4 kest\u00e4v\u00e4 lis\u00e4valojen kiinnike on suunniteltu tukemaan joko 4 lis\u00e4valoa tai 1-2 LED-ramppia, joten se on eritt\u00e4in monipuolinen erilaisiin ajoneuvoihin ja tarpeisiin. Kannatin on valmistettu kest\u00e4v\u00e4st\u00e4 jauhemaalatusta ter\u00e4ksest\u00e4, ja se on v\u00e4rilt\u00e4\u00e4n musta, jotta se sulautuu helposti ajoneuvon muotoiluun. Kannattimessa on my\u00f6s pitk\u00e4t kiinnityspisteet.<\/p>\n<p>Kiinnike on 75,7 cm leve\u00e4, ja kiinnikkeiden v\u00e4linen et\u00e4isyys on 23,7 cm, joten lis\u00e4valot tai LED-ramppi voidaan asentaa vakaasti ja turvallisesti.<\/p>","protected":false},"excerpt":{"rendered":"<p>Yleisk\u00e4ytt\u00f6inen kiinnikkeemme joko 4 lis\u00e4valolle tai 1-2 pitk\u00e4lle kiinte\u00e4n valopisteen valopalkille.<\/p>","protected":false},"featured_media":15746,"comment_status":"open","ping_status":"closed","template":"","meta":{"_acf_changed":false,"_smort_price_nok":"529","_smort_price_dkk":"336","_smort_price_eur":"45","_smort_sale_price_nok":"","_smort_sale_price_dkk":"","_smort_sale_price_eur":"","smort_restorder":"","shipmondo_restorder":"","_kad_blocks_custom_css":"","_kad_blocks_head_custom_js":"","_kad_blocks_body_custom_js":"","_kad_blocks_footer_custom_js":"","smort_custom_pricelist_1":"316.8","smort_custom_pricelist_2":"277.2","smort_custom_pricelist_3":"257.4","smort_custom_pricelist_4":"396","smort_custom_pricelist_5":"277.2"},"anvandningsomrade":[],"bilmarken":[],"product_brand":[103],"product_cat":[2534,2461,2828,2535,2826,2823,2536,390],"product_tag":[],"class_list":{"0":"post-15743","1":"product","2":"type-product","3":"status-publish","4":"has-post-thumbnail","6":"product_brand-luxtar","7":"product_cat-extraljusfaste-extraljus","8":"product_cat-fasten-installation","9":"product_cat-installation-led-ramper","10":"product_cat-tillbehor-ledramper","11":"product_cat-luxtar","12":"product_cat-luxtar-ovriga-produkter","13":"product_cat-tillbehor-tillbehor-ledramper","14":"product_cat-installation","16":"first","17":"instock","18":"taxable","19":"shipping-taxable","20":"purchasable","21":"product-type-simple"},"bundled_by":[],"bundle_stock_status":"instock","bundle_stock_quantity":33,"bundle_virtual":false,"bundle_layout":"","bundle_add_to_cart_form_location":"","bundle_editable_in_cart":false,"bundle_sold_individually_context":"","bundle_item_grouping":"","bundle_min_size":"","bundle_max_size":"","bundle_price":[],"bundled_items":[],"bundle_sell_ids":[],"acf":[],"yoast_head":"<!-- This site is optimized with the Yoast SEO plugin v27.0 - https:\/\/yoast.com\/product\/yoast-seo-wordpress\/ -->\n<title>Luxtar Extraljusf\u00e4ste Svart 4\/ 225mm | Long fixpoints - Xenonkungen<\/title>\n<meta name=\"robots\" content=\"index, follow, max-snippet:-1, max-image-preview:large, max-video-preview:-1\" \/>\n<link rel=\"canonical\" href=\"https:\/\/xenonkungen.com\/fi\/tuote\/luxtar-lisavalaisin-musta-4-kpl-225-mm-pitkia-kiinnityspisteita\/\" \/>\n<meta property=\"og:locale\" content=\"fi_FI\" \/>\n<meta property=\"og:type\" content=\"article\" \/>\n<meta property=\"og:title\" content=\"Luxtar Extraljusf\u00e4ste Svart 4\/ 225mm | Long fixpoints - Xenonkungen\" \/>\n<meta property=\"og:description\" content=\"V\u00e5rt universala f\u00e4ste f\u00f6r antingen 4 extraljus eller 1-2 ledramper med long fixpoints\" \/>\n<meta property=\"og:url\" content=\"https:\/\/xenonkungen.com\/fi\/tuote\/luxtar-lisavalaisin-musta-4-kpl-225-mm-pitkia-kiinnityspisteita\/\" \/>\n<meta property=\"og:site_name\" content=\"Xenonkungen\" \/>\n<meta property=\"article:modified_time\" content=\"2026-04-01T06:56:20+00:00\" \/>\n<meta property=\"og:image\" content=\"https:\/\/xenonkungen.com\/wp-content\/uploads\/2025\/10\/EXTRAL1.png\" \/>\n\t<meta property=\"og:image:width\" content=\"2400\" \/>\n\t<meta property=\"og:image:height\" content=\"934\" \/>\n\t<meta property=\"og:image:type\" content=\"image\/png\" \/>\n<meta name=\"twitter:card\" content=\"summary_large_image\" \/>\n<meta name=\"twitter:label1\" content=\"Arvioitu lukuaika\" \/>\n\t<meta name=\"twitter:data1\" content=\"1 minuutti\" \/>\n<script type=\"application\/ld+json\" class=\"yoast-schema-graph\">{\"@context\":\"https:\/\/schema.org\",\"@graph\":[{\"@type\":\"WebPage\",\"@id\":\"https:\/\/xenonkungen.com\/produkt\/luxtar-extraljusfaste-svart-4-225mm-long-fixpoints\/\",\"url\":\"https:\/\/xenonkungen.com\/produkt\/luxtar-extraljusfaste-svart-4-225mm-long-fixpoints\/\",\"name\":\"Luxtar Extraljusf\u00e4ste Svart 4\/ 225mm | Long fixpoints - Xenonkungen\",\"isPartOf\":{\"@id\":\"https:\/\/xenonkungen.com\/#website\"},\"primaryImageOfPage\":{\"@id\":\"https:\/\/xenonkungen.com\/produkt\/luxtar-extraljusfaste-svart-4-225mm-long-fixpoints\/#primaryimage\"},\"image\":{\"@id\":\"https:\/\/xenonkungen.com\/produkt\/luxtar-extraljusfaste-svart-4-225mm-long-fixpoints\/#primaryimage\"},\"thumbnailUrl\":\"https:\/\/xenonkungen.com\/wp-content\/uploads\/2025\/10\/EXTRAL1.png\",\"datePublished\":\"2025-10-15T13:42:42+00:00\",\"dateModified\":\"2026-04-01T06:56:20+00:00\",\"breadcrumb\":{\"@id\":\"https:\/\/xenonkungen.com\/produkt\/luxtar-extraljusfaste-svart-4-225mm-long-fixpoints\/#breadcrumb\"},\"inLanguage\":\"fi\",\"potentialAction\":[{\"@type\":\"ReadAction\",\"target\":[\"https:\/\/xenonkungen.com\/produkt\/luxtar-extraljusfaste-svart-4-225mm-long-fixpoints\/\"]}]},{\"@type\":\"ImageObject\",\"inLanguage\":\"fi\",\"@id\":\"https:\/\/xenonkungen.com\/produkt\/luxtar-extraljusfaste-svart-4-225mm-long-fixpoints\/#primaryimage\",\"url\":\"https:\/\/xenonkungen.com\/wp-content\/uploads\/2025\/10\/EXTRAL1.png\",\"contentUrl\":\"https:\/\/xenonkungen.com\/wp-content\/uploads\/2025\/10\/EXTRAL1.png\",\"width\":2400,\"height\":934},{\"@type\":\"BreadcrumbList\",\"@id\":\"https:\/\/xenonkungen.com\/produkt\/luxtar-extraljusfaste-svart-4-225mm-long-fixpoints\/#breadcrumb\",\"itemListElement\":[{\"@type\":\"ListItem\",\"position\":1,\"name\":\"Hem\",\"item\":\"https:\/\/xenonkungen.com\/\"},{\"@type\":\"ListItem\",\"position\":2,\"name\":\"Shop\",\"item\":\"https:\/\/xenonkungen.com\/shop\/\"},{\"@type\":\"ListItem\",\"position\":3,\"name\":\"Luxtar Extraljusf\u00e4ste Svart 4\/ 225mm | Long fixpoints\"}]},{\"@type\":\"WebSite\",\"@id\":\"https:\/\/xenonkungen.com\/#website\",\"url\":\"https:\/\/xenonkungen.com\/\",\"name\":\"Xenonkungen\",\"description\":\"\",\"potentialAction\":[{\"@type\":\"SearchAction\",\"target\":{\"@type\":\"EntryPoint\",\"urlTemplate\":\"https:\/\/xenonkungen.com\/?s={search_term_string}\"},\"query-input\":{\"@type\":\"PropertyValueSpecification\",\"valueRequired\":true,\"valueName\":\"search_term_string\"}}],\"inLanguage\":\"fi\"}]}<\/script>\n<!-- \/ Yoast SEO plugin. -->","yoast_head_json":{"title":"Luxtar Lis\u00e4valon kiinnike Musta 4\/225mm | Pitk\u00e4t kiinnityspisteet - Xenonkungen","robots":{"index":"index","follow":"follow","max-snippet":"max-snippet:-1","max-image-preview":"max-image-preview:large","max-video-preview":"max-video-preview:-1"},"canonical":"https:\/\/xenonkungen.com\/fi\/tuote\/luxtar-lisavalaisin-musta-4-kpl-225-mm-pitkia-kiinnityspisteita\/","og_locale":"fi_FI","og_type":"article","og_title":"Luxtar Extraljusf\u00e4ste Svart 4\/ 225mm | Long fixpoints - Xenonkungen","og_description":"V\u00e5rt universala f\u00e4ste f\u00f6r antingen 4 extraljus eller 1-2 ledramper med long fixpoints","og_url":"https:\/\/xenonkungen.com\/fi\/tuote\/luxtar-lisavalaisin-musta-4-kpl-225-mm-pitkia-kiinnityspisteita\/","og_site_name":"Xenonkungen","article_modified_time":"2026-04-01T06:56:20+00:00","og_image":[{"width":2400,"height":934,"url":"https:\/\/xenonkungen.com\/wp-content\/uploads\/2025\/10\/EXTRAL1.png","type":"image\/png"}],"twitter_card":"summary_large_image","twitter_misc":{"Arvioitu lukuaika":"1 minuutti"},"schema":{"@context":"https:\/\/schema.org","@graph":[{"@type":"WebPage","@id":"https:\/\/xenonkungen.com\/produkt\/luxtar-extraljusfaste-svart-4-225mm-long-fixpoints\/","url":"https:\/\/xenonkungen.com\/produkt\/luxtar-extraljusfaste-svart-4-225mm-long-fixpoints\/","name":"Luxtar Lis\u00e4valon kiinnike Musta 4\/225mm | Pitk\u00e4t kiinnityspisteet - Xenonkungen","isPartOf":{"@id":"https:\/\/xenonkungen.com\/#website"},"primaryImageOfPage":{"@id":"https:\/\/xenonkungen.com\/produkt\/luxtar-extraljusfaste-svart-4-225mm-long-fixpoints\/#primaryimage"},"image":{"@id":"https:\/\/xenonkungen.com\/produkt\/luxtar-extraljusfaste-svart-4-225mm-long-fixpoints\/#primaryimage"},"thumbnailUrl":"https:\/\/xenonkungen.com\/wp-content\/uploads\/2025\/10\/EXTRAL1.png","datePublished":"2025-10-15T13:42:42+00:00","dateModified":"2026-04-01T06:56:20+00:00","breadcrumb":{"@id":"https:\/\/xenonkungen.com\/produkt\/luxtar-extraljusfaste-svart-4-225mm-long-fixpoints\/#breadcrumb"},"inLanguage":"fi","potentialAction":[{"@type":"ReadAction","target":["https:\/\/xenonkungen.com\/produkt\/luxtar-extraljusfaste-svart-4-225mm-long-fixpoints\/"]}]},{"@type":"ImageObject","inLanguage":"fi","@id":"https:\/\/xenonkungen.com\/produkt\/luxtar-extraljusfaste-svart-4-225mm-long-fixpoints\/#primaryimage","url":"https:\/\/xenonkungen.com\/wp-content\/uploads\/2025\/10\/EXTRAL1.png","contentUrl":"https:\/\/xenonkungen.com\/wp-content\/uploads\/2025\/10\/EXTRAL1.png","width":2400,"height":934},{"@type":"BreadcrumbList","@id":"https:\/\/xenonkungen.com\/produkt\/luxtar-extraljusfaste-svart-4-225mm-long-fixpoints\/#breadcrumb","itemListElement":[{"@type":"ListItem","position":1,"name":"Hem","item":"https:\/\/xenonkungen.com\/"},{"@type":"ListItem","position":2,"name":"Shop","item":"https:\/\/xenonkungen.com\/shop\/"},{"@type":"ListItem","position":3,"name":"Luxtar Extraljusf\u00e4ste Svart 4\/ 225mm | Long fixpoints"}]},{"@type":"WebSite","@id":"https:\/\/xenonkungen.com\/#website","url":"https:\/\/xenonkungen.com\/","name":"Xenonkungen","description":"","potentialAction":[{"@type":"SearchAction","target":{"@type":"EntryPoint","urlTemplate":"https:\/\/xenonkungen.com\/?s={search_term_string}"},"query-input":{"@type":"PropertyValueSpecification","valueRequired":true,"valueName":"search_term_string"}}],"inLanguage":"fi"}]}},"taxonomy_info":{"product_brand":[{"value":103,"label":"LUXTAR"}],"product_cat":[{"value":2534,"label":"Extraljusf\u00e4ste"},{"value":2461,"label":"F\u00e4sten"},{"value":2828,"label":"Installation LED-ramper"},{"value":2535,"label":"LEDRAMPER"},{"value":2826,"label":"LUXTAR"},{"value":2823,"label":"Luxtar - \u00d6vriga produkter"},{"value":2536,"label":"Tillbeh\u00f6r"},{"value":390,"label":"Installation"}]},"featured_image_src_large":["https:\/\/xenonkungen.com\/wp-content\/uploads\/2025\/10\/EXTRAL1-1024x399.png",1024,399,true],"author_info":[],"comment_info":0,"_links":{"self":[{"href":"https:\/\/xenonkungen.com\/fi\/wp-json\/wp\/v2\/product\/15743","targetHints":{"allow":["GET"]}}],"collection":[{"href":"https:\/\/xenonkungen.com\/fi\/wp-json\/wp\/v2\/product"}],"about":[{"href":"https:\/\/xenonkungen.com\/fi\/wp-json\/wp\/v2\/types\/product"}],"replies":[{"embeddable":true,"href":"https:\/\/xenonkungen.com\/fi\/wp-json\/wp\/v2\/comments?post=15743"}],"wp:featuredmedia":[{"embeddable":true,"href":"https:\/\/xenonkungen.com\/fi\/wp-json\/wp\/v2\/media\/15746"}],"wp:attachment":[{"href":"https:\/\/xenonkungen.com\/fi\/wp-json\/wp\/v2\/media?parent=15743"}],"wp:term":[{"taxonomy":"anvandningsomrade","embeddable":true,"href":"https:\/\/xenonkungen.com\/fi\/wp-json\/wp\/v2\/anvandningsomrade?post=15743"},{"taxonomy":"bilmarken","embeddable":true,"href":"https:\/\/xenonkungen.com\/fi\/wp-json\/wp\/v2\/bilmarken?post=15743"},{"taxonomy":"product_brand","embeddable":true,"href":"https:\/\/xenonkungen.com\/fi\/wp-json\/wp\/v2\/product_brand?post=15743"},{"taxonomy":"product_cat","embeddable":true,"href":"https:\/\/xenonkungen.com\/fi\/wp-json\/wp\/v2\/product_cat?post=15743"},{"taxonomy":"product_tag","embeddable":true,"href":"https:\/\/xenonkungen.com\/fi\/wp-json\/wp\/v2\/product_tag?post=15743"}],"curies":[{"name":"wp","href":"https:\/\/api.w.org\/{rel}","templated":true}]}}