{"id":1582,"date":"2025-04-15T08:24:46","date_gmt":"2025-04-15T08:24:46","guid":{"rendered":"https:\/\/xenonkungen.com\/product\/speed-start-rela-hns-c-canbus\/"},"modified":"2026-04-10T17:39:52","modified_gmt":"2026-04-10T16:39:52","slug":"nopeuden-kaynnistysrele-hns-c-canbus","status":"publish","type":"product","link":"https:\/\/xenonkungen.com\/fi\/tuote\/nopeuden-kaynnistysrele-hns-c-canbus\/","title":{"rendered":"Nopeuden k\u00e4ynnistysrele HNS-C Canbus"},"content":{"rendered":"<p>Mahdollistaa virheett\u00f6m\u00e4n toiminnan ja toiminnan ksenon-muunnoksen aikana, kun <strong>kaikki 35W - 70W<\/strong> liit\u00e4nt\u00e4laitteet autoihin, joissa on canbus-valonvalvonta.<\/p>\n<p>Olemassa olevat liit\u00e4nt\u00e4laitteen ominaisuudet, kuten Speed start, s\u00e4ilyv\u00e4t mukana toimitetulla virtajohdolla, joka liitet\u00e4\u00e4n auton akkuun (+) tai plus-napaan.<\/p>\n<p><strong>Huomaa<\/strong> ett\u00e4 t\u00e4t\u00e4 tuotetta ei normaalisti tarvita ksenon-sarjojen\/liit\u00e4nt\u00e4laitteiden lis\u00e4ksi, jotka ovat jo Canbus-tyyppisi\u00e4.<br \/>\nT\u00e4m\u00e4 tuote (HNS-C) muuntaa kaikki 35-70 W:n liit\u00e4nt\u00e4laitteet\/sarjat Canbus-liit\u00e4nn\u00f6iksi.<\/p>\n<p><em>Automarkkinoilla voi aina olla poikkeuksia.<\/em><\/p>\n<p><strong>Tiedossamme olevat poikkeukset:<\/strong><br \/>\n&#8211;<\/p>\n<p>K\u00e4ytt\u00f6: Kaikille 35\u201370 W:n liit\u00e4nt\u00e4laitteille<br \/>\nVolt: <strong>12V DC<\/strong><br \/>\nK\u00e4ytt\u00f6ymp\u00e4rist\u00f6: -40\u00b0 - +85\u00b0 C<\/p>\n<p>Sis\u00e4lt\u00f6:<br \/>\n2 HNS-C-moduulia<br \/>\n1 kpl virtajohto (+)<\/p>\n<p><strong>1 vuoden takuu.<\/strong><\/p>","protected":false},"excerpt":{"rendered":"<p>Lis\u00e4varusteita xenon-sarjoillemme, joissa on liit\u00e4nt\u00e4laite HNS-4, HNS-5 ja HNS-6.<\/p>","protected":false},"featured_media":1583,"comment_status":"closed","ping_status":"closed","template":"","meta":{"_acf_changed":false,"_smort_price_nok":"338","_smort_price_dkk":"268","_smort_price_eur":"35.91","_smort_sale_price_nok":"338","_smort_sale_price_dkk":"","_smort_sale_price_eur":"28.73","smort_restorder":"","shipmondo_restorder":"","_kad_blocks_custom_css":"","_kad_blocks_head_custom_js":"","_kad_blocks_body_custom_js":"","_kad_blocks_footer_custom_js":"","smort_custom_pricelist_1":"252.8","smort_custom_pricelist_2":"130","smort_custom_pricelist_3":"123.5","smort_custom_pricelist_4":"316","smort_custom_pricelist_5":"130"},"anvandningsomrade":[],"bilmarken":[],"product_brand":[2793],"product_cat":[1402],"product_tag":[],"class_list":{"0":"post-1582","1":"product","2":"type-product","3":"status-publish","4":"has-post-thumbnail","6":"product_brand-ovrigt","7":"product_cat-outlet","8":"pa_volt-v-159","10":"first","11":"instock","12":"sale","13":"taxable","14":"shipping-taxable","15":"purchasable","16":"product-type-simple"},"bundled_by":[],"bundle_stock_status":"instock","bundle_stock_quantity":9,"bundle_virtual":false,"bundle_layout":"","bundle_add_to_cart_form_location":"","bundle_editable_in_cart":false,"bundle_sold_individually_context":"","bundle_item_grouping":"","bundle_min_size":"","bundle_max_size":"","bundle_price":[],"bundled_items":[],"bundle_sell_ids":[],"acf":[],"yoast_head":"<!-- This site is optimized with the Yoast SEO plugin v27.0 - https:\/\/yoast.com\/product\/yoast-seo-wordpress\/ -->\n<title>Speed Start Rel\u00e4 HNS-C Canbus - Xenonkungen<\/title>\n<meta name=\"robots\" content=\"index, follow, max-snippet:-1, max-image-preview:large, max-video-preview:-1\" \/>\n<link rel=\"canonical\" href=\"https:\/\/xenonkungen.com\/fi\/tuote\/nopeuden-kaynnistysrele-hns-c-canbus\/\" \/>\n<meta property=\"og:locale\" content=\"fi_FI\" \/>\n<meta property=\"og:type\" content=\"article\" \/>\n<meta property=\"og:title\" content=\"Speed Start Rel\u00e4 HNS-C Canbus - Xenonkungen\" \/>\n<meta property=\"og:description\" content=\"Extra tillbeh\u00f6r f\u00f6r v\u00e5ra xenonkit med ballast HNS-4, HNS-5 och HNS-6.\" \/>\n<meta property=\"og:url\" content=\"https:\/\/xenonkungen.com\/fi\/tuote\/nopeuden-kaynnistysrele-hns-c-canbus\/\" \/>\n<meta property=\"og:site_name\" content=\"Xenonkungen\" \/>\n<meta property=\"article:modified_time\" content=\"2026-04-10T16:39:52+00:00\" \/>\n<meta property=\"og:image\" content=\"https:\/\/xenonkungen.com\/wp-content\/uploads\/2025\/04\/1188118-origpic-278a9a.jpg\" \/>\n\t<meta property=\"og:image:width\" content=\"1000\" \/>\n\t<meta property=\"og:image:height\" content=\"1000\" \/>\n\t<meta property=\"og:image:type\" content=\"image\/jpeg\" \/>\n<meta name=\"twitter:card\" content=\"summary_large_image\" \/>\n<meta name=\"twitter:label1\" content=\"Arvioitu lukuaika\" \/>\n\t<meta name=\"twitter:data1\" content=\"1 minuutti\" \/>\n<script type=\"application\/ld+json\" class=\"yoast-schema-graph\">{\"@context\":\"https:\/\/schema.org\",\"@graph\":[{\"@type\":\"WebPage\",\"@id\":\"https:\/\/xenonkungen.com\/no\/produkt\/hastighetsstartrele-hns-c-canbus\/\",\"url\":\"https:\/\/xenonkungen.com\/no\/produkt\/hastighetsstartrele-hns-c-canbus\/\",\"name\":\"Speed Start Rel\u00e4 HNS-C Canbus - Xenonkungen\",\"isPartOf\":{\"@id\":\"https:\/\/xenonkungen.com\/#website\"},\"primaryImageOfPage\":{\"@id\":\"https:\/\/xenonkungen.com\/no\/produkt\/hastighetsstartrele-hns-c-canbus\/#primaryimage\"},\"image\":{\"@id\":\"https:\/\/xenonkungen.com\/no\/produkt\/hastighetsstartrele-hns-c-canbus\/#primaryimage\"},\"thumbnailUrl\":\"https:\/\/xenonkungen.com\/wp-content\/uploads\/2025\/04\/1188118-origpic-278a9a.jpg\",\"datePublished\":\"2025-04-15T08:24:46+00:00\",\"dateModified\":\"2026-04-10T16:39:52+00:00\",\"breadcrumb\":{\"@id\":\"https:\/\/xenonkungen.com\/no\/produkt\/hastighetsstartrele-hns-c-canbus\/#breadcrumb\"},\"inLanguage\":\"fi\",\"potentialAction\":[{\"@type\":\"ReadAction\",\"target\":[\"https:\/\/xenonkungen.com\/no\/produkt\/hastighetsstartrele-hns-c-canbus\/\"]}]},{\"@type\":\"ImageObject\",\"inLanguage\":\"fi\",\"@id\":\"https:\/\/xenonkungen.com\/no\/produkt\/hastighetsstartrele-hns-c-canbus\/#primaryimage\",\"url\":\"https:\/\/xenonkungen.com\/wp-content\/uploads\/2025\/04\/1188118-origpic-278a9a.jpg\",\"contentUrl\":\"https:\/\/xenonkungen.com\/wp-content\/uploads\/2025\/04\/1188118-origpic-278a9a.jpg\",\"width\":1000,\"height\":1000},{\"@type\":\"BreadcrumbList\",\"@id\":\"https:\/\/xenonkungen.com\/no\/produkt\/hastighetsstartrele-hns-c-canbus\/#breadcrumb\",\"itemListElement\":[{\"@type\":\"ListItem\",\"position\":1,\"name\":\"Hem\",\"item\":\"https:\/\/xenonkungen.com\/\"},{\"@type\":\"ListItem\",\"position\":2,\"name\":\"Shop\",\"item\":\"https:\/\/xenonkungen.com\/shop\/\"},{\"@type\":\"ListItem\",\"position\":3,\"name\":\"Speed Start Rel\u00e4 HNS-C Canbus\"}]},{\"@type\":\"WebSite\",\"@id\":\"https:\/\/xenonkungen.com\/#website\",\"url\":\"https:\/\/xenonkungen.com\/\",\"name\":\"Xenonkungen\",\"description\":\"\",\"potentialAction\":[{\"@type\":\"SearchAction\",\"target\":{\"@type\":\"EntryPoint\",\"urlTemplate\":\"https:\/\/xenonkungen.com\/?s={search_term_string}\"},\"query-input\":{\"@type\":\"PropertyValueSpecification\",\"valueRequired\":true,\"valueName\":\"search_term_string\"}}],\"inLanguage\":\"fi\"}]}<\/script>\n<!-- \/ Yoast SEO plugin. -->","yoast_head_json":{"title":"Nopeusk\u00e4ynnistysrele HNS-C Canbus - Xenonkungen","robots":{"index":"index","follow":"follow","max-snippet":"max-snippet:-1","max-image-preview":"max-image-preview:large","max-video-preview":"max-video-preview:-1"},"canonical":"https:\/\/xenonkungen.com\/fi\/tuote\/nopeuden-kaynnistysrele-hns-c-canbus\/","og_locale":"fi_FI","og_type":"article","og_title":"Speed Start Rel\u00e4 HNS-C Canbus - Xenonkungen","og_description":"Extra tillbeh\u00f6r f\u00f6r v\u00e5ra xenonkit med ballast HNS-4, HNS-5 och HNS-6.","og_url":"https:\/\/xenonkungen.com\/fi\/tuote\/nopeuden-kaynnistysrele-hns-c-canbus\/","og_site_name":"Xenonkungen","article_modified_time":"2026-04-10T16:39:52+00:00","og_image":[{"width":1000,"height":1000,"url":"https:\/\/xenonkungen.com\/wp-content\/uploads\/2025\/04\/1188118-origpic-278a9a.jpg","type":"image\/jpeg"}],"twitter_card":"summary_large_image","twitter_misc":{"Arvioitu lukuaika":"1 minuutti"},"schema":{"@context":"https:\/\/schema.org","@graph":[{"@type":"WebPage","@id":"https:\/\/xenonkungen.com\/no\/produkt\/hastighetsstartrele-hns-c-canbus\/","url":"https:\/\/xenonkungen.com\/no\/produkt\/hastighetsstartrele-hns-c-canbus\/","name":"Nopeusk\u00e4ynnistysrele HNS-C Canbus - Xenonkungen","isPartOf":{"@id":"https:\/\/xenonkungen.com\/#website"},"primaryImageOfPage":{"@id":"https:\/\/xenonkungen.com\/no\/produkt\/hastighetsstartrele-hns-c-canbus\/#primaryimage"},"image":{"@id":"https:\/\/xenonkungen.com\/no\/produkt\/hastighetsstartrele-hns-c-canbus\/#primaryimage"},"thumbnailUrl":"https:\/\/xenonkungen.com\/wp-content\/uploads\/2025\/04\/1188118-origpic-278a9a.jpg","datePublished":"2025-04-15T08:24:46+00:00","dateModified":"2026-04-10T16:39:52+00:00","breadcrumb":{"@id":"https:\/\/xenonkungen.com\/no\/produkt\/hastighetsstartrele-hns-c-canbus\/#breadcrumb"},"inLanguage":"fi","potentialAction":[{"@type":"ReadAction","target":["https:\/\/xenonkungen.com\/no\/produkt\/hastighetsstartrele-hns-c-canbus\/"]}]},{"@type":"ImageObject","inLanguage":"fi","@id":"https:\/\/xenonkungen.com\/no\/produkt\/hastighetsstartrele-hns-c-canbus\/#primaryimage","url":"https:\/\/xenonkungen.com\/wp-content\/uploads\/2025\/04\/1188118-origpic-278a9a.jpg","contentUrl":"https:\/\/xenonkungen.com\/wp-content\/uploads\/2025\/04\/1188118-origpic-278a9a.jpg","width":1000,"height":1000},{"@type":"BreadcrumbList","@id":"https:\/\/xenonkungen.com\/no\/produkt\/hastighetsstartrele-hns-c-canbus\/#breadcrumb","itemListElement":[{"@type":"ListItem","position":1,"name":"Hem","item":"https:\/\/xenonkungen.com\/"},{"@type":"ListItem","position":2,"name":"Shop","item":"https:\/\/xenonkungen.com\/shop\/"},{"@type":"ListItem","position":3,"name":"Speed Start Rel\u00e4 HNS-C Canbus"}]},{"@type":"WebSite","@id":"https:\/\/xenonkungen.com\/#website","url":"https:\/\/xenonkungen.com\/","name":"Xenonkungen","description":"","potentialAction":[{"@type":"SearchAction","target":{"@type":"EntryPoint","urlTemplate":"https:\/\/xenonkungen.com\/?s={search_term_string}"},"query-input":{"@type":"PropertyValueSpecification","valueRequired":true,"valueName":"search_term_string"}}],"inLanguage":"fi"}]}},"taxonomy_info":{"product_brand":[{"value":2793,"label":"\u00d6VRIGT"}],"product_cat":[{"value":1402,"label":"Outlet"}],"pa_volt-v":[{"value":159,"label":"12"}]},"featured_image_src_large":["https:\/\/xenonkungen.com\/wp-content\/uploads\/2025\/04\/1188118-origpic-278a9a.jpg",1000,1000,false],"author_info":[],"comment_info":0,"_links":{"self":[{"href":"https:\/\/xenonkungen.com\/fi\/wp-json\/wp\/v2\/product\/1582","targetHints":{"allow":["GET"]}}],"collection":[{"href":"https:\/\/xenonkungen.com\/fi\/wp-json\/wp\/v2\/product"}],"about":[{"href":"https:\/\/xenonkungen.com\/fi\/wp-json\/wp\/v2\/types\/product"}],"replies":[{"embeddable":true,"href":"https:\/\/xenonkungen.com\/fi\/wp-json\/wp\/v2\/comments?post=1582"}],"wp:featuredmedia":[{"embeddable":true,"href":"https:\/\/xenonkungen.com\/fi\/wp-json\/wp\/v2\/media\/1583"}],"wp:attachment":[{"href":"https:\/\/xenonkungen.com\/fi\/wp-json\/wp\/v2\/media?parent=1582"}],"wp:term":[{"taxonomy":"anvandningsomrade","embeddable":true,"href":"https:\/\/xenonkungen.com\/fi\/wp-json\/wp\/v2\/anvandningsomrade?post=1582"},{"taxonomy":"bilmarken","embeddable":true,"href":"https:\/\/xenonkungen.com\/fi\/wp-json\/wp\/v2\/bilmarken?post=1582"},{"taxonomy":"product_brand","embeddable":true,"href":"https:\/\/xenonkungen.com\/fi\/wp-json\/wp\/v2\/product_brand?post=1582"},{"taxonomy":"product_cat","embeddable":true,"href":"https:\/\/xenonkungen.com\/fi\/wp-json\/wp\/v2\/product_cat?post=1582"},{"taxonomy":"product_tag","embeddable":true,"href":"https:\/\/xenonkungen.com\/fi\/wp-json\/wp\/v2\/product_tag?post=1582"}],"curies":[{"name":"wp","href":"https:\/\/api.w.org\/{rel}","templated":true}]}}