{"id":1587,"date":"2025-04-15T08:24:46","date_gmt":"2025-04-15T08:24:46","guid":{"rendered":"https:\/\/xenonkungen.com\/product\/canm8-styrstromssignal-till-extraljus-12v\/"},"modified":"2026-04-15T07:57:23","modified_gmt":"2026-04-15T06:57:23","slug":"canm8-ohjausvirtasignaali-lisavaloille-12v","status":"publish","type":"product","link":"https:\/\/xenonkungen.com\/fi\/tuote\/canm8-ohjausvirtasignaali-lisavaloille-12v\/","title":{"rendered":"CANM8 - Ohjausvirtasignaali lis\u00e4valolle 12V"},"content":{"rendered":"<h1>CANM8 - Ohjausvirtasignaali lis\u00e4valolle 12V<\/h1>\n<p>Autoihin, joissa kaukovalosignaalia ei ole saatavilla lis\u00e4valojen tai valopalkin ohjaamiseen relejohdotuksen tai XBB:n kautta.<\/p>\n<p>CANM8 kytkeytyy auton ODM-porttiin, jossa se tunnistaa kaukovalosignaalin.<\/p>\n<p>T\u00e4m\u00e4ntyyppist\u00e4 teknist\u00e4 moduulia tarvitaan erityisesti uudemmissa autoissa, joissa on t\u00e4ysi LED-valaistus, jossa sek\u00e4 l\u00e4hi- ett\u00e4 kaukovalo ovat LED-valoja.<\/p>\n<p>CANM8:a voidaan joissakin poikkeustapauksissa tarvita my\u00f6s muissa tapauksissa, joissa signaalia ei l\u00f6ydy tai sit\u00e4 on vaikea saada tavallisella relejohdotuksella tai XBB Dongle + Powerunitilla. <\/p>\n<p>Ohjelmaversiosta SKY-V2-176 alkaen Volvon CAN\/LIN-j\u00e4rjestelm\u00e4\u00e4 varten ei en\u00e4\u00e4 tarvita erillist\u00e4 laatikkoa. T\u00e4m\u00e4 laatikko toimii my\u00f6s n\u00e4iss\u00e4 malleissa. <\/p>\n<p>Toimii kaikissa Volvo 2017 ja uudemmissa Volvoissa. <\/p>\n<p>Katso liit\u00e4nt\u00e4ohjeet liitteest\u00e4.<\/p>\n<p>VAIHTOEHDOT:<br \/>Ei \u2013<br \/>Kyll\u00e4 \u2013 Sis\u00e4lt\u00e4\u00e4 induktiivisen Canbus-lukijan<\/p>\n<p>1 vuoden takuu.<\/p>","protected":false},"excerpt":{"rendered":"<p>T\u00e4m\u00e4n yksik\u00f6n avulla voit liitt\u00e4\u00e4 lis\u00e4valoja tai LED-valoja autoon, jossa ei ole klassista 12 V:n kaukovalojen aktivointia ajovalon etuosassa.<\/p>","protected":false},"featured_media":1588,"comment_status":"closed","ping_status":"open","template":"","meta":{"_acf_changed":false,"_smort_price_nok":"1383","_smort_price_dkk":"879","_smort_price_eur":"117.72","_smort_sale_price_nok":"","_smort_sale_price_dkk":"","_smort_sale_price_eur":"","smort_restorder":"","shipmondo_restorder":"","_kad_blocks_custom_css":"","_kad_blocks_head_custom_js":"","_kad_blocks_body_custom_js":"","_kad_blocks_footer_custom_js":"","smort_custom_pricelist_1":"828.8","smort_custom_pricelist_2":"725.2","smort_custom_pricelist_3":"673.4","smort_custom_pricelist_4":"1036","smort_custom_pricelist_5":"725.2"},"anvandningsomrade":[],"bilmarken":[],"product_brand":[],"product_cat":[2487,390],"product_tag":[],"class_list":{"0":"post-1587","1":"product","2":"type-product","3":"status-publish","4":"has-post-thumbnail","6":"product_cat-canbus-installation","7":"product_cat-installation","8":"pa_volt-v-159","10":"first","11":"instock","12":"taxable","13":"shipping-taxable","14":"purchasable","15":"product-type-simple"},"bundled_by":[],"bundle_stock_status":"instock","bundle_stock_quantity":11,"bundle_virtual":false,"bundle_layout":"","bundle_add_to_cart_form_location":"","bundle_editable_in_cart":false,"bundle_sold_individually_context":"","bundle_item_grouping":"","bundle_min_size":"","bundle_max_size":"","bundle_price":[],"bundled_items":[],"bundle_sell_ids":[],"acf":[],"yoast_head":"<!-- This site is optimized with the Yoast SEO plugin v27.0 - https:\/\/yoast.com\/product\/yoast-seo-wordpress\/ -->\n<title>CANM8 - Styrstr\u00f6mssignal till Extraljus 12V - Xenonkungen<\/title>\n<meta name=\"robots\" content=\"index, follow, max-snippet:-1, max-image-preview:large, max-video-preview:-1\" \/>\n<link rel=\"canonical\" href=\"https:\/\/xenonkungen.com\/fi\/tuote\/canm8-ohjausvirtasignaali-lisavaloille-12v\/\" \/>\n<meta property=\"og:locale\" content=\"fi_FI\" \/>\n<meta property=\"og:type\" content=\"article\" \/>\n<meta property=\"og:title\" content=\"CANM8 - Styrstr\u00f6mssignal till Extraljus 12V - Xenonkungen\" \/>\n<meta property=\"og:description\" content=\"Denna enhet l\u00e5ter er koppla extraljus eller ledramper p\u00e5 en bil som saknar en klassisk 12V aktivering av helljuset framme vid lyktan.\" \/>\n<meta property=\"og:url\" content=\"https:\/\/xenonkungen.com\/fi\/tuote\/canm8-ohjausvirtasignaali-lisavaloille-12v\/\" \/>\n<meta property=\"og:site_name\" content=\"Xenonkungen\" \/>\n<meta property=\"article:modified_time\" content=\"2026-04-15T06:57:23+00:00\" \/>\n<meta property=\"og:image\" content=\"https:\/\/xenonkungen.com\/wp-content\/uploads\/2025\/04\/95183645-origpic-fc6095.png\" \/>\n\t<meta property=\"og:image:width\" content=\"1000\" \/>\n\t<meta property=\"og:image:height\" content=\"1000\" \/>\n\t<meta property=\"og:image:type\" content=\"image\/png\" \/>\n<meta name=\"twitter:card\" content=\"summary_large_image\" \/>\n<meta name=\"twitter:label1\" content=\"Arvioitu lukuaika\" \/>\n\t<meta name=\"twitter:data1\" content=\"1 minuutti\" \/>\n<script type=\"application\/ld+json\" class=\"yoast-schema-graph\">{\"@context\":\"https:\/\/schema.org\",\"@graph\":[{\"@type\":\"WebPage\",\"@id\":\"https:\/\/xenonkungen.com\/produkt\/canm8-styrstromssignal-till-extraljus-12v\/\",\"url\":\"https:\/\/xenonkungen.com\/produkt\/canm8-styrstromssignal-till-extraljus-12v\/\",\"name\":\"CANM8 - Styrstr\u00f6mssignal till Extraljus 12V - Xenonkungen\",\"isPartOf\":{\"@id\":\"https:\/\/xenonkungen.com\/#website\"},\"primaryImageOfPage\":{\"@id\":\"https:\/\/xenonkungen.com\/produkt\/canm8-styrstromssignal-till-extraljus-12v\/#primaryimage\"},\"image\":{\"@id\":\"https:\/\/xenonkungen.com\/produkt\/canm8-styrstromssignal-till-extraljus-12v\/#primaryimage\"},\"thumbnailUrl\":\"https:\/\/xenonkungen.com\/wp-content\/uploads\/2025\/04\/95183645-origpic-fc6095.png\",\"datePublished\":\"2025-04-15T08:24:46+00:00\",\"dateModified\":\"2026-04-15T06:57:23+00:00\",\"breadcrumb\":{\"@id\":\"https:\/\/xenonkungen.com\/produkt\/canm8-styrstromssignal-till-extraljus-12v\/#breadcrumb\"},\"inLanguage\":\"fi\",\"potentialAction\":[{\"@type\":\"ReadAction\",\"target\":[\"https:\/\/xenonkungen.com\/produkt\/canm8-styrstromssignal-till-extraljus-12v\/\"]}]},{\"@type\":\"ImageObject\",\"inLanguage\":\"fi\",\"@id\":\"https:\/\/xenonkungen.com\/produkt\/canm8-styrstromssignal-till-extraljus-12v\/#primaryimage\",\"url\":\"https:\/\/xenonkungen.com\/wp-content\/uploads\/2025\/04\/95183645-origpic-fc6095.png\",\"contentUrl\":\"https:\/\/xenonkungen.com\/wp-content\/uploads\/2025\/04\/95183645-origpic-fc6095.png\",\"width\":1000,\"height\":1000},{\"@type\":\"BreadcrumbList\",\"@id\":\"https:\/\/xenonkungen.com\/produkt\/canm8-styrstromssignal-till-extraljus-12v\/#breadcrumb\",\"itemListElement\":[{\"@type\":\"ListItem\",\"position\":1,\"name\":\"Hem\",\"item\":\"https:\/\/xenonkungen.com\/\"},{\"@type\":\"ListItem\",\"position\":2,\"name\":\"Shop\",\"item\":\"https:\/\/xenonkungen.com\/shop\/\"},{\"@type\":\"ListItem\",\"position\":3,\"name\":\"CANM8 &#8211; Styrstr\u00f6mssignal till Extraljus 12V\"}]},{\"@type\":\"WebSite\",\"@id\":\"https:\/\/xenonkungen.com\/#website\",\"url\":\"https:\/\/xenonkungen.com\/\",\"name\":\"Xenonkungen\",\"description\":\"\",\"potentialAction\":[{\"@type\":\"SearchAction\",\"target\":{\"@type\":\"EntryPoint\",\"urlTemplate\":\"https:\/\/xenonkungen.com\/?s={search_term_string}\"},\"query-input\":{\"@type\":\"PropertyValueSpecification\",\"valueRequired\":true,\"valueName\":\"search_term_string\"}}],\"inLanguage\":\"fi\"}]}<\/script>\n<!-- \/ Yoast SEO plugin. -->","yoast_head_json":{"title":"CANM8 - Lis\u00e4valon ohjausvirtasignaali 12V - Xenonkungen","robots":{"index":"index","follow":"follow","max-snippet":"max-snippet:-1","max-image-preview":"max-image-preview:large","max-video-preview":"max-video-preview:-1"},"canonical":"https:\/\/xenonkungen.com\/fi\/tuote\/canm8-ohjausvirtasignaali-lisavaloille-12v\/","og_locale":"fi_FI","og_type":"article","og_title":"CANM8 - Styrstr\u00f6mssignal till Extraljus 12V - Xenonkungen","og_description":"Denna enhet l\u00e5ter er koppla extraljus eller ledramper p\u00e5 en bil som saknar en klassisk 12V aktivering av helljuset framme vid lyktan.","og_url":"https:\/\/xenonkungen.com\/fi\/tuote\/canm8-ohjausvirtasignaali-lisavaloille-12v\/","og_site_name":"Xenonkungen","article_modified_time":"2026-04-15T06:57:23+00:00","og_image":[{"width":1000,"height":1000,"url":"https:\/\/xenonkungen.com\/wp-content\/uploads\/2025\/04\/95183645-origpic-fc6095.png","type":"image\/png"}],"twitter_card":"summary_large_image","twitter_misc":{"Arvioitu lukuaika":"1 minuutti"},"schema":{"@context":"https:\/\/schema.org","@graph":[{"@type":"WebPage","@id":"https:\/\/xenonkungen.com\/produkt\/canm8-styrstromssignal-till-extraljus-12v\/","url":"https:\/\/xenonkungen.com\/produkt\/canm8-styrstromssignal-till-extraljus-12v\/","name":"CANM8 - Lis\u00e4valon ohjausvirtasignaali 12V - Xenonkungen","isPartOf":{"@id":"https:\/\/xenonkungen.com\/#website"},"primaryImageOfPage":{"@id":"https:\/\/xenonkungen.com\/produkt\/canm8-styrstromssignal-till-extraljus-12v\/#primaryimage"},"image":{"@id":"https:\/\/xenonkungen.com\/produkt\/canm8-styrstromssignal-till-extraljus-12v\/#primaryimage"},"thumbnailUrl":"https:\/\/xenonkungen.com\/wp-content\/uploads\/2025\/04\/95183645-origpic-fc6095.png","datePublished":"2025-04-15T08:24:46+00:00","dateModified":"2026-04-15T06:57:23+00:00","breadcrumb":{"@id":"https:\/\/xenonkungen.com\/produkt\/canm8-styrstromssignal-till-extraljus-12v\/#breadcrumb"},"inLanguage":"fi","potentialAction":[{"@type":"ReadAction","target":["https:\/\/xenonkungen.com\/produkt\/canm8-styrstromssignal-till-extraljus-12v\/"]}]},{"@type":"ImageObject","inLanguage":"fi","@id":"https:\/\/xenonkungen.com\/produkt\/canm8-styrstromssignal-till-extraljus-12v\/#primaryimage","url":"https:\/\/xenonkungen.com\/wp-content\/uploads\/2025\/04\/95183645-origpic-fc6095.png","contentUrl":"https:\/\/xenonkungen.com\/wp-content\/uploads\/2025\/04\/95183645-origpic-fc6095.png","width":1000,"height":1000},{"@type":"BreadcrumbList","@id":"https:\/\/xenonkungen.com\/produkt\/canm8-styrstromssignal-till-extraljus-12v\/#breadcrumb","itemListElement":[{"@type":"ListItem","position":1,"name":"Hem","item":"https:\/\/xenonkungen.com\/"},{"@type":"ListItem","position":2,"name":"Shop","item":"https:\/\/xenonkungen.com\/shop\/"},{"@type":"ListItem","position":3,"name":"CANM8 &#8211; Styrstr\u00f6mssignal till Extraljus 12V"}]},{"@type":"WebSite","@id":"https:\/\/xenonkungen.com\/#website","url":"https:\/\/xenonkungen.com\/","name":"Xenonkungen","description":"","potentialAction":[{"@type":"SearchAction","target":{"@type":"EntryPoint","urlTemplate":"https:\/\/xenonkungen.com\/?s={search_term_string}"},"query-input":{"@type":"PropertyValueSpecification","valueRequired":true,"valueName":"search_term_string"}}],"inLanguage":"fi"}]}},"taxonomy_info":{"product_cat":[{"value":2487,"label":"Canbus"},{"value":390,"label":"Installation"}],"pa_volt-v":[{"value":159,"label":"12"}]},"featured_image_src_large":["https:\/\/xenonkungen.com\/wp-content\/uploads\/2025\/04\/95183645-origpic-fc6095.png",1000,1000,false],"author_info":[],"comment_info":0,"_links":{"self":[{"href":"https:\/\/xenonkungen.com\/fi\/wp-json\/wp\/v2\/product\/1587","targetHints":{"allow":["GET"]}}],"collection":[{"href":"https:\/\/xenonkungen.com\/fi\/wp-json\/wp\/v2\/product"}],"about":[{"href":"https:\/\/xenonkungen.com\/fi\/wp-json\/wp\/v2\/types\/product"}],"replies":[{"embeddable":true,"href":"https:\/\/xenonkungen.com\/fi\/wp-json\/wp\/v2\/comments?post=1587"}],"wp:featuredmedia":[{"embeddable":true,"href":"https:\/\/xenonkungen.com\/fi\/wp-json\/wp\/v2\/media\/1588"}],"wp:attachment":[{"href":"https:\/\/xenonkungen.com\/fi\/wp-json\/wp\/v2\/media?parent=1587"}],"wp:term":[{"taxonomy":"anvandningsomrade","embeddable":true,"href":"https:\/\/xenonkungen.com\/fi\/wp-json\/wp\/v2\/anvandningsomrade?post=1587"},{"taxonomy":"bilmarken","embeddable":true,"href":"https:\/\/xenonkungen.com\/fi\/wp-json\/wp\/v2\/bilmarken?post=1587"},{"taxonomy":"product_brand","embeddable":true,"href":"https:\/\/xenonkungen.com\/fi\/wp-json\/wp\/v2\/product_brand?post=1587"},{"taxonomy":"product_cat","embeddable":true,"href":"https:\/\/xenonkungen.com\/fi\/wp-json\/wp\/v2\/product_cat?post=1587"},{"taxonomy":"product_tag","embeddable":true,"href":"https:\/\/xenonkungen.com\/fi\/wp-json\/wp\/v2\/product_tag?post=1587"}],"curies":[{"name":"wp","href":"https:\/\/api.w.org\/{rel}","templated":true}]}}