{"id":1592,"date":"2025-04-15T08:24:46","date_gmt":"2025-04-15T08:24:46","guid":{"rendered":"https:\/\/xenonkungen.com\/product\/adapter-dt6-till-dtp\/"},"modified":"2026-04-24T16:38:19","modified_gmt":"2026-04-24T15:38:19","slug":"dt6-dtp-sovitin","status":"publish","type":"product","link":"https:\/\/xenonkungen.com\/fi\/tuote\/dt6-dtp-sovitin\/","title":{"rendered":"DT6-DTP-sovitin"},"content":{"rendered":"<p>K\u00e4yt\u00e4nn\u00f6nl\u00e4heisen <strong>DT6-DTP-sovitin<\/strong> yksinkertaistaa liit\u00e4nt\u00e4\u00e4 lis\u00e4valon DT6-liittimest\u00e4 standardoituun DTP-johdinsarjaan. T\u00e4ydellinen ratkaisu lis\u00e4valojen nopeaan ja helppoon asentamiseen ajoneuvoosi.<\/p>\n<h2>Yhteensopivuus<\/h2>\n<ul>\n<li>Sopii <strong>plug &amp; play<\/strong> V-Sight Tronin kanssa.<\/li>\n<li>Voidaan k\u00e4ytt\u00e4\u00e4 my\u00f6s muiden lis\u00e4valojen kanssa, joissa on DT6-liittimet.<\/li>\n<\/ul>\n<p><strong>HUOMIO!<\/strong> Tarkista, ett\u00e4 plus ja miinus ovat samassa asennossa lis\u00e4valossa kuin sovittimessa, jotta se toimii oikein.<\/p>\n<h2>Joustava liitett\u00e4vyys<\/h2>\n<p>Sovittimessa on valmiit liitosholkit valaisimen lis\u00e4toimintoja, kuten asentovaloa, salamakuviota, e-boostia ja vastaavia varten. N\u00e4in voit helposti liitt\u00e4\u00e4 useita lis\u00e4valoja ajoneuvoosi, mik\u00e4 s\u00e4\u00e4st\u00e4\u00e4 sek\u00e4 aikaa ett\u00e4 ty\u00f6t\u00e4.<\/p>\n<h2>Ominaisuudet ja toiminnot<\/h2>\n<ul>\n<li>Helppo siirtyminen DT6:sta DTP:hen.<\/li>\n<li>Plug &amp; Play -asennus yhteensopiviin malleihin.<\/li>\n<li>Valmistaudu lis\u00e4ominaisuuksiin, joiden avulla voit hy\u00f6dynt\u00e4\u00e4 lis\u00e4valojen t\u00e4yden potentiaalin.<\/li>\n<\/ul>\n<p>Tee lis\u00e4valojen asennuksesta mahdollisimman sujuvaa ja turvallista t\u00e4m\u00e4n korkealaatuisen sovittimen avulla.<\/p>","protected":false},"excerpt":{"rendered":"<p>Med v\u00e5r praktiska DT6 till DTP-adapter f\u00f6renklar du anslutningen fr\u00e5n extraljusets DT6-kontakt till ett standardiserat DTP-kablage. En perfekt l\u00f6sning f\u00f6r snabb och enkel installation av extraljus p\u00e5 ditt fordon. Kompatibilitet Passar plug &amp; play med V-Sight Tron. Kan \u00e4ven anv\u00e4ndas med andra extraljus som har DT6-kontakter. OBS! Kontrollera att plus och minus ligger i samma [&hellip;]<\/p>","protected":false},"featured_media":1593,"comment_status":"closed","ping_status":"closed","template":"","meta":{"_acf_changed":false,"_smort_price_nok":"144","_smort_price_dkk":"92","_smort_price_eur":"12.27","_smort_sale_price_nok":"","_smort_sale_price_dkk":"","_smort_sale_price_eur":"","smort_restorder":"","shipmondo_restorder":"","_kad_blocks_custom_css":"","_kad_blocks_head_custom_js":"","_kad_blocks_body_custom_js":"","_kad_blocks_footer_custom_js":"","smort_custom_pricelist_1":"86.4","smort_custom_pricelist_2":"86.4","smort_custom_pricelist_3":"86.4","smort_custom_pricelist_4":"108","smort_custom_pricelist_5":"86.4"},"anvandningsomrade":[],"bilmarken":[],"product_brand":[117],"product_cat":[390],"product_tag":[],"class_list":{"0":"post-1592","1":"product","2":"type-product","3":"status-publish","4":"has-post-thumbnail","6":"product_brand-xenonkungen","7":"product_cat-installation","8":"pa_lampsockel-kontakt-dt6-dtp","10":"first","11":"instock","12":"taxable","13":"shipping-taxable","14":"purchasable","15":"product-type-simple"},"bundled_by":[],"bundle_stock_status":"instock","bundle_stock_quantity":7,"bundle_virtual":false,"bundle_layout":"","bundle_add_to_cart_form_location":"","bundle_editable_in_cart":false,"bundle_sold_individually_context":"","bundle_item_grouping":"","bundle_min_size":"","bundle_max_size":"","bundle_price":[],"bundled_items":[],"bundle_sell_ids":[],"acf":[],"yoast_head":"<!-- This site is optimized with the Yoast SEO plugin v27.0 - https:\/\/yoast.com\/product\/yoast-seo-wordpress\/ -->\n<title>Adapter DT6 till DTP - Xenonkungen<\/title>\n<meta name=\"robots\" content=\"index, follow, max-snippet:-1, max-image-preview:large, max-video-preview:-1\" \/>\n<link rel=\"canonical\" href=\"https:\/\/xenonkungen.com\/fi\/tuote\/dt6-dtp-sovitin\/\" \/>\n<meta property=\"og:locale\" content=\"fi_FI\" \/>\n<meta property=\"og:type\" content=\"article\" \/>\n<meta property=\"og:title\" content=\"Adapter DT6 till DTP - Xenonkungen\" \/>\n<meta property=\"og:description\" content=\"Med v\u00e5r praktiska DT6 till DTP-adapter f\u00f6renklar du anslutningen fr\u00e5n extraljusets DT6-kontakt till ett standardiserat DTP-kablage. En perfekt l\u00f6sning f\u00f6r snabb och enkel installation av extraljus p\u00e5 ditt fordon. Kompatibilitet Passar plug &amp; play med V-Sight Tron. Kan \u00e4ven anv\u00e4ndas med andra extraljus som har DT6-kontakter. OBS! Kontrollera att plus och minus ligger i samma [&hellip;]\" \/>\n<meta property=\"og:url\" content=\"https:\/\/xenonkungen.com\/fi\/tuote\/dt6-dtp-sovitin\/\" \/>\n<meta property=\"og:site_name\" content=\"Xenonkungen\" \/>\n<meta property=\"article:modified_time\" content=\"2026-04-24T15:38:19+00:00\" \/>\n<meta property=\"og:image\" content=\"https:\/\/xenonkungen.com\/wp-content\/uploads\/2025\/04\/140041-scaled.jpg\" \/>\n\t<meta property=\"og:image:width\" content=\"2560\" \/>\n\t<meta property=\"og:image:height\" content=\"2048\" \/>\n\t<meta property=\"og:image:type\" content=\"image\/jpeg\" \/>\n<meta name=\"twitter:card\" content=\"summary_large_image\" \/>\n<meta name=\"twitter:label1\" content=\"Arvioitu lukuaika\" \/>\n\t<meta name=\"twitter:data1\" content=\"1 minuutti\" \/>\n<script type=\"application\/ld+json\" class=\"yoast-schema-graph\">{\"@context\":\"https:\/\/schema.org\",\"@graph\":[{\"@type\":\"WebPage\",\"@id\":\"https:\/\/xenonkungen.com\/produkt\/adapter-dt6-till-dtp\/\",\"url\":\"https:\/\/xenonkungen.com\/produkt\/adapter-dt6-till-dtp\/\",\"name\":\"Adapter DT6 till DTP - Xenonkungen\",\"isPartOf\":{\"@id\":\"https:\/\/xenonkungen.com\/#website\"},\"primaryImageOfPage\":{\"@id\":\"https:\/\/xenonkungen.com\/produkt\/adapter-dt6-till-dtp\/#primaryimage\"},\"image\":{\"@id\":\"https:\/\/xenonkungen.com\/produkt\/adapter-dt6-till-dtp\/#primaryimage\"},\"thumbnailUrl\":\"https:\/\/xenonkungen.com\/wp-content\/uploads\/2025\/04\/140041-scaled.jpg\",\"datePublished\":\"2025-04-15T08:24:46+00:00\",\"dateModified\":\"2026-04-24T15:38:19+00:00\",\"breadcrumb\":{\"@id\":\"https:\/\/xenonkungen.com\/produkt\/adapter-dt6-till-dtp\/#breadcrumb\"},\"inLanguage\":\"fi\",\"potentialAction\":[{\"@type\":\"ReadAction\",\"target\":[\"https:\/\/xenonkungen.com\/produkt\/adapter-dt6-till-dtp\/\"]}]},{\"@type\":\"ImageObject\",\"inLanguage\":\"fi\",\"@id\":\"https:\/\/xenonkungen.com\/produkt\/adapter-dt6-till-dtp\/#primaryimage\",\"url\":\"https:\/\/xenonkungen.com\/wp-content\/uploads\/2025\/04\/140041-scaled.jpg\",\"contentUrl\":\"https:\/\/xenonkungen.com\/wp-content\/uploads\/2025\/04\/140041-scaled.jpg\",\"width\":2560,\"height\":2048},{\"@type\":\"BreadcrumbList\",\"@id\":\"https:\/\/xenonkungen.com\/produkt\/adapter-dt6-till-dtp\/#breadcrumb\",\"itemListElement\":[{\"@type\":\"ListItem\",\"position\":1,\"name\":\"Hem\",\"item\":\"https:\/\/xenonkungen.com\/\"},{\"@type\":\"ListItem\",\"position\":2,\"name\":\"Shop\",\"item\":\"https:\/\/xenonkungen.com\/shop\/\"},{\"@type\":\"ListItem\",\"position\":3,\"name\":\"Adapter DT6 till DTP\"}]},{\"@type\":\"WebSite\",\"@id\":\"https:\/\/xenonkungen.com\/#website\",\"url\":\"https:\/\/xenonkungen.com\/\",\"name\":\"Xenonkungen\",\"description\":\"\",\"potentialAction\":[{\"@type\":\"SearchAction\",\"target\":{\"@type\":\"EntryPoint\",\"urlTemplate\":\"https:\/\/xenonkungen.com\/?s={search_term_string}\"},\"query-input\":{\"@type\":\"PropertyValueSpecification\",\"valueRequired\":true,\"valueName\":\"search_term_string\"}}],\"inLanguage\":\"fi\"}]}<\/script>\n<!-- \/ Yoast SEO plugin. -->","yoast_head_json":{"title":"DT6-DTP-sovitin - Xenonkungen","robots":{"index":"index","follow":"follow","max-snippet":"max-snippet:-1","max-image-preview":"max-image-preview:large","max-video-preview":"max-video-preview:-1"},"canonical":"https:\/\/xenonkungen.com\/fi\/tuote\/dt6-dtp-sovitin\/","og_locale":"fi_FI","og_type":"article","og_title":"Adapter DT6 till DTP - Xenonkungen","og_description":"Med v\u00e5r praktiska DT6 till DTP-adapter f\u00f6renklar du anslutningen fr\u00e5n extraljusets DT6-kontakt till ett standardiserat DTP-kablage. En perfekt l\u00f6sning f\u00f6r snabb och enkel installation av extraljus p\u00e5 ditt fordon. Kompatibilitet Passar plug &amp; play med V-Sight Tron. Kan \u00e4ven anv\u00e4ndas med andra extraljus som har DT6-kontakter. OBS! Kontrollera att plus och minus ligger i samma [&hellip;]","og_url":"https:\/\/xenonkungen.com\/fi\/tuote\/dt6-dtp-sovitin\/","og_site_name":"Xenonkungen","article_modified_time":"2026-04-24T15:38:19+00:00","og_image":[{"width":2560,"height":2048,"url":"https:\/\/xenonkungen.com\/wp-content\/uploads\/2025\/04\/140041-scaled.jpg","type":"image\/jpeg"}],"twitter_card":"summary_large_image","twitter_misc":{"Arvioitu lukuaika":"1 minuutti"},"schema":{"@context":"https:\/\/schema.org","@graph":[{"@type":"WebPage","@id":"https:\/\/xenonkungen.com\/produkt\/adapter-dt6-till-dtp\/","url":"https:\/\/xenonkungen.com\/produkt\/adapter-dt6-till-dtp\/","name":"DT6-DTP-sovitin - Xenonkungen","isPartOf":{"@id":"https:\/\/xenonkungen.com\/#website"},"primaryImageOfPage":{"@id":"https:\/\/xenonkungen.com\/produkt\/adapter-dt6-till-dtp\/#primaryimage"},"image":{"@id":"https:\/\/xenonkungen.com\/produkt\/adapter-dt6-till-dtp\/#primaryimage"},"thumbnailUrl":"https:\/\/xenonkungen.com\/wp-content\/uploads\/2025\/04\/140041-scaled.jpg","datePublished":"2025-04-15T08:24:46+00:00","dateModified":"2026-04-24T15:38:19+00:00","breadcrumb":{"@id":"https:\/\/xenonkungen.com\/produkt\/adapter-dt6-till-dtp\/#breadcrumb"},"inLanguage":"fi","potentialAction":[{"@type":"ReadAction","target":["https:\/\/xenonkungen.com\/produkt\/adapter-dt6-till-dtp\/"]}]},{"@type":"ImageObject","inLanguage":"fi","@id":"https:\/\/xenonkungen.com\/produkt\/adapter-dt6-till-dtp\/#primaryimage","url":"https:\/\/xenonkungen.com\/wp-content\/uploads\/2025\/04\/140041-scaled.jpg","contentUrl":"https:\/\/xenonkungen.com\/wp-content\/uploads\/2025\/04\/140041-scaled.jpg","width":2560,"height":2048},{"@type":"BreadcrumbList","@id":"https:\/\/xenonkungen.com\/produkt\/adapter-dt6-till-dtp\/#breadcrumb","itemListElement":[{"@type":"ListItem","position":1,"name":"Hem","item":"https:\/\/xenonkungen.com\/"},{"@type":"ListItem","position":2,"name":"Shop","item":"https:\/\/xenonkungen.com\/shop\/"},{"@type":"ListItem","position":3,"name":"Adapter DT6 till DTP"}]},{"@type":"WebSite","@id":"https:\/\/xenonkungen.com\/#website","url":"https:\/\/xenonkungen.com\/","name":"Xenonkungen","description":"","potentialAction":[{"@type":"SearchAction","target":{"@type":"EntryPoint","urlTemplate":"https:\/\/xenonkungen.com\/?s={search_term_string}"},"query-input":{"@type":"PropertyValueSpecification","valueRequired":true,"valueName":"search_term_string"}}],"inLanguage":"fi"}]}},"taxonomy_info":{"product_brand":[{"value":117,"label":"Xenonkungen"}],"product_cat":[{"value":390,"label":"Installation"}],"pa_lampsockel-kontakt":[{"value":499,"label":"DT6, DTP"}]},"featured_image_src_large":["https:\/\/xenonkungen.com\/wp-content\/uploads\/2025\/04\/140041-1024x819.jpg",1024,819,true],"author_info":[],"comment_info":0,"_links":{"self":[{"href":"https:\/\/xenonkungen.com\/fi\/wp-json\/wp\/v2\/product\/1592","targetHints":{"allow":["GET"]}}],"collection":[{"href":"https:\/\/xenonkungen.com\/fi\/wp-json\/wp\/v2\/product"}],"about":[{"href":"https:\/\/xenonkungen.com\/fi\/wp-json\/wp\/v2\/types\/product"}],"replies":[{"embeddable":true,"href":"https:\/\/xenonkungen.com\/fi\/wp-json\/wp\/v2\/comments?post=1592"}],"wp:featuredmedia":[{"embeddable":true,"href":"https:\/\/xenonkungen.com\/fi\/wp-json\/wp\/v2\/media\/1593"}],"wp:attachment":[{"href":"https:\/\/xenonkungen.com\/fi\/wp-json\/wp\/v2\/media?parent=1592"}],"wp:term":[{"taxonomy":"anvandningsomrade","embeddable":true,"href":"https:\/\/xenonkungen.com\/fi\/wp-json\/wp\/v2\/anvandningsomrade?post=1592"},{"taxonomy":"bilmarken","embeddable":true,"href":"https:\/\/xenonkungen.com\/fi\/wp-json\/wp\/v2\/bilmarken?post=1592"},{"taxonomy":"product_brand","embeddable":true,"href":"https:\/\/xenonkungen.com\/fi\/wp-json\/wp\/v2\/product_brand?post=1592"},{"taxonomy":"product_cat","embeddable":true,"href":"https:\/\/xenonkungen.com\/fi\/wp-json\/wp\/v2\/product_cat?post=1592"},{"taxonomy":"product_tag","embeddable":true,"href":"https:\/\/xenonkungen.com\/fi\/wp-json\/wp\/v2\/product_tag?post=1592"}],"curies":[{"name":"wp","href":"https:\/\/api.w.org\/{rel}","templated":true}]}}