{"id":16082,"date":"2025-10-21T06:23:32","date_gmt":"2025-10-21T06:23:32","guid":{"rendered":"https:\/\/xenonkungen.com\/?post_type=product&#038;p=16082"},"modified":"2026-04-17T13:54:57","modified_gmt":"2026-04-17T12:54:57","slug":"xbb-valokatkaisin-versio-4-kaukovalojen-led-ksenonvilkku","status":"publish","type":"product","link":"https:\/\/xenonkungen.com\/fi\/tuote\/xbb-valokatkaisin-versio-4-kaukovalojen-led-ksenonvilkku\/","title":{"rendered":"XBB Lightswitch | Ver.4 | LED\/Xenon-valosignaali"},"content":{"rendered":"<h3 data-start=\"159\" data-end=\"221\">XBB-valonkytkin \u2013 \u00c4lyk\u00e4s tapa kytke\u00e4 lis\u00e4valoja<\/h3>\n<p data-start=\"223\" data-end=\"522\">XBB Lightswitch on innovatiivinen ruotsalainen tuote, joka tekee lis\u00e4valojen kytkemisest\u00e4 ajoneuvoon helpompaa kuin koskaan. Patentoidun tekniikan ansiosta Lightswitch lukee passiivisesti ajoneuvon kaukovalojen signaalin \u2013 ilman, ett\u00e4 sinun tarvitsee katkaista, juottaa tai vahingoittaa alkuper\u00e4ist\u00e4 johdotusta.<\/p>\n<p data-start=\"524\" data-end=\"678\">Saat nopean, turvallisen ja h\u00e4iri\u00f6tt\u00f6m\u00e4n asennuksen, joka toimii sek\u00e4 12 V ett\u00e4 24 V ajoneuvoissa riippumatta siit\u00e4, k\u00e4yt\u00e4tk\u00f6 halogeeni-, xenon- vai LED-valoja.<\/p>\n<h4 data-start=\"680\" data-end=\"713\">XBB-valonkytkimen edut<\/h4>\n<p data-start=\"715\" data-end=\"1231\">\u2022 Nopea ja helppo asennus \u2013 ei vaurioita ajoneuvon alkuper\u00e4iseen johdotukseen<br data-start=\"790\" data-end=\"793\" \/>\u2022 Kaukovalojen passiivinen luku \u2013 ei h\u00e4iritse ajoneuvon s\u00e4hk\u00f6j\u00e4rjestelm\u00e4\u00e4<br data-start=\"859\" data-end=\"862\" \/>\u2022 Mahdollisuus liitt\u00e4\u00e4 jopa kolme lis\u00e4valoa<br data-start=\"910\" data-end=\"913\" \/>\u2022 Voidaan kytke\u00e4 rinnan virransy\u00f6tt\u00f6\u00f6n, esimerkiksi valopalkkiin, jonka virrankesto on enint\u00e4\u00e4n 30 A<br data-start=\"985\" data-end=\"988\" \/>\u2022 Oikosulkusuojattu maksimaalisen turvallisuuden takaamiseksi<br data-start=\"1031\" data-end=\"1034\" \/>\u2022 Sis\u00e4\u00e4nrakennettu j\u00e4nnitteen ja virran valvonta jokaisessa l\u00e4hd\u00f6ss\u00e4<br data-start=\"1091\" data-end=\"1094\" \/>\u2022 Yhteensopiva halogeeni-, ksenon- ja LED-ajovalojen kanssa<br data-start=\"1146\" data-end=\"1149\" \/>\u2022 Toimii sek\u00e4 12 V:n ett\u00e4 24 V:n j\u00e4rjestelmiss\u00e4<br data-start=\"1187\" data-end=\"1190\" \/>\u2022 Ruotsalainen laatu ja patentoitu teknologia<\/p>\n<h4 data-start=\"1233\" data-end=\"1267\">Helppo asennus kolmessa vaiheessa<\/h4>\n<ol data-start=\"1269\" data-end=\"1413\">\n<li data-start=\"1269\" data-end=\"1320\">\n<p data-start=\"1272\" data-end=\"1320\">Tunnista ajoneuvon kaukovalojen virtajohto<\/p>\n<\/li>\n<li data-start=\"1321\" data-end=\"1360\">\n<p data-start=\"1324\" data-end=\"1360\">Kiinnit\u00e4 XBB-anturin liitin kaapeliin<\/p>\n<\/li>\n<li data-start=\"1361\" data-end=\"1413\">\n<p data-start=\"1364\" data-end=\"1413\">Liit\u00e4 lis\u00e4valot XBB-moduuliin \u2013 valmis!<\/p>\n<\/li>\n<\/ol>\n<p data-start=\"1687\" data-end=\"1775\">Erilaisia kaapeleita on saatavilla lis\u00e4varusteina k\u00e4ytett\u00e4v\u00e4n valaistuksen tyypist\u00e4 riippuen (myyd\u00e4\u00e4n erikseen).<\/p>\n<ul>\n<li class=\"product_title entry-title\"><strong>A<\/strong> =\u00a0<a href=\"https:\/\/xenonkungen.com\/produkt\/xbb-matningskabel-2m-30a360w\/\">XBB Virtal\u00e4hteen kaapeli 2m 30A|360W<\/a><\/li>\n<li class=\"product_title entry-title\"><strong>B<\/strong> =\u00a0<a href=\"https:\/\/xenonkungen.com\/produkt\/kabelsats-20a2m\/\">Kaapelisarja XBB 2M 20A<\/a><\/li>\n<li class=\"product_title entry-title\"><strong>C<\/strong> =\u00a0<a href=\"https:\/\/xenonkungen.com\/produkt\/xbb-kabelsett-2m-30a360w\/\">Kaapelisarja XBB 2M 30A<\/a><\/li>\n<\/ul>","protected":false},"excerpt":{"rendered":"<p>XBB Lightswitch \u2013 Smart s\u00e4ttet att koppla in extraljus XBB Lightswitch \u00e4r en innovativ svenskutvecklad produkt som g\u00f6r det enklare \u00e4n n\u00e5gonsin att koppla in extraljus p\u00e5 ditt fordon. Med den patenterade tekniken l\u00e4ser Lightswitch passivt av signalen fr\u00e5n fordonets helljus \u2013 helt utan att du beh\u00f6ver klippa, l\u00f6da eller g\u00f6ra \u00e5verkan p\u00e5 originalkablaget. Du [&hellip;]<\/p>","protected":false},"featured_media":16083,"comment_status":"open","ping_status":"closed","template":"","meta":{"_acf_changed":false,"_smort_price_nok":"1276","_smort_price_dkk":"811","_smort_price_eur":"108.63","_smort_sale_price_nok":"","_smort_sale_price_dkk":"","_smort_sale_price_eur":"","smort_restorder":"","shipmondo_restorder":"","_kad_blocks_custom_css":"","_kad_blocks_head_custom_js":"","_kad_blocks_body_custom_js":"","_kad_blocks_footer_custom_js":"","smort_custom_pricelist_1":"794.8","smort_custom_pricelist_2":"794.8","smort_custom_pricelist_3":"755.06","smort_custom_pricelist_4":"956","smort_custom_pricelist_5":"794.8"},"anvandningsomrade":[],"bilmarken":[],"product_brand":[115],"product_cat":[2487,2497,390],"product_tag":[],"class_list":{"0":"post-16082","1":"product","2":"type-product","3":"status-publish","4":"has-post-thumbnail","6":"product_brand-xbb","7":"product_cat-canbus-installation","8":"product_cat-xbb","9":"product_cat-installation","11":"first","12":"onbackorder","13":"taxable","14":"shipping-taxable","15":"purchasable","16":"product-type-simple"},"bundled_by":[],"bundle_stock_status":"onbackorder","bundle_stock_quantity":-2,"bundle_virtual":false,"bundle_layout":"","bundle_add_to_cart_form_location":"","bundle_editable_in_cart":false,"bundle_sold_individually_context":"","bundle_item_grouping":"","bundle_min_size":"","bundle_max_size":"","bundle_price":[],"bundled_items":[],"bundle_sell_ids":[],"acf":[],"yoast_head":"<!-- This site is optimized with the Yoast SEO plugin v27.0 - https:\/\/yoast.com\/product\/yoast-seo-wordpress\/ -->\n<title>XBB Lightswitch | Ver.4 | Helljussignal LED\/Xenon - Xenonkungen<\/title>\n<meta name=\"robots\" content=\"index, follow, max-snippet:-1, max-image-preview:large, max-video-preview:-1\" \/>\n<link rel=\"canonical\" href=\"https:\/\/xenonkungen.com\/fi\/tuote\/xbb-valokatkaisin-versio-4-kaukovalojen-led-ksenonvilkku\/\" \/>\n<meta property=\"og:locale\" content=\"fi_FI\" \/>\n<meta property=\"og:type\" content=\"article\" \/>\n<meta property=\"og:title\" content=\"XBB Lightswitch | Ver.4 | Helljussignal LED\/Xenon - Xenonkungen\" \/>\n<meta property=\"og:description\" content=\"XBB Lightswitch \u2013 Smart s\u00e4ttet att koppla in extraljus XBB Lightswitch \u00e4r en innovativ svenskutvecklad produkt som g\u00f6r det enklare \u00e4n n\u00e5gonsin att koppla in extraljus p\u00e5 ditt fordon. Med den patenterade tekniken l\u00e4ser Lightswitch passivt av signalen fr\u00e5n fordonets helljus \u2013 helt utan att du beh\u00f6ver klippa, l\u00f6da eller g\u00f6ra \u00e5verkan p\u00e5 originalkablaget. Du [&hellip;]\" \/>\n<meta property=\"og:url\" content=\"https:\/\/xenonkungen.com\/fi\/tuote\/xbb-valokatkaisin-versio-4-kaukovalojen-led-ksenonvilkku\/\" \/>\n<meta property=\"og:site_name\" content=\"Xenonkungen\" \/>\n<meta property=\"article:modified_time\" content=\"2026-04-17T12:54:57+00:00\" \/>\n<meta property=\"og:image\" content=\"https:\/\/xenonkungen.com\/wp-content\/uploads\/2025\/10\/XBB-Ver-4-OFFICIELL-Square-1024x773-1.jpg\" \/>\n\t<meta property=\"og:image:width\" content=\"1024\" \/>\n\t<meta property=\"og:image:height\" content=\"773\" \/>\n\t<meta property=\"og:image:type\" content=\"image\/jpeg\" \/>\n<meta name=\"twitter:card\" content=\"summary_large_image\" \/>\n<meta name=\"twitter:label1\" content=\"Arvioitu lukuaika\" \/>\n\t<meta name=\"twitter:data1\" content=\"2 minuuttia\" \/>\n<script type=\"application\/ld+json\" class=\"yoast-schema-graph\">{\"@context\":\"https:\/\/schema.org\",\"@graph\":[{\"@type\":\"WebPage\",\"@id\":\"https:\/\/xenonkungen.com\/produkt\/xbb-lightswitch-ver-4-helljussignal-led-xenon\/\",\"url\":\"https:\/\/xenonkungen.com\/produkt\/xbb-lightswitch-ver-4-helljussignal-led-xenon\/\",\"name\":\"XBB Lightswitch | Ver.4 | Helljussignal LED\/Xenon - Xenonkungen\",\"isPartOf\":{\"@id\":\"https:\/\/xenonkungen.com\/#website\"},\"primaryImageOfPage\":{\"@id\":\"https:\/\/xenonkungen.com\/produkt\/xbb-lightswitch-ver-4-helljussignal-led-xenon\/#primaryimage\"},\"image\":{\"@id\":\"https:\/\/xenonkungen.com\/produkt\/xbb-lightswitch-ver-4-helljussignal-led-xenon\/#primaryimage\"},\"thumbnailUrl\":\"https:\/\/xenonkungen.com\/wp-content\/uploads\/2025\/10\/XBB-Ver-4-OFFICIELL-Square-1024x773-1.jpg\",\"datePublished\":\"2025-10-21T06:23:32+00:00\",\"dateModified\":\"2026-04-17T12:54:57+00:00\",\"breadcrumb\":{\"@id\":\"https:\/\/xenonkungen.com\/produkt\/xbb-lightswitch-ver-4-helljussignal-led-xenon\/#breadcrumb\"},\"inLanguage\":\"fi\",\"potentialAction\":[{\"@type\":\"ReadAction\",\"target\":[\"https:\/\/xenonkungen.com\/produkt\/xbb-lightswitch-ver-4-helljussignal-led-xenon\/\"]}]},{\"@type\":\"ImageObject\",\"inLanguage\":\"fi\",\"@id\":\"https:\/\/xenonkungen.com\/produkt\/xbb-lightswitch-ver-4-helljussignal-led-xenon\/#primaryimage\",\"url\":\"https:\/\/xenonkungen.com\/wp-content\/uploads\/2025\/10\/XBB-Ver-4-OFFICIELL-Square-1024x773-1.jpg\",\"contentUrl\":\"https:\/\/xenonkungen.com\/wp-content\/uploads\/2025\/10\/XBB-Ver-4-OFFICIELL-Square-1024x773-1.jpg\",\"width\":1024,\"height\":773},{\"@type\":\"BreadcrumbList\",\"@id\":\"https:\/\/xenonkungen.com\/produkt\/xbb-lightswitch-ver-4-helljussignal-led-xenon\/#breadcrumb\",\"itemListElement\":[{\"@type\":\"ListItem\",\"position\":1,\"name\":\"Hem\",\"item\":\"https:\/\/xenonkungen.com\/\"},{\"@type\":\"ListItem\",\"position\":2,\"name\":\"Shop\",\"item\":\"https:\/\/xenonkungen.com\/shop\/\"},{\"@type\":\"ListItem\",\"position\":3,\"name\":\"XBB Lightswitch | Ver.4 | Helljussignal LED\/Xenon\"}]},{\"@type\":\"WebSite\",\"@id\":\"https:\/\/xenonkungen.com\/#website\",\"url\":\"https:\/\/xenonkungen.com\/\",\"name\":\"Xenonkungen\",\"description\":\"\",\"potentialAction\":[{\"@type\":\"SearchAction\",\"target\":{\"@type\":\"EntryPoint\",\"urlTemplate\":\"https:\/\/xenonkungen.com\/?s={search_term_string}\"},\"query-input\":{\"@type\":\"PropertyValueSpecification\",\"valueRequired\":true,\"valueName\":\"search_term_string\"}}],\"inLanguage\":\"fi\"}]}<\/script>\n<!-- \/ Yoast SEO plugin. -->","yoast_head_json":{"title":"XBB-valokatkaisin | Versio 4 | Kaukovalojen vilkku LED\/Xenon - Xenonkungen","robots":{"index":"index","follow":"follow","max-snippet":"max-snippet:-1","max-image-preview":"max-image-preview:large","max-video-preview":"max-video-preview:-1"},"canonical":"https:\/\/xenonkungen.com\/fi\/tuote\/xbb-valokatkaisin-versio-4-kaukovalojen-led-ksenonvilkku\/","og_locale":"fi_FI","og_type":"article","og_title":"XBB Lightswitch | Ver.4 | Helljussignal LED\/Xenon - Xenonkungen","og_description":"XBB Lightswitch \u2013 Smart s\u00e4ttet att koppla in extraljus XBB Lightswitch \u00e4r en innovativ svenskutvecklad produkt som g\u00f6r det enklare \u00e4n n\u00e5gonsin att koppla in extraljus p\u00e5 ditt fordon. Med den patenterade tekniken l\u00e4ser Lightswitch passivt av signalen fr\u00e5n fordonets helljus \u2013 helt utan att du beh\u00f6ver klippa, l\u00f6da eller g\u00f6ra \u00e5verkan p\u00e5 originalkablaget. Du [&hellip;]","og_url":"https:\/\/xenonkungen.com\/fi\/tuote\/xbb-valokatkaisin-versio-4-kaukovalojen-led-ksenonvilkku\/","og_site_name":"Xenonkungen","article_modified_time":"2026-04-17T12:54:57+00:00","og_image":[{"width":1024,"height":773,"url":"https:\/\/xenonkungen.com\/wp-content\/uploads\/2025\/10\/XBB-Ver-4-OFFICIELL-Square-1024x773-1.jpg","type":"image\/jpeg"}],"twitter_card":"summary_large_image","twitter_misc":{"Arvioitu lukuaika":"2 minuuttia"},"schema":{"@context":"https:\/\/schema.org","@graph":[{"@type":"WebPage","@id":"https:\/\/xenonkungen.com\/produkt\/xbb-lightswitch-ver-4-helljussignal-led-xenon\/","url":"https:\/\/xenonkungen.com\/produkt\/xbb-lightswitch-ver-4-helljussignal-led-xenon\/","name":"XBB-valokatkaisin | Versio 4 | Kaukovalojen vilkku LED\/Xenon - Xenonkungen","isPartOf":{"@id":"https:\/\/xenonkungen.com\/#website"},"primaryImageOfPage":{"@id":"https:\/\/xenonkungen.com\/produkt\/xbb-lightswitch-ver-4-helljussignal-led-xenon\/#primaryimage"},"image":{"@id":"https:\/\/xenonkungen.com\/produkt\/xbb-lightswitch-ver-4-helljussignal-led-xenon\/#primaryimage"},"thumbnailUrl":"https:\/\/xenonkungen.com\/wp-content\/uploads\/2025\/10\/XBB-Ver-4-OFFICIELL-Square-1024x773-1.jpg","datePublished":"2025-10-21T06:23:32+00:00","dateModified":"2026-04-17T12:54:57+00:00","breadcrumb":{"@id":"https:\/\/xenonkungen.com\/produkt\/xbb-lightswitch-ver-4-helljussignal-led-xenon\/#breadcrumb"},"inLanguage":"fi","potentialAction":[{"@type":"ReadAction","target":["https:\/\/xenonkungen.com\/produkt\/xbb-lightswitch-ver-4-helljussignal-led-xenon\/"]}]},{"@type":"ImageObject","inLanguage":"fi","@id":"https:\/\/xenonkungen.com\/produkt\/xbb-lightswitch-ver-4-helljussignal-led-xenon\/#primaryimage","url":"https:\/\/xenonkungen.com\/wp-content\/uploads\/2025\/10\/XBB-Ver-4-OFFICIELL-Square-1024x773-1.jpg","contentUrl":"https:\/\/xenonkungen.com\/wp-content\/uploads\/2025\/10\/XBB-Ver-4-OFFICIELL-Square-1024x773-1.jpg","width":1024,"height":773},{"@type":"BreadcrumbList","@id":"https:\/\/xenonkungen.com\/produkt\/xbb-lightswitch-ver-4-helljussignal-led-xenon\/#breadcrumb","itemListElement":[{"@type":"ListItem","position":1,"name":"Hem","item":"https:\/\/xenonkungen.com\/"},{"@type":"ListItem","position":2,"name":"Shop","item":"https:\/\/xenonkungen.com\/shop\/"},{"@type":"ListItem","position":3,"name":"XBB Lightswitch | Ver.4 | Helljussignal LED\/Xenon"}]},{"@type":"WebSite","@id":"https:\/\/xenonkungen.com\/#website","url":"https:\/\/xenonkungen.com\/","name":"Xenonkungen","description":"","potentialAction":[{"@type":"SearchAction","target":{"@type":"EntryPoint","urlTemplate":"https:\/\/xenonkungen.com\/?s={search_term_string}"},"query-input":{"@type":"PropertyValueSpecification","valueRequired":true,"valueName":"search_term_string"}}],"inLanguage":"fi"}]}},"taxonomy_info":{"product_brand":[{"value":115,"label":"XBB"}],"product_cat":[{"value":2487,"label":"Canbus"},{"value":2497,"label":"XBB"},{"value":390,"label":"Installation"}]},"featured_image_src_large":["https:\/\/xenonkungen.com\/wp-content\/uploads\/2025\/10\/XBB-Ver-4-OFFICIELL-Square-1024x773-1.jpg",1024,773,false],"author_info":[],"comment_info":0,"_links":{"self":[{"href":"https:\/\/xenonkungen.com\/fi\/wp-json\/wp\/v2\/product\/16082","targetHints":{"allow":["GET"]}}],"collection":[{"href":"https:\/\/xenonkungen.com\/fi\/wp-json\/wp\/v2\/product"}],"about":[{"href":"https:\/\/xenonkungen.com\/fi\/wp-json\/wp\/v2\/types\/product"}],"replies":[{"embeddable":true,"href":"https:\/\/xenonkungen.com\/fi\/wp-json\/wp\/v2\/comments?post=16082"}],"wp:featuredmedia":[{"embeddable":true,"href":"https:\/\/xenonkungen.com\/fi\/wp-json\/wp\/v2\/media\/16083"}],"wp:attachment":[{"href":"https:\/\/xenonkungen.com\/fi\/wp-json\/wp\/v2\/media?parent=16082"}],"wp:term":[{"taxonomy":"anvandningsomrade","embeddable":true,"href":"https:\/\/xenonkungen.com\/fi\/wp-json\/wp\/v2\/anvandningsomrade?post=16082"},{"taxonomy":"bilmarken","embeddable":true,"href":"https:\/\/xenonkungen.com\/fi\/wp-json\/wp\/v2\/bilmarken?post=16082"},{"taxonomy":"product_brand","embeddable":true,"href":"https:\/\/xenonkungen.com\/fi\/wp-json\/wp\/v2\/product_brand?post=16082"},{"taxonomy":"product_cat","embeddable":true,"href":"https:\/\/xenonkungen.com\/fi\/wp-json\/wp\/v2\/product_cat?post=16082"},{"taxonomy":"product_tag","embeddable":true,"href":"https:\/\/xenonkungen.com\/fi\/wp-json\/wp\/v2\/product_tag?post=16082"}],"curies":[{"name":"wp","href":"https:\/\/api.w.org\/{rel}","templated":true}]}}