{"id":1645,"date":"2025-04-15T08:25:59","date_gmt":"2025-04-15T08:25:59","guid":{"rendered":"https:\/\/xenonkungen.com\/product\/kabeltjuv-bla-1-5-2-5mm2\/"},"modified":"2026-04-11T00:17:03","modified_gmt":"2026-04-10T23:17:03","slug":"kaapelivaras-bla-1525mm2","status":"publish","type":"product","link":"https:\/\/xenonkungen.com\/fi\/tuote\/kaapelivaras-bla-1525mm2\/","title":{"rendered":"Kaapelivaras | SININEN 1.5-2.5mm2"},"content":{"rendered":"<h1>Sininen voimavaras<\/h1>\n<p>T\u00e4m\u00e4 virranvaras varmistaa, ett\u00e4 saat hyv\u00e4n kosketuksen, kun kytket auton alkuper\u00e4isen kaukovalosignaalin, kun kytket relekaapeleita.<\/p>\n<p>Tietenkin sit\u00e4 voidaan k\u00e4ytt\u00e4\u00e4 kaikkiin ideoihin, joita sinulla on kaapelivarkaisiin liittyen.<\/p>","protected":false},"excerpt":{"rendered":"<p>K\u00e4tev\u00e4 kaapelivaras, joka varmistaa t\u00e4ydellisen kontaktin.<\/p>","protected":false},"featured_media":1646,"comment_status":"closed","ping_status":"open","template":"","meta":{"_acf_changed":false,"_smort_price_nok":"4","_smort_price_dkk":"3","_smort_price_eur":"0.36","_smort_sale_price_nok":"","_smort_sale_price_dkk":"","_smort_sale_price_eur":"","smort_restorder":"","shipmondo_restorder":"","_kad_blocks_custom_css":"","_kad_blocks_head_custom_js":"","_kad_blocks_body_custom_js":"","_kad_blocks_footer_custom_js":"","smort_custom_pricelist_1":"2.56","smort_custom_pricelist_2":"1.92","smort_custom_pricelist_3":"1.82","smort_custom_pricelist_4":"3.2","smort_custom_pricelist_5":"1.92"},"anvandningsomrade":[],"bilmarken":[],"product_brand":[],"product_cat":[2828,2469,390],"product_tag":[],"class_list":{"0":"post-1645","1":"product","2":"type-product","3":"status-publish","4":"has-post-thumbnail","6":"product_cat-installation-led-ramper","7":"product_cat-kabelskor-kabelhallare-installation","8":"product_cat-installation","10":"first","11":"instock","12":"taxable","13":"shipping-taxable","14":"purchasable","15":"product-type-simple"},"bundled_by":[],"bundle_stock_status":"instock","bundle_stock_quantity":1786,"bundle_virtual":false,"bundle_layout":"","bundle_add_to_cart_form_location":"","bundle_editable_in_cart":false,"bundle_sold_individually_context":"","bundle_item_grouping":"","bundle_min_size":"","bundle_max_size":"","bundle_price":[],"bundled_items":[],"bundle_sell_ids":[],"acf":[],"yoast_head":"<!-- This site is optimized with the Yoast SEO plugin v27.0 - https:\/\/yoast.com\/product\/yoast-seo-wordpress\/ -->\n<title>Kabeltjuv | BL\u00c5 1.5-2.5mm2 - Xenonkungen<\/title>\n<meta name=\"robots\" content=\"index, follow, max-snippet:-1, max-image-preview:large, max-video-preview:-1\" \/>\n<link rel=\"canonical\" href=\"http:\/\/xenonkungen.com\/fi\/tuote\/kaapelivaras-bla-1525mm2\/\" \/>\n<meta property=\"og:locale\" content=\"fi_FI\" \/>\n<meta property=\"og:type\" content=\"article\" \/>\n<meta property=\"og:title\" content=\"Kabeltjuv | BL\u00c5 1.5-2.5mm2 - Xenonkungen\" \/>\n<meta property=\"og:description\" content=\"Smidig kabeltjuv som tillser att ni f\u00e5r perfekt kontakt.\" \/>\n<meta property=\"og:url\" content=\"http:\/\/xenonkungen.com\/fi\/tuote\/kaapelivaras-bla-1525mm2\/\" \/>\n<meta property=\"og:site_name\" content=\"Xenonkungen\" \/>\n<meta property=\"article:modified_time\" content=\"2026-04-10T23:17:03+00:00\" \/>\n<meta property=\"og:image\" content=\"https:\/\/xenonkungen.com\/wp-content\/uploads\/2025\/04\/181609631-origpic-ab67bb.jpg\" \/>\n\t<meta property=\"og:image:width\" content=\"1000\" \/>\n\t<meta property=\"og:image:height\" content=\"1001\" \/>\n\t<meta property=\"og:image:type\" content=\"image\/jpeg\" \/>\n<meta name=\"twitter:card\" content=\"summary_large_image\" \/>\n<script type=\"application\/ld+json\" class=\"yoast-schema-graph\">{\"@context\":\"https:\/\/schema.org\",\"@graph\":[{\"@type\":\"WebPage\",\"@id\":\"http:\/\/xenonkungen.com\/no\/produkt\/kabeltjuv-bla-1-5-2-5mm2\/\",\"url\":\"http:\/\/xenonkungen.com\/no\/produkt\/kabeltjuv-bla-1-5-2-5mm2\/\",\"name\":\"Kabeltjuv | BL\u00c5 1.5-2.5mm2 - Xenonkungen\",\"isPartOf\":{\"@id\":\"https:\/\/xenonkungen.com\/#website\"},\"primaryImageOfPage\":{\"@id\":\"http:\/\/xenonkungen.com\/no\/produkt\/kabeltjuv-bla-1-5-2-5mm2\/#primaryimage\"},\"image\":{\"@id\":\"http:\/\/xenonkungen.com\/no\/produkt\/kabeltjuv-bla-1-5-2-5mm2\/#primaryimage\"},\"thumbnailUrl\":\"https:\/\/xenonkungen.com\/wp-content\/uploads\/2025\/04\/181609631-origpic-ab67bb.jpg\",\"datePublished\":\"2025-04-15T08:25:59+00:00\",\"dateModified\":\"2026-04-10T23:17:03+00:00\",\"breadcrumb\":{\"@id\":\"http:\/\/xenonkungen.com\/no\/produkt\/kabeltjuv-bla-1-5-2-5mm2\/#breadcrumb\"},\"inLanguage\":\"fi\",\"potentialAction\":[{\"@type\":\"ReadAction\",\"target\":[\"http:\/\/xenonkungen.com\/no\/produkt\/kabeltjuv-bla-1-5-2-5mm2\/\"]}]},{\"@type\":\"ImageObject\",\"inLanguage\":\"fi\",\"@id\":\"http:\/\/xenonkungen.com\/no\/produkt\/kabeltjuv-bla-1-5-2-5mm2\/#primaryimage\",\"url\":\"https:\/\/xenonkungen.com\/wp-content\/uploads\/2025\/04\/181609631-origpic-ab67bb.jpg\",\"contentUrl\":\"https:\/\/xenonkungen.com\/wp-content\/uploads\/2025\/04\/181609631-origpic-ab67bb.jpg\",\"width\":1000,\"height\":1001},{\"@type\":\"BreadcrumbList\",\"@id\":\"http:\/\/xenonkungen.com\/no\/produkt\/kabeltjuv-bla-1-5-2-5mm2\/#breadcrumb\",\"itemListElement\":[{\"@type\":\"ListItem\",\"position\":1,\"name\":\"Hem\",\"item\":\"https:\/\/xenonkungen.com\/\"},{\"@type\":\"ListItem\",\"position\":2,\"name\":\"Shop\",\"item\":\"https:\/\/xenonkungen.com\/shop\/\"},{\"@type\":\"ListItem\",\"position\":3,\"name\":\"Kabeltjuv | BL\u00c5 1.5-2.5mm2\"}]},{\"@type\":\"WebSite\",\"@id\":\"https:\/\/xenonkungen.com\/#website\",\"url\":\"https:\/\/xenonkungen.com\/\",\"name\":\"Xenonkungen\",\"description\":\"\",\"potentialAction\":[{\"@type\":\"SearchAction\",\"target\":{\"@type\":\"EntryPoint\",\"urlTemplate\":\"https:\/\/xenonkungen.com\/?s={search_term_string}\"},\"query-input\":{\"@type\":\"PropertyValueSpecification\",\"valueRequired\":true,\"valueName\":\"search_term_string\"}}],\"inLanguage\":\"fi\"}]}<\/script>\n<!-- \/ Yoast SEO plugin. -->","yoast_head_json":{"title":"Kaapelivaras | SININEN 1.5-2.5mm2 - Ksenonkuningas","robots":{"index":"index","follow":"follow","max-snippet":"max-snippet:-1","max-image-preview":"max-image-preview:large","max-video-preview":"max-video-preview:-1"},"canonical":"http:\/\/xenonkungen.com\/fi\/tuote\/kaapelivaras-bla-1525mm2\/","og_locale":"fi_FI","og_type":"article","og_title":"Kabeltjuv | BL\u00c5 1.5-2.5mm2 - Xenonkungen","og_description":"Smidig kabeltjuv som tillser att ni f\u00e5r perfekt kontakt.","og_url":"http:\/\/xenonkungen.com\/fi\/tuote\/kaapelivaras-bla-1525mm2\/","og_site_name":"Xenonkungen","article_modified_time":"2026-04-10T23:17:03+00:00","og_image":[{"width":1000,"height":1001,"url":"https:\/\/xenonkungen.com\/wp-content\/uploads\/2025\/04\/181609631-origpic-ab67bb.jpg","type":"image\/jpeg"}],"twitter_card":"summary_large_image","schema":{"@context":"https:\/\/schema.org","@graph":[{"@type":"WebPage","@id":"http:\/\/xenonkungen.com\/no\/produkt\/kabeltjuv-bla-1-5-2-5mm2\/","url":"http:\/\/xenonkungen.com\/no\/produkt\/kabeltjuv-bla-1-5-2-5mm2\/","name":"Kaapelivaras | SININEN 1.5-2.5mm2 - Ksenonkuningas","isPartOf":{"@id":"https:\/\/xenonkungen.com\/#website"},"primaryImageOfPage":{"@id":"http:\/\/xenonkungen.com\/no\/produkt\/kabeltjuv-bla-1-5-2-5mm2\/#primaryimage"},"image":{"@id":"http:\/\/xenonkungen.com\/no\/produkt\/kabeltjuv-bla-1-5-2-5mm2\/#primaryimage"},"thumbnailUrl":"https:\/\/xenonkungen.com\/wp-content\/uploads\/2025\/04\/181609631-origpic-ab67bb.jpg","datePublished":"2025-04-15T08:25:59+00:00","dateModified":"2026-04-10T23:17:03+00:00","breadcrumb":{"@id":"http:\/\/xenonkungen.com\/no\/produkt\/kabeltjuv-bla-1-5-2-5mm2\/#breadcrumb"},"inLanguage":"fi","potentialAction":[{"@type":"ReadAction","target":["http:\/\/xenonkungen.com\/no\/produkt\/kabeltjuv-bla-1-5-2-5mm2\/"]}]},{"@type":"ImageObject","inLanguage":"fi","@id":"http:\/\/xenonkungen.com\/no\/produkt\/kabeltjuv-bla-1-5-2-5mm2\/#primaryimage","url":"https:\/\/xenonkungen.com\/wp-content\/uploads\/2025\/04\/181609631-origpic-ab67bb.jpg","contentUrl":"https:\/\/xenonkungen.com\/wp-content\/uploads\/2025\/04\/181609631-origpic-ab67bb.jpg","width":1000,"height":1001},{"@type":"BreadcrumbList","@id":"http:\/\/xenonkungen.com\/no\/produkt\/kabeltjuv-bla-1-5-2-5mm2\/#breadcrumb","itemListElement":[{"@type":"ListItem","position":1,"name":"Hem","item":"https:\/\/xenonkungen.com\/"},{"@type":"ListItem","position":2,"name":"Shop","item":"https:\/\/xenonkungen.com\/shop\/"},{"@type":"ListItem","position":3,"name":"Kabeltjuv | BL\u00c5 1.5-2.5mm2"}]},{"@type":"WebSite","@id":"https:\/\/xenonkungen.com\/#website","url":"https:\/\/xenonkungen.com\/","name":"Xenonkungen","description":"","potentialAction":[{"@type":"SearchAction","target":{"@type":"EntryPoint","urlTemplate":"https:\/\/xenonkungen.com\/?s={search_term_string}"},"query-input":{"@type":"PropertyValueSpecification","valueRequired":true,"valueName":"search_term_string"}}],"inLanguage":"fi"}]}},"taxonomy_info":{"product_cat":[{"value":2828,"label":"Installation LED-ramper"},{"value":2469,"label":"Kabelskor &amp; Kabelh\u00e5llare"},{"value":390,"label":"Installation"}]},"featured_image_src_large":["https:\/\/xenonkungen.com\/wp-content\/uploads\/2025\/04\/181609631-origpic-ab67bb.jpg",1000,1001,false],"author_info":[],"comment_info":0,"_links":{"self":[{"href":"https:\/\/xenonkungen.com\/fi\/wp-json\/wp\/v2\/product\/1645","targetHints":{"allow":["GET"]}}],"collection":[{"href":"https:\/\/xenonkungen.com\/fi\/wp-json\/wp\/v2\/product"}],"about":[{"href":"https:\/\/xenonkungen.com\/fi\/wp-json\/wp\/v2\/types\/product"}],"replies":[{"embeddable":true,"href":"https:\/\/xenonkungen.com\/fi\/wp-json\/wp\/v2\/comments?post=1645"}],"wp:featuredmedia":[{"embeddable":true,"href":"https:\/\/xenonkungen.com\/fi\/wp-json\/wp\/v2\/media\/1646"}],"wp:attachment":[{"href":"https:\/\/xenonkungen.com\/fi\/wp-json\/wp\/v2\/media?parent=1645"}],"wp:term":[{"taxonomy":"anvandningsomrade","embeddable":true,"href":"https:\/\/xenonkungen.com\/fi\/wp-json\/wp\/v2\/anvandningsomrade?post=1645"},{"taxonomy":"bilmarken","embeddable":true,"href":"https:\/\/xenonkungen.com\/fi\/wp-json\/wp\/v2\/bilmarken?post=1645"},{"taxonomy":"product_brand","embeddable":true,"href":"https:\/\/xenonkungen.com\/fi\/wp-json\/wp\/v2\/product_brand?post=1645"},{"taxonomy":"product_cat","embeddable":true,"href":"https:\/\/xenonkungen.com\/fi\/wp-json\/wp\/v2\/product_cat?post=1645"},{"taxonomy":"product_tag","embeddable":true,"href":"https:\/\/xenonkungen.com\/fi\/wp-json\/wp\/v2\/product_tag?post=1645"}],"curies":[{"name":"wp","href":"https:\/\/api.w.org\/{rel}","templated":true}]}}