{"id":1689,"date":"2025-04-15T08:26:27","date_gmt":"2025-04-15T08:26:27","guid":{"rendered":"https:\/\/xenonkungen.com\/product\/skyltbelysning-led-till-renault-megane-trafic\/"},"modified":"2026-04-11T00:18:12","modified_gmt":"2026-04-10T23:18:12","slug":"rekisterikilven-led-valaistus-renault-megane-traficiin","status":"publish","type":"product","link":"https:\/\/xenonkungen.com\/fi\/tuote\/rekisterikilven-led-valaistus-renault-megane-traficiin\/","title":{"rendered":"LED-kylttien valaistus Renault Megane | Trafic -malleihin"},"content":{"rendered":"<p>Clio lll 06- | Megane ll\/lll 06- | Laguna lll 06- | Kadjar 15<\/p>\n<p>LED-merkkivalaisimet Renault-merkkivalaisimien nykyisten halogeenivalaisimien tilalle.<\/p>\n<p>Antaa kirkkaan valkoisen valon ja autolle modernin ilmeen.<\/p>\n<p>J\u00e4nnite: 12V<br \/>Pultattava valomoduuli.<\/p>\n<p>R\u00e4\u00e4t\u00e4l\u00f6ity kylttien valaistus, joka asennetaan samalla tavalla kuin alkuper\u00e4inen valaistus.<\/p>\n<p>Valomoduulissa on 18 diodia, joiden v\u00e4ril\u00e4mp\u00f6tila on 5000K.<\/p>\n<p><em>T\u00e4m\u00e4 tuote ei ole alkuper\u00e4inen Renault, ja tavaramerkkej\u00e4 k\u00e4ytet\u00e4\u00e4n t\u00e4ss\u00e4 osoittamaan, mihin autoon\/malliin tuote on tarkoitettu.<\/em><\/p>\n<p>Sopii Renault-malliin<br \/><strong>Clio lll 06-<br \/>Megane ll\/lll 06-<br \/>Laguna lll 06-<br \/>Kadjar 15<br \/>Liikenne 2015-<\/p>\n<p>Muut mallit:<br \/>Fiat Talento 2019<\/strong><br \/>Nissan NV300 2015-<br \/>Opel Vivaro 2015-<\/p>\n<p><strong>Asiakasraportit:<\/strong><br \/>&quot;Toimii t\u00e4ydellisesti my\u00f6s Renault Kadjariin vuodelta 2015.&quot;<\/p>\n<p>Sarja 2 kpl.<br \/>S\u00e4hk\u00f6inen valtuutus<\/p>\n<p>Takuu: 3 vuotta<\/p>","protected":false},"excerpt":{"rendered":"<p><b>Sopii Renault-malleihin:<\/b><br \/>\nClio lll 06-<br \/>\nMegane ll\/lll 06-<br \/>\nLaguna lll 06-<br \/>\nKadjar 15<br \/>\nLiikenne 2015-<\/p>\n<p><b>Muut mallit:<\/b><br \/>\nFiat Talento 2019<br \/>\nNissan NV300 2015-<br \/>\nOpel Vivaro 2015-<\/p>\n<p>Sis\u00e4lt\u00e4\u00e4: 1 parin merkkivaloja<\/p>\n<p>Takuu: 3 vuotta<\/p>","protected":false},"featured_media":1690,"comment_status":"closed","ping_status":"closed","template":"","meta":{"_acf_changed":false,"_smort_price_nok":"315","_smort_price_dkk":"200","_smort_price_eur":"26.82","_smort_sale_price_nok":"","_smort_sale_price_dkk":"","_smort_sale_price_eur":"","smort_restorder":"","shipmondo_restorder":"","_kad_blocks_custom_css":"","_kad_blocks_head_custom_js":"","_kad_blocks_body_custom_js":"","_kad_blocks_footer_custom_js":"","smort_custom_pricelist_1":"188.8","smort_custom_pricelist_2":"165.2","smort_custom_pricelist_3":"153.4","smort_custom_pricelist_4":"236","smort_custom_pricelist_5":"165.2"},"anvandningsomrade":[],"bilmarken":[],"product_brand":[117],"product_cat":[2472,338],"product_tag":[],"class_list":{"0":"post-1689","1":"product","2":"type-product","3":"status-publish","4":"has-post-thumbnail","6":"product_brand-xenonkungen","7":"product_cat-skyltbelysning-diodlampor","8":"product_cat-diodlampor","9":"pa_fargtemperatur-5000k","10":"pa_volt-v-159","12":"first","13":"outofstock","14":"taxable","15":"shipping-taxable","16":"purchasable","17":"product-type-simple"},"bundled_by":[],"bundle_stock_status":"outofstock","bundle_stock_quantity":-1,"bundle_virtual":false,"bundle_layout":"","bundle_add_to_cart_form_location":"","bundle_editable_in_cart":false,"bundle_sold_individually_context":"","bundle_item_grouping":"","bundle_min_size":"","bundle_max_size":"","bundle_price":[],"bundled_items":[],"bundle_sell_ids":[],"acf":[],"yoast_head":"<!-- This site is optimized with the Yoast SEO plugin v27.0 - https:\/\/yoast.com\/product\/yoast-seo-wordpress\/ -->\n<title>Skyltbelysning LED till Renault Megane | Trafic - Xenonkungen<\/title>\n<meta name=\"robots\" content=\"index, follow, max-snippet:-1, max-image-preview:large, max-video-preview:-1\" \/>\n<link rel=\"canonical\" href=\"https:\/\/xenonkungen.com\/fi\/tuote\/rekisterikilven-led-valaistus-renault-megane-traficiin\/\" \/>\n<meta property=\"og:locale\" content=\"fi_FI\" \/>\n<meta property=\"og:type\" content=\"article\" \/>\n<meta property=\"og:title\" content=\"Skyltbelysning LED till Renault Megane | Trafic - Xenonkungen\" \/>\n<meta property=\"og:description\" content=\"Passar Renault modeller: Clio lll 06- Megane ll\/lll 06- Laguna lll 06- Kadjar 15 Trafic 2015- \u00d6vriga modeller: Fiat Talento 2019 Nissan NV300 2015- Opel Vivaro 2015- Inneh\u00e5ller: 1par skyltbelysning Garanti: 3 \u00e5r\" \/>\n<meta property=\"og:url\" content=\"https:\/\/xenonkungen.com\/fi\/tuote\/rekisterikilven-led-valaistus-renault-megane-traficiin\/\" \/>\n<meta property=\"og:site_name\" content=\"Xenonkungen\" \/>\n<meta property=\"article:modified_time\" content=\"2026-04-10T23:18:12+00:00\" \/>\n<meta property=\"og:image\" content=\"https:\/\/xenonkungen.com\/wp-content\/uploads\/2025\/04\/166448923-origpic-bf15c4.png\" \/>\n\t<meta property=\"og:image:width\" content=\"1000\" \/>\n\t<meta property=\"og:image:height\" content=\"1000\" \/>\n\t<meta property=\"og:image:type\" content=\"image\/png\" \/>\n<meta name=\"twitter:card\" content=\"summary_large_image\" \/>\n<meta name=\"twitter:label1\" content=\"Arvioitu lukuaika\" \/>\n\t<meta name=\"twitter:data1\" content=\"1 minuutti\" \/>\n<script type=\"application\/ld+json\" class=\"yoast-schema-graph\">{\"@context\":\"https:\/\/schema.org\",\"@graph\":[{\"@type\":\"WebPage\",\"@id\":\"https:\/\/xenonkungen.com\/produkt\/skyltbelysning-led-till-renault-megane-trafic\/\",\"url\":\"https:\/\/xenonkungen.com\/produkt\/skyltbelysning-led-till-renault-megane-trafic\/\",\"name\":\"Skyltbelysning LED till Renault Megane | Trafic - Xenonkungen\",\"isPartOf\":{\"@id\":\"https:\/\/xenonkungen.com\/#website\"},\"primaryImageOfPage\":{\"@id\":\"https:\/\/xenonkungen.com\/produkt\/skyltbelysning-led-till-renault-megane-trafic\/#primaryimage\"},\"image\":{\"@id\":\"https:\/\/xenonkungen.com\/produkt\/skyltbelysning-led-till-renault-megane-trafic\/#primaryimage\"},\"thumbnailUrl\":\"https:\/\/xenonkungen.com\/wp-content\/uploads\/2025\/04\/166448923-origpic-bf15c4.png\",\"datePublished\":\"2025-04-15T08:26:27+00:00\",\"dateModified\":\"2026-04-10T23:18:12+00:00\",\"breadcrumb\":{\"@id\":\"https:\/\/xenonkungen.com\/produkt\/skyltbelysning-led-till-renault-megane-trafic\/#breadcrumb\"},\"inLanguage\":\"fi\",\"potentialAction\":[{\"@type\":\"ReadAction\",\"target\":[\"https:\/\/xenonkungen.com\/produkt\/skyltbelysning-led-till-renault-megane-trafic\/\"]}]},{\"@type\":\"ImageObject\",\"inLanguage\":\"fi\",\"@id\":\"https:\/\/xenonkungen.com\/produkt\/skyltbelysning-led-till-renault-megane-trafic\/#primaryimage\",\"url\":\"https:\/\/xenonkungen.com\/wp-content\/uploads\/2025\/04\/166448923-origpic-bf15c4.png\",\"contentUrl\":\"https:\/\/xenonkungen.com\/wp-content\/uploads\/2025\/04\/166448923-origpic-bf15c4.png\",\"width\":1000,\"height\":1000},{\"@type\":\"BreadcrumbList\",\"@id\":\"https:\/\/xenonkungen.com\/produkt\/skyltbelysning-led-till-renault-megane-trafic\/#breadcrumb\",\"itemListElement\":[{\"@type\":\"ListItem\",\"position\":1,\"name\":\"Hem\",\"item\":\"https:\/\/xenonkungen.com\/\"},{\"@type\":\"ListItem\",\"position\":2,\"name\":\"Shop\",\"item\":\"https:\/\/xenonkungen.com\/shop\/\"},{\"@type\":\"ListItem\",\"position\":3,\"name\":\"Skyltbelysning LED till Renault Megane | Trafic\"}]},{\"@type\":\"WebSite\",\"@id\":\"https:\/\/xenonkungen.com\/#website\",\"url\":\"https:\/\/xenonkungen.com\/\",\"name\":\"Xenonkungen\",\"description\":\"\",\"potentialAction\":[{\"@type\":\"SearchAction\",\"target\":{\"@type\":\"EntryPoint\",\"urlTemplate\":\"https:\/\/xenonkungen.com\/?s={search_term_string}\"},\"query-input\":{\"@type\":\"PropertyValueSpecification\",\"valueRequired\":true,\"valueName\":\"search_term_string\"}}],\"inLanguage\":\"fi\"}]}<\/script>\n<!-- \/ Yoast SEO plugin. -->","yoast_head_json":{"title":"Rekisterikilven LED-valo Renault Megane | Trafic - Xenonkungen","robots":{"index":"index","follow":"follow","max-snippet":"max-snippet:-1","max-image-preview":"max-image-preview:large","max-video-preview":"max-video-preview:-1"},"canonical":"https:\/\/xenonkungen.com\/fi\/tuote\/rekisterikilven-led-valaistus-renault-megane-traficiin\/","og_locale":"fi_FI","og_type":"article","og_title":"Skyltbelysning LED till Renault Megane | Trafic - Xenonkungen","og_description":"Passar Renault modeller: Clio lll 06- Megane ll\/lll 06- Laguna lll 06- Kadjar 15 Trafic 2015- \u00d6vriga modeller: Fiat Talento 2019 Nissan NV300 2015- Opel Vivaro 2015- Inneh\u00e5ller: 1par skyltbelysning Garanti: 3 \u00e5r","og_url":"https:\/\/xenonkungen.com\/fi\/tuote\/rekisterikilven-led-valaistus-renault-megane-traficiin\/","og_site_name":"Xenonkungen","article_modified_time":"2026-04-10T23:18:12+00:00","og_image":[{"width":1000,"height":1000,"url":"https:\/\/xenonkungen.com\/wp-content\/uploads\/2025\/04\/166448923-origpic-bf15c4.png","type":"image\/png"}],"twitter_card":"summary_large_image","twitter_misc":{"Arvioitu lukuaika":"1 minuutti"},"schema":{"@context":"https:\/\/schema.org","@graph":[{"@type":"WebPage","@id":"https:\/\/xenonkungen.com\/produkt\/skyltbelysning-led-till-renault-megane-trafic\/","url":"https:\/\/xenonkungen.com\/produkt\/skyltbelysning-led-till-renault-megane-trafic\/","name":"Rekisterikilven LED-valo Renault Megane | Trafic - Xenonkungen","isPartOf":{"@id":"https:\/\/xenonkungen.com\/#website"},"primaryImageOfPage":{"@id":"https:\/\/xenonkungen.com\/produkt\/skyltbelysning-led-till-renault-megane-trafic\/#primaryimage"},"image":{"@id":"https:\/\/xenonkungen.com\/produkt\/skyltbelysning-led-till-renault-megane-trafic\/#primaryimage"},"thumbnailUrl":"https:\/\/xenonkungen.com\/wp-content\/uploads\/2025\/04\/166448923-origpic-bf15c4.png","datePublished":"2025-04-15T08:26:27+00:00","dateModified":"2026-04-10T23:18:12+00:00","breadcrumb":{"@id":"https:\/\/xenonkungen.com\/produkt\/skyltbelysning-led-till-renault-megane-trafic\/#breadcrumb"},"inLanguage":"fi","potentialAction":[{"@type":"ReadAction","target":["https:\/\/xenonkungen.com\/produkt\/skyltbelysning-led-till-renault-megane-trafic\/"]}]},{"@type":"ImageObject","inLanguage":"fi","@id":"https:\/\/xenonkungen.com\/produkt\/skyltbelysning-led-till-renault-megane-trafic\/#primaryimage","url":"https:\/\/xenonkungen.com\/wp-content\/uploads\/2025\/04\/166448923-origpic-bf15c4.png","contentUrl":"https:\/\/xenonkungen.com\/wp-content\/uploads\/2025\/04\/166448923-origpic-bf15c4.png","width":1000,"height":1000},{"@type":"BreadcrumbList","@id":"https:\/\/xenonkungen.com\/produkt\/skyltbelysning-led-till-renault-megane-trafic\/#breadcrumb","itemListElement":[{"@type":"ListItem","position":1,"name":"Hem","item":"https:\/\/xenonkungen.com\/"},{"@type":"ListItem","position":2,"name":"Shop","item":"https:\/\/xenonkungen.com\/shop\/"},{"@type":"ListItem","position":3,"name":"Skyltbelysning LED till Renault Megane | Trafic"}]},{"@type":"WebSite","@id":"https:\/\/xenonkungen.com\/#website","url":"https:\/\/xenonkungen.com\/","name":"Xenonkungen","description":"","potentialAction":[{"@type":"SearchAction","target":{"@type":"EntryPoint","urlTemplate":"https:\/\/xenonkungen.com\/?s={search_term_string}"},"query-input":{"@type":"PropertyValueSpecification","valueRequired":true,"valueName":"search_term_string"}}],"inLanguage":"fi"}]}},"taxonomy_info":{"product_brand":[{"value":117,"label":"Xenonkungen"}],"product_cat":[{"value":2472,"label":"Skyltbelysning"},{"value":338,"label":"Diodlampor"}],"pa_fargtemperatur":[{"value":154,"label":"5000K"}],"pa_volt-v":[{"value":159,"label":"12"}]},"featured_image_src_large":["https:\/\/xenonkungen.com\/wp-content\/uploads\/2025\/04\/166448923-origpic-bf15c4.png",1000,1000,false],"author_info":[],"comment_info":0,"_links":{"self":[{"href":"https:\/\/xenonkungen.com\/fi\/wp-json\/wp\/v2\/product\/1689","targetHints":{"allow":["GET"]}}],"collection":[{"href":"https:\/\/xenonkungen.com\/fi\/wp-json\/wp\/v2\/product"}],"about":[{"href":"https:\/\/xenonkungen.com\/fi\/wp-json\/wp\/v2\/types\/product"}],"replies":[{"embeddable":true,"href":"https:\/\/xenonkungen.com\/fi\/wp-json\/wp\/v2\/comments?post=1689"}],"wp:featuredmedia":[{"embeddable":true,"href":"https:\/\/xenonkungen.com\/fi\/wp-json\/wp\/v2\/media\/1690"}],"wp:attachment":[{"href":"https:\/\/xenonkungen.com\/fi\/wp-json\/wp\/v2\/media?parent=1689"}],"wp:term":[{"taxonomy":"anvandningsomrade","embeddable":true,"href":"https:\/\/xenonkungen.com\/fi\/wp-json\/wp\/v2\/anvandningsomrade?post=1689"},{"taxonomy":"bilmarken","embeddable":true,"href":"https:\/\/xenonkungen.com\/fi\/wp-json\/wp\/v2\/bilmarken?post=1689"},{"taxonomy":"product_brand","embeddable":true,"href":"https:\/\/xenonkungen.com\/fi\/wp-json\/wp\/v2\/product_brand?post=1689"},{"taxonomy":"product_cat","embeddable":true,"href":"https:\/\/xenonkungen.com\/fi\/wp-json\/wp\/v2\/product_cat?post=1689"},{"taxonomy":"product_tag","embeddable":true,"href":"https:\/\/xenonkungen.com\/fi\/wp-json\/wp\/v2\/product_tag?post=1689"}],"curies":[{"name":"wp","href":"https:\/\/api.w.org\/{rel}","templated":true}]}}