{"id":1693,"date":"2025-04-15T08:26:27","date_gmt":"2025-04-15T08:26:27","guid":{"rendered":"https:\/\/xenonkungen.com\/product\/skyltbelysning-led-till-subaru-levorg-outback-och-toyota\/"},"modified":"2026-04-21T14:17:23","modified_gmt":"2026-04-21T13:17:23","slug":"rekisterikilven-led-valaistus-subaru-levorg-outbackiin-ja-toyotaan","status":"publish","type":"product","link":"https:\/\/xenonkungen.com\/fi\/tuote\/rekisterikilven-led-valaistus-subaru-levorg-outbackiin-ja-toyotaan\/","title":{"rendered":"LED-kylttien valaistus Subaru Levorgille, Outbackille ja Toyotalle"},"content":{"rendered":"<p>FT-86\/GT86<\/p>\n<p>LED-kylttien valaistus, joka korvaa Toyotasi nykyisen halogeenivalaistuksen.<\/p>\n<p>Antaa kirkkaan valkoisen valon ja autolle modernin ilmeen.<\/p>\n<p>J\u00e4nnite: 12V<br \/>Pultattava valomoduuli.<\/p>\n<p>R\u00e4\u00e4t\u00e4l\u00f6ity kylttien valaistus, joka asennetaan samalla tavalla kuin alkuper\u00e4inen valaistus.<\/p>\n<p>Valomoduulissa on 18 diodia, joiden v\u00e4ril\u00e4mp\u00f6tila on 5000K.<\/p>\n<p><em>T\u00e4m\u00e4 tuote ei ole Toyotan alkuper\u00e4inen, ja tavaramerkkej\u00e4 k\u00e4ytet\u00e4\u00e4n t\u00e4ss\u00e4 osoittamaan, mihin autoon\/malliin tuote on tarkoitettu.<\/em><\/p>\n<p>Sopii Toyota-malliin<br \/><strong>FT-86\/GT86<\/strong><\/p>\n<p><strong>Asiakasraportit:<\/strong><br \/>Sopii my\u00f6s <br \/>Subaru Levorg 2016-2019 <br \/>Subaru Outback 2014-2015<\/p>\n<p>Sarja 2 kpl.<br \/>3 vuoden takuu.<br \/>S\u00e4hk\u00f6inen valtuutus<\/p>","protected":false},"excerpt":{"rendered":"<p>Sopii Toyota-malliin<br \/>\nFT-86\/GT86<\/p>\n<p>J\u00e4nnite: 12V<br \/>\nPultattava valomoduuli.<\/p>\n<p>Sarja 2 kpl.<br \/>\n3 vuoden takuu.<br \/>\nS\u00e4hk\u00f6inen valtuutus<\/p>","protected":false},"featured_media":1694,"comment_status":"closed","ping_status":"open","template":"","meta":{"_acf_changed":false,"_smort_price_nok":"315","_smort_price_dkk":"200","_smort_price_eur":"26.82","_smort_sale_price_nok":"","_smort_sale_price_dkk":"","_smort_sale_price_eur":"","smort_restorder":"","shipmondo_restorder":"","_kad_blocks_custom_css":"","_kad_blocks_head_custom_js":"","_kad_blocks_body_custom_js":"","_kad_blocks_footer_custom_js":"","smort_custom_pricelist_1":"188.8","smort_custom_pricelist_2":"165.2","smort_custom_pricelist_3":"153.4","smort_custom_pricelist_4":"236","smort_custom_pricelist_5":"165.2"},"anvandningsomrade":[167],"bilmarken":[288,578,579,219,581,580],"product_brand":[117],"product_cat":[542],"product_tag":[],"class_list":{"0":"post-1693","1":"product","2":"type-product","3":"status-publish","4":"has-post-thumbnail","6":"anvandningsomrade-personbil","7":"bilmarken-subaru","8":"bilmarken-subaru-levorg","9":"bilmarken-subaru-outback","10":"bilmarken-toyota","11":"bilmarken-toyota-ft86","12":"bilmarken-toyota-gt86","13":"product_brand-xenonkungen","14":"product_cat-skyltbelysning","15":"pa_fargtemperatur-5000k","16":"pa_volt-v-159","18":"first","19":"instock","20":"taxable","21":"shipping-taxable","22":"purchasable","23":"product-type-simple"},"bundled_by":[],"bundle_stock_status":"instock","bundle_stock_quantity":1,"bundle_virtual":false,"bundle_layout":"","bundle_add_to_cart_form_location":"","bundle_editable_in_cart":false,"bundle_sold_individually_context":"","bundle_item_grouping":"","bundle_min_size":"","bundle_max_size":"","bundle_price":[],"bundled_items":[],"bundle_sell_ids":[],"acf":[],"yoast_head":"<!-- This site is optimized with the Yoast SEO plugin v27.0 - https:\/\/yoast.com\/product\/yoast-seo-wordpress\/ -->\n<title>Skyltbelysning LED till Subaru Levorg, Outback och Toyota - Xenonkungen<\/title>\n<meta name=\"robots\" content=\"index, follow, max-snippet:-1, max-image-preview:large, max-video-preview:-1\" \/>\n<link rel=\"canonical\" href=\"https:\/\/xenonkungen.com\/fi\/tuote\/rekisterikilven-led-valaistus-subaru-levorg-outbackiin-ja-toyotaan\/\" \/>\n<meta property=\"og:locale\" content=\"fi_FI\" \/>\n<meta property=\"og:type\" content=\"article\" \/>\n<meta property=\"og:title\" content=\"Skyltbelysning LED till Subaru Levorg, Outback och Toyota - Xenonkungen\" \/>\n<meta property=\"og:description\" content=\"Passar Toyota modell FT-86\/GT86 Volt: 12V Bolt-on ljusmodul. Set om 2st. 3 \u00e5r garanti. E-godk\u00e4nd\" \/>\n<meta property=\"og:url\" content=\"https:\/\/xenonkungen.com\/fi\/tuote\/rekisterikilven-led-valaistus-subaru-levorg-outbackiin-ja-toyotaan\/\" \/>\n<meta property=\"og:site_name\" content=\"Xenonkungen\" \/>\n<meta property=\"article:modified_time\" content=\"2026-04-21T13:17:23+00:00\" \/>\n<meta property=\"og:image\" content=\"https:\/\/xenonkungen.com\/wp-content\/uploads\/2025\/04\/166448917-origpic-a85f6d.png\" \/>\n\t<meta property=\"og:image:width\" content=\"1000\" \/>\n\t<meta property=\"og:image:height\" content=\"1000\" \/>\n\t<meta property=\"og:image:type\" content=\"image\/png\" \/>\n<meta name=\"twitter:card\" content=\"summary_large_image\" \/>\n<script type=\"application\/ld+json\" class=\"yoast-schema-graph\">{\"@context\":\"https:\/\/schema.org\",\"@graph\":[{\"@type\":\"WebPage\",\"@id\":\"https:\/\/xenonkungen.com\/nl\/product\/led-kentekenplaatverlichting-voor-subaru-levorg-outback-en-toyota\/\",\"url\":\"https:\/\/xenonkungen.com\/nl\/product\/led-kentekenplaatverlichting-voor-subaru-levorg-outback-en-toyota\/\",\"name\":\"Skyltbelysning LED till Subaru Levorg, Outback och Toyota - Xenonkungen\",\"isPartOf\":{\"@id\":\"https:\/\/xenonkungen.com\/#website\"},\"primaryImageOfPage\":{\"@id\":\"https:\/\/xenonkungen.com\/nl\/product\/led-kentekenplaatverlichting-voor-subaru-levorg-outback-en-toyota\/#primaryimage\"},\"image\":{\"@id\":\"https:\/\/xenonkungen.com\/nl\/product\/led-kentekenplaatverlichting-voor-subaru-levorg-outback-en-toyota\/#primaryimage\"},\"thumbnailUrl\":\"https:\/\/xenonkungen.com\/wp-content\/uploads\/2025\/04\/166448917-origpic-a85f6d.png\",\"datePublished\":\"2025-04-15T08:26:27+00:00\",\"dateModified\":\"2026-04-21T13:17:23+00:00\",\"breadcrumb\":{\"@id\":\"https:\/\/xenonkungen.com\/nl\/product\/led-kentekenplaatverlichting-voor-subaru-levorg-outback-en-toyota\/#breadcrumb\"},\"inLanguage\":\"fi\",\"potentialAction\":[{\"@type\":\"ReadAction\",\"target\":[\"https:\/\/xenonkungen.com\/nl\/product\/led-kentekenplaatverlichting-voor-subaru-levorg-outback-en-toyota\/\"]}]},{\"@type\":\"ImageObject\",\"inLanguage\":\"fi\",\"@id\":\"https:\/\/xenonkungen.com\/nl\/product\/led-kentekenplaatverlichting-voor-subaru-levorg-outback-en-toyota\/#primaryimage\",\"url\":\"https:\/\/xenonkungen.com\/wp-content\/uploads\/2025\/04\/166448917-origpic-a85f6d.png\",\"contentUrl\":\"https:\/\/xenonkungen.com\/wp-content\/uploads\/2025\/04\/166448917-origpic-a85f6d.png\",\"width\":1000,\"height\":1000},{\"@type\":\"BreadcrumbList\",\"@id\":\"https:\/\/xenonkungen.com\/nl\/product\/led-kentekenplaatverlichting-voor-subaru-levorg-outback-en-toyota\/#breadcrumb\",\"itemListElement\":[{\"@type\":\"ListItem\",\"position\":1,\"name\":\"Hem\",\"item\":\"https:\/\/xenonkungen.com\/\"},{\"@type\":\"ListItem\",\"position\":2,\"name\":\"Shop\",\"item\":\"https:\/\/xenonkungen.com\/shop\/\"},{\"@type\":\"ListItem\",\"position\":3,\"name\":\"Skyltbelysning LED till Subaru Levorg, Outback och Toyota\"}]},{\"@type\":\"WebSite\",\"@id\":\"https:\/\/xenonkungen.com\/#website\",\"url\":\"https:\/\/xenonkungen.com\/\",\"name\":\"Xenonkungen\",\"description\":\"\",\"potentialAction\":[{\"@type\":\"SearchAction\",\"target\":{\"@type\":\"EntryPoint\",\"urlTemplate\":\"https:\/\/xenonkungen.com\/?s={search_term_string}\"},\"query-input\":{\"@type\":\"PropertyValueSpecification\",\"valueRequired\":true,\"valueName\":\"search_term_string\"}}],\"inLanguage\":\"fi\"}]}<\/script>\n<!-- \/ Yoast SEO plugin. -->","yoast_head_json":{"title":"Rekisterikilven LED-valot Subaru Levorgiin, Outbackiin ja Toyotaan - Xenonkungen","robots":{"index":"index","follow":"follow","max-snippet":"max-snippet:-1","max-image-preview":"max-image-preview:large","max-video-preview":"max-video-preview:-1"},"canonical":"https:\/\/xenonkungen.com\/fi\/tuote\/rekisterikilven-led-valaistus-subaru-levorg-outbackiin-ja-toyotaan\/","og_locale":"fi_FI","og_type":"article","og_title":"Skyltbelysning LED till Subaru Levorg, Outback och Toyota - Xenonkungen","og_description":"Passar Toyota modell FT-86\/GT86 Volt: 12V Bolt-on ljusmodul. Set om 2st. 3 \u00e5r garanti. E-godk\u00e4nd","og_url":"https:\/\/xenonkungen.com\/fi\/tuote\/rekisterikilven-led-valaistus-subaru-levorg-outbackiin-ja-toyotaan\/","og_site_name":"Xenonkungen","article_modified_time":"2026-04-21T13:17:23+00:00","og_image":[{"width":1000,"height":1000,"url":"https:\/\/xenonkungen.com\/wp-content\/uploads\/2025\/04\/166448917-origpic-a85f6d.png","type":"image\/png"}],"twitter_card":"summary_large_image","schema":{"@context":"https:\/\/schema.org","@graph":[{"@type":"WebPage","@id":"https:\/\/xenonkungen.com\/nl\/product\/led-kentekenplaatverlichting-voor-subaru-levorg-outback-en-toyota\/","url":"https:\/\/xenonkungen.com\/nl\/product\/led-kentekenplaatverlichting-voor-subaru-levorg-outback-en-toyota\/","name":"Rekisterikilven LED-valot Subaru Levorgiin, Outbackiin ja Toyotaan - Xenonkungen","isPartOf":{"@id":"https:\/\/xenonkungen.com\/#website"},"primaryImageOfPage":{"@id":"https:\/\/xenonkungen.com\/nl\/product\/led-kentekenplaatverlichting-voor-subaru-levorg-outback-en-toyota\/#primaryimage"},"image":{"@id":"https:\/\/xenonkungen.com\/nl\/product\/led-kentekenplaatverlichting-voor-subaru-levorg-outback-en-toyota\/#primaryimage"},"thumbnailUrl":"https:\/\/xenonkungen.com\/wp-content\/uploads\/2025\/04\/166448917-origpic-a85f6d.png","datePublished":"2025-04-15T08:26:27+00:00","dateModified":"2026-04-21T13:17:23+00:00","breadcrumb":{"@id":"https:\/\/xenonkungen.com\/nl\/product\/led-kentekenplaatverlichting-voor-subaru-levorg-outback-en-toyota\/#breadcrumb"},"inLanguage":"fi","potentialAction":[{"@type":"ReadAction","target":["https:\/\/xenonkungen.com\/nl\/product\/led-kentekenplaatverlichting-voor-subaru-levorg-outback-en-toyota\/"]}]},{"@type":"ImageObject","inLanguage":"fi","@id":"https:\/\/xenonkungen.com\/nl\/product\/led-kentekenplaatverlichting-voor-subaru-levorg-outback-en-toyota\/#primaryimage","url":"https:\/\/xenonkungen.com\/wp-content\/uploads\/2025\/04\/166448917-origpic-a85f6d.png","contentUrl":"https:\/\/xenonkungen.com\/wp-content\/uploads\/2025\/04\/166448917-origpic-a85f6d.png","width":1000,"height":1000},{"@type":"BreadcrumbList","@id":"https:\/\/xenonkungen.com\/nl\/product\/led-kentekenplaatverlichting-voor-subaru-levorg-outback-en-toyota\/#breadcrumb","itemListElement":[{"@type":"ListItem","position":1,"name":"Hem","item":"https:\/\/xenonkungen.com\/"},{"@type":"ListItem","position":2,"name":"Shop","item":"https:\/\/xenonkungen.com\/shop\/"},{"@type":"ListItem","position":3,"name":"Skyltbelysning LED till Subaru Levorg, Outback och Toyota"}]},{"@type":"WebSite","@id":"https:\/\/xenonkungen.com\/#website","url":"https:\/\/xenonkungen.com\/","name":"Xenonkungen","description":"","potentialAction":[{"@type":"SearchAction","target":{"@type":"EntryPoint","urlTemplate":"https:\/\/xenonkungen.com\/?s={search_term_string}"},"query-input":{"@type":"PropertyValueSpecification","valueRequired":true,"valueName":"search_term_string"}}],"inLanguage":"fi"}]}},"taxonomy_info":{"anvandningsomrade":[{"value":167,"label":"PERSONBIL"}],"bilmarken":[{"value":288,"label":"Subaru"},{"value":578,"label":"Subaru Levorg"},{"value":579,"label":"Subaru Outback"},{"value":219,"label":"Toyota"},{"value":581,"label":"Toyota FT86"},{"value":580,"label":"Toyota GT86"}],"product_brand":[{"value":117,"label":"Xenonkungen"}],"product_cat":[{"value":542,"label":"Skyltbelysning"}],"pa_fargtemperatur":[{"value":154,"label":"5000K"}],"pa_volt-v":[{"value":159,"label":"12"}]},"featured_image_src_large":["https:\/\/xenonkungen.com\/wp-content\/uploads\/2025\/04\/166448917-origpic-a85f6d.png",1000,1000,false],"author_info":[],"comment_info":0,"_links":{"self":[{"href":"https:\/\/xenonkungen.com\/fi\/wp-json\/wp\/v2\/product\/1693","targetHints":{"allow":["GET"]}}],"collection":[{"href":"https:\/\/xenonkungen.com\/fi\/wp-json\/wp\/v2\/product"}],"about":[{"href":"https:\/\/xenonkungen.com\/fi\/wp-json\/wp\/v2\/types\/product"}],"replies":[{"embeddable":true,"href":"https:\/\/xenonkungen.com\/fi\/wp-json\/wp\/v2\/comments?post=1693"}],"wp:featuredmedia":[{"embeddable":true,"href":"https:\/\/xenonkungen.com\/fi\/wp-json\/wp\/v2\/media\/1694"}],"wp:attachment":[{"href":"https:\/\/xenonkungen.com\/fi\/wp-json\/wp\/v2\/media?parent=1693"}],"wp:term":[{"taxonomy":"anvandningsomrade","embeddable":true,"href":"https:\/\/xenonkungen.com\/fi\/wp-json\/wp\/v2\/anvandningsomrade?post=1693"},{"taxonomy":"bilmarken","embeddable":true,"href":"https:\/\/xenonkungen.com\/fi\/wp-json\/wp\/v2\/bilmarken?post=1693"},{"taxonomy":"product_brand","embeddable":true,"href":"https:\/\/xenonkungen.com\/fi\/wp-json\/wp\/v2\/product_brand?post=1693"},{"taxonomy":"product_cat","embeddable":true,"href":"https:\/\/xenonkungen.com\/fi\/wp-json\/wp\/v2\/product_cat?post=1693"},{"taxonomy":"product_tag","embeddable":true,"href":"https:\/\/xenonkungen.com\/fi\/wp-json\/wp\/v2\/product_tag?post=1693"}],"curies":[{"name":"wp","href":"https:\/\/api.w.org\/{rel}","templated":true}]}}