{"id":17451,"date":"2025-11-06T14:26:43","date_gmt":"2025-11-06T13:26:43","guid":{"rendered":"https:\/\/xenonkungen.com\/?post_type=product&#038;p=17451"},"modified":"2026-05-08T13:32:52","modified_gmt":"2026-05-08T12:32:52","slug":"osram-ledriving-cube-mx180-cb-amber-extreme-7","status":"publish","type":"product","link":"https:\/\/xenonkungen.com\/fi\/tuote\/osram-ledriving-cube-mx180-cb-amber-extreme-7\/","title":{"rendered":"Osram LEDriving\u00ae CUBE MX180-CB AMBER EXTREME | 7\u2033"},"content":{"rendered":"<p><strong>OSRAM LEDriving MX -sarja 7\u2033 \u2013 Huipputehoa. Kaikkialla.<\/strong><\/p>\n<p>OSRAM MX -sarja on suunniteltu niille, jotka haluavat aitoa valoa.<br \/>\nEnsiluokkainen LED-lis\u00e4valo, joka tarjoaa raskaita valotekoja, modernin muotoilun ja kest\u00e4v\u00e4n rakenteen, joka kest\u00e4\u00e4 kaikkea pitkist\u00e4 asfalttimatkoista raskaisiin ty\u00f6ymp\u00e4rist\u00f6ihin ja maastoajoon.<\/p>\n<p>Jopa 7 000 lumenin tehostustoiminnolla ja edistyneell\u00e4 yhdistelm\u00e4optiikalla saat sek\u00e4 pituuden ett\u00e4 leveyden samassa valokuviossa \u2013 t\u00e4ydellinen n\u00e4kyvyys nopeudesta, maastosta tai s\u00e4\u00e4st\u00e4 riippumatta.<\/p>\n<p><strong>4-in-1 \u2013 valitse ilme ja toiminnallisuus<\/strong><\/p>\n<p>MX-sarja tarjoaa joustavan valaistusratkaisun:<\/p>\n<ul>\n<li>Kirkas valo<\/li>\n<li>Tehostustila<\/li>\n<li>Valkoinen seisontavalo<\/li>\n<li>Keltainen seisontavalo<\/li>\n<\/ul>\n<p>Sin\u00e4 valitset tyylin \u2013 puhtaan alkuper\u00e4isen auton ulkon\u00e4\u00f6n tai aggressiivisemman rallihenkisen ilmeen.<\/p>\n<p><strong>Rakennettu kovaan k\u00e4ytt\u00f6\u00f6n<\/strong><\/p>\n<p>Kest\u00e4v\u00e4 alumiinirunko, polykarbonaattilinssi ja IP6K8\/IP6K9K-sertifiointi tarkoittavat, ett\u00e4 lamppu on vedenpit\u00e4v\u00e4, p\u00f6lytiivis ja t\u00e4rin\u00e4n kest\u00e4v\u00e4 \u2013 ymp\u00e4ri vuoden.<\/p>\n<p><strong>Sopii t\u00e4ydellisesti:<\/strong><\/p>\n<ul>\n<li>Auto \/ henkil\u00f6auto<\/li>\n<li>Kuorma-auto<\/li>\n<li>4\u00d74 \/ Maastoauto<\/li>\n<li>M\u00f6nkij\u00e4t ja UTV:t<\/li>\n<li>Maatalouskoneet<\/li>\n<li>Ty\u00f6ajoneuvot \/ hy\u00f6tyajoneuvot<\/li>\n<li>Rakentaminen \/ urakointi<\/li>\n<li>Asuntovaunu \/ matkailuauto ja per\u00e4vaunu<\/li>\n<\/ul>\n<p><strong>Lyhyesti sanottuna:<\/strong><\/p>\n<p>OSRAM MX -sarja on luotu maksimaalista n\u00e4kyvyytt\u00e4, tarkkuutta ja turvallisuutta varten \u2013 silloin, kun tarvitset valoa, joka todella toimii.<\/p>\n<p><strong>T\u00e4m\u00e4 sis\u00e4ltyy pakettiin<\/strong><\/p>\n<ul>\n<li>OSRAM LEDriving Cube MX180 -lamppu<\/li>\n<li>Kiinnitysteline + 1. tukitanko<\/li>\n<li>Uroskontakti l\u00f6ysien johtimien kanssa<\/li>\n<\/ul>\n<p>Ensiluokkainen valaistusteho \u2013 minne tahansa tie viekin.<\/p>\n<p><strong>5 vuoden takuu.<\/strong><\/p>\n<p><a href=\"https:\/\/xenonkungen.com\/?attachment_id=17543\" rel=\"attachment wp-att-17543\"><img loading=\"lazy\" decoding=\"async\" class=\"alignnone size-full wp-image-17543\" src=\"https:\/\/xenonkungen.com\/wp-content\/uploads\/2025\/11\/Skarmbild-2025-11-06-151812.png\" alt=\"\" width=\"298\" height=\"54\" srcset=\"https:\/\/xenonkungen.com\/wp-content\/uploads\/2025\/11\/Skarmbild-2025-11-06-151812.png 298w, https:\/\/xenonkungen.com\/wp-content\/uploads\/2025\/11\/Skarmbild-2025-11-06-151812-18x3.png 18w\" sizes=\"auto, (max-width: 298px) 100vw, 298px\" \/><\/a><\/p>\n<p>OSRAM on ollut maailmanlaajuinen johtaja autovalaistuksen alalla yli 110 vuoden ajan ja on nyky\u00e4\u00e4n yksi maailman suurimmista ja arvostetuimmista alan valmistajista. Se ei ole sattumaa \u2013 se on tinkim\u00e4tt\u00f6m\u00e4n laadun, edistyneen suunnittelun ja tiukan testauksen tulos.<\/p>\n<p>Joka p\u00e4iv\u00e4 tehtaalta toimitetaan uusia ajoneuvoja, joissa yli <em>puoli<\/em> varustettu alkuper\u00e4isill\u00e4 OSRAM-ajovaloilla. OSRAM on my\u00f6s <strong>maailman ykk\u00f6nen LED-sirujen valmistuksessa<\/strong>, ja juuri siksi ne ovat my\u00f6s selv\u00e4 suosikki harrastajien, ammattiasentajien, korjaamojen ja OEM-valmistajien keskuudessa maailmanlaajuisesti.<\/p>\n<p>Saksalaisena valmistajana OSRAM edustaa tarkkuutta, kest\u00e4v\u00e4\u00e4 rakennetta ja todellista kest\u00e4vyytt\u00e4. Jokainen komponentti \u2013 kotelosta ja j\u00e4\u00e4hdytyksest\u00e4 linssiin, tiivisteisiin ja sis\u00e4iseen elektroniikkaan \u2013 on kehitetty kest\u00e4m\u00e4\u00e4n painetta, kosteutta, suolaa, t\u00e4rin\u00e4\u00e4, \u00e4\u00e4rimm\u00e4ist\u00e4 kylmyytt\u00e4\/kuumuutta ja jatkuvaa k\u00e4ytt\u00f6\u00e4 eritt\u00e4in pitk\u00e4n ajan kuluessa. Kyse ei ole vain kirkkaasta valosta \u2013 t\u00e4m\u00e4 on laatua, joka on rakennettu kest\u00e4m\u00e4\u00e4n ankariakin olosuhteita.<\/p>\n<p>Siksi OSRAM voi l\u00e4hte\u00e4 <strong>pitk\u00e4t takuut<\/strong> luottavaisin mielin \u2013 rakenteet ovat kest\u00e4vi\u00e4.<\/p>\n<p>OSRAM ei ole ainoastaan markkinajohtaja.<br \/>\nOSRAM on vertailukohta, johon muu teollisuus pyrkii mittaamaan itse\u00e4\u00e4n.<\/p>\n<p>Siksi OSRAM on my\u00f6s niin usein <strong>ensimm\u00e4inen valinta \u2013 ilmeinen suosikki<\/strong> niille, jotka haluavat valaistuksen suorituskyky\u00e4 ja kest\u00e4vyytt\u00e4 ilman kompromisseja.<\/p>\n<p>T\u00e4m\u00e4 on todellista laatua.<br \/>\nT\u00e4m\u00e4 on OSRAM.<\/p>","protected":false},"excerpt":{"rendered":"<p>OSRAM LEDriving MX Series 7\u2033 \u2013 Maximal prestanda. \u00d6verallt. OSRAM MX Series \u00e4r byggd f\u00f6r dig som vill ha riktigt ljus p\u00e5 riktigt. Ett premium LED-extraljus som levererar brutalt ljusfl\u00f6de, modern design och en robust konstruktion som t\u00e5l allt fr\u00e5n l\u00e5ng asfaltspendling till tunga arbetsmilj\u00f6er och offroad. Med upp till 7 000 lumen i boost [&hellip;]<\/p>","protected":false},"featured_media":17503,"comment_status":"open","ping_status":"closed","template":"","meta":{"_acf_changed":false,"_smort_price_nok":"2665","_smort_price_dkk":"","_smort_price_eur":"","_smort_sale_price_nok":"","_smort_sale_price_dkk":"","_smort_sale_price_eur":"","smort_restorder":"","shipmondo_restorder":"","_kad_blocks_custom_css":"","_kad_blocks_head_custom_js":"","_kad_blocks_body_custom_js":"","_kad_blocks_footer_custom_js":"","smort_custom_pricelist_1":"1197.6","smort_custom_pricelist_2":"1197.6","smort_custom_pricelist_3":"1197.6","smort_custom_pricelist_4":"1996","smort_custom_pricelist_5":"1197.6"},"anvandningsomrade":[],"bilmarken":[],"product_brand":[108],"product_cat":[2838,142],"product_tag":[],"class_list":{"0":"post-17451","1":"product","2":"type-product","3":"status-publish","4":"has-post-thumbnail","6":"product_brand-osram","7":"product_cat-extraljus-7","8":"product_cat-extraljus","9":"pa_fargtemperatur-6000k","10":"pa_fargtemperatur-1700k","11":"pa_volt-v-multivolt-10-12-16-18-24-28-30-32","13":"first","14":"outofstock","15":"taxable","16":"shipping-taxable","17":"purchasable","18":"product-type-simple"},"bundled_by":[],"bundle_stock_status":"outofstock","bundle_stock_quantity":-529,"bundle_virtual":false,"bundle_layout":"","bundle_add_to_cart_form_location":"","bundle_editable_in_cart":false,"bundle_sold_individually_context":"","bundle_item_grouping":"","bundle_min_size":"","bundle_max_size":"","bundle_price":[],"bundled_items":[],"bundle_sell_ids":[],"acf":[],"yoast_head":"<!-- This site is optimized with the Yoast SEO plugin v27.0 - https:\/\/yoast.com\/product\/yoast-seo-wordpress\/ -->\n<title>Osram LEDriving\u00ae CUBE MX180-CB AMBER EXTREME | 7&quot; - Xenonkungen<\/title>\n<meta name=\"robots\" content=\"index, follow, max-snippet:-1, max-image-preview:large, max-video-preview:-1\" \/>\n<link rel=\"canonical\" href=\"https:\/\/xenonkungen.com\/fi\/tuote\/osram-ledriving-cube-mx180-cb-amber-extreme-7\/\" \/>\n<meta property=\"og:locale\" content=\"fi_FI\" \/>\n<meta property=\"og:type\" content=\"article\" \/>\n<meta property=\"og:title\" content=\"Osram LEDriving\u00ae CUBE MX180-CB AMBER EXTREME | 7&quot; - Xenonkungen\" \/>\n<meta property=\"og:description\" content=\"OSRAM LEDriving MX Series 7\u2033 \u2013 Maximal prestanda. \u00d6verallt. OSRAM MX Series \u00e4r byggd f\u00f6r dig som vill ha riktigt ljus p\u00e5 riktigt. Ett premium LED-extraljus som levererar brutalt ljusfl\u00f6de, modern design och en robust konstruktion som t\u00e5l allt fr\u00e5n l\u00e5ng asfaltspendling till tunga arbetsmilj\u00f6er och offroad. Med upp till 7 000 lumen i boost [&hellip;]\" \/>\n<meta property=\"og:url\" content=\"https:\/\/xenonkungen.com\/fi\/tuote\/osram-ledriving-cube-mx180-cb-amber-extreme-7\/\" \/>\n<meta property=\"og:site_name\" content=\"Xenonkungen\" \/>\n<meta property=\"article:modified_time\" content=\"2026-05-08T12:32:52+00:00\" \/>\n<meta property=\"og:image\" content=\"https:\/\/xenonkungen.com\/wp-content\/uploads\/2025\/11\/Large-PI_WFPIO-327_LEDriving_Cube_MX180-CB_Amber_EXTREME_LEDDL136-CB_X_Side_Light1_Amber_04.jpg\" \/>\n\t<meta property=\"og:image:width\" content=\"1920\" \/>\n\t<meta property=\"og:image:height\" content=\"1920\" \/>\n\t<meta property=\"og:image:type\" content=\"image\/jpeg\" \/>\n<meta name=\"twitter:card\" content=\"summary_large_image\" \/>\n<meta name=\"twitter:label1\" content=\"Arvioitu lukuaika\" \/>\n\t<meta name=\"twitter:data1\" content=\"3 minuuttia\" \/>\n<script type=\"application\/ld+json\" class=\"yoast-schema-graph\">{\"@context\":\"https:\/\/schema.org\",\"@graph\":[{\"@type\":\"WebPage\",\"@id\":\"https:\/\/xenonkungen.com\/produkt\/osram-ledriving-cube-mx180-cb-amber-extreme-7\/\",\"url\":\"https:\/\/xenonkungen.com\/produkt\/osram-ledriving-cube-mx180-cb-amber-extreme-7\/\",\"name\":\"Osram LEDriving\u00ae CUBE MX180-CB AMBER EXTREME | 7\\\" - Xenonkungen\",\"isPartOf\":{\"@id\":\"https:\/\/xenonkungen.com\/#website\"},\"primaryImageOfPage\":{\"@id\":\"https:\/\/xenonkungen.com\/produkt\/osram-ledriving-cube-mx180-cb-amber-extreme-7\/#primaryimage\"},\"image\":{\"@id\":\"https:\/\/xenonkungen.com\/produkt\/osram-ledriving-cube-mx180-cb-amber-extreme-7\/#primaryimage\"},\"thumbnailUrl\":\"https:\/\/xenonkungen.com\/wp-content\/uploads\/2025\/11\/Large-PI_WFPIO-327_LEDriving_Cube_MX180-CB_Amber_EXTREME_LEDDL136-CB_X_Side_Light1_Amber_04.jpg\",\"datePublished\":\"2025-11-06T13:26:43+00:00\",\"dateModified\":\"2026-05-08T12:32:52+00:00\",\"breadcrumb\":{\"@id\":\"https:\/\/xenonkungen.com\/produkt\/osram-ledriving-cube-mx180-cb-amber-extreme-7\/#breadcrumb\"},\"inLanguage\":\"fi\",\"potentialAction\":[{\"@type\":\"ReadAction\",\"target\":[\"https:\/\/xenonkungen.com\/produkt\/osram-ledriving-cube-mx180-cb-amber-extreme-7\/\"]}]},{\"@type\":\"ImageObject\",\"inLanguage\":\"fi\",\"@id\":\"https:\/\/xenonkungen.com\/produkt\/osram-ledriving-cube-mx180-cb-amber-extreme-7\/#primaryimage\",\"url\":\"https:\/\/xenonkungen.com\/wp-content\/uploads\/2025\/11\/Large-PI_WFPIO-327_LEDriving_Cube_MX180-CB_Amber_EXTREME_LEDDL136-CB_X_Side_Light1_Amber_04.jpg\",\"contentUrl\":\"https:\/\/xenonkungen.com\/wp-content\/uploads\/2025\/11\/Large-PI_WFPIO-327_LEDriving_Cube_MX180-CB_Amber_EXTREME_LEDDL136-CB_X_Side_Light1_Amber_04.jpg\",\"width\":1920,\"height\":1920},{\"@type\":\"BreadcrumbList\",\"@id\":\"https:\/\/xenonkungen.com\/produkt\/osram-ledriving-cube-mx180-cb-amber-extreme-7\/#breadcrumb\",\"itemListElement\":[{\"@type\":\"ListItem\",\"position\":1,\"name\":\"Hem\",\"item\":\"https:\/\/xenonkungen.com\/\"},{\"@type\":\"ListItem\",\"position\":2,\"name\":\"Shop\",\"item\":\"https:\/\/xenonkungen.com\/shop\/\"},{\"@type\":\"ListItem\",\"position\":3,\"name\":\"Osram LEDriving\u00ae CUBE MX180-CB AMBER EXTREME | 7&#8243;\"}]},{\"@type\":\"WebSite\",\"@id\":\"https:\/\/xenonkungen.com\/#website\",\"url\":\"https:\/\/xenonkungen.com\/\",\"name\":\"Xenonkungen\",\"description\":\"\",\"potentialAction\":[{\"@type\":\"SearchAction\",\"target\":{\"@type\":\"EntryPoint\",\"urlTemplate\":\"https:\/\/xenonkungen.com\/?s={search_term_string}\"},\"query-input\":{\"@type\":\"PropertyValueSpecification\",\"valueRequired\":true,\"valueName\":\"search_term_string\"}}],\"inLanguage\":\"fi\"}]}<\/script>\n<!-- \/ Yoast SEO plugin. -->","yoast_head_json":{"title":"Osram LEDriving\u00ae CUBE MX180-CB AMBER EXTREME | 7&quot; - Ksenonkuningas","robots":{"index":"index","follow":"follow","max-snippet":"max-snippet:-1","max-image-preview":"max-image-preview:large","max-video-preview":"max-video-preview:-1"},"canonical":"https:\/\/xenonkungen.com\/fi\/tuote\/osram-ledriving-cube-mx180-cb-amber-extreme-7\/","og_locale":"fi_FI","og_type":"article","og_title":"Osram LEDriving\u00ae CUBE MX180-CB AMBER EXTREME | 7\" - Xenonkungen","og_description":"OSRAM LEDriving MX Series 7\u2033 \u2013 Maximal prestanda. \u00d6verallt. OSRAM MX Series \u00e4r byggd f\u00f6r dig som vill ha riktigt ljus p\u00e5 riktigt. Ett premium LED-extraljus som levererar brutalt ljusfl\u00f6de, modern design och en robust konstruktion som t\u00e5l allt fr\u00e5n l\u00e5ng asfaltspendling till tunga arbetsmilj\u00f6er och offroad. Med upp till 7 000 lumen i boost [&hellip;]","og_url":"https:\/\/xenonkungen.com\/fi\/tuote\/osram-ledriving-cube-mx180-cb-amber-extreme-7\/","og_site_name":"Xenonkungen","article_modified_time":"2026-05-08T12:32:52+00:00","og_image":[{"width":1920,"height":1920,"url":"https:\/\/xenonkungen.com\/wp-content\/uploads\/2025\/11\/Large-PI_WFPIO-327_LEDriving_Cube_MX180-CB_Amber_EXTREME_LEDDL136-CB_X_Side_Light1_Amber_04.jpg","type":"image\/jpeg"}],"twitter_card":"summary_large_image","twitter_misc":{"Arvioitu lukuaika":"3 minuuttia"},"schema":{"@context":"https:\/\/schema.org","@graph":[{"@type":"WebPage","@id":"https:\/\/xenonkungen.com\/produkt\/osram-ledriving-cube-mx180-cb-amber-extreme-7\/","url":"https:\/\/xenonkungen.com\/produkt\/osram-ledriving-cube-mx180-cb-amber-extreme-7\/","name":"Osram LEDriving\u00ae CUBE MX180-CB AMBER EXTREME | 7&quot; - Ksenonkuningas","isPartOf":{"@id":"https:\/\/xenonkungen.com\/#website"},"primaryImageOfPage":{"@id":"https:\/\/xenonkungen.com\/produkt\/osram-ledriving-cube-mx180-cb-amber-extreme-7\/#primaryimage"},"image":{"@id":"https:\/\/xenonkungen.com\/produkt\/osram-ledriving-cube-mx180-cb-amber-extreme-7\/#primaryimage"},"thumbnailUrl":"https:\/\/xenonkungen.com\/wp-content\/uploads\/2025\/11\/Large-PI_WFPIO-327_LEDriving_Cube_MX180-CB_Amber_EXTREME_LEDDL136-CB_X_Side_Light1_Amber_04.jpg","datePublished":"2025-11-06T13:26:43+00:00","dateModified":"2026-05-08T12:32:52+00:00","breadcrumb":{"@id":"https:\/\/xenonkungen.com\/produkt\/osram-ledriving-cube-mx180-cb-amber-extreme-7\/#breadcrumb"},"inLanguage":"fi","potentialAction":[{"@type":"ReadAction","target":["https:\/\/xenonkungen.com\/produkt\/osram-ledriving-cube-mx180-cb-amber-extreme-7\/"]}]},{"@type":"ImageObject","inLanguage":"fi","@id":"https:\/\/xenonkungen.com\/produkt\/osram-ledriving-cube-mx180-cb-amber-extreme-7\/#primaryimage","url":"https:\/\/xenonkungen.com\/wp-content\/uploads\/2025\/11\/Large-PI_WFPIO-327_LEDriving_Cube_MX180-CB_Amber_EXTREME_LEDDL136-CB_X_Side_Light1_Amber_04.jpg","contentUrl":"https:\/\/xenonkungen.com\/wp-content\/uploads\/2025\/11\/Large-PI_WFPIO-327_LEDriving_Cube_MX180-CB_Amber_EXTREME_LEDDL136-CB_X_Side_Light1_Amber_04.jpg","width":1920,"height":1920},{"@type":"BreadcrumbList","@id":"https:\/\/xenonkungen.com\/produkt\/osram-ledriving-cube-mx180-cb-amber-extreme-7\/#breadcrumb","itemListElement":[{"@type":"ListItem","position":1,"name":"Hem","item":"https:\/\/xenonkungen.com\/"},{"@type":"ListItem","position":2,"name":"Shop","item":"https:\/\/xenonkungen.com\/shop\/"},{"@type":"ListItem","position":3,"name":"Osram LEDriving\u00ae CUBE MX180-CB AMBER EXTREME | 7&#8243;"}]},{"@type":"WebSite","@id":"https:\/\/xenonkungen.com\/#website","url":"https:\/\/xenonkungen.com\/","name":"Xenonkungen","description":"","potentialAction":[{"@type":"SearchAction","target":{"@type":"EntryPoint","urlTemplate":"https:\/\/xenonkungen.com\/?s={search_term_string}"},"query-input":{"@type":"PropertyValueSpecification","valueRequired":true,"valueName":"search_term_string"}}],"inLanguage":"fi"}]}},"taxonomy_info":{"product_brand":[{"value":108,"label":"OSRAM"}],"product_cat":[{"value":2838,"label":"Extraljus 7\""},{"value":142,"label":"Extraljus"}],"pa_fargtemperatur":[{"value":188,"label":"6000K"},{"value":2794,"label":"1700K"}],"pa_volt-v":[{"value":1084,"label":"Multivolt, 10, 12, 16, 18, 24, 28, 30, 32"}]},"featured_image_src_large":["https:\/\/xenonkungen.com\/wp-content\/uploads\/2025\/11\/Large-PI_WFPIO-327_LEDriving_Cube_MX180-CB_Amber_EXTREME_LEDDL136-CB_X_Side_Light1_Amber_04-1024x1024.jpg",1024,1024,true],"author_info":[],"comment_info":0,"_links":{"self":[{"href":"https:\/\/xenonkungen.com\/fi\/wp-json\/wp\/v2\/product\/17451","targetHints":{"allow":["GET"]}}],"collection":[{"href":"https:\/\/xenonkungen.com\/fi\/wp-json\/wp\/v2\/product"}],"about":[{"href":"https:\/\/xenonkungen.com\/fi\/wp-json\/wp\/v2\/types\/product"}],"replies":[{"embeddable":true,"href":"https:\/\/xenonkungen.com\/fi\/wp-json\/wp\/v2\/comments?post=17451"}],"wp:featuredmedia":[{"embeddable":true,"href":"https:\/\/xenonkungen.com\/fi\/wp-json\/wp\/v2\/media\/17503"}],"wp:attachment":[{"href":"https:\/\/xenonkungen.com\/fi\/wp-json\/wp\/v2\/media?parent=17451"}],"wp:term":[{"taxonomy":"anvandningsomrade","embeddable":true,"href":"https:\/\/xenonkungen.com\/fi\/wp-json\/wp\/v2\/anvandningsomrade?post=17451"},{"taxonomy":"bilmarken","embeddable":true,"href":"https:\/\/xenonkungen.com\/fi\/wp-json\/wp\/v2\/bilmarken?post=17451"},{"taxonomy":"product_brand","embeddable":true,"href":"https:\/\/xenonkungen.com\/fi\/wp-json\/wp\/v2\/product_brand?post=17451"},{"taxonomy":"product_cat","embeddable":true,"href":"https:\/\/xenonkungen.com\/fi\/wp-json\/wp\/v2\/product_cat?post=17451"},{"taxonomy":"product_tag","embeddable":true,"href":"https:\/\/xenonkungen.com\/fi\/wp-json\/wp\/v2\/product_tag?post=17451"}],"curies":[{"name":"wp","href":"https:\/\/api.w.org\/{rel}","templated":true}]}}