{"id":17946,"date":"2025-11-12T14:54:02","date_gmt":"2025-11-12T13:54:02","guid":{"rendered":"https:\/\/xenonkungen.com\/?post_type=product&#038;p=17946"},"modified":"2026-04-10T23:45:01","modified_gmt":"2026-04-10T22:45:01","slug":"luxtar-neonlux-t10-w5w-canbus-keltainen","status":"publish","type":"product","link":"https:\/\/xenonkungen.com\/fi\/tuote\/luxtar-neonlux-t10-w5w-canbus-keltainen\/","title":{"rendered":"Luxtar NeonLux | T10 W5W | Canbus | Keltainen"},"content":{"rendered":"<h2 data-start=\"67\" data-end=\"112\"><strong data-start=\"71\" data-end=\"112\">Luxtar NeonLux Keltainen \u2013 T10 W5W Canbus 9-40V<\/strong><\/h2>\n<p data-start=\"114\" data-end=\"531\"><strong data-start=\"114\" data-end=\"141\">Kirkas. Eloisa. Elokuvamainen.<\/strong><br data-start=\"141\" data-end=\"144\" \/>Tapaa uuden sukupolven tunnelmavalaistus LEDeill\u00e4.<br data-start=\"184\" data-end=\"187\" \/>Luxtar NeonLux tarjoaa ultrapuhtaan neonhehkun rikkailla ja intensiivisill\u00e4 v\u00e4reill\u00e4 \u2013 suunniteltu muuttamaan tunnelmaa ja nostamaan jokaisen ajon uudelle tasolle.<br data-start=\"336\" data-end=\"339\" \/>Hienovaraisesta ylellisyydest\u00e4 rohkeisiin futuristisiin tehosteisiin \u2013 sin\u00e4 valitset tunnelman.<br data-start=\"409\" data-end=\"412\" \/>Kyseess\u00e4 ei ole vain lampun p\u00e4ivitys\u2026<br data-start=\"451\" data-end=\"454\" \/>T\u00e4m\u00e4 on identiteetti. T\u00e4m\u00e4 on tunnelma. T\u00e4m\u00e4 on elokuvamainen ajokokemuksesi.<\/p>\n<hr data-start=\"533\" data-end=\"536\" \/>\n<h3 data-start=\"538\" data-end=\"561\"><strong data-start=\"542\" data-end=\"561\">T\u00e4rkeimm\u00e4t ominaisuudet<\/strong><\/h3>\n<p data-start=\"562\" data-end=\"875\">\u2022 T10 W5W Canbus 9\u201340V \u2013 Toimii sek\u00e4 12V ett\u00e4 24V j\u00e4rjestelmiss\u00e4 (autot ja kuorma-autot)<br data-start=\"641\" data-end=\"644\" \/>\u2022 Ensiluokkainen SMD LED -piirisarja \u2013 Suurempi kirkkaus ja puhdas valokuva<br data-start=\"705\" data-end=\"708\" \/>\u2022 Aidon eloisat v\u00e4ris\u00e4vyt \u2013 Neonvaloja muistuttava hehku, elegantti ja tyylik\u00e4s<br data-start=\"774\" data-end=\"777\" \/>\u2022 Canbus-yhteensopiva \u2013 Suunniteltu useimmille nykyaikaisille ajoneuvoille<br data-start=\"836\" data-end=\"839\" \/>\u2022 2 vuoden takuu \u2013 Sis\u00e4\u00e4nrakennettu mielenrauha<\/p>\n<hr data-start=\"877\" data-end=\"880\" \/>\n<h3 data-start=\"882\" data-end=\"914\"><strong data-start=\"886\" data-end=\"914\">Tekniset tiedot<\/strong><\/h3>\n<p>Teho: 1,9 W<br \/>\nValovirta: 130 lm<br \/>\nJ\u00e4nnite: 9\u201340 V tasavirta<br \/>\nCanbus: Kyll\u00e4<br \/>\nV\u00e4ri: Keltainen<br \/>\nTakuu: 2 vuotta<\/p>\n<hr data-start=\"1123\" data-end=\"1126\" \/>\n<h3 data-start=\"1128\" data-end=\"1157\"><strong data-start=\"1132\" data-end=\"1157\">Miksi valita NeonLux?<\/strong><\/h3>\n<p data-start=\"1158\" data-end=\"1431\">NeonLux tarjoaa muutakin kuin vain valoa \u2013 se luo tunnelmaa.<br data-start=\"1209\" data-end=\"1212\" \/>Hehku ymp\u00e4r\u00f6i ohjaamon ensiluokkaisella, elokuvamaisella tunnelmalla \u2013 ja muuttaa jopa lyhyen y\u00f6ajon musiikkivideon kaltaiseksi kohtaukseksi.<br data-start=\"1330\" data-end=\"1333\" \/>T\u00e4ydellinen jalkavalaistukseen, sisustuselementteihin, seisontavalaistukseen ja show\u2019sta inspiroituneeseen tunnelmavalaistukseen.<\/p>\n<p data-start=\"1433\" data-end=\"1473\">Paranna tunnelmaa \u2013 \u00e4l\u00e4 vain valoa.<\/p>\n<p data-start=\"1475\" data-end=\"1558\">\u2022 Erinomainen tunnelma<br data-start=\"1497\" data-end=\"1500\" \/>\u2022 Ensiluokkainen tunnelma sis\u00e4tiloissa<br data-start=\"1528\" data-end=\"1531\" \/>\u2022 Mieleen j\u00e4\u00e4v\u00e4 vaikutelma<\/p>","protected":false},"excerpt":{"rendered":"<p>Luxtar NeonLux Yellow \u2013 T10 W5W Canbus 9\u201340V Ljus. Livfull. Filmisk.M\u00f6t den nya generationen av ambient LED.Luxtar NeonLux levererar ett ultrarent neongl\u00f6dande ljus med rika, intensiva f\u00e4rger \u2013 utvecklad f\u00f6r att f\u00f6rvandla atmosf\u00e4ren och lyfta varje k\u00f6rning.Fr\u00e5n subtil lyx till dj\u00e4rva futuristiska effekter \u2013 du v\u00e4ljer k\u00e4nslan.Detta \u00e4r inte bara en lampuppgradering\u2026Detta \u00e4r identitet. Detta [&hellip;]<\/p>","protected":false},"featured_media":17948,"comment_status":"open","ping_status":"closed","template":"","meta":{"_acf_changed":false,"_smort_price_nok":"208","_smort_price_dkk":"","_smort_price_eur":"","_smort_sale_price_nok":"","_smort_sale_price_dkk":"","_smort_sale_price_eur":"","smort_restorder":"","shipmondo_restorder":"","_kad_blocks_custom_css":"","_kad_blocks_head_custom_js":"","_kad_blocks_body_custom_js":"","_kad_blocks_footer_custom_js":"","smort_custom_pricelist_1":"124.8","smort_custom_pricelist_2":"109.2","smort_custom_pricelist_3":"101.4","smort_custom_pricelist_4":"156","smort_custom_pricelist_5":"109.2"},"anvandningsomrade":[],"bilmarken":[],"product_brand":[103],"product_cat":[3017,2826,2825,2533,338],"product_tag":[],"class_list":{"0":"post-17946","1":"product","2":"type-product","3":"status-publish","4":"has-post-thumbnail","6":"product_brand-luxtar","7":"product_cat-led-interiorbelysning","8":"product_cat-luxtar","9":"product_cat-luxtar-lampor-konvertering","10":"product_cat-t10-diodlampor","11":"product_cat-diodlampor","13":"first","14":"instock","15":"taxable","16":"shipping-taxable","17":"purchasable","18":"product-type-simple"},"bundled_by":[],"bundle_stock_status":"instock","bundle_stock_quantity":232,"bundle_virtual":false,"bundle_layout":"","bundle_add_to_cart_form_location":"","bundle_editable_in_cart":false,"bundle_sold_individually_context":"","bundle_item_grouping":"","bundle_min_size":"","bundle_max_size":"","bundle_price":[],"bundled_items":[],"bundle_sell_ids":[],"acf":[],"yoast_head":"<!-- This site is optimized with the Yoast SEO plugin v27.0 - https:\/\/yoast.com\/product\/yoast-seo-wordpress\/ -->\n<title>Luxtar NeonLux | T10 W5W | Canbus | Yellow - Xenonkungen<\/title>\n<meta name=\"robots\" content=\"index, follow, max-snippet:-1, max-image-preview:large, max-video-preview:-1\" \/>\n<link rel=\"canonical\" href=\"https:\/\/xenonkungen.com\/fi\/tuote\/luxtar-neonlux-t10-w5w-canbus-keltainen\/\" \/>\n<meta property=\"og:locale\" content=\"fi_FI\" \/>\n<meta property=\"og:type\" content=\"article\" \/>\n<meta property=\"og:title\" content=\"Luxtar NeonLux | T10 W5W | Canbus | Yellow - Xenonkungen\" \/>\n<meta property=\"og:description\" content=\"Luxtar NeonLux Yellow \u2013 T10 W5W Canbus 9\u201340V Ljus. Livfull. Filmisk.M\u00f6t den nya generationen av ambient LED.Luxtar NeonLux levererar ett ultrarent neongl\u00f6dande ljus med rika, intensiva f\u00e4rger \u2013 utvecklad f\u00f6r att f\u00f6rvandla atmosf\u00e4ren och lyfta varje k\u00f6rning.Fr\u00e5n subtil lyx till dj\u00e4rva futuristiska effekter \u2013 du v\u00e4ljer k\u00e4nslan.Detta \u00e4r inte bara en lampuppgradering\u2026Detta \u00e4r identitet. Detta [&hellip;]\" \/>\n<meta property=\"og:url\" content=\"https:\/\/xenonkungen.com\/fi\/tuote\/luxtar-neonlux-t10-w5w-canbus-keltainen\/\" \/>\n<meta property=\"og:site_name\" content=\"Xenonkungen\" \/>\n<meta property=\"article:modified_time\" content=\"2026-04-10T22:45:01+00:00\" \/>\n<meta property=\"og:image\" content=\"https:\/\/xenonkungen.com\/wp-content\/uploads\/2025\/11\/Luxtar-NeonLux-T10-W5W-1.9W-Canbus-ArtNr-151139-YELLOW-XK259805-2000px-PNNG.png\" \/>\n\t<meta property=\"og:image:width\" content=\"1500\" \/>\n\t<meta property=\"og:image:height\" content=\"1284\" \/>\n\t<meta property=\"og:image:type\" content=\"image\/png\" \/>\n<meta name=\"twitter:card\" content=\"summary_large_image\" \/>\n<meta name=\"twitter:label1\" content=\"Arvioitu lukuaika\" \/>\n\t<meta name=\"twitter:data1\" content=\"2 minuuttia\" \/>\n<script type=\"application\/ld+json\" class=\"yoast-schema-graph\">{\"@context\":\"https:\/\/schema.org\",\"@graph\":[{\"@type\":\"WebPage\",\"@id\":\"https:\/\/xenonkungen.com\/produkt\/luxtar-neonlux-t10-w5w-canbus-yellow\/\",\"url\":\"https:\/\/xenonkungen.com\/produkt\/luxtar-neonlux-t10-w5w-canbus-yellow\/\",\"name\":\"Luxtar NeonLux | T10 W5W | Canbus | Yellow - Xenonkungen\",\"isPartOf\":{\"@id\":\"https:\/\/xenonkungen.com\/#website\"},\"primaryImageOfPage\":{\"@id\":\"https:\/\/xenonkungen.com\/produkt\/luxtar-neonlux-t10-w5w-canbus-yellow\/#primaryimage\"},\"image\":{\"@id\":\"https:\/\/xenonkungen.com\/produkt\/luxtar-neonlux-t10-w5w-canbus-yellow\/#primaryimage\"},\"thumbnailUrl\":\"https:\/\/xenonkungen.com\/wp-content\/uploads\/2025\/11\/Luxtar-NeonLux-T10-W5W-1.9W-Canbus-ArtNr-151139-YELLOW-XK259805-2000px-PNNG.png\",\"datePublished\":\"2025-11-12T13:54:02+00:00\",\"dateModified\":\"2026-04-10T22:45:01+00:00\",\"breadcrumb\":{\"@id\":\"https:\/\/xenonkungen.com\/produkt\/luxtar-neonlux-t10-w5w-canbus-yellow\/#breadcrumb\"},\"inLanguage\":\"fi\",\"potentialAction\":[{\"@type\":\"ReadAction\",\"target\":[\"https:\/\/xenonkungen.com\/produkt\/luxtar-neonlux-t10-w5w-canbus-yellow\/\"]}]},{\"@type\":\"ImageObject\",\"inLanguage\":\"fi\",\"@id\":\"https:\/\/xenonkungen.com\/produkt\/luxtar-neonlux-t10-w5w-canbus-yellow\/#primaryimage\",\"url\":\"https:\/\/xenonkungen.com\/wp-content\/uploads\/2025\/11\/Luxtar-NeonLux-T10-W5W-1.9W-Canbus-ArtNr-151139-YELLOW-XK259805-2000px-PNNG.png\",\"contentUrl\":\"https:\/\/xenonkungen.com\/wp-content\/uploads\/2025\/11\/Luxtar-NeonLux-T10-W5W-1.9W-Canbus-ArtNr-151139-YELLOW-XK259805-2000px-PNNG.png\",\"width\":1500,\"height\":1284},{\"@type\":\"BreadcrumbList\",\"@id\":\"https:\/\/xenonkungen.com\/produkt\/luxtar-neonlux-t10-w5w-canbus-yellow\/#breadcrumb\",\"itemListElement\":[{\"@type\":\"ListItem\",\"position\":1,\"name\":\"Hem\",\"item\":\"https:\/\/xenonkungen.com\/\"},{\"@type\":\"ListItem\",\"position\":2,\"name\":\"Shop\",\"item\":\"https:\/\/xenonkungen.com\/shop\/\"},{\"@type\":\"ListItem\",\"position\":3,\"name\":\"Luxtar NeonLux | T10 W5W | Canbus | Yellow\"}]},{\"@type\":\"WebSite\",\"@id\":\"https:\/\/xenonkungen.com\/#website\",\"url\":\"https:\/\/xenonkungen.com\/\",\"name\":\"Xenonkungen\",\"description\":\"\",\"potentialAction\":[{\"@type\":\"SearchAction\",\"target\":{\"@type\":\"EntryPoint\",\"urlTemplate\":\"https:\/\/xenonkungen.com\/?s={search_term_string}\"},\"query-input\":{\"@type\":\"PropertyValueSpecification\",\"valueRequired\":true,\"valueName\":\"search_term_string\"}}],\"inLanguage\":\"fi\"}]}<\/script>\n<!-- \/ Yoast SEO plugin. -->","yoast_head_json":{"title":"Luxtar NeonLux | T10 W5W | Canbus | Keltainen - Xenon-kuningas","robots":{"index":"index","follow":"follow","max-snippet":"max-snippet:-1","max-image-preview":"max-image-preview:large","max-video-preview":"max-video-preview:-1"},"canonical":"https:\/\/xenonkungen.com\/fi\/tuote\/luxtar-neonlux-t10-w5w-canbus-keltainen\/","og_locale":"fi_FI","og_type":"article","og_title":"Luxtar NeonLux | T10 W5W | Canbus | Yellow - Xenonkungen","og_description":"Luxtar NeonLux Yellow \u2013 T10 W5W Canbus 9\u201340V Ljus. Livfull. Filmisk.M\u00f6t den nya generationen av ambient LED.Luxtar NeonLux levererar ett ultrarent neongl\u00f6dande ljus med rika, intensiva f\u00e4rger \u2013 utvecklad f\u00f6r att f\u00f6rvandla atmosf\u00e4ren och lyfta varje k\u00f6rning.Fr\u00e5n subtil lyx till dj\u00e4rva futuristiska effekter \u2013 du v\u00e4ljer k\u00e4nslan.Detta \u00e4r inte bara en lampuppgradering\u2026Detta \u00e4r identitet. Detta [&hellip;]","og_url":"https:\/\/xenonkungen.com\/fi\/tuote\/luxtar-neonlux-t10-w5w-canbus-keltainen\/","og_site_name":"Xenonkungen","article_modified_time":"2026-04-10T22:45:01+00:00","og_image":[{"width":1500,"height":1284,"url":"https:\/\/xenonkungen.com\/wp-content\/uploads\/2025\/11\/Luxtar-NeonLux-T10-W5W-1.9W-Canbus-ArtNr-151139-YELLOW-XK259805-2000px-PNNG.png","type":"image\/png"}],"twitter_card":"summary_large_image","twitter_misc":{"Arvioitu lukuaika":"2 minuuttia"},"schema":{"@context":"https:\/\/schema.org","@graph":[{"@type":"WebPage","@id":"https:\/\/xenonkungen.com\/produkt\/luxtar-neonlux-t10-w5w-canbus-yellow\/","url":"https:\/\/xenonkungen.com\/produkt\/luxtar-neonlux-t10-w5w-canbus-yellow\/","name":"Luxtar NeonLux | T10 W5W | Canbus | Keltainen - Xenon-kuningas","isPartOf":{"@id":"https:\/\/xenonkungen.com\/#website"},"primaryImageOfPage":{"@id":"https:\/\/xenonkungen.com\/produkt\/luxtar-neonlux-t10-w5w-canbus-yellow\/#primaryimage"},"image":{"@id":"https:\/\/xenonkungen.com\/produkt\/luxtar-neonlux-t10-w5w-canbus-yellow\/#primaryimage"},"thumbnailUrl":"https:\/\/xenonkungen.com\/wp-content\/uploads\/2025\/11\/Luxtar-NeonLux-T10-W5W-1.9W-Canbus-ArtNr-151139-YELLOW-XK259805-2000px-PNNG.png","datePublished":"2025-11-12T13:54:02+00:00","dateModified":"2026-04-10T22:45:01+00:00","breadcrumb":{"@id":"https:\/\/xenonkungen.com\/produkt\/luxtar-neonlux-t10-w5w-canbus-yellow\/#breadcrumb"},"inLanguage":"fi","potentialAction":[{"@type":"ReadAction","target":["https:\/\/xenonkungen.com\/produkt\/luxtar-neonlux-t10-w5w-canbus-yellow\/"]}]},{"@type":"ImageObject","inLanguage":"fi","@id":"https:\/\/xenonkungen.com\/produkt\/luxtar-neonlux-t10-w5w-canbus-yellow\/#primaryimage","url":"https:\/\/xenonkungen.com\/wp-content\/uploads\/2025\/11\/Luxtar-NeonLux-T10-W5W-1.9W-Canbus-ArtNr-151139-YELLOW-XK259805-2000px-PNNG.png","contentUrl":"https:\/\/xenonkungen.com\/wp-content\/uploads\/2025\/11\/Luxtar-NeonLux-T10-W5W-1.9W-Canbus-ArtNr-151139-YELLOW-XK259805-2000px-PNNG.png","width":1500,"height":1284},{"@type":"BreadcrumbList","@id":"https:\/\/xenonkungen.com\/produkt\/luxtar-neonlux-t10-w5w-canbus-yellow\/#breadcrumb","itemListElement":[{"@type":"ListItem","position":1,"name":"Hem","item":"https:\/\/xenonkungen.com\/"},{"@type":"ListItem","position":2,"name":"Shop","item":"https:\/\/xenonkungen.com\/shop\/"},{"@type":"ListItem","position":3,"name":"Luxtar NeonLux | T10 W5W | Canbus | Yellow"}]},{"@type":"WebSite","@id":"https:\/\/xenonkungen.com\/#website","url":"https:\/\/xenonkungen.com\/","name":"Xenonkungen","description":"","potentialAction":[{"@type":"SearchAction","target":{"@type":"EntryPoint","urlTemplate":"https:\/\/xenonkungen.com\/?s={search_term_string}"},"query-input":{"@type":"PropertyValueSpecification","valueRequired":true,"valueName":"search_term_string"}}],"inLanguage":"fi"}]}},"taxonomy_info":{"product_brand":[{"value":103,"label":"LUXTAR"}],"product_cat":[{"value":3017,"label":"LED Interi\u00f6rbelysning (personbil)"},{"value":2826,"label":"LUXTAR"},{"value":2825,"label":"Luxtar - Lampor &amp; Konvertering"},{"value":2533,"label":"T10"},{"value":338,"label":"Diodlampor"}]},"featured_image_src_large":["https:\/\/xenonkungen.com\/wp-content\/uploads\/2025\/11\/Luxtar-NeonLux-T10-W5W-1.9W-Canbus-ArtNr-151139-YELLOW-XK259805-2000px-PNNG-1024x877.png",1024,877,true],"author_info":[],"comment_info":1,"_links":{"self":[{"href":"https:\/\/xenonkungen.com\/fi\/wp-json\/wp\/v2\/product\/17946","targetHints":{"allow":["GET"]}}],"collection":[{"href":"https:\/\/xenonkungen.com\/fi\/wp-json\/wp\/v2\/product"}],"about":[{"href":"https:\/\/xenonkungen.com\/fi\/wp-json\/wp\/v2\/types\/product"}],"replies":[{"embeddable":true,"href":"https:\/\/xenonkungen.com\/fi\/wp-json\/wp\/v2\/comments?post=17946"}],"wp:featuredmedia":[{"embeddable":true,"href":"https:\/\/xenonkungen.com\/fi\/wp-json\/wp\/v2\/media\/17948"}],"wp:attachment":[{"href":"https:\/\/xenonkungen.com\/fi\/wp-json\/wp\/v2\/media?parent=17946"}],"wp:term":[{"taxonomy":"anvandningsomrade","embeddable":true,"href":"https:\/\/xenonkungen.com\/fi\/wp-json\/wp\/v2\/anvandningsomrade?post=17946"},{"taxonomy":"bilmarken","embeddable":true,"href":"https:\/\/xenonkungen.com\/fi\/wp-json\/wp\/v2\/bilmarken?post=17946"},{"taxonomy":"product_brand","embeddable":true,"href":"https:\/\/xenonkungen.com\/fi\/wp-json\/wp\/v2\/product_brand?post=17946"},{"taxonomy":"product_cat","embeddable":true,"href":"https:\/\/xenonkungen.com\/fi\/wp-json\/wp\/v2\/product_cat?post=17946"},{"taxonomy":"product_tag","embeddable":true,"href":"https:\/\/xenonkungen.com\/fi\/wp-json\/wp\/v2\/product_tag?post=17946"}],"curies":[{"name":"wp","href":"https:\/\/api.w.org\/{rel}","templated":true}]}}