{"id":1827,"date":"2025-04-15T08:28:38","date_gmt":"2025-04-15T08:28:38","guid":{"rendered":"https:\/\/xenonkungen.com\/product\/skyltbelysning-seat-v-2\/"},"modified":"2026-04-24T16:58:05","modified_gmt":"2026-04-24T15:58:05","slug":"rekisterikilven-valaistus-istuin-v2","status":"publish","type":"product","link":"https:\/\/xenonkungen.com\/fi\/tuote\/rekisterikilven-valaistus-istuin-v2\/","title":{"rendered":"Merkkien valaistus Istuin V.2"},"content":{"rendered":"<h1>LED-merkkivalo istuimelle V.2 - p\u00e4ivit\u00e4 moderniin ja tyylikk\u00e4\u00e4seen valaistukseen<\/h1>\n<p>Anna istuimellesi tyylik\u00e4s ja moderni ilme laadukkaalla LED-kylttien valaistuksellamme. T\u00e4m\u00e4 r\u00e4\u00e4t\u00e4l\u00f6ity valaistus on suunniteltu korvaamaan nykyinen halogeenivalaisimesi, ja se tuottaa kirkkaan valkoisen valon, joka vie autosi muotoilun seuraavalle tasolle.<\/p>\n<h2>Ominaisuudet, jotka tekev\u00e4t vaikutuksen:<\/h2>\n<ul>\n<li><strong>Kirkas valkoinen valo:<\/strong> Parantaa rekisterikilven ulkon\u00e4k\u00f6\u00e4 ja n\u00e4kyvyytt\u00e4.<\/li>\n<li><strong>12V pulttikiinnitteinen moduuli:<\/strong> Helppo asennus ilman muutoksia, suoraan sovitettu Seat V.2:een.<\/li>\n<li><strong>Alkuper\u00e4inen istuvuus:<\/strong> Asennetaan helposti samaan paikkaan kuin alkuper\u00e4inen valaistus - ei vaivaa.<\/li>\n<\/ul>\n<p>T\u00e4m\u00e4n LED-ratkaisun ansiosta saat paitsi parempaa valoa my\u00f6s p\u00e4ivityksen, joka kest\u00e4\u00e4 pitk\u00e4\u00e4n. T\u00e4ydellinen niille, jotka haluavat nykyaikaisemman ja energiatehokkaamman ratkaisun autoonsa.<\/p>\n<h2>LED-valon valinnan edut:<\/h2>\n<ul>\n<li>Pienempi energiankulutus kuin halogeenilla.<\/li>\n<li>Pidempi k\u00e4ytt\u00f6ik\u00e4 - kest\u00e4v\u00e4 ja luotettava.<\/li>\n<li>Antaa autollesi eksklusiivisen ilmeen.<\/li>\n<\/ul>\n<p><em>T\u00e4m\u00e4 tuote ei ole SEATin alkuper\u00e4inen tuote, ja t\u00e4ss\u00e4 k\u00e4ytet\u00e4\u00e4n tavaramerkkej\u00e4 osoittamaan, mihin autoon\/malliin tuote on tarkoitettu.<\/em><\/p>\n<p><span>Sopii istuimen malliin<\/span><\/p>\n<p><strong>Altea XL 2006-2015<br \/>Exeo LIMOUSINE 2008-2013<br \/>Ibiza 2008-2013 (vain sport, FR, cupra)<br \/>Leon2 2005-2012<br \/>Leon3 2012~<\/strong><\/p>\n<p><em>Pid\u00e4t\u00e4mme oikeuden virheellisiin tietoihin.<\/em><\/p>\n<p><span><strong>Asiakasraportit:<br \/><\/strong>&#8211;<\/span><\/p>\n<p><span>Sarja 2 kpl.<br \/>3 vuoden takuu.<br \/>S\u00e4hk\u00f6inen valtuutus<\/span><\/p>","protected":false},"excerpt":{"rendered":"<p>Sopii istuinmalleihin<br \/>\nAltea XL 2006-2015<br \/>\nExeo LIMOUSINE 2008-2013<br \/>\nIbiza 2008-2013 (vain sport, FR, cupra)<br \/>\nLeon2 2005-2012<br \/>\nLeon3 2012~<\/p>\n<p>J\u00e4nnite: 12V<br \/>\nPultattava valomoduuli.<\/p>\n<p>Sarja 2 kpl<br \/>\nS\u00e4hk\u00f6inen valtuutus<br \/>\n3 vuoden takuu<\/p>","protected":false},"featured_media":1828,"comment_status":"closed","ping_status":"open","template":"","meta":{"_acf_changed":false,"_smort_price_nok":"315","_smort_price_dkk":"200","_smort_price_eur":"26.82","_smort_sale_price_nok":"","_smort_sale_price_dkk":"","_smort_sale_price_eur":"","smort_restorder":"","shipmondo_restorder":"","_kad_blocks_custom_css":"","_kad_blocks_head_custom_js":"","_kad_blocks_body_custom_js":"","_kad_blocks_footer_custom_js":"","smort_custom_pricelist_1":"188.8","smort_custom_pricelist_2":"165.2","smort_custom_pricelist_3":"153.4","smort_custom_pricelist_4":"236","smort_custom_pricelist_5":"165.2"},"anvandningsomrade":[],"bilmarken":[],"product_brand":[117],"product_cat":[2472,338],"product_tag":[],"class_list":{"0":"post-1827","1":"product","2":"type-product","3":"status-publish","4":"has-post-thumbnail","6":"product_brand-xenonkungen","7":"product_cat-skyltbelysning-diodlampor","8":"product_cat-diodlampor","9":"pa_volt-v-159","11":"first","12":"instock","13":"taxable","14":"shipping-taxable","15":"purchasable","16":"product-type-simple"},"bundled_by":[],"bundle_stock_status":"instock","bundle_stock_quantity":18,"bundle_virtual":false,"bundle_layout":"","bundle_add_to_cart_form_location":"","bundle_editable_in_cart":false,"bundle_sold_individually_context":"","bundle_item_grouping":"","bundle_min_size":"","bundle_max_size":"","bundle_price":[],"bundled_items":[],"bundle_sell_ids":[],"acf":[],"yoast_head":"<!-- This site is optimized with the Yoast SEO plugin v27.0 - https:\/\/yoast.com\/product\/yoast-seo-wordpress\/ -->\n<title>Skyltbelysning Seat V.2 - Xenonkungen<\/title>\n<meta name=\"robots\" content=\"index, follow, max-snippet:-1, max-image-preview:large, max-video-preview:-1\" \/>\n<link rel=\"canonical\" href=\"https:\/\/xenonkungen.com\/fi\/tuote\/rekisterikilven-valaistus-istuin-v2\/\" \/>\n<meta property=\"og:locale\" content=\"fi_FI\" \/>\n<meta property=\"og:type\" content=\"article\" \/>\n<meta property=\"og:title\" content=\"Skyltbelysning Seat V.2 - Xenonkungen\" \/>\n<meta property=\"og:description\" content=\"Passar Seat modeller Altea XL 2006-2015 Exeo LIMOUSINE 2008-2013 Ibiza 2008-2013(only sport, FR,cupra) Leon2 2005-2012 Leon3 2012~ Volt: 12V Bolt-on ljusmodul. Set om 2st E-godk\u00e4nd 3 \u00e5r garanti\" \/>\n<meta property=\"og:url\" content=\"https:\/\/xenonkungen.com\/fi\/tuote\/rekisterikilven-valaistus-istuin-v2\/\" \/>\n<meta property=\"og:site_name\" content=\"Xenonkungen\" \/>\n<meta property=\"article:modified_time\" content=\"2026-04-24T15:58:05+00:00\" \/>\n<meta property=\"og:image\" content=\"https:\/\/xenonkungen.com\/wp-content\/uploads\/2025\/04\/216523407-origpic-7a98eb.png\" \/>\n\t<meta property=\"og:image:width\" content=\"600\" \/>\n\t<meta property=\"og:image:height\" content=\"600\" \/>\n\t<meta property=\"og:image:type\" content=\"image\/png\" \/>\n<meta name=\"twitter:card\" content=\"summary_large_image\" \/>\n<meta name=\"twitter:label1\" content=\"Arvioitu lukuaika\" \/>\n\t<meta name=\"twitter:data1\" content=\"1 minuutti\" \/>\n<script type=\"application\/ld+json\" class=\"yoast-schema-graph\">{\"@context\":\"https:\/\/schema.org\",\"@graph\":[{\"@type\":\"WebPage\",\"@id\":\"https:\/\/xenonkungen.com\/en\/product\/license-plate-lighting-seat-v-2\/\",\"url\":\"https:\/\/xenonkungen.com\/en\/product\/license-plate-lighting-seat-v-2\/\",\"name\":\"Skyltbelysning Seat V.2 - Xenonkungen\",\"isPartOf\":{\"@id\":\"https:\/\/xenonkungen.com\/#website\"},\"primaryImageOfPage\":{\"@id\":\"https:\/\/xenonkungen.com\/en\/product\/license-plate-lighting-seat-v-2\/#primaryimage\"},\"image\":{\"@id\":\"https:\/\/xenonkungen.com\/en\/product\/license-plate-lighting-seat-v-2\/#primaryimage\"},\"thumbnailUrl\":\"https:\/\/xenonkungen.com\/wp-content\/uploads\/2025\/04\/216523407-origpic-7a98eb.png\",\"datePublished\":\"2025-04-15T08:28:38+00:00\",\"dateModified\":\"2026-04-24T15:58:05+00:00\",\"breadcrumb\":{\"@id\":\"https:\/\/xenonkungen.com\/en\/product\/license-plate-lighting-seat-v-2\/#breadcrumb\"},\"inLanguage\":\"fi\",\"potentialAction\":[{\"@type\":\"ReadAction\",\"target\":[\"https:\/\/xenonkungen.com\/en\/product\/license-plate-lighting-seat-v-2\/\"]}]},{\"@type\":\"ImageObject\",\"inLanguage\":\"fi\",\"@id\":\"https:\/\/xenonkungen.com\/en\/product\/license-plate-lighting-seat-v-2\/#primaryimage\",\"url\":\"https:\/\/xenonkungen.com\/wp-content\/uploads\/2025\/04\/216523407-origpic-7a98eb.png\",\"contentUrl\":\"https:\/\/xenonkungen.com\/wp-content\/uploads\/2025\/04\/216523407-origpic-7a98eb.png\",\"width\":600,\"height\":600},{\"@type\":\"BreadcrumbList\",\"@id\":\"https:\/\/xenonkungen.com\/en\/product\/license-plate-lighting-seat-v-2\/#breadcrumb\",\"itemListElement\":[{\"@type\":\"ListItem\",\"position\":1,\"name\":\"Hem\",\"item\":\"https:\/\/xenonkungen.com\/\"},{\"@type\":\"ListItem\",\"position\":2,\"name\":\"Shop\",\"item\":\"https:\/\/xenonkungen.com\/shop\/\"},{\"@type\":\"ListItem\",\"position\":3,\"name\":\"Skyltbelysning Seat V.2\"}]},{\"@type\":\"WebSite\",\"@id\":\"https:\/\/xenonkungen.com\/#website\",\"url\":\"https:\/\/xenonkungen.com\/\",\"name\":\"Xenonkungen\",\"description\":\"\",\"potentialAction\":[{\"@type\":\"SearchAction\",\"target\":{\"@type\":\"EntryPoint\",\"urlTemplate\":\"https:\/\/xenonkungen.com\/?s={search_term_string}\"},\"query-input\":{\"@type\":\"PropertyValueSpecification\",\"valueRequired\":true,\"valueName\":\"search_term_string\"}}],\"inLanguage\":\"fi\"}]}<\/script>\n<!-- \/ Yoast SEO plugin. -->","yoast_head_json":{"title":"Kylttivalaistus Seat V.2 - Xenon King","robots":{"index":"index","follow":"follow","max-snippet":"max-snippet:-1","max-image-preview":"max-image-preview:large","max-video-preview":"max-video-preview:-1"},"canonical":"https:\/\/xenonkungen.com\/fi\/tuote\/rekisterikilven-valaistus-istuin-v2\/","og_locale":"fi_FI","og_type":"article","og_title":"Skyltbelysning Seat V.2 - Xenonkungen","og_description":"Passar Seat modeller Altea XL 2006-2015 Exeo LIMOUSINE 2008-2013 Ibiza 2008-2013(only sport, FR,cupra) Leon2 2005-2012 Leon3 2012~ Volt: 12V Bolt-on ljusmodul. Set om 2st E-godk\u00e4nd 3 \u00e5r garanti","og_url":"https:\/\/xenonkungen.com\/fi\/tuote\/rekisterikilven-valaistus-istuin-v2\/","og_site_name":"Xenonkungen","article_modified_time":"2026-04-24T15:58:05+00:00","og_image":[{"width":600,"height":600,"url":"https:\/\/xenonkungen.com\/wp-content\/uploads\/2025\/04\/216523407-origpic-7a98eb.png","type":"image\/png"}],"twitter_card":"summary_large_image","twitter_misc":{"Arvioitu lukuaika":"1 minuutti"},"schema":{"@context":"https:\/\/schema.org","@graph":[{"@type":"WebPage","@id":"https:\/\/xenonkungen.com\/en\/product\/license-plate-lighting-seat-v-2\/","url":"https:\/\/xenonkungen.com\/en\/product\/license-plate-lighting-seat-v-2\/","name":"Kylttivalaistus Seat V.2 - Xenon King","isPartOf":{"@id":"https:\/\/xenonkungen.com\/#website"},"primaryImageOfPage":{"@id":"https:\/\/xenonkungen.com\/en\/product\/license-plate-lighting-seat-v-2\/#primaryimage"},"image":{"@id":"https:\/\/xenonkungen.com\/en\/product\/license-plate-lighting-seat-v-2\/#primaryimage"},"thumbnailUrl":"https:\/\/xenonkungen.com\/wp-content\/uploads\/2025\/04\/216523407-origpic-7a98eb.png","datePublished":"2025-04-15T08:28:38+00:00","dateModified":"2026-04-24T15:58:05+00:00","breadcrumb":{"@id":"https:\/\/xenonkungen.com\/en\/product\/license-plate-lighting-seat-v-2\/#breadcrumb"},"inLanguage":"fi","potentialAction":[{"@type":"ReadAction","target":["https:\/\/xenonkungen.com\/en\/product\/license-plate-lighting-seat-v-2\/"]}]},{"@type":"ImageObject","inLanguage":"fi","@id":"https:\/\/xenonkungen.com\/en\/product\/license-plate-lighting-seat-v-2\/#primaryimage","url":"https:\/\/xenonkungen.com\/wp-content\/uploads\/2025\/04\/216523407-origpic-7a98eb.png","contentUrl":"https:\/\/xenonkungen.com\/wp-content\/uploads\/2025\/04\/216523407-origpic-7a98eb.png","width":600,"height":600},{"@type":"BreadcrumbList","@id":"https:\/\/xenonkungen.com\/en\/product\/license-plate-lighting-seat-v-2\/#breadcrumb","itemListElement":[{"@type":"ListItem","position":1,"name":"Hem","item":"https:\/\/xenonkungen.com\/"},{"@type":"ListItem","position":2,"name":"Shop","item":"https:\/\/xenonkungen.com\/shop\/"},{"@type":"ListItem","position":3,"name":"Skyltbelysning Seat V.2"}]},{"@type":"WebSite","@id":"https:\/\/xenonkungen.com\/#website","url":"https:\/\/xenonkungen.com\/","name":"Xenonkungen","description":"","potentialAction":[{"@type":"SearchAction","target":{"@type":"EntryPoint","urlTemplate":"https:\/\/xenonkungen.com\/?s={search_term_string}"},"query-input":{"@type":"PropertyValueSpecification","valueRequired":true,"valueName":"search_term_string"}}],"inLanguage":"fi"}]}},"taxonomy_info":{"product_brand":[{"value":117,"label":"Xenonkungen"}],"product_cat":[{"value":2472,"label":"Skyltbelysning"},{"value":338,"label":"Diodlampor"}],"pa_volt-v":[{"value":159,"label":"12"}]},"featured_image_src_large":["https:\/\/xenonkungen.com\/wp-content\/uploads\/2025\/04\/216523407-origpic-7a98eb.png",600,600,false],"author_info":[],"comment_info":0,"_links":{"self":[{"href":"https:\/\/xenonkungen.com\/fi\/wp-json\/wp\/v2\/product\/1827","targetHints":{"allow":["GET"]}}],"collection":[{"href":"https:\/\/xenonkungen.com\/fi\/wp-json\/wp\/v2\/product"}],"about":[{"href":"https:\/\/xenonkungen.com\/fi\/wp-json\/wp\/v2\/types\/product"}],"replies":[{"embeddable":true,"href":"https:\/\/xenonkungen.com\/fi\/wp-json\/wp\/v2\/comments?post=1827"}],"wp:featuredmedia":[{"embeddable":true,"href":"https:\/\/xenonkungen.com\/fi\/wp-json\/wp\/v2\/media\/1828"}],"wp:attachment":[{"href":"https:\/\/xenonkungen.com\/fi\/wp-json\/wp\/v2\/media?parent=1827"}],"wp:term":[{"taxonomy":"anvandningsomrade","embeddable":true,"href":"https:\/\/xenonkungen.com\/fi\/wp-json\/wp\/v2\/anvandningsomrade?post=1827"},{"taxonomy":"bilmarken","embeddable":true,"href":"https:\/\/xenonkungen.com\/fi\/wp-json\/wp\/v2\/bilmarken?post=1827"},{"taxonomy":"product_brand","embeddable":true,"href":"https:\/\/xenonkungen.com\/fi\/wp-json\/wp\/v2\/product_brand?post=1827"},{"taxonomy":"product_cat","embeddable":true,"href":"https:\/\/xenonkungen.com\/fi\/wp-json\/wp\/v2\/product_cat?post=1827"},{"taxonomy":"product_tag","embeddable":true,"href":"https:\/\/xenonkungen.com\/fi\/wp-json\/wp\/v2\/product_tag?post=1827"}],"curies":[{"name":"wp","href":"https:\/\/api.w.org\/{rel}","templated":true}]}}