{"id":1886,"date":"2025-04-15T08:29:32","date_gmt":"2025-04-15T08:29:32","guid":{"rendered":"https:\/\/xenonkungen.com\/product\/nightshift-pro-arbetsljus-wl60-5100-lumen\/"},"modified":"2026-04-29T12:44:55","modified_gmt":"2026-04-29T11:44:55","slug":"nightshift-pro-tyovalo-wl60-5100-lumenia","status":"publish","type":"product","link":"https:\/\/xenonkungen.com\/fi\/tuote\/nightshift-pro-tyovalo-wl60-5100-lumenia\/","title":{"rendered":"Luxtar PRO -ty\u00f6valo WL60 | 5100 lumenia"},"content":{"rendered":"<h1>Luxtar Pro WL serien<\/h1>\n<p>T\u00e4m\u00e4 on t\u00e4ydellinen ty\u00f6valo niille, jotka arvostavat raakaa suorituskyky\u00e4 ja vankkaa kest\u00e4vyytt\u00e4. Olemme kehitt\u00e4neet t\u00e4m\u00e4n sarjan niille, jotka eiv\u00e4t halua tehd\u00e4 kompromisseja, vaan haluavat kaiken mahdollisen!<\/p>\n<p>ADC12-alumiinista valetun rakenteensa, 5. luokan polykarbonaattilasin ja vankasta 4 mm:n 304-ruostumattomasta ter\u00e4ksest\u00e4 valmistetun kannattimen ansiosta t\u00e4m\u00e4 ty\u00f6valaisin on t\u00e4ydellinen, kun ty\u00f6skentelet haavoittuvissa tilanteissa. Se voi olla kaivoksessa, mets\u00e4ss\u00e4, sorakuopassa tai miksei vaikka merell\u00e4.<\/p>\n<p>Kaiken t\u00e4m\u00e4n ansiosta se on hyv\u00e4ksytty altistumaan ongelmitta jopa 30G:n t\u00e4rin\u00e4lle ja iskuille, ja IP69K-hyv\u00e4ksynn\u00e4n ansiosta se kest\u00e4\u00e4 kaikenlaista vett\u00e4, jolle se voi altistua. Kiveniskem\u00e4t eiv\u00e4t my\u00f6sk\u00e4\u00e4n ole huolenaihe, sill\u00e4 lasi on valmistettu korkealaatuisesta polykarbonaatista.<\/p>","protected":false},"excerpt":{"rendered":"<p>Tehokas ja tehokas ty\u00f6valo turvallisempaan ty\u00f6skentelyyn.<\/p>","protected":false},"featured_media":29826,"comment_status":"closed","ping_status":"closed","template":"","meta":{"_acf_changed":false,"_smort_price_nok":"1810","_smort_price_dkk":"1150","_smort_price_eur":"154.08","_smort_sale_price_nok":"","_smort_sale_price_dkk":"","_smort_sale_price_eur":"","smort_restorder":"","shipmondo_restorder":"","_kad_blocks_custom_css":"","_kad_blocks_head_custom_js":"","_kad_blocks_body_custom_js":"","_kad_blocks_footer_custom_js":"","smort_custom_pricelist_1":"1084.8","smort_custom_pricelist_2":"813.6","smort_custom_pricelist_3":"772.92","smort_custom_pricelist_4":"1356","smort_custom_pricelist_5":"813.6"},"anvandningsomrade":[],"bilmarken":[],"product_brand":[103],"product_cat":[2482,508],"product_tag":[],"class_list":{"0":"post-1886","1":"product","2":"type-product","3":"status-publish","4":"has-post-thumbnail","6":"product_brand-luxtar","7":"product_cat-pro-serie","8":"product_cat-arbetsbelysning","9":"pa_faktisk-effekts-forbrukning-695","10":"pa_fargtemperatur-6000k","11":"pa_fuktskydd-varde-ipxx-ip69k","12":"pa_godkannande-ce-rohs-emc-emi-cispr-25-class-4","13":"pa_lampsockel-kontakt-dt","14":"pa_led-chips-effekt-w-694","15":"pa_ljusbild-flood","16":"pa_ljusspridning-grader-688","17":"pa_storlek-mm-144x123x83","18":"pa_stromforbrukning-19a24v","19":"pa_stromforbrukning-37a12v","20":"pa_volt-v-multivolt-9-12-16-18-24-28-30-32","22":"first","23":"instock","24":"taxable","25":"shipping-taxable","26":"purchasable","27":"product-type-simple"},"bundled_by":[],"bundle_stock_status":"instock","bundle_stock_quantity":52,"bundle_virtual":false,"bundle_layout":"","bundle_add_to_cart_form_location":"","bundle_editable_in_cart":false,"bundle_sold_individually_context":"","bundle_item_grouping":"","bundle_min_size":"","bundle_max_size":"","bundle_price":[],"bundled_items":[],"bundle_sell_ids":[],"acf":[],"yoast_head":"<!-- This site is optimized with the Yoast SEO plugin v27.0 - https:\/\/yoast.com\/product\/yoast-seo-wordpress\/ -->\n<title>Luxtar PRO Arbetsljus WL60 | 5100 Lumen - Xenonkungen<\/title>\n<meta name=\"robots\" content=\"index, follow, max-snippet:-1, max-image-preview:large, max-video-preview:-1\" \/>\n<link rel=\"canonical\" href=\"https:\/\/xenonkungen.com\/fi\/tuote\/nightshift-pro-tyovalo-wl60-5100-lumenia\/\" \/>\n<meta property=\"og:locale\" content=\"fi_FI\" \/>\n<meta property=\"og:type\" content=\"article\" \/>\n<meta property=\"og:title\" content=\"Luxtar PRO Arbetsljus WL60 | 5100 Lumen - Xenonkungen\" \/>\n<meta property=\"og:description\" content=\"Starkt arbetsljus med h\u00f6g effekt f\u00f6r ett tryggare arbete.\" \/>\n<meta property=\"og:url\" content=\"https:\/\/xenonkungen.com\/fi\/tuote\/nightshift-pro-tyovalo-wl60-5100-lumenia\/\" \/>\n<meta property=\"og:site_name\" content=\"Xenonkungen\" \/>\n<meta property=\"article:modified_time\" content=\"2026-04-29T11:44:55+00:00\" \/>\n<meta property=\"og:image\" content=\"https:\/\/xenonkungen.com\/wp-content\/uploads\/2025\/04\/WL60.png\" \/>\n\t<meta property=\"og:image:width\" content=\"1080\" \/>\n\t<meta property=\"og:image:height\" content=\"1350\" \/>\n\t<meta property=\"og:image:type\" content=\"image\/png\" \/>\n<meta name=\"twitter:card\" content=\"summary_large_image\" \/>\n<meta name=\"twitter:label1\" content=\"Arvioitu lukuaika\" \/>\n\t<meta name=\"twitter:data1\" content=\"1 minuutti\" \/>\n<script type=\"application\/ld+json\" class=\"yoast-schema-graph\">{\"@context\":\"https:\/\/schema.org\",\"@graph\":[{\"@type\":\"WebPage\",\"@id\":\"https:\/\/xenonkungen.com\/produkt\/nightshift-pro-arbetsljus-wl60-5100-lumen\/\",\"url\":\"https:\/\/xenonkungen.com\/produkt\/nightshift-pro-arbetsljus-wl60-5100-lumen\/\",\"name\":\"Luxtar PRO Arbetsljus WL60 | 5100 Lumen - Xenonkungen\",\"isPartOf\":{\"@id\":\"https:\/\/xenonkungen.com\/#website\"},\"primaryImageOfPage\":{\"@id\":\"https:\/\/xenonkungen.com\/produkt\/nightshift-pro-arbetsljus-wl60-5100-lumen\/#primaryimage\"},\"image\":{\"@id\":\"https:\/\/xenonkungen.com\/produkt\/nightshift-pro-arbetsljus-wl60-5100-lumen\/#primaryimage\"},\"thumbnailUrl\":\"https:\/\/xenonkungen.com\/wp-content\/uploads\/2025\/04\/WL60.png\",\"datePublished\":\"2025-04-15T08:29:32+00:00\",\"dateModified\":\"2026-04-29T11:44:55+00:00\",\"breadcrumb\":{\"@id\":\"https:\/\/xenonkungen.com\/produkt\/nightshift-pro-arbetsljus-wl60-5100-lumen\/#breadcrumb\"},\"inLanguage\":\"fi\",\"potentialAction\":[{\"@type\":\"ReadAction\",\"target\":[\"https:\/\/xenonkungen.com\/produkt\/nightshift-pro-arbetsljus-wl60-5100-lumen\/\"]}]},{\"@type\":\"ImageObject\",\"inLanguage\":\"fi\",\"@id\":\"https:\/\/xenonkungen.com\/produkt\/nightshift-pro-arbetsljus-wl60-5100-lumen\/#primaryimage\",\"url\":\"https:\/\/xenonkungen.com\/wp-content\/uploads\/2025\/04\/WL60.png\",\"contentUrl\":\"https:\/\/xenonkungen.com\/wp-content\/uploads\/2025\/04\/WL60.png\",\"width\":1080,\"height\":1350},{\"@type\":\"BreadcrumbList\",\"@id\":\"https:\/\/xenonkungen.com\/produkt\/nightshift-pro-arbetsljus-wl60-5100-lumen\/#breadcrumb\",\"itemListElement\":[{\"@type\":\"ListItem\",\"position\":1,\"name\":\"Hem\",\"item\":\"https:\/\/xenonkungen.com\/\"},{\"@type\":\"ListItem\",\"position\":2,\"name\":\"Shop\",\"item\":\"https:\/\/xenonkungen.com\/shop\/\"},{\"@type\":\"ListItem\",\"position\":3,\"name\":\"Luxtar PRO Arbetsljus WL60 | 5100 Lumen\"}]},{\"@type\":\"WebSite\",\"@id\":\"https:\/\/xenonkungen.com\/#website\",\"url\":\"https:\/\/xenonkungen.com\/\",\"name\":\"Xenonkungen\",\"description\":\"\",\"potentialAction\":[{\"@type\":\"SearchAction\",\"target\":{\"@type\":\"EntryPoint\",\"urlTemplate\":\"https:\/\/xenonkungen.com\/?s={search_term_string}\"},\"query-input\":{\"@type\":\"PropertyValueSpecification\",\"valueRequired\":true,\"valueName\":\"search_term_string\"}}],\"inLanguage\":\"fi\"}]}<\/script>\n<!-- \/ Yoast SEO plugin. -->","yoast_head_json":{"title":"Luxtar PRO Arbetsljus WL60 | 5100 Lumen - Xenonkungen","robots":{"index":"index","follow":"follow","max-snippet":"max-snippet:-1","max-image-preview":"max-image-preview:large","max-video-preview":"max-video-preview:-1"},"canonical":"https:\/\/xenonkungen.com\/fi\/tuote\/nightshift-pro-tyovalo-wl60-5100-lumenia\/","og_locale":"fi_FI","og_type":"article","og_title":"Luxtar PRO Arbetsljus WL60 | 5100 Lumen - Xenonkungen","og_description":"Starkt arbetsljus med h\u00f6g effekt f\u00f6r ett tryggare arbete.","og_url":"https:\/\/xenonkungen.com\/fi\/tuote\/nightshift-pro-tyovalo-wl60-5100-lumenia\/","og_site_name":"Xenonkungen","article_modified_time":"2026-04-29T11:44:55+00:00","og_image":[{"width":1080,"height":1350,"url":"https:\/\/xenonkungen.com\/wp-content\/uploads\/2025\/04\/WL60.png","type":"image\/png"}],"twitter_card":"summary_large_image","twitter_misc":{"Arvioitu lukuaika":"1 minuutti"},"schema":{"@context":"https:\/\/schema.org","@graph":[{"@type":"WebPage","@id":"https:\/\/xenonkungen.com\/produkt\/nightshift-pro-arbetsljus-wl60-5100-lumen\/","url":"https:\/\/xenonkungen.com\/produkt\/nightshift-pro-arbetsljus-wl60-5100-lumen\/","name":"Luxtar PRO Arbetsljus WL60 | 5100 Lumen - Xenonkungen","isPartOf":{"@id":"https:\/\/xenonkungen.com\/#website"},"primaryImageOfPage":{"@id":"https:\/\/xenonkungen.com\/produkt\/nightshift-pro-arbetsljus-wl60-5100-lumen\/#primaryimage"},"image":{"@id":"https:\/\/xenonkungen.com\/produkt\/nightshift-pro-arbetsljus-wl60-5100-lumen\/#primaryimage"},"thumbnailUrl":"https:\/\/xenonkungen.com\/wp-content\/uploads\/2025\/04\/WL60.png","datePublished":"2025-04-15T08:29:32+00:00","dateModified":"2026-04-29T11:44:55+00:00","breadcrumb":{"@id":"https:\/\/xenonkungen.com\/produkt\/nightshift-pro-arbetsljus-wl60-5100-lumen\/#breadcrumb"},"inLanguage":"fi","potentialAction":[{"@type":"ReadAction","target":["https:\/\/xenonkungen.com\/produkt\/nightshift-pro-arbetsljus-wl60-5100-lumen\/"]}]},{"@type":"ImageObject","inLanguage":"fi","@id":"https:\/\/xenonkungen.com\/produkt\/nightshift-pro-arbetsljus-wl60-5100-lumen\/#primaryimage","url":"https:\/\/xenonkungen.com\/wp-content\/uploads\/2025\/04\/WL60.png","contentUrl":"https:\/\/xenonkungen.com\/wp-content\/uploads\/2025\/04\/WL60.png","width":1080,"height":1350},{"@type":"BreadcrumbList","@id":"https:\/\/xenonkungen.com\/produkt\/nightshift-pro-arbetsljus-wl60-5100-lumen\/#breadcrumb","itemListElement":[{"@type":"ListItem","position":1,"name":"Hem","item":"https:\/\/xenonkungen.com\/"},{"@type":"ListItem","position":2,"name":"Shop","item":"https:\/\/xenonkungen.com\/shop\/"},{"@type":"ListItem","position":3,"name":"Luxtar PRO Arbetsljus WL60 | 5100 Lumen"}]},{"@type":"WebSite","@id":"https:\/\/xenonkungen.com\/#website","url":"https:\/\/xenonkungen.com\/","name":"Xenonkungen","description":"","potentialAction":[{"@type":"SearchAction","target":{"@type":"EntryPoint","urlTemplate":"https:\/\/xenonkungen.com\/?s={search_term_string}"},"query-input":{"@type":"PropertyValueSpecification","valueRequired":true,"valueName":"search_term_string"}}],"inLanguage":"fi"}]}},"taxonomy_info":{"product_brand":[{"value":103,"label":"LUXTAR"}],"product_cat":[{"value":2482,"label":"PRO-serie"},{"value":508,"label":"Arbetsbelysning"}],"pa_faktisk-effekts-forbrukning":[{"value":695,"label":"45"}],"pa_fargtemperatur":[{"value":188,"label":"6000K"}],"pa_fuktskydd-varde-ipxx":[{"value":155,"label":"IP69K"}],"pa_godkannande":[{"value":698,"label":"CE, RoHs, EMC\/EMI, CISPR 25 - Class 4"}],"pa_lampsockel-kontakt":[{"value":329,"label":"DT"}],"pa_led-chips-effekt-w":[{"value":694,"label":"60"}],"pa_ljusbild":[{"value":503,"label":"FLOOD"}],"pa_ljusspridning-grader":[{"value":688,"label":"85"}],"pa_storlek-mm":[{"value":693,"label":"144x123x83"}],"pa_stromforbrukning":[{"value":697,"label":"1,9A@24V"},{"value":696,"label":"3,7A@12V"}],"pa_volt-v":[{"value":521,"label":"Multivolt, 9, 12, 16, 18, 24, 28, 30, 32"}]},"featured_image_src_large":["https:\/\/xenonkungen.com\/wp-content\/uploads\/2025\/04\/WL60-819x1024.png",819,1024,true],"author_info":[],"comment_info":0,"_links":{"self":[{"href":"https:\/\/xenonkungen.com\/fi\/wp-json\/wp\/v2\/product\/1886","targetHints":{"allow":["GET"]}}],"collection":[{"href":"https:\/\/xenonkungen.com\/fi\/wp-json\/wp\/v2\/product"}],"about":[{"href":"https:\/\/xenonkungen.com\/fi\/wp-json\/wp\/v2\/types\/product"}],"replies":[{"embeddable":true,"href":"https:\/\/xenonkungen.com\/fi\/wp-json\/wp\/v2\/comments?post=1886"}],"wp:featuredmedia":[{"embeddable":true,"href":"https:\/\/xenonkungen.com\/fi\/wp-json\/wp\/v2\/media\/29826"}],"wp:attachment":[{"href":"https:\/\/xenonkungen.com\/fi\/wp-json\/wp\/v2\/media?parent=1886"}],"wp:term":[{"taxonomy":"anvandningsomrade","embeddable":true,"href":"https:\/\/xenonkungen.com\/fi\/wp-json\/wp\/v2\/anvandningsomrade?post=1886"},{"taxonomy":"bilmarken","embeddable":true,"href":"https:\/\/xenonkungen.com\/fi\/wp-json\/wp\/v2\/bilmarken?post=1886"},{"taxonomy":"product_brand","embeddable":true,"href":"https:\/\/xenonkungen.com\/fi\/wp-json\/wp\/v2\/product_brand?post=1886"},{"taxonomy":"product_cat","embeddable":true,"href":"https:\/\/xenonkungen.com\/fi\/wp-json\/wp\/v2\/product_cat?post=1886"},{"taxonomy":"product_tag","embeddable":true,"href":"https:\/\/xenonkungen.com\/fi\/wp-json\/wp\/v2\/product_tag?post=1886"}],"curies":[{"name":"wp","href":"https:\/\/api.w.org\/{rel}","templated":true}]}}