{"id":2070,"date":"2025-04-15T08:32:51","date_gmt":"2025-04-15T08:32:51","guid":{"rendered":"https:\/\/xenonkungen.com\/product\/ledis-on-s2-led-konvertering-9005\/"},"modified":"2026-04-17T12:04:55","modified_gmt":"2026-04-17T11:04:55","slug":"ledit-s2-led-muunnoksessa-9005","status":"publish","type":"product","link":"https:\/\/xenonkungen.com\/fi\/tuote\/ledit-s2-led-muunnoksessa-9005\/","title":{"rendered":"LEDIS-ON\u00ae S2 LED-muunnos 9005"},"content":{"rendered":"<p>LEDISON S2 tarjoaa 2500 lumenia (todellinen), mik\u00e4 on kaksi kertaa kirkkaampi kuin auton nykyiset 65W halogeenilamput.<\/p>\n<p>N\u00e4iden diodien kirkkaus l\u00e4hi- ja\/tai kaukovalon osalta on l\u00e4hell\u00e4 35W:n ksenonvaloa (6000K).<\/p>\n<p>Varustettu korealaisella Seoul LED-tyypin Y19 LEDill\u00e4, joka on suunniteltu ajoneuvojen valaistukseen.<\/p>\n<p>Lokakuussa 2016 tapahtuneen k\u00e4ytt\u00f6\u00f6noton j\u00e4lkeen muut valmistajat ovat kopioineet t\u00e4t\u00e4 tuotetta, usein halvemmilla materiaaleilla ja huonommilla tuloksilla.<\/p>\n<p>Katso kuvat yksityiskohtaisempien tietojen saamiseksi.<br \/>Sarja = 2kpl <strong>9005 (HB3)<\/strong> S2 LED-valomoduulit.<\/p>\n<p>Asiakaskertomukset tuotteesta S2 9005:<br \/>&#8211; <\/p>","protected":false},"excerpt":{"rendered":"<p>Ledison S2 LED-ajovalot ovat tuuletinj\u00e4\u00e4hdytteisi\u00e4, mik\u00e4 mahdollistaa suuremman tehon ja kompaktin koon. Alkuper\u00e4inen tuotemerkki.<\/p>","protected":false},"featured_media":2071,"comment_status":"closed","ping_status":"open","template":"","meta":{"_acf_changed":false,"_smort_price_nok":"481","_smort_price_dkk":"472","_smort_price_eur":"63.18","_smort_sale_price_nok":"481","_smort_sale_price_dkk":"","_smort_sale_price_eur":"47.38","smort_restorder":"","shipmondo_restorder":"","_kad_blocks_custom_css":"","_kad_blocks_head_custom_js":"","_kad_blocks_body_custom_js":"","_kad_blocks_footer_custom_js":"","smort_custom_pricelist_1":"444.8","smort_custom_pricelist_2":"330","smort_custom_pricelist_3":"313.5","smort_custom_pricelist_4":"556","smort_custom_pricelist_5":"330"},"anvandningsomrade":[],"bilmarken":[],"product_brand":[100],"product_cat":[2451,733,1402],"product_tag":[],"class_list":{"0":"post-2070","1":"product","2":"type-product","3":"status-publish","4":"has-post-thumbnail","6":"product_brand-ledis-on","7":"product_cat-led-konvertering","8":"product_cat-halvljus-helljus","9":"product_cat-outlet","10":"pa_faktisk-effekts-forbrukning-734","11":"pa_fargtemperatur-6000k","12":"pa_lampsockel-kontakt-9005-hb3","13":"pa_stromforbrukning-26a12v","14":"pa_volt-v-12-24","16":"first","17":"instock","18":"sale","19":"taxable","20":"shipping-taxable","21":"purchasable","22":"product-type-simple"},"bundled_by":[],"bundle_stock_status":"instock","bundle_stock_quantity":14,"bundle_virtual":false,"bundle_layout":"","bundle_add_to_cart_form_location":"","bundle_editable_in_cart":false,"bundle_sold_individually_context":"","bundle_item_grouping":"","bundle_min_size":"","bundle_max_size":"","bundle_price":[],"bundled_items":[],"bundle_sell_ids":[],"acf":[],"yoast_head":"<!-- This site is optimized with the Yoast SEO plugin v27.0 - https:\/\/yoast.com\/product\/yoast-seo-wordpress\/ -->\n<title>LEDIS-ON\u00ae S2 LED Konvertering 9005 - Xenonkungen<\/title>\n<meta name=\"robots\" content=\"index, follow, max-snippet:-1, max-image-preview:large, max-video-preview:-1\" \/>\n<link rel=\"canonical\" href=\"https:\/\/xenonkungen.com\/fi\/tuote\/ledit-s2-led-muunnoksessa-9005\/\" \/>\n<meta property=\"og:locale\" content=\"fi_FI\" \/>\n<meta property=\"og:type\" content=\"article\" \/>\n<meta property=\"og:title\" content=\"LEDIS-ON\u00ae S2 LED Konvertering 9005 - Xenonkungen\" \/>\n<meta property=\"og:description\" content=\"Ledison S2 LED Headlights \u00e4r fl\u00e4ktkyld vilket m\u00f6jligg\u00f6r h\u00f6gre effekt och kompakt format. Original fabrikat.\" \/>\n<meta property=\"og:url\" content=\"https:\/\/xenonkungen.com\/fi\/tuote\/ledit-s2-led-muunnoksessa-9005\/\" \/>\n<meta property=\"og:site_name\" content=\"Xenonkungen\" \/>\n<meta property=\"article:modified_time\" content=\"2026-04-17T11:04:55+00:00\" \/>\n<meta property=\"og:image\" content=\"https:\/\/xenonkungen.com\/wp-content\/uploads\/2025\/04\/85152883-origpic-a5b266.png\" \/>\n\t<meta property=\"og:image:width\" content=\"1000\" \/>\n\t<meta property=\"og:image:height\" content=\"1000\" \/>\n\t<meta property=\"og:image:type\" content=\"image\/png\" \/>\n<meta name=\"twitter:card\" content=\"summary_large_image\" \/>\n<script type=\"application\/ld+json\" class=\"yoast-schema-graph\">{\"@context\":\"https:\/\/schema.org\",\"@graph\":[{\"@type\":\"WebPage\",\"@id\":\"https:\/\/xenonkungen.com\/es\/producto\/ledis-on-s2-led-konvertering-9005\/\",\"url\":\"https:\/\/xenonkungen.com\/es\/producto\/ledis-on-s2-led-konvertering-9005\/\",\"name\":\"LEDIS-ON\u00ae S2 LED Konvertering 9005 - Xenonkungen\",\"isPartOf\":{\"@id\":\"https:\/\/xenonkungen.com\/#website\"},\"primaryImageOfPage\":{\"@id\":\"https:\/\/xenonkungen.com\/es\/producto\/ledis-on-s2-led-konvertering-9005\/#primaryimage\"},\"image\":{\"@id\":\"https:\/\/xenonkungen.com\/es\/producto\/ledis-on-s2-led-konvertering-9005\/#primaryimage\"},\"thumbnailUrl\":\"https:\/\/xenonkungen.com\/wp-content\/uploads\/2025\/04\/85152883-origpic-a5b266.png\",\"datePublished\":\"2025-04-15T08:32:51+00:00\",\"dateModified\":\"2026-04-17T11:04:55+00:00\",\"breadcrumb\":{\"@id\":\"https:\/\/xenonkungen.com\/es\/producto\/ledis-on-s2-led-konvertering-9005\/#breadcrumb\"},\"inLanguage\":\"fi\",\"potentialAction\":[{\"@type\":\"ReadAction\",\"target\":[\"https:\/\/xenonkungen.com\/es\/producto\/ledis-on-s2-led-konvertering-9005\/\"]}]},{\"@type\":\"ImageObject\",\"inLanguage\":\"fi\",\"@id\":\"https:\/\/xenonkungen.com\/es\/producto\/ledis-on-s2-led-konvertering-9005\/#primaryimage\",\"url\":\"https:\/\/xenonkungen.com\/wp-content\/uploads\/2025\/04\/85152883-origpic-a5b266.png\",\"contentUrl\":\"https:\/\/xenonkungen.com\/wp-content\/uploads\/2025\/04\/85152883-origpic-a5b266.png\",\"width\":1000,\"height\":1000},{\"@type\":\"BreadcrumbList\",\"@id\":\"https:\/\/xenonkungen.com\/es\/producto\/ledis-on-s2-led-konvertering-9005\/#breadcrumb\",\"itemListElement\":[{\"@type\":\"ListItem\",\"position\":1,\"name\":\"Hem\",\"item\":\"https:\/\/xenonkungen.com\/\"},{\"@type\":\"ListItem\",\"position\":2,\"name\":\"Shop\",\"item\":\"https:\/\/xenonkungen.com\/shop\/\"},{\"@type\":\"ListItem\",\"position\":3,\"name\":\"LEDIS-ON\u00ae S2 LED Konvertering 9005\"}]},{\"@type\":\"WebSite\",\"@id\":\"https:\/\/xenonkungen.com\/#website\",\"url\":\"https:\/\/xenonkungen.com\/\",\"name\":\"Xenonkungen\",\"description\":\"\",\"potentialAction\":[{\"@type\":\"SearchAction\",\"target\":{\"@type\":\"EntryPoint\",\"urlTemplate\":\"https:\/\/xenonkungen.com\/?s={search_term_string}\"},\"query-input\":{\"@type\":\"PropertyValueSpecification\",\"valueRequired\":true,\"valueName\":\"search_term_string\"}}],\"inLanguage\":\"fi\"}]}<\/script>\n<!-- \/ Yoast SEO plugin. -->","yoast_head_json":{"title":"LEDIS-ON\u00ae S2 LED-muunnos 9005 - Ksenonkuningas","robots":{"index":"index","follow":"follow","max-snippet":"max-snippet:-1","max-image-preview":"max-image-preview:large","max-video-preview":"max-video-preview:-1"},"canonical":"https:\/\/xenonkungen.com\/fi\/tuote\/ledit-s2-led-muunnoksessa-9005\/","og_locale":"fi_FI","og_type":"article","og_title":"LEDIS-ON\u00ae S2 LED Konvertering 9005 - Xenonkungen","og_description":"Ledison S2 LED Headlights \u00e4r fl\u00e4ktkyld vilket m\u00f6jligg\u00f6r h\u00f6gre effekt och kompakt format. Original fabrikat.","og_url":"https:\/\/xenonkungen.com\/fi\/tuote\/ledit-s2-led-muunnoksessa-9005\/","og_site_name":"Xenonkungen","article_modified_time":"2026-04-17T11:04:55+00:00","og_image":[{"width":1000,"height":1000,"url":"https:\/\/xenonkungen.com\/wp-content\/uploads\/2025\/04\/85152883-origpic-a5b266.png","type":"image\/png"}],"twitter_card":"summary_large_image","schema":{"@context":"https:\/\/schema.org","@graph":[{"@type":"WebPage","@id":"https:\/\/xenonkungen.com\/es\/producto\/ledis-on-s2-led-konvertering-9005\/","url":"https:\/\/xenonkungen.com\/es\/producto\/ledis-on-s2-led-konvertering-9005\/","name":"LEDIS-ON\u00ae S2 LED-muunnos 9005 - Ksenonkuningas","isPartOf":{"@id":"https:\/\/xenonkungen.com\/#website"},"primaryImageOfPage":{"@id":"https:\/\/xenonkungen.com\/es\/producto\/ledis-on-s2-led-konvertering-9005\/#primaryimage"},"image":{"@id":"https:\/\/xenonkungen.com\/es\/producto\/ledis-on-s2-led-konvertering-9005\/#primaryimage"},"thumbnailUrl":"https:\/\/xenonkungen.com\/wp-content\/uploads\/2025\/04\/85152883-origpic-a5b266.png","datePublished":"2025-04-15T08:32:51+00:00","dateModified":"2026-04-17T11:04:55+00:00","breadcrumb":{"@id":"https:\/\/xenonkungen.com\/es\/producto\/ledis-on-s2-led-konvertering-9005\/#breadcrumb"},"inLanguage":"fi","potentialAction":[{"@type":"ReadAction","target":["https:\/\/xenonkungen.com\/es\/producto\/ledis-on-s2-led-konvertering-9005\/"]}]},{"@type":"ImageObject","inLanguage":"fi","@id":"https:\/\/xenonkungen.com\/es\/producto\/ledis-on-s2-led-konvertering-9005\/#primaryimage","url":"https:\/\/xenonkungen.com\/wp-content\/uploads\/2025\/04\/85152883-origpic-a5b266.png","contentUrl":"https:\/\/xenonkungen.com\/wp-content\/uploads\/2025\/04\/85152883-origpic-a5b266.png","width":1000,"height":1000},{"@type":"BreadcrumbList","@id":"https:\/\/xenonkungen.com\/es\/producto\/ledis-on-s2-led-konvertering-9005\/#breadcrumb","itemListElement":[{"@type":"ListItem","position":1,"name":"Hem","item":"https:\/\/xenonkungen.com\/"},{"@type":"ListItem","position":2,"name":"Shop","item":"https:\/\/xenonkungen.com\/shop\/"},{"@type":"ListItem","position":3,"name":"LEDIS-ON\u00ae S2 LED Konvertering 9005"}]},{"@type":"WebSite","@id":"https:\/\/xenonkungen.com\/#website","url":"https:\/\/xenonkungen.com\/","name":"Xenonkungen","description":"","potentialAction":[{"@type":"SearchAction","target":{"@type":"EntryPoint","urlTemplate":"https:\/\/xenonkungen.com\/?s={search_term_string}"},"query-input":{"@type":"PropertyValueSpecification","valueRequired":true,"valueName":"search_term_string"}}],"inLanguage":"fi"}]}},"taxonomy_info":{"product_brand":[{"value":100,"label":"LEDIS-ON"}],"product_cat":[{"value":2451,"label":"Led-konvertering"},{"value":733,"label":"Halvljus \/ Helljus"},{"value":1402,"label":"Outlet"}],"pa_faktisk-effekts-forbrukning":[{"value":734,"label":"31,2"}],"pa_fargtemperatur":[{"value":188,"label":"6000K"}],"pa_lampsockel-kontakt":[{"value":741,"label":"9005, HB3"}],"pa_stromforbrukning":[{"value":735,"label":"2,6A@12V"}],"pa_volt-v":[{"value":348,"label":"12, 24"}]},"featured_image_src_large":["https:\/\/xenonkungen.com\/wp-content\/uploads\/2025\/04\/85152883-origpic-a5b266.png",1000,1000,false],"author_info":[],"comment_info":0,"_links":{"self":[{"href":"https:\/\/xenonkungen.com\/fi\/wp-json\/wp\/v2\/product\/2070","targetHints":{"allow":["GET"]}}],"collection":[{"href":"https:\/\/xenonkungen.com\/fi\/wp-json\/wp\/v2\/product"}],"about":[{"href":"https:\/\/xenonkungen.com\/fi\/wp-json\/wp\/v2\/types\/product"}],"replies":[{"embeddable":true,"href":"https:\/\/xenonkungen.com\/fi\/wp-json\/wp\/v2\/comments?post=2070"}],"wp:featuredmedia":[{"embeddable":true,"href":"https:\/\/xenonkungen.com\/fi\/wp-json\/wp\/v2\/media\/2071"}],"wp:attachment":[{"href":"https:\/\/xenonkungen.com\/fi\/wp-json\/wp\/v2\/media?parent=2070"}],"wp:term":[{"taxonomy":"anvandningsomrade","embeddable":true,"href":"https:\/\/xenonkungen.com\/fi\/wp-json\/wp\/v2\/anvandningsomrade?post=2070"},{"taxonomy":"bilmarken","embeddable":true,"href":"https:\/\/xenonkungen.com\/fi\/wp-json\/wp\/v2\/bilmarken?post=2070"},{"taxonomy":"product_brand","embeddable":true,"href":"https:\/\/xenonkungen.com\/fi\/wp-json\/wp\/v2\/product_brand?post=2070"},{"taxonomy":"product_cat","embeddable":true,"href":"https:\/\/xenonkungen.com\/fi\/wp-json\/wp\/v2\/product_cat?post=2070"},{"taxonomy":"product_tag","embeddable":true,"href":"https:\/\/xenonkungen.com\/fi\/wp-json\/wp\/v2\/product_tag?post=2070"}],"curies":[{"name":"wp","href":"https:\/\/api.w.org\/{rel}","templated":true}]}}