{"id":2123,"date":"2025-04-15T08:33:25","date_gmt":"2025-04-15T08:33:25","guid":{"rendered":"https:\/\/xenonkungen.com\/product\/bau15s7057-led-30smd-12-24v-amber\/"},"modified":"2026-04-24T16:39:11","modified_gmt":"2026-04-24T15:39:11","slug":"bau15s7057-led-30smd-12-24v-keltainen","status":"publish","type":"product","link":"https:\/\/xenonkungen.com\/fi\/tuote\/bau15s7057-led-30smd-12-24v-keltainen\/","title":{"rendered":"BAU15S|7057 Led 30smd 12-24v Amber (keltainen)"},"content":{"rendered":"<p>BAU15S|7057 LED 30SMD 12-24V<\/p>\n<p>Ohjelman kuvaus<br \/>BAU15S on yksinapainen Amber-diodilamppu, joka korvaa nykyisen PY21W\/BAU15S-halogeenilampun kirkkaan oranssin v\u00e4risell\u00e4 hehkulla (katso kuvat). Varustettu 30kpl LED 4014 Samsung-sirulla antaa voimakkaan 360\u00b0 levityksen heijastimen ymp\u00e4rille. <br \/>BAU15S on monij\u00e4nnitteinen ja siin\u00e4 on vakiovirran s\u00e4\u00e4t\u00f6, kun autosi lataa liikaa tai liian v\u00e4h\u00e4n j\u00e4nnitett\u00e4, mik\u00e4 lis\u00e4\u00e4 diodien turvallisuutta ja pident\u00e4\u00e4 niiden k\u00e4ytt\u00f6ik\u00e4\u00e4. <br \/>BAU15S soveltuu yht\u00e4 hyvin henkil\u00f6- kuin kuorma-autoihin, ja sit\u00e4 k\u00e4ytet\u00e4\u00e4n yleisimmin suuntavilkuissa.<\/p>\n<p>Hyv\u00e4 tiet\u00e4\u00e4 <br \/>Jos aiot vaihtaa auton vilkut LED-valoiksi, voit vaihtaa vain molemmat eteen tai molemmat taakse, eli et voi vaihtaa kaikkia ymp\u00e4ri. T\u00e4m\u00e4 johtuu riitt\u00e4m\u00e4tt\u00f6m\u00e4st\u00e4 vastuksesta. jos on tarkoitus vaihtaa ymp\u00e4ri, suosittelemme vaihtamaan kuormituksesta riippumattomaan releeseen.<\/p>","protected":false},"excerpt":{"rendered":"<p>Tehokas merkkivalo niille, jotka haluavat p\u00e4ivitt\u00e4\u00e4 nykyiset lamput LED-valoiksi.<\/p>\n<p>Jalusta<br \/>\nBAU15S\/PY21W<\/p>\n<p>V\u00e4ril\u00e4mp\u00f6tila<br \/>\nOranssi\/keltainen<\/p>\n<p>Mutivolt<br \/>\n9-30VDC<\/p>\n<p>Takuu<br \/>\n2 vuotta<\/p>\n<p>Toimituksen sis\u00e4lt\u00f6<br \/>\nToimitetaan pareittain<\/p>","protected":false},"featured_media":2124,"comment_status":"closed","ping_status":"open","template":"","meta":{"_acf_changed":false,"_smort_price_nok":"262","_smort_price_dkk":"166","_smort_price_eur":"22.27","_smort_sale_price_nok":"","_smort_sale_price_dkk":"","_smort_sale_price_eur":"","smort_restorder":"","shipmondo_restorder":"","_kad_blocks_custom_css":"","_kad_blocks_head_custom_js":"","_kad_blocks_body_custom_js":"","_kad_blocks_footer_custom_js":"","smort_custom_pricelist_1":"156.8","smort_custom_pricelist_2":"137.2","smort_custom_pricelist_3":"130.34","smort_custom_pricelist_4":"196","smort_custom_pricelist_5":"137.2"},"anvandningsomrade":[],"bilmarken":[],"product_brand":[117],"product_cat":[338],"product_tag":[],"class_list":{"0":"post-2123","1":"product","2":"type-product","3":"status-publish","4":"has-post-thumbnail","6":"product_brand-xenonkungen","7":"product_cat-diodlampor","8":"pa_fargtemperatur-amber","9":"pa_lampsockel-kontakt-bau15s-py21w-7057","10":"pa_ljusspridning-grader-731","11":"pa_storlek-mm-38x18","12":"pa_stromforbrukning-02a24v","13":"pa_stromforbrukning-03a12v","14":"pa_volt-v-12-24","16":"first","17":"instock","18":"taxable","19":"shipping-taxable","20":"purchasable","21":"product-type-simple"},"bundled_by":[],"bundle_stock_status":"instock","bundle_stock_quantity":55,"bundle_virtual":false,"bundle_layout":"","bundle_add_to_cart_form_location":"","bundle_editable_in_cart":false,"bundle_sold_individually_context":"","bundle_item_grouping":"","bundle_min_size":"","bundle_max_size":"","bundle_price":[],"bundled_items":[],"bundle_sell_ids":[],"acf":[],"yoast_head":"<!-- This site is optimized with the Yoast SEO plugin v27.0 - https:\/\/yoast.com\/product\/yoast-seo-wordpress\/ -->\n<title>BAU15S|7057 Led 30smd 12-24v Amber - Xenonkungen<\/title>\n<meta name=\"robots\" content=\"index, follow, max-snippet:-1, max-image-preview:large, max-video-preview:-1\" \/>\n<link rel=\"canonical\" href=\"https:\/\/xenonkungen.com\/fi\/tuote\/bau15s7057-led-30smd-12-24v-keltainen\/\" \/>\n<meta property=\"og:locale\" content=\"fi_FI\" \/>\n<meta property=\"og:type\" content=\"article\" \/>\n<meta property=\"og:title\" content=\"BAU15S|7057 Led 30smd 12-24v Amber - Xenonkungen\" \/>\n<meta property=\"og:description\" content=\"Stark blinkerslampa, f\u00f6r dig som vill uppgradera dina befintliga gl\u00f6dlampor till LED. Sockel BAU15S\/PY21W F\u00e4rgtemperatur Orange\/Gul Mutivolt 9-30VDC Garanti 2 \u00e5r Leveransinneh\u00e5ll Levereras parvis\" \/>\n<meta property=\"og:url\" content=\"https:\/\/xenonkungen.com\/fi\/tuote\/bau15s7057-led-30smd-12-24v-keltainen\/\" \/>\n<meta property=\"og:site_name\" content=\"Xenonkungen\" \/>\n<meta property=\"article:modified_time\" content=\"2026-04-24T15:39:11+00:00\" \/>\n<meta property=\"og:image\" content=\"https:\/\/xenonkungen.com\/wp-content\/uploads\/2025\/04\/156025578-origpic-bbcad6.png\" \/>\n\t<meta property=\"og:image:width\" content=\"1000\" \/>\n\t<meta property=\"og:image:height\" content=\"1000\" \/>\n\t<meta property=\"og:image:type\" content=\"image\/png\" \/>\n<meta name=\"twitter:card\" content=\"summary_large_image\" \/>\n<meta name=\"twitter:label1\" content=\"Arvioitu lukuaika\" \/>\n\t<meta name=\"twitter:data1\" content=\"1 minuutti\" \/>\n<script type=\"application\/ld+json\" class=\"yoast-schema-graph\">{\"@context\":\"https:\/\/schema.org\",\"@graph\":[{\"@type\":\"WebPage\",\"@id\":\"https:\/\/xenonkungen.com\/produkt\/bau15s7057-led-30smd-12-24v-amber\/\",\"url\":\"https:\/\/xenonkungen.com\/produkt\/bau15s7057-led-30smd-12-24v-amber\/\",\"name\":\"BAU15S|7057 Led 30smd 12-24v Amber - Xenonkungen\",\"isPartOf\":{\"@id\":\"https:\/\/xenonkungen.com\/#website\"},\"primaryImageOfPage\":{\"@id\":\"https:\/\/xenonkungen.com\/produkt\/bau15s7057-led-30smd-12-24v-amber\/#primaryimage\"},\"image\":{\"@id\":\"https:\/\/xenonkungen.com\/produkt\/bau15s7057-led-30smd-12-24v-amber\/#primaryimage\"},\"thumbnailUrl\":\"https:\/\/xenonkungen.com\/wp-content\/uploads\/2025\/04\/156025578-origpic-bbcad6.png\",\"datePublished\":\"2025-04-15T08:33:25+00:00\",\"dateModified\":\"2026-04-24T15:39:11+00:00\",\"breadcrumb\":{\"@id\":\"https:\/\/xenonkungen.com\/produkt\/bau15s7057-led-30smd-12-24v-amber\/#breadcrumb\"},\"inLanguage\":\"fi\",\"potentialAction\":[{\"@type\":\"ReadAction\",\"target\":[\"https:\/\/xenonkungen.com\/produkt\/bau15s7057-led-30smd-12-24v-amber\/\"]}]},{\"@type\":\"ImageObject\",\"inLanguage\":\"fi\",\"@id\":\"https:\/\/xenonkungen.com\/produkt\/bau15s7057-led-30smd-12-24v-amber\/#primaryimage\",\"url\":\"https:\/\/xenonkungen.com\/wp-content\/uploads\/2025\/04\/156025578-origpic-bbcad6.png\",\"contentUrl\":\"https:\/\/xenonkungen.com\/wp-content\/uploads\/2025\/04\/156025578-origpic-bbcad6.png\",\"width\":1000,\"height\":1000},{\"@type\":\"BreadcrumbList\",\"@id\":\"https:\/\/xenonkungen.com\/produkt\/bau15s7057-led-30smd-12-24v-amber\/#breadcrumb\",\"itemListElement\":[{\"@type\":\"ListItem\",\"position\":1,\"name\":\"Hem\",\"item\":\"https:\/\/xenonkungen.com\/\"},{\"@type\":\"ListItem\",\"position\":2,\"name\":\"Shop\",\"item\":\"https:\/\/xenonkungen.com\/shop\/\"},{\"@type\":\"ListItem\",\"position\":3,\"name\":\"BAU15S|7057 Led 30smd 12-24v Amber\"}]},{\"@type\":\"WebSite\",\"@id\":\"https:\/\/xenonkungen.com\/#website\",\"url\":\"https:\/\/xenonkungen.com\/\",\"name\":\"Xenonkungen\",\"description\":\"\",\"potentialAction\":[{\"@type\":\"SearchAction\",\"target\":{\"@type\":\"EntryPoint\",\"urlTemplate\":\"https:\/\/xenonkungen.com\/?s={search_term_string}\"},\"query-input\":{\"@type\":\"PropertyValueSpecification\",\"valueRequired\":true,\"valueName\":\"search_term_string\"}}],\"inLanguage\":\"fi\"}]}<\/script>\n<!-- \/ Yoast SEO plugin. -->","yoast_head_json":{"title":"BAU15S|7057 LED 30smd 12-24v keltainen - Xenon-kuningas","robots":{"index":"index","follow":"follow","max-snippet":"max-snippet:-1","max-image-preview":"max-image-preview:large","max-video-preview":"max-video-preview:-1"},"canonical":"https:\/\/xenonkungen.com\/fi\/tuote\/bau15s7057-led-30smd-12-24v-keltainen\/","og_locale":"fi_FI","og_type":"article","og_title":"BAU15S|7057 Led 30smd 12-24v Amber - Xenonkungen","og_description":"Stark blinkerslampa, f\u00f6r dig som vill uppgradera dina befintliga gl\u00f6dlampor till LED. Sockel BAU15S\/PY21W F\u00e4rgtemperatur Orange\/Gul Mutivolt 9-30VDC Garanti 2 \u00e5r Leveransinneh\u00e5ll Levereras parvis","og_url":"https:\/\/xenonkungen.com\/fi\/tuote\/bau15s7057-led-30smd-12-24v-keltainen\/","og_site_name":"Xenonkungen","article_modified_time":"2026-04-24T15:39:11+00:00","og_image":[{"width":1000,"height":1000,"url":"https:\/\/xenonkungen.com\/wp-content\/uploads\/2025\/04\/156025578-origpic-bbcad6.png","type":"image\/png"}],"twitter_card":"summary_large_image","twitter_misc":{"Arvioitu lukuaika":"1 minuutti"},"schema":{"@context":"https:\/\/schema.org","@graph":[{"@type":"WebPage","@id":"https:\/\/xenonkungen.com\/produkt\/bau15s7057-led-30smd-12-24v-amber\/","url":"https:\/\/xenonkungen.com\/produkt\/bau15s7057-led-30smd-12-24v-amber\/","name":"BAU15S|7057 LED 30smd 12-24v keltainen - Xenon-kuningas","isPartOf":{"@id":"https:\/\/xenonkungen.com\/#website"},"primaryImageOfPage":{"@id":"https:\/\/xenonkungen.com\/produkt\/bau15s7057-led-30smd-12-24v-amber\/#primaryimage"},"image":{"@id":"https:\/\/xenonkungen.com\/produkt\/bau15s7057-led-30smd-12-24v-amber\/#primaryimage"},"thumbnailUrl":"https:\/\/xenonkungen.com\/wp-content\/uploads\/2025\/04\/156025578-origpic-bbcad6.png","datePublished":"2025-04-15T08:33:25+00:00","dateModified":"2026-04-24T15:39:11+00:00","breadcrumb":{"@id":"https:\/\/xenonkungen.com\/produkt\/bau15s7057-led-30smd-12-24v-amber\/#breadcrumb"},"inLanguage":"fi","potentialAction":[{"@type":"ReadAction","target":["https:\/\/xenonkungen.com\/produkt\/bau15s7057-led-30smd-12-24v-amber\/"]}]},{"@type":"ImageObject","inLanguage":"fi","@id":"https:\/\/xenonkungen.com\/produkt\/bau15s7057-led-30smd-12-24v-amber\/#primaryimage","url":"https:\/\/xenonkungen.com\/wp-content\/uploads\/2025\/04\/156025578-origpic-bbcad6.png","contentUrl":"https:\/\/xenonkungen.com\/wp-content\/uploads\/2025\/04\/156025578-origpic-bbcad6.png","width":1000,"height":1000},{"@type":"BreadcrumbList","@id":"https:\/\/xenonkungen.com\/produkt\/bau15s7057-led-30smd-12-24v-amber\/#breadcrumb","itemListElement":[{"@type":"ListItem","position":1,"name":"Hem","item":"https:\/\/xenonkungen.com\/"},{"@type":"ListItem","position":2,"name":"Shop","item":"https:\/\/xenonkungen.com\/shop\/"},{"@type":"ListItem","position":3,"name":"BAU15S|7057 Led 30smd 12-24v Amber"}]},{"@type":"WebSite","@id":"https:\/\/xenonkungen.com\/#website","url":"https:\/\/xenonkungen.com\/","name":"Xenonkungen","description":"","potentialAction":[{"@type":"SearchAction","target":{"@type":"EntryPoint","urlTemplate":"https:\/\/xenonkungen.com\/?s={search_term_string}"},"query-input":{"@type":"PropertyValueSpecification","valueRequired":true,"valueName":"search_term_string"}}],"inLanguage":"fi"}]}},"taxonomy_info":{"product_brand":[{"value":117,"label":"Xenonkungen"}],"product_cat":[{"value":338,"label":"Diodlampor"}],"pa_fargtemperatur":[{"value":745,"label":"Amber"}],"pa_lampsockel-kontakt":[{"value":748,"label":"BAU15S, PY21W, 7057"}],"pa_ljusspridning-grader":[{"value":731,"label":"360"}],"pa_storlek-mm":[{"value":744,"label":"38x18"}],"pa_stromforbrukning":[{"value":747,"label":"0,2A@24V"},{"value":746,"label":"0,3A@12V"}],"pa_volt-v":[{"value":348,"label":"12, 24"}]},"featured_image_src_large":["https:\/\/xenonkungen.com\/wp-content\/uploads\/2025\/04\/156025578-origpic-bbcad6.png",1000,1000,false],"author_info":[],"comment_info":0,"_links":{"self":[{"href":"https:\/\/xenonkungen.com\/fi\/wp-json\/wp\/v2\/product\/2123","targetHints":{"allow":["GET"]}}],"collection":[{"href":"https:\/\/xenonkungen.com\/fi\/wp-json\/wp\/v2\/product"}],"about":[{"href":"https:\/\/xenonkungen.com\/fi\/wp-json\/wp\/v2\/types\/product"}],"replies":[{"embeddable":true,"href":"https:\/\/xenonkungen.com\/fi\/wp-json\/wp\/v2\/comments?post=2123"}],"wp:featuredmedia":[{"embeddable":true,"href":"https:\/\/xenonkungen.com\/fi\/wp-json\/wp\/v2\/media\/2124"}],"wp:attachment":[{"href":"https:\/\/xenonkungen.com\/fi\/wp-json\/wp\/v2\/media?parent=2123"}],"wp:term":[{"taxonomy":"anvandningsomrade","embeddable":true,"href":"https:\/\/xenonkungen.com\/fi\/wp-json\/wp\/v2\/anvandningsomrade?post=2123"},{"taxonomy":"bilmarken","embeddable":true,"href":"https:\/\/xenonkungen.com\/fi\/wp-json\/wp\/v2\/bilmarken?post=2123"},{"taxonomy":"product_brand","embeddable":true,"href":"https:\/\/xenonkungen.com\/fi\/wp-json\/wp\/v2\/product_brand?post=2123"},{"taxonomy":"product_cat","embeddable":true,"href":"https:\/\/xenonkungen.com\/fi\/wp-json\/wp\/v2\/product_cat?post=2123"},{"taxonomy":"product_tag","embeddable":true,"href":"https:\/\/xenonkungen.com\/fi\/wp-json\/wp\/v2\/product_tag?post=2123"}],"curies":[{"name":"wp","href":"https:\/\/api.w.org\/{rel}","templated":true}]}}