{"id":21277,"date":"2025-12-18T11:27:28","date_gmt":"2025-12-18T10:27:28","guid":{"rendered":"https:\/\/xenonkungen.com\/?post_type=product&#038;p=21277"},"modified":"2026-04-21T22:52:28","modified_gmt":"2026-04-21T21:52:28","slug":"luxtar-twilight-black-2-tapahtumapaketti","status":"publish","type":"product","link":"https:\/\/xenonkungen.com\/fi\/tuote\/luxtar-twilight-black-2-tapahtumapaketti\/","title":{"rendered":"Luxtar Twilight uppoasennussarja &gt;&gt;Musta<&lt; | TESLA Model Y Juniper"},"content":{"rendered":"<h2>Luxtar Twilight -uppovalaisinsarja &gt;&gt;Musta&lt;&lt; | TESLA Model Y Juniper \u2013 Elegantti ja tehokas valaistus Teslaasi<\/h2>\n<p>Teslan omistajalle, joka haluaa tyyli\u00e4, tehoa ja turvallisuutta, on tarjolla\u00a0<strong>Luxtar Twilight uppoasennussarja &gt;&gt;Musta&lt;&lt;<\/strong>\u00a0saumaton ja tehokas valaistusratkaisu. Kirkkaus on\u00a0<strong>300W<\/strong>\u00a0ja vaikuttava valovirta\u00a0<strong>18 140 lumenia<\/strong>, t\u00e4m\u00e4 LED-ramppi tarjoaa vertaansa vailla olevan n\u00e4kyvyyden ja turvallisuuden tiell\u00e4. Valoalue ulottuu koko\u00a0<strong>1 luksi 794 metrin korkeudessa<\/strong>\u00a0(R112-standardi: 1 luksi 430 metrin et\u00e4isyydell\u00e4), mik\u00e4 tarkoittaa optimaalista valaistusta pimeiss\u00e4 ja haastavissa olosuhteissa.<\/p>\n<p>Paketti sis\u00e4lt\u00e4\u00e4\u00a0<strong>erityisesti suunniteltu musta upotettava kiinnike<\/strong> Teslalle, mik\u00e4 varmistaa t\u00e4ydellisen istuvuuden ja huomaamattoman asennuksen, joka sulautuu auton tyylikk\u00e4\u00e4seen muotoiluun ja sopii <strong>Malli Y vuodesta 2025<\/strong><\/p>\n<p><strong>Sujuva ja turvallinen ohjaus<\/strong>\u00a0on mahdollista\u00a0<strong>XBB OBD-II-dongle + PowerUnit<\/strong>\u00a0ja\u00a0<strong>Tesla-yhteensopivat OBD2-sovittimet<\/strong>, joka tarjoaa t\u00e4ydet CANBUS-toiminnot ja saumattoman integroinnin ajoneuvon j\u00e4rjestelmiin. T\u00e4m\u00e4 edistyksellinen ratkaisu v\u00e4ltt\u00e4\u00e4 virheilmoitukset ja h\u00e4iri\u00f6t ja tekee k\u00e4yt\u00f6st\u00e4 helppoa ja turvallista.<\/p>\n<p>Luotettavan virransy\u00f6t\u00f6n ja pitk\u00e4kestoisen suorituskyvyn varmistamiseksi se sis\u00e4lt\u00e4\u00e4 my\u00f6s seuraavaa\u00a0<strong>Luxtar Relekaapelisarja DTP-4 X1 12V ja 80A releen kanssa<\/strong>. Parhaan signaalinsiirron ja vakauden varmistamiseksi suosittelemme\u00a0<strong>103179XR-DT Kaapelisarja XBB-virtal\u00e4hteelle \u2013 DT<\/strong>, korkealaatuinen kaapelisarja, joka on kehitetty kest\u00e4m\u00e4\u00e4n vaativia olosuhteita ja tarjoamaan vankan ja luotettavan yhteyden. T\u00e4m\u00e4 kytket\u00e4\u00e4n sitten kaksoisrelekaapelisarjoihin. Katso alla oleva kytkent\u00e4kaavio.<\/p>\n<h3>Ominaisuudet ja edut:<\/h3>\n<ul>\n<li><strong>Vaikutus:<\/strong>\u00a0300W<\/li>\n<li><strong>Valovirta:<\/strong>\u00a018 140 lumenia<\/li>\n<li><strong>Laajuus:<\/strong>\u00a01 luksi 794 metrin korkeudessa \/ R112-standardi: 1 luksi 430 metrin korkeudessa.<\/li>\n<li><strong>Upotettava kiinnike:<\/strong>\u00a0Teslaa varten r\u00e4\u00e4t\u00e4l\u00f6ity, tyylik\u00e4s musta v\u00e4ri<\/li>\n<li><strong>CANBUS-yhteensopivuus<\/strong>\u00a0mukana XBB OBD-II Dongle + PowerUnit ja Tesla OBD2 adapteri helppoa asennusta varten.<\/li>\n<li><strong>Relekaapelisarja:<\/strong>\u00a0DTP-4 X1 12V 80A rele ja\u00a0<strong>103179XR-DT Kaapelisarja<\/strong>\u00a0XBB-virtal\u00e4hteelle \u2013 DT vakaan ja luotettavan signaalinsiirtoon<\/li>\n<\/ul>\n<p>Koe eleganssin ja suorituskyvyn t\u00e4ydellinen yhdistelm\u00e4, kun k\u00e4yt\u00e4t\u00a0<strong>Luxtar Twilight uppoasennussarja &gt;&gt;Musta&lt;&lt;<\/strong>\u00a0Teslalle ja saat valaistusratkaisun, joka parantaa sek\u00e4 turvallisuutta ett\u00e4 esteettisyytt\u00e4 tiell\u00e4.<\/p>\n<h2><a href=\"https:\/\/xenonkungen.com\/wp-content\/uploads\/2025\/10\/XBB-Canbus-over-15A-inkoppling.pdf\">Klikkaa t\u00e4st\u00e4 n\u00e4hd\u00e4ksesi kytkent\u00e4kaavion, Dual releen johdinsarjat XBB:n kanssa\u00a0<\/a><\/h2>","protected":false},"excerpt":{"rendered":"<p>Koe Teslan Luxtar Twilight &gt;&gt;Musta&lt;&lt; upotuspaketin voima ja eleganssi. T\u00e4m\u00e4 laadukas LED-ratkaisu, jossa on 300 W ja 18 140 lumenia, tarjoaa maksimaalisen turvallisuuden ja t\u00e4ydellisesti pimeisiin, vaativiin ajo-olosuhteisiin mukautetun muotoilun.<\/p>","protected":false},"featured_media":15098,"comment_status":"open","ping_status":"closed","template":"","meta":{"_acf_changed":false,"_smort_price_nok":"8807","_smort_price_dkk":"","_smort_price_eur":"","_smort_sale_price_nok":"","_smort_sale_price_dkk":"","_smort_sale_price_eur":"","smort_restorder":"","shipmondo_restorder":"","_kad_blocks_custom_css":"","_kad_blocks_head_custom_js":"","_kad_blocks_body_custom_js":"","_kad_blocks_footer_custom_js":"","smort_custom_pricelist_1":"5276.8","smort_custom_pricelist_2":"4617.2","smort_custom_pricelist_3":"4287.4","smort_custom_pricelist_4":"6596","smort_custom_pricelist_5":"4617.2"},"anvandningsomrade":[],"bilmarken":[],"product_brand":[],"product_cat":[16],"product_tag":[],"class_list":{"0":"post-21277","1":"product","2":"type-product","3":"status-publish","4":"has-post-thumbnail","6":"product_cat-uncategorized","8":"first","9":"onbackorder","10":"taxable","11":"shipping-taxable","12":"purchasable","13":"product-type-bundle"},"bundled_by":[],"bundle_stock_status":"instock","bundle_stock_quantity":74,"bundle_virtual":false,"bundle_layout":"default","bundle_add_to_cart_form_location":"default","bundle_editable_in_cart":false,"bundle_sold_individually_context":"product","bundle_item_grouping":"parent","bundle_min_size":"","bundle_max_size":"","bundle_price":{"price":{"min":{"incl_tax":"749.48","excl_tax":"599.58187468"},"max":{"incl_tax":"749.48","excl_tax":"599.58187468"}},"regular_price":{"min":{"incl_tax":"749.48","excl_tax":"599.58187468"},"max":{"incl_tax":"749.48","excl_tax":"599.58187468"}}},"bundled_items":[{"bundled_item_id":501,"product_id":944,"menu_order":0,"quantity_min":1,"quantity_max":1,"quantity_default":1,"priced_individually":false,"shipped_individually":false,"override_title":false,"title":"LUXTAR Twilight | 300W","override_description":false,"description":"","optional":false,"hide_thumbnail":false,"discount":"","override_variations":false,"allowed_variations":[],"override_default_variation_attributes":false,"default_variation_attributes":[],"single_product_visibility":"visible","cart_visibility":"visible","order_visibility":"visible","single_product_price_visibility":"visible","cart_price_visibility":"visible","order_price_visibility":"visible","stock_status":"in_stock"},{"bundled_item_id":502,"product_id":1069,"menu_order":1,"quantity_min":1,"quantity_max":1,"quantity_default":1,"priced_individually":false,"shipped_individually":false,"override_title":false,"title":"Luxtar releen kaapelisarja DTP-4 X1 12V 80A Releet","override_description":false,"description":"","optional":false,"hide_thumbnail":false,"discount":"","override_variations":false,"allowed_variations":[],"override_default_variation_attributes":false,"default_variation_attributes":[],"single_product_visibility":"visible","cart_visibility":"visible","order_visibility":"visible","single_product_price_visibility":"visible","cart_price_visibility":"visible","order_price_visibility":"visible","stock_status":"on_backorder"},{"bundled_item_id":503,"product_id":1538,"menu_order":2,"quantity_min":1,"quantity_max":1,"quantity_default":1,"priced_individually":false,"shipped_individually":false,"override_title":false,"title":"XBB OBD-II-dongle + PowerUnit","override_description":false,"description":"","optional":false,"hide_thumbnail":false,"discount":"","override_variations":false,"allowed_variations":[],"override_default_variation_attributes":false,"default_variation_attributes":[],"single_product_visibility":"visible","cart_visibility":"visible","order_visibility":"visible","single_product_price_visibility":"visible","cart_price_visibility":"visible","order_price_visibility":"visible","stock_status":"on_backorder"},{"bundled_item_id":504,"product_id":2605,"menu_order":3,"quantity_min":1,"quantity_max":1,"quantity_default":1,"priced_individually":false,"shipped_individually":false,"override_title":false,"title":"Kaapelisarja XBB Power Unit - DT","override_description":false,"description":"","optional":false,"hide_thumbnail":false,"discount":"","override_variations":false,"allowed_variations":[],"override_default_variation_attributes":false,"default_variation_attributes":[],"single_product_visibility":"visible","cart_visibility":"visible","order_visibility":"visible","single_product_price_visibility":"visible","cart_price_visibility":"visible","order_price_visibility":"visible","stock_status":"in_stock"},{"bundled_item_id":505,"product_id":2747,"menu_order":4,"quantity_min":1,"quantity_max":1,"quantity_default":1,"priced_individually":false,"shipped_individually":false,"override_title":false,"title":"Lis\u00e4valokannatin Tesla LEDrampille | Upotuskannatin Musta","override_description":false,"description":"","optional":false,"hide_thumbnail":false,"discount":"","override_variations":false,"allowed_variations":[],"override_default_variation_attributes":false,"default_variation_attributes":[],"single_product_visibility":"visible","cart_visibility":"visible","order_visibility":"visible","single_product_price_visibility":"visible","cart_price_visibility":"visible","order_price_visibility":"visible","stock_status":"in_stock"},{"bundled_item_id":506,"product_id":21200,"menu_order":5,"quantity_min":1,"quantity_max":1,"quantity_default":1,"priced_individually":false,"shipped_individually":false,"override_title":false,"title":"Tesla OBD2 -sovitin | Malli Y (Juniper 2025) | 20-nastainen","override_description":false,"description":"","optional":false,"hide_thumbnail":false,"discount":"","override_variations":false,"allowed_variations":[],"override_default_variation_attributes":false,"default_variation_attributes":[],"single_product_visibility":"visible","cart_visibility":"visible","order_visibility":"visible","single_product_price_visibility":"visible","cart_price_visibility":"visible","order_price_visibility":"visible","stock_status":"in_stock"}],"bundle_sell_ids":[],"acf":[],"yoast_head":"<!-- This site is optimized with the Yoast SEO plugin v27.0 - https:\/\/yoast.com\/product\/yoast-seo-wordpress\/ -->\n<title>Inf\u00e4llnadspaket Luxtar Twilight &gt;&gt;Black<\/title>\n<meta name=\"robots\" content=\"index, follow, max-snippet:-1, max-image-preview:large, max-video-preview:-1\" \/>\n<link rel=\"canonical\" href=\"https:\/\/xenonkungen.com\/fi\/tuote\/luxtar-twilight-black-2-tapahtumapaketti\/\" \/>\n<meta property=\"og:locale\" content=\"fi_FI\" \/>\n<meta property=\"og:type\" content=\"article\" \/>\n<meta property=\"og:title\" content=\"Inf\u00e4llnadspaket Luxtar Twilight &gt;&gt;Black\" \/>\n<meta property=\"og:description\" content=\"Upplev kraften och elegansen i Luxtar Twilight &gt;&gt;Black&lt;&lt; Inbyggnadspaket f\u00f6r Tesla. Med 300W och 18 140 lumen ger denna h\u00f6gkvalitativa LED-l\u00f6sning maximal s\u00e4kerhet och en perfekt anpassad design f\u00f6r m\u00f6rka, kr\u00e4vande k\u00f6rf\u00f6rh\u00e5llanden.\" \/>\n<meta property=\"og:url\" content=\"https:\/\/xenonkungen.com\/fi\/tuote\/luxtar-twilight-black-2-tapahtumapaketti\/\" \/>\n<meta property=\"og:site_name\" content=\"Xenonkungen\" \/>\n<meta property=\"article:modified_time\" content=\"2026-04-21T21:52:28+00:00\" \/>\n<meta property=\"og:image\" content=\"https:\/\/xenonkungen.com\/wp-content\/uploads\/2025\/10\/216087107-origpic-70be2d-1-1.webp\" \/>\n\t<meta property=\"og:image:width\" content=\"1920\" \/>\n\t<meta property=\"og:image:height\" content=\"1103\" \/>\n\t<meta property=\"og:image:type\" content=\"image\/webp\" \/>\n<meta name=\"twitter:card\" content=\"summary_large_image\" \/>\n<meta name=\"twitter:label1\" content=\"Arvioitu lukuaika\" \/>\n\t<meta name=\"twitter:data1\" content=\"2 minuuttia\" \/>\n<script type=\"application\/ld+json\" class=\"yoast-schema-graph\">{\"@context\":\"https:\/\/schema.org\",\"@graph\":[{\"@type\":\"WebPage\",\"@id\":\"https:\/\/xenonkungen.com\/produkt\/infallnadspaket-luxtar-twilight-black-2\/\",\"url\":\"https:\/\/xenonkungen.com\/produkt\/infallnadspaket-luxtar-twilight-black-2\/\",\"name\":\"Inf\u00e4llnadspaket Luxtar Twilight >>Black\",\"isPartOf\":{\"@id\":\"https:\/\/xenonkungen.com\/#website\"},\"primaryImageOfPage\":{\"@id\":\"https:\/\/xenonkungen.com\/produkt\/infallnadspaket-luxtar-twilight-black-2\/#primaryimage\"},\"image\":{\"@id\":\"https:\/\/xenonkungen.com\/produkt\/infallnadspaket-luxtar-twilight-black-2\/#primaryimage\"},\"thumbnailUrl\":\"https:\/\/xenonkungen.com\/wp-content\/uploads\/2025\/10\/216087107-origpic-70be2d-1-1.webp\",\"datePublished\":\"2025-12-18T10:27:28+00:00\",\"dateModified\":\"2026-04-21T21:52:28+00:00\",\"breadcrumb\":{\"@id\":\"https:\/\/xenonkungen.com\/produkt\/infallnadspaket-luxtar-twilight-black-2\/#breadcrumb\"},\"inLanguage\":\"fi\",\"potentialAction\":[{\"@type\":\"ReadAction\",\"target\":[\"https:\/\/xenonkungen.com\/produkt\/infallnadspaket-luxtar-twilight-black-2\/\"]}]},{\"@type\":\"ImageObject\",\"inLanguage\":\"fi\",\"@id\":\"https:\/\/xenonkungen.com\/produkt\/infallnadspaket-luxtar-twilight-black-2\/#primaryimage\",\"url\":\"https:\/\/xenonkungen.com\/wp-content\/uploads\/2025\/10\/216087107-origpic-70be2d-1-1.webp\",\"contentUrl\":\"https:\/\/xenonkungen.com\/wp-content\/uploads\/2025\/10\/216087107-origpic-70be2d-1-1.webp\",\"width\":1920,\"height\":1103},{\"@type\":\"BreadcrumbList\",\"@id\":\"https:\/\/xenonkungen.com\/produkt\/infallnadspaket-luxtar-twilight-black-2\/#breadcrumb\",\"itemListElement\":[{\"@type\":\"ListItem\",\"position\":1,\"name\":\"Hem\",\"item\":\"https:\/\/xenonkungen.com\/\"},{\"@type\":\"ListItem\",\"position\":2,\"name\":\"Shop\",\"item\":\"https:\/\/xenonkungen.com\/shop\/\"},{\"@type\":\"ListItem\",\"position\":3,\"name\":\"Inf\u00e4llnadspaket Luxtar Twilight >>Black\"}]},{\"@type\":\"WebSite\",\"@id\":\"https:\/\/xenonkungen.com\/#website\",\"url\":\"https:\/\/xenonkungen.com\/\",\"name\":\"Xenonkungen\",\"description\":\"\",\"potentialAction\":[{\"@type\":\"SearchAction\",\"target\":{\"@type\":\"EntryPoint\",\"urlTemplate\":\"https:\/\/xenonkungen.com\/?s={search_term_string}\"},\"query-input\":{\"@type\":\"PropertyValueSpecification\",\"valueRequired\":true,\"valueName\":\"search_term_string\"}}],\"inLanguage\":\"fi\"}]}<\/script>\n<!-- \/ Yoast SEO plugin. -->","yoast_head_json":{"title":"Luxtar Twilight uppoasennussarja &gt;&gt;Musta","robots":{"index":"index","follow":"follow","max-snippet":"max-snippet:-1","max-image-preview":"max-image-preview:large","max-video-preview":"max-video-preview:-1"},"canonical":"https:\/\/xenonkungen.com\/fi\/tuote\/luxtar-twilight-black-2-tapahtumapaketti\/","og_locale":"fi_FI","og_type":"article","og_title":"Inf\u00e4llnadspaket Luxtar Twilight >>Black","og_description":"Upplev kraften och elegansen i Luxtar Twilight &gt;&gt;Black&lt;&lt; Inbyggnadspaket f\u00f6r Tesla. Med 300W och 18 140 lumen ger denna h\u00f6gkvalitativa LED-l\u00f6sning maximal s\u00e4kerhet och en perfekt anpassad design f\u00f6r m\u00f6rka, kr\u00e4vande k\u00f6rf\u00f6rh\u00e5llanden.","og_url":"https:\/\/xenonkungen.com\/fi\/tuote\/luxtar-twilight-black-2-tapahtumapaketti\/","og_site_name":"Xenonkungen","article_modified_time":"2026-04-21T21:52:28+00:00","og_image":[{"width":1920,"height":1103,"url":"https:\/\/xenonkungen.com\/wp-content\/uploads\/2025\/10\/216087107-origpic-70be2d-1-1.webp","type":"image\/webp"}],"twitter_card":"summary_large_image","twitter_misc":{"Arvioitu lukuaika":"2 minuuttia"},"schema":{"@context":"https:\/\/schema.org","@graph":[{"@type":"WebPage","@id":"https:\/\/xenonkungen.com\/produkt\/infallnadspaket-luxtar-twilight-black-2\/","url":"https:\/\/xenonkungen.com\/produkt\/infallnadspaket-luxtar-twilight-black-2\/","name":"Luxtar Twilight uppoasennussarja &gt;&gt;Musta","isPartOf":{"@id":"https:\/\/xenonkungen.com\/#website"},"primaryImageOfPage":{"@id":"https:\/\/xenonkungen.com\/produkt\/infallnadspaket-luxtar-twilight-black-2\/#primaryimage"},"image":{"@id":"https:\/\/xenonkungen.com\/produkt\/infallnadspaket-luxtar-twilight-black-2\/#primaryimage"},"thumbnailUrl":"https:\/\/xenonkungen.com\/wp-content\/uploads\/2025\/10\/216087107-origpic-70be2d-1-1.webp","datePublished":"2025-12-18T10:27:28+00:00","dateModified":"2026-04-21T21:52:28+00:00","breadcrumb":{"@id":"https:\/\/xenonkungen.com\/produkt\/infallnadspaket-luxtar-twilight-black-2\/#breadcrumb"},"inLanguage":"fi","potentialAction":[{"@type":"ReadAction","target":["https:\/\/xenonkungen.com\/produkt\/infallnadspaket-luxtar-twilight-black-2\/"]}]},{"@type":"ImageObject","inLanguage":"fi","@id":"https:\/\/xenonkungen.com\/produkt\/infallnadspaket-luxtar-twilight-black-2\/#primaryimage","url":"https:\/\/xenonkungen.com\/wp-content\/uploads\/2025\/10\/216087107-origpic-70be2d-1-1.webp","contentUrl":"https:\/\/xenonkungen.com\/wp-content\/uploads\/2025\/10\/216087107-origpic-70be2d-1-1.webp","width":1920,"height":1103},{"@type":"BreadcrumbList","@id":"https:\/\/xenonkungen.com\/produkt\/infallnadspaket-luxtar-twilight-black-2\/#breadcrumb","itemListElement":[{"@type":"ListItem","position":1,"name":"Hem","item":"https:\/\/xenonkungen.com\/"},{"@type":"ListItem","position":2,"name":"Shop","item":"https:\/\/xenonkungen.com\/shop\/"},{"@type":"ListItem","position":3,"name":"Inf\u00e4llnadspaket Luxtar Twilight >>Black"}]},{"@type":"WebSite","@id":"https:\/\/xenonkungen.com\/#website","url":"https:\/\/xenonkungen.com\/","name":"Xenonkungen","description":"","potentialAction":[{"@type":"SearchAction","target":{"@type":"EntryPoint","urlTemplate":"https:\/\/xenonkungen.com\/?s={search_term_string}"},"query-input":{"@type":"PropertyValueSpecification","valueRequired":true,"valueName":"search_term_string"}}],"inLanguage":"fi"}]}},"taxonomy_info":{"product_cat":[{"value":16,"label":"Uncategorized"}]},"featured_image_src_large":["https:\/\/xenonkungen.com\/wp-content\/uploads\/2025\/10\/216087107-origpic-70be2d-1-1-1024x588.webp",1024,588,true],"author_info":[],"comment_info":0,"_links":{"self":[{"href":"https:\/\/xenonkungen.com\/fi\/wp-json\/wp\/v2\/product\/21277","targetHints":{"allow":["GET"]}}],"collection":[{"href":"https:\/\/xenonkungen.com\/fi\/wp-json\/wp\/v2\/product"}],"about":[{"href":"https:\/\/xenonkungen.com\/fi\/wp-json\/wp\/v2\/types\/product"}],"replies":[{"embeddable":true,"href":"https:\/\/xenonkungen.com\/fi\/wp-json\/wp\/v2\/comments?post=21277"}],"wp:featuredmedia":[{"embeddable":true,"href":"https:\/\/xenonkungen.com\/fi\/wp-json\/wp\/v2\/media\/15098"}],"wp:attachment":[{"href":"https:\/\/xenonkungen.com\/fi\/wp-json\/wp\/v2\/media?parent=21277"}],"wp:term":[{"taxonomy":"anvandningsomrade","embeddable":true,"href":"https:\/\/xenonkungen.com\/fi\/wp-json\/wp\/v2\/anvandningsomrade?post=21277"},{"taxonomy":"bilmarken","embeddable":true,"href":"https:\/\/xenonkungen.com\/fi\/wp-json\/wp\/v2\/bilmarken?post=21277"},{"taxonomy":"product_brand","embeddable":true,"href":"https:\/\/xenonkungen.com\/fi\/wp-json\/wp\/v2\/product_brand?post=21277"},{"taxonomy":"product_cat","embeddable":true,"href":"https:\/\/xenonkungen.com\/fi\/wp-json\/wp\/v2\/product_cat?post=21277"},{"taxonomy":"product_tag","embeddable":true,"href":"https:\/\/xenonkungen.com\/fi\/wp-json\/wp\/v2\/product_tag?post=21277"}],"curies":[{"name":"wp","href":"https:\/\/api.w.org\/{rel}","templated":true}]}}