{"id":2159,"date":"2025-04-15T08:33:45","date_gmt":"2025-04-15T08:33:45","guid":{"rendered":"https:\/\/xenonkungen.com\/product\/d1s-4300k-xenonlampor-xenonkungen\/"},"modified":"2026-03-20T17:05:26","modified_gmt":"2026-03-20T16:05:26","slug":"d1s-4300k-xenonlamput-xenonkuningas","status":"publish","type":"product","link":"https:\/\/xenonkungen.com\/fi\/tuote\/d1s-4300k-xenonlamput-xenonkuningas\/","title":{"rendered":"D1S 4300K ksenonlamput Xenon Heads\u00ae Xenon Heads\u00ae"},"content":{"rendered":"<p>Xenon King D1S 4300K vakioksenonilamppu vanhojen, aikansa el\u00e4neiden lamppujen korvaamiseen. Lamppu on E-merkitty, ja lamppumme toimitetaan markkinajohtaja Philipsin lasiputkilla.<\/p>\n<p>Eritt\u00e4in laadukas lamppu Kiinan parhaalta valmistajalta. <\/p>\n<p>V\u00e4ril\u00e4mp\u00f6tila 4300K on tavallinen kermanvalkoinen ja kirkas. Paras valinta syksyll\u00e4 ja talvella! Parhaan valon saamiseksi kes\u00e4ll\u00e4 ja kuivempina kuukausina suosittelemme 5-6000k. <\/p>\n<p>Ksenonlampun v\u00e4ri ja voimakkuus muuttuvat elinkaarensa aikana. Jos nykyiset lamppusi ovat muuttuneet vaaleanpunaisiksi, niiden voimakkuus on l\u00e4hes puolittunut. Suosittelemme vaihtoa noin 5 vuoden\/8000 mailin j\u00e4lkeen.<\/p>\n<p>Huom! Auton k\u00e4ytt\u00f6oppaassa voi olla ilmoitettu v\u00e4\u00e4r\u00e4 lampputyyppi. Turvallisin tapa on tunnistaa lamppu suoraan autossa. Vertaa my\u00f6s Osramin lamppuoppaaseen.<\/p>\n<p>Ei suositella Saabiin. Valitse sen sijaan Osram<\/p>\n<p>Myyd\u00e4\u00e4n pareittain.<br \/>2 vuoden takuu.<\/p>","protected":false},"excerpt":{"rendered":"<p>E-hyv\u00e4ksytyt xenonpolttimot vakiovalon v\u00e4rill\u00e4 (4300k). T\u00e4ydelliset ymp\u00e4rivuotiseen k\u00e4ytt\u00f6\u00f6n.<\/p>","protected":false},"featured_media":2160,"comment_status":"closed","ping_status":"open","template":"","meta":{"_acf_changed":false,"_smort_price_nok":"742","_smort_price_dkk":"472","_smort_price_eur":"63.18","_smort_sale_price_nok":"","_smort_sale_price_dkk":"","_smort_sale_price_eur":"47.38","smort_restorder":"","shipmondo_restorder":"","_kad_blocks_custom_css":"","_kad_blocks_head_custom_js":"","_kad_blocks_body_custom_js":"","_kad_blocks_footer_custom_js":"","smort_custom_pricelist_1":"389.2","smort_custom_pricelist_2":"389.2","smort_custom_pricelist_3":"369.74","smort_custom_pricelist_4":"556","smort_custom_pricelist_5":"389.2"},"anvandningsomrade":[],"bilmarken":[],"product_brand":[],"product_cat":[2483,733],"product_tag":[],"class_list":{"0":"post-2159","1":"product","2":"type-product","3":"status-publish","4":"has-post-thumbnail","6":"product_cat-xenon","7":"product_cat-halvljus-helljus","8":"pa_fargtemperatur-4300k","9":"pa_godkannande-e-markt","10":"pa_lampsockel-kontakt-d1s","11":"pa_volt-v-12-24","13":"first","14":"instock","15":"taxable","16":"shipping-taxable","17":"purchasable","18":"product-type-simple"},"bundled_by":[],"bundle_stock_status":"instock","bundle_stock_quantity":251,"bundle_virtual":false,"bundle_layout":"","bundle_add_to_cart_form_location":"","bundle_editable_in_cart":false,"bundle_sold_individually_context":"","bundle_item_grouping":"","bundle_min_size":"","bundle_max_size":"","bundle_price":[],"bundled_items":[],"bundle_sell_ids":[],"acf":[],"yoast_head":"<!-- This site is optimized with the Yoast SEO plugin v27.0 - https:\/\/yoast.com\/product\/yoast-seo-wordpress\/ -->\n<title>D1S 4300K Xenonlampor Xenonkungen\u00ae - Xenonkungen<\/title>\n<meta name=\"robots\" content=\"index, follow, max-snippet:-1, max-image-preview:large, max-video-preview:-1\" \/>\n<link rel=\"canonical\" href=\"https:\/\/xenonkungen.com\/fi\/tuote\/d1s-4300k-xenonlamput-xenonkuningas\/\" \/>\n<meta property=\"og:locale\" content=\"fi_FI\" \/>\n<meta property=\"og:type\" content=\"article\" \/>\n<meta property=\"og:title\" content=\"D1S 4300K Xenonlampor Xenonkungen\u00ae - Xenonkungen\" \/>\n<meta property=\"og:description\" content=\"E-godk\u00e4nda xenonlampor med standard ljusf\u00e4rg (4300k). Perfekt f\u00f6r \u00e5ret-runt-bruk.\" \/>\n<meta property=\"og:url\" content=\"https:\/\/xenonkungen.com\/fi\/tuote\/d1s-4300k-xenonlamput-xenonkuningas\/\" \/>\n<meta property=\"og:site_name\" content=\"Xenonkungen\" \/>\n<meta property=\"article:modified_time\" content=\"2026-03-20T16:05:26+00:00\" \/>\n<meta property=\"og:image\" content=\"https:\/\/xenonkungen.com\/wp-content\/uploads\/2025\/04\/167048729-origpic-78c936.png\" \/>\n\t<meta property=\"og:image:width\" content=\"1000\" \/>\n\t<meta property=\"og:image:height\" content=\"1000\" \/>\n\t<meta property=\"og:image:type\" content=\"image\/png\" \/>\n<meta name=\"twitter:card\" content=\"summary_large_image\" \/>\n<meta name=\"twitter:label1\" content=\"Arvioitu lukuaika\" \/>\n\t<meta name=\"twitter:data1\" content=\"1 minuutti\" \/>\n<script type=\"application\/ld+json\" class=\"yoast-schema-graph\">{\"@context\":\"https:\/\/schema.org\",\"@graph\":[{\"@type\":\"WebPage\",\"@id\":\"https:\/\/xenonkungen.com\/produkt\/d1s-4300k-xenonlampor-xenonkungen\/\",\"url\":\"https:\/\/xenonkungen.com\/produkt\/d1s-4300k-xenonlampor-xenonkungen\/\",\"name\":\"D1S 4300K Xenonlampor Xenonkungen\u00ae - Xenonkungen\",\"isPartOf\":{\"@id\":\"https:\/\/xenonkungen.com\/#website\"},\"primaryImageOfPage\":{\"@id\":\"https:\/\/xenonkungen.com\/produkt\/d1s-4300k-xenonlampor-xenonkungen\/#primaryimage\"},\"image\":{\"@id\":\"https:\/\/xenonkungen.com\/produkt\/d1s-4300k-xenonlampor-xenonkungen\/#primaryimage\"},\"thumbnailUrl\":\"https:\/\/xenonkungen.com\/wp-content\/uploads\/2025\/04\/167048729-origpic-78c936.png\",\"datePublished\":\"2025-04-15T08:33:45+00:00\",\"dateModified\":\"2026-03-20T16:05:26+00:00\",\"breadcrumb\":{\"@id\":\"https:\/\/xenonkungen.com\/produkt\/d1s-4300k-xenonlampor-xenonkungen\/#breadcrumb\"},\"inLanguage\":\"fi\",\"potentialAction\":[{\"@type\":\"ReadAction\",\"target\":[\"https:\/\/xenonkungen.com\/produkt\/d1s-4300k-xenonlampor-xenonkungen\/\"]}]},{\"@type\":\"ImageObject\",\"inLanguage\":\"fi\",\"@id\":\"https:\/\/xenonkungen.com\/produkt\/d1s-4300k-xenonlampor-xenonkungen\/#primaryimage\",\"url\":\"https:\/\/xenonkungen.com\/wp-content\/uploads\/2025\/04\/167048729-origpic-78c936.png\",\"contentUrl\":\"https:\/\/xenonkungen.com\/wp-content\/uploads\/2025\/04\/167048729-origpic-78c936.png\",\"width\":1000,\"height\":1000},{\"@type\":\"BreadcrumbList\",\"@id\":\"https:\/\/xenonkungen.com\/produkt\/d1s-4300k-xenonlampor-xenonkungen\/#breadcrumb\",\"itemListElement\":[{\"@type\":\"ListItem\",\"position\":1,\"name\":\"Hem\",\"item\":\"https:\/\/xenonkungen.com\/\"},{\"@type\":\"ListItem\",\"position\":2,\"name\":\"Shop\",\"item\":\"https:\/\/xenonkungen.com\/shop\/\"},{\"@type\":\"ListItem\",\"position\":3,\"name\":\"D1S 4300K Xenonlampor Xenonkungen\u00ae\"}]},{\"@type\":\"WebSite\",\"@id\":\"https:\/\/xenonkungen.com\/#website\",\"url\":\"https:\/\/xenonkungen.com\/\",\"name\":\"Xenonkungen\",\"description\":\"\",\"potentialAction\":[{\"@type\":\"SearchAction\",\"target\":{\"@type\":\"EntryPoint\",\"urlTemplate\":\"https:\/\/xenonkungen.com\/?s={search_term_string}\"},\"query-input\":{\"@type\":\"PropertyValueSpecification\",\"valueRequired\":true,\"valueName\":\"search_term_string\"}}],\"inLanguage\":\"fi\"}]}<\/script>\n<!-- \/ Yoast SEO plugin. -->","yoast_head_json":{"title":"D1S 4300K ksenonpolttimot The Xenon king\u00ae - The Xenon king","robots":{"index":"index","follow":"follow","max-snippet":"max-snippet:-1","max-image-preview":"max-image-preview:large","max-video-preview":"max-video-preview:-1"},"canonical":"https:\/\/xenonkungen.com\/fi\/tuote\/d1s-4300k-xenonlamput-xenonkuningas\/","og_locale":"fi_FI","og_type":"article","og_title":"D1S 4300K Xenonlampor Xenonkungen\u00ae - Xenonkungen","og_description":"E-godk\u00e4nda xenonlampor med standard ljusf\u00e4rg (4300k). Perfekt f\u00f6r \u00e5ret-runt-bruk.","og_url":"https:\/\/xenonkungen.com\/fi\/tuote\/d1s-4300k-xenonlamput-xenonkuningas\/","og_site_name":"Xenonkungen","article_modified_time":"2026-03-20T16:05:26+00:00","og_image":[{"width":1000,"height":1000,"url":"https:\/\/xenonkungen.com\/wp-content\/uploads\/2025\/04\/167048729-origpic-78c936.png","type":"image\/png"}],"twitter_card":"summary_large_image","twitter_misc":{"Arvioitu lukuaika":"1 minuutti"},"schema":{"@context":"https:\/\/schema.org","@graph":[{"@type":"WebPage","@id":"https:\/\/xenonkungen.com\/produkt\/d1s-4300k-xenonlampor-xenonkungen\/","url":"https:\/\/xenonkungen.com\/produkt\/d1s-4300k-xenonlampor-xenonkungen\/","name":"D1S 4300K ksenonpolttimot The Xenon king\u00ae - The Xenon king","isPartOf":{"@id":"https:\/\/xenonkungen.com\/#website"},"primaryImageOfPage":{"@id":"https:\/\/xenonkungen.com\/produkt\/d1s-4300k-xenonlampor-xenonkungen\/#primaryimage"},"image":{"@id":"https:\/\/xenonkungen.com\/produkt\/d1s-4300k-xenonlampor-xenonkungen\/#primaryimage"},"thumbnailUrl":"https:\/\/xenonkungen.com\/wp-content\/uploads\/2025\/04\/167048729-origpic-78c936.png","datePublished":"2025-04-15T08:33:45+00:00","dateModified":"2026-03-20T16:05:26+00:00","breadcrumb":{"@id":"https:\/\/xenonkungen.com\/produkt\/d1s-4300k-xenonlampor-xenonkungen\/#breadcrumb"},"inLanguage":"fi","potentialAction":[{"@type":"ReadAction","target":["https:\/\/xenonkungen.com\/produkt\/d1s-4300k-xenonlampor-xenonkungen\/"]}]},{"@type":"ImageObject","inLanguage":"fi","@id":"https:\/\/xenonkungen.com\/produkt\/d1s-4300k-xenonlampor-xenonkungen\/#primaryimage","url":"https:\/\/xenonkungen.com\/wp-content\/uploads\/2025\/04\/167048729-origpic-78c936.png","contentUrl":"https:\/\/xenonkungen.com\/wp-content\/uploads\/2025\/04\/167048729-origpic-78c936.png","width":1000,"height":1000},{"@type":"BreadcrumbList","@id":"https:\/\/xenonkungen.com\/produkt\/d1s-4300k-xenonlampor-xenonkungen\/#breadcrumb","itemListElement":[{"@type":"ListItem","position":1,"name":"Hem","item":"https:\/\/xenonkungen.com\/"},{"@type":"ListItem","position":2,"name":"Shop","item":"https:\/\/xenonkungen.com\/shop\/"},{"@type":"ListItem","position":3,"name":"D1S 4300K Xenonlampor Xenonkungen\u00ae"}]},{"@type":"WebSite","@id":"https:\/\/xenonkungen.com\/#website","url":"https:\/\/xenonkungen.com\/","name":"Xenonkungen","description":"","potentialAction":[{"@type":"SearchAction","target":{"@type":"EntryPoint","urlTemplate":"https:\/\/xenonkungen.com\/?s={search_term_string}"},"query-input":{"@type":"PropertyValueSpecification","valueRequired":true,"valueName":"search_term_string"}}],"inLanguage":"fi"}]}},"taxonomy_info":{"product_cat":[{"value":2483,"label":"Xenon"},{"value":733,"label":"Halvljus \/ Helljus"}],"pa_fargtemperatur":[{"value":755,"label":"4300K"}],"pa_godkannande":[{"value":191,"label":"E-m\u00e4rkt"}],"pa_lampsockel-kontakt":[{"value":756,"label":"D1S"}],"pa_volt-v":[{"value":348,"label":"12, 24"}]},"featured_image_src_large":["https:\/\/xenonkungen.com\/wp-content\/uploads\/2025\/04\/167048729-origpic-78c936.png",1000,1000,false],"author_info":[],"comment_info":2,"_links":{"self":[{"href":"https:\/\/xenonkungen.com\/fi\/wp-json\/wp\/v2\/product\/2159","targetHints":{"allow":["GET"]}}],"collection":[{"href":"https:\/\/xenonkungen.com\/fi\/wp-json\/wp\/v2\/product"}],"about":[{"href":"https:\/\/xenonkungen.com\/fi\/wp-json\/wp\/v2\/types\/product"}],"replies":[{"embeddable":true,"href":"https:\/\/xenonkungen.com\/fi\/wp-json\/wp\/v2\/comments?post=2159"}],"wp:featuredmedia":[{"embeddable":true,"href":"https:\/\/xenonkungen.com\/fi\/wp-json\/wp\/v2\/media\/2160"}],"wp:attachment":[{"href":"https:\/\/xenonkungen.com\/fi\/wp-json\/wp\/v2\/media?parent=2159"}],"wp:term":[{"taxonomy":"anvandningsomrade","embeddable":true,"href":"https:\/\/xenonkungen.com\/fi\/wp-json\/wp\/v2\/anvandningsomrade?post=2159"},{"taxonomy":"bilmarken","embeddable":true,"href":"https:\/\/xenonkungen.com\/fi\/wp-json\/wp\/v2\/bilmarken?post=2159"},{"taxonomy":"product_brand","embeddable":true,"href":"https:\/\/xenonkungen.com\/fi\/wp-json\/wp\/v2\/product_brand?post=2159"},{"taxonomy":"product_cat","embeddable":true,"href":"https:\/\/xenonkungen.com\/fi\/wp-json\/wp\/v2\/product_cat?post=2159"},{"taxonomy":"product_tag","embeddable":true,"href":"https:\/\/xenonkungen.com\/fi\/wp-json\/wp\/v2\/product_tag?post=2159"}],"curies":[{"name":"wp","href":"https:\/\/api.w.org\/{rel}","templated":true}]}}