{"id":2164,"date":"2025-04-15T08:33:45","date_gmt":"2025-04-15T08:33:45","guid":{"rendered":"https:\/\/xenonkungen.com\/product\/d1s-5000k-xenonlampor-xenonkungen\/"},"modified":"2026-05-13T16:10:59","modified_gmt":"2026-05-13T15:10:59","slug":"d1s-5000k-xenonlamput-xenonkuningas","status":"publish","type":"product","link":"https:\/\/xenonkungen.com\/fi\/tuote\/d1s-5000k-xenonlamput-xenonkuningas\/","title":{"rendered":"D1S 5000K ksenonlamput XENONKUNGEN\u00ae XENONKUNGEN\u00ae"},"content":{"rendered":"<h2>D1S 5000K ksenonlamput<\/h2>\n<p><strong>Ohjelman kuvaus<\/strong><br \/>XENONKUNGEN D1S T\u00e4m\u00e4 on meid\u00e4n oma ksenonlamppuvalikoimamme niille teist\u00e4, jotka tarvitsevat uuden vakiovarusteisen ksenonlampun. Meid\u00e4n D1S 5000K tuottaa 50% enemm\u00e4n valoa kuin tavallinen ksenon ja korvaa autossasi olevat D1S-ksenonlamput.<br \/>V\u00e4ril\u00e4mp\u00f6tila on 5000k, mik\u00e4 lis\u00e4\u00e4 valkoisempaa hehkua ja parempia kontrasteja. <br \/>XENONKUNGEN D1S 5000K on E-merkitty ja valmistettu Philipsin UV-kvartsilasiputkista, mik\u00e4 tekee siit\u00e4 eritt\u00e4in korkealaatuisen lampun parhaalta valmistajaltamme kahden vuoden takuulla. <\/p>\n<p>D1S 5000K ksenonlampun kirkkaus on 3200 lm, mik\u00e4 on taatusti parempi sinulle kuljettajana ja turvallisempi ymp\u00e4rill\u00e4si oleville ihmisille.<\/p>\n<p>XENONKUNGEN D1S 5000K -valaisimella on 2 vuoden toimintatakuu, ja sen odotettu polttoaika on noin 2500 tuntia.<\/p>\n<p>D1S on saatavilla yleisimpiin autoihin, kuten Volvo, Audi, Saab, Volkswagen, BMW jne.<\/p>\n<p><strong>Hyv\u00e4 tiet\u00e4\u00e4<\/strong><br \/>Xenon-lampun v\u00e4ril\u00e4mp\u00f6tila ja kirkkaus muuttuvat sen k\u00e4ytt\u00f6i\u00e4n aikana, joten suosittelemme Xenon-lampun vaihtamista noin 5 vuoden kuluttua.<br \/>Ilmeisin ilmi\u00f6, kun ksenonlamppu on hajoamassa, on sen v\u00e4rin muuttuminen: jos lamppusi ovat vaaleanpunaisen s\u00e4vyisi\u00e4, niiden voimakkuus on l\u00e4hes puolittunut ja ne on vaihdettava uusiin.<\/p>\n<p>Ei suositella SAABiin, valitse sen sijaan Osram D1s -lamput, katso linkki alla.<\/p>\n<p>Auton k\u00e4ytt\u00f6oppaassa voi olla ilmoitettu v\u00e4\u00e4r\u00e4 lampputyyppi. Turvallisin tapa on tunnistaa lamppu suoraan autossa, lue lampun merkint\u00e4 (D1S) Osramin ja Philipsin alkuper\u00e4inen lamppu on yleens\u00e4 noin 4300K. <\/p>\n<p>D1S 5000K antaa LED-valoa muistuttavan valkoisen valon ja sopii yhteen 6000K:n LED-asemavalojen kanssa. T\u00e4t\u00e4 ksenonlamppua on saatavana my\u00f6s useissa eri v\u00e4ril\u00e4mp\u00f6tiloissa. <br \/>T\u00e4m\u00e4 v\u00e4ril\u00e4mp\u00f6tila toimii parhaiten kev\u00e4\u00e4ll\u00e4\/kes\u00e4ll\u00e4.<br \/>HUOM! Pid\u00e4 mieless\u00e4, ett\u00e4 kirkkaus heikkenee korkeammilla Kelvinin arvoilla. <\/p>\n<p>Toimituksen sis\u00e4lt\u00f6<br \/>1 pari D1S-ksenonlamppuja<\/p>\n<p>Takuu<br \/>2 vuoden toiminnallinen takuu <\/p>\n<p>Linkit muille verkkosivustoille<br \/>&lt;yearref=https:\/\/www.xenonkungen.com\/se\/produkter\/xenon\/xenonlampor\/d1s-xenonlampa\/d1s-xenonkungen-4300k.html<\/p>\n<p>https:\/\/www.xenonkungen.com\/se\/produkter\/xenon\/xenonlampor\/d1s-xenonlampa\/d1s-xenonkungen-6000k.html<\/p>\n<p>https:\/\/www.xenonkungen.com\/se\/produkter\/xenon\/xenonlampor\/d1s-xenonlampa\/d1s-osram-xenonlampa.html<\/p>\n<p>https:\/\/www.xenonkungen.com\/se\/produkter\/xenon\/xenonlampor\/d1s-xenonlampa\/d1r-xenonkungen-4300k-1.html<\/p>","protected":false},"excerpt":{"rendered":"<p>E-hyv\u00e4ksytyt ksenonvalaisimet, joiden valon v\u00e4ri on valkoisempi kuin LED-ajovalojen.<\/p>","protected":false},"featured_media":2165,"comment_status":"closed","ping_status":"open","template":"","meta":{"_acf_changed":false,"_smort_price_nok":"742","_smort_price_dkk":"472","_smort_price_eur":"63.18","_smort_sale_price_nok":"","_smort_sale_price_dkk":"","_smort_sale_price_eur":"47.38","smort_restorder":"","shipmondo_restorder":"","_kad_blocks_custom_css":"","_kad_blocks_head_custom_js":"","_kad_blocks_body_custom_js":"","_kad_blocks_footer_custom_js":"","smort_custom_pricelist_1":"389.2","smort_custom_pricelist_2":"389.2","smort_custom_pricelist_3":"369.74","smort_custom_pricelist_4":"556","smort_custom_pricelist_5":"389.2"},"anvandningsomrade":[],"bilmarken":[],"product_brand":[],"product_cat":[2483,733],"product_tag":[],"class_list":{"0":"post-2164","1":"product","2":"type-product","3":"status-publish","4":"has-post-thumbnail","6":"product_cat-xenon","7":"product_cat-halvljus-helljus","8":"pa_fargtemperatur-5000k","9":"pa_godkannande-e-markt-e1-rohs-ce","10":"pa_lampsockel-kontakt-d1s","11":"pa_volt-v-12-24","13":"first","14":"instock","15":"taxable","16":"shipping-taxable","17":"purchasable","18":"product-type-simple"},"bundled_by":[],"bundle_stock_status":"instock","bundle_stock_quantity":224,"bundle_virtual":false,"bundle_layout":"","bundle_add_to_cart_form_location":"","bundle_editable_in_cart":false,"bundle_sold_individually_context":"","bundle_item_grouping":"","bundle_min_size":"","bundle_max_size":"","bundle_price":[],"bundled_items":[],"bundle_sell_ids":[],"acf":[],"yoast_head":"<!-- This site is optimized with the Yoast SEO plugin v27.0 - https:\/\/yoast.com\/product\/yoast-seo-wordpress\/ -->\n<title>D1S 5000K Xenonlampor XENONKUNGEN\u00ae - Xenonkungen<\/title>\n<meta name=\"robots\" content=\"index, follow, max-snippet:-1, max-image-preview:large, max-video-preview:-1\" \/>\n<link rel=\"canonical\" href=\"https:\/\/xenonkungen.com\/fi\/tuote\/d1s-5000k-xenonlamput-xenonkuningas\/\" \/>\n<meta property=\"og:locale\" content=\"fi_FI\" \/>\n<meta property=\"og:type\" content=\"article\" \/>\n<meta property=\"og:title\" content=\"D1S 5000K Xenonlampor XENONKUNGEN\u00ae - Xenonkungen\" \/>\n<meta property=\"og:description\" content=\"E-godk\u00e4nda xenonlampor med en vitare ljusf\u00e4rg snarlik LED str\u00e5lkastare.\" \/>\n<meta property=\"og:url\" content=\"https:\/\/xenonkungen.com\/fi\/tuote\/d1s-5000k-xenonlamput-xenonkuningas\/\" \/>\n<meta property=\"og:site_name\" content=\"Xenonkungen\" \/>\n<meta property=\"article:modified_time\" content=\"2026-05-13T15:10:59+00:00\" \/>\n<meta property=\"og:image\" content=\"https:\/\/xenonkungen.com\/wp-content\/uploads\/2025\/04\/167048751-origpic-1d582a.png\" \/>\n\t<meta property=\"og:image:width\" content=\"1000\" \/>\n\t<meta property=\"og:image:height\" content=\"1000\" \/>\n\t<meta property=\"og:image:type\" content=\"image\/png\" \/>\n<meta name=\"twitter:card\" content=\"summary_large_image\" \/>\n<meta name=\"twitter:label1\" content=\"Arvioitu lukuaika\" \/>\n\t<meta name=\"twitter:data1\" content=\"2 minuuttia\" \/>\n<script type=\"application\/ld+json\" class=\"yoast-schema-graph\">{\"@context\":\"https:\/\/schema.org\",\"@graph\":[{\"@type\":\"WebPage\",\"@id\":\"https:\/\/xenonkungen.com\/nl\/product\/d1s-5000k-xenonlampor-xenonkungen\/\",\"url\":\"https:\/\/xenonkungen.com\/nl\/product\/d1s-5000k-xenonlampor-xenonkungen\/\",\"name\":\"D1S 5000K Xenonlampor XENONKUNGEN\u00ae - Xenonkungen\",\"isPartOf\":{\"@id\":\"https:\/\/xenonkungen.com\/#website\"},\"primaryImageOfPage\":{\"@id\":\"https:\/\/xenonkungen.com\/nl\/product\/d1s-5000k-xenonlampor-xenonkungen\/#primaryimage\"},\"image\":{\"@id\":\"https:\/\/xenonkungen.com\/nl\/product\/d1s-5000k-xenonlampor-xenonkungen\/#primaryimage\"},\"thumbnailUrl\":\"https:\/\/xenonkungen.com\/wp-content\/uploads\/2025\/04\/167048751-origpic-1d582a.png\",\"datePublished\":\"2025-04-15T08:33:45+00:00\",\"dateModified\":\"2026-05-13T15:10:59+00:00\",\"breadcrumb\":{\"@id\":\"https:\/\/xenonkungen.com\/nl\/product\/d1s-5000k-xenonlampor-xenonkungen\/#breadcrumb\"},\"inLanguage\":\"fi\",\"potentialAction\":[{\"@type\":\"ReadAction\",\"target\":[\"https:\/\/xenonkungen.com\/nl\/product\/d1s-5000k-xenonlampor-xenonkungen\/\"]}]},{\"@type\":\"ImageObject\",\"inLanguage\":\"fi\",\"@id\":\"https:\/\/xenonkungen.com\/nl\/product\/d1s-5000k-xenonlampor-xenonkungen\/#primaryimage\",\"url\":\"https:\/\/xenonkungen.com\/wp-content\/uploads\/2025\/04\/167048751-origpic-1d582a.png\",\"contentUrl\":\"https:\/\/xenonkungen.com\/wp-content\/uploads\/2025\/04\/167048751-origpic-1d582a.png\",\"width\":1000,\"height\":1000},{\"@type\":\"BreadcrumbList\",\"@id\":\"https:\/\/xenonkungen.com\/nl\/product\/d1s-5000k-xenonlampor-xenonkungen\/#breadcrumb\",\"itemListElement\":[{\"@type\":\"ListItem\",\"position\":1,\"name\":\"Hem\",\"item\":\"https:\/\/xenonkungen.com\/\"},{\"@type\":\"ListItem\",\"position\":2,\"name\":\"Shop\",\"item\":\"https:\/\/xenonkungen.com\/shop\/\"},{\"@type\":\"ListItem\",\"position\":3,\"name\":\"D1S 5000K Xenonlampor XENONKUNGEN\u00ae\"}]},{\"@type\":\"WebSite\",\"@id\":\"https:\/\/xenonkungen.com\/#website\",\"url\":\"https:\/\/xenonkungen.com\/\",\"name\":\"Xenonkungen\",\"description\":\"\",\"potentialAction\":[{\"@type\":\"SearchAction\",\"target\":{\"@type\":\"EntryPoint\",\"urlTemplate\":\"https:\/\/xenonkungen.com\/?s={search_term_string}\"},\"query-input\":{\"@type\":\"PropertyValueSpecification\",\"valueRequired\":true,\"valueName\":\"search_term_string\"}}],\"inLanguage\":\"fi\"}]}<\/script>\n<!-- \/ Yoast SEO plugin. -->","yoast_head_json":{"title":"D1S 5000K ksenonpolttimot XENONKUNGEN\u00ae - Ksenonkuningas","robots":{"index":"index","follow":"follow","max-snippet":"max-snippet:-1","max-image-preview":"max-image-preview:large","max-video-preview":"max-video-preview:-1"},"canonical":"https:\/\/xenonkungen.com\/fi\/tuote\/d1s-5000k-xenonlamput-xenonkuningas\/","og_locale":"fi_FI","og_type":"article","og_title":"D1S 5000K Xenonlampor XENONKUNGEN\u00ae - Xenonkungen","og_description":"E-godk\u00e4nda xenonlampor med en vitare ljusf\u00e4rg snarlik LED str\u00e5lkastare.","og_url":"https:\/\/xenonkungen.com\/fi\/tuote\/d1s-5000k-xenonlamput-xenonkuningas\/","og_site_name":"Xenonkungen","article_modified_time":"2026-05-13T15:10:59+00:00","og_image":[{"width":1000,"height":1000,"url":"https:\/\/xenonkungen.com\/wp-content\/uploads\/2025\/04\/167048751-origpic-1d582a.png","type":"image\/png"}],"twitter_card":"summary_large_image","twitter_misc":{"Arvioitu lukuaika":"2 minuuttia"},"schema":{"@context":"https:\/\/schema.org","@graph":[{"@type":"WebPage","@id":"https:\/\/xenonkungen.com\/nl\/product\/d1s-5000k-xenonlampor-xenonkungen\/","url":"https:\/\/xenonkungen.com\/nl\/product\/d1s-5000k-xenonlampor-xenonkungen\/","name":"D1S 5000K ksenonpolttimot XENONKUNGEN\u00ae - Ksenonkuningas","isPartOf":{"@id":"https:\/\/xenonkungen.com\/#website"},"primaryImageOfPage":{"@id":"https:\/\/xenonkungen.com\/nl\/product\/d1s-5000k-xenonlampor-xenonkungen\/#primaryimage"},"image":{"@id":"https:\/\/xenonkungen.com\/nl\/product\/d1s-5000k-xenonlampor-xenonkungen\/#primaryimage"},"thumbnailUrl":"https:\/\/xenonkungen.com\/wp-content\/uploads\/2025\/04\/167048751-origpic-1d582a.png","datePublished":"2025-04-15T08:33:45+00:00","dateModified":"2026-05-13T15:10:59+00:00","breadcrumb":{"@id":"https:\/\/xenonkungen.com\/nl\/product\/d1s-5000k-xenonlampor-xenonkungen\/#breadcrumb"},"inLanguage":"fi","potentialAction":[{"@type":"ReadAction","target":["https:\/\/xenonkungen.com\/nl\/product\/d1s-5000k-xenonlampor-xenonkungen\/"]}]},{"@type":"ImageObject","inLanguage":"fi","@id":"https:\/\/xenonkungen.com\/nl\/product\/d1s-5000k-xenonlampor-xenonkungen\/#primaryimage","url":"https:\/\/xenonkungen.com\/wp-content\/uploads\/2025\/04\/167048751-origpic-1d582a.png","contentUrl":"https:\/\/xenonkungen.com\/wp-content\/uploads\/2025\/04\/167048751-origpic-1d582a.png","width":1000,"height":1000},{"@type":"BreadcrumbList","@id":"https:\/\/xenonkungen.com\/nl\/product\/d1s-5000k-xenonlampor-xenonkungen\/#breadcrumb","itemListElement":[{"@type":"ListItem","position":1,"name":"Hem","item":"https:\/\/xenonkungen.com\/"},{"@type":"ListItem","position":2,"name":"Shop","item":"https:\/\/xenonkungen.com\/shop\/"},{"@type":"ListItem","position":3,"name":"D1S 5000K Xenonlampor XENONKUNGEN\u00ae"}]},{"@type":"WebSite","@id":"https:\/\/xenonkungen.com\/#website","url":"https:\/\/xenonkungen.com\/","name":"Xenonkungen","description":"","potentialAction":[{"@type":"SearchAction","target":{"@type":"EntryPoint","urlTemplate":"https:\/\/xenonkungen.com\/?s={search_term_string}"},"query-input":{"@type":"PropertyValueSpecification","valueRequired":true,"valueName":"search_term_string"}}],"inLanguage":"fi"}]}},"taxonomy_info":{"product_cat":[{"value":2483,"label":"Xenon"},{"value":733,"label":"Halvljus \/ Helljus"}],"pa_fargtemperatur":[{"value":154,"label":"5000K"}],"pa_godkannande":[{"value":757,"label":"E-m\u00e4rkt (E1) , RoHS , CE"}],"pa_lampsockel-kontakt":[{"value":756,"label":"D1S"}],"pa_volt-v":[{"value":348,"label":"12, 24"}]},"featured_image_src_large":["https:\/\/xenonkungen.com\/wp-content\/uploads\/2025\/04\/167048751-origpic-1d582a.png",1000,1000,false],"author_info":[],"comment_info":4,"_links":{"self":[{"href":"https:\/\/xenonkungen.com\/fi\/wp-json\/wp\/v2\/product\/2164","targetHints":{"allow":["GET"]}}],"collection":[{"href":"https:\/\/xenonkungen.com\/fi\/wp-json\/wp\/v2\/product"}],"about":[{"href":"https:\/\/xenonkungen.com\/fi\/wp-json\/wp\/v2\/types\/product"}],"replies":[{"embeddable":true,"href":"https:\/\/xenonkungen.com\/fi\/wp-json\/wp\/v2\/comments?post=2164"}],"wp:featuredmedia":[{"embeddable":true,"href":"https:\/\/xenonkungen.com\/fi\/wp-json\/wp\/v2\/media\/2165"}],"wp:attachment":[{"href":"https:\/\/xenonkungen.com\/fi\/wp-json\/wp\/v2\/media?parent=2164"}],"wp:term":[{"taxonomy":"anvandningsomrade","embeddable":true,"href":"https:\/\/xenonkungen.com\/fi\/wp-json\/wp\/v2\/anvandningsomrade?post=2164"},{"taxonomy":"bilmarken","embeddable":true,"href":"https:\/\/xenonkungen.com\/fi\/wp-json\/wp\/v2\/bilmarken?post=2164"},{"taxonomy":"product_brand","embeddable":true,"href":"https:\/\/xenonkungen.com\/fi\/wp-json\/wp\/v2\/product_brand?post=2164"},{"taxonomy":"product_cat","embeddable":true,"href":"https:\/\/xenonkungen.com\/fi\/wp-json\/wp\/v2\/product_cat?post=2164"},{"taxonomy":"product_tag","embeddable":true,"href":"https:\/\/xenonkungen.com\/fi\/wp-json\/wp\/v2\/product_tag?post=2164"}],"curies":[{"name":"wp","href":"https:\/\/api.w.org\/{rel}","templated":true}]}}