{"id":2226,"date":"2025-04-15T08:34:39","date_gmt":"2025-04-15T08:34:39","guid":{"rendered":"https:\/\/xenonkungen.com\/product\/luxtar-apollo-d1s\/"},"modified":"2026-05-13T15:18:39","modified_gmt":"2026-05-13T14:18:39","slug":"luxtar-apollo-d1s","status":"publish","type":"product","link":"https:\/\/xenonkungen.com\/fi\/tuote\/luxtar-apollo-d1s\/","title":{"rendered":"LUXTAR\u00ae APOLLO D1S"},"content":{"rendered":"<p>Luxtar Apollo on uutuus, kun on kyse alkuper\u00e4isen ksenonvalon muuntamisesta LED-valoksi!<\/p>\n<p>T\u00e4ysin Plug &amp; Play autoissa, joissa on normaalisti ksenonvalot. Antaa enemm\u00e4n suorituskyky\u00e4 ja paremman n\u00e4k\u00f6ist\u00e4 valoa. High Performance Ledchipin ansiosta se tuottaa todella tehokkaat 4300 lumenia lamppua kohden, mik\u00e4 auttaa vuoden pimein\u00e4 tunteina. Lamppu on tuuletinj\u00e4\u00e4hdytteinen, jotta se olisi mahdollisimman pitk\u00e4ik\u00e4inen ja tarjoaisi t\u00e4yden suorituskyvyn kaikkina aikoina! Toimii kaikkiin autoihin, joissa on t\u00e4ll\u00e4 hetkell\u00e4 ksenon.<\/p>\n<p>Takuu: 2 vuotta<\/p>\n<p>Toimituksen sis\u00e4lt\u00f6: 2kpl LUXTAR\u00ae APOLLO D1S<\/p>","protected":false},"excerpt":{"rendered":"<p>P\u00e4ivit\u00e4 ajovalosi LUXTAR\u00ae APOLLO D1S LED -valoilla. Saat paremman kirkkauden ja pidemm\u00e4n k\u00e4ytt\u00f6i\u00e4n t\u00e4m\u00e4n korkealaatuisen LED-valaisimen avulla. Nauti mukavasta ajamisesta my\u00f6s pimein\u00e4 \u00f6in\u00e4. Tilaa nyt ja saat erityisen pitk\u00e4n k\u00e4ytt\u00f6i\u00e4n ja kirkkauden!<\/p>\n<p>Lampun kanta: D1S<\/p>","protected":false},"featured_media":2227,"comment_status":"closed","ping_status":"closed","template":"","meta":{"_acf_changed":false,"_smort_price_nok":"1704","_smort_price_dkk":"1082","_smort_price_eur":"144.99","_smort_sale_price_nok":"","_smort_sale_price_dkk":"","_smort_sale_price_eur":"","smort_restorder":"","shipmondo_restorder":"","_kad_blocks_custom_css":"","_kad_blocks_head_custom_js":"","_kad_blocks_body_custom_js":"","_kad_blocks_footer_custom_js":"","smort_custom_pricelist_1":"1020.8","smort_custom_pricelist_2":"893.2","smort_custom_pricelist_3":"848.54","smort_custom_pricelist_4":"1276","smort_custom_pricelist_5":"893.2"},"anvandningsomrade":[],"bilmarken":[],"product_brand":[103],"product_cat":[2451,2826,733],"product_tag":[],"class_list":{"0":"post-2226","1":"product","2":"type-product","3":"status-publish","4":"has-post-thumbnail","6":"product_brand-luxtar","7":"product_cat-led-konvertering","8":"product_cat-luxtar","9":"product_cat-halvljus-helljus","10":"pa_fuktskydd-varde-ipxx-ip65","11":"pa_lampsockel-kontakt-d1s","12":"pa_volt-v-12-24","14":"first","15":"instock","16":"taxable","17":"shipping-taxable","18":"purchasable","19":"product-type-simple"},"bundled_by":[],"bundle_stock_status":"instock","bundle_stock_quantity":37,"bundle_virtual":false,"bundle_layout":"","bundle_add_to_cart_form_location":"","bundle_editable_in_cart":false,"bundle_sold_individually_context":"","bundle_item_grouping":"","bundle_min_size":"","bundle_max_size":"","bundle_price":[],"bundled_items":[],"bundle_sell_ids":[],"acf":[],"yoast_head":"<!-- This site is optimized with the Yoast SEO plugin v27.0 - https:\/\/yoast.com\/product\/yoast-seo-wordpress\/ -->\n<title>LUXTAR\u00ae APOLLO D1S - Xenonkungen<\/title>\n<meta name=\"robots\" content=\"index, follow, max-snippet:-1, max-image-preview:large, max-video-preview:-1\" \/>\n<link rel=\"canonical\" href=\"https:\/\/xenonkungen.com\/fi\/tuote\/luxtar-apollo-d1s\/\" \/>\n<meta property=\"og:locale\" content=\"fi_FI\" \/>\n<meta property=\"og:type\" content=\"article\" \/>\n<meta property=\"og:title\" content=\"LUXTAR\u00ae APOLLO D1S - Xenonkungen\" \/>\n<meta property=\"og:description\" content=\"Uppgradera dina str\u00e5lkastare med LUXTAR\u00ae APOLLO D1S LED. F\u00e5 b\u00e4ttre ljusstyrka och l\u00e4ngre livsl\u00e4ngd med denna h\u00f6gkvalitativa LED Lampa. Njut av en bekv\u00e4m k\u00f6rning \u00e4ven under m\u00f6rka n\u00e4tter. Best\u00e4ll nu och f\u00e5 en extra l\u00e5ng livsl\u00e4ngd och ljusstyrka!  Lampsockel: D1S\" \/>\n<meta property=\"og:url\" content=\"https:\/\/xenonkungen.com\/fi\/tuote\/luxtar-apollo-d1s\/\" \/>\n<meta property=\"og:site_name\" content=\"Xenonkungen\" \/>\n<meta property=\"article:modified_time\" content=\"2026-05-13T14:18:39+00:00\" \/>\n<meta property=\"og:image\" content=\"https:\/\/xenonkungen.com\/wp-content\/uploads\/2025\/04\/192179999-origpic-af94c6.png\" \/>\n\t<meta property=\"og:image:width\" content=\"1000\" \/>\n\t<meta property=\"og:image:height\" content=\"927\" \/>\n\t<meta property=\"og:image:type\" content=\"image\/png\" \/>\n<meta name=\"twitter:card\" content=\"summary_large_image\" \/>\n<meta name=\"twitter:label1\" content=\"Arvioitu lukuaika\" \/>\n\t<meta name=\"twitter:data1\" content=\"1 minuutti\" \/>\n<script type=\"application\/ld+json\" class=\"yoast-schema-graph\">{\"@context\":\"https:\/\/schema.org\",\"@graph\":[{\"@type\":\"WebPage\",\"@id\":\"https:\/\/xenonkungen.com\/produkt\/luxtar-apollo-d1s\/\",\"url\":\"https:\/\/xenonkungen.com\/produkt\/luxtar-apollo-d1s\/\",\"name\":\"LUXTAR\u00ae APOLLO D1S - Xenonkungen\",\"isPartOf\":{\"@id\":\"https:\/\/xenonkungen.com\/#website\"},\"primaryImageOfPage\":{\"@id\":\"https:\/\/xenonkungen.com\/produkt\/luxtar-apollo-d1s\/#primaryimage\"},\"image\":{\"@id\":\"https:\/\/xenonkungen.com\/produkt\/luxtar-apollo-d1s\/#primaryimage\"},\"thumbnailUrl\":\"https:\/\/xenonkungen.com\/wp-content\/uploads\/2025\/04\/192179999-origpic-af94c6.png\",\"datePublished\":\"2025-04-15T08:34:39+00:00\",\"dateModified\":\"2026-05-13T14:18:39+00:00\",\"breadcrumb\":{\"@id\":\"https:\/\/xenonkungen.com\/produkt\/luxtar-apollo-d1s\/#breadcrumb\"},\"inLanguage\":\"fi\",\"potentialAction\":[{\"@type\":\"ReadAction\",\"target\":[\"https:\/\/xenonkungen.com\/produkt\/luxtar-apollo-d1s\/\"]}]},{\"@type\":\"ImageObject\",\"inLanguage\":\"fi\",\"@id\":\"https:\/\/xenonkungen.com\/produkt\/luxtar-apollo-d1s\/#primaryimage\",\"url\":\"https:\/\/xenonkungen.com\/wp-content\/uploads\/2025\/04\/192179999-origpic-af94c6.png\",\"contentUrl\":\"https:\/\/xenonkungen.com\/wp-content\/uploads\/2025\/04\/192179999-origpic-af94c6.png\",\"width\":1000,\"height\":927},{\"@type\":\"BreadcrumbList\",\"@id\":\"https:\/\/xenonkungen.com\/produkt\/luxtar-apollo-d1s\/#breadcrumb\",\"itemListElement\":[{\"@type\":\"ListItem\",\"position\":1,\"name\":\"Hem\",\"item\":\"https:\/\/xenonkungen.com\/\"},{\"@type\":\"ListItem\",\"position\":2,\"name\":\"Shop\",\"item\":\"https:\/\/xenonkungen.com\/shop\/\"},{\"@type\":\"ListItem\",\"position\":3,\"name\":\"LUXTAR\u00ae APOLLO D1S\"}]},{\"@type\":\"WebSite\",\"@id\":\"https:\/\/xenonkungen.com\/#website\",\"url\":\"https:\/\/xenonkungen.com\/\",\"name\":\"Xenonkungen\",\"description\":\"\",\"potentialAction\":[{\"@type\":\"SearchAction\",\"target\":{\"@type\":\"EntryPoint\",\"urlTemplate\":\"https:\/\/xenonkungen.com\/?s={search_term_string}\"},\"query-input\":{\"@type\":\"PropertyValueSpecification\",\"valueRequired\":true,\"valueName\":\"search_term_string\"}}],\"inLanguage\":\"fi\"}]}<\/script>\n<!-- \/ Yoast SEO plugin. -->","yoast_head_json":{"title":"LUXTAR\u00ae APOLLO D1S - Ksenonkuningas","robots":{"index":"index","follow":"follow","max-snippet":"max-snippet:-1","max-image-preview":"max-image-preview:large","max-video-preview":"max-video-preview:-1"},"canonical":"https:\/\/xenonkungen.com\/fi\/tuote\/luxtar-apollo-d1s\/","og_locale":"fi_FI","og_type":"article","og_title":"LUXTAR\u00ae APOLLO D1S - Xenonkungen","og_description":"Uppgradera dina str\u00e5lkastare med LUXTAR\u00ae APOLLO D1S LED. F\u00e5 b\u00e4ttre ljusstyrka och l\u00e4ngre livsl\u00e4ngd med denna h\u00f6gkvalitativa LED Lampa. Njut av en bekv\u00e4m k\u00f6rning \u00e4ven under m\u00f6rka n\u00e4tter. Best\u00e4ll nu och f\u00e5 en extra l\u00e5ng livsl\u00e4ngd och ljusstyrka!  Lampsockel: D1S","og_url":"https:\/\/xenonkungen.com\/fi\/tuote\/luxtar-apollo-d1s\/","og_site_name":"Xenonkungen","article_modified_time":"2026-05-13T14:18:39+00:00","og_image":[{"width":1000,"height":927,"url":"https:\/\/xenonkungen.com\/wp-content\/uploads\/2025\/04\/192179999-origpic-af94c6.png","type":"image\/png"}],"twitter_card":"summary_large_image","twitter_misc":{"Arvioitu lukuaika":"1 minuutti"},"schema":{"@context":"https:\/\/schema.org","@graph":[{"@type":"WebPage","@id":"https:\/\/xenonkungen.com\/produkt\/luxtar-apollo-d1s\/","url":"https:\/\/xenonkungen.com\/produkt\/luxtar-apollo-d1s\/","name":"LUXTAR\u00ae APOLLO D1S - Ksenonkuningas","isPartOf":{"@id":"https:\/\/xenonkungen.com\/#website"},"primaryImageOfPage":{"@id":"https:\/\/xenonkungen.com\/produkt\/luxtar-apollo-d1s\/#primaryimage"},"image":{"@id":"https:\/\/xenonkungen.com\/produkt\/luxtar-apollo-d1s\/#primaryimage"},"thumbnailUrl":"https:\/\/xenonkungen.com\/wp-content\/uploads\/2025\/04\/192179999-origpic-af94c6.png","datePublished":"2025-04-15T08:34:39+00:00","dateModified":"2026-05-13T14:18:39+00:00","breadcrumb":{"@id":"https:\/\/xenonkungen.com\/produkt\/luxtar-apollo-d1s\/#breadcrumb"},"inLanguage":"fi","potentialAction":[{"@type":"ReadAction","target":["https:\/\/xenonkungen.com\/produkt\/luxtar-apollo-d1s\/"]}]},{"@type":"ImageObject","inLanguage":"fi","@id":"https:\/\/xenonkungen.com\/produkt\/luxtar-apollo-d1s\/#primaryimage","url":"https:\/\/xenonkungen.com\/wp-content\/uploads\/2025\/04\/192179999-origpic-af94c6.png","contentUrl":"https:\/\/xenonkungen.com\/wp-content\/uploads\/2025\/04\/192179999-origpic-af94c6.png","width":1000,"height":927},{"@type":"BreadcrumbList","@id":"https:\/\/xenonkungen.com\/produkt\/luxtar-apollo-d1s\/#breadcrumb","itemListElement":[{"@type":"ListItem","position":1,"name":"Hem","item":"https:\/\/xenonkungen.com\/"},{"@type":"ListItem","position":2,"name":"Shop","item":"https:\/\/xenonkungen.com\/shop\/"},{"@type":"ListItem","position":3,"name":"LUXTAR\u00ae APOLLO D1S"}]},{"@type":"WebSite","@id":"https:\/\/xenonkungen.com\/#website","url":"https:\/\/xenonkungen.com\/","name":"Xenonkungen","description":"","potentialAction":[{"@type":"SearchAction","target":{"@type":"EntryPoint","urlTemplate":"https:\/\/xenonkungen.com\/?s={search_term_string}"},"query-input":{"@type":"PropertyValueSpecification","valueRequired":true,"valueName":"search_term_string"}}],"inLanguage":"fi"}]}},"taxonomy_info":{"product_brand":[{"value":103,"label":"LUXTAR"}],"product_cat":[{"value":2451,"label":"Led-konvertering"},{"value":2826,"label":"LUXTAR"},{"value":733,"label":"Halvljus \/ Helljus"}],"pa_fuktskydd-varde-ipxx":[{"value":520,"label":"IP65"}],"pa_lampsockel-kontakt":[{"value":756,"label":"D1S"}],"pa_volt-v":[{"value":348,"label":"12, 24"}]},"featured_image_src_large":["https:\/\/xenonkungen.com\/wp-content\/uploads\/2025\/04\/192179999-origpic-af94c6.png",1000,927,false],"author_info":[],"comment_info":6,"_links":{"self":[{"href":"https:\/\/xenonkungen.com\/fi\/wp-json\/wp\/v2\/product\/2226","targetHints":{"allow":["GET"]}}],"collection":[{"href":"https:\/\/xenonkungen.com\/fi\/wp-json\/wp\/v2\/product"}],"about":[{"href":"https:\/\/xenonkungen.com\/fi\/wp-json\/wp\/v2\/types\/product"}],"replies":[{"embeddable":true,"href":"https:\/\/xenonkungen.com\/fi\/wp-json\/wp\/v2\/comments?post=2226"}],"wp:featuredmedia":[{"embeddable":true,"href":"https:\/\/xenonkungen.com\/fi\/wp-json\/wp\/v2\/media\/2227"}],"wp:attachment":[{"href":"https:\/\/xenonkungen.com\/fi\/wp-json\/wp\/v2\/media?parent=2226"}],"wp:term":[{"taxonomy":"anvandningsomrade","embeddable":true,"href":"https:\/\/xenonkungen.com\/fi\/wp-json\/wp\/v2\/anvandningsomrade?post=2226"},{"taxonomy":"bilmarken","embeddable":true,"href":"https:\/\/xenonkungen.com\/fi\/wp-json\/wp\/v2\/bilmarken?post=2226"},{"taxonomy":"product_brand","embeddable":true,"href":"https:\/\/xenonkungen.com\/fi\/wp-json\/wp\/v2\/product_brand?post=2226"},{"taxonomy":"product_cat","embeddable":true,"href":"https:\/\/xenonkungen.com\/fi\/wp-json\/wp\/v2\/product_cat?post=2226"},{"taxonomy":"product_tag","embeddable":true,"href":"https:\/\/xenonkungen.com\/fi\/wp-json\/wp\/v2\/product_tag?post=2226"}],"curies":[{"name":"wp","href":"https:\/\/api.w.org\/{rel}","templated":true}]}}