{"id":2349,"date":"2025-04-15T08:36:18","date_gmt":"2025-04-15T08:36:18","guid":{"rendered":"https:\/\/xenonkungen.com\/product\/ba15s1156-canbus-led-21smd-vit\/"},"modified":"2026-04-24T16:40:03","modified_gmt":"2026-04-24T15:40:03","slug":"ba15s1156-canbus-led-21smd-valkoinen","status":"publish","type":"product","link":"https:\/\/xenonkungen.com\/fi\/tuote\/ba15s1156-canbus-led-21smd-valkoinen\/","title":{"rendered":"BA15S|1156 Canbus LED 21SMD Valkoinen"},"content":{"rendered":"<p>1-napainen Canbus-diodilamppu 21W hehkulampun korvaamiseen esim. varoitusvalona tai paikannusvalona. Soveltuu huonommin peruutusvalaisimeksi.<\/p>\n<p>T\u00e4m\u00e4 laatulamppu kest\u00e4\u00e4 turvallisesti jopa 18 voltin virtapiikkej\u00e4, ja siin\u00e4 on vakiovirran s\u00e4\u00e4t\u00f6. <\/p>\n<p>Tuloksena on edullinen diodilamppu, joka on laadukas ja ammattitaitoinen ja jota ei voi verrata markkinoilla oleviin vastaaviin lamppuihin.<\/p>\n<p>Valoa vahvistava linssi p\u00e4\u00e4ll\u00e4.<\/p>\n<p>Koska valon v\u00e4ri on valkoinen (6000K), se sopii ihanteellisesti korvaamaan sovelluksia, joissa halutaan valkoista valoa.<br \/><em>Jos lasi on punainen, on valittava punainen diodilamppu tai keltainen diodilamppu, jos lasi on keltainen.<\/em><br \/>Asiakas raportoi t\u00e4st\u00e4 artikkelista:<br \/>Skoda Superb 2011 (ei toimi)<br \/>Audi A4 (B7) 2007 (ei toimi)<br \/>&#8211;<\/p>","protected":false},"excerpt":{"rendered":"<p>1-polig Canbus diodlampa f\u00f6r ers\u00e4ttning av 21W gl\u00f6dlampa som t.ex. varselljus eller positionsljus. Mindre l\u00e4mplig som backlampa. Denna kvalitetslampa \u00e4r s\u00e4ker f\u00f6r str\u00f6mtoppar upp till 18V samt har konstant str\u00f6mreglering. Resultatet \u00e4r en prisv\u00e4rd diodlampa av h\u00f6g kvalitet och utf\u00f6rande och ej j\u00e4mf\u00f6rbar med liknande lampor p\u00e5 marknaden Ljusf\u00f6rst\u00e4rkande lins p\u00e5 toppen. D\u00e5 ljusf\u00e4rgen \u00e4r [&hellip;]<\/p>","protected":false},"featured_media":2350,"comment_status":"closed","ping_status":"open","template":"","meta":{"_acf_changed":false,"_smort_price_nok":"315","_smort_price_dkk":"200","_smort_price_eur":"26.82","_smort_sale_price_nok":"","_smort_sale_price_dkk":"","_smort_sale_price_eur":"","smort_restorder":"","shipmondo_restorder":"","_kad_blocks_custom_css":"","_kad_blocks_head_custom_js":"","_kad_blocks_body_custom_js":"","_kad_blocks_footer_custom_js":"","smort_custom_pricelist_1":"188.8","smort_custom_pricelist_2":"165.2","smort_custom_pricelist_3":"156.94","smort_custom_pricelist_4":"236","smort_custom_pricelist_5":"165.2"},"anvandningsomrade":[],"bilmarken":[],"product_brand":[],"product_cat":[3012,2516,338],"product_tag":[],"class_list":{"0":"post-2349","1":"product","2":"type-product","3":"status-publish","4":"has-post-thumbnail","6":"product_cat-backlampor","7":"product_cat-p21w","8":"product_cat-diodlampor","9":"pa_fargtemperatur-6000k","10":"pa_lampsockel-kontakt-ba15s-p21w-1156","11":"pa_led-chips-effekt-w-749","12":"pa_storlek-mm-46x19","13":"pa_volt-v-159","15":"first","16":"onbackorder","17":"taxable","18":"shipping-taxable","19":"purchasable","20":"product-type-simple"},"bundled_by":[],"bundle_stock_status":"onbackorder","bundle_stock_quantity":-33,"bundle_virtual":false,"bundle_layout":"","bundle_add_to_cart_form_location":"","bundle_editable_in_cart":false,"bundle_sold_individually_context":"","bundle_item_grouping":"","bundle_min_size":"","bundle_max_size":"","bundle_price":[],"bundled_items":[],"bundle_sell_ids":[],"acf":[],"yoast_head":"<!-- This site is optimized with the Yoast SEO plugin v27.0 - https:\/\/yoast.com\/product\/yoast-seo-wordpress\/ -->\n<title>BA15S|1156 Canbus LED 21SMD Vit - Xenonkungen<\/title>\n<meta name=\"robots\" content=\"index, follow, max-snippet:-1, max-image-preview:large, max-video-preview:-1\" \/>\n<link rel=\"canonical\" href=\"https:\/\/xenonkungen.com\/fi\/tuote\/ba15s1156-canbus-led-21smd-valkoinen\/\" \/>\n<meta property=\"og:locale\" content=\"fi_FI\" \/>\n<meta property=\"og:type\" content=\"article\" \/>\n<meta property=\"og:title\" content=\"BA15S|1156 Canbus LED 21SMD Vit - Xenonkungen\" \/>\n<meta property=\"og:description\" content=\"1-polig Canbus diodlampa f\u00f6r ers\u00e4ttning av 21W gl\u00f6dlampa som t.ex. varselljus eller positionsljus. Mindre l\u00e4mplig som backlampa. Denna kvalitetslampa \u00e4r s\u00e4ker f\u00f6r str\u00f6mtoppar upp till 18V samt har konstant str\u00f6mreglering. Resultatet \u00e4r en prisv\u00e4rd diodlampa av h\u00f6g kvalitet och utf\u00f6rande och ej j\u00e4mf\u00f6rbar med liknande lampor p\u00e5 marknaden Ljusf\u00f6rst\u00e4rkande lins p\u00e5 toppen. D\u00e5 ljusf\u00e4rgen \u00e4r [&hellip;]\" \/>\n<meta property=\"og:url\" content=\"https:\/\/xenonkungen.com\/fi\/tuote\/ba15s1156-canbus-led-21smd-valkoinen\/\" \/>\n<meta property=\"og:site_name\" content=\"Xenonkungen\" \/>\n<meta property=\"article:modified_time\" content=\"2026-04-24T15:40:03+00:00\" \/>\n<meta property=\"og:image\" content=\"https:\/\/xenonkungen.com\/wp-content\/uploads\/2025\/04\/26386466-origpic-a87af7.png\" \/>\n\t<meta property=\"og:image:width\" content=\"1000\" \/>\n\t<meta property=\"og:image:height\" content=\"1000\" \/>\n\t<meta property=\"og:image:type\" content=\"image\/png\" \/>\n<meta name=\"twitter:card\" content=\"summary_large_image\" \/>\n<meta name=\"twitter:label1\" content=\"Arvioitu lukuaika\" \/>\n\t<meta name=\"twitter:data1\" content=\"1 minuutti\" \/>\n<script type=\"application\/ld+json\" class=\"yoast-schema-graph\">{\"@context\":\"https:\/\/schema.org\",\"@graph\":[{\"@type\":\"WebPage\",\"@id\":\"https:\/\/xenonkungen.com\/produkt\/ba15s1156-canbus-led-21smd-vit\/\",\"url\":\"https:\/\/xenonkungen.com\/produkt\/ba15s1156-canbus-led-21smd-vit\/\",\"name\":\"BA15S|1156 Canbus LED 21SMD Vit - Xenonkungen\",\"isPartOf\":{\"@id\":\"https:\/\/xenonkungen.com\/#website\"},\"primaryImageOfPage\":{\"@id\":\"https:\/\/xenonkungen.com\/produkt\/ba15s1156-canbus-led-21smd-vit\/#primaryimage\"},\"image\":{\"@id\":\"https:\/\/xenonkungen.com\/produkt\/ba15s1156-canbus-led-21smd-vit\/#primaryimage\"},\"thumbnailUrl\":\"https:\/\/xenonkungen.com\/wp-content\/uploads\/2025\/04\/26386466-origpic-a87af7.png\",\"datePublished\":\"2025-04-15T08:36:18+00:00\",\"dateModified\":\"2026-04-24T15:40:03+00:00\",\"breadcrumb\":{\"@id\":\"https:\/\/xenonkungen.com\/produkt\/ba15s1156-canbus-led-21smd-vit\/#breadcrumb\"},\"inLanguage\":\"fi\",\"potentialAction\":[{\"@type\":\"ReadAction\",\"target\":[\"https:\/\/xenonkungen.com\/produkt\/ba15s1156-canbus-led-21smd-vit\/\"]}]},{\"@type\":\"ImageObject\",\"inLanguage\":\"fi\",\"@id\":\"https:\/\/xenonkungen.com\/produkt\/ba15s1156-canbus-led-21smd-vit\/#primaryimage\",\"url\":\"https:\/\/xenonkungen.com\/wp-content\/uploads\/2025\/04\/26386466-origpic-a87af7.png\",\"contentUrl\":\"https:\/\/xenonkungen.com\/wp-content\/uploads\/2025\/04\/26386466-origpic-a87af7.png\",\"width\":1000,\"height\":1000},{\"@type\":\"BreadcrumbList\",\"@id\":\"https:\/\/xenonkungen.com\/produkt\/ba15s1156-canbus-led-21smd-vit\/#breadcrumb\",\"itemListElement\":[{\"@type\":\"ListItem\",\"position\":1,\"name\":\"Hem\",\"item\":\"https:\/\/xenonkungen.com\/\"},{\"@type\":\"ListItem\",\"position\":2,\"name\":\"Shop\",\"item\":\"https:\/\/xenonkungen.com\/shop\/\"},{\"@type\":\"ListItem\",\"position\":3,\"name\":\"BA15S|1156 Canbus LED 21SMD Vit\"}]},{\"@type\":\"WebSite\",\"@id\":\"https:\/\/xenonkungen.com\/#website\",\"url\":\"https:\/\/xenonkungen.com\/\",\"name\":\"Xenonkungen\",\"description\":\"\",\"potentialAction\":[{\"@type\":\"SearchAction\",\"target\":{\"@type\":\"EntryPoint\",\"urlTemplate\":\"https:\/\/xenonkungen.com\/?s={search_term_string}\"},\"query-input\":{\"@type\":\"PropertyValueSpecification\",\"valueRequired\":true,\"valueName\":\"search_term_string\"}}],\"inLanguage\":\"fi\"}]}<\/script>\n<!-- \/ Yoast SEO plugin. -->","yoast_head_json":{"title":"BA15S|1156 Canbus LED 21SMD Valkoinen - Xenon King","robots":{"index":"index","follow":"follow","max-snippet":"max-snippet:-1","max-image-preview":"max-image-preview:large","max-video-preview":"max-video-preview:-1"},"canonical":"https:\/\/xenonkungen.com\/fi\/tuote\/ba15s1156-canbus-led-21smd-valkoinen\/","og_locale":"fi_FI","og_type":"article","og_title":"BA15S|1156 Canbus LED 21SMD Vit - Xenonkungen","og_description":"1-polig Canbus diodlampa f\u00f6r ers\u00e4ttning av 21W gl\u00f6dlampa som t.ex. varselljus eller positionsljus. Mindre l\u00e4mplig som backlampa. Denna kvalitetslampa \u00e4r s\u00e4ker f\u00f6r str\u00f6mtoppar upp till 18V samt har konstant str\u00f6mreglering. Resultatet \u00e4r en prisv\u00e4rd diodlampa av h\u00f6g kvalitet och utf\u00f6rande och ej j\u00e4mf\u00f6rbar med liknande lampor p\u00e5 marknaden Ljusf\u00f6rst\u00e4rkande lins p\u00e5 toppen. D\u00e5 ljusf\u00e4rgen \u00e4r [&hellip;]","og_url":"https:\/\/xenonkungen.com\/fi\/tuote\/ba15s1156-canbus-led-21smd-valkoinen\/","og_site_name":"Xenonkungen","article_modified_time":"2026-04-24T15:40:03+00:00","og_image":[{"width":1000,"height":1000,"url":"https:\/\/xenonkungen.com\/wp-content\/uploads\/2025\/04\/26386466-origpic-a87af7.png","type":"image\/png"}],"twitter_card":"summary_large_image","twitter_misc":{"Arvioitu lukuaika":"1 minuutti"},"schema":{"@context":"https:\/\/schema.org","@graph":[{"@type":"WebPage","@id":"https:\/\/xenonkungen.com\/produkt\/ba15s1156-canbus-led-21smd-vit\/","url":"https:\/\/xenonkungen.com\/produkt\/ba15s1156-canbus-led-21smd-vit\/","name":"BA15S|1156 Canbus LED 21SMD Valkoinen - Xenon King","isPartOf":{"@id":"https:\/\/xenonkungen.com\/#website"},"primaryImageOfPage":{"@id":"https:\/\/xenonkungen.com\/produkt\/ba15s1156-canbus-led-21smd-vit\/#primaryimage"},"image":{"@id":"https:\/\/xenonkungen.com\/produkt\/ba15s1156-canbus-led-21smd-vit\/#primaryimage"},"thumbnailUrl":"https:\/\/xenonkungen.com\/wp-content\/uploads\/2025\/04\/26386466-origpic-a87af7.png","datePublished":"2025-04-15T08:36:18+00:00","dateModified":"2026-04-24T15:40:03+00:00","breadcrumb":{"@id":"https:\/\/xenonkungen.com\/produkt\/ba15s1156-canbus-led-21smd-vit\/#breadcrumb"},"inLanguage":"fi","potentialAction":[{"@type":"ReadAction","target":["https:\/\/xenonkungen.com\/produkt\/ba15s1156-canbus-led-21smd-vit\/"]}]},{"@type":"ImageObject","inLanguage":"fi","@id":"https:\/\/xenonkungen.com\/produkt\/ba15s1156-canbus-led-21smd-vit\/#primaryimage","url":"https:\/\/xenonkungen.com\/wp-content\/uploads\/2025\/04\/26386466-origpic-a87af7.png","contentUrl":"https:\/\/xenonkungen.com\/wp-content\/uploads\/2025\/04\/26386466-origpic-a87af7.png","width":1000,"height":1000},{"@type":"BreadcrumbList","@id":"https:\/\/xenonkungen.com\/produkt\/ba15s1156-canbus-led-21smd-vit\/#breadcrumb","itemListElement":[{"@type":"ListItem","position":1,"name":"Hem","item":"https:\/\/xenonkungen.com\/"},{"@type":"ListItem","position":2,"name":"Shop","item":"https:\/\/xenonkungen.com\/shop\/"},{"@type":"ListItem","position":3,"name":"BA15S|1156 Canbus LED 21SMD Vit"}]},{"@type":"WebSite","@id":"https:\/\/xenonkungen.com\/#website","url":"https:\/\/xenonkungen.com\/","name":"Xenonkungen","description":"","potentialAction":[{"@type":"SearchAction","target":{"@type":"EntryPoint","urlTemplate":"https:\/\/xenonkungen.com\/?s={search_term_string}"},"query-input":{"@type":"PropertyValueSpecification","valueRequired":true,"valueName":"search_term_string"}}],"inLanguage":"fi"}]}},"taxonomy_info":{"product_cat":[{"value":3012,"label":"Backlampor"},{"value":2516,"label":"P21W"},{"value":338,"label":"Diodlampor"}],"pa_fargtemperatur":[{"value":188,"label":"6000K"}],"pa_lampsockel-kontakt":[{"value":750,"label":"BA15S, P21W, 1156"}],"pa_led-chips-effekt-w":[{"value":749,"label":"21"}],"pa_storlek-mm":[{"value":787,"label":"46x19"}],"pa_volt-v":[{"value":159,"label":"12"}]},"featured_image_src_large":["https:\/\/xenonkungen.com\/wp-content\/uploads\/2025\/04\/26386466-origpic-a87af7.png",1000,1000,false],"author_info":[],"comment_info":0,"_links":{"self":[{"href":"https:\/\/xenonkungen.com\/fi\/wp-json\/wp\/v2\/product\/2349","targetHints":{"allow":["GET"]}}],"collection":[{"href":"https:\/\/xenonkungen.com\/fi\/wp-json\/wp\/v2\/product"}],"about":[{"href":"https:\/\/xenonkungen.com\/fi\/wp-json\/wp\/v2\/types\/product"}],"replies":[{"embeddable":true,"href":"https:\/\/xenonkungen.com\/fi\/wp-json\/wp\/v2\/comments?post=2349"}],"wp:featuredmedia":[{"embeddable":true,"href":"https:\/\/xenonkungen.com\/fi\/wp-json\/wp\/v2\/media\/2350"}],"wp:attachment":[{"href":"https:\/\/xenonkungen.com\/fi\/wp-json\/wp\/v2\/media?parent=2349"}],"wp:term":[{"taxonomy":"anvandningsomrade","embeddable":true,"href":"https:\/\/xenonkungen.com\/fi\/wp-json\/wp\/v2\/anvandningsomrade?post=2349"},{"taxonomy":"bilmarken","embeddable":true,"href":"https:\/\/xenonkungen.com\/fi\/wp-json\/wp\/v2\/bilmarken?post=2349"},{"taxonomy":"product_brand","embeddable":true,"href":"https:\/\/xenonkungen.com\/fi\/wp-json\/wp\/v2\/product_brand?post=2349"},{"taxonomy":"product_cat","embeddable":true,"href":"https:\/\/xenonkungen.com\/fi\/wp-json\/wp\/v2\/product_cat?post=2349"},{"taxonomy":"product_tag","embeddable":true,"href":"https:\/\/xenonkungen.com\/fi\/wp-json\/wp\/v2\/product_tag?post=2349"}],"curies":[{"name":"wp","href":"https:\/\/api.w.org\/{rel}","templated":true}]}}