{"id":2353,"date":"2025-04-15T08:36:18","date_gmt":"2025-04-15T08:36:18","guid":{"rendered":"https:\/\/xenonkungen.com\/product\/xk-ballast-mitsubishi-8k0941597-w003t18471\/"},"modified":"2026-04-21T14:12:50","modified_gmt":"2026-04-21T13:12:50","slug":"xk-liitantalaite-mitsubishi-8k0941597-w003t18471","status":"publish","type":"product","link":"https:\/\/xenonkungen.com\/fi\/tuote\/xk-liitantalaite-mitsubishi-8k0941597-w003t18471\/","title":{"rendered":"XK Ballast Mitsubishi 8K0941597\/ W003T18471"},"content":{"rendered":"<p>Alkuper\u00e4isen mallin mukainen j\u00e4lkimarkkinaksenonien liit\u00e4nt\u00e4laite, joka korvaa vastaavanlaisella mallilla varustetut autot merkilt\u00e4 Mitsubishi 8K0941597. W03T18471.<\/p>\n<p>OEM-merkit t\u00e4t\u00e4 painolastia l\u00f6ytyv\u00e4t seuraavista autoista:<\/p>\n<p><strong>AUDI<\/strong><br \/>A3\/S3 <span>2009-2012<br \/><\/span>A3\/S3 8V 2012-2016<br \/>A4\/S4 <span>2008-2012\u00a0<\/span><br \/>A5\/S5 <span>2007-2012\u00a0<\/span><br \/>A6L\/S6 <span>2008-2010\u00a0<\/span><br \/>A7\/S7 <span>2010-2014\u00a0<\/span><br \/>A8\/S8 <span>2009-2014\u00a0<\/span><br \/>Q5 <span>2008-2012<\/span><br \/>Q7 <span>2010-2014\u00a0<\/span><\/p>\n<p><strong>VOLKSWAGEN<\/strong><br \/>Polo 6R GTI<br \/>Passat 2015-2017<br \/>Passat CC 2012-2014<br \/>Tiguan 2012-2014<br \/>Touran 2012-2014<br \/>Touareg 2011-2014<br \/>Magotan<br \/>Sharan 2010-2014<\/p>\n<p><strong>Porsche<br \/><\/strong>Boxer 981 2012-2014<br \/>Boxter 981 Spyder 2013-2016<br \/>Macan 2014-2018<br \/>911 991 2011-2015<br \/>Cayman 981C 2014-2015 <\/p>\n<p>T\u00e4llaisia alkuper\u00e4isten tuotteiden j\u00e4ljenn\u00f6ksi\u00e4 on saatavilla markkinoilla. Alkuper\u00e4isten ja kopioiden yleisin piirre on ulkokuori. Ne eroavat toisistaan komponenttien, ohjelmoinnin ja laadun perusteella.<br \/>T\u00e4m\u00e4 p\u00e4tee my\u00f6s eri j\u00e4ljenn\u00f6sten valmistajien v\u00e4lill\u00e4.<br \/>Alkuper\u00e4inen on t\u00e4ysin toimiva kaikkien lueteltujen ajoneuvojen osalta, mutta joidenkin kopioiden toimivuus yksitt\u00e4isten merkkien tai mallien osalta voi olla rajoitettu muun muassa valmistajan teknisen tiet\u00e4myksen ja kunnianhimon mukaan.<br \/>XK-liit\u00e4nt\u00e4laitteemme ovat kalliimpia ostaa ja siksi yleens\u00e4 parempia kuin halvemmat vaihtoehdot - jotka muuten saattavat olla my\u00f6s kilpailijoiden kalliimpia. <\/p>\n<p>12V DC.<br \/>2 vuoden takuu.<\/p>","protected":false},"excerpt":{"rendered":"<p>J\u00e4lkimarkkinoilla myyt\u00e4v\u00e4 xenon-ballasti alkuper\u00e4isen Mitsubishin mallin mukaan useisiin Audi- ja VAG\/VW-malleihin.<\/p>","protected":false},"featured_media":2354,"comment_status":"closed","ping_status":"open","template":"","meta":{"_acf_changed":false,"_smort_price_nok":"849","_smort_price_dkk":"539","_smort_price_eur":"72.27","_smort_sale_price_nok":"","_smort_sale_price_dkk":"","_smort_sale_price_eur":"","smort_restorder":"","shipmondo_restorder":"","_kad_blocks_custom_css":"","_kad_blocks_head_custom_js":"","_kad_blocks_body_custom_js":"","_kad_blocks_footer_custom_js":"","smort_custom_pricelist_1":"445.2","smort_custom_pricelist_2":"445.2","smort_custom_pricelist_3":"422.94","smort_custom_pricelist_4":"636","smort_custom_pricelist_5":"445.2"},"anvandningsomrade":[],"bilmarken":[],"product_brand":[117],"product_cat":[2484,2485,789,733],"product_tag":[],"class_list":{"0":"post-2353","1":"product","2":"type-product","3":"status-publish","4":"has-post-thumbnail","6":"product_brand-xenonkungen","7":"product_cat-ballast-halvljus-helljus","8":"product_cat-xenonkonventering","9":"product_cat-ballast","10":"product_cat-halvljus-helljus","11":"pa_volt-v-159","13":"first","14":"instock","15":"taxable","16":"shipping-taxable","17":"purchasable","18":"product-type-simple"},"bundled_by":[],"bundle_stock_status":"instock","bundle_stock_quantity":22,"bundle_virtual":false,"bundle_layout":"","bundle_add_to_cart_form_location":"","bundle_editable_in_cart":false,"bundle_sold_individually_context":"","bundle_item_grouping":"","bundle_min_size":"","bundle_max_size":"","bundle_price":[],"bundled_items":[],"bundle_sell_ids":[],"acf":[],"yoast_head":"<!-- This site is optimized with the Yoast SEO plugin v27.0 - https:\/\/yoast.com\/product\/yoast-seo-wordpress\/ -->\n<title>XK Ballast Mitsubishi 8K0941597\/ W003T18471 - Xenonkungen<\/title>\n<meta name=\"robots\" content=\"index, follow, max-snippet:-1, max-image-preview:large, max-video-preview:-1\" \/>\n<link rel=\"canonical\" href=\"https:\/\/xenonkungen.com\/fi\/tuote\/xk-liitantalaite-mitsubishi-8k0941597-w003t18471\/\" \/>\n<meta property=\"og:locale\" content=\"fi_FI\" \/>\n<meta property=\"og:type\" content=\"article\" \/>\n<meta property=\"og:title\" content=\"XK Ballast Mitsubishi 8K0941597\/ W003T18471 - Xenonkungen\" \/>\n<meta property=\"og:description\" content=\"Eftermarknads xenon ballast enligt original Mitsubishi f\u00f6rlaga f\u00f6r flertal Audi modeller samt VAG\/VW modeller.\" \/>\n<meta property=\"og:url\" content=\"https:\/\/xenonkungen.com\/fi\/tuote\/xk-liitantalaite-mitsubishi-8k0941597-w003t18471\/\" \/>\n<meta property=\"og:site_name\" content=\"Xenonkungen\" \/>\n<meta property=\"article:modified_time\" content=\"2026-04-21T13:12:50+00:00\" \/>\n<meta property=\"og:image\" content=\"https:\/\/xenonkungen.com\/wp-content\/uploads\/2025\/04\/154830658-origpic-ea365f.png\" \/>\n\t<meta property=\"og:image:width\" content=\"1000\" \/>\n\t<meta property=\"og:image:height\" content=\"1000\" \/>\n\t<meta property=\"og:image:type\" content=\"image\/png\" \/>\n<meta name=\"twitter:card\" content=\"summary_large_image\" \/>\n<meta name=\"twitter:label1\" content=\"Arvioitu lukuaika\" \/>\n\t<meta name=\"twitter:data1\" content=\"1 minuutti\" \/>\n<script type=\"application\/ld+json\" class=\"yoast-schema-graph\">{\"@context\":\"https:\/\/schema.org\",\"@graph\":[{\"@type\":\"WebPage\",\"@id\":\"https:\/\/xenonkungen.com\/nl\/product\/xk-ballast-mitsubishi-8k0941597-w003t18471\/\",\"url\":\"https:\/\/xenonkungen.com\/nl\/product\/xk-ballast-mitsubishi-8k0941597-w003t18471\/\",\"name\":\"XK Ballast Mitsubishi 8K0941597\/ W003T18471 - Xenonkungen\",\"isPartOf\":{\"@id\":\"https:\/\/xenonkungen.com\/#website\"},\"primaryImageOfPage\":{\"@id\":\"https:\/\/xenonkungen.com\/nl\/product\/xk-ballast-mitsubishi-8k0941597-w003t18471\/#primaryimage\"},\"image\":{\"@id\":\"https:\/\/xenonkungen.com\/nl\/product\/xk-ballast-mitsubishi-8k0941597-w003t18471\/#primaryimage\"},\"thumbnailUrl\":\"https:\/\/xenonkungen.com\/wp-content\/uploads\/2025\/04\/154830658-origpic-ea365f.png\",\"datePublished\":\"2025-04-15T08:36:18+00:00\",\"dateModified\":\"2026-04-21T13:12:50+00:00\",\"breadcrumb\":{\"@id\":\"https:\/\/xenonkungen.com\/nl\/product\/xk-ballast-mitsubishi-8k0941597-w003t18471\/#breadcrumb\"},\"inLanguage\":\"fi\",\"potentialAction\":[{\"@type\":\"ReadAction\",\"target\":[\"https:\/\/xenonkungen.com\/nl\/product\/xk-ballast-mitsubishi-8k0941597-w003t18471\/\"]}]},{\"@type\":\"ImageObject\",\"inLanguage\":\"fi\",\"@id\":\"https:\/\/xenonkungen.com\/nl\/product\/xk-ballast-mitsubishi-8k0941597-w003t18471\/#primaryimage\",\"url\":\"https:\/\/xenonkungen.com\/wp-content\/uploads\/2025\/04\/154830658-origpic-ea365f.png\",\"contentUrl\":\"https:\/\/xenonkungen.com\/wp-content\/uploads\/2025\/04\/154830658-origpic-ea365f.png\",\"width\":1000,\"height\":1000},{\"@type\":\"BreadcrumbList\",\"@id\":\"https:\/\/xenonkungen.com\/nl\/product\/xk-ballast-mitsubishi-8k0941597-w003t18471\/#breadcrumb\",\"itemListElement\":[{\"@type\":\"ListItem\",\"position\":1,\"name\":\"Hem\",\"item\":\"https:\/\/xenonkungen.com\/\"},{\"@type\":\"ListItem\",\"position\":2,\"name\":\"Shop\",\"item\":\"https:\/\/xenonkungen.com\/shop\/\"},{\"@type\":\"ListItem\",\"position\":3,\"name\":\"XK Ballast Mitsubishi 8K0941597\/ W003T18471\"}]},{\"@type\":\"WebSite\",\"@id\":\"https:\/\/xenonkungen.com\/#website\",\"url\":\"https:\/\/xenonkungen.com\/\",\"name\":\"Xenonkungen\",\"description\":\"\",\"potentialAction\":[{\"@type\":\"SearchAction\",\"target\":{\"@type\":\"EntryPoint\",\"urlTemplate\":\"https:\/\/xenonkungen.com\/?s={search_term_string}\"},\"query-input\":{\"@type\":\"PropertyValueSpecification\",\"valueRequired\":true,\"valueName\":\"search_term_string\"}}],\"inLanguage\":\"fi\"}]}<\/script>\n<!-- \/ Yoast SEO plugin. -->","yoast_head_json":{"title":"XK-liit\u00e4nt\u00e4laite Mitsubishi 8K0941597\/ W003T18471 - Xenon King","robots":{"index":"index","follow":"follow","max-snippet":"max-snippet:-1","max-image-preview":"max-image-preview:large","max-video-preview":"max-video-preview:-1"},"canonical":"https:\/\/xenonkungen.com\/fi\/tuote\/xk-liitantalaite-mitsubishi-8k0941597-w003t18471\/","og_locale":"fi_FI","og_type":"article","og_title":"XK Ballast Mitsubishi 8K0941597\/ W003T18471 - Xenonkungen","og_description":"Eftermarknads xenon ballast enligt original Mitsubishi f\u00f6rlaga f\u00f6r flertal Audi modeller samt VAG\/VW modeller.","og_url":"https:\/\/xenonkungen.com\/fi\/tuote\/xk-liitantalaite-mitsubishi-8k0941597-w003t18471\/","og_site_name":"Xenonkungen","article_modified_time":"2026-04-21T13:12:50+00:00","og_image":[{"width":1000,"height":1000,"url":"https:\/\/xenonkungen.com\/wp-content\/uploads\/2025\/04\/154830658-origpic-ea365f.png","type":"image\/png"}],"twitter_card":"summary_large_image","twitter_misc":{"Arvioitu lukuaika":"1 minuutti"},"schema":{"@context":"https:\/\/schema.org","@graph":[{"@type":"WebPage","@id":"https:\/\/xenonkungen.com\/nl\/product\/xk-ballast-mitsubishi-8k0941597-w003t18471\/","url":"https:\/\/xenonkungen.com\/nl\/product\/xk-ballast-mitsubishi-8k0941597-w003t18471\/","name":"XK-liit\u00e4nt\u00e4laite Mitsubishi 8K0941597\/ W003T18471 - Xenon King","isPartOf":{"@id":"https:\/\/xenonkungen.com\/#website"},"primaryImageOfPage":{"@id":"https:\/\/xenonkungen.com\/nl\/product\/xk-ballast-mitsubishi-8k0941597-w003t18471\/#primaryimage"},"image":{"@id":"https:\/\/xenonkungen.com\/nl\/product\/xk-ballast-mitsubishi-8k0941597-w003t18471\/#primaryimage"},"thumbnailUrl":"https:\/\/xenonkungen.com\/wp-content\/uploads\/2025\/04\/154830658-origpic-ea365f.png","datePublished":"2025-04-15T08:36:18+00:00","dateModified":"2026-04-21T13:12:50+00:00","breadcrumb":{"@id":"https:\/\/xenonkungen.com\/nl\/product\/xk-ballast-mitsubishi-8k0941597-w003t18471\/#breadcrumb"},"inLanguage":"fi","potentialAction":[{"@type":"ReadAction","target":["https:\/\/xenonkungen.com\/nl\/product\/xk-ballast-mitsubishi-8k0941597-w003t18471\/"]}]},{"@type":"ImageObject","inLanguage":"fi","@id":"https:\/\/xenonkungen.com\/nl\/product\/xk-ballast-mitsubishi-8k0941597-w003t18471\/#primaryimage","url":"https:\/\/xenonkungen.com\/wp-content\/uploads\/2025\/04\/154830658-origpic-ea365f.png","contentUrl":"https:\/\/xenonkungen.com\/wp-content\/uploads\/2025\/04\/154830658-origpic-ea365f.png","width":1000,"height":1000},{"@type":"BreadcrumbList","@id":"https:\/\/xenonkungen.com\/nl\/product\/xk-ballast-mitsubishi-8k0941597-w003t18471\/#breadcrumb","itemListElement":[{"@type":"ListItem","position":1,"name":"Hem","item":"https:\/\/xenonkungen.com\/"},{"@type":"ListItem","position":2,"name":"Shop","item":"https:\/\/xenonkungen.com\/shop\/"},{"@type":"ListItem","position":3,"name":"XK Ballast Mitsubishi 8K0941597\/ W003T18471"}]},{"@type":"WebSite","@id":"https:\/\/xenonkungen.com\/#website","url":"https:\/\/xenonkungen.com\/","name":"Xenonkungen","description":"","potentialAction":[{"@type":"SearchAction","target":{"@type":"EntryPoint","urlTemplate":"https:\/\/xenonkungen.com\/?s={search_term_string}"},"query-input":{"@type":"PropertyValueSpecification","valueRequired":true,"valueName":"search_term_string"}}],"inLanguage":"fi"}]}},"taxonomy_info":{"product_brand":[{"value":117,"label":"Xenonkungen"}],"product_cat":[{"value":2484,"label":"Ballast"},{"value":2485,"label":"XENONKONVENTERING"},{"value":789,"label":"Ballast"},{"value":733,"label":"Halvljus \/ Helljus"}],"pa_volt-v":[{"value":159,"label":"12"}]},"featured_image_src_large":["https:\/\/xenonkungen.com\/wp-content\/uploads\/2025\/04\/154830658-origpic-ea365f.png",1000,1000,false],"author_info":[],"comment_info":0,"_links":{"self":[{"href":"https:\/\/xenonkungen.com\/fi\/wp-json\/wp\/v2\/product\/2353","targetHints":{"allow":["GET"]}}],"collection":[{"href":"https:\/\/xenonkungen.com\/fi\/wp-json\/wp\/v2\/product"}],"about":[{"href":"https:\/\/xenonkungen.com\/fi\/wp-json\/wp\/v2\/types\/product"}],"replies":[{"embeddable":true,"href":"https:\/\/xenonkungen.com\/fi\/wp-json\/wp\/v2\/comments?post=2353"}],"wp:featuredmedia":[{"embeddable":true,"href":"https:\/\/xenonkungen.com\/fi\/wp-json\/wp\/v2\/media\/2354"}],"wp:attachment":[{"href":"https:\/\/xenonkungen.com\/fi\/wp-json\/wp\/v2\/media?parent=2353"}],"wp:term":[{"taxonomy":"anvandningsomrade","embeddable":true,"href":"https:\/\/xenonkungen.com\/fi\/wp-json\/wp\/v2\/anvandningsomrade?post=2353"},{"taxonomy":"bilmarken","embeddable":true,"href":"https:\/\/xenonkungen.com\/fi\/wp-json\/wp\/v2\/bilmarken?post=2353"},{"taxonomy":"product_brand","embeddable":true,"href":"https:\/\/xenonkungen.com\/fi\/wp-json\/wp\/v2\/product_brand?post=2353"},{"taxonomy":"product_cat","embeddable":true,"href":"https:\/\/xenonkungen.com\/fi\/wp-json\/wp\/v2\/product_cat?post=2353"},{"taxonomy":"product_tag","embeddable":true,"href":"https:\/\/xenonkungen.com\/fi\/wp-json\/wp\/v2\/product_tag?post=2353"}],"curies":[{"name":"wp","href":"https:\/\/api.w.org\/{rel}","templated":true}]}}