{"id":2364,"date":"2025-04-15T08:36:31","date_gmt":"2025-04-15T08:36:31","guid":{"rendered":"https:\/\/xenonkungen.com\/product\/xk-ballast-mitsubishi-bhn3-51-0h3\/"},"modified":"2026-04-24T16:32:07","modified_gmt":"2026-04-24T15:32:07","slug":"xk-liitantalaite-mitsubishi-bhn3-51-0h3","status":"publish","type":"product","link":"https:\/\/xenonkungen.com\/fi\/tuote\/xk-liitantalaite-mitsubishi-bhn3-51-0h3\/","title":{"rendered":"XK Ballast Mitsubishi BHN3-51-0H3"},"content":{"rendered":"<p>Alkuper\u00e4isen mallin mukainen j\u00e4lkimarkkinaksenon-painolaite, joka korvaa Mitsubishi BHN3-51-0H3 -merkkisell\u00e4 vastaavalla mallilla varustetut autot.<\/p>\n<p>12V DC.<br \/>2 vuoden takuu.<br \/>OEM-merkit t\u00e4t\u00e4 painolastia l\u00f6ytyv\u00e4t seuraavista autoista:<\/p>\n<p><strong>Citroen<\/strong><br \/>DS4 <br \/>C-Crosser<\/p>\n<p><strong>Honda<\/strong> <br \/>Accord Gen8 2008-2012<br \/>Accord Gen9 2008-2012<br \/>Crosstourer 2009-2014 <br \/>Civic 2012-2015<br \/>CR-Z 2010-2016<br \/>CR-V 2012-2013<br \/>CR-V Gen4 2013-2016<br \/>FR-V 2004-2009<br \/>Jazz 2007-2013<\/p>\n<p><strong>Mazda<\/strong> <br \/>3 2014-2015 (tuotettu Japanissa)<br \/>CX-5 2013-2015<br \/>CX-9 2013-2015<\/p>\n<p>T\u00e4llaisia alkuper\u00e4isten tuotteiden j\u00e4ljenn\u00f6ksi\u00e4 on saatavilla markkinoilla. Alkuper\u00e4isten ja kopioiden yleisin piirre on ulkokuori. Ne eroavat toisistaan komponenttien, ohjelmoinnin ja laadun perusteella.<br \/>T\u00e4m\u00e4 p\u00e4tee my\u00f6s eri j\u00e4ljenn\u00f6sten valmistajien v\u00e4lill\u00e4.<br \/>Alkuper\u00e4inen on t\u00e4ysin toimiva kaikkien lueteltujen ajoneuvojen osalta, mutta joidenkin kopioiden toimivuus yksitt\u00e4isten merkkien tai mallien osalta voi olla rajoitettu muun muassa valmistajan teknisen tiet\u00e4myksen ja kunnianhimon mukaan.<br \/>XK-liit\u00e4nt\u00e4laitteemme ovat kalliimpia ostaa ja siksi yleens\u00e4 parempia kuin halvemmat vaihtoehdot - jotka muuten saattavat olla my\u00f6s kilpailijoiden kalliimpia.<\/p>","protected":false},"excerpt":{"rendered":"<p>Alkuper\u00e4isen Mitsubishin mallin mukainen j\u00e4lkimarkkinaksenon-painolaite Mazda 3, CX-5 ja CX-9 sek\u00e4 Honda Civic -malleihin.<\/p>","protected":false},"featured_media":2365,"comment_status":"closed","ping_status":"open","template":"","meta":{"_acf_changed":false,"_smort_price_nok":"956","_smort_price_dkk":"607","_smort_price_eur":"81.36","_smort_sale_price_nok":"","_smort_sale_price_dkk":"","_smort_sale_price_eur":"","smort_restorder":"","shipmondo_restorder":"","_kad_blocks_custom_css":"","_kad_blocks_head_custom_js":"","_kad_blocks_body_custom_js":"","_kad_blocks_footer_custom_js":"","smort_custom_pricelist_1":"501.2","smort_custom_pricelist_2":"501.2","smort_custom_pricelist_3":"476.14","smort_custom_pricelist_4":"716","smort_custom_pricelist_5":"501.2"},"anvandningsomrade":[],"bilmarken":[],"product_brand":[117],"product_cat":[2484,733],"product_tag":[],"class_list":{"0":"post-2364","1":"product","2":"type-product","3":"status-publish","4":"has-post-thumbnail","6":"product_brand-xenonkungen","7":"product_cat-ballast-halvljus-helljus","8":"product_cat-halvljus-helljus","9":"pa_volt-v-159","11":"first","12":"instock","13":"taxable","14":"shipping-taxable","15":"purchasable","16":"product-type-simple"},"bundled_by":[],"bundle_stock_status":"instock","bundle_stock_quantity":14,"bundle_virtual":false,"bundle_layout":"","bundle_add_to_cart_form_location":"","bundle_editable_in_cart":false,"bundle_sold_individually_context":"","bundle_item_grouping":"","bundle_min_size":"","bundle_max_size":"","bundle_price":[],"bundled_items":[],"bundle_sell_ids":[],"acf":[],"yoast_head":"<!-- This site is optimized with the Yoast SEO plugin v27.0 - https:\/\/yoast.com\/product\/yoast-seo-wordpress\/ -->\n<title>XK Ballast Mitsubishi BHN3-51-0H3 - Xenonkungen<\/title>\n<meta name=\"robots\" content=\"index, follow, max-snippet:-1, max-image-preview:large, max-video-preview:-1\" \/>\n<link rel=\"canonical\" href=\"https:\/\/xenonkungen.com\/fi\/tuote\/xk-liitantalaite-mitsubishi-bhn3-51-0h3\/\" \/>\n<meta property=\"og:locale\" content=\"fi_FI\" \/>\n<meta property=\"og:type\" content=\"article\" \/>\n<meta property=\"og:title\" content=\"XK Ballast Mitsubishi BHN3-51-0H3 - Xenonkungen\" \/>\n<meta property=\"og:description\" content=\"Eftermarknads xenon ballast enligt original Mitsubishi f\u00f6rlaga f\u00f6r Mazda 3, CX-5 och CX-9 samt Honda Civic.\" \/>\n<meta property=\"og:url\" content=\"https:\/\/xenonkungen.com\/fi\/tuote\/xk-liitantalaite-mitsubishi-bhn3-51-0h3\/\" \/>\n<meta property=\"og:site_name\" content=\"Xenonkungen\" \/>\n<meta property=\"article:modified_time\" content=\"2026-04-24T15:32:07+00:00\" \/>\n<meta property=\"og:image\" content=\"https:\/\/xenonkungen.com\/wp-content\/uploads\/2025\/04\/154821346-origpic-3c9aca.png\" \/>\n\t<meta property=\"og:image:width\" content=\"1000\" \/>\n\t<meta property=\"og:image:height\" content=\"1000\" \/>\n\t<meta property=\"og:image:type\" content=\"image\/png\" \/>\n<meta name=\"twitter:card\" content=\"summary_large_image\" \/>\n<meta name=\"twitter:label1\" content=\"Arvioitu lukuaika\" \/>\n\t<meta name=\"twitter:data1\" content=\"1 minuutti\" \/>\n<script type=\"application\/ld+json\" class=\"yoast-schema-graph\">{\"@context\":\"https:\/\/schema.org\",\"@graph\":[{\"@type\":\"WebPage\",\"@id\":\"https:\/\/xenonkungen.com\/es\/producto\/balasto-xk-mitsubishi-bhn3-51-0h3\/\",\"url\":\"https:\/\/xenonkungen.com\/es\/producto\/balasto-xk-mitsubishi-bhn3-51-0h3\/\",\"name\":\"XK Ballast Mitsubishi BHN3-51-0H3 - Xenonkungen\",\"isPartOf\":{\"@id\":\"https:\/\/xenonkungen.com\/#website\"},\"primaryImageOfPage\":{\"@id\":\"https:\/\/xenonkungen.com\/es\/producto\/balasto-xk-mitsubishi-bhn3-51-0h3\/#primaryimage\"},\"image\":{\"@id\":\"https:\/\/xenonkungen.com\/es\/producto\/balasto-xk-mitsubishi-bhn3-51-0h3\/#primaryimage\"},\"thumbnailUrl\":\"https:\/\/xenonkungen.com\/wp-content\/uploads\/2025\/04\/154821346-origpic-3c9aca.png\",\"datePublished\":\"2025-04-15T08:36:31+00:00\",\"dateModified\":\"2026-04-24T15:32:07+00:00\",\"breadcrumb\":{\"@id\":\"https:\/\/xenonkungen.com\/es\/producto\/balasto-xk-mitsubishi-bhn3-51-0h3\/#breadcrumb\"},\"inLanguage\":\"fi\",\"potentialAction\":[{\"@type\":\"ReadAction\",\"target\":[\"https:\/\/xenonkungen.com\/es\/producto\/balasto-xk-mitsubishi-bhn3-51-0h3\/\"]}]},{\"@type\":\"ImageObject\",\"inLanguage\":\"fi\",\"@id\":\"https:\/\/xenonkungen.com\/es\/producto\/balasto-xk-mitsubishi-bhn3-51-0h3\/#primaryimage\",\"url\":\"https:\/\/xenonkungen.com\/wp-content\/uploads\/2025\/04\/154821346-origpic-3c9aca.png\",\"contentUrl\":\"https:\/\/xenonkungen.com\/wp-content\/uploads\/2025\/04\/154821346-origpic-3c9aca.png\",\"width\":1000,\"height\":1000},{\"@type\":\"BreadcrumbList\",\"@id\":\"https:\/\/xenonkungen.com\/es\/producto\/balasto-xk-mitsubishi-bhn3-51-0h3\/#breadcrumb\",\"itemListElement\":[{\"@type\":\"ListItem\",\"position\":1,\"name\":\"Hem\",\"item\":\"https:\/\/xenonkungen.com\/\"},{\"@type\":\"ListItem\",\"position\":2,\"name\":\"Shop\",\"item\":\"https:\/\/xenonkungen.com\/shop\/\"},{\"@type\":\"ListItem\",\"position\":3,\"name\":\"XK Ballast Mitsubishi BHN3-51-0H3\"}]},{\"@type\":\"WebSite\",\"@id\":\"https:\/\/xenonkungen.com\/#website\",\"url\":\"https:\/\/xenonkungen.com\/\",\"name\":\"Xenonkungen\",\"description\":\"\",\"potentialAction\":[{\"@type\":\"SearchAction\",\"target\":{\"@type\":\"EntryPoint\",\"urlTemplate\":\"https:\/\/xenonkungen.com\/?s={search_term_string}\"},\"query-input\":{\"@type\":\"PropertyValueSpecification\",\"valueRequired\":true,\"valueName\":\"search_term_string\"}}],\"inLanguage\":\"fi\"}]}<\/script>\n<!-- \/ Yoast SEO plugin. -->","yoast_head_json":{"title":"XK-liit\u00e4nt\u00e4laite Mitsubishi BHN3-51-0H3 - Xenon-kuningas","robots":{"index":"index","follow":"follow","max-snippet":"max-snippet:-1","max-image-preview":"max-image-preview:large","max-video-preview":"max-video-preview:-1"},"canonical":"https:\/\/xenonkungen.com\/fi\/tuote\/xk-liitantalaite-mitsubishi-bhn3-51-0h3\/","og_locale":"fi_FI","og_type":"article","og_title":"XK Ballast Mitsubishi BHN3-51-0H3 - Xenonkungen","og_description":"Eftermarknads xenon ballast enligt original Mitsubishi f\u00f6rlaga f\u00f6r Mazda 3, CX-5 och CX-9 samt Honda Civic.","og_url":"https:\/\/xenonkungen.com\/fi\/tuote\/xk-liitantalaite-mitsubishi-bhn3-51-0h3\/","og_site_name":"Xenonkungen","article_modified_time":"2026-04-24T15:32:07+00:00","og_image":[{"width":1000,"height":1000,"url":"https:\/\/xenonkungen.com\/wp-content\/uploads\/2025\/04\/154821346-origpic-3c9aca.png","type":"image\/png"}],"twitter_card":"summary_large_image","twitter_misc":{"Arvioitu lukuaika":"1 minuutti"},"schema":{"@context":"https:\/\/schema.org","@graph":[{"@type":"WebPage","@id":"https:\/\/xenonkungen.com\/es\/producto\/balasto-xk-mitsubishi-bhn3-51-0h3\/","url":"https:\/\/xenonkungen.com\/es\/producto\/balasto-xk-mitsubishi-bhn3-51-0h3\/","name":"XK-liit\u00e4nt\u00e4laite Mitsubishi BHN3-51-0H3 - Xenon-kuningas","isPartOf":{"@id":"https:\/\/xenonkungen.com\/#website"},"primaryImageOfPage":{"@id":"https:\/\/xenonkungen.com\/es\/producto\/balasto-xk-mitsubishi-bhn3-51-0h3\/#primaryimage"},"image":{"@id":"https:\/\/xenonkungen.com\/es\/producto\/balasto-xk-mitsubishi-bhn3-51-0h3\/#primaryimage"},"thumbnailUrl":"https:\/\/xenonkungen.com\/wp-content\/uploads\/2025\/04\/154821346-origpic-3c9aca.png","datePublished":"2025-04-15T08:36:31+00:00","dateModified":"2026-04-24T15:32:07+00:00","breadcrumb":{"@id":"https:\/\/xenonkungen.com\/es\/producto\/balasto-xk-mitsubishi-bhn3-51-0h3\/#breadcrumb"},"inLanguage":"fi","potentialAction":[{"@type":"ReadAction","target":["https:\/\/xenonkungen.com\/es\/producto\/balasto-xk-mitsubishi-bhn3-51-0h3\/"]}]},{"@type":"ImageObject","inLanguage":"fi","@id":"https:\/\/xenonkungen.com\/es\/producto\/balasto-xk-mitsubishi-bhn3-51-0h3\/#primaryimage","url":"https:\/\/xenonkungen.com\/wp-content\/uploads\/2025\/04\/154821346-origpic-3c9aca.png","contentUrl":"https:\/\/xenonkungen.com\/wp-content\/uploads\/2025\/04\/154821346-origpic-3c9aca.png","width":1000,"height":1000},{"@type":"BreadcrumbList","@id":"https:\/\/xenonkungen.com\/es\/producto\/balasto-xk-mitsubishi-bhn3-51-0h3\/#breadcrumb","itemListElement":[{"@type":"ListItem","position":1,"name":"Hem","item":"https:\/\/xenonkungen.com\/"},{"@type":"ListItem","position":2,"name":"Shop","item":"https:\/\/xenonkungen.com\/shop\/"},{"@type":"ListItem","position":3,"name":"XK Ballast Mitsubishi BHN3-51-0H3"}]},{"@type":"WebSite","@id":"https:\/\/xenonkungen.com\/#website","url":"https:\/\/xenonkungen.com\/","name":"Xenonkungen","description":"","potentialAction":[{"@type":"SearchAction","target":{"@type":"EntryPoint","urlTemplate":"https:\/\/xenonkungen.com\/?s={search_term_string}"},"query-input":{"@type":"PropertyValueSpecification","valueRequired":true,"valueName":"search_term_string"}}],"inLanguage":"fi"}]}},"taxonomy_info":{"product_brand":[{"value":117,"label":"Xenonkungen"}],"product_cat":[{"value":2484,"label":"Ballast"},{"value":733,"label":"Halvljus \/ Helljus"}],"pa_volt-v":[{"value":159,"label":"12"}]},"featured_image_src_large":["https:\/\/xenonkungen.com\/wp-content\/uploads\/2025\/04\/154821346-origpic-3c9aca.png",1000,1000,false],"author_info":[],"comment_info":0,"_links":{"self":[{"href":"https:\/\/xenonkungen.com\/fi\/wp-json\/wp\/v2\/product\/2364","targetHints":{"allow":["GET"]}}],"collection":[{"href":"https:\/\/xenonkungen.com\/fi\/wp-json\/wp\/v2\/product"}],"about":[{"href":"https:\/\/xenonkungen.com\/fi\/wp-json\/wp\/v2\/types\/product"}],"replies":[{"embeddable":true,"href":"https:\/\/xenonkungen.com\/fi\/wp-json\/wp\/v2\/comments?post=2364"}],"wp:featuredmedia":[{"embeddable":true,"href":"https:\/\/xenonkungen.com\/fi\/wp-json\/wp\/v2\/media\/2365"}],"wp:attachment":[{"href":"https:\/\/xenonkungen.com\/fi\/wp-json\/wp\/v2\/media?parent=2364"}],"wp:term":[{"taxonomy":"anvandningsomrade","embeddable":true,"href":"https:\/\/xenonkungen.com\/fi\/wp-json\/wp\/v2\/anvandningsomrade?post=2364"},{"taxonomy":"bilmarken","embeddable":true,"href":"https:\/\/xenonkungen.com\/fi\/wp-json\/wp\/v2\/bilmarken?post=2364"},{"taxonomy":"product_brand","embeddable":true,"href":"https:\/\/xenonkungen.com\/fi\/wp-json\/wp\/v2\/product_brand?post=2364"},{"taxonomy":"product_cat","embeddable":true,"href":"https:\/\/xenonkungen.com\/fi\/wp-json\/wp\/v2\/product_cat?post=2364"},{"taxonomy":"product_tag","embeddable":true,"href":"https:\/\/xenonkungen.com\/fi\/wp-json\/wp\/v2\/product_tag?post=2364"}],"curies":[{"name":"wp","href":"https:\/\/api.w.org\/{rel}","templated":true}]}}