{"id":2388,"date":"2025-04-15T08:36:54","date_gmt":"2025-04-15T08:36:54","guid":{"rendered":"https:\/\/xenonkungen.com\/product\/xk-ballast-al-1307329293-m-fl\/"},"modified":"2026-04-24T16:32:20","modified_gmt":"2026-04-24T15:32:20","slug":"xk-liitantalaite-al-1307329293-jne","status":"publish","type":"product","link":"https:\/\/xenonkungen.com\/fi\/tuote\/xk-liitantalaite-al-1307329293-jne\/","title":{"rendered":"XK Ballast AL 1307329293 ja muut"},"content":{"rendered":"<p>Alkuper\u00e4isen mallin mukainen j\u00e4lkimarkkinaksenonien liit\u00e4nt\u00e4laite, joka korvaa AL 1307329293 ja muilla nimityksill\u00e4 varustetut autot, jotka on varustettu vastaavalla mallilla.<\/p>\n<p>12V DC.<\/p>\n<p>OEM-merkit t\u00e4t\u00e4 painolastia l\u00f6ytyv\u00e4t seuraavista autoista:<\/p>\n<p><strong>Alfa Romeo<\/strong><br \/>159<br \/>Spider 939 2006-2010<\/p>\n<p><strong>Audi<\/strong><br \/>A3 S3 2004-2007<br \/>A3 2006-2008 Ilman kulmavaloa<br \/>S4\/A4 Cabrio 2007-2008 Ilman kulmavaloja<br \/>S4\/A4\/RS4 2005-2008 Sedan\/Wagon Ilman kulmavaloja<\/p>\n<p><strong>Citroen<\/strong><br \/>C6<\/p>\n<p><strong>Cadillac<\/strong><br \/>SDR 2006-2011<\/p>\n<p><strong>Fiat<\/strong><br \/>500 <br \/>500 Abarth <br \/>Bravo<br \/>Croma<\/p>\n<p><strong>Peugeot<\/strong><br \/>307CC<br \/>308 2007-2012<\/p>\n<p><strong>Lancia<\/strong> <br \/>Ypslon<\/p>\n<p><strong>Lincoln<\/strong><br \/>MKX 2008<\/p>\n<p><strong>Mercedes<\/strong> <br \/>C-luokka C63\/350\/300 2008-2009 Ilman kulmavaloja<br \/>S-luokka S63\/500\/550\/600 2007-2009<\/p>\n<p><strong>Saab<\/strong><br \/>9-7 X 2006-2008<\/p>\n<p><strong>Volvo<\/strong><br \/>S40 2004- 2006<br \/>V50 2005-2007<br \/>C70 2006-2010<br \/>C30 2006-2010<\/p>\n<p><strong>2 vuoden takuu<\/strong><\/p>\n<p><strong>Hyv\u00e4 tiet\u00e4\u00e4<\/strong><br \/>T\u00e4llaisia alkuper\u00e4isten tuotteiden j\u00e4ljenn\u00f6ksi\u00e4 on saatavilla markkinoilla. Alkuper\u00e4isten ja kopioiden yleisin piirre on ulkokuori. Ne eroavat toisistaan komponenttien, ohjelmoinnin ja laadun perusteella.<br \/>T\u00e4m\u00e4 p\u00e4tee my\u00f6s eri j\u00e4ljenn\u00f6sten valmistajien v\u00e4lill\u00e4.<br \/>Alkuper\u00e4inen on t\u00e4ysin toimiva kaikkien lueteltujen ajoneuvojen osalta, mutta joidenkin kopioiden toimivuus yksitt\u00e4isten merkkien tai mallien osalta voi olla rajoitettu muun muassa valmistajan teknisen tiet\u00e4myksen ja kunnianhimon mukaan.<br \/>XK-liit\u00e4nt\u00e4laitteemme ovat kalliimpia ostaa ja siksi yleens\u00e4 parempia kuin halvemmat vaihtoehdot - jotka muuten saattavat olla my\u00f6s kilpailijoiden kalliimpia.<\/p>","protected":false},"excerpt":{"rendered":"<p>J\u00e4lkimarkkinoilla myyt\u00e4v\u00e4 xenon-liit\u00e4nt\u00e4laite alkuper\u00e4isen AL-mallin mukaisesti mm. Audiin, Mercedekselle, Fiatiin ja Volvo S40:een. <b>Alkuper\u00e4inen korvaava tuote<\/b> <b>Korkea laatu<\/b> <b>Sopii moniin eri automalleihin<\/b> <b>2 vuoden takuu<\/b><\/p>","protected":false},"featured_media":2389,"comment_status":"closed","ping_status":"open","template":"","meta":{"_acf_changed":false,"_smort_price_nok":"956","_smort_price_dkk":"607","_smort_price_eur":"81.36","_smort_sale_price_nok":"","_smort_sale_price_dkk":"","_smort_sale_price_eur":"","smort_restorder":"","shipmondo_restorder":"","_kad_blocks_custom_css":"","_kad_blocks_head_custom_js":"","_kad_blocks_body_custom_js":"","_kad_blocks_footer_custom_js":"","smort_custom_pricelist_1":"501.2","smort_custom_pricelist_2":"501.2","smort_custom_pricelist_3":"476.14","smort_custom_pricelist_4":"716","smort_custom_pricelist_5":"501.2"},"anvandningsomrade":[],"bilmarken":[],"product_brand":[117],"product_cat":[2484,2485,789,733],"product_tag":[],"class_list":{"0":"post-2388","1":"product","2":"type-product","3":"status-publish","4":"has-post-thumbnail","6":"product_brand-xenonkungen","7":"product_cat-ballast-halvljus-helljus","8":"product_cat-xenonkonventering","9":"product_cat-ballast","10":"product_cat-halvljus-helljus","11":"pa_volt-v-159","13":"first","14":"instock","15":"taxable","16":"shipping-taxable","17":"purchasable","18":"product-type-simple"},"bundled_by":[],"bundle_stock_status":"instock","bundle_stock_quantity":22,"bundle_virtual":false,"bundle_layout":"","bundle_add_to_cart_form_location":"","bundle_editable_in_cart":false,"bundle_sold_individually_context":"","bundle_item_grouping":"","bundle_min_size":"","bundle_max_size":"","bundle_price":[],"bundled_items":[],"bundle_sell_ids":[],"acf":[],"yoast_head":"<!-- This site is optimized with the Yoast SEO plugin v27.0 - https:\/\/yoast.com\/product\/yoast-seo-wordpress\/ -->\n<title>XK Ballast AL 1307329293 m.fl. - Xenonkungen<\/title>\n<meta name=\"robots\" content=\"index, follow, max-snippet:-1, max-image-preview:large, max-video-preview:-1\" \/>\n<link rel=\"canonical\" href=\"https:\/\/xenonkungen.com\/fi\/tuote\/xk-liitantalaite-al-1307329293-jne\/\" \/>\n<meta property=\"og:locale\" content=\"fi_FI\" \/>\n<meta property=\"og:type\" content=\"article\" \/>\n<meta property=\"og:title\" content=\"XK Ballast AL 1307329293 m.fl. - Xenonkungen\" \/>\n<meta property=\"og:description\" content=\"Eftermarknads xenon ballast enligt original AL f\u00f6rlaga f\u00f6r bl.a. Audi, Mercedes, Fiat och Volvo S40 m.fl. Orginalers\u00e4ttning H\u00f6g kvalitet Passar m\u00e5nga olika bilmodeller 2 \u00e5rs garanti\" \/>\n<meta property=\"og:url\" content=\"https:\/\/xenonkungen.com\/fi\/tuote\/xk-liitantalaite-al-1307329293-jne\/\" \/>\n<meta property=\"og:site_name\" content=\"Xenonkungen\" \/>\n<meta property=\"article:modified_time\" content=\"2026-04-24T15:32:20+00:00\" \/>\n<meta property=\"og:image\" content=\"https:\/\/xenonkungen.com\/wp-content\/uploads\/2025\/04\/154820070-origpic-de4db5.png\" \/>\n\t<meta property=\"og:image:width\" content=\"1000\" \/>\n\t<meta property=\"og:image:height\" content=\"1000\" \/>\n\t<meta property=\"og:image:type\" content=\"image\/png\" \/>\n<meta name=\"twitter:card\" content=\"summary_large_image\" \/>\n<meta name=\"twitter:label1\" content=\"Arvioitu lukuaika\" \/>\n\t<meta name=\"twitter:data1\" content=\"1 minuutti\" \/>\n<script type=\"application\/ld+json\" class=\"yoast-schema-graph\">{\"@context\":\"https:\/\/schema.org\",\"@graph\":[{\"@type\":\"WebPage\",\"@id\":\"https:\/\/xenonkungen.com\/de\/produkt\/xk-ballast-al-1307329293-etc\/\",\"url\":\"https:\/\/xenonkungen.com\/de\/produkt\/xk-ballast-al-1307329293-etc\/\",\"name\":\"XK Ballast AL 1307329293 m.fl. - Xenonkungen\",\"isPartOf\":{\"@id\":\"https:\/\/xenonkungen.com\/#website\"},\"primaryImageOfPage\":{\"@id\":\"https:\/\/xenonkungen.com\/de\/produkt\/xk-ballast-al-1307329293-etc\/#primaryimage\"},\"image\":{\"@id\":\"https:\/\/xenonkungen.com\/de\/produkt\/xk-ballast-al-1307329293-etc\/#primaryimage\"},\"thumbnailUrl\":\"https:\/\/xenonkungen.com\/wp-content\/uploads\/2025\/04\/154820070-origpic-de4db5.png\",\"datePublished\":\"2025-04-15T08:36:54+00:00\",\"dateModified\":\"2026-04-24T15:32:20+00:00\",\"breadcrumb\":{\"@id\":\"https:\/\/xenonkungen.com\/de\/produkt\/xk-ballast-al-1307329293-etc\/#breadcrumb\"},\"inLanguage\":\"fi\",\"potentialAction\":[{\"@type\":\"ReadAction\",\"target\":[\"https:\/\/xenonkungen.com\/de\/produkt\/xk-ballast-al-1307329293-etc\/\"]}]},{\"@type\":\"ImageObject\",\"inLanguage\":\"fi\",\"@id\":\"https:\/\/xenonkungen.com\/de\/produkt\/xk-ballast-al-1307329293-etc\/#primaryimage\",\"url\":\"https:\/\/xenonkungen.com\/wp-content\/uploads\/2025\/04\/154820070-origpic-de4db5.png\",\"contentUrl\":\"https:\/\/xenonkungen.com\/wp-content\/uploads\/2025\/04\/154820070-origpic-de4db5.png\",\"width\":1000,\"height\":1000},{\"@type\":\"BreadcrumbList\",\"@id\":\"https:\/\/xenonkungen.com\/de\/produkt\/xk-ballast-al-1307329293-etc\/#breadcrumb\",\"itemListElement\":[{\"@type\":\"ListItem\",\"position\":1,\"name\":\"Hem\",\"item\":\"https:\/\/xenonkungen.com\/\"},{\"@type\":\"ListItem\",\"position\":2,\"name\":\"Shop\",\"item\":\"https:\/\/xenonkungen.com\/shop\/\"},{\"@type\":\"ListItem\",\"position\":3,\"name\":\"XK Ballast AL 1307329293 m.fl.\"}]},{\"@type\":\"WebSite\",\"@id\":\"https:\/\/xenonkungen.com\/#website\",\"url\":\"https:\/\/xenonkungen.com\/\",\"name\":\"Xenonkungen\",\"description\":\"\",\"potentialAction\":[{\"@type\":\"SearchAction\",\"target\":{\"@type\":\"EntryPoint\",\"urlTemplate\":\"https:\/\/xenonkungen.com\/?s={search_term_string}\"},\"query-input\":{\"@type\":\"PropertyValueSpecification\",\"valueRequired\":true,\"valueName\":\"search_term_string\"}}],\"inLanguage\":\"fi\"}]}<\/script>\n<!-- \/ Yoast SEO plugin. -->","yoast_head_json":{"title":"XK-liit\u00e4nt\u00e4laite AL 1307329293 jne. - Xenon King","robots":{"index":"index","follow":"follow","max-snippet":"max-snippet:-1","max-image-preview":"max-image-preview:large","max-video-preview":"max-video-preview:-1"},"canonical":"https:\/\/xenonkungen.com\/fi\/tuote\/xk-liitantalaite-al-1307329293-jne\/","og_locale":"fi_FI","og_type":"article","og_title":"XK Ballast AL 1307329293 m.fl. - Xenonkungen","og_description":"Eftermarknads xenon ballast enligt original AL f\u00f6rlaga f\u00f6r bl.a. Audi, Mercedes, Fiat och Volvo S40 m.fl. Orginalers\u00e4ttning H\u00f6g kvalitet Passar m\u00e5nga olika bilmodeller 2 \u00e5rs garanti","og_url":"https:\/\/xenonkungen.com\/fi\/tuote\/xk-liitantalaite-al-1307329293-jne\/","og_site_name":"Xenonkungen","article_modified_time":"2026-04-24T15:32:20+00:00","og_image":[{"width":1000,"height":1000,"url":"https:\/\/xenonkungen.com\/wp-content\/uploads\/2025\/04\/154820070-origpic-de4db5.png","type":"image\/png"}],"twitter_card":"summary_large_image","twitter_misc":{"Arvioitu lukuaika":"1 minuutti"},"schema":{"@context":"https:\/\/schema.org","@graph":[{"@type":"WebPage","@id":"https:\/\/xenonkungen.com\/de\/produkt\/xk-ballast-al-1307329293-etc\/","url":"https:\/\/xenonkungen.com\/de\/produkt\/xk-ballast-al-1307329293-etc\/","name":"XK-liit\u00e4nt\u00e4laite AL 1307329293 jne. - Xenon King","isPartOf":{"@id":"https:\/\/xenonkungen.com\/#website"},"primaryImageOfPage":{"@id":"https:\/\/xenonkungen.com\/de\/produkt\/xk-ballast-al-1307329293-etc\/#primaryimage"},"image":{"@id":"https:\/\/xenonkungen.com\/de\/produkt\/xk-ballast-al-1307329293-etc\/#primaryimage"},"thumbnailUrl":"https:\/\/xenonkungen.com\/wp-content\/uploads\/2025\/04\/154820070-origpic-de4db5.png","datePublished":"2025-04-15T08:36:54+00:00","dateModified":"2026-04-24T15:32:20+00:00","breadcrumb":{"@id":"https:\/\/xenonkungen.com\/de\/produkt\/xk-ballast-al-1307329293-etc\/#breadcrumb"},"inLanguage":"fi","potentialAction":[{"@type":"ReadAction","target":["https:\/\/xenonkungen.com\/de\/produkt\/xk-ballast-al-1307329293-etc\/"]}]},{"@type":"ImageObject","inLanguage":"fi","@id":"https:\/\/xenonkungen.com\/de\/produkt\/xk-ballast-al-1307329293-etc\/#primaryimage","url":"https:\/\/xenonkungen.com\/wp-content\/uploads\/2025\/04\/154820070-origpic-de4db5.png","contentUrl":"https:\/\/xenonkungen.com\/wp-content\/uploads\/2025\/04\/154820070-origpic-de4db5.png","width":1000,"height":1000},{"@type":"BreadcrumbList","@id":"https:\/\/xenonkungen.com\/de\/produkt\/xk-ballast-al-1307329293-etc\/#breadcrumb","itemListElement":[{"@type":"ListItem","position":1,"name":"Hem","item":"https:\/\/xenonkungen.com\/"},{"@type":"ListItem","position":2,"name":"Shop","item":"https:\/\/xenonkungen.com\/shop\/"},{"@type":"ListItem","position":3,"name":"XK Ballast AL 1307329293 m.fl."}]},{"@type":"WebSite","@id":"https:\/\/xenonkungen.com\/#website","url":"https:\/\/xenonkungen.com\/","name":"Xenonkungen","description":"","potentialAction":[{"@type":"SearchAction","target":{"@type":"EntryPoint","urlTemplate":"https:\/\/xenonkungen.com\/?s={search_term_string}"},"query-input":{"@type":"PropertyValueSpecification","valueRequired":true,"valueName":"search_term_string"}}],"inLanguage":"fi"}]}},"taxonomy_info":{"product_brand":[{"value":117,"label":"Xenonkungen"}],"product_cat":[{"value":2484,"label":"Ballast"},{"value":2485,"label":"Xenonkonvertering"},{"value":789,"label":"Ballast"},{"value":733,"label":"Halvljus \/ Helljus"}],"pa_volt-v":[{"value":159,"label":"12"}]},"featured_image_src_large":["https:\/\/xenonkungen.com\/wp-content\/uploads\/2025\/04\/154820070-origpic-de4db5.png",1000,1000,false],"author_info":[],"comment_info":0,"_links":{"self":[{"href":"https:\/\/xenonkungen.com\/fi\/wp-json\/wp\/v2\/product\/2388","targetHints":{"allow":["GET"]}}],"collection":[{"href":"https:\/\/xenonkungen.com\/fi\/wp-json\/wp\/v2\/product"}],"about":[{"href":"https:\/\/xenonkungen.com\/fi\/wp-json\/wp\/v2\/types\/product"}],"replies":[{"embeddable":true,"href":"https:\/\/xenonkungen.com\/fi\/wp-json\/wp\/v2\/comments?post=2388"}],"wp:featuredmedia":[{"embeddable":true,"href":"https:\/\/xenonkungen.com\/fi\/wp-json\/wp\/v2\/media\/2389"}],"wp:attachment":[{"href":"https:\/\/xenonkungen.com\/fi\/wp-json\/wp\/v2\/media?parent=2388"}],"wp:term":[{"taxonomy":"anvandningsomrade","embeddable":true,"href":"https:\/\/xenonkungen.com\/fi\/wp-json\/wp\/v2\/anvandningsomrade?post=2388"},{"taxonomy":"bilmarken","embeddable":true,"href":"https:\/\/xenonkungen.com\/fi\/wp-json\/wp\/v2\/bilmarken?post=2388"},{"taxonomy":"product_brand","embeddable":true,"href":"https:\/\/xenonkungen.com\/fi\/wp-json\/wp\/v2\/product_brand?post=2388"},{"taxonomy":"product_cat","embeddable":true,"href":"https:\/\/xenonkungen.com\/fi\/wp-json\/wp\/v2\/product_cat?post=2388"},{"taxonomy":"product_tag","embeddable":true,"href":"https:\/\/xenonkungen.com\/fi\/wp-json\/wp\/v2\/product_tag?post=2388"}],"curies":[{"name":"wp","href":"https:\/\/api.w.org\/{rel}","templated":true}]}}