{"id":2457,"date":"2025-04-15T08:37:39","date_gmt":"2025-04-15T08:37:39","guid":{"rendered":"https:\/\/xenonkungen.com\/product\/skylthallare-compact-chrome\/"},"modified":"2026-04-24T16:41:04","modified_gmt":"2026-04-24T15:41:04","slug":"kylttiteline-kompakti-kromi","status":"publish","type":"product","link":"https:\/\/xenonkungen.com\/fi\/tuote\/kylttiteline-kompakti-kromi\/","title":{"rendered":"Kyltinpidike Compact Chrome"},"content":{"rendered":"<h1>Lis\u00e4valonpidin Compact Chrome<\/h1>\n<p>T\u00e4m\u00e4 muoto sopii t\u00e4ydellisesti pienemp\u00e4\u00e4n tai keskikokoiseen autoon, ja se on suunniteltu 2 lis\u00e4valolle tai led-ramppiin, jonka koko on noin 20\u2033\/500 mm.<br \/>\nValmistettu 2 mm:n ruostumattomasta ter\u00e4ksest\u00e4, kiillotettu kromipinta.<\/p>\n<p>Ulompien ruuvikiinnikkeiden enimm\u00e4iset\u00e4isyys 310 mm ja sisempien kiinnitysreikien 190 mm.<\/p>","protected":false},"excerpt":{"rendered":"<p>Valaistukseen tarkoitettu numerokilven pidike yksinkertaisella ja tyylikk\u00e4\u00e4ll\u00e4 muotoilulla, jonka putken halkaisija on 32 mm.<\/p>","protected":false},"featured_media":2458,"comment_status":"closed","ping_status":"closed","template":"","meta":{"_acf_changed":false,"_smort_price_nok":"422","_smort_price_dkk":"268","_smort_price_eur":"35.91","_smort_sale_price_nok":"","_smort_sale_price_dkk":"","_smort_sale_price_eur":"","smort_restorder":"","shipmondo_restorder":"","_kad_blocks_custom_css":"","_kad_blocks_head_custom_js":"","_kad_blocks_body_custom_js":"","_kad_blocks_footer_custom_js":"","smort_custom_pricelist_1":"252.8","smort_custom_pricelist_2":"221.2","smort_custom_pricelist_3":"210.14","smort_custom_pricelist_4":"316","smort_custom_pricelist_5":"221.2"},"anvandningsomrade":[],"bilmarken":[],"product_brand":[117],"product_cat":[2534,2461,2535,2536,390],"product_tag":[],"class_list":{"0":"post-2457","1":"product","2":"type-product","3":"status-publish","4":"has-post-thumbnail","6":"product_brand-xenonkungen","7":"product_cat-extraljusfaste-extraljus","8":"product_cat-fasten-installation","9":"product_cat-tillbehor-ledramper","10":"product_cat-tillbehor-tillbehor-ledramper","11":"product_cat-installation","12":"pa_storlek-mm-600x120x85","14":"first","15":"outofstock","16":"taxable","17":"shipping-taxable","18":"purchasable","19":"product-type-simple"},"bundled_by":[],"bundle_stock_status":"outofstock","bundle_stock_quantity":0,"bundle_virtual":false,"bundle_layout":"","bundle_add_to_cart_form_location":"","bundle_editable_in_cart":false,"bundle_sold_individually_context":"","bundle_item_grouping":"","bundle_min_size":"","bundle_max_size":"","bundle_price":[],"bundled_items":[],"bundle_sell_ids":[],"acf":[],"yoast_head":"<!-- This site is optimized with the Yoast SEO plugin v27.0 - https:\/\/yoast.com\/product\/yoast-seo-wordpress\/ -->\n<title>Skylth\u00e5llare Compact Chrome - Xenonkungen<\/title>\n<meta name=\"robots\" content=\"index, follow, max-snippet:-1, max-image-preview:large, max-video-preview:-1\" \/>\n<link rel=\"canonical\" href=\"https:\/\/xenonkungen.com\/fi\/tuote\/kylttiteline-kompakti-kromi\/\" \/>\n<meta property=\"og:locale\" content=\"fi_FI\" \/>\n<meta property=\"og:type\" content=\"article\" \/>\n<meta property=\"og:title\" content=\"Skylth\u00e5llare Compact Chrome - Xenonkungen\" \/>\n<meta property=\"og:description\" content=\"Nummerskylth\u00e5llare f\u00f6r belysning i enkelt stilrent utf\u00f6rande med r\u00f6rdiameter 32mm.\" \/>\n<meta property=\"og:url\" content=\"https:\/\/xenonkungen.com\/fi\/tuote\/kylttiteline-kompakti-kromi\/\" \/>\n<meta property=\"og:site_name\" content=\"Xenonkungen\" \/>\n<meta property=\"article:modified_time\" content=\"2026-04-24T15:41:04+00:00\" \/>\n<meta property=\"og:image\" content=\"https:\/\/xenonkungen.com\/wp-content\/uploads\/2025\/04\/134807726-origpic-1e55e8.jpg\" \/>\n\t<meta property=\"og:image:width\" content=\"1000\" \/>\n\t<meta property=\"og:image:height\" content=\"1000\" \/>\n\t<meta property=\"og:image:type\" content=\"image\/jpeg\" \/>\n<meta name=\"twitter:card\" content=\"summary_large_image\" \/>\n<meta name=\"twitter:label1\" content=\"Arvioitu lukuaika\" \/>\n\t<meta name=\"twitter:data1\" content=\"1 minuutti\" \/>\n<script type=\"application\/ld+json\" class=\"yoast-schema-graph\">{\"@context\":\"https:\/\/schema.org\",\"@graph\":[{\"@type\":\"WebPage\",\"@id\":\"https:\/\/xenonkungen.com\/produkt\/skylthallare-compact-chrome\/\",\"url\":\"https:\/\/xenonkungen.com\/produkt\/skylthallare-compact-chrome\/\",\"name\":\"Skylth\u00e5llare Compact Chrome - Xenonkungen\",\"isPartOf\":{\"@id\":\"https:\/\/xenonkungen.com\/#website\"},\"primaryImageOfPage\":{\"@id\":\"https:\/\/xenonkungen.com\/produkt\/skylthallare-compact-chrome\/#primaryimage\"},\"image\":{\"@id\":\"https:\/\/xenonkungen.com\/produkt\/skylthallare-compact-chrome\/#primaryimage\"},\"thumbnailUrl\":\"https:\/\/xenonkungen.com\/wp-content\/uploads\/2025\/04\/134807726-origpic-1e55e8.jpg\",\"datePublished\":\"2025-04-15T08:37:39+00:00\",\"dateModified\":\"2026-04-24T15:41:04+00:00\",\"breadcrumb\":{\"@id\":\"https:\/\/xenonkungen.com\/produkt\/skylthallare-compact-chrome\/#breadcrumb\"},\"inLanguage\":\"fi\",\"potentialAction\":[{\"@type\":\"ReadAction\",\"target\":[\"https:\/\/xenonkungen.com\/produkt\/skylthallare-compact-chrome\/\"]}]},{\"@type\":\"ImageObject\",\"inLanguage\":\"fi\",\"@id\":\"https:\/\/xenonkungen.com\/produkt\/skylthallare-compact-chrome\/#primaryimage\",\"url\":\"https:\/\/xenonkungen.com\/wp-content\/uploads\/2025\/04\/134807726-origpic-1e55e8.jpg\",\"contentUrl\":\"https:\/\/xenonkungen.com\/wp-content\/uploads\/2025\/04\/134807726-origpic-1e55e8.jpg\",\"width\":1000,\"height\":1000},{\"@type\":\"BreadcrumbList\",\"@id\":\"https:\/\/xenonkungen.com\/produkt\/skylthallare-compact-chrome\/#breadcrumb\",\"itemListElement\":[{\"@type\":\"ListItem\",\"position\":1,\"name\":\"Hem\",\"item\":\"https:\/\/xenonkungen.com\/\"},{\"@type\":\"ListItem\",\"position\":2,\"name\":\"Shop\",\"item\":\"https:\/\/xenonkungen.com\/shop\/\"},{\"@type\":\"ListItem\",\"position\":3,\"name\":\"Skylth\u00e5llare Compact Chrome\"}]},{\"@type\":\"WebSite\",\"@id\":\"https:\/\/xenonkungen.com\/#website\",\"url\":\"https:\/\/xenonkungen.com\/\",\"name\":\"Xenonkungen\",\"description\":\"\",\"potentialAction\":[{\"@type\":\"SearchAction\",\"target\":{\"@type\":\"EntryPoint\",\"urlTemplate\":\"https:\/\/xenonkungen.com\/?s={search_term_string}\"},\"query-input\":{\"@type\":\"PropertyValueSpecification\",\"valueRequired\":true,\"valueName\":\"search_term_string\"}}],\"inLanguage\":\"fi\"}]}<\/script>\n<!-- \/ Yoast SEO plugin. -->","yoast_head_json":{"title":"Kylttiteline Compact Chrome - Xenon-kuningas","robots":{"index":"index","follow":"follow","max-snippet":"max-snippet:-1","max-image-preview":"max-image-preview:large","max-video-preview":"max-video-preview:-1"},"canonical":"https:\/\/xenonkungen.com\/fi\/tuote\/kylttiteline-kompakti-kromi\/","og_locale":"fi_FI","og_type":"article","og_title":"Skylth\u00e5llare Compact Chrome - Xenonkungen","og_description":"Nummerskylth\u00e5llare f\u00f6r belysning i enkelt stilrent utf\u00f6rande med r\u00f6rdiameter 32mm.","og_url":"https:\/\/xenonkungen.com\/fi\/tuote\/kylttiteline-kompakti-kromi\/","og_site_name":"Xenonkungen","article_modified_time":"2026-04-24T15:41:04+00:00","og_image":[{"width":1000,"height":1000,"url":"https:\/\/xenonkungen.com\/wp-content\/uploads\/2025\/04\/134807726-origpic-1e55e8.jpg","type":"image\/jpeg"}],"twitter_card":"summary_large_image","twitter_misc":{"Arvioitu lukuaika":"1 minuutti"},"schema":{"@context":"https:\/\/schema.org","@graph":[{"@type":"WebPage","@id":"https:\/\/xenonkungen.com\/produkt\/skylthallare-compact-chrome\/","url":"https:\/\/xenonkungen.com\/produkt\/skylthallare-compact-chrome\/","name":"Kylttiteline Compact Chrome - Xenon-kuningas","isPartOf":{"@id":"https:\/\/xenonkungen.com\/#website"},"primaryImageOfPage":{"@id":"https:\/\/xenonkungen.com\/produkt\/skylthallare-compact-chrome\/#primaryimage"},"image":{"@id":"https:\/\/xenonkungen.com\/produkt\/skylthallare-compact-chrome\/#primaryimage"},"thumbnailUrl":"https:\/\/xenonkungen.com\/wp-content\/uploads\/2025\/04\/134807726-origpic-1e55e8.jpg","datePublished":"2025-04-15T08:37:39+00:00","dateModified":"2026-04-24T15:41:04+00:00","breadcrumb":{"@id":"https:\/\/xenonkungen.com\/produkt\/skylthallare-compact-chrome\/#breadcrumb"},"inLanguage":"fi","potentialAction":[{"@type":"ReadAction","target":["https:\/\/xenonkungen.com\/produkt\/skylthallare-compact-chrome\/"]}]},{"@type":"ImageObject","inLanguage":"fi","@id":"https:\/\/xenonkungen.com\/produkt\/skylthallare-compact-chrome\/#primaryimage","url":"https:\/\/xenonkungen.com\/wp-content\/uploads\/2025\/04\/134807726-origpic-1e55e8.jpg","contentUrl":"https:\/\/xenonkungen.com\/wp-content\/uploads\/2025\/04\/134807726-origpic-1e55e8.jpg","width":1000,"height":1000},{"@type":"BreadcrumbList","@id":"https:\/\/xenonkungen.com\/produkt\/skylthallare-compact-chrome\/#breadcrumb","itemListElement":[{"@type":"ListItem","position":1,"name":"Hem","item":"https:\/\/xenonkungen.com\/"},{"@type":"ListItem","position":2,"name":"Shop","item":"https:\/\/xenonkungen.com\/shop\/"},{"@type":"ListItem","position":3,"name":"Skylth\u00e5llare Compact Chrome"}]},{"@type":"WebSite","@id":"https:\/\/xenonkungen.com\/#website","url":"https:\/\/xenonkungen.com\/","name":"Xenonkungen","description":"","potentialAction":[{"@type":"SearchAction","target":{"@type":"EntryPoint","urlTemplate":"https:\/\/xenonkungen.com\/?s={search_term_string}"},"query-input":{"@type":"PropertyValueSpecification","valueRequired":true,"valueName":"search_term_string"}}],"inLanguage":"fi"}]}},"taxonomy_info":{"product_brand":[{"value":117,"label":"Xenonkungen"}],"product_cat":[{"value":2534,"label":"F\u00e4ste till extraljus"},{"value":2461,"label":"F\u00e4sten"},{"value":2535,"label":"LEDRAMPER"},{"value":2536,"label":"Tillbeh\u00f6r"},{"value":390,"label":"Installation"}],"pa_storlek-mm":[{"value":807,"label":"600x120x85"}]},"featured_image_src_large":["https:\/\/xenonkungen.com\/wp-content\/uploads\/2025\/04\/134807726-origpic-1e55e8.jpg",1000,1000,false],"author_info":[],"comment_info":0,"_links":{"self":[{"href":"https:\/\/xenonkungen.com\/fi\/wp-json\/wp\/v2\/product\/2457","targetHints":{"allow":["GET"]}}],"collection":[{"href":"https:\/\/xenonkungen.com\/fi\/wp-json\/wp\/v2\/product"}],"about":[{"href":"https:\/\/xenonkungen.com\/fi\/wp-json\/wp\/v2\/types\/product"}],"replies":[{"embeddable":true,"href":"https:\/\/xenonkungen.com\/fi\/wp-json\/wp\/v2\/comments?post=2457"}],"wp:featuredmedia":[{"embeddable":true,"href":"https:\/\/xenonkungen.com\/fi\/wp-json\/wp\/v2\/media\/2458"}],"wp:attachment":[{"href":"https:\/\/xenonkungen.com\/fi\/wp-json\/wp\/v2\/media?parent=2457"}],"wp:term":[{"taxonomy":"anvandningsomrade","embeddable":true,"href":"https:\/\/xenonkungen.com\/fi\/wp-json\/wp\/v2\/anvandningsomrade?post=2457"},{"taxonomy":"bilmarken","embeddable":true,"href":"https:\/\/xenonkungen.com\/fi\/wp-json\/wp\/v2\/bilmarken?post=2457"},{"taxonomy":"product_brand","embeddable":true,"href":"https:\/\/xenonkungen.com\/fi\/wp-json\/wp\/v2\/product_brand?post=2457"},{"taxonomy":"product_cat","embeddable":true,"href":"https:\/\/xenonkungen.com\/fi\/wp-json\/wp\/v2\/product_cat?post=2457"},{"taxonomy":"product_tag","embeddable":true,"href":"https:\/\/xenonkungen.com\/fi\/wp-json\/wp\/v2\/product_tag?post=2457"}],"curies":[{"name":"wp","href":"https:\/\/api.w.org\/{rel}","templated":true}]}}