{"id":2463,"date":"2025-04-15T08:37:39","date_gmt":"2025-04-15T08:37:39","guid":{"rendered":"https:\/\/xenonkungen.com\/product\/relakablage-on-off\/"},"modified":"2026-03-04T16:39:24","modified_gmt":"2026-03-04T15:39:24","slug":"releen-johdotus-paalla-pois-paalta","status":"publish","type":"product","link":"https:\/\/xenonkungen.com\/fi\/tuote\/releen-johdotus-paalla-pois-paalta\/","title":{"rendered":"Rele ON\/OFF"},"content":{"rendered":"<h1>Relekaapelisarja, jossa ON\/OFF-painike - Yksinkertainen ja tehokas valaistuksen ohjaus.<\/h1>\n<p>P\u00e4ivit\u00e4 valaistusasennuksesi <strong>k\u00e4yt\u00e4nn\u00f6llinen relekaapelisarja<\/strong> varustettu ON\/OFF-painikkeella. T\u00e4ydellinen niille, jotka haluavat hallita valaistustaan t\u00e4ysin kolmen \u00e4lykk\u00e4\u00e4n toimintatilan avulla: <strong>1 P\u00c4\u00c4LL\u00c4 \/ POIS P\u00c4\u00c4LT\u00c4 \/ 2 P\u00c4\u00c4LL\u00c4<\/strong>.<\/p>\n<h2>T\u00e4rkeimm\u00e4t ominaisuudet:<\/h2>\n<ul>\n<li><strong>Sujuva hallinto:<\/strong> Vaihda helposti valaistustilojen v\u00e4lill\u00e4 intuitiivisella painikkeella.<\/li>\n<li><strong>Suuri kapasiteetti:<\/strong> 40A:n rele ja 30A:n sulake, ihanteellinen tehokkaan valaistuksen hallintaan.<\/li>\n<li><strong>Joustava asennus:<\/strong> Kaapelin kokonaispituus on 3 metri\u00e4, joten se on helppo asentaa eri ajoneuvoihin.<\/li>\n<li><strong>12V yhteensopivuus:<\/strong> Sopii useimpiin autoihin ja ajoneuvoihin, joissa on tavallinen 12 V:n j\u00e4rjestelm\u00e4.<\/li>\n<\/ul>\n<h2>Huom:<\/h2>\n<p>Signaalikaapeli ei sis\u00e4lly t\u00e4h\u00e4n johdinsarjaan, joten voit helposti mukauttaa sen omiin tarpeisiisi.<\/p>\n<h2>Miksi valita t\u00e4m\u00e4 relejohtosarja?<\/h2>\n<p>Vankan rakenteen ja korkean suorituskyvyn ansiosta t\u00e4m\u00e4 kaapelisarja on t\u00e4ydellinen ratkaisu kaikille, jotka etsiv\u00e4t luotettavuutta ja yksinkertaisuutta. Asennatpa sitten lis\u00e4valoja, LED-ramppeja tai muita valaistusratkaisuja, t\u00e4m\u00e4 relekaapelisarja tarjoaa turvallisen ja sujuvan virran k\u00e4yt\u00f6n.<\/p>\n<h2>Sopii:<\/h2>\n<ul>\n<li>Eritt\u00e4in kevyt<\/li>\n<li>LED-luiskat<\/li>\n<li>Muut valaistusasennukset<\/li>\n<\/ul>","protected":false},"excerpt":{"rendered":"<p>Rel\u00e4kabelsats med ON\/OFF-knapp \u2013 Enkel och Effektiv Styrning av Din Belysning Uppgradera din belysningsinstallation med en praktisk rel\u00e4kabelsats utrustad med en ON\/OFF-tryckknapp. Perfekt f\u00f6r dig som vill ha full kontroll \u00f6ver din belysning med tre smarta funktionsl\u00e4gen: 1 ON \/ OFF \/ 2 ON. Nyckelfunktioner: Smidig styrning: V\u00e4xla enkelt mellan dina belysningsl\u00e4gen med en intuitiv [&hellip;]<\/p>","protected":false},"featured_media":2464,"comment_status":"closed","ping_status":"closed","template":"","meta":{"_acf_changed":false,"_smort_price_nok":"294","_smort_price_dkk":"187","_smort_price_eur":"25","_smort_sale_price_nok":"","_smort_sale_price_dkk":"","_smort_sale_price_eur":"18.75","smort_restorder":"","shipmondo_restorder":"","_kad_blocks_custom_css":"","_kad_blocks_head_custom_js":"","_kad_blocks_body_custom_js":"","_kad_blocks_footer_custom_js":"","smort_custom_pricelist_1":"176","smort_custom_pricelist_2":"132","smort_custom_pricelist_3":"125.4","smort_custom_pricelist_4":"220","smort_custom_pricelist_5":"132"},"anvandningsomrade":[],"bilmarken":[],"product_brand":[117],"product_cat":[2841,2795,2796,2502,390],"product_tag":[],"class_list":{"0":"post-2463","1":"product","2":"type-product","3":"status-publish","4":"has-post-thumbnail","6":"product_brand-xenonkungen","7":"product_cat-installation-extraljus","8":"product_cat-kablar-rela","9":"product_cat-relakabelsatser","10":"product_cat-relasats-relasats-ledramper-relasats-extraljus-installation","11":"product_cat-installation","13":"first","14":"instock","15":"taxable","16":"shipping-taxable","17":"purchasable","18":"product-type-simple"},"bundled_by":[],"bundle_stock_status":"instock","bundle_stock_quantity":161,"bundle_virtual":false,"bundle_layout":"","bundle_add_to_cart_form_location":"","bundle_editable_in_cart":false,"bundle_sold_individually_context":"","bundle_item_grouping":"","bundle_min_size":"","bundle_max_size":"","bundle_price":[],"bundled_items":[],"bundle_sell_ids":[],"acf":[],"yoast_head":"<!-- This site is optimized with the Yoast SEO plugin v27.0 - https:\/\/yoast.com\/product\/yoast-seo-wordpress\/ -->\n<title>Rel\u00e4kablage ON\/OFF - Xenonkungen<\/title>\n<meta name=\"robots\" content=\"index, follow, max-snippet:-1, max-image-preview:large, max-video-preview:-1\" \/>\n<link rel=\"canonical\" href=\"https:\/\/xenonkungen.com\/fi\/tuote\/releen-johdotus-paalla-pois-paalta\/\" \/>\n<meta property=\"og:locale\" content=\"fi_FI\" \/>\n<meta property=\"og:type\" content=\"article\" \/>\n<meta property=\"og:title\" content=\"Rel\u00e4kablage ON\/OFF - Xenonkungen\" \/>\n<meta property=\"og:description\" content=\"Rel\u00e4kabelsats med ON\/OFF-knapp \u2013 Enkel och Effektiv Styrning av Din Belysning Uppgradera din belysningsinstallation med en praktisk rel\u00e4kabelsats utrustad med en ON\/OFF-tryckknapp. Perfekt f\u00f6r dig som vill ha full kontroll \u00f6ver din belysning med tre smarta funktionsl\u00e4gen: 1 ON \/ OFF \/ 2 ON. Nyckelfunktioner: Smidig styrning: V\u00e4xla enkelt mellan dina belysningsl\u00e4gen med en intuitiv [&hellip;]\" \/>\n<meta property=\"og:url\" content=\"https:\/\/xenonkungen.com\/fi\/tuote\/releen-johdotus-paalla-pois-paalta\/\" \/>\n<meta property=\"og:site_name\" content=\"Xenonkungen\" \/>\n<meta property=\"article:modified_time\" content=\"2026-03-04T15:39:24+00:00\" \/>\n<meta property=\"og:image\" content=\"https:\/\/xenonkungen.com\/wp-content\/uploads\/2025\/04\/135261720-origpic-c754db.png\" \/>\n\t<meta property=\"og:image:width\" content=\"1000\" \/>\n\t<meta property=\"og:image:height\" content=\"1000\" \/>\n\t<meta property=\"og:image:type\" content=\"image\/png\" \/>\n<meta name=\"twitter:card\" content=\"summary_large_image\" \/>\n<meta name=\"twitter:label1\" content=\"Arvioitu lukuaika\" \/>\n\t<meta name=\"twitter:data1\" content=\"1 minuutti\" \/>\n<script type=\"application\/ld+json\" class=\"yoast-schema-graph\">{\"@context\":\"https:\/\/schema.org\",\"@graph\":[{\"@type\":\"WebPage\",\"@id\":\"https:\/\/xenonkungen.com\/nl\/product\/relaisbedrading-aan-uit\/\",\"url\":\"https:\/\/xenonkungen.com\/nl\/product\/relaisbedrading-aan-uit\/\",\"name\":\"Rel\u00e4kablage ON\/OFF - Xenonkungen\",\"isPartOf\":{\"@id\":\"https:\/\/xenonkungen.com\/#website\"},\"primaryImageOfPage\":{\"@id\":\"https:\/\/xenonkungen.com\/nl\/product\/relaisbedrading-aan-uit\/#primaryimage\"},\"image\":{\"@id\":\"https:\/\/xenonkungen.com\/nl\/product\/relaisbedrading-aan-uit\/#primaryimage\"},\"thumbnailUrl\":\"https:\/\/xenonkungen.com\/wp-content\/uploads\/2025\/04\/135261720-origpic-c754db.png\",\"datePublished\":\"2025-04-15T08:37:39+00:00\",\"dateModified\":\"2026-03-04T15:39:24+00:00\",\"breadcrumb\":{\"@id\":\"https:\/\/xenonkungen.com\/nl\/product\/relaisbedrading-aan-uit\/#breadcrumb\"},\"inLanguage\":\"fi\",\"potentialAction\":[{\"@type\":\"ReadAction\",\"target\":[\"https:\/\/xenonkungen.com\/nl\/product\/relaisbedrading-aan-uit\/\"]}]},{\"@type\":\"ImageObject\",\"inLanguage\":\"fi\",\"@id\":\"https:\/\/xenonkungen.com\/nl\/product\/relaisbedrading-aan-uit\/#primaryimage\",\"url\":\"https:\/\/xenonkungen.com\/wp-content\/uploads\/2025\/04\/135261720-origpic-c754db.png\",\"contentUrl\":\"https:\/\/xenonkungen.com\/wp-content\/uploads\/2025\/04\/135261720-origpic-c754db.png\",\"width\":1000,\"height\":1000},{\"@type\":\"BreadcrumbList\",\"@id\":\"https:\/\/xenonkungen.com\/nl\/product\/relaisbedrading-aan-uit\/#breadcrumb\",\"itemListElement\":[{\"@type\":\"ListItem\",\"position\":1,\"name\":\"Hem\",\"item\":\"https:\/\/xenonkungen.com\/\"},{\"@type\":\"ListItem\",\"position\":2,\"name\":\"Shop\",\"item\":\"https:\/\/xenonkungen.com\/shop\/\"},{\"@type\":\"ListItem\",\"position\":3,\"name\":\"Rel\u00e4kablage ON\/OFF\"}]},{\"@type\":\"WebSite\",\"@id\":\"https:\/\/xenonkungen.com\/#website\",\"url\":\"https:\/\/xenonkungen.com\/\",\"name\":\"Xenonkungen\",\"description\":\"\",\"potentialAction\":[{\"@type\":\"SearchAction\",\"target\":{\"@type\":\"EntryPoint\",\"urlTemplate\":\"https:\/\/xenonkungen.com\/?s={search_term_string}\"},\"query-input\":{\"@type\":\"PropertyValueSpecification\",\"valueRequired\":true,\"valueName\":\"search_term_string\"}}],\"inLanguage\":\"fi\"}]}<\/script>\n<!-- \/ Yoast SEO plugin. -->","yoast_head_json":{"title":"Releen johdotus ON\/OFF - Xenonkungen","robots":{"index":"index","follow":"follow","max-snippet":"max-snippet:-1","max-image-preview":"max-image-preview:large","max-video-preview":"max-video-preview:-1"},"canonical":"https:\/\/xenonkungen.com\/fi\/tuote\/releen-johdotus-paalla-pois-paalta\/","og_locale":"fi_FI","og_type":"article","og_title":"Rel\u00e4kablage ON\/OFF - Xenonkungen","og_description":"Rel\u00e4kabelsats med ON\/OFF-knapp \u2013 Enkel och Effektiv Styrning av Din Belysning Uppgradera din belysningsinstallation med en praktisk rel\u00e4kabelsats utrustad med en ON\/OFF-tryckknapp. Perfekt f\u00f6r dig som vill ha full kontroll \u00f6ver din belysning med tre smarta funktionsl\u00e4gen: 1 ON \/ OFF \/ 2 ON. Nyckelfunktioner: Smidig styrning: V\u00e4xla enkelt mellan dina belysningsl\u00e4gen med en intuitiv [&hellip;]","og_url":"https:\/\/xenonkungen.com\/fi\/tuote\/releen-johdotus-paalla-pois-paalta\/","og_site_name":"Xenonkungen","article_modified_time":"2026-03-04T15:39:24+00:00","og_image":[{"width":1000,"height":1000,"url":"https:\/\/xenonkungen.com\/wp-content\/uploads\/2025\/04\/135261720-origpic-c754db.png","type":"image\/png"}],"twitter_card":"summary_large_image","twitter_misc":{"Arvioitu lukuaika":"1 minuutti"},"schema":{"@context":"https:\/\/schema.org","@graph":[{"@type":"WebPage","@id":"https:\/\/xenonkungen.com\/nl\/product\/relaisbedrading-aan-uit\/","url":"https:\/\/xenonkungen.com\/nl\/product\/relaisbedrading-aan-uit\/","name":"Releen johdotus ON\/OFF - Xenonkungen","isPartOf":{"@id":"https:\/\/xenonkungen.com\/#website"},"primaryImageOfPage":{"@id":"https:\/\/xenonkungen.com\/nl\/product\/relaisbedrading-aan-uit\/#primaryimage"},"image":{"@id":"https:\/\/xenonkungen.com\/nl\/product\/relaisbedrading-aan-uit\/#primaryimage"},"thumbnailUrl":"https:\/\/xenonkungen.com\/wp-content\/uploads\/2025\/04\/135261720-origpic-c754db.png","datePublished":"2025-04-15T08:37:39+00:00","dateModified":"2026-03-04T15:39:24+00:00","breadcrumb":{"@id":"https:\/\/xenonkungen.com\/nl\/product\/relaisbedrading-aan-uit\/#breadcrumb"},"inLanguage":"fi","potentialAction":[{"@type":"ReadAction","target":["https:\/\/xenonkungen.com\/nl\/product\/relaisbedrading-aan-uit\/"]}]},{"@type":"ImageObject","inLanguage":"fi","@id":"https:\/\/xenonkungen.com\/nl\/product\/relaisbedrading-aan-uit\/#primaryimage","url":"https:\/\/xenonkungen.com\/wp-content\/uploads\/2025\/04\/135261720-origpic-c754db.png","contentUrl":"https:\/\/xenonkungen.com\/wp-content\/uploads\/2025\/04\/135261720-origpic-c754db.png","width":1000,"height":1000},{"@type":"BreadcrumbList","@id":"https:\/\/xenonkungen.com\/nl\/product\/relaisbedrading-aan-uit\/#breadcrumb","itemListElement":[{"@type":"ListItem","position":1,"name":"Hem","item":"https:\/\/xenonkungen.com\/"},{"@type":"ListItem","position":2,"name":"Shop","item":"https:\/\/xenonkungen.com\/shop\/"},{"@type":"ListItem","position":3,"name":"Rel\u00e4kablage ON\/OFF"}]},{"@type":"WebSite","@id":"https:\/\/xenonkungen.com\/#website","url":"https:\/\/xenonkungen.com\/","name":"Xenonkungen","description":"","potentialAction":[{"@type":"SearchAction","target":{"@type":"EntryPoint","urlTemplate":"https:\/\/xenonkungen.com\/?s={search_term_string}"},"query-input":{"@type":"PropertyValueSpecification","valueRequired":true,"valueName":"search_term_string"}}],"inLanguage":"fi"}]}},"taxonomy_info":{"product_brand":[{"value":117,"label":"Xenonkungen"}],"product_cat":[{"value":2841,"label":"Installation extraljus"},{"value":2795,"label":"Kablar och Rel\u00e4"},{"value":2796,"label":"Rel\u00e4kabelsatser"},{"value":2502,"label":"Rel\u00e4sats"},{"value":390,"label":"Installation"}]},"featured_image_src_large":["https:\/\/xenonkungen.com\/wp-content\/uploads\/2025\/04\/135261720-origpic-c754db.png",1000,1000,false],"author_info":[],"comment_info":0,"_links":{"self":[{"href":"https:\/\/xenonkungen.com\/fi\/wp-json\/wp\/v2\/product\/2463","targetHints":{"allow":["GET"]}}],"collection":[{"href":"https:\/\/xenonkungen.com\/fi\/wp-json\/wp\/v2\/product"}],"about":[{"href":"https:\/\/xenonkungen.com\/fi\/wp-json\/wp\/v2\/types\/product"}],"replies":[{"embeddable":true,"href":"https:\/\/xenonkungen.com\/fi\/wp-json\/wp\/v2\/comments?post=2463"}],"wp:featuredmedia":[{"embeddable":true,"href":"https:\/\/xenonkungen.com\/fi\/wp-json\/wp\/v2\/media\/2464"}],"wp:attachment":[{"href":"https:\/\/xenonkungen.com\/fi\/wp-json\/wp\/v2\/media?parent=2463"}],"wp:term":[{"taxonomy":"anvandningsomrade","embeddable":true,"href":"https:\/\/xenonkungen.com\/fi\/wp-json\/wp\/v2\/anvandningsomrade?post=2463"},{"taxonomy":"bilmarken","embeddable":true,"href":"https:\/\/xenonkungen.com\/fi\/wp-json\/wp\/v2\/bilmarken?post=2463"},{"taxonomy":"product_brand","embeddable":true,"href":"https:\/\/xenonkungen.com\/fi\/wp-json\/wp\/v2\/product_brand?post=2463"},{"taxonomy":"product_cat","embeddable":true,"href":"https:\/\/xenonkungen.com\/fi\/wp-json\/wp\/v2\/product_cat?post=2463"},{"taxonomy":"product_tag","embeddable":true,"href":"https:\/\/xenonkungen.com\/fi\/wp-json\/wp\/v2\/product_tag?post=2463"}],"curies":[{"name":"wp","href":"https:\/\/api.w.org\/{rel}","templated":true}]}}