{"id":24862,"date":"2026-01-21T13:52:25","date_gmt":"2026-01-21T12:52:25","guid":{"rendered":"https:\/\/xenonkungen.com\/?post_type=product&#038;p=24862"},"modified":"2026-04-24T17:43:52","modified_gmt":"2026-04-24T16:43:52","slug":"osram-lightsignal-led-majakka","status":"publish","type":"product","link":"https:\/\/xenonkungen.com\/fi\/tuote\/osram-lightsignal-led-majakka\/","title":{"rendered":"OSRAM LIGHT -merkkivalo, LED-majakka"},"content":{"rendered":"<h3 data-start=\"187\" data-end=\"235\">Valo on turvaa \u2013 n\u00e4e ja tule n\u00e4hdyksi OSRAMin avulla<\/h3>\n<p data-start=\"237\" data-end=\"619\"><strong data-start=\"237\" data-end=\"275\">OSRAM LIGHT -merkkivalo, LED-majakka<\/strong> on tehokas 360\u00b0 py\u00f6riv\u00e4 keltainen LED-varoitusvalo, joka on kehitetty lis\u00e4\u00e4m\u00e4\u00e4n huomiokyky\u00e4 ja turvallisuutta sek\u00e4 liikenneymp\u00e4rist\u00f6iss\u00e4 ett\u00e4 vaativilla ty\u00f6alueilla. Se on tarkoitettu ajoneuvoille, joilla on ep\u00e4tavallinen leveys, pituus tai kuorma, sek\u00e4 kunnallisille ajoneuvoille, h\u00e4t\u00e4ajoneuvoille, huolto- ja hallintoajoneuvoille, joissa selke\u00e4 varoitussignaali on v\u00e4ltt\u00e4m\u00e4t\u00f6nt\u00e4.<\/p>\n<p data-start=\"621\" data-end=\"957\">Varoitusvalo parantaa visuaalista tunnistusta ja sit\u00e4 k\u00e4ytet\u00e4\u00e4n merkitsem\u00e4\u00e4n vaarallisia paikkoja, ty\u00f6alueita ja erityisalueita, joilla ihmiset on h\u00e4lytett\u00e4v\u00e4 nopeasti ep\u00e4normaalista tilanteesta. Se sopii my\u00f6s hyvin k\u00e4ytett\u00e4v\u00e4ksi koneissa, laitoksissa ja teollisuuden h\u00e4lytysj\u00e4rjestelmiss\u00e4, joissa tarvitaan selke\u00e4\u00e4 valosignaalia.<\/p>\n<p data-start=\"959\" data-end=\"1337\">Kahdeksan tehokkaan LED-valonl\u00e4hteen ansiosta OSRAM LIGHTsignal LED BEACON LIGHT tuottaa jopa 1 900 lumenia ja 1 200 kelvinin v\u00e4ril\u00e4mp\u00f6tilan. T\u00e4m\u00e4 tarjoaa voimakkaan ja selke\u00e4n keltaisen varoitussignaalin, joka n\u00e4kyy hyvin sek\u00e4 p\u00e4iv\u00e4nvalossa ett\u00e4 pime\u00e4ss\u00e4. Alhainen energiankulutus tekee lampusta sopivan pidempiin k\u00e4ytt\u00f6aikoihin ilman, ett\u00e4 ajoneuvon s\u00e4hk\u00f6j\u00e4rjestelm\u00e4 rasittuu tarpeettomasti.<\/p>\n<p data-start=\"1339\" data-end=\"1708\">Rakenne on kehitetty kest\u00e4m\u00e4\u00e4n vaativia olosuhteita. Liukumaton ja iskuja vaimentava kumijalusta v\u00e4hent\u00e4\u00e4 t\u00e4rin\u00e4\u00e4 ja toimii tiivisteen\u00e4 lampun ja pinnan v\u00e4lill\u00e4. Kest\u00e4v\u00e4 ja s\u00e4rkym\u00e4t\u00f6n polykarbonaattikotelo kest\u00e4\u00e4 suurta mekaanista rasitusta, ja sile\u00e4 pintak\u00e4sittely v\u00e4hent\u00e4\u00e4 lian kertymisen riski\u00e4 ja varmistaa valotehosteen s\u00e4ilymisen ajan kuluessa.<\/p>\n<p data-start=\"1710\" data-end=\"1946\">Integroitu l\u00e4mm\u00f6nhallintaj\u00e4rjestelm\u00e4 suojaa LED-komponentteja s\u00e4\u00e4telem\u00e4ll\u00e4 l\u00e4mp\u00f6tilaa ja est\u00e4m\u00e4ll\u00e4 ylikuumenemisen. Napaisuussuoja sammuttaa lampun automaattisesti, jos kytkent\u00e4 on virheellinen, mik\u00e4 edist\u00e4\u00e4 turvallista ja pitk\u00e4ik\u00e4ist\u00e4 toimintaa.<\/p>\n<p data-start=\"1948\" data-end=\"2209\">Kompaktin ja modernin muotoilunsa ansiosta varoitusvalo on yhteensopiva sek\u00e4 12 V:n ett\u00e4 24 V:n ajoneuvojen kanssa. Kiinnitysmateriaalit sis\u00e4ltyv\u00e4t toimitukseen, ja vakaa kolmipistekiinnitysj\u00e4rjestelm\u00e4 mahdollistaa valon turvallisen kiinnitt\u00e4misen ajoneuvon katolle ja sen v\u00e4litt\u00f6m\u00e4n k\u00e4yt\u00f6n.<\/p>\n<p data-start=\"2211\" data-end=\"2526\">OSRAM LIGHTsignal LED BEACON LIGHT on ECE R10- ja R65-direktiivien mukainen ja hyv\u00e4ksytty tieliikenteeseen. Tuote on testattu DIN EN ISO\/IEC 17025 -sertifioidussa laboratoriossa ja t\u00e4ytt\u00e4\u00e4 suojausluokat IP65 ja IK08. Lis\u00e4turvallisuutta varten se tarjoaa <strong data-start=\"2470\" data-end=\"2511\"><span class=\"hover:entity-accent entity-underline inline cursor-pointer align-baseline\"><span class=\"whitespace-normal\">OSRAM<\/span><\/span><\/strong> 2 vuoden takuu.<\/p>\n<h3 data-start=\"2528\" data-end=\"2560\">T\u00e4rkeit\u00e4 tietoja lyhyesti<\/h3>\n<ul data-start=\"2561\" data-end=\"2897\">\n<li data-start=\"2561\" data-end=\"2601\">\n<p data-start=\"2563\" data-end=\"2601\">360\u00b0 py\u00f6riv\u00e4 keltainen LED-varoitusvalo<\/p>\n<\/li>\n<li data-start=\"2602\" data-end=\"2643\">\n<p data-start=\"2604\" data-end=\"2643\">Jopa 1 900 lumenia ja 1 200 kelvini\u00e4<\/p>\n<\/li>\n<li data-start=\"2644\" data-end=\"2686\">\n<p data-start=\"2646\" data-end=\"2686\">Kahdeksan pitk\u00e4ik\u00e4ist\u00e4 LED-valonl\u00e4hdett\u00e4<\/p>\n<\/li>\n<li data-start=\"2687\" data-end=\"2734\">\n<p data-start=\"2689\" data-end=\"2734\">Alhainen energiankulutus ja korkea k\u00e4ytt\u00f6varmuus<\/p>\n<\/li>\n<li data-start=\"2735\" data-end=\"2793\">\n<p data-start=\"2737\" data-end=\"2793\">Kest\u00e4v\u00e4 rakenne, jossa on kumipohja ja polykarbonaattikotelo<\/p>\n<\/li>\n<li data-start=\"2794\" data-end=\"2826\">\n<p data-start=\"2796\" data-end=\"2826\">Yhteensopiva 12 V:n ja 24 V:n kanssa<\/p>\n<\/li>\n<li data-start=\"2827\" data-end=\"2868\">\n<p data-start=\"2829\" data-end=\"2868\">ECE R10- ja R65-hyv\u00e4ksytyt tieliikenteeseen<\/p>\n<\/li>\n<li data-start=\"2869\" data-end=\"2897\">\n<p data-start=\"2871\" data-end=\"2897\">2 vuoden takuu OSRAMilta<\/p>\n<\/li>\n<\/ul>\n<p data-start=\"2899\" data-end=\"3028\">Huomaa, ett\u00e4 py\u00f6rivien majakoiden k\u00e4ytt\u00f6\u00e4 koskevat erityism\u00e4\u00e4r\u00e4ykset ovat kunkin maan tieliikennelains\u00e4\u00e4d\u00e4nn\u00f6n mukaisia.<\/p>","protected":false},"excerpt":{"rendered":"<p>Ljus \u00e4r s\u00e4kerhet \u2013 se och bli sedd med OSRAM OSRAM LIGHTsignal LED BEACON LIGHT \u00e4r en kraftfull 360\u00b0 roterande gul LED-varningslampa utvecklad f\u00f6r att skapa maximal uppm\u00e4rksamhet och \u00f6kad s\u00e4kerhet i b\u00e5de trafikmilj\u00f6er och kr\u00e4vande arbetsomr\u00e5den. Den \u00e4r avsedd f\u00f6r fordon med ovanlig bredd, l\u00e4ngd eller last samt f\u00f6r kommunala fordon, r\u00e4ddningsfordon, service- och [&hellip;]<\/p>","protected":false},"featured_media":24869,"comment_status":"open","ping_status":"closed","template":"","meta":{"_acf_changed":false,"_smort_price_nok":"636","_smort_price_dkk":"","_smort_price_eur":"","_smort_sale_price_nok":"","_smort_sale_price_dkk":"","_smort_sale_price_eur":"","smort_restorder":"","shipmondo_restorder":"","_kad_blocks_custom_css":"","_kad_blocks_head_custom_js":"","_kad_blocks_body_custom_js":"","_kad_blocks_footer_custom_js":"","smort_custom_pricelist_1":"380.8","smort_custom_pricelist_2":"333.2","smort_custom_pricelist_3":"309.4","smort_custom_pricelist_4":"476","smort_custom_pricelist_5":"333.2"},"anvandningsomrade":[],"bilmarken":[],"product_brand":[108],"product_cat":[2579,2587,934,1061],"product_tag":[],"class_list":{"0":"post-24862","1":"product","2":"type-product","3":"status-publish","4":"has-post-thumbnail","6":"product_brand-osram","7":"product_cat-blixtljus-varningsljus","8":"product_cat-blixtljus-varningsljus-varningsljus","9":"product_cat-blixtljus","10":"product_cat-varningsljus","11":"pa_fargtemperatur-amber-1900k","12":"pa_fuktskydd-varde-ipxx-ip65","13":"pa_volt-v-159","14":"pa_volt-v-160","16":"first","17":"instock","18":"taxable","19":"shipping-taxable","20":"purchasable","21":"product-type-simple"},"bundled_by":[],"bundle_stock_status":"instock","bundle_stock_quantity":5,"bundle_virtual":false,"bundle_layout":"","bundle_add_to_cart_form_location":"","bundle_editable_in_cart":false,"bundle_sold_individually_context":"","bundle_item_grouping":"","bundle_min_size":"","bundle_max_size":"","bundle_price":[],"bundled_items":[],"bundle_sell_ids":[],"acf":[],"yoast_head":"<!-- This site is optimized with the Yoast SEO plugin v27.0 - https:\/\/yoast.com\/product\/yoast-seo-wordpress\/ -->\n<title>OSRAM LIGHTsignal LED BEACON LIGHT - Xenonkungen<\/title>\n<meta name=\"robots\" content=\"index, follow, max-snippet:-1, max-image-preview:large, max-video-preview:-1\" \/>\n<link rel=\"canonical\" href=\"https:\/\/xenonkungen.com\/fi\/tuote\/osram-lightsignal-led-majakka\/\" \/>\n<meta property=\"og:locale\" content=\"fi_FI\" \/>\n<meta property=\"og:type\" content=\"article\" \/>\n<meta property=\"og:title\" content=\"OSRAM LIGHTsignal LED BEACON LIGHT - Xenonkungen\" \/>\n<meta property=\"og:description\" content=\"Ljus \u00e4r s\u00e4kerhet \u2013 se och bli sedd med OSRAM OSRAM LIGHTsignal LED BEACON LIGHT \u00e4r en kraftfull 360\u00b0 roterande gul LED-varningslampa utvecklad f\u00f6r att skapa maximal uppm\u00e4rksamhet och \u00f6kad s\u00e4kerhet i b\u00e5de trafikmilj\u00f6er och kr\u00e4vande arbetsomr\u00e5den. Den \u00e4r avsedd f\u00f6r fordon med ovanlig bredd, l\u00e4ngd eller last samt f\u00f6r kommunala fordon, r\u00e4ddningsfordon, service- och [&hellip;]\" \/>\n<meta property=\"og:url\" content=\"https:\/\/xenonkungen.com\/fi\/tuote\/osram-lightsignal-led-majakka\/\" \/>\n<meta property=\"og:site_name\" content=\"Xenonkungen\" \/>\n<meta property=\"article:modified_time\" content=\"2026-04-24T16:43:52+00:00\" \/>\n<meta property=\"og:image\" content=\"https:\/\/xenonkungen.com\/wp-content\/uploads\/2026\/01\/Small-for-web-and-ppt-BeaconLED1.jpg\" \/>\n\t<meta property=\"og:image:width\" content=\"1024\" \/>\n\t<meta property=\"og:image:height\" content=\"576\" \/>\n\t<meta property=\"og:image:type\" content=\"image\/jpeg\" \/>\n<meta name=\"twitter:card\" content=\"summary_large_image\" \/>\n<meta name=\"twitter:label1\" content=\"Arvioitu lukuaika\" \/>\n\t<meta name=\"twitter:data1\" content=\"3 minuuttia\" \/>\n<script type=\"application\/ld+json\" class=\"yoast-schema-graph\">{\"@context\":\"https:\/\/schema.org\",\"@graph\":[{\"@type\":\"WebPage\",\"@id\":\"https:\/\/xenonkungen.com\/produkt\/osram-lightsignal-led-beacon-light\/\",\"url\":\"https:\/\/xenonkungen.com\/produkt\/osram-lightsignal-led-beacon-light\/\",\"name\":\"OSRAM LIGHTsignal LED BEACON LIGHT - Xenonkungen\",\"isPartOf\":{\"@id\":\"https:\/\/xenonkungen.com\/#website\"},\"primaryImageOfPage\":{\"@id\":\"https:\/\/xenonkungen.com\/produkt\/osram-lightsignal-led-beacon-light\/#primaryimage\"},\"image\":{\"@id\":\"https:\/\/xenonkungen.com\/produkt\/osram-lightsignal-led-beacon-light\/#primaryimage\"},\"thumbnailUrl\":\"https:\/\/xenonkungen.com\/wp-content\/uploads\/2026\/01\/Small-for-web-and-ppt-BeaconLED1.jpg\",\"datePublished\":\"2026-01-21T12:52:25+00:00\",\"dateModified\":\"2026-04-24T16:43:52+00:00\",\"breadcrumb\":{\"@id\":\"https:\/\/xenonkungen.com\/produkt\/osram-lightsignal-led-beacon-light\/#breadcrumb\"},\"inLanguage\":\"fi\",\"potentialAction\":[{\"@type\":\"ReadAction\",\"target\":[\"https:\/\/xenonkungen.com\/produkt\/osram-lightsignal-led-beacon-light\/\"]}]},{\"@type\":\"ImageObject\",\"inLanguage\":\"fi\",\"@id\":\"https:\/\/xenonkungen.com\/produkt\/osram-lightsignal-led-beacon-light\/#primaryimage\",\"url\":\"https:\/\/xenonkungen.com\/wp-content\/uploads\/2026\/01\/Small-for-web-and-ppt-BeaconLED1.jpg\",\"contentUrl\":\"https:\/\/xenonkungen.com\/wp-content\/uploads\/2026\/01\/Small-for-web-and-ppt-BeaconLED1.jpg\",\"width\":1024,\"height\":576},{\"@type\":\"BreadcrumbList\",\"@id\":\"https:\/\/xenonkungen.com\/produkt\/osram-lightsignal-led-beacon-light\/#breadcrumb\",\"itemListElement\":[{\"@type\":\"ListItem\",\"position\":1,\"name\":\"Hem\",\"item\":\"https:\/\/xenonkungen.com\/\"},{\"@type\":\"ListItem\",\"position\":2,\"name\":\"Shop\",\"item\":\"https:\/\/xenonkungen.com\/shop\/\"},{\"@type\":\"ListItem\",\"position\":3,\"name\":\"OSRAM LIGHTsignal LED BEACON LIGHT\"}]},{\"@type\":\"WebSite\",\"@id\":\"https:\/\/xenonkungen.com\/#website\",\"url\":\"https:\/\/xenonkungen.com\/\",\"name\":\"Xenonkungen\",\"description\":\"\",\"potentialAction\":[{\"@type\":\"SearchAction\",\"target\":{\"@type\":\"EntryPoint\",\"urlTemplate\":\"https:\/\/xenonkungen.com\/?s={search_term_string}\"},\"query-input\":{\"@type\":\"PropertyValueSpecification\",\"valueRequired\":true,\"valueName\":\"search_term_string\"}}],\"inLanguage\":\"fi\"}]}<\/script>\n<!-- \/ Yoast SEO plugin. -->","yoast_head_json":{"title":"OSRAM LIGHTsignal LED -MAJAKKA - Ksenonkuningas","robots":{"index":"index","follow":"follow","max-snippet":"max-snippet:-1","max-image-preview":"max-image-preview:large","max-video-preview":"max-video-preview:-1"},"canonical":"https:\/\/xenonkungen.com\/fi\/tuote\/osram-lightsignal-led-majakka\/","og_locale":"fi_FI","og_type":"article","og_title":"OSRAM LIGHTsignal LED BEACON LIGHT - Xenonkungen","og_description":"Ljus \u00e4r s\u00e4kerhet \u2013 se och bli sedd med OSRAM OSRAM LIGHTsignal LED BEACON LIGHT \u00e4r en kraftfull 360\u00b0 roterande gul LED-varningslampa utvecklad f\u00f6r att skapa maximal uppm\u00e4rksamhet och \u00f6kad s\u00e4kerhet i b\u00e5de trafikmilj\u00f6er och kr\u00e4vande arbetsomr\u00e5den. Den \u00e4r avsedd f\u00f6r fordon med ovanlig bredd, l\u00e4ngd eller last samt f\u00f6r kommunala fordon, r\u00e4ddningsfordon, service- och [&hellip;]","og_url":"https:\/\/xenonkungen.com\/fi\/tuote\/osram-lightsignal-led-majakka\/","og_site_name":"Xenonkungen","article_modified_time":"2026-04-24T16:43:52+00:00","og_image":[{"width":1024,"height":576,"url":"https:\/\/xenonkungen.com\/wp-content\/uploads\/2026\/01\/Small-for-web-and-ppt-BeaconLED1.jpg","type":"image\/jpeg"}],"twitter_card":"summary_large_image","twitter_misc":{"Arvioitu lukuaika":"3 minuuttia"},"schema":{"@context":"https:\/\/schema.org","@graph":[{"@type":"WebPage","@id":"https:\/\/xenonkungen.com\/produkt\/osram-lightsignal-led-beacon-light\/","url":"https:\/\/xenonkungen.com\/produkt\/osram-lightsignal-led-beacon-light\/","name":"OSRAM LIGHTsignal LED -MAJAKKA - Ksenonkuningas","isPartOf":{"@id":"https:\/\/xenonkungen.com\/#website"},"primaryImageOfPage":{"@id":"https:\/\/xenonkungen.com\/produkt\/osram-lightsignal-led-beacon-light\/#primaryimage"},"image":{"@id":"https:\/\/xenonkungen.com\/produkt\/osram-lightsignal-led-beacon-light\/#primaryimage"},"thumbnailUrl":"https:\/\/xenonkungen.com\/wp-content\/uploads\/2026\/01\/Small-for-web-and-ppt-BeaconLED1.jpg","datePublished":"2026-01-21T12:52:25+00:00","dateModified":"2026-04-24T16:43:52+00:00","breadcrumb":{"@id":"https:\/\/xenonkungen.com\/produkt\/osram-lightsignal-led-beacon-light\/#breadcrumb"},"inLanguage":"fi","potentialAction":[{"@type":"ReadAction","target":["https:\/\/xenonkungen.com\/produkt\/osram-lightsignal-led-beacon-light\/"]}]},{"@type":"ImageObject","inLanguage":"fi","@id":"https:\/\/xenonkungen.com\/produkt\/osram-lightsignal-led-beacon-light\/#primaryimage","url":"https:\/\/xenonkungen.com\/wp-content\/uploads\/2026\/01\/Small-for-web-and-ppt-BeaconLED1.jpg","contentUrl":"https:\/\/xenonkungen.com\/wp-content\/uploads\/2026\/01\/Small-for-web-and-ppt-BeaconLED1.jpg","width":1024,"height":576},{"@type":"BreadcrumbList","@id":"https:\/\/xenonkungen.com\/produkt\/osram-lightsignal-led-beacon-light\/#breadcrumb","itemListElement":[{"@type":"ListItem","position":1,"name":"Hem","item":"https:\/\/xenonkungen.com\/"},{"@type":"ListItem","position":2,"name":"Shop","item":"https:\/\/xenonkungen.com\/shop\/"},{"@type":"ListItem","position":3,"name":"OSRAM LIGHTsignal LED BEACON LIGHT"}]},{"@type":"WebSite","@id":"https:\/\/xenonkungen.com\/#website","url":"https:\/\/xenonkungen.com\/","name":"Xenonkungen","description":"","potentialAction":[{"@type":"SearchAction","target":{"@type":"EntryPoint","urlTemplate":"https:\/\/xenonkungen.com\/?s={search_term_string}"},"query-input":{"@type":"PropertyValueSpecification","valueRequired":true,"valueName":"search_term_string"}}],"inLanguage":"fi"}]}},"taxonomy_info":{"product_brand":[{"value":108,"label":"OSRAM"}],"product_cat":[{"value":2579,"label":"Blixtljus\/Varningsljus"},{"value":2587,"label":"Blixtljus\/Varningsljus"},{"value":934,"label":"Blixtljus"},{"value":1061,"label":"Varningsljus"}],"pa_fargtemperatur":[{"value":1986,"label":"Amber 1900K"}],"pa_fuktskydd-varde-ipxx":[{"value":520,"label":"IP65"}],"pa_volt-v":[{"value":159,"label":"12"},{"value":160,"label":"24"}]},"featured_image_src_large":["https:\/\/xenonkungen.com\/wp-content\/uploads\/2026\/01\/Small-for-web-and-ppt-BeaconLED1.jpg",1024,576,false],"author_info":[],"comment_info":0,"_links":{"self":[{"href":"https:\/\/xenonkungen.com\/fi\/wp-json\/wp\/v2\/product\/24862","targetHints":{"allow":["GET"]}}],"collection":[{"href":"https:\/\/xenonkungen.com\/fi\/wp-json\/wp\/v2\/product"}],"about":[{"href":"https:\/\/xenonkungen.com\/fi\/wp-json\/wp\/v2\/types\/product"}],"replies":[{"embeddable":true,"href":"https:\/\/xenonkungen.com\/fi\/wp-json\/wp\/v2\/comments?post=24862"}],"wp:featuredmedia":[{"embeddable":true,"href":"https:\/\/xenonkungen.com\/fi\/wp-json\/wp\/v2\/media\/24869"}],"wp:attachment":[{"href":"https:\/\/xenonkungen.com\/fi\/wp-json\/wp\/v2\/media?parent=24862"}],"wp:term":[{"taxonomy":"anvandningsomrade","embeddable":true,"href":"https:\/\/xenonkungen.com\/fi\/wp-json\/wp\/v2\/anvandningsomrade?post=24862"},{"taxonomy":"bilmarken","embeddable":true,"href":"https:\/\/xenonkungen.com\/fi\/wp-json\/wp\/v2\/bilmarken?post=24862"},{"taxonomy":"product_brand","embeddable":true,"href":"https:\/\/xenonkungen.com\/fi\/wp-json\/wp\/v2\/product_brand?post=24862"},{"taxonomy":"product_cat","embeddable":true,"href":"https:\/\/xenonkungen.com\/fi\/wp-json\/wp\/v2\/product_cat?post=24862"},{"taxonomy":"product_tag","embeddable":true,"href":"https:\/\/xenonkungen.com\/fi\/wp-json\/wp\/v2\/product_tag?post=24862"}],"curies":[{"name":"wp","href":"https:\/\/api.w.org\/{rel}","templated":true}]}}