{"id":24879,"date":"2026-01-21T14:12:26","date_gmt":"2026-01-21T13:12:26","guid":{"rendered":"https:\/\/xenonkungen.com\/?post_type=product&#038;p=24879"},"modified":"2026-04-24T17:43:37","modified_gmt":"2026-04-24T16:43:37","slug":"osram-kaynnistyskaapeli-150a-pussi","status":"publish","type":"product","link":"https:\/\/xenonkungen.com\/fi\/tuote\/osram-kaynnistyskaapeli-150a-pussi\/","title":{"rendered":"OSRAM STARTERkaapeli 150A (pussi)"},"content":{"rendered":"<h3 data-start=\"342\" data-end=\"439\">OSRAM BATTERYStart PROFESSIONAL 150A -k\u00e4ynnistyskaapelit \u2013 luotettava k\u00e4ynnistyskaapeli autoille ja moottoripy\u00f6rille<\/h3>\n<p data-start=\"441\" data-end=\"749\"><strong data-start=\"441\" data-end=\"494\">OSRAM BATTERYStart AMMATTIMAINEN STARTER-kaapeli 150A<\/strong> on korkealaatuinen apuk\u00e4ynnistin niille, jotka tarvitsevat turvallisen ja tehokkaan ratkaisun auton akun tyhjentyess\u00e4. N\u00e4m\u00e4 apuk\u00e4ynnistyslaitteet on kehitetty sek\u00e4 yksityis- ett\u00e4 ammattik\u00e4ytt\u00f6\u00f6n, ja ne sopivat moottoripy\u00f6rille, henkil\u00f6autoille ja kevyemmille bensiinimoottoriajoneuvoille.<\/p>\n<p data-start=\"751\" data-end=\"1018\">OSRAM-k\u00e4ynnistyskaapeleiden avulla voit nopeasti ja helposti siirt\u00e4\u00e4 virtaa avunantaja-ajoneuvosta vastaanottavaan ajoneuvoon ja jatkaa liikkeellel\u00e4ht\u00f6\u00e4 vaivattomasti. Hyvin harkitun rakenteensa ja kest\u00e4vien materiaaliensa ansiosta k\u00e4ynnistyskaapelit tarjoavat vakaan suorituskyvyn silloin, kun sit\u00e4 todella tarvitaan.<\/p>\n<p data-start=\"1020\" data-end=\"1457\">K\u00e4ynnistysjohdot on valmistettu kuparip\u00e4\u00e4llysteisest\u00e4 alumiinista, mik\u00e4 tarjoaa alhaisen s\u00e4hk\u00f6vastuksen ja varmistaa sujuvan ja tehokkaan tehonsiirron. 2,5 metrin pituisena ja 6 mm\u00b2:n poikkileikkauspinta-alanaan k\u00e4ynnistysjohto sopii enint\u00e4\u00e4n 1,6 litran iskutilavuuksisille bensiinimoottoreille. Se kest\u00e4\u00e4 jopa 150 A:n huippuvirran ja 75 A:n jatkuvan virran, joten se sopii erinomaisesti auton k\u00e4ynnistysjohdoksi jokap\u00e4iv\u00e4isiin tilanteisiin.<\/p>\n<p data-start=\"1459\" data-end=\"1825\">OSRAM BATTERYstart PROFESSIONAL STARTERcable 150A on yhteensopiva sek\u00e4 6 V:n ett\u00e4 12 V:n j\u00e4rjestelmien kanssa ja sit\u00e4 voidaan k\u00e4ytt\u00e4\u00e4 useissa erityyppisiss\u00e4 ajoneuvoissa. Turvallisuuden lis\u00e4\u00e4miseksi kaapelit on koteloitu joustavaan ja kest\u00e4v\u00e4\u00e4n PVC:hen, ja eristetyt puristimet suojaavat vahingossa tapahtuvalta kosketukselta. Kaapeleiden ja puristimien selke\u00e4t v\u00e4rikoodaukset v\u00e4hent\u00e4v\u00e4t positiivisen ja negatiivisen navan v\u00e4lisen virheellisen liit\u00e4nn\u00e4n riski\u00e4.<\/p>\n<p data-start=\"1827\" data-end=\"2047\">Mukana tulevat k\u00e4ynnistysjohdot toimitetaan k\u00e4yt\u00e4nn\u00f6llisess\u00e4 s\u00e4ilytyspussissa, jossa ne on helppo s\u00e4ilytt\u00e4\u00e4 autossa viem\u00e4tt\u00e4 turhaa tilaa. K\u00e4ytt\u00f6ohje on kiinnitetty pussin takaosaan ja on aina helposti saatavilla tarvittaessa.<\/p>\n<p data-start=\"2049\" data-end=\"2188\">2 vuoden takuulla alkaen <strong data-start=\"2072\" data-end=\"2113\"><span class=\"hover:entity-accent entity-underline inline cursor-pointer align-baseline\"><span class=\"whitespace-normal\">OSRAM<\/span><\/span><\/strong> Saat k\u00e4ynnistyskaapelin, joka yhdist\u00e4\u00e4 laadun, turvallisuuden ja pitk\u00e4n k\u00e4ytt\u00f6i\u00e4n.<\/p>\n<h3 data-start=\"2190\" data-end=\"2212\">T\u00e4rkeit\u00e4 ominaisuuksia<\/h3>\n<ul data-start=\"2213\" data-end=\"2581\">\n<li data-start=\"2213\" data-end=\"2251\">\n<p data-start=\"2215\" data-end=\"2251\">Autojen ja moottoripy\u00f6rien k\u00e4ynnistysapulaitteet<\/p>\n<\/li>\n<li data-start=\"2252\" data-end=\"2280\">\n<p data-start=\"2254\" data-end=\"2280\">Huippuvirta jopa 150 A<\/p>\n<\/li>\n<li data-start=\"2281\" data-end=\"2314\">\n<p data-start=\"2283\" data-end=\"2314\">Jatkuva virta 75 A<\/p>\n<\/li>\n<li data-start=\"2315\" data-end=\"2355\">\n<p data-start=\"2317\" data-end=\"2355\">Enint\u00e4\u00e4n 1,6 litran bensiinimoottoreille<\/p>\n<\/li>\n<li data-start=\"2356\" data-end=\"2380\">\n<p data-start=\"2358\" data-end=\"2380\">Kaapelin pituus 2,5 metri\u00e4<\/p>\n<\/li>\n<li data-start=\"2381\" data-end=\"2405\">\n<p data-start=\"2383\" data-end=\"2405\">Poikkileikkauspinta-ala 6 mm\u00b2<\/p>\n<\/li>\n<li data-start=\"2406\" data-end=\"2461\">\n<p data-start=\"2408\" data-end=\"2461\">Kuparipinnoitettu alumiini tehokkaaseen voimansiirtoon<\/p>\n<\/li>\n<li data-start=\"2462\" data-end=\"2493\">\n<p data-start=\"2464\" data-end=\"2493\">Yhteensopiva 6 V:n ja 12 V:n kanssa<\/p>\n<\/li>\n<li data-start=\"2494\" data-end=\"2537\">\n<p data-start=\"2496\" data-end=\"2537\">Eristetyt puristimet ja v\u00e4rikoodatut kaapelit<\/p>\n<\/li>\n<li data-start=\"2538\" data-end=\"2563\">\n<p data-start=\"2540\" data-end=\"2563\">S\u00e4ilytyspussi sis\u00e4ltyy hintaan<\/p>\n<\/li>\n<li data-start=\"2564\" data-end=\"2581\">\n<p data-start=\"2566\" data-end=\"2581\">2 vuoden takuu<\/p>\n<\/li>\n<\/ul>","protected":false},"excerpt":{"rendered":"<p>Startkablar OSRAM BATTERYstart PROFESSIONAL 150A \u2013 p\u00e5litlig startkabel f\u00f6r bil och motorcykel OSRAM BATTERYstart PROFESSIONAL STARTERcable 150A \u00e4r en h\u00f6gkvalitativ startkabel f\u00f6r dig som beh\u00f6ver en s\u00e4ker och effektiv l\u00f6sning n\u00e4r bilbatteriet \u00e4r urladdat. Dessa startkablar \u00e4r utvecklade f\u00f6r b\u00e5de privat och professionellt bruk och passar motorcyklar, personbilar och l\u00e4ttare fordon med bensinmotor. Med OSRAMs [&hellip;]<\/p>","protected":false},"featured_media":24882,"comment_status":"open","ping_status":"closed","template":"","meta":{"_acf_changed":false,"_smort_price_nok":"159","_smort_price_dkk":"","_smort_price_eur":"","_smort_sale_price_nok":"","_smort_sale_price_dkk":"","_smort_sale_price_eur":"","smort_restorder":"","shipmondo_restorder":"","_kad_blocks_custom_css":"","_kad_blocks_head_custom_js":"","_kad_blocks_body_custom_js":"","_kad_blocks_footer_custom_js":"","smort_custom_pricelist_1":"95.36","smort_custom_pricelist_2":"83.44","smort_custom_pricelist_3":"77.48","smort_custom_pricelist_4":"119.2","smort_custom_pricelist_5":"83.44"},"anvandningsomrade":[],"bilmarken":[],"product_brand":[108],"product_cat":[377],"product_tag":[],"class_list":{"0":"post-24879","1":"product","2":"type-product","3":"status-publish","4":"has-post-thumbnail","6":"product_brand-osram","7":"product_cat-biltillbehor","9":"first","10":"onbackorder","11":"taxable","12":"shipping-taxable","13":"purchasable","14":"product-type-simple"},"bundled_by":[],"bundle_stock_status":"onbackorder","bundle_stock_quantity":0,"bundle_virtual":false,"bundle_layout":"","bundle_add_to_cart_form_location":"","bundle_editable_in_cart":false,"bundle_sold_individually_context":"","bundle_item_grouping":"","bundle_min_size":"","bundle_max_size":"","bundle_price":[],"bundled_items":[],"bundle_sell_ids":[],"acf":[],"yoast_head":"<!-- This site is optimized with the Yoast SEO plugin v27.0 - https:\/\/yoast.com\/product\/yoast-seo-wordpress\/ -->\n<title>OSRAM STARTERcable 150A (BAG) - Xenonkungen<\/title>\n<meta name=\"robots\" content=\"index, follow, max-snippet:-1, max-image-preview:large, max-video-preview:-1\" \/>\n<link rel=\"canonical\" href=\"https:\/\/xenonkungen.com\/fi\/tuote\/osram-kaynnistyskaapeli-150a-pussi\/\" \/>\n<meta property=\"og:locale\" content=\"fi_FI\" \/>\n<meta property=\"og:type\" content=\"article\" \/>\n<meta property=\"og:title\" content=\"OSRAM STARTERcable 150A (BAG) - Xenonkungen\" \/>\n<meta property=\"og:description\" content=\"Startkablar OSRAM BATTERYstart PROFESSIONAL 150A \u2013 p\u00e5litlig startkabel f\u00f6r bil och motorcykel OSRAM BATTERYstart PROFESSIONAL STARTERcable 150A \u00e4r en h\u00f6gkvalitativ startkabel f\u00f6r dig som beh\u00f6ver en s\u00e4ker och effektiv l\u00f6sning n\u00e4r bilbatteriet \u00e4r urladdat. Dessa startkablar \u00e4r utvecklade f\u00f6r b\u00e5de privat och professionellt bruk och passar motorcyklar, personbilar och l\u00e4ttare fordon med bensinmotor. Med OSRAMs [&hellip;]\" \/>\n<meta property=\"og:url\" content=\"https:\/\/xenonkungen.com\/fi\/tuote\/osram-kaynnistyskaapeli-150a-pussi\/\" \/>\n<meta property=\"og:site_name\" content=\"Xenonkungen\" \/>\n<meta property=\"article:modified_time\" content=\"2026-04-24T16:43:37+00:00\" \/>\n<meta property=\"og:image\" content=\"https:\/\/xenonkungen.com\/wp-content\/uploads\/2026\/01\/Small-for-web-and-ppt-PI_ARF-2021-01596_BATTERYstart_STARTER_CABLE_150A_OSC060.jpg\" \/>\n\t<meta property=\"og:image:width\" content=\"1024\" \/>\n\t<meta property=\"og:image:height\" content=\"1024\" \/>\n\t<meta property=\"og:image:type\" content=\"image\/jpeg\" \/>\n<meta name=\"twitter:card\" content=\"summary_large_image\" \/>\n<meta name=\"twitter:label1\" content=\"Arvioitu lukuaika\" \/>\n\t<meta name=\"twitter:data1\" content=\"2 minuuttia\" \/>\n<script type=\"application\/ld+json\" class=\"yoast-schema-graph\">{\"@context\":\"https:\/\/schema.org\",\"@graph\":[{\"@type\":\"WebPage\",\"@id\":\"https:\/\/xenonkungen.com\/produkt\/osram-startercable-150a-bag\/\",\"url\":\"https:\/\/xenonkungen.com\/produkt\/osram-startercable-150a-bag\/\",\"name\":\"OSRAM STARTERcable 150A (BAG) - Xenonkungen\",\"isPartOf\":{\"@id\":\"https:\/\/xenonkungen.com\/#website\"},\"primaryImageOfPage\":{\"@id\":\"https:\/\/xenonkungen.com\/produkt\/osram-startercable-150a-bag\/#primaryimage\"},\"image\":{\"@id\":\"https:\/\/xenonkungen.com\/produkt\/osram-startercable-150a-bag\/#primaryimage\"},\"thumbnailUrl\":\"https:\/\/xenonkungen.com\/wp-content\/uploads\/2026\/01\/Small-for-web-and-ppt-PI_ARF-2021-01596_BATTERYstart_STARTER_CABLE_150A_OSC060.jpg\",\"datePublished\":\"2026-01-21T13:12:26+00:00\",\"dateModified\":\"2026-04-24T16:43:37+00:00\",\"breadcrumb\":{\"@id\":\"https:\/\/xenonkungen.com\/produkt\/osram-startercable-150a-bag\/#breadcrumb\"},\"inLanguage\":\"fi\",\"potentialAction\":[{\"@type\":\"ReadAction\",\"target\":[\"https:\/\/xenonkungen.com\/produkt\/osram-startercable-150a-bag\/\"]}]},{\"@type\":\"ImageObject\",\"inLanguage\":\"fi\",\"@id\":\"https:\/\/xenonkungen.com\/produkt\/osram-startercable-150a-bag\/#primaryimage\",\"url\":\"https:\/\/xenonkungen.com\/wp-content\/uploads\/2026\/01\/Small-for-web-and-ppt-PI_ARF-2021-01596_BATTERYstart_STARTER_CABLE_150A_OSC060.jpg\",\"contentUrl\":\"https:\/\/xenonkungen.com\/wp-content\/uploads\/2026\/01\/Small-for-web-and-ppt-PI_ARF-2021-01596_BATTERYstart_STARTER_CABLE_150A_OSC060.jpg\",\"width\":1024,\"height\":1024},{\"@type\":\"BreadcrumbList\",\"@id\":\"https:\/\/xenonkungen.com\/produkt\/osram-startercable-150a-bag\/#breadcrumb\",\"itemListElement\":[{\"@type\":\"ListItem\",\"position\":1,\"name\":\"Hem\",\"item\":\"https:\/\/xenonkungen.com\/\"},{\"@type\":\"ListItem\",\"position\":2,\"name\":\"Shop\",\"item\":\"https:\/\/xenonkungen.com\/shop\/\"},{\"@type\":\"ListItem\",\"position\":3,\"name\":\"OSRAM STARTERcable 150A (BAG)\"}]},{\"@type\":\"WebSite\",\"@id\":\"https:\/\/xenonkungen.com\/#website\",\"url\":\"https:\/\/xenonkungen.com\/\",\"name\":\"Xenonkungen\",\"description\":\"\",\"potentialAction\":[{\"@type\":\"SearchAction\",\"target\":{\"@type\":\"EntryPoint\",\"urlTemplate\":\"https:\/\/xenonkungen.com\/?s={search_term_string}\"},\"query-input\":{\"@type\":\"PropertyValueSpecification\",\"valueRequired\":true,\"valueName\":\"search_term_string\"}}],\"inLanguage\":\"fi\"}]}<\/script>\n<!-- \/ Yoast SEO plugin. -->","yoast_head_json":{"title":"OSRAM STARTERkaapeli 150A (pussi) - Xenonkuningas","robots":{"index":"index","follow":"follow","max-snippet":"max-snippet:-1","max-image-preview":"max-image-preview:large","max-video-preview":"max-video-preview:-1"},"canonical":"https:\/\/xenonkungen.com\/fi\/tuote\/osram-kaynnistyskaapeli-150a-pussi\/","og_locale":"fi_FI","og_type":"article","og_title":"OSRAM STARTERcable 150A (BAG) - Xenonkungen","og_description":"Startkablar OSRAM BATTERYstart PROFESSIONAL 150A \u2013 p\u00e5litlig startkabel f\u00f6r bil och motorcykel OSRAM BATTERYstart PROFESSIONAL STARTERcable 150A \u00e4r en h\u00f6gkvalitativ startkabel f\u00f6r dig som beh\u00f6ver en s\u00e4ker och effektiv l\u00f6sning n\u00e4r bilbatteriet \u00e4r urladdat. Dessa startkablar \u00e4r utvecklade f\u00f6r b\u00e5de privat och professionellt bruk och passar motorcyklar, personbilar och l\u00e4ttare fordon med bensinmotor. Med OSRAMs [&hellip;]","og_url":"https:\/\/xenonkungen.com\/fi\/tuote\/osram-kaynnistyskaapeli-150a-pussi\/","og_site_name":"Xenonkungen","article_modified_time":"2026-04-24T16:43:37+00:00","og_image":[{"width":1024,"height":1024,"url":"https:\/\/xenonkungen.com\/wp-content\/uploads\/2026\/01\/Small-for-web-and-ppt-PI_ARF-2021-01596_BATTERYstart_STARTER_CABLE_150A_OSC060.jpg","type":"image\/jpeg"}],"twitter_card":"summary_large_image","twitter_misc":{"Arvioitu lukuaika":"2 minuuttia"},"schema":{"@context":"https:\/\/schema.org","@graph":[{"@type":"WebPage","@id":"https:\/\/xenonkungen.com\/produkt\/osram-startercable-150a-bag\/","url":"https:\/\/xenonkungen.com\/produkt\/osram-startercable-150a-bag\/","name":"OSRAM STARTERkaapeli 150A (pussi) - Xenonkuningas","isPartOf":{"@id":"https:\/\/xenonkungen.com\/#website"},"primaryImageOfPage":{"@id":"https:\/\/xenonkungen.com\/produkt\/osram-startercable-150a-bag\/#primaryimage"},"image":{"@id":"https:\/\/xenonkungen.com\/produkt\/osram-startercable-150a-bag\/#primaryimage"},"thumbnailUrl":"https:\/\/xenonkungen.com\/wp-content\/uploads\/2026\/01\/Small-for-web-and-ppt-PI_ARF-2021-01596_BATTERYstart_STARTER_CABLE_150A_OSC060.jpg","datePublished":"2026-01-21T13:12:26+00:00","dateModified":"2026-04-24T16:43:37+00:00","breadcrumb":{"@id":"https:\/\/xenonkungen.com\/produkt\/osram-startercable-150a-bag\/#breadcrumb"},"inLanguage":"fi","potentialAction":[{"@type":"ReadAction","target":["https:\/\/xenonkungen.com\/produkt\/osram-startercable-150a-bag\/"]}]},{"@type":"ImageObject","inLanguage":"fi","@id":"https:\/\/xenonkungen.com\/produkt\/osram-startercable-150a-bag\/#primaryimage","url":"https:\/\/xenonkungen.com\/wp-content\/uploads\/2026\/01\/Small-for-web-and-ppt-PI_ARF-2021-01596_BATTERYstart_STARTER_CABLE_150A_OSC060.jpg","contentUrl":"https:\/\/xenonkungen.com\/wp-content\/uploads\/2026\/01\/Small-for-web-and-ppt-PI_ARF-2021-01596_BATTERYstart_STARTER_CABLE_150A_OSC060.jpg","width":1024,"height":1024},{"@type":"BreadcrumbList","@id":"https:\/\/xenonkungen.com\/produkt\/osram-startercable-150a-bag\/#breadcrumb","itemListElement":[{"@type":"ListItem","position":1,"name":"Hem","item":"https:\/\/xenonkungen.com\/"},{"@type":"ListItem","position":2,"name":"Shop","item":"https:\/\/xenonkungen.com\/shop\/"},{"@type":"ListItem","position":3,"name":"OSRAM STARTERcable 150A (BAG)"}]},{"@type":"WebSite","@id":"https:\/\/xenonkungen.com\/#website","url":"https:\/\/xenonkungen.com\/","name":"Xenonkungen","description":"","potentialAction":[{"@type":"SearchAction","target":{"@type":"EntryPoint","urlTemplate":"https:\/\/xenonkungen.com\/?s={search_term_string}"},"query-input":{"@type":"PropertyValueSpecification","valueRequired":true,"valueName":"search_term_string"}}],"inLanguage":"fi"}]}},"taxonomy_info":{"product_brand":[{"value":108,"label":"OSRAM"}],"product_cat":[{"value":377,"label":"Biltillbeh\u00f6r"}]},"featured_image_src_large":["https:\/\/xenonkungen.com\/wp-content\/uploads\/2026\/01\/Small-for-web-and-ppt-PI_ARF-2021-01596_BATTERYstart_STARTER_CABLE_150A_OSC060.jpg",1024,1024,false],"author_info":[],"comment_info":0,"_links":{"self":[{"href":"https:\/\/xenonkungen.com\/fi\/wp-json\/wp\/v2\/product\/24879","targetHints":{"allow":["GET"]}}],"collection":[{"href":"https:\/\/xenonkungen.com\/fi\/wp-json\/wp\/v2\/product"}],"about":[{"href":"https:\/\/xenonkungen.com\/fi\/wp-json\/wp\/v2\/types\/product"}],"replies":[{"embeddable":true,"href":"https:\/\/xenonkungen.com\/fi\/wp-json\/wp\/v2\/comments?post=24879"}],"wp:featuredmedia":[{"embeddable":true,"href":"https:\/\/xenonkungen.com\/fi\/wp-json\/wp\/v2\/media\/24882"}],"wp:attachment":[{"href":"https:\/\/xenonkungen.com\/fi\/wp-json\/wp\/v2\/media?parent=24879"}],"wp:term":[{"taxonomy":"anvandningsomrade","embeddable":true,"href":"https:\/\/xenonkungen.com\/fi\/wp-json\/wp\/v2\/anvandningsomrade?post=24879"},{"taxonomy":"bilmarken","embeddable":true,"href":"https:\/\/xenonkungen.com\/fi\/wp-json\/wp\/v2\/bilmarken?post=24879"},{"taxonomy":"product_brand","embeddable":true,"href":"https:\/\/xenonkungen.com\/fi\/wp-json\/wp\/v2\/product_brand?post=24879"},{"taxonomy":"product_cat","embeddable":true,"href":"https:\/\/xenonkungen.com\/fi\/wp-json\/wp\/v2\/product_cat?post=24879"},{"taxonomy":"product_tag","embeddable":true,"href":"https:\/\/xenonkungen.com\/fi\/wp-json\/wp\/v2\/product_tag?post=24879"}],"curies":[{"name":"wp","href":"https:\/\/api.w.org\/{rel}","templated":true}]}}