{"id":24893,"date":"2026-01-21T15:59:00","date_gmt":"2026-01-21T14:59:00","guid":{"rendered":"https:\/\/xenonkungen.com\/?post_type=product&#038;p=24893"},"modified":"2026-04-24T17:42:13","modified_gmt":"2026-04-24T16:42:13","slug":"osram-led-tunnelmavalo-tavaratilaan","status":"publish","type":"product","link":"https:\/\/xenonkungen.com\/fi\/tuote\/osram-led-tunnelmavalo-tavaratilaan\/","title":{"rendered":"OSRAM LED-ymp\u00e4rist\u00f6n tavaratilan valo"},"content":{"rendered":"<h3 data-start=\"261\" data-end=\"346\">LED-tavaratilan valo autoon \u2013 OSRAM LEDambient Trunk Light sensorilla ja magneettikiinnikkeell\u00e4<\/h3>\n<p data-start=\"348\" data-end=\"708\"><strong data-start=\"348\" data-end=\"380\">OSRAM LED-ymp\u00e4rist\u00f6n tavaratilan valo<\/strong> on yleisk\u00e4ytt\u00f6inen LED-tavaratilan valo, joka tarjoaa tehokkaan ja tarkan valaistuksen auton tavaratilaan. Se on kehitetty niille, jotka haluavat paremman n\u00e4kyvyyden, enemm\u00e4n mukavuutta ja \u00e4lyk\u00e4st\u00e4 toimivuutta arjessa. Automaattisen syttymisen, tehokkaan LED-valon ja joustavan kiinnityksen ansiosta t\u00e4m\u00e4 on ihanteellinen ratkaisu autojen moderniin sis\u00e4valaistukseen.<\/p>\n<p data-start=\"710\" data-end=\"1083\">\u00c4lyk\u00e4s kiihtyvyys- ja valoanturi tarkoittaa, ett\u00e4 tavaratilan valo syttyy automaattisesti, kun avaat takaluukun. Valo aktivoituu v\u00e4litt\u00f6m\u00e4sti ja valaisee koko tavaratilan, joten ty\u00f6kalujen, laukkujen tai muiden varusteiden l\u00f6yt\u00e4minen on helppoa my\u00f6s pime\u00e4ss\u00e4. Lis\u00e4joustavuutta varten valoa voi k\u00e4ytt\u00e4\u00e4 my\u00f6s manuaalisesti, joten voit hallita valon k\u00e4ytt\u00f6aikaa ja -tapaa.<\/p>\n<p data-start=\"1085\" data-end=\"1456\">Jopa 6 000 kelvinin v\u00e4ril\u00e4mp\u00f6tilallaan LEDambient Trunk Light tuottaa kirkkaan, valkoisen LED-valon, joka toistaa yksityiskohdat erinomaisesti tavaratilassa. K\u00e4yt\u00e4nn\u00f6llisen 2-in-1-toimintonsa ansiosta valo ei toimi ainoastaan kiinte\u00e4n\u00e4 tavaratilan valona, vaan my\u00f6s kannettavana tarkastusvalona tai taskulamppuna, mik\u00e4 sopii t\u00e4ydellisesti auton huoltoon, h\u00e4t\u00e4tilanteisiin tai ajoneuvon ulkopuolella ty\u00f6skentelyyn.<\/p>\n<p data-start=\"1458\" data-end=\"1698\">Sis\u00e4\u00e4nrakennettu 1 500 mAh:n ladattava akku tarjoaa pitk\u00e4n k\u00e4ytt\u00f6ajan ja varmistaa, ett\u00e4 lamppu on aina k\u00e4ytt\u00f6valmis. Lataus on helppoa mukana tulevalla USB-C-kaapelilla, joten lataus onnistuu k\u00e4tev\u00e4sti sek\u00e4 kotona ett\u00e4 autossa.<\/p>\n<p data-start=\"1700\" data-end=\"1966\">Asennus on nopeaa ja helppoa. LED-ymp\u00e4rist\u00f6valo kiinnitet\u00e4\u00e4n auton sis\u00e4tilaan tehokkaalla magneetilla tai mukana tulevalla kiinnityslevyll\u00e4. Magneettikiinnitys pit\u00e4\u00e4 valon tukevasti paikallaan my\u00f6s ajon aikana ja helpottaa valon irrottamista tarvittaessa.<\/p>\n<p data-start=\"1968\" data-end=\"2214\">Korkealaatuinen, \u00e4lyk\u00e4s ja kest\u00e4v\u00e4 LED-matkatavaravalo tekee t\u00e4st\u00e4 luotettavan. <strong data-start=\"2063\" data-end=\"2104\"><span class=\"hover:entity-accent entity-underline inline cursor-pointer align-baseline\"><span class=\"whitespace-normal\">OSRAM<\/span><\/span><\/strong> tarjoaa tuotteelle kahden vuoden takuun. T\u00e4ydelliset takuuehdot l\u00f6ytyv\u00e4t OSRAMin viralliselta verkkosivustolta.<\/p>\n<h3 data-start=\"2216\" data-end=\"2248\">T\u00e4rkeit\u00e4 tietoja lyhyesti<\/h3>\n<ul data-start=\"2249\" data-end=\"2613\">\n<li data-start=\"2249\" data-end=\"2287\">\n<p data-start=\"2251\" data-end=\"2287\">Universaali LED-tavaratilan valo autoon<\/p>\n<\/li>\n<li data-start=\"2288\" data-end=\"2349\">\n<p data-start=\"2290\" data-end=\"2349\">Automaattinen sytytys anturin avulla tavaratilan luukkua avattaessa<\/p>\n<\/li>\n<li data-start=\"2350\" data-end=\"2385\">\n<p data-start=\"2352\" data-end=\"2385\">Manuaalinen ja automaattinen toiminto<\/p>\n<\/li>\n<li data-start=\"2386\" data-end=\"2425\">\n<p data-start=\"2388\" data-end=\"2425\">Jopa 6 000 kelvinin valkoinen LED-valo<\/p>\n<\/li>\n<li data-start=\"2426\" data-end=\"2474\">\n<p data-start=\"2428\" data-end=\"2474\">2-in-1-toiminto matkatavaravalona ja taskulamppuna<\/p>\n<\/li>\n<li data-start=\"2475\" data-end=\"2513\">\n<p data-start=\"2477\" data-end=\"2513\">Ladattava akku 1 500 mAh<\/p>\n<\/li>\n<li data-start=\"2514\" data-end=\"2532\">\n<p data-start=\"2516\" data-end=\"2532\">USB-C-lataus<\/p>\n<\/li>\n<li data-start=\"2533\" data-end=\"2584\">\n<p data-start=\"2535\" data-end=\"2584\">Helppo koota magneetin ja kiinnityslevyn avulla<\/p>\n<\/li>\n<li data-start=\"2585\" data-end=\"2613\">\n<p data-start=\"2587\" data-end=\"2613\">2 vuoden takuu OSRAMilta<\/p>\n<\/li>\n<\/ul>","protected":false},"excerpt":{"rendered":"<p>LED bagagelampa f\u00f6r bil \u2013 OSRAM LEDambient Trunk Light med sensor och magnetf\u00e4ste OSRAM LEDambient Trunk Light \u00e4r en universell LED-bagagelampa som ger effektiv och exakt belysning i bilens bagageutrymme. Den \u00e4r utvecklad f\u00f6r dig som vill ha b\u00e4ttre sikt, h\u00f6gre komfort och smart funktionalitet i vardagen. Med automatisk t\u00e4ndning, kraftfullt LED-ljus och flexibel montering [&hellip;]<\/p>","protected":false},"featured_media":24904,"comment_status":"open","ping_status":"closed","template":"","meta":{"_acf_changed":false,"_smort_price_nok":"1063","_smort_price_dkk":"","_smort_price_eur":"","_smort_sale_price_nok":"","_smort_sale_price_dkk":"","_smort_sale_price_eur":"","smort_restorder":"","shipmondo_restorder":"","_kad_blocks_custom_css":"","_kad_blocks_head_custom_js":"","_kad_blocks_body_custom_js":"","_kad_blocks_footer_custom_js":"","smort_custom_pricelist_1":"636.8","smort_custom_pricelist_2":"636.8","smort_custom_pricelist_3":"636.8","smort_custom_pricelist_4":"796","smort_custom_pricelist_5":"636.8"},"anvandningsomrade":[],"bilmarken":[],"product_brand":[108],"product_cat":[2586,885],"product_tag":[],"class_list":{"0":"post-24893","1":"product","2":"type-product","3":"status-publish","4":"has-post-thumbnail","6":"product_brand-osram","7":"product_cat-interiorbelysning-slap","8":"product_cat-interiorbelysning","10":"first","11":"instock","12":"taxable","13":"shipping-taxable","14":"purchasable","15":"product-type-simple"},"bundled_by":[],"bundle_stock_status":"instock","bundle_stock_quantity":2,"bundle_virtual":false,"bundle_layout":"","bundle_add_to_cart_form_location":"","bundle_editable_in_cart":false,"bundle_sold_individually_context":"","bundle_item_grouping":"","bundle_min_size":"","bundle_max_size":"","bundle_price":[],"bundled_items":[],"bundle_sell_ids":[],"acf":[],"yoast_head":"<!-- This site is optimized with the Yoast SEO plugin v27.0 - https:\/\/yoast.com\/product\/yoast-seo-wordpress\/ -->\n<title>OSRAM LEDambient Trunk Light - Xenonkungen<\/title>\n<meta name=\"robots\" content=\"index, follow, max-snippet:-1, max-image-preview:large, max-video-preview:-1\" \/>\n<link rel=\"canonical\" href=\"https:\/\/xenonkungen.com\/fi\/tuote\/osram-led-tunnelmavalo-tavaratilaan\/\" \/>\n<meta property=\"og:locale\" content=\"fi_FI\" \/>\n<meta property=\"og:type\" content=\"article\" \/>\n<meta property=\"og:title\" content=\"OSRAM LEDambient Trunk Light - Xenonkungen\" \/>\n<meta property=\"og:description\" content=\"LED bagagelampa f\u00f6r bil \u2013 OSRAM LEDambient Trunk Light med sensor och magnetf\u00e4ste OSRAM LEDambient Trunk Light \u00e4r en universell LED-bagagelampa som ger effektiv och exakt belysning i bilens bagageutrymme. Den \u00e4r utvecklad f\u00f6r dig som vill ha b\u00e4ttre sikt, h\u00f6gre komfort och smart funktionalitet i vardagen. Med automatisk t\u00e4ndning, kraftfullt LED-ljus och flexibel montering [&hellip;]\" \/>\n<meta property=\"og:url\" content=\"https:\/\/xenonkungen.com\/fi\/tuote\/osram-led-tunnelmavalo-tavaratilaan\/\" \/>\n<meta property=\"og:site_name\" content=\"Xenonkungen\" \/>\n<meta property=\"article:modified_time\" content=\"2026-04-24T16:42:13+00:00\" \/>\n<meta property=\"og:image\" content=\"https:\/\/xenonkungen.com\/wp-content\/uploads\/2026\/01\/Small-for-web-and-ppt-PI_ARF-2021-01714_LEDambient_Trunklight_LEDINT105_spacial_light_on.jpg\" \/>\n\t<meta property=\"og:image:width\" content=\"1024\" \/>\n\t<meta property=\"og:image:height\" content=\"1024\" \/>\n\t<meta property=\"og:image:type\" content=\"image\/jpeg\" \/>\n<meta name=\"twitter:card\" content=\"summary_large_image\" \/>\n<meta name=\"twitter:label1\" content=\"Arvioitu lukuaika\" \/>\n\t<meta name=\"twitter:data1\" content=\"2 minuuttia\" \/>\n<script type=\"application\/ld+json\" class=\"yoast-schema-graph\">{\"@context\":\"https:\/\/schema.org\",\"@graph\":[{\"@type\":\"WebPage\",\"@id\":\"https:\/\/xenonkungen.com\/produkt\/osram-ledambient-trunk-light\/\",\"url\":\"https:\/\/xenonkungen.com\/produkt\/osram-ledambient-trunk-light\/\",\"name\":\"OSRAM LEDambient Trunk Light - Xenonkungen\",\"isPartOf\":{\"@id\":\"https:\/\/xenonkungen.com\/#website\"},\"primaryImageOfPage\":{\"@id\":\"https:\/\/xenonkungen.com\/produkt\/osram-ledambient-trunk-light\/#primaryimage\"},\"image\":{\"@id\":\"https:\/\/xenonkungen.com\/produkt\/osram-ledambient-trunk-light\/#primaryimage\"},\"thumbnailUrl\":\"https:\/\/xenonkungen.com\/wp-content\/uploads\/2026\/01\/Small-for-web-and-ppt-PI_ARF-2021-01714_LEDambient_Trunklight_LEDINT105_spacial_light_on.jpg\",\"datePublished\":\"2026-01-21T14:59:00+00:00\",\"dateModified\":\"2026-04-24T16:42:13+00:00\",\"breadcrumb\":{\"@id\":\"https:\/\/xenonkungen.com\/produkt\/osram-ledambient-trunk-light\/#breadcrumb\"},\"inLanguage\":\"fi\",\"potentialAction\":[{\"@type\":\"ReadAction\",\"target\":[\"https:\/\/xenonkungen.com\/produkt\/osram-ledambient-trunk-light\/\"]}]},{\"@type\":\"ImageObject\",\"inLanguage\":\"fi\",\"@id\":\"https:\/\/xenonkungen.com\/produkt\/osram-ledambient-trunk-light\/#primaryimage\",\"url\":\"https:\/\/xenonkungen.com\/wp-content\/uploads\/2026\/01\/Small-for-web-and-ppt-PI_ARF-2021-01714_LEDambient_Trunklight_LEDINT105_spacial_light_on.jpg\",\"contentUrl\":\"https:\/\/xenonkungen.com\/wp-content\/uploads\/2026\/01\/Small-for-web-and-ppt-PI_ARF-2021-01714_LEDambient_Trunklight_LEDINT105_spacial_light_on.jpg\",\"width\":1024,\"height\":1024},{\"@type\":\"BreadcrumbList\",\"@id\":\"https:\/\/xenonkungen.com\/produkt\/osram-ledambient-trunk-light\/#breadcrumb\",\"itemListElement\":[{\"@type\":\"ListItem\",\"position\":1,\"name\":\"Hem\",\"item\":\"https:\/\/xenonkungen.com\/\"},{\"@type\":\"ListItem\",\"position\":2,\"name\":\"Shop\",\"item\":\"https:\/\/xenonkungen.com\/shop\/\"},{\"@type\":\"ListItem\",\"position\":3,\"name\":\"OSRAM LEDambient Trunk Light\"}]},{\"@type\":\"WebSite\",\"@id\":\"https:\/\/xenonkungen.com\/#website\",\"url\":\"https:\/\/xenonkungen.com\/\",\"name\":\"Xenonkungen\",\"description\":\"\",\"potentialAction\":[{\"@type\":\"SearchAction\",\"target\":{\"@type\":\"EntryPoint\",\"urlTemplate\":\"https:\/\/xenonkungen.com\/?s={search_term_string}\"},\"query-input\":{\"@type\":\"PropertyValueSpecification\",\"valueRequired\":true,\"valueName\":\"search_term_string\"}}],\"inLanguage\":\"fi\"}]}<\/script>\n<!-- \/ Yoast SEO plugin. -->","yoast_head_json":{"title":"OSRAM LEDambient Trunk Light - Xenon-kuningas","robots":{"index":"index","follow":"follow","max-snippet":"max-snippet:-1","max-image-preview":"max-image-preview:large","max-video-preview":"max-video-preview:-1"},"canonical":"https:\/\/xenonkungen.com\/fi\/tuote\/osram-led-tunnelmavalo-tavaratilaan\/","og_locale":"fi_FI","og_type":"article","og_title":"OSRAM LEDambient Trunk Light - Xenonkungen","og_description":"LED bagagelampa f\u00f6r bil \u2013 OSRAM LEDambient Trunk Light med sensor och magnetf\u00e4ste OSRAM LEDambient Trunk Light \u00e4r en universell LED-bagagelampa som ger effektiv och exakt belysning i bilens bagageutrymme. Den \u00e4r utvecklad f\u00f6r dig som vill ha b\u00e4ttre sikt, h\u00f6gre komfort och smart funktionalitet i vardagen. Med automatisk t\u00e4ndning, kraftfullt LED-ljus och flexibel montering [&hellip;]","og_url":"https:\/\/xenonkungen.com\/fi\/tuote\/osram-led-tunnelmavalo-tavaratilaan\/","og_site_name":"Xenonkungen","article_modified_time":"2026-04-24T16:42:13+00:00","og_image":[{"width":1024,"height":1024,"url":"https:\/\/xenonkungen.com\/wp-content\/uploads\/2026\/01\/Small-for-web-and-ppt-PI_ARF-2021-01714_LEDambient_Trunklight_LEDINT105_spacial_light_on.jpg","type":"image\/jpeg"}],"twitter_card":"summary_large_image","twitter_misc":{"Arvioitu lukuaika":"2 minuuttia"},"schema":{"@context":"https:\/\/schema.org","@graph":[{"@type":"WebPage","@id":"https:\/\/xenonkungen.com\/produkt\/osram-ledambient-trunk-light\/","url":"https:\/\/xenonkungen.com\/produkt\/osram-ledambient-trunk-light\/","name":"OSRAM LEDambient Trunk Light - Xenon-kuningas","isPartOf":{"@id":"https:\/\/xenonkungen.com\/#website"},"primaryImageOfPage":{"@id":"https:\/\/xenonkungen.com\/produkt\/osram-ledambient-trunk-light\/#primaryimage"},"image":{"@id":"https:\/\/xenonkungen.com\/produkt\/osram-ledambient-trunk-light\/#primaryimage"},"thumbnailUrl":"https:\/\/xenonkungen.com\/wp-content\/uploads\/2026\/01\/Small-for-web-and-ppt-PI_ARF-2021-01714_LEDambient_Trunklight_LEDINT105_spacial_light_on.jpg","datePublished":"2026-01-21T14:59:00+00:00","dateModified":"2026-04-24T16:42:13+00:00","breadcrumb":{"@id":"https:\/\/xenonkungen.com\/produkt\/osram-ledambient-trunk-light\/#breadcrumb"},"inLanguage":"fi","potentialAction":[{"@type":"ReadAction","target":["https:\/\/xenonkungen.com\/produkt\/osram-ledambient-trunk-light\/"]}]},{"@type":"ImageObject","inLanguage":"fi","@id":"https:\/\/xenonkungen.com\/produkt\/osram-ledambient-trunk-light\/#primaryimage","url":"https:\/\/xenonkungen.com\/wp-content\/uploads\/2026\/01\/Small-for-web-and-ppt-PI_ARF-2021-01714_LEDambient_Trunklight_LEDINT105_spacial_light_on.jpg","contentUrl":"https:\/\/xenonkungen.com\/wp-content\/uploads\/2026\/01\/Small-for-web-and-ppt-PI_ARF-2021-01714_LEDambient_Trunklight_LEDINT105_spacial_light_on.jpg","width":1024,"height":1024},{"@type":"BreadcrumbList","@id":"https:\/\/xenonkungen.com\/produkt\/osram-ledambient-trunk-light\/#breadcrumb","itemListElement":[{"@type":"ListItem","position":1,"name":"Hem","item":"https:\/\/xenonkungen.com\/"},{"@type":"ListItem","position":2,"name":"Shop","item":"https:\/\/xenonkungen.com\/shop\/"},{"@type":"ListItem","position":3,"name":"OSRAM LEDambient Trunk Light"}]},{"@type":"WebSite","@id":"https:\/\/xenonkungen.com\/#website","url":"https:\/\/xenonkungen.com\/","name":"Xenonkungen","description":"","potentialAction":[{"@type":"SearchAction","target":{"@type":"EntryPoint","urlTemplate":"https:\/\/xenonkungen.com\/?s={search_term_string}"},"query-input":{"@type":"PropertyValueSpecification","valueRequired":true,"valueName":"search_term_string"}}],"inLanguage":"fi"}]}},"taxonomy_info":{"product_brand":[{"value":108,"label":"OSRAM"}],"product_cat":[{"value":2586,"label":"Interi\u00f6rbelysning"},{"value":885,"label":"Interi\u00f6rbelysning"}]},"featured_image_src_large":["https:\/\/xenonkungen.com\/wp-content\/uploads\/2026\/01\/Small-for-web-and-ppt-PI_ARF-2021-01714_LEDambient_Trunklight_LEDINT105_spacial_light_on.jpg",1024,1024,false],"author_info":[],"comment_info":0,"_links":{"self":[{"href":"https:\/\/xenonkungen.com\/fi\/wp-json\/wp\/v2\/product\/24893","targetHints":{"allow":["GET"]}}],"collection":[{"href":"https:\/\/xenonkungen.com\/fi\/wp-json\/wp\/v2\/product"}],"about":[{"href":"https:\/\/xenonkungen.com\/fi\/wp-json\/wp\/v2\/types\/product"}],"replies":[{"embeddable":true,"href":"https:\/\/xenonkungen.com\/fi\/wp-json\/wp\/v2\/comments?post=24893"}],"wp:featuredmedia":[{"embeddable":true,"href":"https:\/\/xenonkungen.com\/fi\/wp-json\/wp\/v2\/media\/24904"}],"wp:attachment":[{"href":"https:\/\/xenonkungen.com\/fi\/wp-json\/wp\/v2\/media?parent=24893"}],"wp:term":[{"taxonomy":"anvandningsomrade","embeddable":true,"href":"https:\/\/xenonkungen.com\/fi\/wp-json\/wp\/v2\/anvandningsomrade?post=24893"},{"taxonomy":"bilmarken","embeddable":true,"href":"https:\/\/xenonkungen.com\/fi\/wp-json\/wp\/v2\/bilmarken?post=24893"},{"taxonomy":"product_brand","embeddable":true,"href":"https:\/\/xenonkungen.com\/fi\/wp-json\/wp\/v2\/product_brand?post=24893"},{"taxonomy":"product_cat","embeddable":true,"href":"https:\/\/xenonkungen.com\/fi\/wp-json\/wp\/v2\/product_cat?post=24893"},{"taxonomy":"product_tag","embeddable":true,"href":"https:\/\/xenonkungen.com\/fi\/wp-json\/wp\/v2\/product_tag?post=24893"}],"curies":[{"name":"wp","href":"https:\/\/api.w.org\/{rel}","templated":true}]}}