{"id":24973,"date":"2026-01-22T13:57:20","date_gmt":"2026-01-22T12:57:20","guid":{"rendered":"https:\/\/xenonkungen.com\/?post_type=product&#038;p=24973"},"modified":"2026-04-24T17:39:52","modified_gmt":"2026-04-24T16:39:52","slug":"night-breaker-smart-hb3-street-legal","status":"publish","type":"product","link":"https:\/\/xenonkungen.com\/fi\/tuote\/night-breaker-smart-hb3-street-legal\/","title":{"rendered":"NIGHT BREAKER SMART HB3 | Tieliikennekelpoinen"},"content":{"rendered":"<h2 data-start=\"95\" data-end=\"164\">Vaihda lailliseen LED-valoon \u2013 \u00e4lykk\u00e4\u00e4mpi, kirkkaampi ja modernimpi valo<\/h2>\n<p data-start=\"166\" data-end=\"496\"><strong data-start=\"166\" data-end=\"235\"><span class=\"hover:entity-accent entity-underline inline cursor-pointer align-baseline\"><span class=\"whitespace-normal\">OSRAM<\/span><\/span> NIGHT BREAKER LED \u00c4LYK\u00c4S HB3<\/strong> mahdollistaa p\u00e4ivityksen perinteisist\u00e4 halogeenilampuista <strong data-start=\"305\" data-end=\"337\">edistynyt, laillinen LED-teknologia<\/strong> viel\u00e4 useammassa ajoneuvossa. Kiitos <strong data-start=\"372\" data-end=\"405\">innovatiivinen, kompakti muotoilu<\/strong> ja hyvin harkitun suunnittelun ansiosta lamppu sopii useampiin ajovaloihin kuin koskaan ennen.<\/p>\n<p data-start=\"498\" data-end=\"808\">Vaihda molemmat <strong data-start=\"511\" data-end=\"535\">l\u00e4hi- ja kaukovalot<\/strong> huippuluokan LED-teknologiaan ja koe <strong data-start=\"578\" data-end=\"625\">kirkas, moderni valkoinen valo jopa 6000 K:n v\u00e4ril\u00e4mp\u00f6tilaan<\/strong>Tehokas valokuvio parantaa huomattavasti n\u00e4kyvyytt\u00e4 ja lis\u00e4\u00e4 turvallisuutta y\u00f6ll\u00e4 ajettaessa ja pit\u00e4\u00e4 vastaantulevan liikenteen h\u00e4ik\u00e4isyn minimiss\u00e4. <strong data-start=\"763\" data-end=\"807\">jopa 50 % sallittujen rajojen alapuolella<\/strong>.<\/p>\n<p data-start=\"810\" data-end=\"884\">Verrattuna perinteisiin halogeenilamppuihin, NIGHT BREAKER LED SMART tarjoaa:<\/p>\n<ul data-start=\"885\" data-end=\"1072\">\n<li data-start=\"885\" data-end=\"932\">\n<p data-start=\"887\" data-end=\"932\">\u00a0Jopa <strong data-start=\"898\" data-end=\"930\">60 % pienempi energiankulutus<\/strong><\/p>\n<\/li>\n<li data-start=\"933\" data-end=\"977\">\n<p data-start=\"935\" data-end=\"977\">\u00a0Jopa <strong data-start=\"946\" data-end=\"975\">6 kertaa pidempi k\u00e4ytt\u00f6ik\u00e4<\/strong><\/p>\n<\/li>\n<li data-start=\"978\" data-end=\"1017\">\n<p data-start=\"980\" data-end=\"1017\">\u00a0Korkea kirkkaus ja tarkka valokuvio<\/p>\n<\/li>\n<li data-start=\"1018\" data-end=\"1072\">\n<p data-start=\"1020\" data-end=\"1072\">\u00a0T\u00e4rin\u00e4nkest\u00e4v\u00e4 rakenne pitk\u00e4kestoiseen k\u00e4ytt\u00f6\u00f6n<\/p>\n<\/li>\n<\/ul>\n<p data-start=\"1074\" data-end=\"1298\">Lamput on kehitetty mm. <strong data-start=\"1101\" data-end=\"1148\">perinteisten pistorasioiden suora korvaaja<\/strong> ja on <strong data-start=\"1156\" data-end=\"1201\">hyv\u00e4ksytty k\u00e4ytett\u00e4v\u00e4ksi julkisilla teill\u00e4<\/strong> tietyiss\u00e4 ajoneuvoissa\u00b9). Lis\u00e4ksi kaikki NIGHT BREAKER LED -valot on peitetty <strong data-start=\"1277\" data-end=\"1295\">OSRAM-takuu<\/strong>\u00b2).<\/p>\n<h3 data-start=\"1300\" data-end=\"1351\">Miksi sinun kannattaa valita NIGHT BREAKER LED SMART HB3<\/h3>\n<p data-start=\"1352\" data-end=\"1534\">\u2013 Laillinen LED-p\u00e4ivitys<br data-start=\"1377\" data-end=\"1380\" \/>\u2013 Moderni valkoinen valo (6000 K)<br data-start=\"1408\" data-end=\"1411\" \/>\u2013 Minimaalinen h\u00e4ik\u00e4isy \u2013 maksimaalinen n\u00e4kyvyys<br data-start=\"1445\" data-end=\"1448\" \/>\u2013 Energiatehokas ja eritt\u00e4in kest\u00e4v\u00e4<br data-start=\"1484\" data-end=\"1487\" \/>\u2013 Sopii useampiin ajoneuvoihin kompaktin rakenteensa ansiosta<\/p>\n<p data-start=\"1536\" data-end=\"1604\"><strong data-start=\"1536\" data-end=\"1604\">Ota askel tulevaisuuteen LED-valojen avulla \u2013 turvallisesti, laillisesti ja tyylikk\u00e4\u00e4sti.<\/strong><\/p>","protected":false},"excerpt":{"rendered":"<p>Uppgradera till laglig LED \u2013 smartare, starkare och modernare ljus OSRAM NIGHT BREAKER LED SMART HB3 g\u00f6r det m\u00f6jligt att uppgradera fr\u00e5n traditionella halogenlampor till avancerad, laglig LED-teknik i \u00e4nnu fler fordon. Tack vare den innovativa, kompakta designen och den genomt\u00e4nkta konstruktionen passar lampan i fler str\u00e5lkastare \u00e4n n\u00e5gonsin tidigare. Byt upp b\u00e5de halvljus och [&hellip;]<\/p>","protected":false},"featured_media":24979,"comment_status":"open","ping_status":"closed","template":"","meta":{"_acf_changed":false,"_smort_price_nok":"2024","_smort_price_dkk":"","_smort_price_eur":"","_smort_sale_price_nok":"","_smort_sale_price_dkk":"","_smort_sale_price_eur":"","smort_restorder":"","shipmondo_restorder":"","_kad_blocks_custom_css":"","_kad_blocks_head_custom_js":"","_kad_blocks_body_custom_js":"","_kad_blocks_footer_custom_js":"","smort_custom_pricelist_1":"1212.8","smort_custom_pricelist_2":"1061.2","smort_custom_pricelist_3":"985.4","smort_custom_pricelist_4":"1516","smort_custom_pricelist_5":"1061.2"},"anvandningsomrade":[],"bilmarken":[],"product_brand":[108],"product_cat":[2451,733],"product_tag":[],"class_list":{"0":"post-24973","1":"product","2":"type-product","3":"status-publish","4":"has-post-thumbnail","6":"product_brand-osram","7":"product_cat-led-konvertering","8":"product_cat-halvljus-helljus","9":"pa_faktisk-effekts-forbrukning-1701","10":"pa_fargtemperatur-6000k","11":"pa_godkannande-abg","12":"pa_godkannande-e-markt","13":"pa_godkannande-ece","14":"pa_lampsockel-kontakt-9005-hb3","15":"pa_volt-v-159","17":"first","18":"onbackorder","19":"taxable","20":"shipping-taxable","21":"purchasable","22":"product-type-simple"},"bundled_by":[],"bundle_stock_status":"onbackorder","bundle_stock_quantity":-1,"bundle_virtual":false,"bundle_layout":"","bundle_add_to_cart_form_location":"","bundle_editable_in_cart":false,"bundle_sold_individually_context":"","bundle_item_grouping":"","bundle_min_size":"","bundle_max_size":"","bundle_price":[],"bundled_items":[],"bundle_sell_ids":[],"acf":[],"yoast_head":"<!-- This site is optimized with the Yoast SEO plugin v27.0 - https:\/\/yoast.com\/product\/yoast-seo-wordpress\/ -->\n<title>NIGHT BREAKER SMART HB3 | Street Legal - Xenonkungen<\/title>\n<meta name=\"robots\" content=\"index, follow, max-snippet:-1, max-image-preview:large, max-video-preview:-1\" \/>\n<link rel=\"canonical\" href=\"https:\/\/xenonkungen.com\/fi\/tuote\/night-breaker-smart-hb3-street-legal\/\" \/>\n<meta property=\"og:locale\" content=\"fi_FI\" \/>\n<meta property=\"og:type\" content=\"article\" \/>\n<meta property=\"og:title\" content=\"NIGHT BREAKER SMART HB3 | Street Legal - Xenonkungen\" \/>\n<meta property=\"og:description\" content=\"Uppgradera till laglig LED \u2013 smartare, starkare och modernare ljus OSRAM NIGHT BREAKER LED SMART HB3 g\u00f6r det m\u00f6jligt att uppgradera fr\u00e5n traditionella halogenlampor till avancerad, laglig LED-teknik i \u00e4nnu fler fordon. Tack vare den innovativa, kompakta designen och den genomt\u00e4nkta konstruktionen passar lampan i fler str\u00e5lkastare \u00e4n n\u00e5gonsin tidigare. Byt upp b\u00e5de halvljus och [&hellip;]\" \/>\n<meta property=\"og:url\" content=\"https:\/\/xenonkungen.com\/fi\/tuote\/night-breaker-smart-hb3-street-legal\/\" \/>\n<meta property=\"og:site_name\" content=\"Xenonkungen\" \/>\n<meta property=\"article:modified_time\" content=\"2026-04-24T16:39:52+00:00\" \/>\n<meta property=\"og:image\" content=\"https:\/\/xenonkungen.com\/wp-content\/uploads\/2026\/01\/Small-for-web-and-ppt-BS_WFPIO-403_NIGHT_BREAKER_LED_SMART_HB3_2x_Versatz_01.jpg\" \/>\n\t<meta property=\"og:image:width\" content=\"1024\" \/>\n\t<meta property=\"og:image:height\" content=\"1024\" \/>\n\t<meta property=\"og:image:type\" content=\"image\/jpeg\" \/>\n<meta name=\"twitter:card\" content=\"summary_large_image\" \/>\n<meta name=\"twitter:label1\" content=\"Arvioitu lukuaika\" \/>\n\t<meta name=\"twitter:data1\" content=\"2 minuuttia\" \/>\n<script type=\"application\/ld+json\" class=\"yoast-schema-graph\">{\"@context\":\"https:\/\/schema.org\",\"@graph\":[{\"@type\":\"WebPage\",\"@id\":\"https:\/\/xenonkungen.com\/produkt\/night-breaker-smart-hb3-street-legal\/\",\"url\":\"https:\/\/xenonkungen.com\/produkt\/night-breaker-smart-hb3-street-legal\/\",\"name\":\"NIGHT BREAKER SMART HB3 | Street Legal - Xenonkungen\",\"isPartOf\":{\"@id\":\"https:\/\/xenonkungen.com\/#website\"},\"primaryImageOfPage\":{\"@id\":\"https:\/\/xenonkungen.com\/produkt\/night-breaker-smart-hb3-street-legal\/#primaryimage\"},\"image\":{\"@id\":\"https:\/\/xenonkungen.com\/produkt\/night-breaker-smart-hb3-street-legal\/#primaryimage\"},\"thumbnailUrl\":\"https:\/\/xenonkungen.com\/wp-content\/uploads\/2026\/01\/Small-for-web-and-ppt-BS_WFPIO-403_NIGHT_BREAKER_LED_SMART_HB3_2x_Versatz_01.jpg\",\"datePublished\":\"2026-01-22T12:57:20+00:00\",\"dateModified\":\"2026-04-24T16:39:52+00:00\",\"breadcrumb\":{\"@id\":\"https:\/\/xenonkungen.com\/produkt\/night-breaker-smart-hb3-street-legal\/#breadcrumb\"},\"inLanguage\":\"fi\",\"potentialAction\":[{\"@type\":\"ReadAction\",\"target\":[\"https:\/\/xenonkungen.com\/produkt\/night-breaker-smart-hb3-street-legal\/\"]}]},{\"@type\":\"ImageObject\",\"inLanguage\":\"fi\",\"@id\":\"https:\/\/xenonkungen.com\/produkt\/night-breaker-smart-hb3-street-legal\/#primaryimage\",\"url\":\"https:\/\/xenonkungen.com\/wp-content\/uploads\/2026\/01\/Small-for-web-and-ppt-BS_WFPIO-403_NIGHT_BREAKER_LED_SMART_HB3_2x_Versatz_01.jpg\",\"contentUrl\":\"https:\/\/xenonkungen.com\/wp-content\/uploads\/2026\/01\/Small-for-web-and-ppt-BS_WFPIO-403_NIGHT_BREAKER_LED_SMART_HB3_2x_Versatz_01.jpg\",\"width\":1024,\"height\":1024},{\"@type\":\"BreadcrumbList\",\"@id\":\"https:\/\/xenonkungen.com\/produkt\/night-breaker-smart-hb3-street-legal\/#breadcrumb\",\"itemListElement\":[{\"@type\":\"ListItem\",\"position\":1,\"name\":\"Hem\",\"item\":\"https:\/\/xenonkungen.com\/\"},{\"@type\":\"ListItem\",\"position\":2,\"name\":\"Shop\",\"item\":\"https:\/\/xenonkungen.com\/shop\/\"},{\"@type\":\"ListItem\",\"position\":3,\"name\":\"NIGHT BREAKER SMART HB3 | Street Legal\"}]},{\"@type\":\"WebSite\",\"@id\":\"https:\/\/xenonkungen.com\/#website\",\"url\":\"https:\/\/xenonkungen.com\/\",\"name\":\"Xenonkungen\",\"description\":\"\",\"potentialAction\":[{\"@type\":\"SearchAction\",\"target\":{\"@type\":\"EntryPoint\",\"urlTemplate\":\"https:\/\/xenonkungen.com\/?s={search_term_string}\"},\"query-input\":{\"@type\":\"PropertyValueSpecification\",\"valueRequired\":true,\"valueName\":\"search_term_string\"}}],\"inLanguage\":\"fi\"}]}<\/script>\n<!-- \/ Yoast SEO plugin. -->","yoast_head_json":{"title":"NIGHT BREAKER SMART HB3 | Tieliikennekelpoinen - Xenon-kuningas","robots":{"index":"index","follow":"follow","max-snippet":"max-snippet:-1","max-image-preview":"max-image-preview:large","max-video-preview":"max-video-preview:-1"},"canonical":"https:\/\/xenonkungen.com\/fi\/tuote\/night-breaker-smart-hb3-street-legal\/","og_locale":"fi_FI","og_type":"article","og_title":"NIGHT BREAKER SMART HB3 | Street Legal - Xenonkungen","og_description":"Uppgradera till laglig LED \u2013 smartare, starkare och modernare ljus OSRAM NIGHT BREAKER LED SMART HB3 g\u00f6r det m\u00f6jligt att uppgradera fr\u00e5n traditionella halogenlampor till avancerad, laglig LED-teknik i \u00e4nnu fler fordon. Tack vare den innovativa, kompakta designen och den genomt\u00e4nkta konstruktionen passar lampan i fler str\u00e5lkastare \u00e4n n\u00e5gonsin tidigare. Byt upp b\u00e5de halvljus och [&hellip;]","og_url":"https:\/\/xenonkungen.com\/fi\/tuote\/night-breaker-smart-hb3-street-legal\/","og_site_name":"Xenonkungen","article_modified_time":"2026-04-24T16:39:52+00:00","og_image":[{"width":1024,"height":1024,"url":"https:\/\/xenonkungen.com\/wp-content\/uploads\/2026\/01\/Small-for-web-and-ppt-BS_WFPIO-403_NIGHT_BREAKER_LED_SMART_HB3_2x_Versatz_01.jpg","type":"image\/jpeg"}],"twitter_card":"summary_large_image","twitter_misc":{"Arvioitu lukuaika":"2 minuuttia"},"schema":{"@context":"https:\/\/schema.org","@graph":[{"@type":"WebPage","@id":"https:\/\/xenonkungen.com\/produkt\/night-breaker-smart-hb3-street-legal\/","url":"https:\/\/xenonkungen.com\/produkt\/night-breaker-smart-hb3-street-legal\/","name":"NIGHT BREAKER SMART HB3 | Tieliikennekelpoinen - Xenon-kuningas","isPartOf":{"@id":"https:\/\/xenonkungen.com\/#website"},"primaryImageOfPage":{"@id":"https:\/\/xenonkungen.com\/produkt\/night-breaker-smart-hb3-street-legal\/#primaryimage"},"image":{"@id":"https:\/\/xenonkungen.com\/produkt\/night-breaker-smart-hb3-street-legal\/#primaryimage"},"thumbnailUrl":"https:\/\/xenonkungen.com\/wp-content\/uploads\/2026\/01\/Small-for-web-and-ppt-BS_WFPIO-403_NIGHT_BREAKER_LED_SMART_HB3_2x_Versatz_01.jpg","datePublished":"2026-01-22T12:57:20+00:00","dateModified":"2026-04-24T16:39:52+00:00","breadcrumb":{"@id":"https:\/\/xenonkungen.com\/produkt\/night-breaker-smart-hb3-street-legal\/#breadcrumb"},"inLanguage":"fi","potentialAction":[{"@type":"ReadAction","target":["https:\/\/xenonkungen.com\/produkt\/night-breaker-smart-hb3-street-legal\/"]}]},{"@type":"ImageObject","inLanguage":"fi","@id":"https:\/\/xenonkungen.com\/produkt\/night-breaker-smart-hb3-street-legal\/#primaryimage","url":"https:\/\/xenonkungen.com\/wp-content\/uploads\/2026\/01\/Small-for-web-and-ppt-BS_WFPIO-403_NIGHT_BREAKER_LED_SMART_HB3_2x_Versatz_01.jpg","contentUrl":"https:\/\/xenonkungen.com\/wp-content\/uploads\/2026\/01\/Small-for-web-and-ppt-BS_WFPIO-403_NIGHT_BREAKER_LED_SMART_HB3_2x_Versatz_01.jpg","width":1024,"height":1024},{"@type":"BreadcrumbList","@id":"https:\/\/xenonkungen.com\/produkt\/night-breaker-smart-hb3-street-legal\/#breadcrumb","itemListElement":[{"@type":"ListItem","position":1,"name":"Hem","item":"https:\/\/xenonkungen.com\/"},{"@type":"ListItem","position":2,"name":"Shop","item":"https:\/\/xenonkungen.com\/shop\/"},{"@type":"ListItem","position":3,"name":"NIGHT BREAKER SMART HB3 | Street Legal"}]},{"@type":"WebSite","@id":"https:\/\/xenonkungen.com\/#website","url":"https:\/\/xenonkungen.com\/","name":"Xenonkungen","description":"","potentialAction":[{"@type":"SearchAction","target":{"@type":"EntryPoint","urlTemplate":"https:\/\/xenonkungen.com\/?s={search_term_string}"},"query-input":{"@type":"PropertyValueSpecification","valueRequired":true,"valueName":"search_term_string"}}],"inLanguage":"fi"}]}},"taxonomy_info":{"product_brand":[{"value":108,"label":"OSRAM"}],"product_cat":[{"value":2451,"label":"Led-konvertering"},{"value":733,"label":"Halvljus \/ Helljus"}],"pa_faktisk-effekts-forbrukning":[{"value":1701,"label":"21"}],"pa_fargtemperatur":[{"value":188,"label":"6000K"}],"pa_godkannande":[{"value":193,"label":"ABG"},{"value":191,"label":"E-m\u00e4rkt"},{"value":192,"label":"ECE"}],"pa_lampsockel-kontakt":[{"value":741,"label":"9005, HB3"}],"pa_volt-v":[{"value":159,"label":"12"}]},"featured_image_src_large":["https:\/\/xenonkungen.com\/wp-content\/uploads\/2026\/01\/Small-for-web-and-ppt-BS_WFPIO-403_NIGHT_BREAKER_LED_SMART_HB3_2x_Versatz_01.jpg",1024,1024,false],"author_info":[],"comment_info":0,"_links":{"self":[{"href":"https:\/\/xenonkungen.com\/fi\/wp-json\/wp\/v2\/product\/24973","targetHints":{"allow":["GET"]}}],"collection":[{"href":"https:\/\/xenonkungen.com\/fi\/wp-json\/wp\/v2\/product"}],"about":[{"href":"https:\/\/xenonkungen.com\/fi\/wp-json\/wp\/v2\/types\/product"}],"replies":[{"embeddable":true,"href":"https:\/\/xenonkungen.com\/fi\/wp-json\/wp\/v2\/comments?post=24973"}],"wp:featuredmedia":[{"embeddable":true,"href":"https:\/\/xenonkungen.com\/fi\/wp-json\/wp\/v2\/media\/24979"}],"wp:attachment":[{"href":"https:\/\/xenonkungen.com\/fi\/wp-json\/wp\/v2\/media?parent=24973"}],"wp:term":[{"taxonomy":"anvandningsomrade","embeddable":true,"href":"https:\/\/xenonkungen.com\/fi\/wp-json\/wp\/v2\/anvandningsomrade?post=24973"},{"taxonomy":"bilmarken","embeddable":true,"href":"https:\/\/xenonkungen.com\/fi\/wp-json\/wp\/v2\/bilmarken?post=24973"},{"taxonomy":"product_brand","embeddable":true,"href":"https:\/\/xenonkungen.com\/fi\/wp-json\/wp\/v2\/product_brand?post=24973"},{"taxonomy":"product_cat","embeddable":true,"href":"https:\/\/xenonkungen.com\/fi\/wp-json\/wp\/v2\/product_cat?post=24973"},{"taxonomy":"product_tag","embeddable":true,"href":"https:\/\/xenonkungen.com\/fi\/wp-json\/wp\/v2\/product_tag?post=24973"}],"curies":[{"name":"wp","href":"https:\/\/api.w.org\/{rel}","templated":true}]}}