{"id":2503,"date":"2025-04-15T08:38:32","date_gmt":"2025-04-15T08:38:32","guid":{"rendered":"https:\/\/xenonkungen.com\/product\/dt-4-kontakt-hona-set-4-pin\/"},"modified":"2026-04-10T23:51:25","modified_gmt":"2026-04-10T22:51:25","slug":"dt-4-nastainen-naarasliitinsarja-4-nastainen","status":"publish","type":"product","link":"https:\/\/xenonkungen.com\/fi\/tuote\/dt-4-nastainen-naarasliitinsarja-4-nastainen\/","title":{"rendered":"DT-4 Contact Female set | 4-PIN"},"content":{"rendered":"<h1>DT-4 Irtokoskettimet r\u00e4\u00e4t\u00e4l\u00f6ityj\u00e4 liit\u00e4nt\u00f6j\u00e4 varten<\/h1>\n<p>Jos ty\u00f6skentelet s\u00e4hk\u00f6asennusten parissa ja huomaat, ett\u00e4 johdinsarjan liittimet eiv\u00e4t sovi laitteisiisi, on olemassa yksinkertainen ratkaisu - vaihda yhteensopimattomat liittimet meid\u00e4n tuotteisiimme. <span class=\"highlight\">l\u00f6ys\u00e4t DT-4-liittimet<\/span>. Korvaamalla nykyiset liittimet uusilla, yhteensopivilla DT-4-liittimill\u00e4 varmistat, ett\u00e4 <span class=\"highlight\">vakaa ja turvallinen kytkent\u00e4<\/span> joka toimii kaikissa ymp\u00e4rist\u00f6iss\u00e4.<\/p>\n<p>DT-4 irtoliittimemme on suunniteltu tarjoamaan <span class=\"highlight\">luotettava ja vankka yhteys<\/span>, joten ne soveltuvat erinomaisesti ajoneuvoihin, teollisuussovelluksiin ja raskaisiin koneisiin. Ne on suunniteltu kest\u00e4m\u00e4\u00e4n kosteutta, likaa ja t\u00e4rin\u00e4\u00e4, joten voit luottaa siihen, ett\u00e4 yhteys toimii moitteettomasti vaativissakin olosuhteissa.<\/p>\n<h2>Jokainen sarja sis\u00e4lt\u00e4\u00e4:<\/h2>\n<ul>\n<li>1 naaras<\/li>\n<li>4 x virtanastat<\/li>\n<li>Tiivistyskumi<\/li>\n<\/ul>\n<p>N\u00e4ist\u00e4 komponenteista saat kaiken tarvittavan <span class=\"highlight\">kest\u00e4v\u00e4 ja ammattimainen asennus<\/span>, mik\u00e4 takaa optimaalisen suorituskyvyn ja luotettavuuden.<\/p>\n<p>K\u00e4ytt\u00e4m\u00e4ll\u00e4 DT-4 irtoliittimi\u00e4 saat seuraavat edut <span class=\"highlight\">t\u00e4ysi joustavuus<\/span> yhdist\u00e4\u00e4 erilaisia s\u00e4hk\u00f6laitteita ja mukauttaa asennuksen tarpeidesi mukaan - turvallisuudesta tai suorituskyvyst\u00e4 tinkim\u00e4tt\u00e4.<\/p>","protected":false},"excerpt":{"rendered":"<p>L\u00f6sa DT-4 Kontakter f\u00f6r Anpassade Anslutningar Om du arbetar med elektriska installationer och uppt\u00e4cker att kontakterna p\u00e5 kablaget inte passar din utrustning, finns en enkel l\u00f6sning \u2013 byt ut de inkompatibla kontakterna mot v\u00e5ra l\u00f6sa DT-4-kontakter. Genom att ers\u00e4tta befintliga anslutningar med nya, kompatibla DT-4-kontakter s\u00e4kerst\u00e4ller du en stabil och s\u00e4ker koppling som fungerar i [&hellip;]<\/p>","protected":false},"featured_media":2504,"comment_status":"closed","ping_status":"open","template":"","meta":{"_acf_changed":false,"_smort_price_nok":"127","_smort_price_dkk":"81","_smort_price_eur":"10.82","_smort_sale_price_nok":"","_smort_sale_price_dkk":"","_smort_sale_price_eur":"","smort_restorder":"","shipmondo_restorder":"","_kad_blocks_custom_css":"","_kad_blocks_head_custom_js":"","_kad_blocks_body_custom_js":"","_kad_blocks_footer_custom_js":"","smort_custom_pricelist_1":"66.64","smort_custom_pricelist_2":"57.12","smort_custom_pricelist_3":"47.12","smort_custom_pricelist_4":"95.2","smort_custom_pricelist_5":"57.12"},"anvandningsomrade":[],"bilmarken":[],"product_brand":[103],"product_cat":[2493,2826,2823,390],"product_tag":[],"class_list":{"0":"post-2503","1":"product","2":"type-product","3":"status-publish","4":"has-post-thumbnail","6":"product_brand-luxtar","7":"product_cat-kontakter-installation","8":"product_cat-luxtar","9":"product_cat-luxtar-ovriga-produkter","10":"product_cat-installation","11":"pa_lampsockel-kontakt-dt-4","13":"first","14":"instock","15":"taxable","16":"shipping-taxable","17":"purchasable","18":"product-type-simple"},"bundled_by":[],"bundle_stock_status":"instock","bundle_stock_quantity":85,"bundle_virtual":false,"bundle_layout":"","bundle_add_to_cart_form_location":"","bundle_editable_in_cart":false,"bundle_sold_individually_context":"","bundle_item_grouping":"","bundle_min_size":"","bundle_max_size":"","bundle_price":[],"bundled_items":[],"bundle_sell_ids":[],"acf":[],"yoast_head":"<!-- This site is optimized with the Yoast SEO plugin v27.0 - https:\/\/yoast.com\/product\/yoast-seo-wordpress\/ -->\n<title>DT-4 Kontakt Hona set | 4-PIN - Xenonkungen<\/title>\n<meta name=\"robots\" content=\"index, follow, max-snippet:-1, max-image-preview:large, max-video-preview:-1\" \/>\n<link rel=\"canonical\" href=\"https:\/\/xenonkungen.com\/fi\/tuote\/dt-4-nastainen-naarasliitinsarja-4-nastainen\/\" \/>\n<meta property=\"og:locale\" content=\"fi_FI\" \/>\n<meta property=\"og:type\" content=\"article\" \/>\n<meta property=\"og:title\" content=\"DT-4 Kontakt Hona set | 4-PIN - Xenonkungen\" \/>\n<meta property=\"og:description\" content=\"L\u00f6sa DT-4 Kontakter f\u00f6r Anpassade Anslutningar Om du arbetar med elektriska installationer och uppt\u00e4cker att kontakterna p\u00e5 kablaget inte passar din utrustning, finns en enkel l\u00f6sning \u2013 byt ut de inkompatibla kontakterna mot v\u00e5ra l\u00f6sa DT-4-kontakter. Genom att ers\u00e4tta befintliga anslutningar med nya, kompatibla DT-4-kontakter s\u00e4kerst\u00e4ller du en stabil och s\u00e4ker koppling som fungerar i [&hellip;]\" \/>\n<meta property=\"og:url\" content=\"https:\/\/xenonkungen.com\/fi\/tuote\/dt-4-nastainen-naarasliitinsarja-4-nastainen\/\" \/>\n<meta property=\"og:site_name\" content=\"Xenonkungen\" \/>\n<meta property=\"article:modified_time\" content=\"2026-04-10T22:51:25+00:00\" \/>\n<meta property=\"og:image\" content=\"https:\/\/xenonkungen.com\/wp-content\/uploads\/2025\/04\/fZtRbBKw.png\" \/>\n\t<meta property=\"og:image:width\" content=\"1250\" \/>\n\t<meta property=\"og:image:height\" content=\"1250\" \/>\n\t<meta property=\"og:image:type\" content=\"image\/png\" \/>\n<meta name=\"twitter:card\" content=\"summary_large_image\" \/>\n<meta name=\"twitter:label1\" content=\"Arvioitu lukuaika\" \/>\n\t<meta name=\"twitter:data1\" content=\"1 minuutti\" \/>\n<script type=\"application\/ld+json\" class=\"yoast-schema-graph\">{\"@context\":\"https:\/\/schema.org\",\"@graph\":[{\"@type\":\"WebPage\",\"@id\":\"https:\/\/xenonkungen.com\/produkt\/dt-4-kontakt-hona-set-4-pin\/\",\"url\":\"https:\/\/xenonkungen.com\/produkt\/dt-4-kontakt-hona-set-4-pin\/\",\"name\":\"DT-4 Kontakt Hona set | 4-PIN - Xenonkungen\",\"isPartOf\":{\"@id\":\"https:\/\/xenonkungen.com\/#website\"},\"primaryImageOfPage\":{\"@id\":\"https:\/\/xenonkungen.com\/produkt\/dt-4-kontakt-hona-set-4-pin\/#primaryimage\"},\"image\":{\"@id\":\"https:\/\/xenonkungen.com\/produkt\/dt-4-kontakt-hona-set-4-pin\/#primaryimage\"},\"thumbnailUrl\":\"https:\/\/xenonkungen.com\/wp-content\/uploads\/2025\/04\/fZtRbBKw.png\",\"datePublished\":\"2025-04-15T08:38:32+00:00\",\"dateModified\":\"2026-04-10T22:51:25+00:00\",\"breadcrumb\":{\"@id\":\"https:\/\/xenonkungen.com\/produkt\/dt-4-kontakt-hona-set-4-pin\/#breadcrumb\"},\"inLanguage\":\"fi\",\"potentialAction\":[{\"@type\":\"ReadAction\",\"target\":[\"https:\/\/xenonkungen.com\/produkt\/dt-4-kontakt-hona-set-4-pin\/\"]}]},{\"@type\":\"ImageObject\",\"inLanguage\":\"fi\",\"@id\":\"https:\/\/xenonkungen.com\/produkt\/dt-4-kontakt-hona-set-4-pin\/#primaryimage\",\"url\":\"https:\/\/xenonkungen.com\/wp-content\/uploads\/2025\/04\/fZtRbBKw.png\",\"contentUrl\":\"https:\/\/xenonkungen.com\/wp-content\/uploads\/2025\/04\/fZtRbBKw.png\",\"width\":1250,\"height\":1250},{\"@type\":\"BreadcrumbList\",\"@id\":\"https:\/\/xenonkungen.com\/produkt\/dt-4-kontakt-hona-set-4-pin\/#breadcrumb\",\"itemListElement\":[{\"@type\":\"ListItem\",\"position\":1,\"name\":\"Hem\",\"item\":\"https:\/\/xenonkungen.com\/\"},{\"@type\":\"ListItem\",\"position\":2,\"name\":\"Shop\",\"item\":\"https:\/\/xenonkungen.com\/shop\/\"},{\"@type\":\"ListItem\",\"position\":3,\"name\":\"DT-4 Kontakt Hona set | 4-PIN\"}]},{\"@type\":\"WebSite\",\"@id\":\"https:\/\/xenonkungen.com\/#website\",\"url\":\"https:\/\/xenonkungen.com\/\",\"name\":\"Xenonkungen\",\"description\":\"\",\"potentialAction\":[{\"@type\":\"SearchAction\",\"target\":{\"@type\":\"EntryPoint\",\"urlTemplate\":\"https:\/\/xenonkungen.com\/?s={search_term_string}\"},\"query-input\":{\"@type\":\"PropertyValueSpecification\",\"valueRequired\":true,\"valueName\":\"search_term_string\"}}],\"inLanguage\":\"fi\"}]}<\/script>\n<!-- \/ Yoast SEO plugin. -->","yoast_head_json":{"title":"DT-4 Naarasliitinsarja | 4-nastainen - Xenonkungen","robots":{"index":"index","follow":"follow","max-snippet":"max-snippet:-1","max-image-preview":"max-image-preview:large","max-video-preview":"max-video-preview:-1"},"canonical":"https:\/\/xenonkungen.com\/fi\/tuote\/dt-4-nastainen-naarasliitinsarja-4-nastainen\/","og_locale":"fi_FI","og_type":"article","og_title":"DT-4 Kontakt Hona set | 4-PIN - Xenonkungen","og_description":"L\u00f6sa DT-4 Kontakter f\u00f6r Anpassade Anslutningar Om du arbetar med elektriska installationer och uppt\u00e4cker att kontakterna p\u00e5 kablaget inte passar din utrustning, finns en enkel l\u00f6sning \u2013 byt ut de inkompatibla kontakterna mot v\u00e5ra l\u00f6sa DT-4-kontakter. Genom att ers\u00e4tta befintliga anslutningar med nya, kompatibla DT-4-kontakter s\u00e4kerst\u00e4ller du en stabil och s\u00e4ker koppling som fungerar i [&hellip;]","og_url":"https:\/\/xenonkungen.com\/fi\/tuote\/dt-4-nastainen-naarasliitinsarja-4-nastainen\/","og_site_name":"Xenonkungen","article_modified_time":"2026-04-10T22:51:25+00:00","og_image":[{"width":1250,"height":1250,"url":"https:\/\/xenonkungen.com\/wp-content\/uploads\/2025\/04\/fZtRbBKw.png","type":"image\/png"}],"twitter_card":"summary_large_image","twitter_misc":{"Arvioitu lukuaika":"1 minuutti"},"schema":{"@context":"https:\/\/schema.org","@graph":[{"@type":"WebPage","@id":"https:\/\/xenonkungen.com\/produkt\/dt-4-kontakt-hona-set-4-pin\/","url":"https:\/\/xenonkungen.com\/produkt\/dt-4-kontakt-hona-set-4-pin\/","name":"DT-4 Naarasliitinsarja | 4-nastainen - Xenonkungen","isPartOf":{"@id":"https:\/\/xenonkungen.com\/#website"},"primaryImageOfPage":{"@id":"https:\/\/xenonkungen.com\/produkt\/dt-4-kontakt-hona-set-4-pin\/#primaryimage"},"image":{"@id":"https:\/\/xenonkungen.com\/produkt\/dt-4-kontakt-hona-set-4-pin\/#primaryimage"},"thumbnailUrl":"https:\/\/xenonkungen.com\/wp-content\/uploads\/2025\/04\/fZtRbBKw.png","datePublished":"2025-04-15T08:38:32+00:00","dateModified":"2026-04-10T22:51:25+00:00","breadcrumb":{"@id":"https:\/\/xenonkungen.com\/produkt\/dt-4-kontakt-hona-set-4-pin\/#breadcrumb"},"inLanguage":"fi","potentialAction":[{"@type":"ReadAction","target":["https:\/\/xenonkungen.com\/produkt\/dt-4-kontakt-hona-set-4-pin\/"]}]},{"@type":"ImageObject","inLanguage":"fi","@id":"https:\/\/xenonkungen.com\/produkt\/dt-4-kontakt-hona-set-4-pin\/#primaryimage","url":"https:\/\/xenonkungen.com\/wp-content\/uploads\/2025\/04\/fZtRbBKw.png","contentUrl":"https:\/\/xenonkungen.com\/wp-content\/uploads\/2025\/04\/fZtRbBKw.png","width":1250,"height":1250},{"@type":"BreadcrumbList","@id":"https:\/\/xenonkungen.com\/produkt\/dt-4-kontakt-hona-set-4-pin\/#breadcrumb","itemListElement":[{"@type":"ListItem","position":1,"name":"Hem","item":"https:\/\/xenonkungen.com\/"},{"@type":"ListItem","position":2,"name":"Shop","item":"https:\/\/xenonkungen.com\/shop\/"},{"@type":"ListItem","position":3,"name":"DT-4 Kontakt Hona set | 4-PIN"}]},{"@type":"WebSite","@id":"https:\/\/xenonkungen.com\/#website","url":"https:\/\/xenonkungen.com\/","name":"Xenonkungen","description":"","potentialAction":[{"@type":"SearchAction","target":{"@type":"EntryPoint","urlTemplate":"https:\/\/xenonkungen.com\/?s={search_term_string}"},"query-input":{"@type":"PropertyValueSpecification","valueRequired":true,"valueName":"search_term_string"}}],"inLanguage":"fi"}]}},"taxonomy_info":{"product_brand":[{"value":103,"label":"LUXTAR"}],"product_cat":[{"value":2493,"label":"Kontakter"},{"value":2826,"label":"LUXTAR"},{"value":2823,"label":"Luxtar - \u00d6vriga produkter"},{"value":390,"label":"Installation"}],"pa_lampsockel-kontakt":[{"value":181,"label":"DT-4"}]},"featured_image_src_large":["https:\/\/xenonkungen.com\/wp-content\/uploads\/2025\/04\/fZtRbBKw-1024x1024.png",1024,1024,true],"author_info":[],"comment_info":0,"_links":{"self":[{"href":"https:\/\/xenonkungen.com\/fi\/wp-json\/wp\/v2\/product\/2503","targetHints":{"allow":["GET"]}}],"collection":[{"href":"https:\/\/xenonkungen.com\/fi\/wp-json\/wp\/v2\/product"}],"about":[{"href":"https:\/\/xenonkungen.com\/fi\/wp-json\/wp\/v2\/types\/product"}],"replies":[{"embeddable":true,"href":"https:\/\/xenonkungen.com\/fi\/wp-json\/wp\/v2\/comments?post=2503"}],"wp:featuredmedia":[{"embeddable":true,"href":"https:\/\/xenonkungen.com\/fi\/wp-json\/wp\/v2\/media\/2504"}],"wp:attachment":[{"href":"https:\/\/xenonkungen.com\/fi\/wp-json\/wp\/v2\/media?parent=2503"}],"wp:term":[{"taxonomy":"anvandningsomrade","embeddable":true,"href":"https:\/\/xenonkungen.com\/fi\/wp-json\/wp\/v2\/anvandningsomrade?post=2503"},{"taxonomy":"bilmarken","embeddable":true,"href":"https:\/\/xenonkungen.com\/fi\/wp-json\/wp\/v2\/bilmarken?post=2503"},{"taxonomy":"product_brand","embeddable":true,"href":"https:\/\/xenonkungen.com\/fi\/wp-json\/wp\/v2\/product_brand?post=2503"},{"taxonomy":"product_cat","embeddable":true,"href":"https:\/\/xenonkungen.com\/fi\/wp-json\/wp\/v2\/product_cat?post=2503"},{"taxonomy":"product_tag","embeddable":true,"href":"https:\/\/xenonkungen.com\/fi\/wp-json\/wp\/v2\/product_tag?post=2503"}],"curies":[{"name":"wp","href":"https:\/\/api.w.org\/{rel}","templated":true}]}}