{"id":2508,"date":"2025-04-15T08:38:32","date_gmt":"2025-04-15T08:38:32","guid":{"rendered":"https:\/\/xenonkungen.com\/product\/relahallare-for-minirela\/"},"modified":"2026-04-24T16:43:26","modified_gmt":"2026-04-24T15:43:26","slug":"releen-pidike-minireleelle","status":"publish","type":"product","link":"https:\/\/xenonkungen.com\/fi\/tuote\/releen-pidike-minireleelle\/","title":{"rendered":"Releen pidike minireleelle"},"content":{"rendered":"<h1>Releteline minireleelle - Sujuva, turvallinen ja helppo asennus!<\/h1>\n<p>Haluatko <strong>luotettava ja kest\u00e4v\u00e4 releenpidin<\/strong> joka tekee asennuksestasi <strong>yksinkertaisempi, siistimpi ja tehokkaampi<\/strong>? Jousi <strong>korkealaatuiset releenpitimet minireleille<\/strong> on t\u00e4ydellinen ratkaisu sinulle!<\/p>","protected":false},"excerpt":{"rendered":"<p>Relepidin minireleille \u2013 Sujuva, turvallinen ja helppo asennus! Haluatko luotettavan ja kest\u00e4v\u00e4n relepitimen, joka tekee asennuksestasi helpompaa, siistimp\u00e4\u00e4 ja tehokkaampaa? Korkealaatuinen relepidin minireleille on t\u00e4ydellinen ratkaisu sinulle!<\/p>","protected":false},"featured_media":2509,"comment_status":"closed","ping_status":"open","template":"","meta":{"_acf_changed":false,"_smort_price_nok":"170","_smort_price_dkk":"108","_smort_price_eur":"14.45","_smort_sale_price_nok":"","_smort_sale_price_dkk":"","_smort_sale_price_eur":"","smort_restorder":"","shipmondo_restorder":"","_kad_blocks_custom_css":"","_kad_blocks_head_custom_js":"","_kad_blocks_body_custom_js":"","_kad_blocks_footer_custom_js":"","smort_custom_pricelist_1":"89.04","smort_custom_pricelist_2":"76.32","smort_custom_pricelist_3":"63.6","smort_custom_pricelist_4":"127.2","smort_custom_pricelist_5":"76.32"},"anvandningsomrade":[],"bilmarken":[],"product_brand":[117],"product_cat":[2468,390],"product_tag":[],"class_list":{"0":"post-2508","1":"product","2":"type-product","3":"status-publish","4":"has-post-thumbnail","6":"product_brand-xenonkungen","7":"product_cat-rela","8":"product_cat-installation","10":"first","11":"instock","12":"taxable","13":"shipping-taxable","14":"purchasable","15":"product-type-simple"},"bundled_by":[],"bundle_stock_status":"instock","bundle_stock_quantity":196,"bundle_virtual":false,"bundle_layout":"","bundle_add_to_cart_form_location":"","bundle_editable_in_cart":false,"bundle_sold_individually_context":"","bundle_item_grouping":"","bundle_min_size":"","bundle_max_size":"","bundle_price":[],"bundled_items":[],"bundle_sell_ids":[],"acf":[],"yoast_head":"<!-- This site is optimized with the Yoast SEO plugin v27.0 - https:\/\/yoast.com\/product\/yoast-seo-wordpress\/ -->\n<title>Rel\u00e4h\u00e5llare f\u00f6r minirel\u00e4 - Xenonkungen<\/title>\n<meta name=\"robots\" content=\"index, follow, max-snippet:-1, max-image-preview:large, max-video-preview:-1\" \/>\n<link rel=\"canonical\" href=\"https:\/\/xenonkungen.com\/fi\/tuote\/releen-pidike-minireleelle\/\" \/>\n<meta property=\"og:locale\" content=\"fi_FI\" \/>\n<meta property=\"og:type\" content=\"article\" \/>\n<meta property=\"og:title\" content=\"Rel\u00e4h\u00e5llare f\u00f6r minirel\u00e4 - Xenonkungen\" \/>\n<meta property=\"og:description\" content=\"Rel\u00e4h\u00e5llare f\u00f6r Minirel\u00e4 \u2013 Smidig, S\u00e4ker och Enkel Installation! Vill du ha en p\u00e5litlig och h\u00e5llbar rel\u00e4h\u00e5llare som g\u00f6r din installation enklare, snyggare och mer effektiv? V\u00e5r h\u00f6gkvalitativa rel\u00e4h\u00e5llare f\u00f6r minirel\u00e4er \u00e4r den perfekta l\u00f6sningen f\u00f6r dig!\" \/>\n<meta property=\"og:url\" content=\"https:\/\/xenonkungen.com\/fi\/tuote\/releen-pidike-minireleelle\/\" \/>\n<meta property=\"og:site_name\" content=\"Xenonkungen\" \/>\n<meta property=\"article:modified_time\" content=\"2026-04-24T15:43:26+00:00\" \/>\n<meta property=\"og:image\" content=\"https:\/\/xenonkungen.com\/wp-content\/uploads\/2025\/04\/freecompress-4Lc3sNib-scaled.png\" \/>\n\t<meta property=\"og:image:width\" content=\"2560\" \/>\n\t<meta property=\"og:image:height\" content=\"2560\" \/>\n\t<meta property=\"og:image:type\" content=\"image\/png\" \/>\n<meta name=\"twitter:card\" content=\"summary_large_image\" \/>\n<script type=\"application\/ld+json\" class=\"yoast-schema-graph\">{\"@context\":\"https:\/\/schema.org\",\"@graph\":[{\"@type\":\"WebPage\",\"@id\":\"https:\/\/xenonkungen.com\/nl\/product\/relahallare-for-minirela\/\",\"url\":\"https:\/\/xenonkungen.com\/nl\/product\/relahallare-for-minirela\/\",\"name\":\"Rel\u00e4h\u00e5llare f\u00f6r minirel\u00e4 - Xenonkungen\",\"isPartOf\":{\"@id\":\"https:\/\/xenonkungen.com\/#website\"},\"primaryImageOfPage\":{\"@id\":\"https:\/\/xenonkungen.com\/nl\/product\/relahallare-for-minirela\/#primaryimage\"},\"image\":{\"@id\":\"https:\/\/xenonkungen.com\/nl\/product\/relahallare-for-minirela\/#primaryimage\"},\"thumbnailUrl\":\"https:\/\/xenonkungen.com\/wp-content\/uploads\/2025\/04\/freecompress-4Lc3sNib-scaled.png\",\"datePublished\":\"2025-04-15T08:38:32+00:00\",\"dateModified\":\"2026-04-24T15:43:26+00:00\",\"breadcrumb\":{\"@id\":\"https:\/\/xenonkungen.com\/nl\/product\/relahallare-for-minirela\/#breadcrumb\"},\"inLanguage\":\"fi\",\"potentialAction\":[{\"@type\":\"ReadAction\",\"target\":[\"https:\/\/xenonkungen.com\/nl\/product\/relahallare-for-minirela\/\"]}]},{\"@type\":\"ImageObject\",\"inLanguage\":\"fi\",\"@id\":\"https:\/\/xenonkungen.com\/nl\/product\/relahallare-for-minirela\/#primaryimage\",\"url\":\"https:\/\/xenonkungen.com\/wp-content\/uploads\/2025\/04\/freecompress-4Lc3sNib-scaled.png\",\"contentUrl\":\"https:\/\/xenonkungen.com\/wp-content\/uploads\/2025\/04\/freecompress-4Lc3sNib-scaled.png\",\"width\":2560,\"height\":2560},{\"@type\":\"BreadcrumbList\",\"@id\":\"https:\/\/xenonkungen.com\/nl\/product\/relahallare-for-minirela\/#breadcrumb\",\"itemListElement\":[{\"@type\":\"ListItem\",\"position\":1,\"name\":\"Hem\",\"item\":\"https:\/\/xenonkungen.com\/\"},{\"@type\":\"ListItem\",\"position\":2,\"name\":\"Shop\",\"item\":\"https:\/\/xenonkungen.com\/shop\/\"},{\"@type\":\"ListItem\",\"position\":3,\"name\":\"Rel\u00e4h\u00e5llare f\u00f6r minirel\u00e4\"}]},{\"@type\":\"WebSite\",\"@id\":\"https:\/\/xenonkungen.com\/#website\",\"url\":\"https:\/\/xenonkungen.com\/\",\"name\":\"Xenonkungen\",\"description\":\"\",\"potentialAction\":[{\"@type\":\"SearchAction\",\"target\":{\"@type\":\"EntryPoint\",\"urlTemplate\":\"https:\/\/xenonkungen.com\/?s={search_term_string}\"},\"query-input\":{\"@type\":\"PropertyValueSpecification\",\"valueRequired\":true,\"valueName\":\"search_term_string\"}}],\"inLanguage\":\"fi\"}]}<\/script>\n<!-- \/ Yoast SEO plugin. -->","yoast_head_json":{"title":"Releenpidin minireleelle - Xenonkungen","robots":{"index":"index","follow":"follow","max-snippet":"max-snippet:-1","max-image-preview":"max-image-preview:large","max-video-preview":"max-video-preview:-1"},"canonical":"https:\/\/xenonkungen.com\/fi\/tuote\/releen-pidike-minireleelle\/","og_locale":"fi_FI","og_type":"article","og_title":"Rel\u00e4h\u00e5llare f\u00f6r minirel\u00e4 - Xenonkungen","og_description":"Rel\u00e4h\u00e5llare f\u00f6r Minirel\u00e4 \u2013 Smidig, S\u00e4ker och Enkel Installation! Vill du ha en p\u00e5litlig och h\u00e5llbar rel\u00e4h\u00e5llare som g\u00f6r din installation enklare, snyggare och mer effektiv? V\u00e5r h\u00f6gkvalitativa rel\u00e4h\u00e5llare f\u00f6r minirel\u00e4er \u00e4r den perfekta l\u00f6sningen f\u00f6r dig!","og_url":"https:\/\/xenonkungen.com\/fi\/tuote\/releen-pidike-minireleelle\/","og_site_name":"Xenonkungen","article_modified_time":"2026-04-24T15:43:26+00:00","og_image":[{"width":2560,"height":2560,"url":"https:\/\/xenonkungen.com\/wp-content\/uploads\/2025\/04\/freecompress-4Lc3sNib-scaled.png","type":"image\/png"}],"twitter_card":"summary_large_image","schema":{"@context":"https:\/\/schema.org","@graph":[{"@type":"WebPage","@id":"https:\/\/xenonkungen.com\/nl\/product\/relahallare-for-minirela\/","url":"https:\/\/xenonkungen.com\/nl\/product\/relahallare-for-minirela\/","name":"Releenpidin minireleelle - Xenonkungen","isPartOf":{"@id":"https:\/\/xenonkungen.com\/#website"},"primaryImageOfPage":{"@id":"https:\/\/xenonkungen.com\/nl\/product\/relahallare-for-minirela\/#primaryimage"},"image":{"@id":"https:\/\/xenonkungen.com\/nl\/product\/relahallare-for-minirela\/#primaryimage"},"thumbnailUrl":"https:\/\/xenonkungen.com\/wp-content\/uploads\/2025\/04\/freecompress-4Lc3sNib-scaled.png","datePublished":"2025-04-15T08:38:32+00:00","dateModified":"2026-04-24T15:43:26+00:00","breadcrumb":{"@id":"https:\/\/xenonkungen.com\/nl\/product\/relahallare-for-minirela\/#breadcrumb"},"inLanguage":"fi","potentialAction":[{"@type":"ReadAction","target":["https:\/\/xenonkungen.com\/nl\/product\/relahallare-for-minirela\/"]}]},{"@type":"ImageObject","inLanguage":"fi","@id":"https:\/\/xenonkungen.com\/nl\/product\/relahallare-for-minirela\/#primaryimage","url":"https:\/\/xenonkungen.com\/wp-content\/uploads\/2025\/04\/freecompress-4Lc3sNib-scaled.png","contentUrl":"https:\/\/xenonkungen.com\/wp-content\/uploads\/2025\/04\/freecompress-4Lc3sNib-scaled.png","width":2560,"height":2560},{"@type":"BreadcrumbList","@id":"https:\/\/xenonkungen.com\/nl\/product\/relahallare-for-minirela\/#breadcrumb","itemListElement":[{"@type":"ListItem","position":1,"name":"Hem","item":"https:\/\/xenonkungen.com\/"},{"@type":"ListItem","position":2,"name":"Shop","item":"https:\/\/xenonkungen.com\/shop\/"},{"@type":"ListItem","position":3,"name":"Rel\u00e4h\u00e5llare f\u00f6r minirel\u00e4"}]},{"@type":"WebSite","@id":"https:\/\/xenonkungen.com\/#website","url":"https:\/\/xenonkungen.com\/","name":"Xenonkungen","description":"","potentialAction":[{"@type":"SearchAction","target":{"@type":"EntryPoint","urlTemplate":"https:\/\/xenonkungen.com\/?s={search_term_string}"},"query-input":{"@type":"PropertyValueSpecification","valueRequired":true,"valueName":"search_term_string"}}],"inLanguage":"fi"}]}},"taxonomy_info":{"product_brand":[{"value":117,"label":"Xenonkungen"}],"product_cat":[{"value":2468,"label":"Rel\u00e4"},{"value":390,"label":"Installation"}]},"featured_image_src_large":["https:\/\/xenonkungen.com\/wp-content\/uploads\/2025\/04\/freecompress-4Lc3sNib-1024x1024.png",1024,1024,true],"author_info":[],"comment_info":0,"_links":{"self":[{"href":"https:\/\/xenonkungen.com\/fi\/wp-json\/wp\/v2\/product\/2508","targetHints":{"allow":["GET"]}}],"collection":[{"href":"https:\/\/xenonkungen.com\/fi\/wp-json\/wp\/v2\/product"}],"about":[{"href":"https:\/\/xenonkungen.com\/fi\/wp-json\/wp\/v2\/types\/product"}],"replies":[{"embeddable":true,"href":"https:\/\/xenonkungen.com\/fi\/wp-json\/wp\/v2\/comments?post=2508"}],"wp:featuredmedia":[{"embeddable":true,"href":"https:\/\/xenonkungen.com\/fi\/wp-json\/wp\/v2\/media\/2509"}],"wp:attachment":[{"href":"https:\/\/xenonkungen.com\/fi\/wp-json\/wp\/v2\/media?parent=2508"}],"wp:term":[{"taxonomy":"anvandningsomrade","embeddable":true,"href":"https:\/\/xenonkungen.com\/fi\/wp-json\/wp\/v2\/anvandningsomrade?post=2508"},{"taxonomy":"bilmarken","embeddable":true,"href":"https:\/\/xenonkungen.com\/fi\/wp-json\/wp\/v2\/bilmarken?post=2508"},{"taxonomy":"product_brand","embeddable":true,"href":"https:\/\/xenonkungen.com\/fi\/wp-json\/wp\/v2\/product_brand?post=2508"},{"taxonomy":"product_cat","embeddable":true,"href":"https:\/\/xenonkungen.com\/fi\/wp-json\/wp\/v2\/product_cat?post=2508"},{"taxonomy":"product_tag","embeddable":true,"href":"https:\/\/xenonkungen.com\/fi\/wp-json\/wp\/v2\/product_tag?post=2508"}],"curies":[{"name":"wp","href":"https:\/\/api.w.org\/{rel}","templated":true}]}}