{"id":25255,"date":"2026-01-27T13:26:28","date_gmt":"2026-01-27T12:26:28","guid":{"rendered":"https:\/\/xenonkungen.com\/?post_type=product&#038;p=25255"},"modified":"2026-05-08T13:24:54","modified_gmt":"2026-05-08T12:24:54","slug":"erittain-kirkas-optibeam-superkapteeni","status":"publish","type":"product","link":"https:\/\/xenonkungen.com\/fi\/tuote\/erittain-kirkas-optibeam-superkapteeni\/","title":{"rendered":"Lis\u00e4valon kiinnike Optibeam Super Captain"},"content":{"rendered":"<h1>Lis\u00e4valon kiinnike Optibeam Super Captain<\/h1>\n<p>Lis\u00e4valon kiinnike\u00a0<strong>Optibeamin superkapteeni<\/strong> on paras valinta niille, jotka etsiv\u00e4t tukevaa ja tyylik\u00e4st\u00e4 ratkaisua LED-valopalkin kiinnitt\u00e4miseen. T\u00e4m\u00e4 kiinnike, joka on valmistettu korkealaatuisesta<strong>\u00a0ruostumaton ter\u00e4s<\/strong>, tarjoaa kest\u00e4v\u00e4n ja luotettavan kiinnityksen valopalkillesi. Sen tyylik\u00e4s\u00a0<strong>mustat pinnoitteet<\/strong>\u00a0kiinnike t\u00e4ydent\u00e4\u00e4 ajoneuvon ulkon\u00e4k\u00f6\u00e4 ja integroituu saumattomasti autoosi.<\/p>\n<p>&nbsp;<\/p>\n<p>Optibeam Super Captain -kiinnike on suunniteltu mahdollistamaan LED-palkin helppo asennus ja sijoittelu rekisterikilven alle. T\u00e4m\u00e4 antaa siistin ja huomaamattoman ulkon\u00e4\u00f6n ja varmistaa optimaalisen valonjaon parhaan mahdollisen n\u00e4kyvyyden takaamiseksi ajon aikana. Kiinnikkeen kest\u00e4v\u00e4 rakenne tarkoittaa, ett\u00e4 se kest\u00e4\u00e4 ankarimpiakin s\u00e4\u00e4- ja tieolosuhteita, mik\u00e4 tekee siit\u00e4 t\u00e4ydellisen valinnan seikkailunhaluisille kuljettajille.<\/p>\n<p>&nbsp;<\/p>\n<p>Lis\u00e4ksi kiinnike saattaa vaatia jonkin verran muutoksia ajoneuvon alempaan s\u00e4leikk\u00f6\u00f6n, jolloin voit r\u00e4\u00e4t\u00e4l\u00f6id\u00e4 kiinnikkeen omiin tarpeisiisi ja mieltymyksiisi. Oletpa sitten innokas maastokuljettaja tai ty\u00f6matkalainen, joka etsii lis\u00e4kirkkautta turvallisempaan ilta- ja y\u00f6ajoon, Optibeam Super Captain -kiinnike on erinomainen valinta.<\/p>\n<p>&nbsp;<\/p>\n<p>Sijoita\u00a0<strong>Optibeam Super kapteenin jalusta<\/strong>\u00a0yhdistelm\u00e4 tyyli\u00e4, suorituskyky\u00e4 ja kest\u00e4vyytt\u00e4. P\u00e4ivit\u00e4 autosi t\u00e4ll\u00e4 ensiluokkaisella kiinnikkeell\u00e4 ja koe ero sek\u00e4 ulkon\u00e4\u00f6ss\u00e4 ett\u00e4 toiminnassa.<\/p>","protected":false},"excerpt":{"rendered":"<p>Extraljusf\u00e4ste Optibeam Super Captain Extraljusf\u00e4stet\u00a0Optibeam Super Captain \u00e4r det ultimata valet f\u00f6r dig som s\u00f6ker en robust och snygg l\u00f6sning f\u00f6r att montera din LED-ljusramp. Detta f\u00e4ste, tillverkat av h\u00f6gkvalitativt\u00a0rostfritt st\u00e5l, erbjuder en h\u00e5llbar och p\u00e5litlig montering f\u00f6r din ljusramp. Med sin eleganta\u00a0svarta finish\u00a0kompletterar f\u00e4stet fordonets estetik och ger en s\u00f6ml\u00f6s integration med din bil. [&hellip;]<\/p>","protected":false},"featured_media":25259,"comment_status":"open","ping_status":"closed","template":"","meta":{"_acf_changed":false,"_smort_price_nok":"636","_smort_price_dkk":"","_smort_price_eur":"","_smort_sale_price_nok":"","_smort_sale_price_dkk":"","_smort_sale_price_eur":"","smort_restorder":"","shipmondo_restorder":"","_kad_blocks_custom_css":"","_kad_blocks_head_custom_js":"","_kad_blocks_body_custom_js":"","_kad_blocks_footer_custom_js":"","smort_custom_pricelist_1":"380.8","smort_custom_pricelist_2":"333.2","smort_custom_pricelist_3":"309.4","smort_custom_pricelist_4":"476","smort_custom_pricelist_5":"333.2"},"anvandningsomrade":[],"bilmarken":[],"product_brand":[107],"product_cat":[2534,2461,390,18,2158,2164],"product_tag":[],"class_list":{"0":"post-25255","1":"product","2":"type-product","3":"status-publish","4":"has-post-thumbnail","6":"product_brand-optibeam","7":"product_cat-extraljusfaste-extraljus","8":"product_cat-fasten-installation","9":"product_cat-installation","10":"product_cat-led-ramper-ljusramper","11":"product_cat-serie","12":"product_cat-optibeam-super-captain","14":"first","15":"instock","16":"taxable","17":"shipping-taxable","18":"purchasable","19":"product-type-simple"},"bundled_by":[],"bundle_stock_status":"instock","bundle_stock_quantity":4,"bundle_virtual":false,"bundle_layout":"","bundle_add_to_cart_form_location":"","bundle_editable_in_cart":false,"bundle_sold_individually_context":"","bundle_item_grouping":"","bundle_min_size":"","bundle_max_size":"","bundle_price":[],"bundled_items":[],"bundle_sell_ids":[],"acf":[],"yoast_head":"<!-- This site is optimized with the Yoast SEO plugin v27.0 - https:\/\/yoast.com\/product\/yoast-seo-wordpress\/ -->\n<title>Extraljusf\u00e4ste Optibeam Super Captain - Xenonkungen<\/title>\n<meta name=\"robots\" content=\"index, follow, max-snippet:-1, max-image-preview:large, max-video-preview:-1\" \/>\n<link rel=\"canonical\" href=\"https:\/\/xenonkungen.com\/fi\/tuote\/erittain-kirkas-optibeam-superkapteeni\/\" \/>\n<meta property=\"og:locale\" content=\"fi_FI\" \/>\n<meta property=\"og:type\" content=\"article\" \/>\n<meta property=\"og:title\" content=\"Extraljusf\u00e4ste Optibeam Super Captain - Xenonkungen\" \/>\n<meta property=\"og:description\" content=\"Extraljusf\u00e4ste Optibeam Super Captain Extraljusf\u00e4stet\u00a0Optibeam Super Captain \u00e4r det ultimata valet f\u00f6r dig som s\u00f6ker en robust och snygg l\u00f6sning f\u00f6r att montera din LED-ljusramp. Detta f\u00e4ste, tillverkat av h\u00f6gkvalitativt\u00a0rostfritt st\u00e5l, erbjuder en h\u00e5llbar och p\u00e5litlig montering f\u00f6r din ljusramp. Med sin eleganta\u00a0svarta finish\u00a0kompletterar f\u00e4stet fordonets estetik och ger en s\u00f6ml\u00f6s integration med din bil. [&hellip;]\" \/>\n<meta property=\"og:url\" content=\"https:\/\/xenonkungen.com\/fi\/tuote\/erittain-kirkas-optibeam-superkapteeni\/\" \/>\n<meta property=\"og:site_name\" content=\"Xenonkungen\" \/>\n<meta property=\"article:modified_time\" content=\"2026-05-08T12:24:54+00:00\" \/>\n<meta property=\"og:image\" content=\"https:\/\/xenonkungen.com\/wp-content\/uploads\/2026\/01\/1605-3049_65773854a8ebfff8707ff2cf906c154f_1.jpg\" \/>\n\t<meta property=\"og:image:width\" content=\"800\" \/>\n\t<meta property=\"og:image:height\" content=\"600\" \/>\n\t<meta property=\"og:image:type\" content=\"image\/jpeg\" \/>\n<meta name=\"twitter:card\" content=\"summary_large_image\" \/>\n<meta name=\"twitter:label1\" content=\"Arvioitu lukuaika\" \/>\n\t<meta name=\"twitter:data1\" content=\"2 minuuttia\" \/>\n<script type=\"application\/ld+json\" class=\"yoast-schema-graph\">{\"@context\":\"https:\/\/schema.org\",\"@graph\":[{\"@type\":\"WebPage\",\"@id\":\"https:\/\/xenonkungen.com\/produkt\/extraljusfaste-optibeam-super-captain\/\",\"url\":\"https:\/\/xenonkungen.com\/produkt\/extraljusfaste-optibeam-super-captain\/\",\"name\":\"Extraljusf\u00e4ste Optibeam Super Captain - Xenonkungen\",\"isPartOf\":{\"@id\":\"https:\/\/xenonkungen.com\/#website\"},\"primaryImageOfPage\":{\"@id\":\"https:\/\/xenonkungen.com\/produkt\/extraljusfaste-optibeam-super-captain\/#primaryimage\"},\"image\":{\"@id\":\"https:\/\/xenonkungen.com\/produkt\/extraljusfaste-optibeam-super-captain\/#primaryimage\"},\"thumbnailUrl\":\"https:\/\/xenonkungen.com\/wp-content\/uploads\/2026\/01\/1605-3049_65773854a8ebfff8707ff2cf906c154f_1.jpg\",\"datePublished\":\"2026-01-27T12:26:28+00:00\",\"dateModified\":\"2026-05-08T12:24:54+00:00\",\"breadcrumb\":{\"@id\":\"https:\/\/xenonkungen.com\/produkt\/extraljusfaste-optibeam-super-captain\/#breadcrumb\"},\"inLanguage\":\"fi\",\"potentialAction\":[{\"@type\":\"ReadAction\",\"target\":[\"https:\/\/xenonkungen.com\/produkt\/extraljusfaste-optibeam-super-captain\/\"]}]},{\"@type\":\"ImageObject\",\"inLanguage\":\"fi\",\"@id\":\"https:\/\/xenonkungen.com\/produkt\/extraljusfaste-optibeam-super-captain\/#primaryimage\",\"url\":\"https:\/\/xenonkungen.com\/wp-content\/uploads\/2026\/01\/1605-3049_65773854a8ebfff8707ff2cf906c154f_1.jpg\",\"contentUrl\":\"https:\/\/xenonkungen.com\/wp-content\/uploads\/2026\/01\/1605-3049_65773854a8ebfff8707ff2cf906c154f_1.jpg\",\"width\":800,\"height\":600},{\"@type\":\"BreadcrumbList\",\"@id\":\"https:\/\/xenonkungen.com\/produkt\/extraljusfaste-optibeam-super-captain\/#breadcrumb\",\"itemListElement\":[{\"@type\":\"ListItem\",\"position\":1,\"name\":\"Hem\",\"item\":\"https:\/\/xenonkungen.com\/\"},{\"@type\":\"ListItem\",\"position\":2,\"name\":\"Shop\",\"item\":\"https:\/\/xenonkungen.com\/shop\/\"},{\"@type\":\"ListItem\",\"position\":3,\"name\":\"Extraljusf\u00e4ste Optibeam Super Captain\"}]},{\"@type\":\"WebSite\",\"@id\":\"https:\/\/xenonkungen.com\/#website\",\"url\":\"https:\/\/xenonkungen.com\/\",\"name\":\"Xenonkungen\",\"description\":\"\",\"potentialAction\":[{\"@type\":\"SearchAction\",\"target\":{\"@type\":\"EntryPoint\",\"urlTemplate\":\"https:\/\/xenonkungen.com\/?s={search_term_string}\"},\"query-input\":{\"@type\":\"PropertyValueSpecification\",\"valueRequired\":true,\"valueName\":\"search_term_string\"}}],\"inLanguage\":\"fi\"}]}<\/script>\n<!-- \/ Yoast SEO plugin. -->","yoast_head_json":{"title":"Lis\u00e4valon kiinnike Optibeam Super Captain - Xenonkungen","robots":{"index":"index","follow":"follow","max-snippet":"max-snippet:-1","max-image-preview":"max-image-preview:large","max-video-preview":"max-video-preview:-1"},"canonical":"https:\/\/xenonkungen.com\/fi\/tuote\/erittain-kirkas-optibeam-superkapteeni\/","og_locale":"fi_FI","og_type":"article","og_title":"Extraljusf\u00e4ste Optibeam Super Captain - Xenonkungen","og_description":"Extraljusf\u00e4ste Optibeam Super Captain Extraljusf\u00e4stet\u00a0Optibeam Super Captain \u00e4r det ultimata valet f\u00f6r dig som s\u00f6ker en robust och snygg l\u00f6sning f\u00f6r att montera din LED-ljusramp. Detta f\u00e4ste, tillverkat av h\u00f6gkvalitativt\u00a0rostfritt st\u00e5l, erbjuder en h\u00e5llbar och p\u00e5litlig montering f\u00f6r din ljusramp. Med sin eleganta\u00a0svarta finish\u00a0kompletterar f\u00e4stet fordonets estetik och ger en s\u00f6ml\u00f6s integration med din bil. [&hellip;]","og_url":"https:\/\/xenonkungen.com\/fi\/tuote\/erittain-kirkas-optibeam-superkapteeni\/","og_site_name":"Xenonkungen","article_modified_time":"2026-05-08T12:24:54+00:00","og_image":[{"width":800,"height":600,"url":"https:\/\/xenonkungen.com\/wp-content\/uploads\/2026\/01\/1605-3049_65773854a8ebfff8707ff2cf906c154f_1.jpg","type":"image\/jpeg"}],"twitter_card":"summary_large_image","twitter_misc":{"Arvioitu lukuaika":"2 minuuttia"},"schema":{"@context":"https:\/\/schema.org","@graph":[{"@type":"WebPage","@id":"https:\/\/xenonkungen.com\/produkt\/extraljusfaste-optibeam-super-captain\/","url":"https:\/\/xenonkungen.com\/produkt\/extraljusfaste-optibeam-super-captain\/","name":"Lis\u00e4valon kiinnike Optibeam Super Captain - Xenonkungen","isPartOf":{"@id":"https:\/\/xenonkungen.com\/#website"},"primaryImageOfPage":{"@id":"https:\/\/xenonkungen.com\/produkt\/extraljusfaste-optibeam-super-captain\/#primaryimage"},"image":{"@id":"https:\/\/xenonkungen.com\/produkt\/extraljusfaste-optibeam-super-captain\/#primaryimage"},"thumbnailUrl":"https:\/\/xenonkungen.com\/wp-content\/uploads\/2026\/01\/1605-3049_65773854a8ebfff8707ff2cf906c154f_1.jpg","datePublished":"2026-01-27T12:26:28+00:00","dateModified":"2026-05-08T12:24:54+00:00","breadcrumb":{"@id":"https:\/\/xenonkungen.com\/produkt\/extraljusfaste-optibeam-super-captain\/#breadcrumb"},"inLanguage":"fi","potentialAction":[{"@type":"ReadAction","target":["https:\/\/xenonkungen.com\/produkt\/extraljusfaste-optibeam-super-captain\/"]}]},{"@type":"ImageObject","inLanguage":"fi","@id":"https:\/\/xenonkungen.com\/produkt\/extraljusfaste-optibeam-super-captain\/#primaryimage","url":"https:\/\/xenonkungen.com\/wp-content\/uploads\/2026\/01\/1605-3049_65773854a8ebfff8707ff2cf906c154f_1.jpg","contentUrl":"https:\/\/xenonkungen.com\/wp-content\/uploads\/2026\/01\/1605-3049_65773854a8ebfff8707ff2cf906c154f_1.jpg","width":800,"height":600},{"@type":"BreadcrumbList","@id":"https:\/\/xenonkungen.com\/produkt\/extraljusfaste-optibeam-super-captain\/#breadcrumb","itemListElement":[{"@type":"ListItem","position":1,"name":"Hem","item":"https:\/\/xenonkungen.com\/"},{"@type":"ListItem","position":2,"name":"Shop","item":"https:\/\/xenonkungen.com\/shop\/"},{"@type":"ListItem","position":3,"name":"Extraljusf\u00e4ste Optibeam Super Captain"}]},{"@type":"WebSite","@id":"https:\/\/xenonkungen.com\/#website","url":"https:\/\/xenonkungen.com\/","name":"Xenonkungen","description":"","potentialAction":[{"@type":"SearchAction","target":{"@type":"EntryPoint","urlTemplate":"https:\/\/xenonkungen.com\/?s={search_term_string}"},"query-input":{"@type":"PropertyValueSpecification","valueRequired":true,"valueName":"search_term_string"}}],"inLanguage":"fi"}]}},"taxonomy_info":{"product_brand":[{"value":107,"label":"Optibeam"}],"product_cat":[{"value":2534,"label":"F\u00e4ste till extraljus"},{"value":2461,"label":"F\u00e4sten"},{"value":390,"label":"Installation"},{"value":18,"label":"LED Ramper \/ Ljusramper"},{"value":2158,"label":"Serie"},{"value":2164,"label":"OPTIBEAM Super Captain"}]},"featured_image_src_large":["https:\/\/xenonkungen.com\/wp-content\/uploads\/2026\/01\/1605-3049_65773854a8ebfff8707ff2cf906c154f_1.jpg",800,600,false],"author_info":[],"comment_info":0,"_links":{"self":[{"href":"https:\/\/xenonkungen.com\/fi\/wp-json\/wp\/v2\/product\/25255","targetHints":{"allow":["GET"]}}],"collection":[{"href":"https:\/\/xenonkungen.com\/fi\/wp-json\/wp\/v2\/product"}],"about":[{"href":"https:\/\/xenonkungen.com\/fi\/wp-json\/wp\/v2\/types\/product"}],"replies":[{"embeddable":true,"href":"https:\/\/xenonkungen.com\/fi\/wp-json\/wp\/v2\/comments?post=25255"}],"wp:featuredmedia":[{"embeddable":true,"href":"https:\/\/xenonkungen.com\/fi\/wp-json\/wp\/v2\/media\/25259"}],"wp:attachment":[{"href":"https:\/\/xenonkungen.com\/fi\/wp-json\/wp\/v2\/media?parent=25255"}],"wp:term":[{"taxonomy":"anvandningsomrade","embeddable":true,"href":"https:\/\/xenonkungen.com\/fi\/wp-json\/wp\/v2\/anvandningsomrade?post=25255"},{"taxonomy":"bilmarken","embeddable":true,"href":"https:\/\/xenonkungen.com\/fi\/wp-json\/wp\/v2\/bilmarken?post=25255"},{"taxonomy":"product_brand","embeddable":true,"href":"https:\/\/xenonkungen.com\/fi\/wp-json\/wp\/v2\/product_brand?post=25255"},{"taxonomy":"product_cat","embeddable":true,"href":"https:\/\/xenonkungen.com\/fi\/wp-json\/wp\/v2\/product_cat?post=25255"},{"taxonomy":"product_tag","embeddable":true,"href":"https:\/\/xenonkungen.com\/fi\/wp-json\/wp\/v2\/product_tag?post=25255"}],"curies":[{"name":"wp","href":"https:\/\/api.w.org\/{rel}","templated":true}]}}