{"id":25266,"date":"2026-01-27T13:45:39","date_gmt":"2026-01-27T12:45:39","guid":{"rendered":"https:\/\/xenonkungen.com\/?post_type=product&#038;p=25266"},"modified":"2026-04-07T05:40:12","modified_gmt":"2026-04-07T04:40:12","slug":"osram-ledriving-cube-mx180-cb-7-row3","status":"publish","type":"product","link":"https:\/\/xenonkungen.com\/fi\/tuote\/osram-ledriving-cube-mx180-cb-7-row3\/","title":{"rendered":"Osram LEDriving\u00ae CUBE MX180-CB 7\u2033 RAD3"},"content":{"rendered":"<h2>Osram LEDriving\u00ae CUBE MX180-CB 7\u2033 RAD3<\/h2>\n<p>OSRAM MX -sarja on suunniteltu niille, jotka haluavat aitoa valoa.<br \/>\nEnsiluokkainen LED-lis\u00e4valo, joka tarjoaa raskaita valotekoja, modernin muotoilun ja kest\u00e4v\u00e4n rakenteen, joka kest\u00e4\u00e4 kaikkea pitkist\u00e4 asfalttimatkoista raskaisiin ty\u00f6ymp\u00e4rist\u00f6ihin ja maastoajoon.<\/p>\n<p>Jopa 7 000 lumenin tehostustoiminnolla ja edistyneell\u00e4 yhdistelm\u00e4optiikalla saat sek\u00e4 pituuden ett\u00e4 leveyden samassa valokuviossa \u2013 t\u00e4ydellinen n\u00e4kyvyys nopeudesta, maastosta tai s\u00e4\u00e4st\u00e4 riippumatta.<\/p>\n<p><strong>4-in-1 \u2013 valitse ilme ja toiminnallisuus<\/strong><\/p>\n<p>MX-sarja tarjoaa joustavan valaistusratkaisun:<\/p>\n<ul>\n<li>Kirkas valo<\/li>\n<li>Tehostustila<\/li>\n<li>Valkoinen seisontavalo<\/li>\n<li>Keltainen seisontavalo<\/li>\n<\/ul>\n<p>Sin\u00e4 valitset tyylin \u2013 puhtaan alkuper\u00e4isen auton ulkon\u00e4\u00f6n tai aggressiivisemman rallihenkisen ilmeen.<\/p>\n<p><strong>Rakennettu kovaan k\u00e4ytt\u00f6\u00f6n<\/strong><\/p>\n<p>Kest\u00e4v\u00e4 alumiinirunko, polykarbonaattilinssi ja IP6K8\/IP6K9K-sertifiointi tarkoittavat, ett\u00e4 lamppu on vedenpit\u00e4v\u00e4, p\u00f6lytiivis ja t\u00e4rin\u00e4n kest\u00e4v\u00e4 \u2013 ymp\u00e4ri vuoden.<\/p>\n<p><strong>Sopii t\u00e4ydellisesti:<\/strong><\/p>\n<ul>\n<li>Auto \/ henkil\u00f6auto<\/li>\n<li>Kuorma-auto<\/li>\n<li>4\u00d74 \/ Maastoauto<\/li>\n<li>M\u00f6nkij\u00e4t ja UTV:t<\/li>\n<li>Maatalouskoneet<\/li>\n<li>Ty\u00f6ajoneuvot \/ hy\u00f6tyajoneuvot<\/li>\n<li>Rakentaminen \/ urakointi<\/li>\n<li>Asuntovaunu \/ matkailuauto ja per\u00e4vaunu<\/li>\n<\/ul>\n<p><strong>Lyhyesti sanottuna:<\/strong><\/p>\n<p>OSRAM MX -sarja on luotu maksimaalista n\u00e4kyvyytt\u00e4, tarkkuutta ja turvallisuutta varten \u2013 silloin, kun tarvitset valoa, joka todella toimii.<\/p>\n<p><strong>T\u00e4m\u00e4 sis\u00e4ltyy pakettiin<\/strong><\/p>\n<ul>\n<li>OSRAM LEDriving Cube MX180 -lamppu<\/li>\n<li>Kiinnitysteline + 1. tukitanko<\/li>\n<li>Uroskontakti l\u00f6ysien johtimien kanssa<\/li>\n<\/ul>\n<p>Ensiluokkainen valaistusteho \u2013 minne tahansa tie viekin.<\/p>\n<p><strong>5 vuoden takuu.<\/strong><\/p>","protected":false},"excerpt":{"rendered":"<p><strong data-start=\"131\" data-end=\"150\">OSRAM MX -sarja<\/strong> on ensiluokkainen LED-lis\u00e4valo niille, jotka vaativat maksimaalista valoa ja k\u00e4ytt\u00f6varmuutta. Jopa <strong data-start=\"245\" data-end=\"268\">7 000 lumenia tehostusteholla<\/strong>, yhdistetty valokuva sek\u00e4 pituus- ett\u00e4 leveyssuunnassa ja <strong data-start=\"320\" data-end=\"354\" data-is-only-node=\"\">valkoinen tai keltainen seisontavalo<\/strong>, se tarjoaa optimaalisen n\u00e4kyvyyden kaikissa ymp\u00e4rist\u00f6iss\u00e4. Kest\u00e4v\u00e4 rakenne ja <strong data-start=\"430\" data-end=\"456\">IP6K8\/IP6K9K-luokitus<\/strong> tekee valaisimesta valmis kovaan ty\u00f6h\u00f6n, maastoon ja ymp\u00e4rivuotiseen k\u00e4ytt\u00f6\u00f6n.<br data-start=\"518\" data-end=\"521\" \/>Tehokas, joustava ja luotettava valinta \u2013 kun vain oikea valo riitt\u00e4\u00e4.<\/p>","protected":false},"featured_media":25267,"comment_status":"open","ping_status":"closed","template":"","meta":{"_acf_changed":false,"_smort_price_nok":"11536","_smort_price_dkk":"","_smort_price_eur":"","_smort_sale_price_nok":"","_smort_sale_price_dkk":"","_smort_sale_price_eur":"","smort_restorder":"","shipmondo_restorder":"","_kad_blocks_custom_css":"","_kad_blocks_head_custom_js":"","_kad_blocks_body_custom_js":"","_kad_blocks_footer_custom_js":"","smort_custom_pricelist_1":"6912","smort_custom_pricelist_2":"6048","smort_custom_pricelist_3":"5616","smort_custom_pricelist_4":"8640","smort_custom_pricelist_5":"6048"},"anvandningsomrade":[],"bilmarken":[],"product_brand":[108],"product_cat":[1859],"product_tag":[],"class_list":{"0":"post-25266","1":"product","2":"type-product","3":"status-publish","4":"has-post-thumbnail","6":"product_brand-osram","7":"product_cat-extraljuspaket","9":"first","10":"outofstock","11":"virtual","12":"taxable","13":"purchasable","14":"product-type-bundle"},"bundled_by":[],"bundle_stock_status":"outofstock","bundle_stock_quantity":0,"bundle_virtual":false,"bundle_layout":"default","bundle_add_to_cart_form_location":"default","bundle_editable_in_cart":false,"bundle_sold_individually_context":"product","bundle_item_grouping":"parent","bundle_min_size":"","bundle_max_size":"","bundle_price":{"price":{"min":{"incl_tax":"981.73","excl_tax":"785.3831712"},"max":{"incl_tax":"981.73","excl_tax":"785.3831712"}},"regular_price":{"min":{"incl_tax":"981.73","excl_tax":"785.3831712"},"max":{"incl_tax":"981.73","excl_tax":"785.3831712"}}},"bundled_items":[{"bundled_item_id":516,"product_id":14991,"menu_order":0,"quantity_min":1,"quantity_max":1,"quantity_default":1,"priced_individually":false,"shipped_individually":false,"override_title":false,"title":"Luxtar releen kaapelisarja DT-6 X3 | 12V | 80A releet","override_description":false,"description":"","optional":false,"hide_thumbnail":false,"discount":"","override_variations":false,"allowed_variations":[],"override_default_variation_attributes":false,"default_variation_attributes":[],"single_product_visibility":"visible","cart_visibility":"visible","order_visibility":"visible","single_product_price_visibility":"visible","cart_price_visibility":"visible","order_price_visibility":"visible","stock_status":"in_stock"},{"bundled_item_id":517,"product_id":3039,"menu_order":1,"quantity_min":1,"quantity_max":1,"quantity_default":1,"priced_individually":false,"shipped_individually":false,"override_title":false,"title":"Lis\u00e4valokannatin 3 - 175mm\/7\"","override_description":false,"description":"","optional":false,"hide_thumbnail":false,"discount":"","override_variations":false,"allowed_variations":[],"override_default_variation_attributes":false,"default_variation_attributes":[],"single_product_visibility":"visible","cart_visibility":"visible","order_visibility":"visible","single_product_price_visibility":"visible","cart_price_visibility":"visible","order_price_visibility":"visible","stock_status":"in_stock"},{"bundled_item_id":514,"product_id":1538,"menu_order":2,"quantity_min":1,"quantity_max":1,"quantity_default":1,"priced_individually":false,"shipped_individually":false,"override_title":false,"title":"XBB OBD-II-dongle + PowerUnit","override_description":false,"description":"","optional":false,"hide_thumbnail":false,"discount":"","override_variations":false,"allowed_variations":[],"override_default_variation_attributes":false,"default_variation_attributes":[],"single_product_visibility":"visible","cart_visibility":"visible","order_visibility":"visible","single_product_price_visibility":"visible","cart_price_visibility":"visible","order_price_visibility":"visible","stock_status":"on_backorder"},{"bundled_item_id":515,"product_id":2603,"menu_order":3,"quantity_min":1,"quantity_max":1,"quantity_default":1,"priced_individually":false,"shipped_individually":false,"override_title":false,"title":"Kaapelisarja XBB-virtayksikk\u00f6\u00e4 varten","override_description":false,"description":"","optional":false,"hide_thumbnail":false,"discount":"","override_variations":false,"allowed_variations":[],"override_default_variation_attributes":false,"default_variation_attributes":[],"single_product_visibility":"visible","cart_visibility":"visible","order_visibility":"visible","single_product_price_visibility":"visible","cart_price_visibility":"visible","order_price_visibility":"visible","stock_status":"on_backorder"}],"bundle_sell_ids":[],"acf":[],"yoast_head":"<!-- This site is optimized with the Yoast SEO plugin v27.0 - https:\/\/yoast.com\/product\/yoast-seo-wordpress\/ -->\n<title>Osram LEDriving\u00ae CUBE MX180-CB 7&quot; RAD3 - Xenonkungen<\/title>\n<meta name=\"robots\" content=\"index, follow, max-snippet:-1, max-image-preview:large, max-video-preview:-1\" \/>\n<link rel=\"canonical\" href=\"https:\/\/xenonkungen.com\/fi\/tuote\/osram-ledriving-cube-mx180-cb-7-row3\/\" \/>\n<meta property=\"og:locale\" content=\"fi_FI\" \/>\n<meta property=\"og:type\" content=\"article\" \/>\n<meta property=\"og:title\" content=\"Osram LEDriving\u00ae CUBE MX180-CB 7&quot; RAD3 - Xenonkungen\" \/>\n<meta property=\"og:description\" content=\"OSRAM MX Series \u00e4r ett premium LED-extraljus f\u00f6r dig som kr\u00e4ver maximalt ljus och drifts\u00e4kerhet. Med upp till 7 000 lumen i boost, kombinerad ljusbild f\u00f6r b\u00e5de l\u00e4ngd och bredd samt vitt eller amber positionsljus, levererar den optimal sikt i alla milj\u00f6er. Den robusta konstruktionen med IP6K8\/IP6K9K-klassning g\u00f6r lampan redo f\u00f6r tufft arbete, offroad och \u00e5ret-runt-bruk.Ett kraftfullt, flexibelt och p\u00e5litligt val \u2013 n\u00e4r bara riktigt ljus duger.\" \/>\n<meta property=\"og:url\" content=\"https:\/\/xenonkungen.com\/fi\/tuote\/osram-ledriving-cube-mx180-cb-7-row3\/\" \/>\n<meta property=\"og:site_name\" content=\"Xenonkungen\" \/>\n<meta property=\"article:modified_time\" content=\"2026-04-07T04:40:12+00:00\" \/>\n<meta property=\"og:image\" content=\"https:\/\/xenonkungen.com\/wp-content\/uploads\/2026\/01\/7tumx3st-OS-LEDDL136-CBX-PNNG.png\" \/>\n\t<meta property=\"og:image:width\" content=\"2032\" \/>\n\t<meta property=\"og:image:height\" content=\"1720\" \/>\n\t<meta property=\"og:image:type\" content=\"image\/png\" \/>\n<meta name=\"twitter:card\" content=\"summary_large_image\" \/>\n<meta name=\"twitter:label1\" content=\"Arvioitu lukuaika\" \/>\n\t<meta name=\"twitter:data1\" content=\"2 minuuttia\" \/>\n<script type=\"application\/ld+json\" class=\"yoast-schema-graph\">{\"@context\":\"https:\/\/schema.org\",\"@graph\":[{\"@type\":\"WebPage\",\"@id\":\"https:\/\/xenonkungen.com\/produkt\/osram-ledriving-cube-mx180-cb-7-rad3\/\",\"url\":\"https:\/\/xenonkungen.com\/produkt\/osram-ledriving-cube-mx180-cb-7-rad3\/\",\"name\":\"Osram LEDriving\u00ae CUBE MX180-CB 7\\\" RAD3 - Xenonkungen\",\"isPartOf\":{\"@id\":\"https:\/\/xenonkungen.com\/#website\"},\"primaryImageOfPage\":{\"@id\":\"https:\/\/xenonkungen.com\/produkt\/osram-ledriving-cube-mx180-cb-7-rad3\/#primaryimage\"},\"image\":{\"@id\":\"https:\/\/xenonkungen.com\/produkt\/osram-ledriving-cube-mx180-cb-7-rad3\/#primaryimage\"},\"thumbnailUrl\":\"https:\/\/xenonkungen.com\/wp-content\/uploads\/2026\/01\/7tumx3st-OS-LEDDL136-CBX-PNNG.png\",\"datePublished\":\"2026-01-27T12:45:39+00:00\",\"dateModified\":\"2026-04-07T04:40:12+00:00\",\"breadcrumb\":{\"@id\":\"https:\/\/xenonkungen.com\/produkt\/osram-ledriving-cube-mx180-cb-7-rad3\/#breadcrumb\"},\"inLanguage\":\"fi\",\"potentialAction\":[{\"@type\":\"ReadAction\",\"target\":[\"https:\/\/xenonkungen.com\/produkt\/osram-ledriving-cube-mx180-cb-7-rad3\/\"]}]},{\"@type\":\"ImageObject\",\"inLanguage\":\"fi\",\"@id\":\"https:\/\/xenonkungen.com\/produkt\/osram-ledriving-cube-mx180-cb-7-rad3\/#primaryimage\",\"url\":\"https:\/\/xenonkungen.com\/wp-content\/uploads\/2026\/01\/7tumx3st-OS-LEDDL136-CBX-PNNG.png\",\"contentUrl\":\"https:\/\/xenonkungen.com\/wp-content\/uploads\/2026\/01\/7tumx3st-OS-LEDDL136-CBX-PNNG.png\",\"width\":2032,\"height\":1720},{\"@type\":\"BreadcrumbList\",\"@id\":\"https:\/\/xenonkungen.com\/produkt\/osram-ledriving-cube-mx180-cb-7-rad3\/#breadcrumb\",\"itemListElement\":[{\"@type\":\"ListItem\",\"position\":1,\"name\":\"Hem\",\"item\":\"https:\/\/xenonkungen.com\/\"},{\"@type\":\"ListItem\",\"position\":2,\"name\":\"Shop\",\"item\":\"https:\/\/xenonkungen.com\/shop\/\"},{\"@type\":\"ListItem\",\"position\":3,\"name\":\"Osram LEDriving\u00ae CUBE MX180-CB 7&#8243; RAD3\"}]},{\"@type\":\"WebSite\",\"@id\":\"https:\/\/xenonkungen.com\/#website\",\"url\":\"https:\/\/xenonkungen.com\/\",\"name\":\"Xenonkungen\",\"description\":\"\",\"potentialAction\":[{\"@type\":\"SearchAction\",\"target\":{\"@type\":\"EntryPoint\",\"urlTemplate\":\"https:\/\/xenonkungen.com\/?s={search_term_string}\"},\"query-input\":{\"@type\":\"PropertyValueSpecification\",\"valueRequired\":true,\"valueName\":\"search_term_string\"}}],\"inLanguage\":\"fi\"}]}<\/script>\n<!-- \/ Yoast SEO plugin. -->","yoast_head_json":{"title":"Osram LEDriving\u00ae CUBE MX180-CB 7&quot; RAD3 - Ksenonkuningas","robots":{"index":"index","follow":"follow","max-snippet":"max-snippet:-1","max-image-preview":"max-image-preview:large","max-video-preview":"max-video-preview:-1"},"canonical":"https:\/\/xenonkungen.com\/fi\/tuote\/osram-ledriving-cube-mx180-cb-7-row3\/","og_locale":"fi_FI","og_type":"article","og_title":"Osram LEDriving\u00ae CUBE MX180-CB 7\" RAD3 - Xenonkungen","og_description":"OSRAM MX Series \u00e4r ett premium LED-extraljus f\u00f6r dig som kr\u00e4ver maximalt ljus och drifts\u00e4kerhet. Med upp till 7 000 lumen i boost, kombinerad ljusbild f\u00f6r b\u00e5de l\u00e4ngd och bredd samt vitt eller amber positionsljus, levererar den optimal sikt i alla milj\u00f6er. Den robusta konstruktionen med IP6K8\/IP6K9K-klassning g\u00f6r lampan redo f\u00f6r tufft arbete, offroad och \u00e5ret-runt-bruk.Ett kraftfullt, flexibelt och p\u00e5litligt val \u2013 n\u00e4r bara riktigt ljus duger.","og_url":"https:\/\/xenonkungen.com\/fi\/tuote\/osram-ledriving-cube-mx180-cb-7-row3\/","og_site_name":"Xenonkungen","article_modified_time":"2026-04-07T04:40:12+00:00","og_image":[{"width":2032,"height":1720,"url":"https:\/\/xenonkungen.com\/wp-content\/uploads\/2026\/01\/7tumx3st-OS-LEDDL136-CBX-PNNG.png","type":"image\/png"}],"twitter_card":"summary_large_image","twitter_misc":{"Arvioitu lukuaika":"2 minuuttia"},"schema":{"@context":"https:\/\/schema.org","@graph":[{"@type":"WebPage","@id":"https:\/\/xenonkungen.com\/produkt\/osram-ledriving-cube-mx180-cb-7-rad3\/","url":"https:\/\/xenonkungen.com\/produkt\/osram-ledriving-cube-mx180-cb-7-rad3\/","name":"Osram LEDriving\u00ae CUBE MX180-CB 7&quot; RAD3 - Ksenonkuningas","isPartOf":{"@id":"https:\/\/xenonkungen.com\/#website"},"primaryImageOfPage":{"@id":"https:\/\/xenonkungen.com\/produkt\/osram-ledriving-cube-mx180-cb-7-rad3\/#primaryimage"},"image":{"@id":"https:\/\/xenonkungen.com\/produkt\/osram-ledriving-cube-mx180-cb-7-rad3\/#primaryimage"},"thumbnailUrl":"https:\/\/xenonkungen.com\/wp-content\/uploads\/2026\/01\/7tumx3st-OS-LEDDL136-CBX-PNNG.png","datePublished":"2026-01-27T12:45:39+00:00","dateModified":"2026-04-07T04:40:12+00:00","breadcrumb":{"@id":"https:\/\/xenonkungen.com\/produkt\/osram-ledriving-cube-mx180-cb-7-rad3\/#breadcrumb"},"inLanguage":"fi","potentialAction":[{"@type":"ReadAction","target":["https:\/\/xenonkungen.com\/produkt\/osram-ledriving-cube-mx180-cb-7-rad3\/"]}]},{"@type":"ImageObject","inLanguage":"fi","@id":"https:\/\/xenonkungen.com\/produkt\/osram-ledriving-cube-mx180-cb-7-rad3\/#primaryimage","url":"https:\/\/xenonkungen.com\/wp-content\/uploads\/2026\/01\/7tumx3st-OS-LEDDL136-CBX-PNNG.png","contentUrl":"https:\/\/xenonkungen.com\/wp-content\/uploads\/2026\/01\/7tumx3st-OS-LEDDL136-CBX-PNNG.png","width":2032,"height":1720},{"@type":"BreadcrumbList","@id":"https:\/\/xenonkungen.com\/produkt\/osram-ledriving-cube-mx180-cb-7-rad3\/#breadcrumb","itemListElement":[{"@type":"ListItem","position":1,"name":"Hem","item":"https:\/\/xenonkungen.com\/"},{"@type":"ListItem","position":2,"name":"Shop","item":"https:\/\/xenonkungen.com\/shop\/"},{"@type":"ListItem","position":3,"name":"Osram LEDriving\u00ae CUBE MX180-CB 7&#8243; RAD3"}]},{"@type":"WebSite","@id":"https:\/\/xenonkungen.com\/#website","url":"https:\/\/xenonkungen.com\/","name":"Xenonkungen","description":"","potentialAction":[{"@type":"SearchAction","target":{"@type":"EntryPoint","urlTemplate":"https:\/\/xenonkungen.com\/?s={search_term_string}"},"query-input":{"@type":"PropertyValueSpecification","valueRequired":true,"valueName":"search_term_string"}}],"inLanguage":"fi"}]}},"taxonomy_info":{"product_brand":[{"value":108,"label":"OSRAM"}],"product_cat":[{"value":1859,"label":"Extraljuspaket"}]},"featured_image_src_large":["https:\/\/xenonkungen.com\/wp-content\/uploads\/2026\/01\/7tumx3st-OS-LEDDL136-CBX-PNNG-1024x867.png",1024,867,true],"author_info":[],"comment_info":0,"_links":{"self":[{"href":"https:\/\/xenonkungen.com\/fi\/wp-json\/wp\/v2\/product\/25266","targetHints":{"allow":["GET"]}}],"collection":[{"href":"https:\/\/xenonkungen.com\/fi\/wp-json\/wp\/v2\/product"}],"about":[{"href":"https:\/\/xenonkungen.com\/fi\/wp-json\/wp\/v2\/types\/product"}],"replies":[{"embeddable":true,"href":"https:\/\/xenonkungen.com\/fi\/wp-json\/wp\/v2\/comments?post=25266"}],"wp:featuredmedia":[{"embeddable":true,"href":"https:\/\/xenonkungen.com\/fi\/wp-json\/wp\/v2\/media\/25267"}],"wp:attachment":[{"href":"https:\/\/xenonkungen.com\/fi\/wp-json\/wp\/v2\/media?parent=25266"}],"wp:term":[{"taxonomy":"anvandningsomrade","embeddable":true,"href":"https:\/\/xenonkungen.com\/fi\/wp-json\/wp\/v2\/anvandningsomrade?post=25266"},{"taxonomy":"bilmarken","embeddable":true,"href":"https:\/\/xenonkungen.com\/fi\/wp-json\/wp\/v2\/bilmarken?post=25266"},{"taxonomy":"product_brand","embeddable":true,"href":"https:\/\/xenonkungen.com\/fi\/wp-json\/wp\/v2\/product_brand?post=25266"},{"taxonomy":"product_cat","embeddable":true,"href":"https:\/\/xenonkungen.com\/fi\/wp-json\/wp\/v2\/product_cat?post=25266"},{"taxonomy":"product_tag","embeddable":true,"href":"https:\/\/xenonkungen.com\/fi\/wp-json\/wp\/v2\/product_tag?post=25266"}],"curies":[{"name":"wp","href":"https:\/\/api.w.org\/{rel}","templated":true}]}}