{"id":25296,"date":"2026-01-27T15:00:27","date_gmt":"2026-01-27T14:00:27","guid":{"rendered":"https:\/\/xenonkungen.com\/?post_type=product&#038;p=25296"},"modified":"2026-04-24T17:44:45","modified_gmt":"2026-04-24T16:44:45","slug":"bullboy-agriline-auravalo-12-24-v","status":"publish","type":"product","link":"https:\/\/xenonkungen.com\/fi\/tuote\/bullboy-agriline-auravalo-12-24-v\/","title":{"rendered":"Bullboy Agriline -auravalo | 12\/24V"},"content":{"rendered":"<p data-start=\"102\" data-end=\"437\"><strong data-start=\"102\" data-end=\"149\">LED-auravalo BULLBOY AGRILINE l\u00e4mmitett\u00e4v\u00e4ll\u00e4 linssill\u00e4<\/strong> on kehitetty ammattik\u00e4ytt\u00f6\u00f6n vaativissa ymp\u00e4rist\u00f6iss\u00e4, joissa n\u00e4kyvyys ja k\u00e4ytt\u00f6varmuus ovat ratkaisevan t\u00e4rkeit\u00e4. Tukee seuraavia: <strong data-start=\"265\" data-end=\"275\">12\/24V<\/strong>, voimakas <strong data-start=\"288\" data-end=\"312\">l\u00e4hi- ja kaukovalot<\/strong> ja integroitu <strong data-start=\"329\" data-end=\"358\">seisontavalot ja vilkut<\/strong>, t\u00e4m\u00e4 on t\u00e4ydellinen auravalo maatalouteen, rakentamiseen ja talvikunnossapitoon.<\/p>\n<p data-start=\"439\" data-end=\"692\">The <strong data-start=\"443\" data-end=\"475\">automaattisesti l\u00e4mmitett\u00e4v\u00e4 linssi<\/strong> ehk\u00e4isee j\u00e4\u00e4t\u00e4, lunta ja huurtumista varmistaen kirkkaan valon my\u00f6s \u00e4\u00e4rimm\u00e4isiss\u00e4 s\u00e4\u00e4olosuhteissa. Valo p\u00e4\u00e4ll\u00e4 <strong data-start=\"586\" data-end=\"595\">5700K<\/strong> Tarjoaa valkoisen ja miellytt\u00e4v\u00e4n hehkun, joka v\u00e4hent\u00e4\u00e4 v\u00e4symyst\u00e4 ja parantaa n\u00e4kyvyytt\u00e4 pitkien ty\u00f6vuorojen aikana.<\/p>\n<p data-start=\"694\" data-end=\"1008\">Med <strong data-start=\"698\" data-end=\"716\">IP68-luokitus<\/strong>, kest\u00e4v\u00e4 rakenne ja paljon muuta <strong data-start=\"748\" data-end=\"788\">ECE-hyv\u00e4ksynn\u00e4t (R112, R6, R7, R10)<\/strong> AGRILINE on rakennettu toimimaan p\u00e4iv\u00e4st\u00e4 toiseen \u2013 ymp\u00e4rist\u00f6st\u00e4 riippumatta. Joustava asennus on helppoa <strong data-start=\"889\" data-end=\"928\">kiinnit\u00e4 talon alle tai taakse<\/strong>, ja sen mukana tulee <strong data-start=\"952\" data-end=\"983\">l\u00f6ys\u00e4 DT 6-napainen liitin<\/strong> helppoa asennusta varten.<\/p>\n<p data-start=\"1010\" data-end=\"1094\" data-is-last-node=\"\" data-is-only-node=\"\"><strong data-start=\"1010\" data-end=\"1094\" data-is-last-node=\"\">Luotettava ja tehokas auranvalo \u2013 tehty oikeaan ty\u00f6h\u00f6n kaikissa s\u00e4\u00e4olosuhteissa.<\/strong><\/p>","protected":false},"excerpt":{"rendered":"<p>LED plogljus BULLBOY AGRILINE med v\u00e4rmelins \u00e4r utvecklat f\u00f6r professionell anv\u00e4ndning i kr\u00e4vande milj\u00f6er d\u00e4r sikt och drifts\u00e4kerhet \u00e4r avg\u00f6rande. Med st\u00f6d f\u00f6r 12\/24V, kraftfullt halvljus och helljus samt integrerat positionsljus och blinker, \u00e4r detta ett komplett plogljus f\u00f6r lantbruk, entreprenad och vinterunderh\u00e5ll. Den automatiskt uppv\u00e4rmda linsen motverkar is, sn\u00f6 och imma, vilket s\u00e4kerst\u00e4ller klar [&hellip;]<\/p>","protected":false},"featured_media":25300,"comment_status":"open","ping_status":"closed","template":"","meta":{"_acf_changed":false,"_smort_price_nok":"2911","_smort_price_dkk":"","_smort_price_eur":"","_smort_sale_price_nok":"","_smort_sale_price_dkk":"","_smort_sale_price_eur":"","smort_restorder":"","shipmondo_restorder":"","_kad_blocks_custom_css":"","_kad_blocks_head_custom_js":"","_kad_blocks_body_custom_js":"","_kad_blocks_footer_custom_js":"","smort_custom_pricelist_1":"1744","smort_custom_pricelist_2":"1744","smort_custom_pricelist_3":"1744","smort_custom_pricelist_4":"2180","smort_custom_pricelist_5":"1744"},"anvandningsomrade":[],"bilmarken":[],"product_brand":[94],"product_cat":[142],"product_tag":[],"class_list":{"0":"post-25296","1":"product","2":"type-product","3":"status-publish","4":"has-post-thumbnail","6":"product_brand-bullboy","7":"product_cat-extraljus","8":"pa_fargtemperatur-5700k","9":"pa_fuktskydd-varde-ipxx-ip68","10":"pa_godkannande-r10","11":"pa_godkannande-r112","12":"pa_godkannande-r6","13":"pa_godkannande-r7","14":"pa_lampsockel-kontakt-dt-6","15":"pa_storlek-mm-215x150x85","16":"pa_volt-v-159","17":"pa_volt-v-160","19":"first","20":"onbackorder","21":"taxable","22":"shipping-taxable","23":"purchasable","24":"product-type-simple"},"bundled_by":[],"bundle_stock_status":"onbackorder","bundle_stock_quantity":0,"bundle_virtual":false,"bundle_layout":"","bundle_add_to_cart_form_location":"","bundle_editable_in_cart":false,"bundle_sold_individually_context":"","bundle_item_grouping":"","bundle_min_size":"","bundle_max_size":"","bundle_price":[],"bundled_items":[],"bundle_sell_ids":[],"acf":[],"yoast_head":"<!-- This site is optimized with the Yoast SEO plugin v27.0 - https:\/\/yoast.com\/product\/yoast-seo-wordpress\/ -->\n<title>Bullboy Agriline Ploglampa | 12\/24V - Xenonkungen<\/title>\n<meta name=\"robots\" content=\"index, follow, max-snippet:-1, max-image-preview:large, max-video-preview:-1\" \/>\n<link rel=\"canonical\" href=\"https:\/\/xenonkungen.com\/fi\/tuote\/bullboy-agriline-auravalo-12-24-v\/\" \/>\n<meta property=\"og:locale\" content=\"fi_FI\" \/>\n<meta property=\"og:type\" content=\"article\" \/>\n<meta property=\"og:title\" content=\"Bullboy Agriline Ploglampa | 12\/24V - Xenonkungen\" \/>\n<meta property=\"og:description\" content=\"LED plogljus BULLBOY AGRILINE med v\u00e4rmelins \u00e4r utvecklat f\u00f6r professionell anv\u00e4ndning i kr\u00e4vande milj\u00f6er d\u00e4r sikt och drifts\u00e4kerhet \u00e4r avg\u00f6rande. Med st\u00f6d f\u00f6r 12\/24V, kraftfullt halvljus och helljus samt integrerat positionsljus och blinker, \u00e4r detta ett komplett plogljus f\u00f6r lantbruk, entreprenad och vinterunderh\u00e5ll. Den automatiskt uppv\u00e4rmda linsen motverkar is, sn\u00f6 och imma, vilket s\u00e4kerst\u00e4ller klar [&hellip;]\" \/>\n<meta property=\"og:url\" content=\"https:\/\/xenonkungen.com\/fi\/tuote\/bullboy-agriline-auravalo-12-24-v\/\" \/>\n<meta property=\"og:site_name\" content=\"Xenonkungen\" \/>\n<meta property=\"article:modified_time\" content=\"2026-04-24T16:44:45+00:00\" \/>\n<meta property=\"og:image\" content=\"https:\/\/xenonkungen.com\/wp-content\/uploads\/2026\/01\/led-auravalobullboyagriline_8020104917_9b9facc92f3a_4.webp\" \/>\n\t<meta property=\"og:image:width\" content=\"800\" \/>\n\t<meta property=\"og:image:height\" content=\"600\" \/>\n\t<meta property=\"og:image:type\" content=\"image\/webp\" \/>\n<meta name=\"twitter:card\" content=\"summary_large_image\" \/>\n<meta name=\"twitter:label1\" content=\"Arvioitu lukuaika\" \/>\n\t<meta name=\"twitter:data1\" content=\"1 minuutti\" \/>\n<script type=\"application\/ld+json\" class=\"yoast-schema-graph\">{\"@context\":\"https:\/\/schema.org\",\"@graph\":[{\"@type\":\"WebPage\",\"@id\":\"https:\/\/xenonkungen.com\/nl\/product\/bullboy-agriline-ploeglamp-12-24v\/\",\"url\":\"https:\/\/xenonkungen.com\/nl\/product\/bullboy-agriline-ploeglamp-12-24v\/\",\"name\":\"Bullboy Agriline Ploglampa | 12\/24V - Xenonkungen\",\"isPartOf\":{\"@id\":\"https:\/\/xenonkungen.com\/#website\"},\"primaryImageOfPage\":{\"@id\":\"https:\/\/xenonkungen.com\/nl\/product\/bullboy-agriline-ploeglamp-12-24v\/#primaryimage\"},\"image\":{\"@id\":\"https:\/\/xenonkungen.com\/nl\/product\/bullboy-agriline-ploeglamp-12-24v\/#primaryimage\"},\"thumbnailUrl\":\"https:\/\/xenonkungen.com\/wp-content\/uploads\/2026\/01\/led-auravalobullboyagriline_8020104917_9b9facc92f3a_4.webp\",\"datePublished\":\"2026-01-27T14:00:27+00:00\",\"dateModified\":\"2026-04-24T16:44:45+00:00\",\"breadcrumb\":{\"@id\":\"https:\/\/xenonkungen.com\/nl\/product\/bullboy-agriline-ploeglamp-12-24v\/#breadcrumb\"},\"inLanguage\":\"fi\",\"potentialAction\":[{\"@type\":\"ReadAction\",\"target\":[\"https:\/\/xenonkungen.com\/nl\/product\/bullboy-agriline-ploeglamp-12-24v\/\"]}]},{\"@type\":\"ImageObject\",\"inLanguage\":\"fi\",\"@id\":\"https:\/\/xenonkungen.com\/nl\/product\/bullboy-agriline-ploeglamp-12-24v\/#primaryimage\",\"url\":\"https:\/\/xenonkungen.com\/wp-content\/uploads\/2026\/01\/led-auravalobullboyagriline_8020104917_9b9facc92f3a_4.webp\",\"contentUrl\":\"https:\/\/xenonkungen.com\/wp-content\/uploads\/2026\/01\/led-auravalobullboyagriline_8020104917_9b9facc92f3a_4.webp\",\"width\":800,\"height\":600},{\"@type\":\"BreadcrumbList\",\"@id\":\"https:\/\/xenonkungen.com\/nl\/product\/bullboy-agriline-ploeglamp-12-24v\/#breadcrumb\",\"itemListElement\":[{\"@type\":\"ListItem\",\"position\":1,\"name\":\"Hem\",\"item\":\"https:\/\/xenonkungen.com\/\"},{\"@type\":\"ListItem\",\"position\":2,\"name\":\"Shop\",\"item\":\"https:\/\/xenonkungen.com\/shop\/\"},{\"@type\":\"ListItem\",\"position\":3,\"name\":\"Bullboy Agriline Ploglampa | 12\/24V\"}]},{\"@type\":\"WebSite\",\"@id\":\"https:\/\/xenonkungen.com\/#website\",\"url\":\"https:\/\/xenonkungen.com\/\",\"name\":\"Xenonkungen\",\"description\":\"\",\"potentialAction\":[{\"@type\":\"SearchAction\",\"target\":{\"@type\":\"EntryPoint\",\"urlTemplate\":\"https:\/\/xenonkungen.com\/?s={search_term_string}\"},\"query-input\":{\"@type\":\"PropertyValueSpecification\",\"valueRequired\":true,\"valueName\":\"search_term_string\"}}],\"inLanguage\":\"fi\"}]}<\/script>\n<!-- \/ Yoast SEO plugin. -->","yoast_head_json":{"title":"Bullboy Agriline -auranvalo | 12\/24V - Xenon-kuningas","robots":{"index":"index","follow":"follow","max-snippet":"max-snippet:-1","max-image-preview":"max-image-preview:large","max-video-preview":"max-video-preview:-1"},"canonical":"https:\/\/xenonkungen.com\/fi\/tuote\/bullboy-agriline-auravalo-12-24-v\/","og_locale":"fi_FI","og_type":"article","og_title":"Bullboy Agriline Ploglampa | 12\/24V - Xenonkungen","og_description":"LED plogljus BULLBOY AGRILINE med v\u00e4rmelins \u00e4r utvecklat f\u00f6r professionell anv\u00e4ndning i kr\u00e4vande milj\u00f6er d\u00e4r sikt och drifts\u00e4kerhet \u00e4r avg\u00f6rande. Med st\u00f6d f\u00f6r 12\/24V, kraftfullt halvljus och helljus samt integrerat positionsljus och blinker, \u00e4r detta ett komplett plogljus f\u00f6r lantbruk, entreprenad och vinterunderh\u00e5ll. Den automatiskt uppv\u00e4rmda linsen motverkar is, sn\u00f6 och imma, vilket s\u00e4kerst\u00e4ller klar [&hellip;]","og_url":"https:\/\/xenonkungen.com\/fi\/tuote\/bullboy-agriline-auravalo-12-24-v\/","og_site_name":"Xenonkungen","article_modified_time":"2026-04-24T16:44:45+00:00","og_image":[{"width":800,"height":600,"url":"https:\/\/xenonkungen.com\/wp-content\/uploads\/2026\/01\/led-auravalobullboyagriline_8020104917_9b9facc92f3a_4.webp","type":"image\/webp"}],"twitter_card":"summary_large_image","twitter_misc":{"Arvioitu lukuaika":"1 minuutti"},"schema":{"@context":"https:\/\/schema.org","@graph":[{"@type":"WebPage","@id":"https:\/\/xenonkungen.com\/nl\/product\/bullboy-agriline-ploeglamp-12-24v\/","url":"https:\/\/xenonkungen.com\/nl\/product\/bullboy-agriline-ploeglamp-12-24v\/","name":"Bullboy Agriline -auranvalo | 12\/24V - Xenon-kuningas","isPartOf":{"@id":"https:\/\/xenonkungen.com\/#website"},"primaryImageOfPage":{"@id":"https:\/\/xenonkungen.com\/nl\/product\/bullboy-agriline-ploeglamp-12-24v\/#primaryimage"},"image":{"@id":"https:\/\/xenonkungen.com\/nl\/product\/bullboy-agriline-ploeglamp-12-24v\/#primaryimage"},"thumbnailUrl":"https:\/\/xenonkungen.com\/wp-content\/uploads\/2026\/01\/led-auravalobullboyagriline_8020104917_9b9facc92f3a_4.webp","datePublished":"2026-01-27T14:00:27+00:00","dateModified":"2026-04-24T16:44:45+00:00","breadcrumb":{"@id":"https:\/\/xenonkungen.com\/nl\/product\/bullboy-agriline-ploeglamp-12-24v\/#breadcrumb"},"inLanguage":"fi","potentialAction":[{"@type":"ReadAction","target":["https:\/\/xenonkungen.com\/nl\/product\/bullboy-agriline-ploeglamp-12-24v\/"]}]},{"@type":"ImageObject","inLanguage":"fi","@id":"https:\/\/xenonkungen.com\/nl\/product\/bullboy-agriline-ploeglamp-12-24v\/#primaryimage","url":"https:\/\/xenonkungen.com\/wp-content\/uploads\/2026\/01\/led-auravalobullboyagriline_8020104917_9b9facc92f3a_4.webp","contentUrl":"https:\/\/xenonkungen.com\/wp-content\/uploads\/2026\/01\/led-auravalobullboyagriline_8020104917_9b9facc92f3a_4.webp","width":800,"height":600},{"@type":"BreadcrumbList","@id":"https:\/\/xenonkungen.com\/nl\/product\/bullboy-agriline-ploeglamp-12-24v\/#breadcrumb","itemListElement":[{"@type":"ListItem","position":1,"name":"Hem","item":"https:\/\/xenonkungen.com\/"},{"@type":"ListItem","position":2,"name":"Shop","item":"https:\/\/xenonkungen.com\/shop\/"},{"@type":"ListItem","position":3,"name":"Bullboy Agriline Ploglampa | 12\/24V"}]},{"@type":"WebSite","@id":"https:\/\/xenonkungen.com\/#website","url":"https:\/\/xenonkungen.com\/","name":"Xenonkungen","description":"","potentialAction":[{"@type":"SearchAction","target":{"@type":"EntryPoint","urlTemplate":"https:\/\/xenonkungen.com\/?s={search_term_string}"},"query-input":{"@type":"PropertyValueSpecification","valueRequired":true,"valueName":"search_term_string"}}],"inLanguage":"fi"}]}},"taxonomy_info":{"product_brand":[{"value":94,"label":"Bullboy"}],"product_cat":[{"value":142,"label":"Extraljus"}],"pa_fargtemperatur":[{"value":226,"label":"5700K"}],"pa_fuktskydd-varde-ipxx":[{"value":177,"label":"IP68"}],"pa_godkannande":[{"value":184,"label":"R10"},{"value":183,"label":"R112"},{"value":2862,"label":"R6"},{"value":2863,"label":"R7"}],"pa_lampsockel-kontakt":[{"value":1001,"label":"DT-6"}],"pa_storlek-mm":[{"value":2861,"label":"215x150x85"}],"pa_volt-v":[{"value":159,"label":"12"},{"value":160,"label":"24"}]},"featured_image_src_large":["https:\/\/xenonkungen.com\/wp-content\/uploads\/2026\/01\/led-auravalobullboyagriline_8020104917_9b9facc92f3a_4.webp",800,600,false],"author_info":[],"comment_info":0,"_links":{"self":[{"href":"https:\/\/xenonkungen.com\/fi\/wp-json\/wp\/v2\/product\/25296","targetHints":{"allow":["GET"]}}],"collection":[{"href":"https:\/\/xenonkungen.com\/fi\/wp-json\/wp\/v2\/product"}],"about":[{"href":"https:\/\/xenonkungen.com\/fi\/wp-json\/wp\/v2\/types\/product"}],"replies":[{"embeddable":true,"href":"https:\/\/xenonkungen.com\/fi\/wp-json\/wp\/v2\/comments?post=25296"}],"wp:featuredmedia":[{"embeddable":true,"href":"https:\/\/xenonkungen.com\/fi\/wp-json\/wp\/v2\/media\/25300"}],"wp:attachment":[{"href":"https:\/\/xenonkungen.com\/fi\/wp-json\/wp\/v2\/media?parent=25296"}],"wp:term":[{"taxonomy":"anvandningsomrade","embeddable":true,"href":"https:\/\/xenonkungen.com\/fi\/wp-json\/wp\/v2\/anvandningsomrade?post=25296"},{"taxonomy":"bilmarken","embeddable":true,"href":"https:\/\/xenonkungen.com\/fi\/wp-json\/wp\/v2\/bilmarken?post=25296"},{"taxonomy":"product_brand","embeddable":true,"href":"https:\/\/xenonkungen.com\/fi\/wp-json\/wp\/v2\/product_brand?post=25296"},{"taxonomy":"product_cat","embeddable":true,"href":"https:\/\/xenonkungen.com\/fi\/wp-json\/wp\/v2\/product_cat?post=25296"},{"taxonomy":"product_tag","embeddable":true,"href":"https:\/\/xenonkungen.com\/fi\/wp-json\/wp\/v2\/product_tag?post=25296"}],"curies":[{"name":"wp","href":"https:\/\/api.w.org\/{rel}","templated":true}]}}