{"id":25382,"date":"2026-01-28T11:23:15","date_gmt":"2026-01-28T10:23:15","guid":{"rendered":"https:\/\/xenonkungen.com\/?post_type=product&#038;p=25382"},"modified":"2026-04-24T17:43:25","modified_gmt":"2026-04-24T16:43:25","slug":"osram-jaakaavin-010","status":"publish","type":"product","link":"https:\/\/xenonkungen.com\/fi\/tuote\/osram-jaakaavin-010\/","title":{"rendered":"Osram ICEscraper 010"},"content":{"rendered":"<h3 data-start=\"98\" data-end=\"155\">Poista j\u00e4\u00e4 \u2013 nopeasti, helposti ja vaivattomasti<\/h3>\n<p data-start=\"157\" data-end=\"483\">Tee talviaamuista paljon sujuvampia <strong data-start=\"204\" data-end=\"226\">s\u00e4hk\u00f6inen j\u00e4\u00e4kaavin<\/strong> joka poistaa j\u00e4\u00e4n puolestasi. Toisin kuin perinteiset kaapimet, se vaatii <strong data-start=\"305\" data-end=\"336\">minimaalinen fyysinen rasitus<\/strong> ja my\u00f6s hallinnoi <strong data-start=\"353\" data-end=\"371\">paksut j\u00e4\u00e4kerrokset<\/strong> ilman ongelmia. Tehokas py\u00f6riv\u00e4 levy rikkoo j\u00e4\u00e4n tehokkaasti, joten sinun ei tarvitse taistella kylm\u00e4ss\u00e4 ja stressata.<\/p>\n<p data-start=\"485\" data-end=\"668\">Tulos? <strong data-start=\"497\" data-end=\"595\">Nopeampi j\u00e4\u00e4t\u00f6n tuulilasi, v\u00e4hemm\u00e4n k\u00e4sien ja ranteiden kulumista \u2013 ja mukavampi p\u00e4iv\u00e4n alku.<\/strong> T\u00e4ydellinen kylmiin talviaamuihin, kun aikaa on v\u00e4h\u00e4n ja mukavuus on t\u00e4rke\u00e4\u00e4.<\/p>\n<h4 data-start=\"670\" data-end=\"684\">Edut:<\/h4>\n<ul data-start=\"685\" data-end=\"901\">\n<li data-start=\"685\" data-end=\"723\">\n<p data-start=\"687\" data-end=\"723\">J\u00e4\u00e4n poistaminen <strong data-start=\"699\" data-end=\"723\">nopeasti ja tehokkaasti<\/strong><\/p>\n<\/li>\n<li data-start=\"724\" data-end=\"778\">\n<p data-start=\"726\" data-end=\"778\">Vaatii <strong data-start=\"733\" data-end=\"759\">huomattavasti v\u00e4hemm\u00e4n tehoa<\/strong> kuin tavallinen j\u00e4\u00e4kaavin<\/p>\n<\/li>\n<li data-start=\"779\" data-end=\"813\">\n<p data-start=\"781\" data-end=\"813\">Klarar <strong data-start=\"788\" data-end=\"800\">paksu j\u00e4\u00e4<\/strong> ilman ongelmia<\/p>\n<\/li>\n<li data-start=\"814\" data-end=\"856\">\n<p data-start=\"816\" data-end=\"856\">Lis\u00e4\u00e4 <strong data-start=\"820\" data-end=\"844\">mukava ja hell\u00e4varainen<\/strong> keholle<\/p>\n<\/li>\n<li data-start=\"857\" data-end=\"901\">\n<p data-start=\"859\" data-end=\"901\">S\u00e4\u00e4st\u00e4\u00e4 aikaa ja v\u00e4hent\u00e4\u00e4 altistumista kylm\u00e4lle<\/p>\n<\/li>\n<\/ul>\n<p data-start=\"903\" data-end=\"980\" data-is-last-node=\"\" data-is-only-node=\"\"><strong data-start=\"903\" data-end=\"975\">\u00c4lyk\u00e4s talviasuste, joka tekee eron \u2013 kun kylmyys on pahimmillaan.<\/strong><\/p>","protected":false},"excerpt":{"rendered":"<p>Ta bort is \u2013 snabbt, enkelt och utan anstr\u00e4ngning G\u00f6r vintermorgnarna betydligt smidigare med en elektrisk isskrapa som tar bort isen \u00e5t dig. Till skillnad fr\u00e5n traditionella skrapor kr\u00e4ver den minimal fysisk anstr\u00e4ngning och klarar \u00e4ven tjocka islager utan problem. Den kraftfulla roterande skivan bryter effektivt upp isen, s\u00e5 du slipper k\u00e4mpa i kyla och [&hellip;]<\/p>","protected":false},"featured_media":25383,"comment_status":"open","ping_status":"closed","template":"","meta":{"_acf_changed":false,"_smort_price_nok":"742","_smort_price_dkk":"","_smort_price_eur":"","_smort_sale_price_nok":"","_smort_sale_price_dkk":"","_smort_sale_price_eur":"","smort_restorder":"","shipmondo_restorder":"","_kad_blocks_custom_css":"","_kad_blocks_head_custom_js":"","_kad_blocks_body_custom_js":"","_kad_blocks_footer_custom_js":"","smort_custom_pricelist_1":"444.8","smort_custom_pricelist_2":"389.2","smort_custom_pricelist_3":"361.4","smort_custom_pricelist_4":"556","smort_custom_pricelist_5":"389.2"},"anvandningsomrade":[],"bilmarken":[],"product_brand":[108],"product_cat":[377,378],"product_tag":[],"class_list":{"0":"post-25382","1":"product","2":"type-product","3":"status-publish","4":"has-post-thumbnail","6":"product_brand-osram","7":"product_cat-biltillbehor","8":"product_cat-bilvard","9":"pa_fuktskydd-varde-ipxx-ipx1","11":"first","12":"instock","13":"taxable","14":"shipping-taxable","15":"purchasable","16":"product-type-simple"},"bundled_by":[],"bundle_stock_status":"instock","bundle_stock_quantity":4,"bundle_virtual":false,"bundle_layout":"","bundle_add_to_cart_form_location":"","bundle_editable_in_cart":false,"bundle_sold_individually_context":"","bundle_item_grouping":"","bundle_min_size":"","bundle_max_size":"","bundle_price":[],"bundled_items":[],"bundle_sell_ids":[],"acf":[],"yoast_head":"<!-- This site is optimized with the Yoast SEO plugin v27.0 - https:\/\/yoast.com\/product\/yoast-seo-wordpress\/ -->\n<title>Osram ICEscraper 010 - Xenonkungen<\/title>\n<meta name=\"robots\" content=\"index, follow, max-snippet:-1, max-image-preview:large, max-video-preview:-1\" \/>\n<link rel=\"canonical\" href=\"https:\/\/xenonkungen.com\/fi\/tuote\/osram-jaakaavin-010\/\" \/>\n<meta property=\"og:locale\" content=\"fi_FI\" \/>\n<meta property=\"og:type\" content=\"article\" \/>\n<meta property=\"og:title\" content=\"Osram ICEscraper 010 - Xenonkungen\" \/>\n<meta property=\"og:description\" content=\"Ta bort is \u2013 snabbt, enkelt och utan anstr\u00e4ngning G\u00f6r vintermorgnarna betydligt smidigare med en elektrisk isskrapa som tar bort isen \u00e5t dig. Till skillnad fr\u00e5n traditionella skrapor kr\u00e4ver den minimal fysisk anstr\u00e4ngning och klarar \u00e4ven tjocka islager utan problem. Den kraftfulla roterande skivan bryter effektivt upp isen, s\u00e5 du slipper k\u00e4mpa i kyla och [&hellip;]\" \/>\n<meta property=\"og:url\" content=\"https:\/\/xenonkungen.com\/fi\/tuote\/osram-jaakaavin-010\/\" \/>\n<meta property=\"og:site_name\" content=\"Xenonkungen\" \/>\n<meta property=\"article:modified_time\" content=\"2026-04-24T16:43:25+00:00\" \/>\n<meta property=\"og:image\" content=\"https:\/\/xenonkungen.com\/wp-content\/uploads\/2026\/01\/Small-for-web-and-ppt-OEIS010_STUDIO_017.jpg\" \/>\n\t<meta property=\"og:image:width\" content=\"1024\" \/>\n\t<meta property=\"og:image:height\" content=\"1024\" \/>\n\t<meta property=\"og:image:type\" content=\"image\/jpeg\" \/>\n<meta name=\"twitter:card\" content=\"summary_large_image\" \/>\n<meta name=\"twitter:label1\" content=\"Arvioitu lukuaika\" \/>\n\t<meta name=\"twitter:data1\" content=\"1 minuutti\" \/>\n<script type=\"application\/ld+json\" class=\"yoast-schema-graph\">{\"@context\":\"https:\/\/schema.org\",\"@graph\":[{\"@type\":\"WebPage\",\"@id\":\"https:\/\/xenonkungen.com\/produkt\/osram-icescraper-010\/\",\"url\":\"https:\/\/xenonkungen.com\/produkt\/osram-icescraper-010\/\",\"name\":\"Osram ICEscraper 010 - Xenonkungen\",\"isPartOf\":{\"@id\":\"https:\/\/xenonkungen.com\/#website\"},\"primaryImageOfPage\":{\"@id\":\"https:\/\/xenonkungen.com\/produkt\/osram-icescraper-010\/#primaryimage\"},\"image\":{\"@id\":\"https:\/\/xenonkungen.com\/produkt\/osram-icescraper-010\/#primaryimage\"},\"thumbnailUrl\":\"https:\/\/xenonkungen.com\/wp-content\/uploads\/2026\/01\/Small-for-web-and-ppt-OEIS010_STUDIO_017.jpg\",\"datePublished\":\"2026-01-28T10:23:15+00:00\",\"dateModified\":\"2026-04-24T16:43:25+00:00\",\"breadcrumb\":{\"@id\":\"https:\/\/xenonkungen.com\/produkt\/osram-icescraper-010\/#breadcrumb\"},\"inLanguage\":\"fi\",\"potentialAction\":[{\"@type\":\"ReadAction\",\"target\":[\"https:\/\/xenonkungen.com\/produkt\/osram-icescraper-010\/\"]}]},{\"@type\":\"ImageObject\",\"inLanguage\":\"fi\",\"@id\":\"https:\/\/xenonkungen.com\/produkt\/osram-icescraper-010\/#primaryimage\",\"url\":\"https:\/\/xenonkungen.com\/wp-content\/uploads\/2026\/01\/Small-for-web-and-ppt-OEIS010_STUDIO_017.jpg\",\"contentUrl\":\"https:\/\/xenonkungen.com\/wp-content\/uploads\/2026\/01\/Small-for-web-and-ppt-OEIS010_STUDIO_017.jpg\",\"width\":1024,\"height\":1024},{\"@type\":\"BreadcrumbList\",\"@id\":\"https:\/\/xenonkungen.com\/produkt\/osram-icescraper-010\/#breadcrumb\",\"itemListElement\":[{\"@type\":\"ListItem\",\"position\":1,\"name\":\"Hem\",\"item\":\"https:\/\/xenonkungen.com\/\"},{\"@type\":\"ListItem\",\"position\":2,\"name\":\"Shop\",\"item\":\"https:\/\/xenonkungen.com\/shop\/\"},{\"@type\":\"ListItem\",\"position\":3,\"name\":\"Osram ICEscraper 010\"}]},{\"@type\":\"WebSite\",\"@id\":\"https:\/\/xenonkungen.com\/#website\",\"url\":\"https:\/\/xenonkungen.com\/\",\"name\":\"Xenonkungen\",\"description\":\"\",\"potentialAction\":[{\"@type\":\"SearchAction\",\"target\":{\"@type\":\"EntryPoint\",\"urlTemplate\":\"https:\/\/xenonkungen.com\/?s={search_term_string}\"},\"query-input\":{\"@type\":\"PropertyValueSpecification\",\"valueRequired\":true,\"valueName\":\"search_term_string\"}}],\"inLanguage\":\"fi\"}]}<\/script>\n<!-- \/ Yoast SEO plugin. -->","yoast_head_json":{"title":"Osram ICEscraper 010 - Ksenonkuningas","robots":{"index":"index","follow":"follow","max-snippet":"max-snippet:-1","max-image-preview":"max-image-preview:large","max-video-preview":"max-video-preview:-1"},"canonical":"https:\/\/xenonkungen.com\/fi\/tuote\/osram-jaakaavin-010\/","og_locale":"fi_FI","og_type":"article","og_title":"Osram ICEscraper 010 - Xenonkungen","og_description":"Ta bort is \u2013 snabbt, enkelt och utan anstr\u00e4ngning G\u00f6r vintermorgnarna betydligt smidigare med en elektrisk isskrapa som tar bort isen \u00e5t dig. Till skillnad fr\u00e5n traditionella skrapor kr\u00e4ver den minimal fysisk anstr\u00e4ngning och klarar \u00e4ven tjocka islager utan problem. Den kraftfulla roterande skivan bryter effektivt upp isen, s\u00e5 du slipper k\u00e4mpa i kyla och [&hellip;]","og_url":"https:\/\/xenonkungen.com\/fi\/tuote\/osram-jaakaavin-010\/","og_site_name":"Xenonkungen","article_modified_time":"2026-04-24T16:43:25+00:00","og_image":[{"width":1024,"height":1024,"url":"https:\/\/xenonkungen.com\/wp-content\/uploads\/2026\/01\/Small-for-web-and-ppt-OEIS010_STUDIO_017.jpg","type":"image\/jpeg"}],"twitter_card":"summary_large_image","twitter_misc":{"Arvioitu lukuaika":"1 minuutti"},"schema":{"@context":"https:\/\/schema.org","@graph":[{"@type":"WebPage","@id":"https:\/\/xenonkungen.com\/produkt\/osram-icescraper-010\/","url":"https:\/\/xenonkungen.com\/produkt\/osram-icescraper-010\/","name":"Osram ICEscraper 010 - Ksenonkuningas","isPartOf":{"@id":"https:\/\/xenonkungen.com\/#website"},"primaryImageOfPage":{"@id":"https:\/\/xenonkungen.com\/produkt\/osram-icescraper-010\/#primaryimage"},"image":{"@id":"https:\/\/xenonkungen.com\/produkt\/osram-icescraper-010\/#primaryimage"},"thumbnailUrl":"https:\/\/xenonkungen.com\/wp-content\/uploads\/2026\/01\/Small-for-web-and-ppt-OEIS010_STUDIO_017.jpg","datePublished":"2026-01-28T10:23:15+00:00","dateModified":"2026-04-24T16:43:25+00:00","breadcrumb":{"@id":"https:\/\/xenonkungen.com\/produkt\/osram-icescraper-010\/#breadcrumb"},"inLanguage":"fi","potentialAction":[{"@type":"ReadAction","target":["https:\/\/xenonkungen.com\/produkt\/osram-icescraper-010\/"]}]},{"@type":"ImageObject","inLanguage":"fi","@id":"https:\/\/xenonkungen.com\/produkt\/osram-icescraper-010\/#primaryimage","url":"https:\/\/xenonkungen.com\/wp-content\/uploads\/2026\/01\/Small-for-web-and-ppt-OEIS010_STUDIO_017.jpg","contentUrl":"https:\/\/xenonkungen.com\/wp-content\/uploads\/2026\/01\/Small-for-web-and-ppt-OEIS010_STUDIO_017.jpg","width":1024,"height":1024},{"@type":"BreadcrumbList","@id":"https:\/\/xenonkungen.com\/produkt\/osram-icescraper-010\/#breadcrumb","itemListElement":[{"@type":"ListItem","position":1,"name":"Hem","item":"https:\/\/xenonkungen.com\/"},{"@type":"ListItem","position":2,"name":"Shop","item":"https:\/\/xenonkungen.com\/shop\/"},{"@type":"ListItem","position":3,"name":"Osram ICEscraper 010"}]},{"@type":"WebSite","@id":"https:\/\/xenonkungen.com\/#website","url":"https:\/\/xenonkungen.com\/","name":"Xenonkungen","description":"","potentialAction":[{"@type":"SearchAction","target":{"@type":"EntryPoint","urlTemplate":"https:\/\/xenonkungen.com\/?s={search_term_string}"},"query-input":{"@type":"PropertyValueSpecification","valueRequired":true,"valueName":"search_term_string"}}],"inLanguage":"fi"}]}},"taxonomy_info":{"product_brand":[{"value":108,"label":"OSRAM"}],"product_cat":[{"value":377,"label":"Biltillbeh\u00f6r"},{"value":378,"label":"Bilv\u00e5rd"}],"pa_fuktskydd-varde-ipxx":[{"value":2867,"label":"IPX1"}]},"featured_image_src_large":["https:\/\/xenonkungen.com\/wp-content\/uploads\/2026\/01\/Small-for-web-and-ppt-OEIS010_STUDIO_017.jpg",1024,1024,false],"author_info":[],"comment_info":0,"_links":{"self":[{"href":"https:\/\/xenonkungen.com\/fi\/wp-json\/wp\/v2\/product\/25382","targetHints":{"allow":["GET"]}}],"collection":[{"href":"https:\/\/xenonkungen.com\/fi\/wp-json\/wp\/v2\/product"}],"about":[{"href":"https:\/\/xenonkungen.com\/fi\/wp-json\/wp\/v2\/types\/product"}],"replies":[{"embeddable":true,"href":"https:\/\/xenonkungen.com\/fi\/wp-json\/wp\/v2\/comments?post=25382"}],"wp:featuredmedia":[{"embeddable":true,"href":"https:\/\/xenonkungen.com\/fi\/wp-json\/wp\/v2\/media\/25383"}],"wp:attachment":[{"href":"https:\/\/xenonkungen.com\/fi\/wp-json\/wp\/v2\/media?parent=25382"}],"wp:term":[{"taxonomy":"anvandningsomrade","embeddable":true,"href":"https:\/\/xenonkungen.com\/fi\/wp-json\/wp\/v2\/anvandningsomrade?post=25382"},{"taxonomy":"bilmarken","embeddable":true,"href":"https:\/\/xenonkungen.com\/fi\/wp-json\/wp\/v2\/bilmarken?post=25382"},{"taxonomy":"product_brand","embeddable":true,"href":"https:\/\/xenonkungen.com\/fi\/wp-json\/wp\/v2\/product_brand?post=25382"},{"taxonomy":"product_cat","embeddable":true,"href":"https:\/\/xenonkungen.com\/fi\/wp-json\/wp\/v2\/product_cat?post=25382"},{"taxonomy":"product_tag","embeddable":true,"href":"https:\/\/xenonkungen.com\/fi\/wp-json\/wp\/v2\/product_tag?post=25382"}],"curies":[{"name":"wp","href":"https:\/\/api.w.org\/{rel}","templated":true}]}}