{"id":25448,"date":"2026-01-28T15:37:02","date_gmt":"2026-01-28T14:37:02","guid":{"rendered":"https:\/\/xenonkungen.com\/?post_type=product&#038;p=25448"},"modified":"2026-04-24T17:43:27","modified_gmt":"2026-04-24T16:43:27","slug":"akkukaynnistys-500-ojs010","status":"publish","type":"product","link":"https:\/\/xenonkungen.com\/fi\/tuote\/akkukaynnistys-500-ojs010\/","title":{"rendered":"Akkuk\u00e4ynnistin 500 OJS010"},"content":{"rendered":"<h3 data-start=\"109\" data-end=\"180\">Tehokas apuk\u00e4ynnistys tarvittaessa \u2013 taskukokoinen turvallisuus<\/h3>\n<p data-start=\"182\" data-end=\"495\"><strong data-start=\"182\" data-end=\"212\">OSRAM-AKKU k\u00e4ynnistysapu 500<\/strong> on kompakti mutta tehokas k\u00e4ynnistysapuv\u00e4line, joka antaa sinulle <strong data-start=\"264\" data-end=\"302\">t\u00e4ysi hallinta akun vikaantuessa<\/strong>Se on kehitetty <strong data-start=\"325\" data-end=\"340\">12 V:n ajoneuvot<\/strong> ja pystyy k\u00e4sittelem\u00e4\u00e4n jopa moottoreita <strong data-start=\"369\" data-end=\"385\">3,0 litran bensiini<\/strong> tai <strong data-start=\"392\" data-end=\"408\">1,5 litran diesel<\/strong>, joten se sopii t\u00e4ydellisesti henkil\u00f6autoihin, pakettiautoihin, katumaastureihin ja kevyisiin hy\u00f6tyajoneuvoihin.<\/p>\n<p data-start=\"497\" data-end=\"624\">Sis\u00e4\u00e4nrakennetun <strong data-start=\"520\" data-end=\"539\">tehostustoiminto<\/strong> voit k\u00e4ynnist\u00e4\u00e4 auton jopa <strong data-start=\"570\" data-end=\"595\">t\u00e4ysin tyhjentynyt akku<\/strong> \u2013 nopeaa, helppoa ja turvallista.<\/p>\n<h3 data-start=\"626\" data-end=\"664\">Miksi valita BATTERYjumpstart 500?<\/h3>\n<ul data-start=\"665\" data-end=\"1214\">\n<li data-start=\"665\" data-end=\"712\">\n<p data-start=\"667\" data-end=\"712\"><strong data-start=\"670\" data-end=\"694\">Tehokas k\u00e4ynnistysapu<\/strong> 12 V ajoneuvoille<\/p>\n<\/li>\n<li data-start=\"713\" data-end=\"772\">\n<p data-start=\"715\" data-end=\"772\"><strong data-start=\"717\" data-end=\"734\">Boost-toiminto<\/strong> \u2013 k\u00e4ynnist\u00e4\u00e4 jopa t\u00e4ysin tyhj\u00e4t akut<\/p>\n<\/li>\n<li data-start=\"773\" data-end=\"907\">\n<p data-start=\"775\" data-end=\"811\">\u00a0Edistynyt <strong data-start=\"790\" data-end=\"808\">suojaus<\/strong>:<\/p>\n<ul data-start=\"814\" data-end=\"907\">\n<li data-start=\"814\" data-end=\"844\">\n<p data-start=\"816\" data-end=\"844\">Napaisuuden k\u00e4\u00e4nteissuojaus<\/p>\n<\/li>\n<li data-start=\"847\" data-end=\"882\">\n<p data-start=\"849\" data-end=\"882\">Ylij\u00e4nnitesuoja (piikkien vastainen)<\/p>\n<\/li>\n<li data-start=\"885\" data-end=\"907\">\n<p data-start=\"887\" data-end=\"907\">Oikosulkusuojaus<\/p>\n<\/li>\n<\/ul>\n<\/li>\n<li data-start=\"908\" data-end=\"983\">\n<p data-start=\"910\" data-end=\"983\"><strong data-start=\"913\" data-end=\"942\">\u00c4\u00e4ni- ja LED-merkkivalot<\/strong> selke\u00e4n tilan ja turvallisen k\u00e4yt\u00f6n takaamiseksi<\/p>\n<\/li>\n<li data-start=\"984\" data-end=\"1024\">\n<p data-start=\"986\" data-end=\"1024\"><strong data-start=\"989\" data-end=\"998\">USB-C<\/strong> laitteen lataamista varten<\/p>\n<\/li>\n<li data-start=\"1025\" data-end=\"1087\">\n<p data-start=\"1027\" data-end=\"1087\"><strong data-start=\"1030\" data-end=\"1046\">USB-A-l\u00e4ht\u00f6<\/strong> matkapuhelimien, tablettien jne. lataamiseen<\/p>\n<\/li>\n<li data-start=\"1088\" data-end=\"1159\">\n<p data-start=\"1090\" data-end=\"1159\"><strong data-start=\"1093\" data-end=\"1117\">Integroitu taskulamppu<\/strong> \u2013 t\u00e4ydellinen pime\u00e4\u00e4n ja h\u00e4t\u00e4tilanteisiin<\/p>\n<\/li>\n<li data-start=\"1160\" data-end=\"1214\">\n<p data-start=\"1162\" data-end=\"1214\">LED-merkkivalot n\u00e4ytt\u00e4v\u00e4t <strong data-start=\"1191\" data-end=\"1214\">akun nykyinen taso<\/strong><\/p>\n<\/li>\n<\/ul>\n<p data-start=\"1216\" data-end=\"1376\">The <strong data-start=\"1219\" data-end=\"1249\">ergonomiset \u00e4lykk\u00e4\u00e4t puristimet<\/strong> pidemm\u00e4t kaapelit helpottavat liit\u00e4nt\u00e4\u00e4 my\u00f6s <strong data-start=\"1298\" data-end=\"1335\">ahtaat ja vaikeasti saavutettavat moottoritilat<\/strong>, mik\u00e4 s\u00e4\u00e4st\u00e4\u00e4 sek\u00e4 aikaa ett\u00e4 vaivaa.<\/p>\n<p data-start=\"1378\" data-end=\"1558\" data-is-last-node=\"\" data-is-only-node=\"\"><strong data-start=\"1378\" data-end=\"1408\">OSRAM-AKKU k\u00e4ynnistysapu 500<\/strong> on enemm\u00e4n kuin pelkk\u00e4 aloitusapu \u2013 se on <strong data-start=\"1450\" data-end=\"1496\">turvallisuusratkaisu, jonka haluat aina autoosi<\/strong>, valmiina auttamaan sek\u00e4 sinua ett\u00e4 muita, kun sill\u00e4 on todella merkityst\u00e4.<\/p>","protected":false},"excerpt":{"rendered":"<p>Kraftfull starthj\u00e4lp n\u00e4r du beh\u00f6ver den \u2013 trygghet i fickformat OSRAM BATTERYjumpstart 500 \u00e4r en kompakt men kraftfull starthj\u00e4lp som ger dig full kontroll n\u00e4r batteriet sviker. Den \u00e4r utvecklad f\u00f6r 12 V-fordon och klarar motorer upp till 3,0 l bensin eller 1,5 l diesel, vilket g\u00f6r den perfekt f\u00f6r personbilar, transportbilar, SUV:ar och l\u00e4tta [&hellip;]<\/p>","protected":false},"featured_media":25450,"comment_status":"open","ping_status":"closed","template":"","meta":{"_acf_changed":false,"_smort_price_nok":"1383","_smort_price_dkk":"","_smort_price_eur":"","_smort_sale_price_nok":"","_smort_sale_price_dkk":"","_smort_sale_price_eur":"","smort_restorder":"","shipmondo_restorder":"","_kad_blocks_custom_css":"","_kad_blocks_head_custom_js":"","_kad_blocks_body_custom_js":"","_kad_blocks_footer_custom_js":"","smort_custom_pricelist_1":"828.8","smort_custom_pricelist_2":"725.2","smort_custom_pricelist_3":"673.4","smort_custom_pricelist_4":"1036","smort_custom_pricelist_5":"725.2"},"anvandningsomrade":[],"bilmarken":[],"product_brand":[108],"product_cat":[377],"product_tag":[],"class_list":{"0":"post-25448","1":"product","2":"type-product","3":"status-publish","4":"has-post-thumbnail","6":"product_brand-osram","7":"product_cat-biltillbehor","8":"pa_storlek-mm-254x42x94","9":"pa_volt-v-159","11":"first","12":"instock","13":"taxable","14":"shipping-taxable","15":"purchasable","16":"product-type-simple"},"bundled_by":[],"bundle_stock_status":"instock","bundle_stock_quantity":4,"bundle_virtual":false,"bundle_layout":"","bundle_add_to_cart_form_location":"","bundle_editable_in_cart":false,"bundle_sold_individually_context":"","bundle_item_grouping":"","bundle_min_size":"","bundle_max_size":"","bundle_price":[],"bundled_items":[],"bundle_sell_ids":[],"acf":[],"yoast_head":"<!-- This site is optimized with the Yoast SEO plugin v27.0 - https:\/\/yoast.com\/product\/yoast-seo-wordpress\/ -->\n<title>BATTERYjumpstart 500 OJS010 - Xenonkungen<\/title>\n<meta name=\"robots\" content=\"index, follow, max-snippet:-1, max-image-preview:large, max-video-preview:-1\" \/>\n<link rel=\"canonical\" href=\"https:\/\/xenonkungen.com\/fi\/tuote\/akkukaynnistys-500-ojs010\/\" \/>\n<meta property=\"og:locale\" content=\"fi_FI\" \/>\n<meta property=\"og:type\" content=\"article\" \/>\n<meta property=\"og:title\" content=\"BATTERYjumpstart 500 OJS010 - Xenonkungen\" \/>\n<meta property=\"og:description\" content=\"Kraftfull starthj\u00e4lp n\u00e4r du beh\u00f6ver den \u2013 trygghet i fickformat OSRAM BATTERYjumpstart 500 \u00e4r en kompakt men kraftfull starthj\u00e4lp som ger dig full kontroll n\u00e4r batteriet sviker. Den \u00e4r utvecklad f\u00f6r 12 V-fordon och klarar motorer upp till 3,0 l bensin eller 1,5 l diesel, vilket g\u00f6r den perfekt f\u00f6r personbilar, transportbilar, SUV:ar och l\u00e4tta [&hellip;]\" \/>\n<meta property=\"og:url\" content=\"https:\/\/xenonkungen.com\/fi\/tuote\/akkukaynnistys-500-ojs010\/\" \/>\n<meta property=\"og:site_name\" content=\"Xenonkungen\" \/>\n<meta property=\"article:modified_time\" content=\"2026-04-24T16:43:27+00:00\" \/>\n<meta property=\"og:image\" content=\"https:\/\/xenonkungen.com\/wp-content\/uploads\/2026\/01\/Small-for-web-and-ppt-PI_BATTERYstart_OJS010_cmyk_RZ.jpg\" \/>\n\t<meta property=\"og:image:width\" content=\"1024\" \/>\n\t<meta property=\"og:image:height\" content=\"1024\" \/>\n\t<meta property=\"og:image:type\" content=\"image\/jpeg\" \/>\n<meta name=\"twitter:card\" content=\"summary_large_image\" \/>\n<meta name=\"twitter:label1\" content=\"Arvioitu lukuaika\" \/>\n\t<meta name=\"twitter:data1\" content=\"2 minuuttia\" \/>\n<script type=\"application\/ld+json\" class=\"yoast-schema-graph\">{\"@context\":\"https:\/\/schema.org\",\"@graph\":[{\"@type\":\"WebPage\",\"@id\":\"https:\/\/xenonkungen.com\/produkt\/batteryjumpstart-500-ojs010\/\",\"url\":\"https:\/\/xenonkungen.com\/produkt\/batteryjumpstart-500-ojs010\/\",\"name\":\"BATTERYjumpstart 500 OJS010 - Xenonkungen\",\"isPartOf\":{\"@id\":\"https:\/\/xenonkungen.com\/#website\"},\"primaryImageOfPage\":{\"@id\":\"https:\/\/xenonkungen.com\/produkt\/batteryjumpstart-500-ojs010\/#primaryimage\"},\"image\":{\"@id\":\"https:\/\/xenonkungen.com\/produkt\/batteryjumpstart-500-ojs010\/#primaryimage\"},\"thumbnailUrl\":\"https:\/\/xenonkungen.com\/wp-content\/uploads\/2026\/01\/Small-for-web-and-ppt-PI_BATTERYstart_OJS010_cmyk_RZ.jpg\",\"datePublished\":\"2026-01-28T14:37:02+00:00\",\"dateModified\":\"2026-04-24T16:43:27+00:00\",\"breadcrumb\":{\"@id\":\"https:\/\/xenonkungen.com\/produkt\/batteryjumpstart-500-ojs010\/#breadcrumb\"},\"inLanguage\":\"fi\",\"potentialAction\":[{\"@type\":\"ReadAction\",\"target\":[\"https:\/\/xenonkungen.com\/produkt\/batteryjumpstart-500-ojs010\/\"]}]},{\"@type\":\"ImageObject\",\"inLanguage\":\"fi\",\"@id\":\"https:\/\/xenonkungen.com\/produkt\/batteryjumpstart-500-ojs010\/#primaryimage\",\"url\":\"https:\/\/xenonkungen.com\/wp-content\/uploads\/2026\/01\/Small-for-web-and-ppt-PI_BATTERYstart_OJS010_cmyk_RZ.jpg\",\"contentUrl\":\"https:\/\/xenonkungen.com\/wp-content\/uploads\/2026\/01\/Small-for-web-and-ppt-PI_BATTERYstart_OJS010_cmyk_RZ.jpg\",\"width\":1024,\"height\":1024},{\"@type\":\"BreadcrumbList\",\"@id\":\"https:\/\/xenonkungen.com\/produkt\/batteryjumpstart-500-ojs010\/#breadcrumb\",\"itemListElement\":[{\"@type\":\"ListItem\",\"position\":1,\"name\":\"Hem\",\"item\":\"https:\/\/xenonkungen.com\/\"},{\"@type\":\"ListItem\",\"position\":2,\"name\":\"Shop\",\"item\":\"https:\/\/xenonkungen.com\/shop\/\"},{\"@type\":\"ListItem\",\"position\":3,\"name\":\"BATTERYjumpstart 500 OJS010\"}]},{\"@type\":\"WebSite\",\"@id\":\"https:\/\/xenonkungen.com\/#website\",\"url\":\"https:\/\/xenonkungen.com\/\",\"name\":\"Xenonkungen\",\"description\":\"\",\"potentialAction\":[{\"@type\":\"SearchAction\",\"target\":{\"@type\":\"EntryPoint\",\"urlTemplate\":\"https:\/\/xenonkungen.com\/?s={search_term_string}\"},\"query-input\":{\"@type\":\"PropertyValueSpecification\",\"valueRequired\":true,\"valueName\":\"search_term_string\"}}],\"inLanguage\":\"fi\"}]}<\/script>\n<!-- \/ Yoast SEO plugin. -->","yoast_head_json":{"title":"AKKUjumpstart 500 OJS010 - Ksenonkuningas","robots":{"index":"index","follow":"follow","max-snippet":"max-snippet:-1","max-image-preview":"max-image-preview:large","max-video-preview":"max-video-preview:-1"},"canonical":"https:\/\/xenonkungen.com\/fi\/tuote\/akkukaynnistys-500-ojs010\/","og_locale":"fi_FI","og_type":"article","og_title":"BATTERYjumpstart 500 OJS010 - Xenonkungen","og_description":"Kraftfull starthj\u00e4lp n\u00e4r du beh\u00f6ver den \u2013 trygghet i fickformat OSRAM BATTERYjumpstart 500 \u00e4r en kompakt men kraftfull starthj\u00e4lp som ger dig full kontroll n\u00e4r batteriet sviker. Den \u00e4r utvecklad f\u00f6r 12 V-fordon och klarar motorer upp till 3,0 l bensin eller 1,5 l diesel, vilket g\u00f6r den perfekt f\u00f6r personbilar, transportbilar, SUV:ar och l\u00e4tta [&hellip;]","og_url":"https:\/\/xenonkungen.com\/fi\/tuote\/akkukaynnistys-500-ojs010\/","og_site_name":"Xenonkungen","article_modified_time":"2026-04-24T16:43:27+00:00","og_image":[{"width":1024,"height":1024,"url":"https:\/\/xenonkungen.com\/wp-content\/uploads\/2026\/01\/Small-for-web-and-ppt-PI_BATTERYstart_OJS010_cmyk_RZ.jpg","type":"image\/jpeg"}],"twitter_card":"summary_large_image","twitter_misc":{"Arvioitu lukuaika":"2 minuuttia"},"schema":{"@context":"https:\/\/schema.org","@graph":[{"@type":"WebPage","@id":"https:\/\/xenonkungen.com\/produkt\/batteryjumpstart-500-ojs010\/","url":"https:\/\/xenonkungen.com\/produkt\/batteryjumpstart-500-ojs010\/","name":"AKKUjumpstart 500 OJS010 - Ksenonkuningas","isPartOf":{"@id":"https:\/\/xenonkungen.com\/#website"},"primaryImageOfPage":{"@id":"https:\/\/xenonkungen.com\/produkt\/batteryjumpstart-500-ojs010\/#primaryimage"},"image":{"@id":"https:\/\/xenonkungen.com\/produkt\/batteryjumpstart-500-ojs010\/#primaryimage"},"thumbnailUrl":"https:\/\/xenonkungen.com\/wp-content\/uploads\/2026\/01\/Small-for-web-and-ppt-PI_BATTERYstart_OJS010_cmyk_RZ.jpg","datePublished":"2026-01-28T14:37:02+00:00","dateModified":"2026-04-24T16:43:27+00:00","breadcrumb":{"@id":"https:\/\/xenonkungen.com\/produkt\/batteryjumpstart-500-ojs010\/#breadcrumb"},"inLanguage":"fi","potentialAction":[{"@type":"ReadAction","target":["https:\/\/xenonkungen.com\/produkt\/batteryjumpstart-500-ojs010\/"]}]},{"@type":"ImageObject","inLanguage":"fi","@id":"https:\/\/xenonkungen.com\/produkt\/batteryjumpstart-500-ojs010\/#primaryimage","url":"https:\/\/xenonkungen.com\/wp-content\/uploads\/2026\/01\/Small-for-web-and-ppt-PI_BATTERYstart_OJS010_cmyk_RZ.jpg","contentUrl":"https:\/\/xenonkungen.com\/wp-content\/uploads\/2026\/01\/Small-for-web-and-ppt-PI_BATTERYstart_OJS010_cmyk_RZ.jpg","width":1024,"height":1024},{"@type":"BreadcrumbList","@id":"https:\/\/xenonkungen.com\/produkt\/batteryjumpstart-500-ojs010\/#breadcrumb","itemListElement":[{"@type":"ListItem","position":1,"name":"Hem","item":"https:\/\/xenonkungen.com\/"},{"@type":"ListItem","position":2,"name":"Shop","item":"https:\/\/xenonkungen.com\/shop\/"},{"@type":"ListItem","position":3,"name":"BATTERYjumpstart 500 OJS010"}]},{"@type":"WebSite","@id":"https:\/\/xenonkungen.com\/#website","url":"https:\/\/xenonkungen.com\/","name":"Xenonkungen","description":"","potentialAction":[{"@type":"SearchAction","target":{"@type":"EntryPoint","urlTemplate":"https:\/\/xenonkungen.com\/?s={search_term_string}"},"query-input":{"@type":"PropertyValueSpecification","valueRequired":true,"valueName":"search_term_string"}}],"inLanguage":"fi"}]}},"taxonomy_info":{"product_brand":[{"value":108,"label":"OSRAM"}],"product_cat":[{"value":377,"label":"Biltillbeh\u00f6r"}],"pa_storlek-mm":[{"value":2873,"label":"254x42x94"}],"pa_volt-v":[{"value":159,"label":"12"}]},"featured_image_src_large":["https:\/\/xenonkungen.com\/wp-content\/uploads\/2026\/01\/Small-for-web-and-ppt-PI_BATTERYstart_OJS010_cmyk_RZ.jpg",1024,1024,false],"author_info":[],"comment_info":0,"_links":{"self":[{"href":"https:\/\/xenonkungen.com\/fi\/wp-json\/wp\/v2\/product\/25448","targetHints":{"allow":["GET"]}}],"collection":[{"href":"https:\/\/xenonkungen.com\/fi\/wp-json\/wp\/v2\/product"}],"about":[{"href":"https:\/\/xenonkungen.com\/fi\/wp-json\/wp\/v2\/types\/product"}],"replies":[{"embeddable":true,"href":"https:\/\/xenonkungen.com\/fi\/wp-json\/wp\/v2\/comments?post=25448"}],"wp:featuredmedia":[{"embeddable":true,"href":"https:\/\/xenonkungen.com\/fi\/wp-json\/wp\/v2\/media\/25450"}],"wp:attachment":[{"href":"https:\/\/xenonkungen.com\/fi\/wp-json\/wp\/v2\/media?parent=25448"}],"wp:term":[{"taxonomy":"anvandningsomrade","embeddable":true,"href":"https:\/\/xenonkungen.com\/fi\/wp-json\/wp\/v2\/anvandningsomrade?post=25448"},{"taxonomy":"bilmarken","embeddable":true,"href":"https:\/\/xenonkungen.com\/fi\/wp-json\/wp\/v2\/bilmarken?post=25448"},{"taxonomy":"product_brand","embeddable":true,"href":"https:\/\/xenonkungen.com\/fi\/wp-json\/wp\/v2\/product_brand?post=25448"},{"taxonomy":"product_cat","embeddable":true,"href":"https:\/\/xenonkungen.com\/fi\/wp-json\/wp\/v2\/product_cat?post=25448"},{"taxonomy":"product_tag","embeddable":true,"href":"https:\/\/xenonkungen.com\/fi\/wp-json\/wp\/v2\/product_tag?post=25448"}],"curies":[{"name":"wp","href":"https:\/\/api.w.org\/{rel}","templated":true}]}}