{"id":25598,"date":"2026-01-30T13:26:56","date_gmt":"2026-01-30T12:26:56","guid":{"rendered":"https:\/\/xenonkungen.com\/?post_type=product&#038;p=25598"},"modified":"2026-05-08T13:32:05","modified_gmt":"2026-05-08T12:32:05","slug":"night-breaker-led-vintage-h4-katuvalmius","status":"publish","type":"product","link":"https:\/\/xenonkungen.com\/fi\/tuote\/night-breaker-led-vintage-h4-katuvalmius\/","title":{"rendered":"NIGHT BREAKER LED VINTAGE H4 | Tieliikennekelpoinen"},"content":{"rendered":"<h3 data-start=\"166\" data-end=\"211\">Modernia LED-tekniikkaa ajattomiin klassikoihin<\/h3>\n<p data-start=\"213\" data-end=\"464\"><strong data-start=\"213\" data-end=\"283\"><span class=\"hover:entity-accent entity-underline inline cursor-pointer align-baseline\"><span class=\"whitespace-normal\">OSRAM<\/span><\/span> NIGHT BREAKER LED VINTAGE H4<\/strong> on ikoninen LED-p\u00e4ivitys, joka on luotu <strong data-start=\"326\" data-end=\"356\">klassikko- ja vintage-autot<\/strong> \u2013 ja niille, jotka haluavat s\u00e4ilytt\u00e4\u00e4 auton alkuper\u00e4isen luonteen turvallisuudesta ja suorituskyvyst\u00e4 tinkim\u00e4tt\u00e4.<\/p>\n<p data-start=\"466\" data-end=\"699\">Tapaa t\u00e4\u00e4ll\u00e4 <strong data-start=\"475\" data-end=\"514\">modernia LED-tekniikkaa ja ajatonta muotoilua<\/strong> t\u00e4ydellisess\u00e4 harmoniassa. <strong data-start=\"538\" data-end=\"565\">katuk\u00e4ytt\u00f6\u00f6n sallittu\u00b9 LED-valo<\/strong> ei ainoastaan tarjoa parempaa n\u00e4kyvyytt\u00e4, vaan antaa my\u00f6s autollesi loistaa <strong data-start=\"636\" data-end=\"661\">aito nostalginen hehku<\/strong> jotka muistuttavat klassisia hehkulamppuja.<\/p>\n<hr data-start=\"701\" data-end=\"704\" \/>\n<h3 data-start=\"706\" data-end=\"752\">Miksi valita NIGHT BREAKER LED VINTAGE H4?<\/h3>\n<ul data-start=\"754\" data-end=\"1280\">\n<li data-start=\"754\" data-end=\"813\">\n<p data-start=\"756\" data-end=\"813\"><strong data-start=\"756\" data-end=\"790\">Tieliikennekelpoinen\u00b9 LED-j\u00e4lkiasennus<\/strong> klassisiin ajoneuvoihin<\/p>\n<\/li>\n<li data-start=\"814\" data-end=\"882\">\n<p data-start=\"816\" data-end=\"882\"><strong data-start=\"816\" data-end=\"852\">L\u00e4mmin valkoinen valo jopa 3000 K<\/strong> \u2013 aito ja ajanmukainen<\/p>\n<\/li>\n<li data-start=\"883\" data-end=\"943\">\n<p data-start=\"885\" data-end=\"943\"><strong data-start=\"885\" data-end=\"921\">Jopa 330 % suurempi kirkkaus\u00b2<\/strong> verrattuna halogeeniin<\/p>\n<\/li>\n<li data-start=\"944\" data-end=\"1004\">\n<p data-start=\"946\" data-end=\"1004\"><strong data-start=\"946\" data-end=\"979\">Jopa 50 % %:n h\u00e4ik\u00e4isy\u00e4 alempana<\/strong> kuin sallitut enimm\u00e4isarvot\u00b2<\/p>\n<\/li>\n<li data-start=\"1005\" data-end=\"1062\">\n<p data-start=\"1007\" data-end=\"1062\"><strong data-start=\"1007\" data-end=\"1027\">Lis\u00e4-R2-sovitin<\/strong> \u2013 sopii sek\u00e4 H4- ett\u00e4 R2-kantoihin<\/p>\n<\/li>\n<li data-start=\"1063\" data-end=\"1141\">\n<p data-start=\"1065\" data-end=\"1141\"><strong data-start=\"1065\" data-end=\"1095\">Jatkuvan kirkkauden tekniikka<\/strong> tasaisen valon takaamiseksi my\u00f6s alhaisella akun j\u00e4nnitteell\u00e4<\/p>\n<\/li>\n<li data-start=\"1142\" data-end=\"1216\">\n<p data-start=\"1144\" data-end=\"1216\"><strong data-start=\"1144\" data-end=\"1182\">Jopa 6 kertaa pidempi k\u00e4ytt\u00f6ik\u00e4<\/strong> kuin perinteiset halogeenilamput<\/p>\n<\/li>\n<li data-start=\"1217\" data-end=\"1280\">\n<p data-start=\"1219\" data-end=\"1280\"><strong data-start=\"1219\" data-end=\"1241\">Ei UV-s\u00e4teily\u00e4<\/strong> \u2013 suojaa heijastinta ja alkuper\u00e4ist\u00e4 lasia<\/p>\n<\/li>\n<\/ul>\n<hr data-start=\"1282\" data-end=\"1285\" \/>\n<p data-start=\"1287\" data-end=\"1589\">L\u00e4mmin valkoinen valon v\u00e4ri luo <strong data-start=\"1322\" data-end=\"1347\">pehme\u00e4, klassinen kiilto<\/strong> joka sulautuu t\u00e4ydellisesti vintage-ajoneuvojen estetiikkaan ja parantaa samalla huomattavasti <strong data-start=\"1437\" data-end=\"1469\">n\u00e4kyvyys, n\u00e4kyvyys ja turvallisuus<\/strong>OSRAMin edistyneen LED-suunnittelun ansiosta saat <strong data-start=\"1527\" data-end=\"1557\">vakaa ja luotettava valo<\/strong> \u2013 jopa vaihtelevalla j\u00e4nnitteell\u00e4.<\/p>\n<p data-start=\"1591\" data-end=\"1753\">NIGHT BREAKER LED VINTAGE H4 on enemm\u00e4n kuin vain lamppu \u2013 se on <strong data-start=\"1657\" data-end=\"1697\">lausunto alkuper\u00e4isen tunnelman s\u00e4ilytt\u00e4misest\u00e4<\/strong>, jossa historia ja tulevaisuus kohtaavat samassa valossa.<\/p>\n<p data-start=\"1755\" data-end=\"1872\">Lis\u00e4turvatoimenpiteen\u00e4 OSRAM tarjoaa my\u00f6s <strong data-start=\"1801\" data-end=\"1822\">erityistakuu\u2074<\/strong> kaikissa NIGHT BREAKER\u2122 LED -j\u00e4lkiasennettavissa valoissa.<\/p>\n<p data-start=\"1874\" data-end=\"1938\" data-is-last-node=\"\" data-is-only-node=\"\"><strong data-start=\"1877\" data-end=\"1938\" data-is-last-node=\"\">T\u00e4ydellinen niille, jotka haluavat ajaa klassisella tavalla \u2013 mutta n\u00e4ytt\u00e4\u00e4 modernilta.<\/strong><\/p>\n<h2><a href=\"https:\/\/look.ams-osram.com\/m\/279bdebe1f871386\/original\/led-night-breaker-h7-vehicle-list-en.pdf\" target=\"_blank\" rel=\"noopener\">Katso yhteensopivat automallit t\u00e4\u00e4lt\u00e4<\/a><\/h2>","protected":false},"excerpt":{"rendered":"<p>Modern LED-teknik f\u00f6r tidl\u00f6sa klassiker OSRAM NIGHT BREAKER LED VINTAGE H4 \u00e4r en ikonisk LED-uppgradering skapad f\u00f6r klassiska och vintagebilar \u2013 och f\u00f6r dig som vill bevara bilens ursprungliga karakt\u00e4r utan att kompromissa med s\u00e4kerhet och prestanda. H\u00e4r m\u00f6ts modern LED-teknik och tidl\u00f6s design i perfekt harmoni. Den gatulagliga\u00b9 LED-lampan levererar inte bara b\u00e4ttre sikt, [&hellip;]<\/p>","protected":false},"featured_media":25599,"comment_status":"open","ping_status":"closed","template":"","meta":{"_acf_changed":false,"_smort_price_nok":"2131","_smort_price_dkk":"","_smort_price_eur":"","_smort_sale_price_nok":"","_smort_sale_price_dkk":"","_smort_sale_price_eur":"","smort_restorder":"","shipmondo_restorder":"","_kad_blocks_custom_css":"","_kad_blocks_head_custom_js":"","_kad_blocks_body_custom_js":"","_kad_blocks_footer_custom_js":"","smort_custom_pricelist_1":"1276.8","smort_custom_pricelist_2":"1117.2","smort_custom_pricelist_3":"1037.4","smort_custom_pricelist_4":"1596","smort_custom_pricelist_5":"1117.2"},"anvandningsomrade":[],"bilmarken":[],"product_brand":[108],"product_cat":[2451,2633,733],"product_tag":[],"class_list":{"0":"post-25598","1":"product","2":"type-product","3":"status-publish","4":"has-post-thumbnail","6":"product_brand-osram","7":"product_cat-led-konvertering","8":"product_cat-osram-ledriving-halvljus-helljus","9":"product_cat-halvljus-helljus","10":"pa_faktisk-effekts-forbrukning-210-20","11":"pa_fargtemperatur-6000k","12":"pa_volt-v-159","14":"first","15":"instock","16":"taxable","17":"shipping-taxable","18":"purchasable","19":"product-type-simple"},"bundled_by":[],"bundle_stock_status":"instock","bundle_stock_quantity":3,"bundle_virtual":false,"bundle_layout":"","bundle_add_to_cart_form_location":"","bundle_editable_in_cart":false,"bundle_sold_individually_context":"","bundle_item_grouping":"","bundle_min_size":"","bundle_max_size":"","bundle_price":[],"bundled_items":[],"bundle_sell_ids":[],"acf":[],"yoast_head":"<!-- This site is optimized with the Yoast SEO plugin v27.0 - https:\/\/yoast.com\/product\/yoast-seo-wordpress\/ -->\n<title>NIGHT BREAKER LED VINTAGE H4 | Street Legal - Xenonkungen<\/title>\n<meta name=\"robots\" content=\"index, follow, max-snippet:-1, max-image-preview:large, max-video-preview:-1\" \/>\n<link rel=\"canonical\" href=\"https:\/\/xenonkungen.com\/fi\/tuote\/night-breaker-led-vintage-h4-katuvalmius\/\" \/>\n<meta property=\"og:locale\" content=\"fi_FI\" \/>\n<meta property=\"og:type\" content=\"article\" \/>\n<meta property=\"og:title\" content=\"NIGHT BREAKER LED VINTAGE H4 | Street Legal - Xenonkungen\" \/>\n<meta property=\"og:description\" content=\"Modern LED-teknik f\u00f6r tidl\u00f6sa klassiker OSRAM NIGHT BREAKER LED VINTAGE H4 \u00e4r en ikonisk LED-uppgradering skapad f\u00f6r klassiska och vintagebilar \u2013 och f\u00f6r dig som vill bevara bilens ursprungliga karakt\u00e4r utan att kompromissa med s\u00e4kerhet och prestanda. H\u00e4r m\u00f6ts modern LED-teknik och tidl\u00f6s design i perfekt harmoni. Den gatulagliga\u00b9 LED-lampan levererar inte bara b\u00e4ttre sikt, [&hellip;]\" \/>\n<meta property=\"og:url\" content=\"https:\/\/xenonkungen.com\/fi\/tuote\/night-breaker-led-vintage-h4-katuvalmius\/\" \/>\n<meta property=\"og:site_name\" content=\"Xenonkungen\" \/>\n<meta property=\"article:modified_time\" content=\"2026-05-08T12:32:05+00:00\" \/>\n<meta property=\"og:image\" content=\"https:\/\/xenonkungen.com\/wp-content\/uploads\/2026\/01\/Small-for-web-and-ppt-G15140972_NightBraker-LED-Vintage_Upright-Composing.jpg\" \/>\n\t<meta property=\"og:image:width\" content=\"1024\" \/>\n\t<meta property=\"og:image:height\" content=\"1031\" \/>\n\t<meta property=\"og:image:type\" content=\"image\/jpeg\" \/>\n<meta name=\"twitter:card\" content=\"summary_large_image\" \/>\n<meta name=\"twitter:label1\" content=\"Arvioitu lukuaika\" \/>\n\t<meta name=\"twitter:data1\" content=\"2 minuuttia\" \/>\n<script type=\"application\/ld+json\" class=\"yoast-schema-graph\">{\"@context\":\"https:\/\/schema.org\",\"@graph\":[{\"@type\":\"WebPage\",\"@id\":\"https:\/\/xenonkungen.com\/produkt\/night-breaker-led-vintage-h4-street-legal\/\",\"url\":\"https:\/\/xenonkungen.com\/produkt\/night-breaker-led-vintage-h4-street-legal\/\",\"name\":\"NIGHT BREAKER LED VINTAGE H4 | Street Legal - Xenonkungen\",\"isPartOf\":{\"@id\":\"https:\/\/xenonkungen.com\/#website\"},\"primaryImageOfPage\":{\"@id\":\"https:\/\/xenonkungen.com\/produkt\/night-breaker-led-vintage-h4-street-legal\/#primaryimage\"},\"image\":{\"@id\":\"https:\/\/xenonkungen.com\/produkt\/night-breaker-led-vintage-h4-street-legal\/#primaryimage\"},\"thumbnailUrl\":\"https:\/\/xenonkungen.com\/wp-content\/uploads\/2026\/01\/Small-for-web-and-ppt-G15140972_NightBraker-LED-Vintage_Upright-Composing.jpg\",\"datePublished\":\"2026-01-30T12:26:56+00:00\",\"dateModified\":\"2026-05-08T12:32:05+00:00\",\"breadcrumb\":{\"@id\":\"https:\/\/xenonkungen.com\/produkt\/night-breaker-led-vintage-h4-street-legal\/#breadcrumb\"},\"inLanguage\":\"fi\",\"potentialAction\":[{\"@type\":\"ReadAction\",\"target\":[\"https:\/\/xenonkungen.com\/produkt\/night-breaker-led-vintage-h4-street-legal\/\"]}]},{\"@type\":\"ImageObject\",\"inLanguage\":\"fi\",\"@id\":\"https:\/\/xenonkungen.com\/produkt\/night-breaker-led-vintage-h4-street-legal\/#primaryimage\",\"url\":\"https:\/\/xenonkungen.com\/wp-content\/uploads\/2026\/01\/Small-for-web-and-ppt-G15140972_NightBraker-LED-Vintage_Upright-Composing.jpg\",\"contentUrl\":\"https:\/\/xenonkungen.com\/wp-content\/uploads\/2026\/01\/Small-for-web-and-ppt-G15140972_NightBraker-LED-Vintage_Upright-Composing.jpg\",\"width\":1024,\"height\":1031},{\"@type\":\"BreadcrumbList\",\"@id\":\"https:\/\/xenonkungen.com\/produkt\/night-breaker-led-vintage-h4-street-legal\/#breadcrumb\",\"itemListElement\":[{\"@type\":\"ListItem\",\"position\":1,\"name\":\"Hem\",\"item\":\"https:\/\/xenonkungen.com\/\"},{\"@type\":\"ListItem\",\"position\":2,\"name\":\"Shop\",\"item\":\"https:\/\/xenonkungen.com\/shop\/\"},{\"@type\":\"ListItem\",\"position\":3,\"name\":\"NIGHT BREAKER LED VINTAGE H4 | Street Legal\"}]},{\"@type\":\"WebSite\",\"@id\":\"https:\/\/xenonkungen.com\/#website\",\"url\":\"https:\/\/xenonkungen.com\/\",\"name\":\"Xenonkungen\",\"description\":\"\",\"potentialAction\":[{\"@type\":\"SearchAction\",\"target\":{\"@type\":\"EntryPoint\",\"urlTemplate\":\"https:\/\/xenonkungen.com\/?s={search_term_string}\"},\"query-input\":{\"@type\":\"PropertyValueSpecification\",\"valueRequired\":true,\"valueName\":\"search_term_string\"}}],\"inLanguage\":\"fi\"}]}<\/script>\n<!-- \/ Yoast SEO plugin. -->","yoast_head_json":{"title":"NIGHT BREAKER LED VINTAGE H4 | Tieliikennekelpoinen - Xenon King","robots":{"index":"index","follow":"follow","max-snippet":"max-snippet:-1","max-image-preview":"max-image-preview:large","max-video-preview":"max-video-preview:-1"},"canonical":"https:\/\/xenonkungen.com\/fi\/tuote\/night-breaker-led-vintage-h4-katuvalmius\/","og_locale":"fi_FI","og_type":"article","og_title":"NIGHT BREAKER LED VINTAGE H4 | Street Legal - Xenonkungen","og_description":"Modern LED-teknik f\u00f6r tidl\u00f6sa klassiker OSRAM NIGHT BREAKER LED VINTAGE H4 \u00e4r en ikonisk LED-uppgradering skapad f\u00f6r klassiska och vintagebilar \u2013 och f\u00f6r dig som vill bevara bilens ursprungliga karakt\u00e4r utan att kompromissa med s\u00e4kerhet och prestanda. H\u00e4r m\u00f6ts modern LED-teknik och tidl\u00f6s design i perfekt harmoni. Den gatulagliga\u00b9 LED-lampan levererar inte bara b\u00e4ttre sikt, [&hellip;]","og_url":"https:\/\/xenonkungen.com\/fi\/tuote\/night-breaker-led-vintage-h4-katuvalmius\/","og_site_name":"Xenonkungen","article_modified_time":"2026-05-08T12:32:05+00:00","og_image":[{"width":1024,"height":1031,"url":"https:\/\/xenonkungen.com\/wp-content\/uploads\/2026\/01\/Small-for-web-and-ppt-G15140972_NightBraker-LED-Vintage_Upright-Composing.jpg","type":"image\/jpeg"}],"twitter_card":"summary_large_image","twitter_misc":{"Arvioitu lukuaika":"2 minuuttia"},"schema":{"@context":"https:\/\/schema.org","@graph":[{"@type":"WebPage","@id":"https:\/\/xenonkungen.com\/produkt\/night-breaker-led-vintage-h4-street-legal\/","url":"https:\/\/xenonkungen.com\/produkt\/night-breaker-led-vintage-h4-street-legal\/","name":"NIGHT BREAKER LED VINTAGE H4 | Tieliikennekelpoinen - Xenon King","isPartOf":{"@id":"https:\/\/xenonkungen.com\/#website"},"primaryImageOfPage":{"@id":"https:\/\/xenonkungen.com\/produkt\/night-breaker-led-vintage-h4-street-legal\/#primaryimage"},"image":{"@id":"https:\/\/xenonkungen.com\/produkt\/night-breaker-led-vintage-h4-street-legal\/#primaryimage"},"thumbnailUrl":"https:\/\/xenonkungen.com\/wp-content\/uploads\/2026\/01\/Small-for-web-and-ppt-G15140972_NightBraker-LED-Vintage_Upright-Composing.jpg","datePublished":"2026-01-30T12:26:56+00:00","dateModified":"2026-05-08T12:32:05+00:00","breadcrumb":{"@id":"https:\/\/xenonkungen.com\/produkt\/night-breaker-led-vintage-h4-street-legal\/#breadcrumb"},"inLanguage":"fi","potentialAction":[{"@type":"ReadAction","target":["https:\/\/xenonkungen.com\/produkt\/night-breaker-led-vintage-h4-street-legal\/"]}]},{"@type":"ImageObject","inLanguage":"fi","@id":"https:\/\/xenonkungen.com\/produkt\/night-breaker-led-vintage-h4-street-legal\/#primaryimage","url":"https:\/\/xenonkungen.com\/wp-content\/uploads\/2026\/01\/Small-for-web-and-ppt-G15140972_NightBraker-LED-Vintage_Upright-Composing.jpg","contentUrl":"https:\/\/xenonkungen.com\/wp-content\/uploads\/2026\/01\/Small-for-web-and-ppt-G15140972_NightBraker-LED-Vintage_Upright-Composing.jpg","width":1024,"height":1031},{"@type":"BreadcrumbList","@id":"https:\/\/xenonkungen.com\/produkt\/night-breaker-led-vintage-h4-street-legal\/#breadcrumb","itemListElement":[{"@type":"ListItem","position":1,"name":"Hem","item":"https:\/\/xenonkungen.com\/"},{"@type":"ListItem","position":2,"name":"Shop","item":"https:\/\/xenonkungen.com\/shop\/"},{"@type":"ListItem","position":3,"name":"NIGHT BREAKER LED VINTAGE H4 | Street Legal"}]},{"@type":"WebSite","@id":"https:\/\/xenonkungen.com\/#website","url":"https:\/\/xenonkungen.com\/","name":"Xenonkungen","description":"","potentialAction":[{"@type":"SearchAction","target":{"@type":"EntryPoint","urlTemplate":"https:\/\/xenonkungen.com\/?s={search_term_string}"},"query-input":{"@type":"PropertyValueSpecification","valueRequired":true,"valueName":"search_term_string"}}],"inLanguage":"fi"}]}},"taxonomy_info":{"product_brand":[{"value":108,"label":"OSRAM"}],"product_cat":[{"value":2451,"label":"Led-konvertering"},{"value":2633,"label":"OSRAM Ledriving"},{"value":733,"label":"Halvljus \/ Helljus"}],"pa_faktisk-effekts-forbrukning":[{"value":300,"label":"21,0 \/ 20"}],"pa_fargtemperatur":[{"value":188,"label":"6000K"}],"pa_volt-v":[{"value":159,"label":"12"}]},"featured_image_src_large":["https:\/\/xenonkungen.com\/wp-content\/uploads\/2026\/01\/Small-for-web-and-ppt-G15140972_NightBraker-LED-Vintage_Upright-Composing-1017x1024.jpg",1017,1024,true],"author_info":[],"comment_info":0,"_links":{"self":[{"href":"https:\/\/xenonkungen.com\/fi\/wp-json\/wp\/v2\/product\/25598","targetHints":{"allow":["GET"]}}],"collection":[{"href":"https:\/\/xenonkungen.com\/fi\/wp-json\/wp\/v2\/product"}],"about":[{"href":"https:\/\/xenonkungen.com\/fi\/wp-json\/wp\/v2\/types\/product"}],"replies":[{"embeddable":true,"href":"https:\/\/xenonkungen.com\/fi\/wp-json\/wp\/v2\/comments?post=25598"}],"wp:featuredmedia":[{"embeddable":true,"href":"https:\/\/xenonkungen.com\/fi\/wp-json\/wp\/v2\/media\/25599"}],"wp:attachment":[{"href":"https:\/\/xenonkungen.com\/fi\/wp-json\/wp\/v2\/media?parent=25598"}],"wp:term":[{"taxonomy":"anvandningsomrade","embeddable":true,"href":"https:\/\/xenonkungen.com\/fi\/wp-json\/wp\/v2\/anvandningsomrade?post=25598"},{"taxonomy":"bilmarken","embeddable":true,"href":"https:\/\/xenonkungen.com\/fi\/wp-json\/wp\/v2\/bilmarken?post=25598"},{"taxonomy":"product_brand","embeddable":true,"href":"https:\/\/xenonkungen.com\/fi\/wp-json\/wp\/v2\/product_brand?post=25598"},{"taxonomy":"product_cat","embeddable":true,"href":"https:\/\/xenonkungen.com\/fi\/wp-json\/wp\/v2\/product_cat?post=25598"},{"taxonomy":"product_tag","embeddable":true,"href":"https:\/\/xenonkungen.com\/fi\/wp-json\/wp\/v2\/product_tag?post=25598"}],"curies":[{"name":"wp","href":"https:\/\/api.w.org\/{rel}","templated":true}]}}