{"id":25703,"date":"2026-02-02T09:46:15","date_gmt":"2026-02-02T08:46:15","guid":{"rendered":"https:\/\/xenonkungen.com\/?post_type=product&#038;p=25703"},"modified":"2026-04-17T15:58:44","modified_gmt":"2026-04-17T14:58:44","slug":"ledguardian-kuorma-auton-soihtusignaali-ta19-valttamaton","status":"publish","type":"product","link":"https:\/\/xenonkungen.com\/fi\/tuote\/ledguardian-kuorma-auton-soihtusignaali-ta19-valttamaton\/","title":{"rendered":"LEDguardian TRUCK FLARE -merkkivalo TA19 Essential"},"content":{"rendered":"<h2 data-start=\"129\" data-end=\"186\">N\u00e4e ja tule n\u00e4hdyksi OSRAM LEDguardian TRUCK FLARE TA19:n avulla<\/h2>\n<p data-start=\"188\" data-end=\"434\"><strong data-start=\"188\" data-end=\"275\"><span class=\"hover:entity-accent entity-underline inline cursor-pointer align-baseline\"><span class=\"whitespace-normal\">OSRAM<\/span><\/span> LEDguardian TRUCK FLARE -merkkivalo TA19 Essential<\/strong> on tehokas LED-varoitusvalo, joka tarjoaa hyv\u00e4n n\u00e4kyvyyden ja lis\u00e4\u00e4 turvallisuutta onnettomuuksissa, paikallaan olevien ajoneuvojen tai muiden riskialttiiden tilanteissa \u2013 sek\u00e4 p\u00e4iv\u00e4ll\u00e4 ett\u00e4 y\u00f6ll\u00e4.<\/p>\n<p data-start=\"436\" data-end=\"688\">Vahva <strong data-start=\"447\" data-end=\"474\">oranssi vilkkuva valo<\/strong> on selv\u00e4sti n\u00e4kyviss\u00e4 kaukaa ja kiinnitt\u00e4\u00e4 muiden tiell\u00e4liikkujien huomion ajoissa. Tuote on <strong data-start=\"561\" data-end=\"623\">laillinen ja pakollinen Saksassa yli 3,5 tonnin ajoneuvoille<\/strong>, mutta sit\u00e4 voidaan k\u00e4ytt\u00e4\u00e4 my\u00f6s muissa maissa ja useissa ajoneuvotyypeiss\u00e4.<\/p>\n<p data-start=\"690\" data-end=\"843\">Kompaktin muotoilun ansiosta niit\u00e4 on helppo s\u00e4ilytt\u00e4\u00e4 ajoneuvossa, ja ne <strong data-start=\"763\" data-end=\"801\">taittuvat, kumip\u00e4\u00e4llysteiset jalat<\/strong> Tarjoaa vakaan asennon my\u00f6s kovalla tuulella.<\/p>\n<h3 data-start=\"845\" data-end=\"867\">T\u00e4rkeit\u00e4 ominaisuuksia<\/h3>\n<ul data-start=\"868\" data-end=\"1122\">\n<li data-start=\"868\" data-end=\"914\">\n<p data-start=\"870\" data-end=\"914\">Tehokas oranssi LED-valo, jolla on hyv\u00e4 n\u00e4kyvyys<\/p>\n<\/li>\n<li data-start=\"915\" data-end=\"949\">\n<p data-start=\"917\" data-end=\"949\">Pitk\u00e4 k\u00e4ytt\u00f6aika \u2013 yli 15 tuntia<\/p>\n<\/li>\n<li data-start=\"950\" data-end=\"991\">\n<p data-start=\"952\" data-end=\"991\">Vakaa sijoitus, jopa ankarissa s\u00e4\u00e4olosuhteissa<\/p>\n<\/li>\n<li data-start=\"992\" data-end=\"1034\">\n<p data-start=\"994\" data-end=\"1034\">Akun testaustoiminto nopeaa tarkistusta varten<\/p>\n<\/li>\n<li data-start=\"1035\" data-end=\"1067\">\n<p data-start=\"1037\" data-end=\"1067\">CE- ja GGVS\/ADR-sertifioitu<\/p>\n<\/li>\n<li data-start=\"1068\" data-end=\"1122\">\n<p data-start=\"1070\" data-end=\"1122\">Toimitetaan paristoilla \u2013 heti k\u00e4ytt\u00f6valmis<\/p>\n<\/li>\n<\/ul>\n<p data-start=\"1124\" data-end=\"1228\" data-is-last-node=\"\" data-is-only-node=\"\"><strong data-start=\"1124\" data-end=\"1225\">OSRAM LEDguardian TRUCK FLARE TA19 \u2013 yksinkertaista, selke\u00e4\u00e4 ja luotettavaa turvallisuutta silloin, kun sit\u00e4 eniten tarvitaan.<\/strong><\/p>","protected":false},"excerpt":{"rendered":"<p>Vahva <strong data-start=\"447\" data-end=\"474\">oranssi vilkkuva valo<\/strong> on selv\u00e4sti n\u00e4kyviss\u00e4 kaukaa ja kiinnitt\u00e4\u00e4 muiden tiell\u00e4liikkujien huomion ajoissa. Tuote on <strong data-start=\"561\" data-end=\"623\">laillinen ja pakollinen Saksassa yli 3,5 tonnin ajoneuvoille<\/strong>, mutta sit\u00e4 voidaan k\u00e4ytt\u00e4\u00e4 my\u00f6s muissa maissa ja useissa ajoneuvotyypeiss\u00e4.<\/p>","protected":false},"featured_media":25706,"comment_status":"open","ping_status":"closed","template":"","meta":{"_acf_changed":false,"_smort_price_nok":"422","_smort_price_dkk":"","_smort_price_eur":"","_smort_sale_price_nok":"","_smort_sale_price_dkk":"","_smort_sale_price_eur":"","smort_restorder":"","shipmondo_restorder":"","_kad_blocks_custom_css":"","_kad_blocks_head_custom_js":"","_kad_blocks_body_custom_js":"","_kad_blocks_footer_custom_js":"","smort_custom_pricelist_1":"252.8","smort_custom_pricelist_2":"221.2","smort_custom_pricelist_3":"205.4","smort_custom_pricelist_4":"316","smort_custom_pricelist_5":"221.2"},"anvandningsomrade":[],"bilmarken":[],"product_brand":[108],"product_cat":[2554,1061],"product_tag":[],"class_list":{"0":"post-25703","1":"product","2":"type-product","3":"status-publish","4":"has-post-thumbnail","6":"product_brand-osram","7":"product_cat-portabla-varningsljus","8":"product_cat-varningsljus","9":"pa_fargtemperatur-2000k","10":"pa_led-chips-effekt-w-2022","11":"pa_storlek-mm-237x91x43","12":"pa_volt-v-2878","14":"first","15":"onbackorder","16":"taxable","17":"shipping-taxable","18":"purchasable","19":"product-type-simple"},"bundled_by":[],"bundle_stock_status":"onbackorder","bundle_stock_quantity":0,"bundle_virtual":false,"bundle_layout":"","bundle_add_to_cart_form_location":"","bundle_editable_in_cart":false,"bundle_sold_individually_context":"","bundle_item_grouping":"","bundle_min_size":"","bundle_max_size":"","bundle_price":[],"bundled_items":[],"bundle_sell_ids":[],"acf":[],"yoast_head":"<!-- This site is optimized with the Yoast SEO plugin v27.0 - https:\/\/yoast.com\/product\/yoast-seo-wordpress\/ -->\n<title>LEDguardian TRUCK FLARE Signal TA19 Essential - Xenonkungen<\/title>\n<meta name=\"robots\" content=\"index, follow, max-snippet:-1, max-image-preview:large, max-video-preview:-1\" \/>\n<link rel=\"canonical\" href=\"https:\/\/xenonkungen.com\/fi\/tuote\/ledguardian-kuorma-auton-soihtusignaali-ta19-valttamaton\/\" \/>\n<meta property=\"og:locale\" content=\"fi_FI\" \/>\n<meta property=\"og:type\" content=\"article\" \/>\n<meta property=\"og:title\" content=\"LEDguardian TRUCK FLARE Signal TA19 Essential - Xenonkungen\" \/>\n<meta property=\"og:description\" content=\"Det starka orange blinkande ljuset syns tydligt p\u00e5 l\u00e5ngt h\u00e5ll och g\u00f6r andra trafikanter uppm\u00e4rksamma i tid. Produkten \u00e4r laglig och obligatorisk i Tyskland f\u00f6r fordon \u00f6ver 3,5 ton, men kan \u00e4ven anv\u00e4ndas i andra l\u00e4nder och p\u00e5 flera fordonstyper.\" \/>\n<meta property=\"og:url\" content=\"https:\/\/xenonkungen.com\/fi\/tuote\/ledguardian-kuorma-auton-soihtusignaali-ta19-valttamaton\/\" \/>\n<meta property=\"og:site_name\" content=\"Xenonkungen\" \/>\n<meta property=\"article:modified_time\" content=\"2026-04-17T14:58:44+00:00\" \/>\n<meta property=\"og:image\" content=\"https:\/\/xenonkungen.com\/wp-content\/uploads\/2026\/02\/Small-for-web-and-ppt-PI_WFPIO-266_LEDguardian_TRUCK_FLARE_Signal_TA19_Essential_LEDSL106_front_04.jpg\" \/>\n\t<meta property=\"og:image:width\" content=\"1024\" \/>\n\t<meta property=\"og:image:height\" content=\"1024\" \/>\n\t<meta property=\"og:image:type\" content=\"image\/jpeg\" \/>\n<meta name=\"twitter:card\" content=\"summary_large_image\" \/>\n<meta name=\"twitter:label1\" content=\"Arvioitu lukuaika\" \/>\n\t<meta name=\"twitter:data1\" content=\"1 minuutti\" \/>\n<script type=\"application\/ld+json\" class=\"yoast-schema-graph\">{\"@context\":\"https:\/\/schema.org\",\"@graph\":[{\"@type\":\"WebPage\",\"@id\":\"https:\/\/xenonkungen.com\/produkt\/ledguardian-truck-flare-signal-ta19-essential\/\",\"url\":\"https:\/\/xenonkungen.com\/produkt\/ledguardian-truck-flare-signal-ta19-essential\/\",\"name\":\"LEDguardian TRUCK FLARE Signal TA19 Essential - Xenonkungen\",\"isPartOf\":{\"@id\":\"https:\/\/xenonkungen.com\/#website\"},\"primaryImageOfPage\":{\"@id\":\"https:\/\/xenonkungen.com\/produkt\/ledguardian-truck-flare-signal-ta19-essential\/#primaryimage\"},\"image\":{\"@id\":\"https:\/\/xenonkungen.com\/produkt\/ledguardian-truck-flare-signal-ta19-essential\/#primaryimage\"},\"thumbnailUrl\":\"https:\/\/xenonkungen.com\/wp-content\/uploads\/2026\/02\/Small-for-web-and-ppt-PI_WFPIO-266_LEDguardian_TRUCK_FLARE_Signal_TA19_Essential_LEDSL106_front_04.jpg\",\"datePublished\":\"2026-02-02T08:46:15+00:00\",\"dateModified\":\"2026-04-17T14:58:44+00:00\",\"breadcrumb\":{\"@id\":\"https:\/\/xenonkungen.com\/produkt\/ledguardian-truck-flare-signal-ta19-essential\/#breadcrumb\"},\"inLanguage\":\"fi\",\"potentialAction\":[{\"@type\":\"ReadAction\",\"target\":[\"https:\/\/xenonkungen.com\/produkt\/ledguardian-truck-flare-signal-ta19-essential\/\"]}]},{\"@type\":\"ImageObject\",\"inLanguage\":\"fi\",\"@id\":\"https:\/\/xenonkungen.com\/produkt\/ledguardian-truck-flare-signal-ta19-essential\/#primaryimage\",\"url\":\"https:\/\/xenonkungen.com\/wp-content\/uploads\/2026\/02\/Small-for-web-and-ppt-PI_WFPIO-266_LEDguardian_TRUCK_FLARE_Signal_TA19_Essential_LEDSL106_front_04.jpg\",\"contentUrl\":\"https:\/\/xenonkungen.com\/wp-content\/uploads\/2026\/02\/Small-for-web-and-ppt-PI_WFPIO-266_LEDguardian_TRUCK_FLARE_Signal_TA19_Essential_LEDSL106_front_04.jpg\",\"width\":1024,\"height\":1024},{\"@type\":\"BreadcrumbList\",\"@id\":\"https:\/\/xenonkungen.com\/produkt\/ledguardian-truck-flare-signal-ta19-essential\/#breadcrumb\",\"itemListElement\":[{\"@type\":\"ListItem\",\"position\":1,\"name\":\"Hem\",\"item\":\"https:\/\/xenonkungen.com\/\"},{\"@type\":\"ListItem\",\"position\":2,\"name\":\"Shop\",\"item\":\"https:\/\/xenonkungen.com\/shop\/\"},{\"@type\":\"ListItem\",\"position\":3,\"name\":\"LEDguardian TRUCK FLARE Signal TA19 Essential\"}]},{\"@type\":\"WebSite\",\"@id\":\"https:\/\/xenonkungen.com\/#website\",\"url\":\"https:\/\/xenonkungen.com\/\",\"name\":\"Xenonkungen\",\"description\":\"\",\"potentialAction\":[{\"@type\":\"SearchAction\",\"target\":{\"@type\":\"EntryPoint\",\"urlTemplate\":\"https:\/\/xenonkungen.com\/?s={search_term_string}\"},\"query-input\":{\"@type\":\"PropertyValueSpecification\",\"valueRequired\":true,\"valueName\":\"search_term_string\"}}],\"inLanguage\":\"fi\"}]}<\/script>\n<!-- \/ Yoast SEO plugin. -->","yoast_head_json":{"title":"LEDguardian TRUCK FLARE Signal TA19 Essential - Ksenonlamppujen kuningas","robots":{"index":"index","follow":"follow","max-snippet":"max-snippet:-1","max-image-preview":"max-image-preview:large","max-video-preview":"max-video-preview:-1"},"canonical":"https:\/\/xenonkungen.com\/fi\/tuote\/ledguardian-kuorma-auton-soihtusignaali-ta19-valttamaton\/","og_locale":"fi_FI","og_type":"article","og_title":"LEDguardian TRUCK FLARE Signal TA19 Essential - Xenonkungen","og_description":"Det starka orange blinkande ljuset syns tydligt p\u00e5 l\u00e5ngt h\u00e5ll och g\u00f6r andra trafikanter uppm\u00e4rksamma i tid. Produkten \u00e4r laglig och obligatorisk i Tyskland f\u00f6r fordon \u00f6ver 3,5 ton, men kan \u00e4ven anv\u00e4ndas i andra l\u00e4nder och p\u00e5 flera fordonstyper.","og_url":"https:\/\/xenonkungen.com\/fi\/tuote\/ledguardian-kuorma-auton-soihtusignaali-ta19-valttamaton\/","og_site_name":"Xenonkungen","article_modified_time":"2026-04-17T14:58:44+00:00","og_image":[{"width":1024,"height":1024,"url":"https:\/\/xenonkungen.com\/wp-content\/uploads\/2026\/02\/Small-for-web-and-ppt-PI_WFPIO-266_LEDguardian_TRUCK_FLARE_Signal_TA19_Essential_LEDSL106_front_04.jpg","type":"image\/jpeg"}],"twitter_card":"summary_large_image","twitter_misc":{"Arvioitu lukuaika":"1 minuutti"},"schema":{"@context":"https:\/\/schema.org","@graph":[{"@type":"WebPage","@id":"https:\/\/xenonkungen.com\/produkt\/ledguardian-truck-flare-signal-ta19-essential\/","url":"https:\/\/xenonkungen.com\/produkt\/ledguardian-truck-flare-signal-ta19-essential\/","name":"LEDguardian TRUCK FLARE Signal TA19 Essential - Ksenonlamppujen kuningas","isPartOf":{"@id":"https:\/\/xenonkungen.com\/#website"},"primaryImageOfPage":{"@id":"https:\/\/xenonkungen.com\/produkt\/ledguardian-truck-flare-signal-ta19-essential\/#primaryimage"},"image":{"@id":"https:\/\/xenonkungen.com\/produkt\/ledguardian-truck-flare-signal-ta19-essential\/#primaryimage"},"thumbnailUrl":"https:\/\/xenonkungen.com\/wp-content\/uploads\/2026\/02\/Small-for-web-and-ppt-PI_WFPIO-266_LEDguardian_TRUCK_FLARE_Signal_TA19_Essential_LEDSL106_front_04.jpg","datePublished":"2026-02-02T08:46:15+00:00","dateModified":"2026-04-17T14:58:44+00:00","breadcrumb":{"@id":"https:\/\/xenonkungen.com\/produkt\/ledguardian-truck-flare-signal-ta19-essential\/#breadcrumb"},"inLanguage":"fi","potentialAction":[{"@type":"ReadAction","target":["https:\/\/xenonkungen.com\/produkt\/ledguardian-truck-flare-signal-ta19-essential\/"]}]},{"@type":"ImageObject","inLanguage":"fi","@id":"https:\/\/xenonkungen.com\/produkt\/ledguardian-truck-flare-signal-ta19-essential\/#primaryimage","url":"https:\/\/xenonkungen.com\/wp-content\/uploads\/2026\/02\/Small-for-web-and-ppt-PI_WFPIO-266_LEDguardian_TRUCK_FLARE_Signal_TA19_Essential_LEDSL106_front_04.jpg","contentUrl":"https:\/\/xenonkungen.com\/wp-content\/uploads\/2026\/02\/Small-for-web-and-ppt-PI_WFPIO-266_LEDguardian_TRUCK_FLARE_Signal_TA19_Essential_LEDSL106_front_04.jpg","width":1024,"height":1024},{"@type":"BreadcrumbList","@id":"https:\/\/xenonkungen.com\/produkt\/ledguardian-truck-flare-signal-ta19-essential\/#breadcrumb","itemListElement":[{"@type":"ListItem","position":1,"name":"Hem","item":"https:\/\/xenonkungen.com\/"},{"@type":"ListItem","position":2,"name":"Shop","item":"https:\/\/xenonkungen.com\/shop\/"},{"@type":"ListItem","position":3,"name":"LEDguardian TRUCK FLARE Signal TA19 Essential"}]},{"@type":"WebSite","@id":"https:\/\/xenonkungen.com\/#website","url":"https:\/\/xenonkungen.com\/","name":"Xenonkungen","description":"","potentialAction":[{"@type":"SearchAction","target":{"@type":"EntryPoint","urlTemplate":"https:\/\/xenonkungen.com\/?s={search_term_string}"},"query-input":{"@type":"PropertyValueSpecification","valueRequired":true,"valueName":"search_term_string"}}],"inLanguage":"fi"}]}},"taxonomy_info":{"product_brand":[{"value":108,"label":"OSRAM"}],"product_cat":[{"value":2554,"label":"Portabla varningsljus"},{"value":1061,"label":"Varningsljus"}],"pa_fargtemperatur":[{"value":2879,"label":"2000K"}],"pa_led-chips-effekt-w":[{"value":2022,"label":"3"}],"pa_storlek-mm":[{"value":2877,"label":"237x91x43"}],"pa_volt-v":[{"value":2878,"label":"6"}]},"featured_image_src_large":["https:\/\/xenonkungen.com\/wp-content\/uploads\/2026\/02\/Small-for-web-and-ppt-PI_WFPIO-266_LEDguardian_TRUCK_FLARE_Signal_TA19_Essential_LEDSL106_front_04.jpg",1024,1024,false],"author_info":[],"comment_info":0,"_links":{"self":[{"href":"https:\/\/xenonkungen.com\/fi\/wp-json\/wp\/v2\/product\/25703","targetHints":{"allow":["GET"]}}],"collection":[{"href":"https:\/\/xenonkungen.com\/fi\/wp-json\/wp\/v2\/product"}],"about":[{"href":"https:\/\/xenonkungen.com\/fi\/wp-json\/wp\/v2\/types\/product"}],"replies":[{"embeddable":true,"href":"https:\/\/xenonkungen.com\/fi\/wp-json\/wp\/v2\/comments?post=25703"}],"wp:featuredmedia":[{"embeddable":true,"href":"https:\/\/xenonkungen.com\/fi\/wp-json\/wp\/v2\/media\/25706"}],"wp:attachment":[{"href":"https:\/\/xenonkungen.com\/fi\/wp-json\/wp\/v2\/media?parent=25703"}],"wp:term":[{"taxonomy":"anvandningsomrade","embeddable":true,"href":"https:\/\/xenonkungen.com\/fi\/wp-json\/wp\/v2\/anvandningsomrade?post=25703"},{"taxonomy":"bilmarken","embeddable":true,"href":"https:\/\/xenonkungen.com\/fi\/wp-json\/wp\/v2\/bilmarken?post=25703"},{"taxonomy":"product_brand","embeddable":true,"href":"https:\/\/xenonkungen.com\/fi\/wp-json\/wp\/v2\/product_brand?post=25703"},{"taxonomy":"product_cat","embeddable":true,"href":"https:\/\/xenonkungen.com\/fi\/wp-json\/wp\/v2\/product_cat?post=25703"},{"taxonomy":"product_tag","embeddable":true,"href":"https:\/\/xenonkungen.com\/fi\/wp-json\/wp\/v2\/product_tag?post=25703"}],"curies":[{"name":"wp","href":"https:\/\/api.w.org\/{rel}","templated":true}]}}