{"id":2574,"date":"2025-04-15T08:39:19","date_gmt":"2025-04-15T08:39:19","guid":{"rendered":"https:\/\/xenonkungen.com\/product\/rui-programmerings-enhet-for-canm8\/"},"modified":"2026-04-25T22:35:57","modified_gmt":"2026-04-25T21:35:57","slug":"rui-ohjelmointiyksikko-canm8lle","status":"publish","type":"product","link":"https:\/\/xenonkungen.com\/fi\/tuote\/rui-ohjelmointiyksikko-canm8lle\/","title":{"rendered":"RUI Ohjelmointiyksikk\u00f6 CANM8:lle"},"content":{"rendered":"<table width=\"100%\">\n<tbody>\n<tr>\n<td>\n<h1>CANNECT TUTKIMUS- JA P\u00c4IVITYSLIITTYM\u00c4 (CANNECT Rui)<\/h1>\n<p>T\u00e4m\u00e4 on t\u00e4rke\u00e4 ty\u00f6kalu et\u00e4p\u00e4ivityspalvelussamme. Uudessa RUI:ss\u00e4 on nopeampi prosessori ja uusi muotoilu, joka mahdollistaa paremmat tukitoiminnot.<\/p>\n<p>CANNECT Rui on kaksisuuntainen laite, jonka avulla kumppanimme voivat ladata uusimmat ohjelmistop\u00e4ivitykset ja autokohtaiset asennusohjeet portaalistamme.<br \/>T\u00e4m\u00e4 palvelu on yhteensopiva useimpien tuotevalikoimiemme kanssa, ja sen avulla kumppanimme voivat p\u00e4ivitt\u00e4\u00e4 tuotteensa uusimpaan ohjelmistoon maksutta jopa 1 vuoden ajan oston j\u00e4lkeen. <br \/>T\u00e4m\u00e4 tarkoittaa, ett\u00e4 yhteisty\u00f6kumppanimme ovat aina yhteensopivia uusimpien ajoneuvojen kanssa, jos tarvittavat tiedot ovat saatavilla ajoneuvon bussij\u00e4rjestelm\u00e4ss\u00e4.<\/p>\n<p>Liit\u00e4nt\u00e4 toimii my\u00f6s CAN-v\u00e4yl\u00e4n lukijana, ja sen avulla voimme korjata teknisi\u00e4 ongelmia et\u00e4n\u00e4. <br \/>Ajoneuvojen valmistajat uudistavat jatkuvasti alustojaan ja julkaisevat jatkuvasti uusia ajoneuvoja, joten monien yritysten voi olla vaikea pysy\u00e4 k\u00e4rryill\u00e4.\u00a0<br \/>Mutta kun RUI liitet\u00e4\u00e4n kannettavaan tietokoneeseen ja ajoneuvoon, voimme kirjautua sis\u00e4\u00e4n et\u00e4n\u00e4 internetin kautta ja korjata ja ohjelmoida kaikki yhteensopivuusongelmat tunnissa. <br \/>T\u00e4m\u00e4 tarkoittaa, ett\u00e4 kun uusia ajoneuvoja julkaistaan, voimme tarjota RUI-kumppaneillemme v\u00e4lit\u00f6nt\u00e4 yhteensopivuutta.<\/p>\n<p>CANNECT Rui edustaa seuraavaa askelta CAN-v\u00e4yl\u00e4liit\u00e4nn\u00f6iss\u00e4 ja tarjoaa kumppaneillemme v\u00e4lit\u00f6nt\u00e4 teknist\u00e4 tukea sek\u00e4 p\u00e4\u00e4syn uusimpiin ohjelmistop\u00e4ivityksiin ja kytkent\u00e4ohjeisiin.<\/p>\n<\/td>\n<\/tr>\n<tr>\n<td>\u00a0<\/td>\n<\/tr>\n<\/tbody>\n<\/table>","protected":false},"excerpt":{"rendered":"<p>CANNECT RESEARCH &amp; UPDATE INTERFACE (CANNECT Rui) Detta \u00e4r ett viktigt verktyg f\u00f6r v\u00e5r fj\u00e4rruppdateringstj\u00e4nst. Den nya RUI har en snabbare processor och en ny design som m\u00f6jligg\u00f6r f\u00f6rb\u00e4ttrade supportfunktioner. CANNECT Rui \u00e4r en tv\u00e5v\u00e4gsanordning som g\u00f6r det m\u00f6jligt f\u00f6r v\u00e5ra samarbetspartners att ladda ner de senaste programuppdateringarna och bilspecifika installationsanvisningar fr\u00e5n v\u00e5r portal.Denna tj\u00e4nst [&hellip;]<\/p>","protected":false},"featured_media":2575,"comment_status":"closed","ping_status":"open","template":"","meta":{"_acf_changed":false,"_smort_price_nok":"2670","_smort_price_dkk":"1696","_smort_price_eur":"227.26","_smort_sale_price_nok":"","_smort_sale_price_dkk":"","_smort_sale_price_eur":"","smort_restorder":"","shipmondo_restorder":"","_kad_blocks_custom_css":"","_kad_blocks_head_custom_js":"","_kad_blocks_body_custom_js":"","_kad_blocks_footer_custom_js":"","smort_custom_pricelist_1":"1400","smort_custom_pricelist_2":"1400","smort_custom_pricelist_3":"1330","smort_custom_pricelist_4":"2000","smort_custom_pricelist_5":"1400"},"anvandningsomrade":[],"bilmarken":[],"product_brand":[2793],"product_cat":[2487,477,390],"product_tag":[],"class_list":{"0":"post-2574","1":"product","2":"type-product","3":"status-publish","4":"has-post-thumbnail","6":"product_brand-ovrigt","7":"product_cat-canbus-installation","8":"product_cat-canbus-emc","9":"product_cat-installation","11":"first","12":"onbackorder","13":"taxable","14":"shipping-taxable","15":"purchasable","16":"product-type-simple"},"bundled_by":[],"bundle_stock_status":"onbackorder","bundle_stock_quantity":0,"bundle_virtual":false,"bundle_layout":"","bundle_add_to_cart_form_location":"","bundle_editable_in_cart":false,"bundle_sold_individually_context":"","bundle_item_grouping":"","bundle_min_size":"","bundle_max_size":"","bundle_price":[],"bundled_items":[],"bundle_sell_ids":[],"acf":[],"yoast_head":"<!-- This site is optimized with the Yoast SEO plugin v27.0 - https:\/\/yoast.com\/product\/yoast-seo-wordpress\/ -->\n<title>RUI Programmerings enhet f\u00f6r CANM8 - Xenonkungen<\/title>\n<meta name=\"robots\" content=\"index, follow, max-snippet:-1, max-image-preview:large, max-video-preview:-1\" \/>\n<link rel=\"canonical\" href=\"https:\/\/xenonkungen.com\/fi\/tuote\/rui-ohjelmointiyksikko-canm8lle\/\" \/>\n<meta property=\"og:locale\" content=\"fi_FI\" \/>\n<meta property=\"og:type\" content=\"article\" \/>\n<meta property=\"og:title\" content=\"RUI Programmerings enhet f\u00f6r CANM8 - Xenonkungen\" \/>\n<meta property=\"og:description\" content=\"CANNECT RESEARCH &amp; UPDATE INTERFACE (CANNECT Rui) Detta \u00e4r ett viktigt verktyg f\u00f6r v\u00e5r fj\u00e4rruppdateringstj\u00e4nst. Den nya RUI har en snabbare processor och en ny design som m\u00f6jligg\u00f6r f\u00f6rb\u00e4ttrade supportfunktioner. CANNECT Rui \u00e4r en tv\u00e5v\u00e4gsanordning som g\u00f6r det m\u00f6jligt f\u00f6r v\u00e5ra samarbetspartners att ladda ner de senaste programuppdateringarna och bilspecifika installationsanvisningar fr\u00e5n v\u00e5r portal.Denna tj\u00e4nst [&hellip;]\" \/>\n<meta property=\"og:url\" content=\"https:\/\/xenonkungen.com\/fi\/tuote\/rui-ohjelmointiyksikko-canm8lle\/\" \/>\n<meta property=\"og:site_name\" content=\"Xenonkungen\" \/>\n<meta property=\"article:modified_time\" content=\"2026-04-25T21:35:57+00:00\" \/>\n<meta property=\"og:image\" content=\"https:\/\/xenonkungen.com\/wp-content\/uploads\/2025\/04\/209720817-origpic-64bed8.webp\" \/>\n\t<meta property=\"og:image:width\" content=\"1170\" \/>\n\t<meta property=\"og:image:height\" content=\"450\" \/>\n\t<meta property=\"og:image:type\" content=\"image\/webp\" \/>\n<meta name=\"twitter:card\" content=\"summary_large_image\" \/>\n<meta name=\"twitter:label1\" content=\"Arvioitu lukuaika\" \/>\n\t<meta name=\"twitter:data1\" content=\"1 minuutti\" \/>\n<script type=\"application\/ld+json\" class=\"yoast-schema-graph\">{\"@context\":\"https:\/\/schema.org\",\"@graph\":[{\"@type\":\"WebPage\",\"@id\":\"https:\/\/xenonkungen.com\/produkt\/rui-programmerings-enhet-for-canm8\/\",\"url\":\"https:\/\/xenonkungen.com\/produkt\/rui-programmerings-enhet-for-canm8\/\",\"name\":\"RUI Programmerings enhet f\u00f6r CANM8 - Xenonkungen\",\"isPartOf\":{\"@id\":\"https:\/\/xenonkungen.com\/#website\"},\"primaryImageOfPage\":{\"@id\":\"https:\/\/xenonkungen.com\/produkt\/rui-programmerings-enhet-for-canm8\/#primaryimage\"},\"image\":{\"@id\":\"https:\/\/xenonkungen.com\/produkt\/rui-programmerings-enhet-for-canm8\/#primaryimage\"},\"thumbnailUrl\":\"https:\/\/xenonkungen.com\/wp-content\/uploads\/2025\/04\/209720817-origpic-64bed8.webp\",\"datePublished\":\"2025-04-15T08:39:19+00:00\",\"dateModified\":\"2026-04-25T21:35:57+00:00\",\"breadcrumb\":{\"@id\":\"https:\/\/xenonkungen.com\/produkt\/rui-programmerings-enhet-for-canm8\/#breadcrumb\"},\"inLanguage\":\"fi\",\"potentialAction\":[{\"@type\":\"ReadAction\",\"target\":[\"https:\/\/xenonkungen.com\/produkt\/rui-programmerings-enhet-for-canm8\/\"]}]},{\"@type\":\"ImageObject\",\"inLanguage\":\"fi\",\"@id\":\"https:\/\/xenonkungen.com\/produkt\/rui-programmerings-enhet-for-canm8\/#primaryimage\",\"url\":\"https:\/\/xenonkungen.com\/wp-content\/uploads\/2025\/04\/209720817-origpic-64bed8.webp\",\"contentUrl\":\"https:\/\/xenonkungen.com\/wp-content\/uploads\/2025\/04\/209720817-origpic-64bed8.webp\",\"width\":1170,\"height\":450},{\"@type\":\"BreadcrumbList\",\"@id\":\"https:\/\/xenonkungen.com\/produkt\/rui-programmerings-enhet-for-canm8\/#breadcrumb\",\"itemListElement\":[{\"@type\":\"ListItem\",\"position\":1,\"name\":\"Hem\",\"item\":\"https:\/\/xenonkungen.com\/\"},{\"@type\":\"ListItem\",\"position\":2,\"name\":\"Shop\",\"item\":\"https:\/\/xenonkungen.com\/shop\/\"},{\"@type\":\"ListItem\",\"position\":3,\"name\":\"RUI Programmerings enhet f\u00f6r CANM8\"}]},{\"@type\":\"WebSite\",\"@id\":\"https:\/\/xenonkungen.com\/#website\",\"url\":\"https:\/\/xenonkungen.com\/\",\"name\":\"Xenonkungen\",\"description\":\"\",\"potentialAction\":[{\"@type\":\"SearchAction\",\"target\":{\"@type\":\"EntryPoint\",\"urlTemplate\":\"https:\/\/xenonkungen.com\/?s={search_term_string}\"},\"query-input\":{\"@type\":\"PropertyValueSpecification\",\"valueRequired\":true,\"valueName\":\"search_term_string\"}}],\"inLanguage\":\"fi\"}]}<\/script>\n<!-- \/ Yoast SEO plugin. -->","yoast_head_json":{"title":"RUI-ohjelmointiyksikk\u00f6 CANM8:lle - Xenonkungen","robots":{"index":"index","follow":"follow","max-snippet":"max-snippet:-1","max-image-preview":"max-image-preview:large","max-video-preview":"max-video-preview:-1"},"canonical":"https:\/\/xenonkungen.com\/fi\/tuote\/rui-ohjelmointiyksikko-canm8lle\/","og_locale":"fi_FI","og_type":"article","og_title":"RUI Programmerings enhet f\u00f6r CANM8 - Xenonkungen","og_description":"CANNECT RESEARCH &amp; UPDATE INTERFACE (CANNECT Rui) Detta \u00e4r ett viktigt verktyg f\u00f6r v\u00e5r fj\u00e4rruppdateringstj\u00e4nst. Den nya RUI har en snabbare processor och en ny design som m\u00f6jligg\u00f6r f\u00f6rb\u00e4ttrade supportfunktioner. CANNECT Rui \u00e4r en tv\u00e5v\u00e4gsanordning som g\u00f6r det m\u00f6jligt f\u00f6r v\u00e5ra samarbetspartners att ladda ner de senaste programuppdateringarna och bilspecifika installationsanvisningar fr\u00e5n v\u00e5r portal.Denna tj\u00e4nst [&hellip;]","og_url":"https:\/\/xenonkungen.com\/fi\/tuote\/rui-ohjelmointiyksikko-canm8lle\/","og_site_name":"Xenonkungen","article_modified_time":"2026-04-25T21:35:57+00:00","og_image":[{"width":1170,"height":450,"url":"https:\/\/xenonkungen.com\/wp-content\/uploads\/2025\/04\/209720817-origpic-64bed8.webp","type":"image\/webp"}],"twitter_card":"summary_large_image","twitter_misc":{"Arvioitu lukuaika":"1 minuutti"},"schema":{"@context":"https:\/\/schema.org","@graph":[{"@type":"WebPage","@id":"https:\/\/xenonkungen.com\/produkt\/rui-programmerings-enhet-for-canm8\/","url":"https:\/\/xenonkungen.com\/produkt\/rui-programmerings-enhet-for-canm8\/","name":"RUI-ohjelmointiyksikk\u00f6 CANM8:lle - Xenonkungen","isPartOf":{"@id":"https:\/\/xenonkungen.com\/#website"},"primaryImageOfPage":{"@id":"https:\/\/xenonkungen.com\/produkt\/rui-programmerings-enhet-for-canm8\/#primaryimage"},"image":{"@id":"https:\/\/xenonkungen.com\/produkt\/rui-programmerings-enhet-for-canm8\/#primaryimage"},"thumbnailUrl":"https:\/\/xenonkungen.com\/wp-content\/uploads\/2025\/04\/209720817-origpic-64bed8.webp","datePublished":"2025-04-15T08:39:19+00:00","dateModified":"2026-04-25T21:35:57+00:00","breadcrumb":{"@id":"https:\/\/xenonkungen.com\/produkt\/rui-programmerings-enhet-for-canm8\/#breadcrumb"},"inLanguage":"fi","potentialAction":[{"@type":"ReadAction","target":["https:\/\/xenonkungen.com\/produkt\/rui-programmerings-enhet-for-canm8\/"]}]},{"@type":"ImageObject","inLanguage":"fi","@id":"https:\/\/xenonkungen.com\/produkt\/rui-programmerings-enhet-for-canm8\/#primaryimage","url":"https:\/\/xenonkungen.com\/wp-content\/uploads\/2025\/04\/209720817-origpic-64bed8.webp","contentUrl":"https:\/\/xenonkungen.com\/wp-content\/uploads\/2025\/04\/209720817-origpic-64bed8.webp","width":1170,"height":450},{"@type":"BreadcrumbList","@id":"https:\/\/xenonkungen.com\/produkt\/rui-programmerings-enhet-for-canm8\/#breadcrumb","itemListElement":[{"@type":"ListItem","position":1,"name":"Hem","item":"https:\/\/xenonkungen.com\/"},{"@type":"ListItem","position":2,"name":"Shop","item":"https:\/\/xenonkungen.com\/shop\/"},{"@type":"ListItem","position":3,"name":"RUI Programmerings enhet f\u00f6r CANM8"}]},{"@type":"WebSite","@id":"https:\/\/xenonkungen.com\/#website","url":"https:\/\/xenonkungen.com\/","name":"Xenonkungen","description":"","potentialAction":[{"@type":"SearchAction","target":{"@type":"EntryPoint","urlTemplate":"https:\/\/xenonkungen.com\/?s={search_term_string}"},"query-input":{"@type":"PropertyValueSpecification","valueRequired":true,"valueName":"search_term_string"}}],"inLanguage":"fi"}]}},"taxonomy_info":{"product_brand":[{"value":2793,"label":"\u00d6VRIGT"}],"product_cat":[{"value":2487,"label":"Canbus"},{"value":477,"label":"Canbus | EMC"},{"value":390,"label":"Installation"}]},"featured_image_src_large":["https:\/\/xenonkungen.com\/wp-content\/uploads\/2025\/04\/209720817-origpic-64bed8-1024x394.webp",1024,394,true],"author_info":[],"comment_info":0,"_links":{"self":[{"href":"https:\/\/xenonkungen.com\/fi\/wp-json\/wp\/v2\/product\/2574","targetHints":{"allow":["GET"]}}],"collection":[{"href":"https:\/\/xenonkungen.com\/fi\/wp-json\/wp\/v2\/product"}],"about":[{"href":"https:\/\/xenonkungen.com\/fi\/wp-json\/wp\/v2\/types\/product"}],"replies":[{"embeddable":true,"href":"https:\/\/xenonkungen.com\/fi\/wp-json\/wp\/v2\/comments?post=2574"}],"wp:featuredmedia":[{"embeddable":true,"href":"https:\/\/xenonkungen.com\/fi\/wp-json\/wp\/v2\/media\/2575"}],"wp:attachment":[{"href":"https:\/\/xenonkungen.com\/fi\/wp-json\/wp\/v2\/media?parent=2574"}],"wp:term":[{"taxonomy":"anvandningsomrade","embeddable":true,"href":"https:\/\/xenonkungen.com\/fi\/wp-json\/wp\/v2\/anvandningsomrade?post=2574"},{"taxonomy":"bilmarken","embeddable":true,"href":"https:\/\/xenonkungen.com\/fi\/wp-json\/wp\/v2\/bilmarken?post=2574"},{"taxonomy":"product_brand","embeddable":true,"href":"https:\/\/xenonkungen.com\/fi\/wp-json\/wp\/v2\/product_brand?post=2574"},{"taxonomy":"product_cat","embeddable":true,"href":"https:\/\/xenonkungen.com\/fi\/wp-json\/wp\/v2\/product_cat?post=2574"},{"taxonomy":"product_tag","embeddable":true,"href":"https:\/\/xenonkungen.com\/fi\/wp-json\/wp\/v2\/product_tag?post=2574"}],"curies":[{"name":"wp","href":"https:\/\/api.w.org\/{rel}","templated":true}]}}