{"id":25826,"date":"2026-02-02T15:50:41","date_gmt":"2026-02-02T14:50:41","guid":{"rendered":"https:\/\/xenonkungen.com\/?post_type=product&#038;p=25826"},"modified":"2026-04-17T16:22:01","modified_gmt":"2026-04-17T15:22:01","slug":"w-light-xtreme-w9-rad3-keltainen","status":"publish","type":"product","link":"https:\/\/xenonkungen.com\/fi\/tuote\/w-light-xtreme-w9-rad3-keltainen\/","title":{"rendered":"W-Light XTREME W9 RAD3 | Keltainen"},"content":{"rendered":"<h2 data-start=\"172\" data-end=\"238\">W-Light XTREME W9 RAD3 Yellow \u2013 tinkim\u00e4t\u00f6nt\u00e4 ja persoonallista n\u00e4kemyst\u00e4<\/h2>\n<p data-start=\"240\" data-end=\"537\"><strong data-start=\"240\" data-end=\"303\"><span class=\"hover:entity-accent entity-underline inline cursor-pointer align-baseline\"><span class=\"whitespace-normal\">W-Light<\/span><\/span> XTREME W9 RAD3 Keltainen<\/strong> on lis\u00e4valo niille, jotka haluavat yhdist\u00e4\u00e4 <strong data-start=\"346\" data-end=\"365\">\u00e4\u00e4rimm\u00e4inen alue<\/strong>, tehokas ja selke\u00e4 visuaalinen ilme. Keltainen valo tarjoaa paremman kontrastin sumussa, lumessa ja sateessa \u2013 t\u00e4ydellinen pohjoismaisiin olosuhteisiin, joissa n\u00e4kyvyys on usein vaikeaa.<\/p>\n<p data-start=\"539\" data-end=\"767\">Edistyksellisen optiikan ja tehokkaan LED-tekniikan ansiosta W9 RAD3 Yellow tarjoaa laajan ja tasapainoisen valokuvion, joka valaisee sek\u00e4 tien ett\u00e4 ymp\u00e4rist\u00f6n. Tuloksena on parempi n\u00e4kyvyys, nopeammat reaktioajat ja turvallisempi ajaminen pime\u00e4ss\u00e4.<\/p>\n<p data-start=\"769\" data-end=\"792\"><strong data-start=\"769\" data-end=\"792\">Suorituskyky lyhyesti<\/strong><\/p>\n<ul data-start=\"793\" data-end=\"1033\">\n<li data-start=\"793\" data-end=\"845\">\n<p data-start=\"795\" data-end=\"845\">Laajuus: <strong data-start=\"805\" data-end=\"843\">1509 m @ 1 luksia \/ 2889 m @ 0,25 luksia<\/strong><\/p>\n<\/li>\n<li data-start=\"846\" data-end=\"880\">\n<p data-start=\"848\" data-end=\"880\"><strong data-start=\"848\" data-end=\"864\">15 000 lumenia<\/strong> lis\u00e4valoa kohden<\/p>\n<\/li>\n<li data-start=\"881\" data-end=\"935\">\n<p data-start=\"883\" data-end=\"935\">Optimoitu valokuvio pitk\u00e4lle kantamalle ja leve\u00e4lle et\u00e4isyydelle<\/p>\n<\/li>\n<li data-start=\"936\" data-end=\"993\">\n<p data-start=\"938\" data-end=\"993\">Keltainen valo lis\u00e4\u00e4 kontrastia vaikeissa s\u00e4\u00e4olosuhteissa<\/p>\n<\/li>\n<li data-start=\"994\" data-end=\"1033\">\n<p data-start=\"996\" data-end=\"1033\">Seisontavalot sis\u00e4\u00e4n <strong data-start=\"1012\" data-end=\"1033\">valkoinen tai oranssi<\/strong><\/p>\n<\/li>\n<\/ul>\n<h3 data-start=\"1035\" data-end=\"1060\">Valo, jolla on merkityst\u00e4<\/h3>\n<p data-start=\"1061\" data-end=\"1313\">Keltainen valo on suunniteltu v\u00e4hent\u00e4m\u00e4\u00e4n h\u00e4ik\u00e4isy\u00e4 ja parantamaan kontrastia s\u00e4\u00e4n heikkeneess\u00e4. Yhdess\u00e4 v\u00e4ril\u00e4mp\u00f6tilan kanssa <strong data-start=\"1199\" data-end=\"1209\">5500K<\/strong> Lis\u00e4valo tarjoaa tehokkaan ja samalla miellytt\u00e4v\u00e4n valon, joka toimii erinomaisesti pitkien ajokertojen aikana.<\/p>\n<h3 data-start=\"1315\" data-end=\"1340\">Erottuva muotoilu<\/h3>\n<p data-start=\"1341\" data-end=\"1525\">Pime\u00e4 rintama sis\u00e4\u00e4n <strong data-start=\"1361\" data-end=\"1381\">Tumma ulkon\u00e4k\u00f6<\/strong> antaa eksklusiivisen ja aggressiivisen ilmeen. Valittavana valkoisena tai oranssina seisontavalon avulla voit helposti mukauttaa ilmeen ajoneuvoosi ja tyyliisi.<\/p>\n<h3 data-start=\"1527\" data-end=\"1556\">Rakennettu pohjoismaiseen ilmastoon<\/h3>\n<p data-start=\"1557\" data-end=\"1809\">W9 RAD3 Yellow on suunniteltu kovaan k\u00e4ytt\u00f6\u00f6n. Vahvistettu runko, kest\u00e4v\u00e4 viimeistely ja parannettu j\u00e4\u00e4hdytys takaavat pitk\u00e4n k\u00e4ytt\u00f6i\u00e4n ja vakaan suorituskyvyn kylm\u00e4ss\u00e4, sateessa ja lumessa. <strong data-start=\"1747\" data-end=\"1773\">Integroitu DT4-liitin<\/strong> tekee asennuksesta nopeaa ja turvallista.<\/p>\n<p data-start=\"1811\" data-end=\"1931\"><strong data-start=\"1811\" data-end=\"1929\">W-Light XTREME W9 RAD3 Keltainen \u2013 kun haluat n\u00e4hd\u00e4 kauemmas, selke\u00e4mmin ja ajaa t\u00e4ysin luottavaisin mielin s\u00e4\u00e4st\u00e4 riippumatta.<\/strong><\/p>","protected":false},"excerpt":{"rendered":"<p><strong data-start=\"17\" data-end=\"80\"><span class=\"hover:entity-accent entity-underline inline cursor-pointer align-baseline\"><span class=\"whitespace-normal\">W-Light<\/span><\/span> XTREME W9 RAD3 Keltainen<\/strong> on tehokas LED-lis\u00e4valo, jonka kantama on eritt\u00e4in pitk\u00e4 ja jonka keltainen valo parantaa kontrastia sumussa, lumessa ja sateessa. Jopa <strong data-start=\"203\" data-end=\"219\" data-is-only-node=\"\">15 000 lumenia<\/strong>optimoitu valaistus ja <strong data-start=\"244\" data-end=\"289\">valittavissa oleva seisontavalo valkoisena tai oranssina<\/strong> saat sek\u00e4 korkean suorituskyvyn ett\u00e4 erottuvan ulkon\u00e4\u00f6n. Kest\u00e4v\u00e4 rakenne ja <strong data-start=\"367\" data-end=\"382\">DT4-liitin<\/strong> mik\u00e4 tekee siit\u00e4 luotettavan valinnan vaativaan ajoon pohjoismaisissa ilmastoissa.<\/p>","protected":false},"featured_media":25813,"comment_status":"open","ping_status":"closed","template":"","meta":{"_acf_changed":false,"_smort_price_nok":"11055","_smort_price_dkk":"","_smort_price_eur":"","_smort_sale_price_nok":"","_smort_sale_price_dkk":"","_smort_sale_price_eur":"","smort_restorder":"","shipmondo_restorder":"","_kad_blocks_custom_css":"","_kad_blocks_head_custom_js":"","_kad_blocks_body_custom_js":"","_kad_blocks_footer_custom_js":"","smort_custom_pricelist_1":"6624","smort_custom_pricelist_2":"5796","smort_custom_pricelist_3":"5382","smort_custom_pricelist_4":"8280","smort_custom_pricelist_5":"5796"},"anvandningsomrade":[],"bilmarken":[],"product_brand":[114,115,117],"product_cat":[1859],"product_tag":[],"class_list":{"0":"post-25826","1":"product","2":"type-product","3":"status-publish","4":"has-post-thumbnail","6":"product_brand-w-light","7":"product_brand-xbb","8":"product_brand-xenonkungen","9":"product_cat-extraljuspaket","11":"first","12":"onbackorder","13":"virtual","14":"taxable","15":"purchasable","16":"product-type-bundle"},"bundled_by":[],"bundle_stock_status":"instock","bundle_stock_quantity":"","bundle_virtual":false,"bundle_layout":"default","bundle_add_to_cart_form_location":"default","bundle_editable_in_cart":false,"bundle_sold_individually_context":"product","bundle_item_grouping":"parent","bundle_min_size":"","bundle_max_size":"","bundle_price":{"price":{"min":{"incl_tax":"940.82","excl_tax":"752.6588724"},"max":{"incl_tax":"940.82","excl_tax":"752.6588724"}},"regular_price":{"min":{"incl_tax":"940.82","excl_tax":"752.6588724"},"max":{"incl_tax":"940.82","excl_tax":"752.6588724"}}},"bundled_items":[{"bundled_item_id":575,"product_id":1063,"menu_order":0,"quantity_min":1,"quantity_max":1,"quantity_default":1,"priced_individually":false,"shipped_individually":false,"override_title":false,"title":"Luxtar releen kaapelisarja DT-4 X3 12V 80A Releet","override_description":false,"description":"","optional":false,"hide_thumbnail":false,"discount":"","override_variations":false,"allowed_variations":[],"override_default_variation_attributes":false,"default_variation_attributes":[],"single_product_visibility":"visible","cart_visibility":"visible","order_visibility":"visible","single_product_price_visibility":"visible","cart_price_visibility":"visible","order_price_visibility":"visible","stock_status":"in_stock"},{"bundled_item_id":576,"product_id":2716,"menu_order":1,"quantity_min":1,"quantity_max":1,"quantity_default":1,"priced_individually":false,"shipped_individually":false,"override_title":false,"title":"Lis\u00e4valokannatin 3 x 225mm|9\":lle","override_description":false,"description":"","optional":false,"hide_thumbnail":false,"discount":"","override_variations":false,"allowed_variations":[],"override_default_variation_attributes":false,"default_variation_attributes":[],"single_product_visibility":"visible","cart_visibility":"visible","order_visibility":"visible","single_product_price_visibility":"visible","cart_price_visibility":"visible","order_price_visibility":"visible","stock_status":"on_backorder"},{"bundled_item_id":573,"product_id":1538,"menu_order":2,"quantity_min":1,"quantity_max":1,"quantity_default":1,"priced_individually":false,"shipped_individually":false,"override_title":false,"title":"XBB OBD-II-dongle + PowerUnit","override_description":false,"description":"","optional":false,"hide_thumbnail":false,"discount":"","override_variations":false,"allowed_variations":[],"override_default_variation_attributes":false,"default_variation_attributes":[],"single_product_visibility":"visible","cart_visibility":"visible","order_visibility":"visible","single_product_price_visibility":"visible","cart_price_visibility":"visible","order_price_visibility":"visible","stock_status":"on_backorder"},{"bundled_item_id":574,"product_id":2605,"menu_order":3,"quantity_min":1,"quantity_max":1,"quantity_default":1,"priced_individually":false,"shipped_individually":false,"override_title":false,"title":"Kaapelisarja XBB Power Unit - DT","override_description":false,"description":"","optional":false,"hide_thumbnail":false,"discount":"","override_variations":false,"allowed_variations":[],"override_default_variation_attributes":false,"default_variation_attributes":[],"single_product_visibility":"visible","cart_visibility":"visible","order_visibility":"visible","single_product_price_visibility":"visible","cart_price_visibility":"visible","order_price_visibility":"visible","stock_status":"in_stock"}],"bundle_sell_ids":[],"acf":[],"yoast_head":"<!-- This site is optimized with the Yoast SEO plugin v27.0 - https:\/\/yoast.com\/product\/yoast-seo-wordpress\/ -->\n<title>W-Light XTREME W9 RAD3 | Yellow - Xenonkungen<\/title>\n<meta name=\"robots\" content=\"index, follow, max-snippet:-1, max-image-preview:large, max-video-preview:-1\" \/>\n<link rel=\"canonical\" href=\"https:\/\/xenonkungen.com\/fi\/tuote\/w-light-xtreme-w9-rad3-keltainen\/\" \/>\n<meta property=\"og:locale\" content=\"fi_FI\" \/>\n<meta property=\"og:type\" content=\"article\" \/>\n<meta property=\"og:title\" content=\"W-Light XTREME W9 RAD3 | Yellow - Xenonkungen\" \/>\n<meta property=\"og:description\" content=\"W-Light XTREME W9 RAD3 Yellow \u00e4r ett kraftfullt LED-extraljus med extrem r\u00e4ckvidd och gult ljus f\u00f6r b\u00e4ttre kontrast i dimma, sn\u00f6 och regn. Med upp till 15 000 lumen, optimerad ljusbild och valbart positionsljus i vitt eller orange f\u00e5r du b\u00e5de h\u00f6g prestanda och ett distinkt utseende. Robust konstruktion och DT4-kontakt g\u00f6r det till ett p\u00e5litligt val f\u00f6r kr\u00e4vande k\u00f6rning i nordiskt klimat.\" \/>\n<meta property=\"og:url\" content=\"https:\/\/xenonkungen.com\/fi\/tuote\/w-light-xtreme-w9-rad3-keltainen\/\" \/>\n<meta property=\"og:site_name\" content=\"Xenonkungen\" \/>\n<meta property=\"article:modified_time\" content=\"2026-04-17T15:22:01+00:00\" \/>\n<meta property=\"og:image\" content=\"https:\/\/xenonkungen.com\/wp-content\/uploads\/2026\/02\/3stx9tum-W-light-W9-Phonenix-Paket-Yellow-PNNG-1024x867.png\" \/>\n\t<meta property=\"og:image:width\" content=\"1024\" \/>\n\t<meta property=\"og:image:height\" content=\"867\" \/>\n\t<meta property=\"og:image:type\" content=\"image\/png\" \/>\n<meta name=\"twitter:card\" content=\"summary_large_image\" \/>\n<meta name=\"twitter:label1\" content=\"Arvioitu lukuaika\" \/>\n\t<meta name=\"twitter:data1\" content=\"2 minuuttia\" \/>\n<script type=\"application\/ld+json\" class=\"yoast-schema-graph\">{\"@context\":\"https:\/\/schema.org\",\"@graph\":[{\"@type\":\"WebPage\",\"@id\":\"https:\/\/xenonkungen.com\/es\/producto\/w-light-xtreme-w9-rad3-yellow\/\",\"url\":\"https:\/\/xenonkungen.com\/es\/producto\/w-light-xtreme-w9-rad3-yellow\/\",\"name\":\"W-Light XTREME W9 RAD3 | Yellow - Xenonkungen\",\"isPartOf\":{\"@id\":\"https:\/\/xenonkungen.com\/#website\"},\"primaryImageOfPage\":{\"@id\":\"https:\/\/xenonkungen.com\/es\/producto\/w-light-xtreme-w9-rad3-yellow\/#primaryimage\"},\"image\":{\"@id\":\"https:\/\/xenonkungen.com\/es\/producto\/w-light-xtreme-w9-rad3-yellow\/#primaryimage\"},\"thumbnailUrl\":\"https:\/\/xenonkungen.com\/wp-content\/uploads\/2026\/02\/3stx9tum-W-light-W9-Phonenix-Paket-Yellow-PNNG.png\",\"datePublished\":\"2026-02-02T14:50:41+00:00\",\"dateModified\":\"2026-04-17T15:22:01+00:00\",\"breadcrumb\":{\"@id\":\"https:\/\/xenonkungen.com\/es\/producto\/w-light-xtreme-w9-rad3-yellow\/#breadcrumb\"},\"inLanguage\":\"fi\",\"potentialAction\":[{\"@type\":\"ReadAction\",\"target\":[\"https:\/\/xenonkungen.com\/es\/producto\/w-light-xtreme-w9-rad3-yellow\/\"]}]},{\"@type\":\"ImageObject\",\"inLanguage\":\"fi\",\"@id\":\"https:\/\/xenonkungen.com\/es\/producto\/w-light-xtreme-w9-rad3-yellow\/#primaryimage\",\"url\":\"https:\/\/xenonkungen.com\/wp-content\/uploads\/2026\/02\/3stx9tum-W-light-W9-Phonenix-Paket-Yellow-PNNG.png\",\"contentUrl\":\"https:\/\/xenonkungen.com\/wp-content\/uploads\/2026\/02\/3stx9tum-W-light-W9-Phonenix-Paket-Yellow-PNNG.png\",\"width\":2032,\"height\":1720},{\"@type\":\"BreadcrumbList\",\"@id\":\"https:\/\/xenonkungen.com\/es\/producto\/w-light-xtreme-w9-rad3-yellow\/#breadcrumb\",\"itemListElement\":[{\"@type\":\"ListItem\",\"position\":1,\"name\":\"Hem\",\"item\":\"https:\/\/xenonkungen.com\/\"},{\"@type\":\"ListItem\",\"position\":2,\"name\":\"Shop\",\"item\":\"https:\/\/xenonkungen.com\/shop\/\"},{\"@type\":\"ListItem\",\"position\":3,\"name\":\"W-Light XTREME W9 RAD3 | Yellow\"}]},{\"@type\":\"WebSite\",\"@id\":\"https:\/\/xenonkungen.com\/#website\",\"url\":\"https:\/\/xenonkungen.com\/\",\"name\":\"Xenonkungen\",\"description\":\"\",\"potentialAction\":[{\"@type\":\"SearchAction\",\"target\":{\"@type\":\"EntryPoint\",\"urlTemplate\":\"https:\/\/xenonkungen.com\/?s={search_term_string}\"},\"query-input\":{\"@type\":\"PropertyValueSpecification\",\"valueRequired\":true,\"valueName\":\"search_term_string\"}}],\"inLanguage\":\"fi\"}]}<\/script>\n<!-- \/ Yoast SEO plugin. -->","yoast_head_json":{"title":"W-Light XTREME W9 RAD3 | Keltainen - Xenon-kuningas","robots":{"index":"index","follow":"follow","max-snippet":"max-snippet:-1","max-image-preview":"max-image-preview:large","max-video-preview":"max-video-preview:-1"},"canonical":"https:\/\/xenonkungen.com\/fi\/tuote\/w-light-xtreme-w9-rad3-keltainen\/","og_locale":"fi_FI","og_type":"article","og_title":"W-Light XTREME W9 RAD3 | Yellow - Xenonkungen","og_description":"W-Light XTREME W9 RAD3 Yellow \u00e4r ett kraftfullt LED-extraljus med extrem r\u00e4ckvidd och gult ljus f\u00f6r b\u00e4ttre kontrast i dimma, sn\u00f6 och regn. Med upp till 15 000 lumen, optimerad ljusbild och valbart positionsljus i vitt eller orange f\u00e5r du b\u00e5de h\u00f6g prestanda och ett distinkt utseende. Robust konstruktion och DT4-kontakt g\u00f6r det till ett p\u00e5litligt val f\u00f6r kr\u00e4vande k\u00f6rning i nordiskt klimat.","og_url":"https:\/\/xenonkungen.com\/fi\/tuote\/w-light-xtreme-w9-rad3-keltainen\/","og_site_name":"Xenonkungen","article_modified_time":"2026-04-17T15:22:01+00:00","og_image":[{"width":1024,"height":867,"url":"https:\/\/xenonkungen.com\/wp-content\/uploads\/2026\/02\/3stx9tum-W-light-W9-Phonenix-Paket-Yellow-PNNG-1024x867.png","type":"image\/png"}],"twitter_card":"summary_large_image","twitter_misc":{"Arvioitu lukuaika":"2 minuuttia"},"schema":{"@context":"https:\/\/schema.org","@graph":[{"@type":"WebPage","@id":"https:\/\/xenonkungen.com\/es\/producto\/w-light-xtreme-w9-rad3-yellow\/","url":"https:\/\/xenonkungen.com\/es\/producto\/w-light-xtreme-w9-rad3-yellow\/","name":"W-Light XTREME W9 RAD3 | Keltainen - Xenon-kuningas","isPartOf":{"@id":"https:\/\/xenonkungen.com\/#website"},"primaryImageOfPage":{"@id":"https:\/\/xenonkungen.com\/es\/producto\/w-light-xtreme-w9-rad3-yellow\/#primaryimage"},"image":{"@id":"https:\/\/xenonkungen.com\/es\/producto\/w-light-xtreme-w9-rad3-yellow\/#primaryimage"},"thumbnailUrl":"https:\/\/xenonkungen.com\/wp-content\/uploads\/2026\/02\/3stx9tum-W-light-W9-Phonenix-Paket-Yellow-PNNG.png","datePublished":"2026-02-02T14:50:41+00:00","dateModified":"2026-04-17T15:22:01+00:00","breadcrumb":{"@id":"https:\/\/xenonkungen.com\/es\/producto\/w-light-xtreme-w9-rad3-yellow\/#breadcrumb"},"inLanguage":"fi","potentialAction":[{"@type":"ReadAction","target":["https:\/\/xenonkungen.com\/es\/producto\/w-light-xtreme-w9-rad3-yellow\/"]}]},{"@type":"ImageObject","inLanguage":"fi","@id":"https:\/\/xenonkungen.com\/es\/producto\/w-light-xtreme-w9-rad3-yellow\/#primaryimage","url":"https:\/\/xenonkungen.com\/wp-content\/uploads\/2026\/02\/3stx9tum-W-light-W9-Phonenix-Paket-Yellow-PNNG.png","contentUrl":"https:\/\/xenonkungen.com\/wp-content\/uploads\/2026\/02\/3stx9tum-W-light-W9-Phonenix-Paket-Yellow-PNNG.png","width":2032,"height":1720},{"@type":"BreadcrumbList","@id":"https:\/\/xenonkungen.com\/es\/producto\/w-light-xtreme-w9-rad3-yellow\/#breadcrumb","itemListElement":[{"@type":"ListItem","position":1,"name":"Hem","item":"https:\/\/xenonkungen.com\/"},{"@type":"ListItem","position":2,"name":"Shop","item":"https:\/\/xenonkungen.com\/shop\/"},{"@type":"ListItem","position":3,"name":"W-Light XTREME W9 RAD3 | Yellow"}]},{"@type":"WebSite","@id":"https:\/\/xenonkungen.com\/#website","url":"https:\/\/xenonkungen.com\/","name":"Xenonkungen","description":"","potentialAction":[{"@type":"SearchAction","target":{"@type":"EntryPoint","urlTemplate":"https:\/\/xenonkungen.com\/?s={search_term_string}"},"query-input":{"@type":"PropertyValueSpecification","valueRequired":true,"valueName":"search_term_string"}}],"inLanguage":"fi"}]}},"taxonomy_info":{"product_brand":[{"value":114,"label":"W-Light"},{"value":115,"label":"XBB"},{"value":117,"label":"Xenonkungen"}],"product_cat":[{"value":1859,"label":"Extraljuspaket"}]},"featured_image_src_large":["https:\/\/xenonkungen.com\/wp-content\/uploads\/2026\/02\/3stx9tum-W-light-W9-Phonenix-Paket-Yellow-PNNG-1024x867.png",1024,867,true],"author_info":[],"comment_info":0,"_links":{"self":[{"href":"https:\/\/xenonkungen.com\/fi\/wp-json\/wp\/v2\/product\/25826","targetHints":{"allow":["GET"]}}],"collection":[{"href":"https:\/\/xenonkungen.com\/fi\/wp-json\/wp\/v2\/product"}],"about":[{"href":"https:\/\/xenonkungen.com\/fi\/wp-json\/wp\/v2\/types\/product"}],"replies":[{"embeddable":true,"href":"https:\/\/xenonkungen.com\/fi\/wp-json\/wp\/v2\/comments?post=25826"}],"wp:featuredmedia":[{"embeddable":true,"href":"https:\/\/xenonkungen.com\/fi\/wp-json\/wp\/v2\/media\/25813"}],"wp:attachment":[{"href":"https:\/\/xenonkungen.com\/fi\/wp-json\/wp\/v2\/media?parent=25826"}],"wp:term":[{"taxonomy":"anvandningsomrade","embeddable":true,"href":"https:\/\/xenonkungen.com\/fi\/wp-json\/wp\/v2\/anvandningsomrade?post=25826"},{"taxonomy":"bilmarken","embeddable":true,"href":"https:\/\/xenonkungen.com\/fi\/wp-json\/wp\/v2\/bilmarken?post=25826"},{"taxonomy":"product_brand","embeddable":true,"href":"https:\/\/xenonkungen.com\/fi\/wp-json\/wp\/v2\/product_brand?post=25826"},{"taxonomy":"product_cat","embeddable":true,"href":"https:\/\/xenonkungen.com\/fi\/wp-json\/wp\/v2\/product_cat?post=25826"},{"taxonomy":"product_tag","embeddable":true,"href":"https:\/\/xenonkungen.com\/fi\/wp-json\/wp\/v2\/product_tag?post=25826"}],"curies":[{"name":"wp","href":"https:\/\/api.w.org\/{rel}","templated":true}]}}