{"id":2585,"date":"2025-04-15T08:39:30","date_gmt":"2025-04-15T08:39:30","guid":{"rendered":"https:\/\/xenonkungen.com\/product\/xbb-smart-button\/"},"modified":"2026-05-13T08:01:17","modified_gmt":"2026-05-13T07:01:17","slug":"xbb-alypainike","status":"publish","type":"product","link":"https:\/\/xenonkungen.com\/fi\/tuote\/xbb-alypainike\/","title":{"rendered":"XBB Smart Button"},"content":{"rendered":"<h1>XBB Smart Button<\/h1>\n<p>Ohjaa valoja tai kytkettyj\u00e4 laitteita langattomalla painikkeella. Kommunikoi XBB-donglen kanssa Bluetoothin kautta, joten sinun ei tarvitse katkaista johtoja perinteisen langallisen kytkimen kytkemiseksi.<\/p>\n<p>Painike voidaan ohjelmoida aktivoimaan tai deaktivoimaan PowerUnitsin l\u00e4hd\u00f6t 1 ja 2. N\u00e4in sinulla on useita toimintoja samassa painikkeessa!<\/p>\n<p>Alla on muutamia esimerkkej\u00e4 siit\u00e4, miten voit k\u00e4ytt\u00e4\u00e4 painiketta.<\/p>\n<p>Lis\u00e4valojen tai LED-ramppien sammuttaminen kaukovalojen ollessa aktivoituna, esim. lumisateen aikana.<br \/>Peruutusvalojen\/ty\u00f6valojen kytkeminen p\u00e4\u00e4lle ilman peruutusta tai ajoneuvossa oloa.<br \/>Kytke Halo-toiminto\/DRL pois p\u00e4\u00e4lt\u00e4 lis\u00e4valoista\/LED-ramppia.<br \/>Painiketta voidaan k\u00e4ytt\u00e4\u00e4 lataamatta resepti\u00e4 XBB-dongleen.<br \/>N\u00e4in voit k\u00e4ytt\u00e4\u00e4 XBB Donglea ja XBB PowerUnitia ilman, ett\u00e4 autosi malli on edustettuna reseptitietokannassa!<br \/>Pikaopas<\/p>\n<p>Asenna XBB Smart Button XBB Configurator -sovelluksen kautta.<\/p>\n<p>K\u00e4ynnist\u00e4 XBB Configurator -sovellus (saatavana Google Playsta tai App Storesta).<br \/>Yhdist\u00e4 XBB-dongle puhelimellasi.<br \/>Valitse PowerUnit-v\u00e4lilehti ja lis\u00e4\u00e4 yksikk\u00f6 napsauttamalla sit\u00e4.<br \/>Napsauta Lis\u00e4\u00e4 XBB-painike, XBB-dongle alkaa etsi\u00e4 painiketta.<br \/>Paina 1 kerran XBB Smart Button -painiketta ja napsauta OK, kun painike on l\u00f6ytynyt.<br \/>Napsauta PowerUnitin asetuksia<br \/>Valitse, mit\u00e4 tapahtuu 1 tai 2 painalluksella, ja tallenna asetukset.<br \/>Tee toiminnallinen testi. Onnea sinulle!<br \/>Hyv\u00e4 tiet\u00e4\u00e4<\/p>\n<p>HUOM! K\u00e4yt\u00e4 painikkeeseen liitt\u00e4miseen vain sovellustamme XBB Configurator.<br \/>Voit liitt\u00e4\u00e4 j\u00e4rjestelm\u00e4\u00e4n vain 1 painikkeen.<br \/>Jos k\u00e4yt\u00e4t 1 XBB Smart Button -n\u00e4pp\u00e4int\u00e4, voit liitt\u00e4\u00e4 j\u00e4rjestelm\u00e4\u00e4n enint\u00e4\u00e4n 3 XBB PowerUnit -yksikk\u00f6\u00e4.<br \/>Jos pid\u00e4t painiketta painettuna 2 sekunnin ajan, kaikki painikkeiden painallukset peruuntuvat, jos et ole varma, onko toiminto aktivoitu vai ei.<br \/>Jos haluat vaihtaa pariston, aseta painike alustalle ja k\u00e4\u00e4nn\u00e4 sitten painiketta vasemmalle. Paristo on CR2032-tyyppinen.<br \/>Se EI ole vedenpit\u00e4v\u00e4.<\/p>","protected":false},"excerpt":{"rendered":"<p>K\u00e4tev\u00e4 ratkaisu niille, jotka eiv\u00e4t aina halua lis\u00e4valoja tai LED-ramppia p\u00e4\u00e4ll\u00e4!<\/p>","protected":false},"featured_media":2586,"comment_status":"closed","ping_status":"closed","template":"","meta":{"_acf_changed":false,"_smort_price_nok":"918","_smort_price_dkk":"583","_smort_price_eur":"78.09","_smort_sale_price_nok":"","_smort_sale_price_dkk":"","_smort_sale_price_eur":"","smort_restorder":"","shipmondo_restorder":"","_kad_blocks_custom_css":"","_kad_blocks_head_custom_js":"","_kad_blocks_body_custom_js":"","_kad_blocks_footer_custom_js":"","smort_custom_pricelist_1":"549.76","smort_custom_pricelist_2":"481.04","smort_custom_pricelist_3":"446.68","smort_custom_pricelist_4":"687.2","smort_custom_pricelist_5":"481.04"},"anvandningsomrade":[],"bilmarken":[],"product_brand":[115],"product_cat":[2487,2841,2828,2497,477,390],"product_tag":[],"class_list":{"0":"post-2585","1":"product","2":"type-product","3":"status-publish","4":"has-post-thumbnail","6":"product_brand-xbb","7":"product_cat-canbus-installation","8":"product_cat-installation-extraljus","9":"product_cat-installation-led-ramper","10":"product_cat-xbb","11":"product_cat-canbus-emc","12":"product_cat-installation","14":"first","15":"instock","16":"taxable","17":"shipping-taxable","18":"purchasable","19":"product-type-simple"},"bundled_by":[],"bundle_stock_status":"instock","bundle_stock_quantity":59,"bundle_virtual":false,"bundle_layout":"","bundle_add_to_cart_form_location":"","bundle_editable_in_cart":false,"bundle_sold_individually_context":"","bundle_item_grouping":"","bundle_min_size":"","bundle_max_size":"","bundle_price":[],"bundled_items":[],"bundle_sell_ids":[],"acf":[],"yoast_head":"<!-- This site is optimized with the Yoast SEO plugin v27.0 - https:\/\/yoast.com\/product\/yoast-seo-wordpress\/ -->\n<title>XBB Smart Button - Xenonkungen<\/title>\n<meta name=\"robots\" content=\"index, follow, max-snippet:-1, max-image-preview:large, max-video-preview:-1\" \/>\n<link rel=\"canonical\" href=\"https:\/\/xenonkungen.com\/fi\/tuote\/xbb-alypainike\/\" \/>\n<meta property=\"og:locale\" content=\"fi_FI\" \/>\n<meta property=\"og:type\" content=\"article\" \/>\n<meta property=\"og:title\" content=\"XBB Smart Button - Xenonkungen\" \/>\n<meta property=\"og:description\" content=\"Smidig l\u00f6sning f\u00f6r er som inte alltid vill ha Extraljusen eller Ledrampen ig\u00e5ng!\" \/>\n<meta property=\"og:url\" content=\"https:\/\/xenonkungen.com\/fi\/tuote\/xbb-alypainike\/\" \/>\n<meta property=\"og:site_name\" content=\"Xenonkungen\" \/>\n<meta property=\"article:modified_time\" content=\"2026-05-13T07:01:17+00:00\" \/>\n<meta property=\"og:image\" content=\"https:\/\/xenonkungen.com\/wp-content\/uploads\/2025\/04\/185172801-origpic-8373bb.png\" \/>\n\t<meta property=\"og:image:width\" content=\"2560\" \/>\n\t<meta property=\"og:image:height\" content=\"1920\" \/>\n\t<meta property=\"og:image:type\" content=\"image\/png\" \/>\n<meta name=\"twitter:card\" content=\"summary_large_image\" \/>\n<meta name=\"twitter:label1\" content=\"Arvioitu lukuaika\" \/>\n\t<meta name=\"twitter:data1\" content=\"2 minuuttia\" \/>\n<script type=\"application\/ld+json\" class=\"yoast-schema-graph\">{\"@context\":\"https:\/\/schema.org\",\"@graph\":[{\"@type\":\"WebPage\",\"@id\":\"https:\/\/xenonkungen.com\/produkt\/xbb-smart-button\/\",\"url\":\"https:\/\/xenonkungen.com\/produkt\/xbb-smart-button\/\",\"name\":\"XBB Smart Button - Xenonkungen\",\"isPartOf\":{\"@id\":\"https:\/\/xenonkungen.com\/#website\"},\"primaryImageOfPage\":{\"@id\":\"https:\/\/xenonkungen.com\/produkt\/xbb-smart-button\/#primaryimage\"},\"image\":{\"@id\":\"https:\/\/xenonkungen.com\/produkt\/xbb-smart-button\/#primaryimage\"},\"thumbnailUrl\":\"https:\/\/xenonkungen.com\/wp-content\/uploads\/2025\/04\/185172801-origpic-8373bb.png\",\"datePublished\":\"2025-04-15T08:39:30+00:00\",\"dateModified\":\"2026-05-13T07:01:17+00:00\",\"breadcrumb\":{\"@id\":\"https:\/\/xenonkungen.com\/produkt\/xbb-smart-button\/#breadcrumb\"},\"inLanguage\":\"fi\",\"potentialAction\":[{\"@type\":\"ReadAction\",\"target\":[\"https:\/\/xenonkungen.com\/produkt\/xbb-smart-button\/\"]}]},{\"@type\":\"ImageObject\",\"inLanguage\":\"fi\",\"@id\":\"https:\/\/xenonkungen.com\/produkt\/xbb-smart-button\/#primaryimage\",\"url\":\"https:\/\/xenonkungen.com\/wp-content\/uploads\/2025\/04\/185172801-origpic-8373bb.png\",\"contentUrl\":\"https:\/\/xenonkungen.com\/wp-content\/uploads\/2025\/04\/185172801-origpic-8373bb.png\",\"width\":2560,\"height\":1920},{\"@type\":\"BreadcrumbList\",\"@id\":\"https:\/\/xenonkungen.com\/produkt\/xbb-smart-button\/#breadcrumb\",\"itemListElement\":[{\"@type\":\"ListItem\",\"position\":1,\"name\":\"Hem\",\"item\":\"https:\/\/xenonkungen.com\/\"},{\"@type\":\"ListItem\",\"position\":2,\"name\":\"Shop\",\"item\":\"https:\/\/xenonkungen.com\/shop\/\"},{\"@type\":\"ListItem\",\"position\":3,\"name\":\"XBB Smart Button\"}]},{\"@type\":\"WebSite\",\"@id\":\"https:\/\/xenonkungen.com\/#website\",\"url\":\"https:\/\/xenonkungen.com\/\",\"name\":\"Xenonkungen\",\"description\":\"\",\"potentialAction\":[{\"@type\":\"SearchAction\",\"target\":{\"@type\":\"EntryPoint\",\"urlTemplate\":\"https:\/\/xenonkungen.com\/?s={search_term_string}\"},\"query-input\":{\"@type\":\"PropertyValueSpecification\",\"valueRequired\":true,\"valueName\":\"search_term_string\"}}],\"inLanguage\":\"fi\"}]}<\/script>\n<!-- \/ Yoast SEO plugin. -->","yoast_head_json":{"title":"XBB-\u00e4lypainike - Xenon-kuningas","robots":{"index":"index","follow":"follow","max-snippet":"max-snippet:-1","max-image-preview":"max-image-preview:large","max-video-preview":"max-video-preview:-1"},"canonical":"https:\/\/xenonkungen.com\/fi\/tuote\/xbb-alypainike\/","og_locale":"fi_FI","og_type":"article","og_title":"XBB Smart Button - Xenonkungen","og_description":"Smidig l\u00f6sning f\u00f6r er som inte alltid vill ha Extraljusen eller Ledrampen ig\u00e5ng!","og_url":"https:\/\/xenonkungen.com\/fi\/tuote\/xbb-alypainike\/","og_site_name":"Xenonkungen","article_modified_time":"2026-05-13T07:01:17+00:00","og_image":[{"width":2560,"height":1920,"url":"https:\/\/xenonkungen.com\/wp-content\/uploads\/2025\/04\/185172801-origpic-8373bb.png","type":"image\/png"}],"twitter_card":"summary_large_image","twitter_misc":{"Arvioitu lukuaika":"2 minuuttia"},"schema":{"@context":"https:\/\/schema.org","@graph":[{"@type":"WebPage","@id":"https:\/\/xenonkungen.com\/produkt\/xbb-smart-button\/","url":"https:\/\/xenonkungen.com\/produkt\/xbb-smart-button\/","name":"XBB-\u00e4lypainike - Xenon-kuningas","isPartOf":{"@id":"https:\/\/xenonkungen.com\/#website"},"primaryImageOfPage":{"@id":"https:\/\/xenonkungen.com\/produkt\/xbb-smart-button\/#primaryimage"},"image":{"@id":"https:\/\/xenonkungen.com\/produkt\/xbb-smart-button\/#primaryimage"},"thumbnailUrl":"https:\/\/xenonkungen.com\/wp-content\/uploads\/2025\/04\/185172801-origpic-8373bb.png","datePublished":"2025-04-15T08:39:30+00:00","dateModified":"2026-05-13T07:01:17+00:00","breadcrumb":{"@id":"https:\/\/xenonkungen.com\/produkt\/xbb-smart-button\/#breadcrumb"},"inLanguage":"fi","potentialAction":[{"@type":"ReadAction","target":["https:\/\/xenonkungen.com\/produkt\/xbb-smart-button\/"]}]},{"@type":"ImageObject","inLanguage":"fi","@id":"https:\/\/xenonkungen.com\/produkt\/xbb-smart-button\/#primaryimage","url":"https:\/\/xenonkungen.com\/wp-content\/uploads\/2025\/04\/185172801-origpic-8373bb.png","contentUrl":"https:\/\/xenonkungen.com\/wp-content\/uploads\/2025\/04\/185172801-origpic-8373bb.png","width":2560,"height":1920},{"@type":"BreadcrumbList","@id":"https:\/\/xenonkungen.com\/produkt\/xbb-smart-button\/#breadcrumb","itemListElement":[{"@type":"ListItem","position":1,"name":"Hem","item":"https:\/\/xenonkungen.com\/"},{"@type":"ListItem","position":2,"name":"Shop","item":"https:\/\/xenonkungen.com\/shop\/"},{"@type":"ListItem","position":3,"name":"XBB Smart Button"}]},{"@type":"WebSite","@id":"https:\/\/xenonkungen.com\/#website","url":"https:\/\/xenonkungen.com\/","name":"Xenonkungen","description":"","potentialAction":[{"@type":"SearchAction","target":{"@type":"EntryPoint","urlTemplate":"https:\/\/xenonkungen.com\/?s={search_term_string}"},"query-input":{"@type":"PropertyValueSpecification","valueRequired":true,"valueName":"search_term_string"}}],"inLanguage":"fi"}]}},"taxonomy_info":{"product_brand":[{"value":115,"label":"XBB"}],"product_cat":[{"value":2487,"label":"Canbus"},{"value":2841,"label":"Installation extraljus"},{"value":2828,"label":"Installation LED-ramper"},{"value":2497,"label":"XBB"},{"value":477,"label":"Canbus | EMC"},{"value":390,"label":"Installation"}]},"featured_image_src_large":["https:\/\/xenonkungen.com\/wp-content\/uploads\/2025\/04\/185172801-origpic-8373bb-1024x768.png",1024,768,true],"author_info":[],"comment_info":6,"_links":{"self":[{"href":"https:\/\/xenonkungen.com\/fi\/wp-json\/wp\/v2\/product\/2585","targetHints":{"allow":["GET"]}}],"collection":[{"href":"https:\/\/xenonkungen.com\/fi\/wp-json\/wp\/v2\/product"}],"about":[{"href":"https:\/\/xenonkungen.com\/fi\/wp-json\/wp\/v2\/types\/product"}],"replies":[{"embeddable":true,"href":"https:\/\/xenonkungen.com\/fi\/wp-json\/wp\/v2\/comments?post=2585"}],"wp:featuredmedia":[{"embeddable":true,"href":"https:\/\/xenonkungen.com\/fi\/wp-json\/wp\/v2\/media\/2586"}],"wp:attachment":[{"href":"https:\/\/xenonkungen.com\/fi\/wp-json\/wp\/v2\/media?parent=2585"}],"wp:term":[{"taxonomy":"anvandningsomrade","embeddable":true,"href":"https:\/\/xenonkungen.com\/fi\/wp-json\/wp\/v2\/anvandningsomrade?post=2585"},{"taxonomy":"bilmarken","embeddable":true,"href":"https:\/\/xenonkungen.com\/fi\/wp-json\/wp\/v2\/bilmarken?post=2585"},{"taxonomy":"product_brand","embeddable":true,"href":"https:\/\/xenonkungen.com\/fi\/wp-json\/wp\/v2\/product_brand?post=2585"},{"taxonomy":"product_cat","embeddable":true,"href":"https:\/\/xenonkungen.com\/fi\/wp-json\/wp\/v2\/product_cat?post=2585"},{"taxonomy":"product_tag","embeddable":true,"href":"https:\/\/xenonkungen.com\/fi\/wp-json\/wp\/v2\/product_tag?post=2585"}],"curies":[{"name":"wp","href":"https:\/\/api.w.org\/{rel}","templated":true}]}}