{"id":25889,"date":"2026-02-03T14:33:12","date_gmt":"2026-02-03T13:33:12","guid":{"rendered":"https:\/\/xenonkungen.com\/?post_type=product&#038;p=25889"},"modified":"2026-02-03T14:45:18","modified_gmt":"2026-02-03T13:45:18","slug":"relekaapelisarja-dtp-2-x-3-12v-70a","status":"publish","type":"product","link":"https:\/\/xenonkungen.com\/fi\/tuote\/relekaapelisarja-dtp-2-x-3-12v-70a\/","title":{"rendered":"Relekaapelisarja DTP-2 x 3 | 12v | 70A"},"content":{"rendered":"<h2 data-start=\"126\" data-end=\"185\">Lis\u00e4valojen johdotus 12V DTP-liittimill\u00e4 \u2013 jopa 3 \u00d7 260 W<\/h2>\n<p data-start=\"187\" data-end=\"461\">Kest\u00e4v\u00e4 ja luotettava <strong data-start=\"208\" data-end=\"244\">lis\u00e4valojen johdotus 12 V j\u00e4rjestelmille<\/strong>, varustettuna <strong data-start=\"259\" data-end=\"276\">DTP-yhteystiedot<\/strong> turvallisen ja vakaan yhteyden takaamiseksi. Suunniteltu ajamaan jopa <strong data-start=\"342\" data-end=\"396\">kolme lis\u00e4valoa tai valopalkkia, 260 W tehoa kohden<\/strong>, joten se sopii t\u00e4ydellisesti tehokkaisiin valaistusasennuksiin.<\/p>\n<p data-start=\"463\" data-end=\"611\">Johtosarja on helppo asentaa ja tarjoaa turvallisen virransy\u00f6t\u00f6n ja korkean k\u00e4ytt\u00f6varmuuden \u2013 ihanteellinen sek\u00e4 henkil\u00f6autoihin ett\u00e4 kuljetusajoneuvoihin.<\/p>\n<p data-start=\"613\" data-end=\"734\">\u2714 12 V<br data-start=\"619\" data-end=\"622\" \/>\u2714 DTP-liittimet turvalliseen yhteyteen<br data-start=\"658\" data-end=\"661\" \/>\u2714 Kest\u00e4\u00e4 jopa 3 \u00d7 260 W<br data-start=\"686\" data-end=\"689\" \/>\u2714 Vakaa ja luotettava ratkaisu lis\u00e4valaistukseen<\/p>","protected":false},"excerpt":{"rendered":"<p>Extraljuskablage 12V med DTP-kontakter \u2013 upp till 3\u00d7260W Robust och p\u00e5litligt extraljuskablage f\u00f6r 12 V-system, utrustat med DTP-kontakter f\u00f6r s\u00e4ker och stabil anslutning. Utformat f\u00f6r att driva upp till tre extraljus eller ljusramper p\u00e5 260 W per utg\u00e5ng, vilket g\u00f6r det perfekt f\u00f6r kraftfulla belysningsinstallationer. Kablaget \u00e4r anpassat f\u00f6r enkel montering och ger en trygg [&hellip;]<\/p>","protected":false},"featured_media":25890,"comment_status":"open","ping_status":"closed","template":"","meta":{"_acf_changed":false,"_smort_price_nok":"968","_smort_price_dkk":"","_smort_price_eur":"","_smort_sale_price_nok":"","_smort_sale_price_dkk":"","_smort_sale_price_eur":"","smort_restorder":"","shipmondo_restorder":"","_kad_blocks_custom_css":"","_kad_blocks_head_custom_js":"","_kad_blocks_body_custom_js":"","_kad_blocks_footer_custom_js":"","smort_custom_pricelist_1":"582.4","smort_custom_pricelist_2":"507.5","smort_custom_pricelist_3":"471.25","smort_custom_pricelist_4":"725","smort_custom_pricelist_5":"507.5"},"anvandningsomrade":[],"bilmarken":[],"product_brand":[2790],"product_cat":[2467,2795,2796,390],"product_tag":[],"class_list":{"0":"post-25889","1":"product","2":"type-product","3":"status-publish","4":"has-post-thumbnail","6":"product_brand-abkati","7":"product_cat-kabel","8":"product_cat-kablar-rela","9":"product_cat-relakabelsatser","10":"product_cat-installation","12":"first","13":"instock","14":"taxable","15":"shipping-taxable","16":"purchasable","17":"product-type-simple"},"bundled_by":[],"bundle_stock_status":"instock","bundle_stock_quantity":1,"bundle_virtual":false,"bundle_layout":"","bundle_add_to_cart_form_location":"","bundle_editable_in_cart":false,"bundle_sold_individually_context":"","bundle_item_grouping":"","bundle_min_size":"","bundle_max_size":"","bundle_price":[],"bundled_items":[],"bundle_sell_ids":[],"acf":[],"yoast_head":"<!-- This site is optimized with the Yoast SEO plugin v27.0 - https:\/\/yoast.com\/product\/yoast-seo-wordpress\/ -->\n<title>Rel\u00e4kabelsats DTP-2 X 3 | 12v | 70A - Xenonkungen<\/title>\n<meta name=\"robots\" content=\"index, follow, max-snippet:-1, max-image-preview:large, max-video-preview:-1\" \/>\n<link rel=\"canonical\" href=\"https:\/\/xenonkungen.com\/fi\/tuote\/relekaapelisarja-dtp-2-x-3-12v-70a\/\" \/>\n<meta property=\"og:locale\" content=\"fi_FI\" \/>\n<meta property=\"og:type\" content=\"article\" \/>\n<meta property=\"og:title\" content=\"Rel\u00e4kabelsats DTP-2 X 3 | 12v | 70A - Xenonkungen\" \/>\n<meta property=\"og:description\" content=\"Extraljuskablage 12V med DTP-kontakter \u2013 upp till 3\u00d7260W Robust och p\u00e5litligt extraljuskablage f\u00f6r 12 V-system, utrustat med DTP-kontakter f\u00f6r s\u00e4ker och stabil anslutning. Utformat f\u00f6r att driva upp till tre extraljus eller ljusramper p\u00e5 260 W per utg\u00e5ng, vilket g\u00f6r det perfekt f\u00f6r kraftfulla belysningsinstallationer. Kablaget \u00e4r anpassat f\u00f6r enkel montering och ger en trygg [&hellip;]\" \/>\n<meta property=\"og:url\" content=\"https:\/\/xenonkungen.com\/fi\/tuote\/relekaapelisarja-dtp-2-x-3-12v-70a\/\" \/>\n<meta property=\"og:site_name\" content=\"Xenonkungen\" \/>\n<meta property=\"article:modified_time\" content=\"2026-02-03T13:45:18+00:00\" \/>\n<meta property=\"og:image\" content=\"https:\/\/xenonkungen.com\/wp-content\/uploads\/2026\/02\/Skarmbild-2026-02-03-143036.png\" \/>\n\t<meta property=\"og:image:width\" content=\"1124\" \/>\n\t<meta property=\"og:image:height\" content=\"841\" \/>\n\t<meta property=\"og:image:type\" content=\"image\/png\" \/>\n<meta name=\"twitter:card\" content=\"summary_large_image\" \/>\n<meta name=\"twitter:label1\" content=\"Arvioitu lukuaika\" \/>\n\t<meta name=\"twitter:data1\" content=\"1 minuutti\" \/>\n<script type=\"application\/ld+json\" class=\"yoast-schema-graph\">{\"@context\":\"https:\/\/schema.org\",\"@graph\":[{\"@type\":\"WebPage\",\"@id\":\"https:\/\/xenonkungen.com\/produkt\/relakabelsats-dtp-2-x-3-12v-70a\/\",\"url\":\"https:\/\/xenonkungen.com\/produkt\/relakabelsats-dtp-2-x-3-12v-70a\/\",\"name\":\"Rel\u00e4kabelsats DTP-2 X 3 | 12v | 70A - Xenonkungen\",\"isPartOf\":{\"@id\":\"https:\/\/xenonkungen.com\/#website\"},\"primaryImageOfPage\":{\"@id\":\"https:\/\/xenonkungen.com\/produkt\/relakabelsats-dtp-2-x-3-12v-70a\/#primaryimage\"},\"image\":{\"@id\":\"https:\/\/xenonkungen.com\/produkt\/relakabelsats-dtp-2-x-3-12v-70a\/#primaryimage\"},\"thumbnailUrl\":\"https:\/\/xenonkungen.com\/wp-content\/uploads\/2026\/02\/Skarmbild-2026-02-03-143036.png\",\"datePublished\":\"2026-02-03T13:33:12+00:00\",\"dateModified\":\"2026-02-03T13:45:18+00:00\",\"breadcrumb\":{\"@id\":\"https:\/\/xenonkungen.com\/produkt\/relakabelsats-dtp-2-x-3-12v-70a\/#breadcrumb\"},\"inLanguage\":\"fi\",\"potentialAction\":[{\"@type\":\"ReadAction\",\"target\":[\"https:\/\/xenonkungen.com\/produkt\/relakabelsats-dtp-2-x-3-12v-70a\/\"]}]},{\"@type\":\"ImageObject\",\"inLanguage\":\"fi\",\"@id\":\"https:\/\/xenonkungen.com\/produkt\/relakabelsats-dtp-2-x-3-12v-70a\/#primaryimage\",\"url\":\"https:\/\/xenonkungen.com\/wp-content\/uploads\/2026\/02\/Skarmbild-2026-02-03-143036.png\",\"contentUrl\":\"https:\/\/xenonkungen.com\/wp-content\/uploads\/2026\/02\/Skarmbild-2026-02-03-143036.png\",\"width\":1124,\"height\":841},{\"@type\":\"BreadcrumbList\",\"@id\":\"https:\/\/xenonkungen.com\/produkt\/relakabelsats-dtp-2-x-3-12v-70a\/#breadcrumb\",\"itemListElement\":[{\"@type\":\"ListItem\",\"position\":1,\"name\":\"Hem\",\"item\":\"https:\/\/xenonkungen.com\/\"},{\"@type\":\"ListItem\",\"position\":2,\"name\":\"Shop\",\"item\":\"https:\/\/xenonkungen.com\/shop\/\"},{\"@type\":\"ListItem\",\"position\":3,\"name\":\"Rel\u00e4kabelsats DTP-2 X 3 | 12v | 70A\"}]},{\"@type\":\"WebSite\",\"@id\":\"https:\/\/xenonkungen.com\/#website\",\"url\":\"https:\/\/xenonkungen.com\/\",\"name\":\"Xenonkungen\",\"description\":\"\",\"potentialAction\":[{\"@type\":\"SearchAction\",\"target\":{\"@type\":\"EntryPoint\",\"urlTemplate\":\"https:\/\/xenonkungen.com\/?s={search_term_string}\"},\"query-input\":{\"@type\":\"PropertyValueSpecification\",\"valueRequired\":true,\"valueName\":\"search_term_string\"}}],\"inLanguage\":\"fi\"}]}<\/script>\n<!-- \/ Yoast SEO plugin. -->","yoast_head_json":{"title":"Relekaapelisarja DTP-2 X 3 | 12v | 70A - Xenon King","robots":{"index":"index","follow":"follow","max-snippet":"max-snippet:-1","max-image-preview":"max-image-preview:large","max-video-preview":"max-video-preview:-1"},"canonical":"https:\/\/xenonkungen.com\/fi\/tuote\/relekaapelisarja-dtp-2-x-3-12v-70a\/","og_locale":"fi_FI","og_type":"article","og_title":"Rel\u00e4kabelsats DTP-2 X 3 | 12v | 70A - Xenonkungen","og_description":"Extraljuskablage 12V med DTP-kontakter \u2013 upp till 3\u00d7260W Robust och p\u00e5litligt extraljuskablage f\u00f6r 12 V-system, utrustat med DTP-kontakter f\u00f6r s\u00e4ker och stabil anslutning. Utformat f\u00f6r att driva upp till tre extraljus eller ljusramper p\u00e5 260 W per utg\u00e5ng, vilket g\u00f6r det perfekt f\u00f6r kraftfulla belysningsinstallationer. Kablaget \u00e4r anpassat f\u00f6r enkel montering och ger en trygg [&hellip;]","og_url":"https:\/\/xenonkungen.com\/fi\/tuote\/relekaapelisarja-dtp-2-x-3-12v-70a\/","og_site_name":"Xenonkungen","article_modified_time":"2026-02-03T13:45:18+00:00","og_image":[{"width":1124,"height":841,"url":"https:\/\/xenonkungen.com\/wp-content\/uploads\/2026\/02\/Skarmbild-2026-02-03-143036.png","type":"image\/png"}],"twitter_card":"summary_large_image","twitter_misc":{"Arvioitu lukuaika":"1 minuutti"},"schema":{"@context":"https:\/\/schema.org","@graph":[{"@type":"WebPage","@id":"https:\/\/xenonkungen.com\/produkt\/relakabelsats-dtp-2-x-3-12v-70a\/","url":"https:\/\/xenonkungen.com\/produkt\/relakabelsats-dtp-2-x-3-12v-70a\/","name":"Relekaapelisarja DTP-2 X 3 | 12v | 70A - Xenon King","isPartOf":{"@id":"https:\/\/xenonkungen.com\/#website"},"primaryImageOfPage":{"@id":"https:\/\/xenonkungen.com\/produkt\/relakabelsats-dtp-2-x-3-12v-70a\/#primaryimage"},"image":{"@id":"https:\/\/xenonkungen.com\/produkt\/relakabelsats-dtp-2-x-3-12v-70a\/#primaryimage"},"thumbnailUrl":"https:\/\/xenonkungen.com\/wp-content\/uploads\/2026\/02\/Skarmbild-2026-02-03-143036.png","datePublished":"2026-02-03T13:33:12+00:00","dateModified":"2026-02-03T13:45:18+00:00","breadcrumb":{"@id":"https:\/\/xenonkungen.com\/produkt\/relakabelsats-dtp-2-x-3-12v-70a\/#breadcrumb"},"inLanguage":"fi","potentialAction":[{"@type":"ReadAction","target":["https:\/\/xenonkungen.com\/produkt\/relakabelsats-dtp-2-x-3-12v-70a\/"]}]},{"@type":"ImageObject","inLanguage":"fi","@id":"https:\/\/xenonkungen.com\/produkt\/relakabelsats-dtp-2-x-3-12v-70a\/#primaryimage","url":"https:\/\/xenonkungen.com\/wp-content\/uploads\/2026\/02\/Skarmbild-2026-02-03-143036.png","contentUrl":"https:\/\/xenonkungen.com\/wp-content\/uploads\/2026\/02\/Skarmbild-2026-02-03-143036.png","width":1124,"height":841},{"@type":"BreadcrumbList","@id":"https:\/\/xenonkungen.com\/produkt\/relakabelsats-dtp-2-x-3-12v-70a\/#breadcrumb","itemListElement":[{"@type":"ListItem","position":1,"name":"Hem","item":"https:\/\/xenonkungen.com\/"},{"@type":"ListItem","position":2,"name":"Shop","item":"https:\/\/xenonkungen.com\/shop\/"},{"@type":"ListItem","position":3,"name":"Rel\u00e4kabelsats DTP-2 X 3 | 12v | 70A"}]},{"@type":"WebSite","@id":"https:\/\/xenonkungen.com\/#website","url":"https:\/\/xenonkungen.com\/","name":"Xenonkungen","description":"","potentialAction":[{"@type":"SearchAction","target":{"@type":"EntryPoint","urlTemplate":"https:\/\/xenonkungen.com\/?s={search_term_string}"},"query-input":{"@type":"PropertyValueSpecification","valueRequired":true,"valueName":"search_term_string"}}],"inLanguage":"fi"}]}},"taxonomy_info":{"product_brand":[{"value":2790,"label":"Abkati"}],"product_cat":[{"value":2467,"label":"Kabel"},{"value":2795,"label":"Kablar och Rel\u00e4"},{"value":2796,"label":"Rel\u00e4kabelsatser"},{"value":390,"label":"Installation"}]},"featured_image_src_large":["https:\/\/xenonkungen.com\/wp-content\/uploads\/2026\/02\/Skarmbild-2026-02-03-143036-1024x766.png",1024,766,true],"author_info":[],"comment_info":0,"_links":{"self":[{"href":"https:\/\/xenonkungen.com\/fi\/wp-json\/wp\/v2\/product\/25889","targetHints":{"allow":["GET"]}}],"collection":[{"href":"https:\/\/xenonkungen.com\/fi\/wp-json\/wp\/v2\/product"}],"about":[{"href":"https:\/\/xenonkungen.com\/fi\/wp-json\/wp\/v2\/types\/product"}],"replies":[{"embeddable":true,"href":"https:\/\/xenonkungen.com\/fi\/wp-json\/wp\/v2\/comments?post=25889"}],"wp:featuredmedia":[{"embeddable":true,"href":"https:\/\/xenonkungen.com\/fi\/wp-json\/wp\/v2\/media\/25890"}],"wp:attachment":[{"href":"https:\/\/xenonkungen.com\/fi\/wp-json\/wp\/v2\/media?parent=25889"}],"wp:term":[{"taxonomy":"anvandningsomrade","embeddable":true,"href":"https:\/\/xenonkungen.com\/fi\/wp-json\/wp\/v2\/anvandningsomrade?post=25889"},{"taxonomy":"bilmarken","embeddable":true,"href":"https:\/\/xenonkungen.com\/fi\/wp-json\/wp\/v2\/bilmarken?post=25889"},{"taxonomy":"product_brand","embeddable":true,"href":"https:\/\/xenonkungen.com\/fi\/wp-json\/wp\/v2\/product_brand?post=25889"},{"taxonomy":"product_cat","embeddable":true,"href":"https:\/\/xenonkungen.com\/fi\/wp-json\/wp\/v2\/product_cat?post=25889"},{"taxonomy":"product_tag","embeddable":true,"href":"https:\/\/xenonkungen.com\/fi\/wp-json\/wp\/v2\/product_tag?post=25889"}],"curies":[{"name":"wp","href":"https:\/\/api.w.org\/{rel}","templated":true}]}}