{"id":25934,"date":"2026-02-04T11:46:11","date_gmt":"2026-02-04T10:46:11","guid":{"rendered":"https:\/\/xenonkungen.com\/?post_type=product&#038;p=25934"},"modified":"2026-05-13T08:00:31","modified_gmt":"2026-05-13T07:00:31","slug":"25934","status":"publish","type":"product","link":"https:\/\/xenonkungen.com\/fi\/tuote\/25934\/","title":{"rendered":"Hella-takavalo \u2013 2SD 357 033-001"},"content":{"rendered":"<h2 data-start=\"128\" data-end=\"197\">Takavalo PRO High Carbon \u2013 Jarru-, takavalo- ja vilkkuvalo (ECE-hyv\u00e4ksytty)<\/h2>\n<p data-start=\"199\" data-end=\"499\">Kest\u00e4v\u00e4 ja luotettava <strong data-start=\"224\" data-end=\"279\">takavalo alkaen <span class=\"hover:entity-accent entity-underline inline cursor-pointer align-baseline\"><span class=\"whitespace-normal\">HELLA<\/span><\/span><\/strong>, kehitetty ankarissa olosuhteissa k\u00e4ytett\u00e4ville ajoneuvoille. <strong data-start=\"335\" data-end=\"369\">kolme integroitua valotoimintoa<\/strong> \u2013 jarruvalot, takavalot ja vilkut \u2013 t\u00e4m\u00e4 on t\u00e4ydellinen ja luotettava ratkaisu kuorma-autoihin, per\u00e4vaunuihin, rakennus- ja erikoisajoneuvoihin.<\/p>\n<p data-start=\"501\" data-end=\"718\">Lyhdyn <strong data-start=\"516\" data-end=\"544\">sis\u00e4\u00e4nrakennettu, ruuvattu kokoonpano<\/strong>, kest\u00e4v\u00e4 musta kotelo ja <strong data-start=\"567\" data-end=\"589\">punainen\/keltainen lyhtylasi<\/strong> optimaalisen n\u00e4kyvyyden ja selke\u00e4n opastuksen takaamiseksi. Kiitos tuen <strong data-start=\"655\" data-end=\"677\">sek\u00e4 12 V ett\u00e4 24 V<\/strong> Se sopii laajaan valikoimaan ajoneuvoja.<\/p>\n<h3 data-start=\"720\" data-end=\"732\">Ohjelman edut<\/h3>\n<ul data-start=\"733\" data-end=\"951\">\n<li data-start=\"733\" data-end=\"760\">\n<p data-start=\"735\" data-end=\"760\">HELLAN alkuper\u00e4islaatua<\/p>\n<\/li>\n<li data-start=\"761\" data-end=\"798\">\n<p data-start=\"763\" data-end=\"798\">3 toimintoa yhdess\u00e4 lampussa<\/p>\n<\/li>\n<li data-start=\"799\" data-end=\"837\">\n<p data-start=\"801\" data-end=\"837\">ECE-testattu ja hyv\u00e4ksytty tieliikenteeseen<\/p>\n<\/li>\n<li data-start=\"838\" data-end=\"883\">\n<p data-start=\"840\" data-end=\"883\">Vankka rakenne \u2013 <strong data-start=\"862\" data-end=\"881\">PRO High Carbon<\/strong><\/p>\n<\/li>\n<li data-start=\"884\" data-end=\"922\">\n<p data-start=\"886\" data-end=\"922\">Sopii sek\u00e4 oikealle ett\u00e4 vasemmalle puolelle<\/p>\n<\/li>\n<li data-start=\"923\" data-end=\"951\">\n<p data-start=\"925\" data-end=\"951\">12 V:n ja 24 V:n j\u00e4rjestelmille<\/p>\n<\/li>\n<\/ul>\n<p data-start=\"1399\" data-end=\"1483\"><strong data-start=\"1402\" data-end=\"1416\">Huom:<\/strong><br data-start=\"1416\" data-end=\"1419\" \/>Kokoonpanon ja purkamisen saa suorittaa <strong data-start=\"1460\" data-end=\"1482\">asiantuntijahenkil\u00f6st\u00f6<\/strong>.<\/p>\n<h3 data-start=\"1485\" data-end=\"1507\">Tuotteen tiedot<\/h3>\n<ul>\n<li style=\"list-style-type: none;\">\n<ul data-start=\"1508\" data-end=\"1594\">\n<li data-start=\"1508\" data-end=\"1546\">\n<p data-start=\"1510\" data-end=\"1546\">Artikkelinumero: : <strong data-start=\"1525\" data-end=\"1544\">2SD 357 033-001<\/strong><\/p>\n<\/li>\n<li data-start=\"1547\" data-end=\"1594\">\n<p data-start=\"1549\" data-end=\"1594\">Viitteet: 2SD357033001, 357033001, E91966<\/p>\n<\/li>\n<\/ul>\n<\/li>\n<\/ul>","protected":false},"excerpt":{"rendered":"<p>Baklykta PRO High Carbon \u2013 Broms, Bakljus &amp; Blinkers (ECE-godk\u00e4nd) Slitstark och drifts\u00e4ker baklykta fr\u00e5n HELLA, utvecklad f\u00f6r fordon som anv\u00e4nds i tuffa milj\u00f6er. Med tre integrerade ljusfunktioner \u2013 bromsljus, bakljus och blinkljus \u2013 \u00e4r detta en komplett och p\u00e5litlig l\u00f6sning f\u00f6r lastbil, sl\u00e4p, entreprenad- och specialfordon. Lyktan har ett p\u00e5byggt, skruvat montage, robust svart [&hellip;]<\/p>","protected":false},"featured_media":25935,"comment_status":"open","ping_status":"closed","template":"","meta":{"_acf_changed":false,"_smort_price_nok":"202","_smort_price_dkk":"","_smort_price_eur":"","_smort_sale_price_nok":"","_smort_sale_price_dkk":"","_smort_sale_price_eur":"","smort_restorder":"","shipmondo_restorder":"","_kad_blocks_custom_css":"","_kad_blocks_head_custom_js":"","_kad_blocks_body_custom_js":"","_kad_blocks_footer_custom_js":"","smort_custom_pricelist_1":"120.96","smort_custom_pricelist_2":"105.84","smort_custom_pricelist_3":"98.28","smort_custom_pricelist_4":"151.2","smort_custom_pricelist_5":"105.84"},"anvandningsomrade":[],"bilmarken":[],"product_brand":[],"product_cat":[2552],"product_tag":[],"class_list":{"0":"post-25934","1":"product","2":"type-product","3":"status-publish","4":"has-post-thumbnail","6":"product_cat-bakljus-slap","8":"first","9":"instock","10":"taxable","11":"shipping-taxable","12":"purchasable","13":"product-type-simple"},"bundled_by":[],"bundle_stock_status":"instock","bundle_stock_quantity":7,"bundle_virtual":false,"bundle_layout":"","bundle_add_to_cart_form_location":"","bundle_editable_in_cart":false,"bundle_sold_individually_context":"","bundle_item_grouping":"","bundle_min_size":"","bundle_max_size":"","bundle_price":[],"bundled_items":[],"bundle_sell_ids":[],"acf":[],"yoast_head":"<!-- This site is optimized with the Yoast SEO plugin v27.0 - https:\/\/yoast.com\/product\/yoast-seo-wordpress\/ -->\n<title>Hella Baklykta - 2SD 357 033-001 - Xenonkungen<\/title>\n<meta name=\"robots\" content=\"index, follow, max-snippet:-1, max-image-preview:large, max-video-preview:-1\" \/>\n<link rel=\"canonical\" href=\"https:\/\/xenonkungen.com\/fi\/tuote\/25934\/\" \/>\n<meta property=\"og:locale\" content=\"fi_FI\" \/>\n<meta property=\"og:type\" content=\"article\" \/>\n<meta property=\"og:title\" content=\"Hella Baklykta - 2SD 357 033-001 - Xenonkungen\" \/>\n<meta property=\"og:description\" content=\"Baklykta PRO High Carbon \u2013 Broms, Bakljus &amp; Blinkers (ECE-godk\u00e4nd) Slitstark och drifts\u00e4ker baklykta fr\u00e5n HELLA, utvecklad f\u00f6r fordon som anv\u00e4nds i tuffa milj\u00f6er. Med tre integrerade ljusfunktioner \u2013 bromsljus, bakljus och blinkljus \u2013 \u00e4r detta en komplett och p\u00e5litlig l\u00f6sning f\u00f6r lastbil, sl\u00e4p, entreprenad- och specialfordon. Lyktan har ett p\u00e5byggt, skruvat montage, robust svart [&hellip;]\" \/>\n<meta property=\"og:url\" content=\"https:\/\/xenonkungen.com\/fi\/tuote\/25934\/\" \/>\n<meta property=\"og:site_name\" content=\"Xenonkungen\" \/>\n<meta property=\"article:modified_time\" content=\"2026-05-13T07:00:31+00:00\" \/>\n<meta property=\"og:image\" content=\"https:\/\/xenonkungen.com\/wp-content\/uploads\/2026\/02\/2SD357033001.jpg\" \/>\n\t<meta property=\"og:image:width\" content=\"476\" \/>\n\t<meta property=\"og:image:height\" content=\"310\" \/>\n\t<meta property=\"og:image:type\" content=\"image\/jpeg\" \/>\n<meta name=\"twitter:card\" content=\"summary_large_image\" \/>\n<meta name=\"twitter:label1\" content=\"Arvioitu lukuaika\" \/>\n\t<meta name=\"twitter:data1\" content=\"1 minuutti\" \/>\n<script type=\"application\/ld+json\" class=\"yoast-schema-graph\">{\"@context\":\"https:\/\/schema.org\",\"@graph\":[{\"@type\":\"WebPage\",\"@id\":\"https:\/\/xenonkungen.com\/produkt\/25934\/\",\"url\":\"https:\/\/xenonkungen.com\/produkt\/25934\/\",\"name\":\"Hella Baklykta - 2SD 357 033-001 - Xenonkungen\",\"isPartOf\":{\"@id\":\"https:\/\/xenonkungen.com\/#website\"},\"primaryImageOfPage\":{\"@id\":\"https:\/\/xenonkungen.com\/produkt\/25934\/#primaryimage\"},\"image\":{\"@id\":\"https:\/\/xenonkungen.com\/produkt\/25934\/#primaryimage\"},\"thumbnailUrl\":\"https:\/\/xenonkungen.com\/wp-content\/uploads\/2026\/02\/2SD357033001.jpg\",\"datePublished\":\"2026-02-04T10:46:11+00:00\",\"dateModified\":\"2026-05-13T07:00:31+00:00\",\"breadcrumb\":{\"@id\":\"https:\/\/xenonkungen.com\/produkt\/25934\/#breadcrumb\"},\"inLanguage\":\"fi\",\"potentialAction\":[{\"@type\":\"ReadAction\",\"target\":[\"https:\/\/xenonkungen.com\/produkt\/25934\/\"]}]},{\"@type\":\"ImageObject\",\"inLanguage\":\"fi\",\"@id\":\"https:\/\/xenonkungen.com\/produkt\/25934\/#primaryimage\",\"url\":\"https:\/\/xenonkungen.com\/wp-content\/uploads\/2026\/02\/2SD357033001.jpg\",\"contentUrl\":\"https:\/\/xenonkungen.com\/wp-content\/uploads\/2026\/02\/2SD357033001.jpg\",\"width\":476,\"height\":310},{\"@type\":\"BreadcrumbList\",\"@id\":\"https:\/\/xenonkungen.com\/produkt\/25934\/#breadcrumb\",\"itemListElement\":[{\"@type\":\"ListItem\",\"position\":1,\"name\":\"Hem\",\"item\":\"https:\/\/xenonkungen.com\/\"},{\"@type\":\"ListItem\",\"position\":2,\"name\":\"Shop\",\"item\":\"https:\/\/xenonkungen.com\/shop\/\"},{\"@type\":\"ListItem\",\"position\":3,\"name\":\"Hella Baklykta &#8211; 2SD 357 033-001\"}]},{\"@type\":\"WebSite\",\"@id\":\"https:\/\/xenonkungen.com\/#website\",\"url\":\"https:\/\/xenonkungen.com\/\",\"name\":\"Xenonkungen\",\"description\":\"\",\"potentialAction\":[{\"@type\":\"SearchAction\",\"target\":{\"@type\":\"EntryPoint\",\"urlTemplate\":\"https:\/\/xenonkungen.com\/?s={search_term_string}\"},\"query-input\":{\"@type\":\"PropertyValueSpecification\",\"valueRequired\":true,\"valueName\":\"search_term_string\"}}],\"inLanguage\":\"fi\"}]}<\/script>\n<!-- \/ Yoast SEO plugin. -->","yoast_head_json":{"title":"Hella takavalo - 2SD 357 033-001 - Xenon King","robots":{"index":"index","follow":"follow","max-snippet":"max-snippet:-1","max-image-preview":"max-image-preview:large","max-video-preview":"max-video-preview:-1"},"canonical":"https:\/\/xenonkungen.com\/fi\/tuote\/25934\/","og_locale":"fi_FI","og_type":"article","og_title":"Hella Baklykta - 2SD 357 033-001 - Xenonkungen","og_description":"Baklykta PRO High Carbon \u2013 Broms, Bakljus &amp; Blinkers (ECE-godk\u00e4nd) Slitstark och drifts\u00e4ker baklykta fr\u00e5n HELLA, utvecklad f\u00f6r fordon som anv\u00e4nds i tuffa milj\u00f6er. Med tre integrerade ljusfunktioner \u2013 bromsljus, bakljus och blinkljus \u2013 \u00e4r detta en komplett och p\u00e5litlig l\u00f6sning f\u00f6r lastbil, sl\u00e4p, entreprenad- och specialfordon. Lyktan har ett p\u00e5byggt, skruvat montage, robust svart [&hellip;]","og_url":"https:\/\/xenonkungen.com\/fi\/tuote\/25934\/","og_site_name":"Xenonkungen","article_modified_time":"2026-05-13T07:00:31+00:00","og_image":[{"width":476,"height":310,"url":"https:\/\/xenonkungen.com\/wp-content\/uploads\/2026\/02\/2SD357033001.jpg","type":"image\/jpeg"}],"twitter_card":"summary_large_image","twitter_misc":{"Arvioitu lukuaika":"1 minuutti"},"schema":{"@context":"https:\/\/schema.org","@graph":[{"@type":"WebPage","@id":"https:\/\/xenonkungen.com\/produkt\/25934\/","url":"https:\/\/xenonkungen.com\/produkt\/25934\/","name":"Hella takavalo - 2SD 357 033-001 - Xenon King","isPartOf":{"@id":"https:\/\/xenonkungen.com\/#website"},"primaryImageOfPage":{"@id":"https:\/\/xenonkungen.com\/produkt\/25934\/#primaryimage"},"image":{"@id":"https:\/\/xenonkungen.com\/produkt\/25934\/#primaryimage"},"thumbnailUrl":"https:\/\/xenonkungen.com\/wp-content\/uploads\/2026\/02\/2SD357033001.jpg","datePublished":"2026-02-04T10:46:11+00:00","dateModified":"2026-05-13T07:00:31+00:00","breadcrumb":{"@id":"https:\/\/xenonkungen.com\/produkt\/25934\/#breadcrumb"},"inLanguage":"fi","potentialAction":[{"@type":"ReadAction","target":["https:\/\/xenonkungen.com\/produkt\/25934\/"]}]},{"@type":"ImageObject","inLanguage":"fi","@id":"https:\/\/xenonkungen.com\/produkt\/25934\/#primaryimage","url":"https:\/\/xenonkungen.com\/wp-content\/uploads\/2026\/02\/2SD357033001.jpg","contentUrl":"https:\/\/xenonkungen.com\/wp-content\/uploads\/2026\/02\/2SD357033001.jpg","width":476,"height":310},{"@type":"BreadcrumbList","@id":"https:\/\/xenonkungen.com\/produkt\/25934\/#breadcrumb","itemListElement":[{"@type":"ListItem","position":1,"name":"Hem","item":"https:\/\/xenonkungen.com\/"},{"@type":"ListItem","position":2,"name":"Shop","item":"https:\/\/xenonkungen.com\/shop\/"},{"@type":"ListItem","position":3,"name":"Hella Baklykta &#8211; 2SD 357 033-001"}]},{"@type":"WebSite","@id":"https:\/\/xenonkungen.com\/#website","url":"https:\/\/xenonkungen.com\/","name":"Xenonkungen","description":"","potentialAction":[{"@type":"SearchAction","target":{"@type":"EntryPoint","urlTemplate":"https:\/\/xenonkungen.com\/?s={search_term_string}"},"query-input":{"@type":"PropertyValueSpecification","valueRequired":true,"valueName":"search_term_string"}}],"inLanguage":"fi"}]}},"taxonomy_info":{"product_cat":[{"value":2552,"label":"Bakljus"}]},"featured_image_src_large":["https:\/\/xenonkungen.com\/wp-content\/uploads\/2026\/02\/2SD357033001.jpg",476,310,false],"author_info":[],"comment_info":0,"_links":{"self":[{"href":"https:\/\/xenonkungen.com\/fi\/wp-json\/wp\/v2\/product\/25934","targetHints":{"allow":["GET"]}}],"collection":[{"href":"https:\/\/xenonkungen.com\/fi\/wp-json\/wp\/v2\/product"}],"about":[{"href":"https:\/\/xenonkungen.com\/fi\/wp-json\/wp\/v2\/types\/product"}],"replies":[{"embeddable":true,"href":"https:\/\/xenonkungen.com\/fi\/wp-json\/wp\/v2\/comments?post=25934"}],"wp:featuredmedia":[{"embeddable":true,"href":"https:\/\/xenonkungen.com\/fi\/wp-json\/wp\/v2\/media\/25935"}],"wp:attachment":[{"href":"https:\/\/xenonkungen.com\/fi\/wp-json\/wp\/v2\/media?parent=25934"}],"wp:term":[{"taxonomy":"anvandningsomrade","embeddable":true,"href":"https:\/\/xenonkungen.com\/fi\/wp-json\/wp\/v2\/anvandningsomrade?post=25934"},{"taxonomy":"bilmarken","embeddable":true,"href":"https:\/\/xenonkungen.com\/fi\/wp-json\/wp\/v2\/bilmarken?post=25934"},{"taxonomy":"product_brand","embeddable":true,"href":"https:\/\/xenonkungen.com\/fi\/wp-json\/wp\/v2\/product_brand?post=25934"},{"taxonomy":"product_cat","embeddable":true,"href":"https:\/\/xenonkungen.com\/fi\/wp-json\/wp\/v2\/product_cat?post=25934"},{"taxonomy":"product_tag","embeddable":true,"href":"https:\/\/xenonkungen.com\/fi\/wp-json\/wp\/v2\/product_tag?post=25934"}],"curies":[{"name":"wp","href":"https:\/\/api.w.org\/{rel}","templated":true}]}}