{"id":2594,"date":"2025-04-15T08:39:30","date_gmt":"2025-04-15T08:39:30","guid":{"rendered":"https:\/\/xenonkungen.com\/product\/xbb-obd-ii-dongel-powerunit-tesla\/"},"modified":"2026-05-08T13:00:26","modified_gmt":"2026-05-08T12:00:26","slug":"xbb-obd-ii-donglen-virtalahde-tesla","status":"publish","type":"product","link":"https:\/\/xenonkungen.com\/fi\/tuote\/xbb-obd-ii-donglen-virtalahde-tesla\/","title":{"rendered":"XBB OBD-II-dongle + PowerUnit | TESLA"},"content":{"rendered":"<h1>XBB OBD-II-dongle + PowerUnit | TESLA<\/h1>\n<p>XBB Powerunit on t\u00e4ysin ainutlaatuinen tuote. Sen avulla helpotat LED-ramppien, lis\u00e4valojen, peruutusvalojen, ty\u00f6valojen jne. kytkemist\u00e4. <strong>T\u00e4m\u00e4 tuote on tarkoitettu vain TESLAlle<\/strong><\/p>\n<p>Xbb Powerunit (rele) on langaton, mik\u00e4 tarkoittaa, ett\u00e4 pitkien signaalikaapeleiden ja virtal\u00e4hteiden aika on ohi! Voit sijoittaa releen hyvin l\u00e4helle asennettavia valaisimia ja v\u00e4ltt\u00e4\u00e4 n\u00e4in j\u00e4nniteh\u00e4vi\u00f6t pitkiss\u00e4 kaapeleissa. <\/p>\n<p>Dongle yksinkertaisesti kytket\u00e4\u00e4n autosi OBD-liit\u00e4nt\u00e4\u00e4n. Sitten voit synkronoida sen 1 tai useamman langattoman releen kanssa. XBB on kehitt\u00e4nyt useita reseptej\u00e4 eri autoja varten. On t\u00e4rke\u00e4\u00e4, ett\u00e4 tarkistat, onko autosi yhteensopiva sen luettelon avulla, jonka linkit\u00e4mme t\u00e4h\u00e4n artikkeliin. <\/p>\n<p>Sovelluksen sis\u00e4ll\u00e4 kerrot releelle, mit\u00e4 se tekee. pit\u00e4isik\u00f6 se kytke\u00e4 p\u00e4\u00e4lle yhdess\u00e4 kaukovalojen kanssa? Pit\u00e4isik\u00f6 paikannusvalo kytke\u00e4 p\u00e4\u00e4lle, kun lis\u00e4valot\/ramppi kytket\u00e4\u00e4n pois p\u00e4\u00e4lt\u00e4? Mm. <\/p>\n<p>Useimpiin autoihin on my\u00f6s mahdollista ohjelmoida peruutusvalot niin, ett\u00e4 ne kytkeytyv\u00e4t p\u00e4\u00e4lle, kun auto peruutetaan. <\/p>\n<p><strong>Toimituksen sis\u00e4lt\u00f6<\/strong><br \/>1. tehoyksikk\u00f6 Rele<br \/>1. Dongle TESKA Edition<\/p>\n<p>T\u00e4ll\u00e4 hetkell\u00e4 sovellus on saatavilla vain Androidille. Lataa Play Storen kautta. <\/p>\n<p>Tuote on kehitteill\u00e4, ja XBB kehitt\u00e4\u00e4 jatkuvasti uusia reseptej\u00e4 useammille autoille, joten luetteloa p\u00e4ivitet\u00e4\u00e4n s\u00e4\u00e4nn\u00f6llisesti.<\/p>\n<p>Lue lis\u00e4\u00e4 siit\u00e4, miten k\u00e4ytt\u00e4\u00e4 <a href=\"https:\/\/www.xenonkungen.com\/se\/produkter\/installationsmaterial\/xbb-dongle-power-unit\/\">XBB-dongle ja virtal\u00e4hde<\/a>.<\/p>","protected":false},"excerpt":{"rendered":"<p>Nyt se on t\u00e4\u00e4ll\u00e4! Tulevaisuuden tapa kytke\u00e4 lis\u00e4valot ja LED-rampit! <b>Vain TESLA S- ja X-malleihin<\/b> <b>Ei Tesla Model 3:een <\/b><\/p>","protected":false},"featured_media":2595,"comment_status":"closed","ping_status":"open","template":"","meta":{"_acf_changed":false,"_smort_price_nok":"2665","_smort_price_dkk":"1693","_smort_price_eur":"226.81","_smort_sale_price_nok":"","_smort_sale_price_dkk":"","_smort_sale_price_eur":"","smort_restorder":"","shipmondo_restorder":"","_kad_blocks_custom_css":"","_kad_blocks_head_custom_js":"","_kad_blocks_body_custom_js":"","_kad_blocks_footer_custom_js":"","smort_custom_pricelist_1":"1596.8","smort_custom_pricelist_2":"1397.2","smort_custom_pricelist_3":"1297.4","smort_custom_pricelist_4":"1996","smort_custom_pricelist_5":"1397.2"},"anvandningsomrade":[],"bilmarken":[],"product_brand":[],"product_cat":[2487,2568,2841,2828,2468,477,390],"product_tag":[],"class_list":{"0":"post-2594","1":"product","2":"type-product","3":"status-publish","4":"has-post-thumbnail","6":"product_cat-canbus-installation","7":"product_cat-canbus-xbb-tesla","8":"product_cat-installation-extraljus","9":"product_cat-installation-led-ramper","10":"product_cat-rela","11":"product_cat-canbus-emc","12":"product_cat-installation","14":"first","15":"instock","16":"taxable","17":"shipping-taxable","18":"purchasable","19":"product-type-simple"},"bundled_by":[],"bundle_stock_status":"instock","bundle_stock_quantity":4,"bundle_virtual":false,"bundle_layout":"","bundle_add_to_cart_form_location":"","bundle_editable_in_cart":false,"bundle_sold_individually_context":"","bundle_item_grouping":"","bundle_min_size":"","bundle_max_size":"","bundle_price":[],"bundled_items":[],"bundle_sell_ids":[],"acf":[],"yoast_head":"<!-- This site is optimized with the Yoast SEO plugin v27.0 - https:\/\/yoast.com\/product\/yoast-seo-wordpress\/ -->\n<title>XBB OBD-II Dongel + PowerUnit | TESLA - Xenonkungen<\/title>\n<meta name=\"robots\" content=\"index, follow, max-snippet:-1, max-image-preview:large, max-video-preview:-1\" \/>\n<link rel=\"canonical\" href=\"https:\/\/xenonkungen.com\/fi\/tuote\/xbb-obd-ii-donglen-virtalahde-tesla\/\" \/>\n<meta property=\"og:locale\" content=\"fi_FI\" \/>\n<meta property=\"og:type\" content=\"article\" \/>\n<meta property=\"og:title\" content=\"XBB OBD-II Dongel + PowerUnit | TESLA - Xenonkungen\" \/>\n<meta property=\"og:description\" content=\"Nu \u00e4r den h\u00e4r! Framtidens s\u00e4tt att koppla Extraljus och LEDramper! Endast f\u00f6r TESLA S, X Ej F\u00f6r Tesla Model 3\" \/>\n<meta property=\"og:url\" content=\"https:\/\/xenonkungen.com\/fi\/tuote\/xbb-obd-ii-donglen-virtalahde-tesla\/\" \/>\n<meta property=\"og:site_name\" content=\"Xenonkungen\" \/>\n<meta property=\"article:modified_time\" content=\"2026-05-08T12:00:26+00:00\" \/>\n<meta property=\"og:image\" content=\"https:\/\/xenonkungen.com\/wp-content\/uploads\/2025\/04\/185045991-origpic-1d765f.png\" \/>\n\t<meta property=\"og:image:width\" content=\"1000\" \/>\n\t<meta property=\"og:image:height\" content=\"1000\" \/>\n\t<meta property=\"og:image:type\" content=\"image\/png\" \/>\n<meta name=\"twitter:card\" content=\"summary_large_image\" \/>\n<meta name=\"twitter:label1\" content=\"Arvioitu lukuaika\" \/>\n\t<meta name=\"twitter:data1\" content=\"1 minuutti\" \/>\n<script type=\"application\/ld+json\" class=\"yoast-schema-graph\">{\"@context\":\"https:\/\/schema.org\",\"@graph\":[{\"@type\":\"WebPage\",\"@id\":\"https:\/\/xenonkungen.com\/produkt\/xbb-obd-ii-dongel-powerunit-tesla\/\",\"url\":\"https:\/\/xenonkungen.com\/produkt\/xbb-obd-ii-dongel-powerunit-tesla\/\",\"name\":\"XBB OBD-II Dongel + PowerUnit | TESLA - Xenonkungen\",\"isPartOf\":{\"@id\":\"https:\/\/xenonkungen.com\/#website\"},\"primaryImageOfPage\":{\"@id\":\"https:\/\/xenonkungen.com\/produkt\/xbb-obd-ii-dongel-powerunit-tesla\/#primaryimage\"},\"image\":{\"@id\":\"https:\/\/xenonkungen.com\/produkt\/xbb-obd-ii-dongel-powerunit-tesla\/#primaryimage\"},\"thumbnailUrl\":\"https:\/\/xenonkungen.com\/wp-content\/uploads\/2025\/04\/185045991-origpic-1d765f.png\",\"datePublished\":\"2025-04-15T08:39:30+00:00\",\"dateModified\":\"2026-05-08T12:00:26+00:00\",\"breadcrumb\":{\"@id\":\"https:\/\/xenonkungen.com\/produkt\/xbb-obd-ii-dongel-powerunit-tesla\/#breadcrumb\"},\"inLanguage\":\"fi\",\"potentialAction\":[{\"@type\":\"ReadAction\",\"target\":[\"https:\/\/xenonkungen.com\/produkt\/xbb-obd-ii-dongel-powerunit-tesla\/\"]}]},{\"@type\":\"ImageObject\",\"inLanguage\":\"fi\",\"@id\":\"https:\/\/xenonkungen.com\/produkt\/xbb-obd-ii-dongel-powerunit-tesla\/#primaryimage\",\"url\":\"https:\/\/xenonkungen.com\/wp-content\/uploads\/2025\/04\/185045991-origpic-1d765f.png\",\"contentUrl\":\"https:\/\/xenonkungen.com\/wp-content\/uploads\/2025\/04\/185045991-origpic-1d765f.png\",\"width\":1000,\"height\":1000},{\"@type\":\"BreadcrumbList\",\"@id\":\"https:\/\/xenonkungen.com\/produkt\/xbb-obd-ii-dongel-powerunit-tesla\/#breadcrumb\",\"itemListElement\":[{\"@type\":\"ListItem\",\"position\":1,\"name\":\"Hem\",\"item\":\"https:\/\/xenonkungen.com\/\"},{\"@type\":\"ListItem\",\"position\":2,\"name\":\"Shop\",\"item\":\"https:\/\/xenonkungen.com\/shop\/\"},{\"@type\":\"ListItem\",\"position\":3,\"name\":\"XBB OBD-II Dongel + PowerUnit | TESLA\"}]},{\"@type\":\"WebSite\",\"@id\":\"https:\/\/xenonkungen.com\/#website\",\"url\":\"https:\/\/xenonkungen.com\/\",\"name\":\"Xenonkungen\",\"description\":\"\",\"potentialAction\":[{\"@type\":\"SearchAction\",\"target\":{\"@type\":\"EntryPoint\",\"urlTemplate\":\"https:\/\/xenonkungen.com\/?s={search_term_string}\"},\"query-input\":{\"@type\":\"PropertyValueSpecification\",\"valueRequired\":true,\"valueName\":\"search_term_string\"}}],\"inLanguage\":\"fi\"}]}<\/script>\n<!-- \/ Yoast SEO plugin. -->","yoast_head_json":{"title":"XBB OBD-II -sovitin + virtal\u00e4hde | TESLA - Ksenonkuningas","robots":{"index":"index","follow":"follow","max-snippet":"max-snippet:-1","max-image-preview":"max-image-preview:large","max-video-preview":"max-video-preview:-1"},"canonical":"https:\/\/xenonkungen.com\/fi\/tuote\/xbb-obd-ii-donglen-virtalahde-tesla\/","og_locale":"fi_FI","og_type":"article","og_title":"XBB OBD-II Dongel + PowerUnit | TESLA - Xenonkungen","og_description":"Nu \u00e4r den h\u00e4r! Framtidens s\u00e4tt att koppla Extraljus och LEDramper! Endast f\u00f6r TESLA S, X Ej F\u00f6r Tesla Model 3","og_url":"https:\/\/xenonkungen.com\/fi\/tuote\/xbb-obd-ii-donglen-virtalahde-tesla\/","og_site_name":"Xenonkungen","article_modified_time":"2026-05-08T12:00:26+00:00","og_image":[{"width":1000,"height":1000,"url":"https:\/\/xenonkungen.com\/wp-content\/uploads\/2025\/04\/185045991-origpic-1d765f.png","type":"image\/png"}],"twitter_card":"summary_large_image","twitter_misc":{"Arvioitu lukuaika":"1 minuutti"},"schema":{"@context":"https:\/\/schema.org","@graph":[{"@type":"WebPage","@id":"https:\/\/xenonkungen.com\/produkt\/xbb-obd-ii-dongel-powerunit-tesla\/","url":"https:\/\/xenonkungen.com\/produkt\/xbb-obd-ii-dongel-powerunit-tesla\/","name":"XBB OBD-II -sovitin + virtal\u00e4hde | TESLA - Ksenonkuningas","isPartOf":{"@id":"https:\/\/xenonkungen.com\/#website"},"primaryImageOfPage":{"@id":"https:\/\/xenonkungen.com\/produkt\/xbb-obd-ii-dongel-powerunit-tesla\/#primaryimage"},"image":{"@id":"https:\/\/xenonkungen.com\/produkt\/xbb-obd-ii-dongel-powerunit-tesla\/#primaryimage"},"thumbnailUrl":"https:\/\/xenonkungen.com\/wp-content\/uploads\/2025\/04\/185045991-origpic-1d765f.png","datePublished":"2025-04-15T08:39:30+00:00","dateModified":"2026-05-08T12:00:26+00:00","breadcrumb":{"@id":"https:\/\/xenonkungen.com\/produkt\/xbb-obd-ii-dongel-powerunit-tesla\/#breadcrumb"},"inLanguage":"fi","potentialAction":[{"@type":"ReadAction","target":["https:\/\/xenonkungen.com\/produkt\/xbb-obd-ii-dongel-powerunit-tesla\/"]}]},{"@type":"ImageObject","inLanguage":"fi","@id":"https:\/\/xenonkungen.com\/produkt\/xbb-obd-ii-dongel-powerunit-tesla\/#primaryimage","url":"https:\/\/xenonkungen.com\/wp-content\/uploads\/2025\/04\/185045991-origpic-1d765f.png","contentUrl":"https:\/\/xenonkungen.com\/wp-content\/uploads\/2025\/04\/185045991-origpic-1d765f.png","width":1000,"height":1000},{"@type":"BreadcrumbList","@id":"https:\/\/xenonkungen.com\/produkt\/xbb-obd-ii-dongel-powerunit-tesla\/#breadcrumb","itemListElement":[{"@type":"ListItem","position":1,"name":"Hem","item":"https:\/\/xenonkungen.com\/"},{"@type":"ListItem","position":2,"name":"Shop","item":"https:\/\/xenonkungen.com\/shop\/"},{"@type":"ListItem","position":3,"name":"XBB OBD-II Dongel + PowerUnit | TESLA"}]},{"@type":"WebSite","@id":"https:\/\/xenonkungen.com\/#website","url":"https:\/\/xenonkungen.com\/","name":"Xenonkungen","description":"","potentialAction":[{"@type":"SearchAction","target":{"@type":"EntryPoint","urlTemplate":"https:\/\/xenonkungen.com\/?s={search_term_string}"},"query-input":{"@type":"PropertyValueSpecification","valueRequired":true,"valueName":"search_term_string"}}],"inLanguage":"fi"}]}},"taxonomy_info":{"product_cat":[{"value":2487,"label":"Canbus"},{"value":2568,"label":"Canbus"},{"value":2841,"label":"Installation extraljus"},{"value":2828,"label":"Installation LED-ramper"},{"value":2468,"label":"Rel\u00e4"},{"value":477,"label":"Canbus | EMC"},{"value":390,"label":"Installation"}]},"featured_image_src_large":["https:\/\/xenonkungen.com\/wp-content\/uploads\/2025\/04\/185045991-origpic-1d765f.png",1000,1000,false],"author_info":[],"comment_info":0,"_links":{"self":[{"href":"https:\/\/xenonkungen.com\/fi\/wp-json\/wp\/v2\/product\/2594","targetHints":{"allow":["GET"]}}],"collection":[{"href":"https:\/\/xenonkungen.com\/fi\/wp-json\/wp\/v2\/product"}],"about":[{"href":"https:\/\/xenonkungen.com\/fi\/wp-json\/wp\/v2\/types\/product"}],"replies":[{"embeddable":true,"href":"https:\/\/xenonkungen.com\/fi\/wp-json\/wp\/v2\/comments?post=2594"}],"wp:featuredmedia":[{"embeddable":true,"href":"https:\/\/xenonkungen.com\/fi\/wp-json\/wp\/v2\/media\/2595"}],"wp:attachment":[{"href":"https:\/\/xenonkungen.com\/fi\/wp-json\/wp\/v2\/media?parent=2594"}],"wp:term":[{"taxonomy":"anvandningsomrade","embeddable":true,"href":"https:\/\/xenonkungen.com\/fi\/wp-json\/wp\/v2\/anvandningsomrade?post=2594"},{"taxonomy":"bilmarken","embeddable":true,"href":"https:\/\/xenonkungen.com\/fi\/wp-json\/wp\/v2\/bilmarken?post=2594"},{"taxonomy":"product_brand","embeddable":true,"href":"https:\/\/xenonkungen.com\/fi\/wp-json\/wp\/v2\/product_brand?post=2594"},{"taxonomy":"product_cat","embeddable":true,"href":"https:\/\/xenonkungen.com\/fi\/wp-json\/wp\/v2\/product_cat?post=2594"},{"taxonomy":"product_tag","embeddable":true,"href":"https:\/\/xenonkungen.com\/fi\/wp-json\/wp\/v2\/product_tag?post=2594"}],"curies":[{"name":"wp","href":"https:\/\/api.w.org\/{rel}","templated":true}]}}